{"id":10379,"date":"2023-10-27T10:23:39","date_gmt":"2023-10-27T08:23:39","guid":{"rendered":"http:\/\/52.30.243.130\/sale-costa-brava\/maia-de-montcal\/plots\/"},"modified":"2024-02-28T11:03:27","modified_gmt":"2024-02-28T09:03:27","slug":"plots","status":"publish","type":"page","link":"https:\/\/www.corredormato.com\/en\/sale-costa-brava\/maia-de-montcal\/plots\/","title":{"rendered":"Plot for sale in Mai\u00e0 de Montcal"},"content":{"rendered":"\t\t<div data-elementor-type=\"wp-page\" data-elementor-id=\"10379\" class=\"elementor elementor-10379 elementor-8854\" data-elementor-post-type=\"page\">\n\t\t\t\t\t\t<section class=\"elementor-section elementor-top-section elementor-element elementor-element-b87724e elementor-section-full_width elementor-section-height-default elementor-section-height-default\" data-id=\"b87724e\" data-element_type=\"section\" data-e-type=\"section\">\n\t\t\t\t\t\t<div class=\"elementor-container elementor-column-gap-default\">\n\t\t\t\t\t<div class=\"elementor-column elementor-col-100 elementor-top-column elementor-element elementor-element-18c1ab8\" data-id=\"18c1ab8\" data-element_type=\"column\" data-e-type=\"column\">\n\t\t\t<div class=\"elementor-widget-wrap elementor-element-populated\">\n\t\t\t\t\t\t<div class=\"elementor-element elementor-element-1b15657 listado-general elementor-widget elementor-widget-shortcode\" data-id=\"1b15657\" data-element_type=\"widget\" data-e-type=\"widget\" id=\"listado-general-venta\" data-widget_type=\"shortcode.default\">\n\t\t\t\t<div class=\"elementor-widget-container\">\n\t\t\t\t\t\t\t<div class=\"elementor-shortcode\">  <div class=\"n2r__list n2r__list--empty\">\n    <h3>No results were found in the search, please contact us to help you.<\/h3>\n  <\/div>\n<\/div>\n\t\t\t\t\t\t<\/div>\n\t\t\t\t<\/div>\n\t\t\t\t\t<\/div>\n\t\t<\/div>\n\t\t\t\t\t<\/div>\n\t\t<\/section>\n\t\t\t\t<section class=\"elementor-section elementor-top-section elementor-element elementor-element-dfac83a elementor-section-boxed elementor-section-height-default elementor-section-height-default\" data-id=\"dfac83a\" data-element_type=\"section\" data-e-type=\"section\" data-settings=\"{&quot;background_background&quot;:&quot;classic&quot;}\">\n\t\t\t\t\t\t<div class=\"elementor-container elementor-column-gap-default\">\n\t\t\t\t\t<div class=\"elementor-column elementor-col-100 elementor-top-column elementor-element elementor-element-1aad003\" data-id=\"1aad003\" data-element_type=\"column\" data-e-type=\"column\">\n\t\t\t<div class=\"elementor-widget-wrap elementor-element-populated\">\n\t\t\t\t\t\t<div class=\"elementor-element elementor-element-371c77e elementor-widget__width-inherit elementor-widget elementor-widget-text-editor\" data-id=\"371c77e\" data-element_type=\"widget\" data-e-type=\"widget\" data-widget_type=\"text-editor.default\">\n\t\t\t\t<div class=\"elementor-widget-container\">\n\t\t\t\t\t\t\t\t\t<h2>The Future you expect in Mai\u00e0 de Montcal: Lands that Inspire Life<\/h2>\n<p>In the heart of <strong>Girona<\/strong>, where the rivers <strong>Fluvi\u00e0<\/strong> and <strong>Llierca<\/strong> whisper ancient stories, <strong>Mai\u00e0 de Montcal<\/strong> awaits you. A stone&#8217;s throw from charming <strong>Besal\u00fa<\/strong> and energetic <strong>Banyoles<\/strong>, discover the opportunity to create something unforgettable: your space, your home, your future.<\/p>\n<p>At <strong>Corredor Mat\u00f3<\/strong>, we do not sell land; we offer dreams in the form of real landscapes. Imagine a place that, more than property, becomes part of the family, memories, plans. This is <strong>Mai\u00e0 de Montcal<\/strong>: a beginning, an adventure, a promise.<\/p>\n<p>Contact us. Let <strong>Mai\u00e0 de Montcal<\/strong> show you the way to a morning that only you can paint. Because here, each plot is the beginning of something extraordinary.<\/p>\n\t\t\t\t\t\t\t\t<\/div>\n\t\t\t\t<\/div>\n\t\t\t\t\t<\/div>\n\t\t<\/div>\n\t\t\t\t\t<\/div>\n\t\t<\/section>\n\t\t\t\t<\/div>\n\t\t","protected":false},"excerpt":{"rendered":"<p>The Future you expect in Mai\u00e0 de Montcal: Lands that Inspire Life In the heart of Girona, where the rivers Fluvi\u00e0 and Llierca whisper ancient stories, Mai\u00e0 de Montcal awaits you. A stone&#8217;s throw from charming Besal\u00fa and energetic Banyoles, discover the opportunity to create something unforgettable: your space, your home, your future. At Corredor [&hellip;]<\/p>\n","protected":false},"author":4,"featured_media":10810,"parent":8952,"menu_order":0,"comment_status":"closed","ping_status":"closed","template":"","meta":{"footnotes":""},"class_list":["post-10379","page","type-page","status-publish","has-post-thumbnail","hentry"],"yoast_head":"<!-- This site is optimized with the Yoast SEO plugin v27.4 - https:\/\/yoast.com\/product\/yoast-seo-wordpress\/ -->\n<title>Corredor Mat\u00f3 Real Estate \u00b7 Plot for sale in Mai\u00e0 de Montcal<\/title>\n<meta name=\"description\" content=\"Discover the best plot for sale in Mai\u00e0 de Montcal, Corredor Mat\u00f3 will help you make your project a reality.\" \/>\n<meta name=\"robots\" content=\"index, follow, max-snippet:-1, max-image-preview:large, max-video-preview:-1\" \/>\n<link rel=\"canonical\" href=\"https:\/\/www.corredormato.com\/en\/sale-costa-brava\/maia-de-montcal\/plots\/\" \/>\n<meta property=\"og:locale\" content=\"en_US\" \/>\n<meta property=\"og:type\" content=\"article\" \/>\n<meta property=\"og:title\" content=\"Corredor Mat\u00f3 Real Estate \u00b7 Plot for sale in Mai\u00e0 de Montcal\" \/>\n<meta property=\"og:description\" content=\"Discover the best plot for sale in Mai\u00e0 de Montcal, Corredor Mat\u00f3 will help you make your project a reality.\" \/>\n<meta property=\"og:url\" content=\"https:\/\/www.corredormato.com\/en\/sale-costa-brava\/maia-de-montcal\/plots\/\" \/>\n<meta property=\"og:site_name\" content=\"Corredor Mat\u00f3 Real Estate &amp; Property Management\" \/>\n<meta property=\"article:modified_time\" content=\"2024-02-28T09:03:27+00:00\" \/>\n<meta property=\"og:image\" content=\"https:\/\/www.corredormato.com\/wp-content\/uploads\/2023\/11\/FOTOS-IMATGES-PREVIEW-6.png\" \/>\n\t<meta property=\"og:image:width\" content=\"1280\" \/>\n\t<meta property=\"og:image:height\" content=\"887\" \/>\n\t<meta property=\"og:image:type\" content=\"image\/png\" \/>\n<meta name=\"twitter:card\" content=\"summary_large_image\" \/>\n<meta name=\"twitter:label1\" content=\"Est. reading time\" \/>\n\t<meta name=\"twitter:data1\" content=\"1 minute\" \/>\n<script type=\"application\/ld+json\" class=\"yoast-schema-graph\">{\"@context\":\"https:\\\/\\\/schema.org\",\"@graph\":[{\"@type\":\"WebPage\",\"@id\":\"https:\\\/\\\/www.corredormato.com\\\/en\\\/sale-costa-brava\\\/maia-de-montcal\\\/plots\\\/\",\"url\":\"https:\\\/\\\/www.corredormato.com\\\/en\\\/sale-costa-brava\\\/maia-de-montcal\\\/plots\\\/\",\"name\":\"Corredor Mat\u00f3 Real Estate \u00b7 Plot for sale in Mai\u00e0 de Montcal\",\"isPartOf\":{\"@id\":\"https:\\\/\\\/www.corredormato.com\\\/en\\\/#website\"},\"primaryImageOfPage\":{\"@id\":\"https:\\\/\\\/www.corredormato.com\\\/en\\\/sale-costa-brava\\\/maia-de-montcal\\\/plots\\\/#primaryimage\"},\"image\":{\"@id\":\"https:\\\/\\\/www.corredormato.com\\\/en\\\/sale-costa-brava\\\/maia-de-montcal\\\/plots\\\/#primaryimage\"},\"thumbnailUrl\":\"https:\\\/\\\/www.corredormato.com\\\/wp-content\\\/uploads\\\/2023\\\/11\\\/FOTOS-IMATGES-PREVIEW-6.png\",\"datePublished\":\"2023-10-27T08:23:39+00:00\",\"dateModified\":\"2024-02-28T09:03:27+00:00\",\"description\":\"Discover the best plot for sale in Mai\u00e0 de Montcal, Corredor Mat\u00f3 will help you make your project a reality.\",\"breadcrumb\":{\"@id\":\"https:\\\/\\\/www.corredormato.com\\\/en\\\/sale-costa-brava\\\/maia-de-montcal\\\/plots\\\/#breadcrumb\"},\"inLanguage\":\"en-US\",\"potentialAction\":[{\"@type\":\"ReadAction\",\"target\":[\"https:\\\/\\\/www.corredormato.com\\\/en\\\/sale-costa-brava\\\/maia-de-montcal\\\/plots\\\/\"]}]},{\"@type\":\"BreadcrumbList\",\"@id\":\"https:\\\/\\\/www.corredormato.com\\\/en\\\/sale-costa-brava\\\/maia-de-montcal\\\/plots\\\/#breadcrumb\",\"itemListElement\":[{\"@type\":\"ListItem\",\"position\":1,\"name\":\"Home\",\"item\":\"https:\\\/\\\/www.corredormato.com\\\/en\\\/\"},{\"@type\":\"ListItem\",\"position\":2,\"name\":\"Sale Costa Brava\",\"item\":\"https:\\\/\\\/www.corredormato.com\\\/en\\\/venda-costa-brava\\\/\"},{\"@type\":\"ListItem\",\"position\":3,\"name\":\"Properties for sale in Mai\u00e0 de Montcal\",\"item\":\"https:\\\/\\\/www.corredormato.com\\\/en\\\/venda-costa-brava\\\/maia-de-montcal\\\/\"},{\"@type\":\"ListItem\",\"position\":4,\"name\":\"Plot for sale in Mai\u00e0 de Montcal\"}]},{\"@type\":\"WebSite\",\"@id\":\"https:\\\/\\\/www.corredormato.com\\\/en\\\/#website\",\"url\":\"https:\\\/\\\/www.corredormato.com\\\/en\\\/\",\"name\":\"Corredor Mat\u00f3 Real Estate &amp; Property Management\",\"description\":\"Real Estate &amp; Property Management\",\"publisher\":{\"@id\":\"https:\\\/\\\/www.corredormato.com\\\/en\\\/#organization\"},\"alternateName\":\"Corredor Mat\u00f3\",\"potentialAction\":[{\"@type\":\"SearchAction\",\"target\":{\"@type\":\"EntryPoint\",\"urlTemplate\":\"https:\\\/\\\/www.corredormato.com\\\/resultats-de-cerca-lloguer\\\/?search_text={search_term_string}\"},\"query-input\":{\"@type\":\"PropertyValueSpecification\",\"valueRequired\":true,\"valueName\":\"search_term_string\"}}],\"inLanguage\":\"en-US\"},{\"@type\":\"Organization\",\"@id\":\"https:\\\/\\\/www.corredormato.com\\\/en\\\/#organization\",\"name\":\"Corredor Mat\u00f3 | Real Estate & Property Management\",\"url\":\"https:\\\/\\\/www.corredormato.com\\\/en\\\/\",\"logo\":{\"@type\":\"ImageObject\",\"inLanguage\":\"en-US\",\"@id\":\"https:\\\/\\\/www.corredormato.com\\\/en\\\/#\\\/schema\\\/logo\\\/image\\\/\",\"url\":\"https:\\\/\\\/www.corredormato.com\\\/wp-content\\\/uploads\\\/2021\\\/04\\\/logo.png\",\"contentUrl\":\"https:\\\/\\\/www.corredormato.com\\\/wp-content\\\/uploads\\\/2021\\\/04\\\/logo.png\",\"width\":970,\"height\":225,\"caption\":\"Corredor Mat\u00f3 | Real Estate & Property Management\"},\"image\":{\"@id\":\"https:\\\/\\\/www.corredormato.com\\\/en\\\/#\\\/schema\\\/logo\\\/image\\\/\"}}]}<\/script>\n<!-- \/ Yoast SEO plugin. -->","yoast_head_json":{"title":"Corredor Mat\u00f3 Real Estate \u00b7 Plot for sale in Mai\u00e0 de Montcal","description":"Discover the best plot for sale in Mai\u00e0 de Montcal, Corredor Mat\u00f3 will help you make your project a reality.","robots":{"index":"index","follow":"follow","max-snippet":"max-snippet:-1","max-image-preview":"max-image-preview:large","max-video-preview":"max-video-preview:-1"},"canonical":"https:\/\/www.corredormato.com\/en\/sale-costa-brava\/maia-de-montcal\/plots\/","og_locale":"en_US","og_type":"article","og_title":"Corredor Mat\u00f3 Real Estate \u00b7 Plot for sale in Mai\u00e0 de Montcal","og_description":"Discover the best plot for sale in Mai\u00e0 de Montcal, Corredor Mat\u00f3 will help you make your project a reality.","og_url":"https:\/\/www.corredormato.com\/en\/sale-costa-brava\/maia-de-montcal\/plots\/","og_site_name":"Corredor Mat\u00f3 Real Estate &amp; Property Management","article_modified_time":"2024-02-28T09:03:27+00:00","og_image":[{"width":1280,"height":887,"url":"https:\/\/www.corredormato.com\/wp-content\/uploads\/2023\/11\/FOTOS-IMATGES-PREVIEW-6.png","type":"image\/png"}],"twitter_card":"summary_large_image","twitter_misc":{"Est. reading time":"1 minute"},"schema":{"@context":"https:\/\/schema.org","@graph":[{"@type":"WebPage","@id":"https:\/\/www.corredormato.com\/en\/sale-costa-brava\/maia-de-montcal\/plots\/","url":"https:\/\/www.corredormato.com\/en\/sale-costa-brava\/maia-de-montcal\/plots\/","name":"Corredor Mat\u00f3 Real Estate \u00b7 Plot for sale in Mai\u00e0 de Montcal","isPartOf":{"@id":"https:\/\/www.corredormato.com\/en\/#website"},"primaryImageOfPage":{"@id":"https:\/\/www.corredormato.com\/en\/sale-costa-brava\/maia-de-montcal\/plots\/#primaryimage"},"image":{"@id":"https:\/\/www.corredormato.com\/en\/sale-costa-brava\/maia-de-montcal\/plots\/#primaryimage"},"thumbnailUrl":"https:\/\/www.corredormato.com\/wp-content\/uploads\/2023\/11\/FOTOS-IMATGES-PREVIEW-6.png","datePublished":"2023-10-27T08:23:39+00:00","dateModified":"2024-02-28T09:03:27+00:00","description":"Discover the best plot for sale in Mai\u00e0 de Montcal, Corredor Mat\u00f3 will help you make your project a reality.","breadcrumb":{"@id":"https:\/\/www.corredormato.com\/en\/sale-costa-brava\/maia-de-montcal\/plots\/#breadcrumb"},"inLanguage":"en-US","potentialAction":[{"@type":"ReadAction","target":["https:\/\/www.corredormato.com\/en\/sale-costa-brava\/maia-de-montcal\/plots\/"]}]},{"@type":"BreadcrumbList","@id":"https:\/\/www.corredormato.com\/en\/sale-costa-brava\/maia-de-montcal\/plots\/#breadcrumb","itemListElement":[{"@type":"ListItem","position":1,"name":"Home","item":"https:\/\/www.corredormato.com\/en\/"},{"@type":"ListItem","position":2,"name":"Sale Costa Brava","item":"https:\/\/www.corredormato.com\/en\/venda-costa-brava\/"},{"@type":"ListItem","position":3,"name":"Properties for sale in Mai\u00e0 de Montcal","item":"https:\/\/www.corredormato.com\/en\/venda-costa-brava\/maia-de-montcal\/"},{"@type":"ListItem","position":4,"name":"Plot for sale in Mai\u00e0 de Montcal"}]},{"@type":"WebSite","@id":"https:\/\/www.corredormato.com\/en\/#website","url":"https:\/\/www.corredormato.com\/en\/","name":"Corredor Mat\u00f3 Real Estate &amp; Property Management","description":"Real Estate &amp; Property Management","publisher":{"@id":"https:\/\/www.corredormato.com\/en\/#organization"},"alternateName":"Corredor Mat\u00f3","potentialAction":[{"@type":"SearchAction","target":{"@type":"EntryPoint","urlTemplate":"https:\/\/www.corredormato.com\/resultats-de-cerca-lloguer\/?search_text={search_term_string}"},"query-input":{"@type":"PropertyValueSpecification","valueRequired":true,"valueName":"search_term_string"}}],"inLanguage":"en-US"},{"@type":"Organization","@id":"https:\/\/www.corredormato.com\/en\/#organization","name":"Corredor Mat\u00f3 | Real Estate & Property Management","url":"https:\/\/www.corredormato.com\/en\/","logo":{"@type":"ImageObject","inLanguage":"en-US","@id":"https:\/\/www.corredormato.com\/en\/#\/schema\/logo\/image\/","url":"https:\/\/www.corredormato.com\/wp-content\/uploads\/2021\/04\/logo.png","contentUrl":"https:\/\/www.corredormato.com\/wp-content\/uploads\/2021\/04\/logo.png","width":970,"height":225,"caption":"Corredor Mat\u00f3 | Real Estate & Property Management"},"image":{"@id":"https:\/\/www.corredormato.com\/en\/#\/schema\/logo\/image\/"}}]}},"_links":{"self":[{"href":"https:\/\/www.corredormato.com\/en\/wp-json\/wp\/v2\/pages\/10379","targetHints":{"allow":["GET"]}}],"collection":[{"href":"https:\/\/www.corredormato.com\/en\/wp-json\/wp\/v2\/pages"}],"about":[{"href":"https:\/\/www.corredormato.com\/en\/wp-json\/wp\/v2\/types\/page"}],"author":[{"embeddable":true,"href":"https:\/\/www.corredormato.com\/en\/wp-json\/wp\/v2\/users\/4"}],"replies":[{"embeddable":true,"href":"https:\/\/www.corredormato.com\/en\/wp-json\/wp\/v2\/comments?post=10379"}],"version-history":[{"count":1,"href":"https:\/\/www.corredormato.com\/en\/wp-json\/wp\/v2\/pages\/10379\/revisions"}],"predecessor-version":[{"id":15106,"href":"https:\/\/www.corredormato.com\/en\/wp-json\/wp\/v2\/pages\/10379\/revisions\/15106"}],"up":[{"embeddable":true,"href":"https:\/\/www.corredormato.com\/en\/wp-json\/wp\/v2\/pages\/8952"}],"wp:featuredmedia":[{"embeddable":true,"href":"https:\/\/www.corredormato.com\/en\/wp-json\/wp\/v2\/media\/10810"}],"wp:attachment":[{"href":"https:\/\/www.corredormato.com\/en\/wp-json\/wp\/v2\/media?parent=10379"}],"curies":[{"name":"wp","href":"https:\/\/api.w.org\/{rel}","templated":true}]}}