{"id":10578,"date":"2023-10-28T09:09:35","date_gmt":"2023-10-28T07:09:35","guid":{"rendered":"http:\/\/52.30.243.130\/sale-costa-brava\/sant-feliu-de-guixols\/apartments\/"},"modified":"2024-02-28T13:11:58","modified_gmt":"2024-02-28T11:11:58","slug":"apartments","status":"publish","type":"page","link":"https:\/\/www.corredormato.com\/en\/sale-costa-brava\/sant-feliu-de-guixols\/apartments\/","title":{"rendered":"Apartments for sale in Sant Feliu de Gu\u00edxols"},"content":{"rendered":"\t\t<div data-elementor-type=\"wp-page\" data-elementor-id=\"10578\" class=\"elementor elementor-10578 elementor-8891\" data-elementor-post-type=\"page\">\n\t\t\t\t\t\t<section class=\"elementor-section elementor-top-section elementor-element elementor-element-0a538bd elementor-section-full_width elementor-section-height-default elementor-section-height-default\" data-id=\"0a538bd\" data-element_type=\"section\" data-e-type=\"section\">\n\t\t\t\t\t\t<div class=\"elementor-container elementor-column-gap-default\">\n\t\t\t\t\t<div class=\"elementor-column elementor-col-100 elementor-top-column elementor-element elementor-element-e12bb34\" data-id=\"e12bb34\" data-element_type=\"column\" data-e-type=\"column\">\n\t\t\t<div class=\"elementor-widget-wrap elementor-element-populated\">\n\t\t\t\t\t\t<div class=\"elementor-element elementor-element-5f44996 listado-general elementor-widget elementor-widget-shortcode\" data-id=\"5f44996\" data-element_type=\"widget\" data-e-type=\"widget\" id=\"listado-general-venta\" data-widget_type=\"shortcode.default\">\n\t\t\t\t<div class=\"elementor-widget-container\">\n\t\t\t\t\t\t\t<div class=\"elementor-shortcode\">  <div class=\"n2r__list n2r__list--empty\">\n    <h3>No results were found in the search, please contact us to help you.<\/h3>\n  <\/div>\n<\/div>\n\t\t\t\t\t\t<\/div>\n\t\t\t\t<\/div>\n\t\t\t\t\t<\/div>\n\t\t<\/div>\n\t\t\t\t\t<\/div>\n\t\t<\/section>\n\t\t\t\t<section class=\"elementor-section elementor-top-section elementor-element elementor-element-0131733 elementor-section-boxed elementor-section-height-default elementor-section-height-default\" data-id=\"0131733\" data-element_type=\"section\" data-e-type=\"section\">\n\t\t\t\t\t\t<div class=\"elementor-container elementor-column-gap-default\">\n\t\t\t\t\t<div class=\"elementor-column elementor-col-100 elementor-top-column elementor-element elementor-element-5ba8c4d\" data-id=\"5ba8c4d\" data-element_type=\"column\" data-e-type=\"column\">\n\t\t\t<div class=\"elementor-widget-wrap elementor-element-populated\">\n\t\t\t\t\t\t<div class=\"elementor-element elementor-element-7a3d764 elementor-widget elementor-widget-text-editor\" data-id=\"7a3d764\" data-element_type=\"widget\" data-e-type=\"widget\" data-widget_type=\"text-editor.default\">\n\t\t\t\t<div class=\"elementor-widget-container\">\n\t\t\t\t\t\t\t\t\t<h2>A Home in Sant Feliu de Gu\u00edxols: Where the Heart Finds its Place<\/h2>\n<p>Sail towards a new clearing in <strong>Sant Feliu de Gu\u00edxols<\/strong>, where life unfolds like a calm sea and each apartment is a beacon that guides you towards a home full of warmth. At <strong>Corredor Mat\u00f3<\/strong>, we do not show you properties; we reveal destinies that are destined to be anchors of your affections.<br \/>\n<strong>Sant Feliu de Gu\u00edxols<\/strong> is the gateway to an exceptional <strong>Mediterranean lifestyle<\/strong>. With its coastal charm, beautiful beaches and a relaxed atmosphere, <strong>Sant Feliu de Gu\u00edxols<\/strong> offers an unparalleled quality of life. Buying an apartment here means enjoying the sea breeze, the rich culinary offer, outdoor activities and the comfort of a home in a dream destination. Whether as a long-term investment or as a holiday retreat, an apartment in <strong>Sant Feliu de Gu\u00edxols<\/strong> gives you the opportunity to live the authentic <strong>Mediterranean<\/strong> experience. Discover our available apartment options and take the first step towards a coastal life full of pleasures and unforgettable moments in beautiful <strong>Sant Feliu de Gu\u00edxols<\/strong>.<\/p>\n<p>Here, every corner is a refuge that awaits your arrival, a space in <strong>Sant Feliu de Gu\u00edxols<\/strong> that sighs to be the safe haven of your dreams. Shopping becomes a reunion, a tide that takes you to the edge of your own sanctuary.<\/p>\n<p>Come with <strong>Corredor Mat\u00f3<\/strong>, and let yourself be taken to a place that calls to you from afar, a place where the waves dance to the rhythm of your aspirations. In <strong>Sant Feliu de Gu\u00edxols<\/strong>, your home awaits you between the whispers of the sea and the caresses of the breeze.<\/p>\n<p>If you are interested in an apartment in <strong>Sant Feliu de Gu\u00edxols<\/strong>, you may also be interested in an apartment in <a href=\"https:\/\/www.corredormato.com\/en\/?page_id=10556\"><strong>Palam\u00f3s<\/strong><\/a>, <a href=\"https:\/\/www.corredormato.com\/en\/sale-costa-brava\/begur\/apartments\/\"><strong>Begur<\/strong> <\/a>or <a href=\"https:\/\/www.corredormato.com\/en\/sale-costa-brava\/tamariu\/apartments\/\"><strong>Tamariu<\/strong><\/a>.<\/p>\n\t\t\t\t\t\t\t\t<\/div>\n\t\t\t\t<\/div>\n\t\t\t\t<div class=\"elementor-element elementor-element-e84d2d9 elementor-widget elementor-widget-shortcode\" data-id=\"e84d2d9\" data-element_type=\"widget\" data-e-type=\"widget\" data-widget_type=\"shortcode.default\">\n\t\t\t\t<div class=\"elementor-widget-container\">\n\t\t\t\t\t\t\t<div class=\"elementor-shortcode\"><style>.wp-show-posts-columns#wpsp-8902 {margin-left: -2em; }.wp-show-posts-columns#wpsp-8902 .wp-show-posts-inner {margin: 0 0 2em 2em; }<\/style><section id=\"wpsp-8902\" class=\" wp-show-posts-columns wp-show-posts\" style=\"\"><article class=\" wp-show-posts-single post-14110 page type-page status-publish has-post-thumbnail hentry wpsp-col-3\" itemtype=\"http:\/\/schema.org\/CreativeWork\" itemscope><div class=\"wp-show-posts-inner\" style=\"\">\t\t\t\t\t\t<header class=\"wp-show-posts-entry-header\">\n\t\t\t\t\t\t\t<h3 class=\"wp-show-posts-entry-title\" itemprop=\"headline\"><a href=\"https:\/\/www.corredormato.com\/en\/sale-costa-brava\/barcelona\/flats\/\" rel=\"bookmark\">Flats for sale in Barcelona<\/a><\/h3>\t\t\t\t\t\t<\/header><!-- .entry-header -->\n\t\t\t\t\t\t\t<div class=\"wp-show-posts-image  wpsp-image-center \">\n\t\t\t<a href=\"https:\/\/www.corredormato.com\/en\/sale-costa-brava\/barcelona\/flats\/\"  title=\"Flats for sale in Barcelona\"><img fetchpriority=\"high\" decoding=\"async\" width=\"1280\" height=\"887\" src=\"https:\/\/www.corredormato.com\/wp-content\/uploads\/2024\/02\/FOTOS-IMATGES-PREVIEW-29.jpg\" class=\"attachment-full size-full wp-post-image\" alt=\"\" itemprop=\"image\" srcset=\"https:\/\/www.corredormato.com\/wp-content\/uploads\/2024\/02\/FOTOS-IMATGES-PREVIEW-29.jpg 1280w, https:\/\/www.corredormato.com\/wp-content\/uploads\/2024\/02\/FOTOS-IMATGES-PREVIEW-29-300x208.jpg 300w, https:\/\/www.corredormato.com\/wp-content\/uploads\/2024\/02\/FOTOS-IMATGES-PREVIEW-29-1024x710.jpg 1024w, https:\/\/www.corredormato.com\/wp-content\/uploads\/2024\/02\/FOTOS-IMATGES-PREVIEW-29-768x532.jpg 768w\" sizes=\"(max-width: 1280px) 100vw, 1280px\" \/><\/a>\t\t<\/div>\n\t\t<\/div><!-- wp-show-posts-inner --><\/article><article class=\" wp-show-posts-single post-14080 page type-page status-publish has-post-thumbnail hentry wpsp-col-3\" itemtype=\"http:\/\/schema.org\/CreativeWork\" itemscope><div class=\"wp-show-posts-inner\" style=\"\">\t\t\t\t\t\t<header class=\"wp-show-posts-entry-header\">\n\t\t\t\t\t\t\t<h3 class=\"wp-show-posts-entry-title\" itemprop=\"headline\"><a href=\"https:\/\/www.corredormato.com\/en\/sale-costa-brava\/barcelona\/penthouses\/\" rel=\"bookmark\">Penthouses for sale in Barcelona<\/a><\/h3>\t\t\t\t\t\t<\/header><!-- .entry-header -->\n\t\t\t\t\t\t\t<div class=\"wp-show-posts-image  wpsp-image-center \">\n\t\t\t<a href=\"https:\/\/www.corredormato.com\/en\/sale-costa-brava\/barcelona\/penthouses\/\"  title=\"Penthouses for sale in Barcelona\"><img decoding=\"async\" width=\"1280\" height=\"887\" src=\"https:\/\/www.corredormato.com\/wp-content\/uploads\/2024\/02\/FOTOS-IMATGES-PREVIEW-27.jpg\" class=\"attachment-full size-full wp-post-image\" alt=\"\" itemprop=\"image\" srcset=\"https:\/\/www.corredormato.com\/wp-content\/uploads\/2024\/02\/FOTOS-IMATGES-PREVIEW-27.jpg 1280w, https:\/\/www.corredormato.com\/wp-content\/uploads\/2024\/02\/FOTOS-IMATGES-PREVIEW-27-300x208.jpg 300w, https:\/\/www.corredormato.com\/wp-content\/uploads\/2024\/02\/FOTOS-IMATGES-PREVIEW-27-1024x710.jpg 1024w, https:\/\/www.corredormato.com\/wp-content\/uploads\/2024\/02\/FOTOS-IMATGES-PREVIEW-27-768x532.jpg 768w\" sizes=\"(max-width: 1280px) 100vw, 1280px\" \/><\/a>\t\t<\/div>\n\t\t<\/div><!-- wp-show-posts-inner --><\/article><article class=\" wp-show-posts-single post-13915 page type-page status-publish has-post-thumbnail hentry wpsp-col-3\" itemtype=\"http:\/\/schema.org\/CreativeWork\" itemscope><div class=\"wp-show-posts-inner\" style=\"\">\t\t\t\t\t\t<header class=\"wp-show-posts-entry-header\">\n\t\t\t\t\t\t\t<h3 class=\"wp-show-posts-entry-title\" itemprop=\"headline\"><a href=\"https:\/\/www.corredormato.com\/en\/sale-costa-brava\/mataro\/pisos\/\" rel=\"bookmark\">Pisos en venta en Matar\u00f3<\/a><\/h3>\t\t\t\t\t\t<\/header><!-- .entry-header -->\n\t\t\t\t\t\t\t<div class=\"wp-show-posts-image  wpsp-image-center \">\n\t\t\t<a href=\"https:\/\/www.corredormato.com\/en\/sale-costa-brava\/mataro\/pisos\/\"  title=\"Pisos en venta en Matar\u00f3\"><img decoding=\"async\" width=\"1280\" height=\"887\" src=\"https:\/\/www.corredormato.com\/wp-content\/uploads\/2024\/03\/FOTOS-IMATGES-PREVIEW-52.jpg\" class=\"attachment-full size-full wp-post-image\" alt=\"\" itemprop=\"image\" srcset=\"https:\/\/www.corredormato.com\/wp-content\/uploads\/2024\/03\/FOTOS-IMATGES-PREVIEW-52.jpg 1280w, https:\/\/www.corredormato.com\/wp-content\/uploads\/2024\/03\/FOTOS-IMATGES-PREVIEW-52-300x208.jpg 300w, https:\/\/www.corredormato.com\/wp-content\/uploads\/2024\/03\/FOTOS-IMATGES-PREVIEW-52-1024x710.jpg 1024w, https:\/\/www.corredormato.com\/wp-content\/uploads\/2024\/03\/FOTOS-IMATGES-PREVIEW-52-768x532.jpg 768w\" sizes=\"(max-width: 1280px) 100vw, 1280px\" \/><\/a>\t\t<\/div>\n\t\t<\/div><!-- wp-show-posts-inner --><\/article><article class=\" wp-show-posts-single post-10588 page type-page status-publish has-post-thumbnail hentry wpsp-col-3\" itemtype=\"http:\/\/schema.org\/CreativeWork\" itemscope><div class=\"wp-show-posts-inner\" style=\"\">\t\t\t\t\t\t<header class=\"wp-show-posts-entry-header\">\n\t\t\t\t\t\t\t<h3 class=\"wp-show-posts-entry-title\" itemprop=\"headline\"><a href=\"https:\/\/www.corredormato.com\/en\/sale-costa-brava\/tamariu\/apartments\/\" rel=\"bookmark\">Apartments for sale in Tamariu<\/a><\/h3>\t\t\t\t\t\t<\/header><!-- .entry-header -->\n\t\t\t\t\t\t\t<div class=\"wp-show-posts-image  wpsp-image-center \">\n\t\t\t<a href=\"https:\/\/www.corredormato.com\/en\/sale-costa-brava\/tamariu\/apartments\/\"  title=\"Apartments for sale in Tamariu\"><img loading=\"lazy\" decoding=\"async\" width=\"1280\" height=\"887\" src=\"https:\/\/www.corredormato.com\/wp-content\/uploads\/2024\/02\/FOTOS-IMATGES-PREVIEW-36.jpg\" class=\"attachment-full size-full wp-post-image\" alt=\"\" itemprop=\"image\" srcset=\"https:\/\/www.corredormato.com\/wp-content\/uploads\/2024\/02\/FOTOS-IMATGES-PREVIEW-36.jpg 1280w, https:\/\/www.corredormato.com\/wp-content\/uploads\/2024\/02\/FOTOS-IMATGES-PREVIEW-36-300x208.jpg 300w, https:\/\/www.corredormato.com\/wp-content\/uploads\/2024\/02\/FOTOS-IMATGES-PREVIEW-36-1024x710.jpg 1024w, https:\/\/www.corredormato.com\/wp-content\/uploads\/2024\/02\/FOTOS-IMATGES-PREVIEW-36-768x532.jpg 768w\" sizes=\"(max-width: 1280px) 100vw, 1280px\" \/><\/a>\t\t<\/div>\n\t\t<\/div><!-- wp-show-posts-inner --><\/article><article class=\" wp-show-posts-single post-10578 page type-page status-publish has-post-thumbnail hentry wpsp-col-3\" itemtype=\"http:\/\/schema.org\/CreativeWork\" itemscope><div class=\"wp-show-posts-inner\" style=\"\">\t\t\t\t\t\t<header class=\"wp-show-posts-entry-header\">\n\t\t\t\t\t\t\t<h3 class=\"wp-show-posts-entry-title\" itemprop=\"headline\"><a href=\"https:\/\/www.corredormato.com\/en\/sale-costa-brava\/sant-feliu-de-guixols\/apartments\/\" rel=\"bookmark\">Apartments for sale in Sant Feliu de Gu\u00edxols<\/a><\/h3>\t\t\t\t\t\t<\/header><!-- .entry-header -->\n\t\t\t\t\t\t\t<div class=\"wp-show-posts-image  wpsp-image-center \">\n\t\t\t<a href=\"https:\/\/www.corredormato.com\/en\/sale-costa-brava\/sant-feliu-de-guixols\/apartments\/\"  title=\"Apartments for sale in Sant Feliu de Gu\u00edxols\"><img loading=\"lazy\" decoding=\"async\" width=\"1280\" height=\"887\" src=\"https:\/\/www.corredormato.com\/wp-content\/uploads\/2024\/02\/FOTOS-IMATGES-PREVIEW-49.jpg\" class=\"attachment-full size-full wp-post-image\" alt=\"\" itemprop=\"image\" srcset=\"https:\/\/www.corredormato.com\/wp-content\/uploads\/2024\/02\/FOTOS-IMATGES-PREVIEW-49.jpg 1280w, https:\/\/www.corredormato.com\/wp-content\/uploads\/2024\/02\/FOTOS-IMATGES-PREVIEW-49-300x208.jpg 300w, https:\/\/www.corredormato.com\/wp-content\/uploads\/2024\/02\/FOTOS-IMATGES-PREVIEW-49-1024x710.jpg 1024w, https:\/\/www.corredormato.com\/wp-content\/uploads\/2024\/02\/FOTOS-IMATGES-PREVIEW-49-768x532.jpg 768w\" sizes=\"(max-width: 1280px) 100vw, 1280px\" \/><\/a>\t\t<\/div>\n\t\t<\/div><!-- wp-show-posts-inner --><\/article><article class=\" wp-show-posts-single post-8917 page type-page status-publish has-post-thumbnail hentry wpsp-col-3\" itemtype=\"http:\/\/schema.org\/CreativeWork\" itemscope><div class=\"wp-show-posts-inner\" style=\"\">\t\t\t\t\t\t<header class=\"wp-show-posts-entry-header\">\n\t\t\t\t\t\t\t<h3 class=\"wp-show-posts-entry-title\" itemprop=\"headline\"><a href=\"https:\/\/www.corredormato.com\/en\/sale-costa-brava\/begur\/apartments\/\" rel=\"bookmark\">Apartments for sale in Begur<\/a><\/h3>\t\t\t\t\t\t<\/header><!-- .entry-header -->\n\t\t\t\t\t\t\t<div class=\"wp-show-posts-image  wpsp-image-center \">\n\t\t\t<a href=\"https:\/\/www.corredormato.com\/en\/sale-costa-brava\/begur\/apartments\/\"  title=\"Apartments for sale in Begur\"><img loading=\"lazy\" decoding=\"async\" width=\"1280\" height=\"887\" src=\"https:\/\/www.corredormato.com\/wp-content\/uploads\/2024\/03\/FOTOS-IMATGES-PREVIEW-53.jpg\" class=\"attachment-full size-full wp-post-image\" alt=\"\" itemprop=\"image\" srcset=\"https:\/\/www.corredormato.com\/wp-content\/uploads\/2024\/03\/FOTOS-IMATGES-PREVIEW-53.jpg 1280w, https:\/\/www.corredormato.com\/wp-content\/uploads\/2024\/03\/FOTOS-IMATGES-PREVIEW-53-300x208.jpg 300w, https:\/\/www.corredormato.com\/wp-content\/uploads\/2024\/03\/FOTOS-IMATGES-PREVIEW-53-1024x710.jpg 1024w, https:\/\/www.corredormato.com\/wp-content\/uploads\/2024\/03\/FOTOS-IMATGES-PREVIEW-53-768x532.jpg 768w\" sizes=\"(max-width: 1280px) 100vw, 1280px\" \/><\/a>\t\t<\/div>\n\t\t<\/div><!-- wp-show-posts-inner --><\/article><div class=\"wpsp-clear\"><\/div><\/section><!-- .wp-show-posts --><\/div>\n\t\t\t\t\t\t<\/div>\n\t\t\t\t<\/div>\n\t\t\t\t\t<\/div>\n\t\t<\/div>\n\t\t\t\t\t<\/div>\n\t\t<\/section>\n\t\t\t\t<\/div>\n\t\t","protected":false},"excerpt":{"rendered":"<p>A Home in Sant Feliu de Gu\u00edxols: Where the Heart Finds its Place Sail towards a new clearing in Sant Feliu de Gu\u00edxols, where life unfolds like a calm sea and each apartment is a beacon that guides you towards a home full of warmth. At Corredor Mat\u00f3, we do not show you properties; we [&hellip;]<\/p>\n","protected":false},"author":4,"featured_media":14555,"parent":4680,"menu_order":0,"comment_status":"closed","ping_status":"closed","template":"","meta":{"footnotes":""},"class_list":["post-10578","page","type-page","status-publish","has-post-thumbnail","hentry"],"yoast_head":"<!-- This site is optimized with the Yoast SEO plugin v27.3 - https:\/\/yoast.com\/product\/yoast-seo-wordpress\/ -->\n<title>Corredor Mat\u00f3 Real Estate \u00b7 Apartments in Sant Feliu de Gu\u00edxols<\/title>\n<meta name=\"description\" content=\"If you are looking for an apartment in Sant Feliu de Gu\u00edxols, Corredor Mat\u00f3 can help you find it. Call us on 972 62 00 16.\" \/>\n<meta name=\"robots\" content=\"index, follow, max-snippet:-1, max-image-preview:large, max-video-preview:-1\" \/>\n<link rel=\"canonical\" href=\"https:\/\/www.corredormato.com\/en\/sale-costa-brava\/sant-feliu-de-guixols\/apartments\/\" \/>\n<meta property=\"og:locale\" content=\"en_US\" \/>\n<meta property=\"og:type\" content=\"article\" \/>\n<meta property=\"og:title\" content=\"Corredor Mat\u00f3 Real Estate \u00b7 Apartments in Sant Feliu de Gu\u00edxols\" \/>\n<meta property=\"og:description\" content=\"If you are looking for an apartment in Sant Feliu de Gu\u00edxols, Corredor Mat\u00f3 can help you find it. Call us on 972 62 00 16.\" \/>\n<meta property=\"og:url\" content=\"https:\/\/www.corredormato.com\/en\/sale-costa-brava\/sant-feliu-de-guixols\/apartments\/\" \/>\n<meta property=\"og:site_name\" content=\"Corredor Mat\u00f3 Real Estate &amp; Property Management\" \/>\n<meta property=\"article:modified_time\" content=\"2024-02-28T11:11:58+00:00\" \/>\n<meta property=\"og:image\" content=\"https:\/\/www.corredormato.com\/wp-content\/uploads\/2024\/02\/FOTOS-IMATGES-PREVIEW-49.jpg\" \/>\n\t<meta property=\"og:image:width\" content=\"1280\" \/>\n\t<meta property=\"og:image:height\" content=\"887\" \/>\n\t<meta property=\"og:image:type\" content=\"image\/jpeg\" \/>\n<meta name=\"twitter:card\" content=\"summary_large_image\" \/>\n<meta name=\"twitter:label1\" content=\"Est. reading time\" \/>\n\t<meta name=\"twitter:data1\" content=\"2 minutes\" \/>\n<script type=\"application\/ld+json\" class=\"yoast-schema-graph\">{\"@context\":\"https:\\\/\\\/schema.org\",\"@graph\":[{\"@type\":\"WebPage\",\"@id\":\"https:\\\/\\\/www.corredormato.com\\\/en\\\/sale-costa-brava\\\/sant-feliu-de-guixols\\\/apartments\\\/\",\"url\":\"https:\\\/\\\/www.corredormato.com\\\/en\\\/sale-costa-brava\\\/sant-feliu-de-guixols\\\/apartments\\\/\",\"name\":\"Corredor Mat\u00f3 Real Estate \u00b7 Apartments in Sant Feliu de Gu\u00edxols\",\"isPartOf\":{\"@id\":\"https:\\\/\\\/www.corredormato.com\\\/en\\\/#website\"},\"primaryImageOfPage\":{\"@id\":\"https:\\\/\\\/www.corredormato.com\\\/en\\\/sale-costa-brava\\\/sant-feliu-de-guixols\\\/apartments\\\/#primaryimage\"},\"image\":{\"@id\":\"https:\\\/\\\/www.corredormato.com\\\/en\\\/sale-costa-brava\\\/sant-feliu-de-guixols\\\/apartments\\\/#primaryimage\"},\"thumbnailUrl\":\"https:\\\/\\\/www.corredormato.com\\\/wp-content\\\/uploads\\\/2024\\\/02\\\/FOTOS-IMATGES-PREVIEW-49.jpg\",\"datePublished\":\"2023-10-28T07:09:35+00:00\",\"dateModified\":\"2024-02-28T11:11:58+00:00\",\"description\":\"If you are looking for an apartment in Sant Feliu de Gu\u00edxols, Corredor Mat\u00f3 can help you find it. Call us on 972 62 00 16.\",\"breadcrumb\":{\"@id\":\"https:\\\/\\\/www.corredormato.com\\\/en\\\/sale-costa-brava\\\/sant-feliu-de-guixols\\\/apartments\\\/#breadcrumb\"},\"inLanguage\":\"en-US\",\"potentialAction\":[{\"@type\":\"ReadAction\",\"target\":[\"https:\\\/\\\/www.corredormato.com\\\/en\\\/sale-costa-brava\\\/sant-feliu-de-guixols\\\/apartments\\\/\"]}]},{\"@type\":\"BreadcrumbList\",\"@id\":\"https:\\\/\\\/www.corredormato.com\\\/en\\\/sale-costa-brava\\\/sant-feliu-de-guixols\\\/apartments\\\/#breadcrumb\",\"itemListElement\":[{\"@type\":\"ListItem\",\"position\":1,\"name\":\"Home\",\"item\":\"https:\\\/\\\/www.corredormato.com\\\/en\\\/\"},{\"@type\":\"ListItem\",\"position\":2,\"name\":\"Sale Costa Brava\",\"item\":\"https:\\\/\\\/www.corredormato.com\\\/en\\\/venda-costa-brava\\\/\"},{\"@type\":\"ListItem\",\"position\":3,\"name\":\"Properties for sale in Sant Feliu de Gu\u00edxols\",\"item\":\"https:\\\/\\\/www.corredormato.com\\\/en\\\/venda-costa-brava\\\/sant-feliu-de-guixols\\\/\"},{\"@type\":\"ListItem\",\"position\":4,\"name\":\"Apartments for sale in Sant Feliu de Gu\u00edxols\"}]},{\"@type\":\"WebSite\",\"@id\":\"https:\\\/\\\/www.corredormato.com\\\/en\\\/#website\",\"url\":\"https:\\\/\\\/www.corredormato.com\\\/en\\\/\",\"name\":\"Corredor Mat\u00f3 Real Estate &amp; Property Management\",\"description\":\"Real Estate &amp; Property Management\",\"publisher\":{\"@id\":\"https:\\\/\\\/www.corredormato.com\\\/en\\\/#organization\"},\"alternateName\":\"Corredor Mat\u00f3\",\"potentialAction\":[{\"@type\":\"SearchAction\",\"target\":{\"@type\":\"EntryPoint\",\"urlTemplate\":\"https:\\\/\\\/www.corredormato.com\\\/resultats-de-cerca-lloguer\\\/?search_text={search_term_string}\"},\"query-input\":{\"@type\":\"PropertyValueSpecification\",\"valueRequired\":true,\"valueName\":\"search_term_string\"}}],\"inLanguage\":\"en-US\"},{\"@type\":\"Organization\",\"@id\":\"https:\\\/\\\/www.corredormato.com\\\/en\\\/#organization\",\"name\":\"Corredor Mat\u00f3 | Real Estate & Property Management\",\"url\":\"https:\\\/\\\/www.corredormato.com\\\/en\\\/\",\"logo\":{\"@type\":\"ImageObject\",\"inLanguage\":\"en-US\",\"@id\":\"https:\\\/\\\/www.corredormato.com\\\/en\\\/#\\\/schema\\\/logo\\\/image\\\/\",\"url\":\"https:\\\/\\\/www.corredormato.com\\\/wp-content\\\/uploads\\\/2021\\\/04\\\/logo.png\",\"contentUrl\":\"https:\\\/\\\/www.corredormato.com\\\/wp-content\\\/uploads\\\/2021\\\/04\\\/logo.png\",\"width\":970,\"height\":225,\"caption\":\"Corredor Mat\u00f3 | Real Estate & Property Management\"},\"image\":{\"@id\":\"https:\\\/\\\/www.corredormato.com\\\/en\\\/#\\\/schema\\\/logo\\\/image\\\/\"}}]}<\/script>\n<!-- \/ Yoast SEO plugin. -->","yoast_head_json":{"title":"Corredor Mat\u00f3 Real Estate \u00b7 Apartments in Sant Feliu de Gu\u00edxols","description":"If you are looking for an apartment in Sant Feliu de Gu\u00edxols, Corredor Mat\u00f3 can help you find it. Call us on 972 62 00 16.","robots":{"index":"index","follow":"follow","max-snippet":"max-snippet:-1","max-image-preview":"max-image-preview:large","max-video-preview":"max-video-preview:-1"},"canonical":"https:\/\/www.corredormato.com\/en\/sale-costa-brava\/sant-feliu-de-guixols\/apartments\/","og_locale":"en_US","og_type":"article","og_title":"Corredor Mat\u00f3 Real Estate \u00b7 Apartments in Sant Feliu de Gu\u00edxols","og_description":"If you are looking for an apartment in Sant Feliu de Gu\u00edxols, Corredor Mat\u00f3 can help you find it. Call us on 972 62 00 16.","og_url":"https:\/\/www.corredormato.com\/en\/sale-costa-brava\/sant-feliu-de-guixols\/apartments\/","og_site_name":"Corredor Mat\u00f3 Real Estate &amp; Property Management","article_modified_time":"2024-02-28T11:11:58+00:00","og_image":[{"width":1280,"height":887,"url":"https:\/\/www.corredormato.com\/wp-content\/uploads\/2024\/02\/FOTOS-IMATGES-PREVIEW-49.jpg","type":"image\/jpeg"}],"twitter_card":"summary_large_image","twitter_misc":{"Est. reading time":"2 minutes"},"schema":{"@context":"https:\/\/schema.org","@graph":[{"@type":"WebPage","@id":"https:\/\/www.corredormato.com\/en\/sale-costa-brava\/sant-feliu-de-guixols\/apartments\/","url":"https:\/\/www.corredormato.com\/en\/sale-costa-brava\/sant-feliu-de-guixols\/apartments\/","name":"Corredor Mat\u00f3 Real Estate \u00b7 Apartments in Sant Feliu de Gu\u00edxols","isPartOf":{"@id":"https:\/\/www.corredormato.com\/en\/#website"},"primaryImageOfPage":{"@id":"https:\/\/www.corredormato.com\/en\/sale-costa-brava\/sant-feliu-de-guixols\/apartments\/#primaryimage"},"image":{"@id":"https:\/\/www.corredormato.com\/en\/sale-costa-brava\/sant-feliu-de-guixols\/apartments\/#primaryimage"},"thumbnailUrl":"https:\/\/www.corredormato.com\/wp-content\/uploads\/2024\/02\/FOTOS-IMATGES-PREVIEW-49.jpg","datePublished":"2023-10-28T07:09:35+00:00","dateModified":"2024-02-28T11:11:58+00:00","description":"If you are looking for an apartment in Sant Feliu de Gu\u00edxols, Corredor Mat\u00f3 can help you find it. Call us on 972 62 00 16.","breadcrumb":{"@id":"https:\/\/www.corredormato.com\/en\/sale-costa-brava\/sant-feliu-de-guixols\/apartments\/#breadcrumb"},"inLanguage":"en-US","potentialAction":[{"@type":"ReadAction","target":["https:\/\/www.corredormato.com\/en\/sale-costa-brava\/sant-feliu-de-guixols\/apartments\/"]}]},{"@type":"BreadcrumbList","@id":"https:\/\/www.corredormato.com\/en\/sale-costa-brava\/sant-feliu-de-guixols\/apartments\/#breadcrumb","itemListElement":[{"@type":"ListItem","position":1,"name":"Home","item":"https:\/\/www.corredormato.com\/en\/"},{"@type":"ListItem","position":2,"name":"Sale Costa Brava","item":"https:\/\/www.corredormato.com\/en\/venda-costa-brava\/"},{"@type":"ListItem","position":3,"name":"Properties for sale in Sant Feliu de Gu\u00edxols","item":"https:\/\/www.corredormato.com\/en\/venda-costa-brava\/sant-feliu-de-guixols\/"},{"@type":"ListItem","position":4,"name":"Apartments for sale in Sant Feliu de Gu\u00edxols"}]},{"@type":"WebSite","@id":"https:\/\/www.corredormato.com\/en\/#website","url":"https:\/\/www.corredormato.com\/en\/","name":"Corredor Mat\u00f3 Real Estate &amp; Property Management","description":"Real Estate &amp; Property Management","publisher":{"@id":"https:\/\/www.corredormato.com\/en\/#organization"},"alternateName":"Corredor Mat\u00f3","potentialAction":[{"@type":"SearchAction","target":{"@type":"EntryPoint","urlTemplate":"https:\/\/www.corredormato.com\/resultats-de-cerca-lloguer\/?search_text={search_term_string}"},"query-input":{"@type":"PropertyValueSpecification","valueRequired":true,"valueName":"search_term_string"}}],"inLanguage":"en-US"},{"@type":"Organization","@id":"https:\/\/www.corredormato.com\/en\/#organization","name":"Corredor Mat\u00f3 | Real Estate & Property Management","url":"https:\/\/www.corredormato.com\/en\/","logo":{"@type":"ImageObject","inLanguage":"en-US","@id":"https:\/\/www.corredormato.com\/en\/#\/schema\/logo\/image\/","url":"https:\/\/www.corredormato.com\/wp-content\/uploads\/2021\/04\/logo.png","contentUrl":"https:\/\/www.corredormato.com\/wp-content\/uploads\/2021\/04\/logo.png","width":970,"height":225,"caption":"Corredor Mat\u00f3 | Real Estate & Property Management"},"image":{"@id":"https:\/\/www.corredormato.com\/en\/#\/schema\/logo\/image\/"}}]}},"_links":{"self":[{"href":"https:\/\/www.corredormato.com\/en\/wp-json\/wp\/v2\/pages\/10578","targetHints":{"allow":["GET"]}}],"collection":[{"href":"https:\/\/www.corredormato.com\/en\/wp-json\/wp\/v2\/pages"}],"about":[{"href":"https:\/\/www.corredormato.com\/en\/wp-json\/wp\/v2\/types\/page"}],"author":[{"embeddable":true,"href":"https:\/\/www.corredormato.com\/en\/wp-json\/wp\/v2\/users\/4"}],"replies":[{"embeddable":true,"href":"https:\/\/www.corredormato.com\/en\/wp-json\/wp\/v2\/comments?post=10578"}],"version-history":[{"count":3,"href":"https:\/\/www.corredormato.com\/en\/wp-json\/wp\/v2\/pages\/10578\/revisions"}],"predecessor-version":[{"id":15215,"href":"https:\/\/www.corredormato.com\/en\/wp-json\/wp\/v2\/pages\/10578\/revisions\/15215"}],"up":[{"embeddable":true,"href":"https:\/\/www.corredormato.com\/en\/wp-json\/wp\/v2\/pages\/4680"}],"wp:featuredmedia":[{"embeddable":true,"href":"https:\/\/www.corredormato.com\/en\/wp-json\/wp\/v2\/media\/14555"}],"wp:attachment":[{"href":"https:\/\/www.corredormato.com\/en\/wp-json\/wp\/v2\/media?parent=10578"}],"curies":[{"name":"wp","href":"https:\/\/api.w.org\/{rel}","templated":true}]}}