{"id":10773,"date":"2023-11-02T10:16:24","date_gmt":"2023-11-02T08:16:24","guid":{"rendered":"http:\/\/52.30.243.130\/plots\/"},"modified":"2024-02-28T12:39:11","modified_gmt":"2024-02-28T10:39:11","slug":"plots","status":"publish","type":"page","link":"https:\/\/www.corredormato.com\/en\/sale-costa-brava\/sant-vicenc-de-montalt\/plots\/","title":{"rendered":"Plots for sale in Sant Vicen\u00e7 de Montalt"},"content":{"rendered":"\t\t<div data-elementor-type=\"wp-page\" data-elementor-id=\"10773\" class=\"elementor elementor-10773 elementor-8865\" data-elementor-post-type=\"page\">\n\t\t\t\t\t\t<section class=\"elementor-section elementor-top-section elementor-element elementor-element-7593696 elementor-section-full_width elementor-section-height-default elementor-section-height-default\" data-id=\"7593696\" data-element_type=\"section\" data-e-type=\"section\">\n\t\t\t\t\t\t<div class=\"elementor-container elementor-column-gap-default\">\n\t\t\t\t\t<div class=\"elementor-column elementor-col-100 elementor-top-column elementor-element elementor-element-499eefa\" data-id=\"499eefa\" data-element_type=\"column\" data-e-type=\"column\">\n\t\t\t<div class=\"elementor-widget-wrap elementor-element-populated\">\n\t\t\t\t\t\t<div class=\"elementor-element elementor-element-97613d5 listado-general elementor-widget elementor-widget-shortcode\" data-id=\"97613d5\" data-element_type=\"widget\" data-e-type=\"widget\" id=\"listado-general\" data-widget_type=\"shortcode.default\">\n\t\t\t\t<div class=\"elementor-widget-container\">\n\t\t\t\t\t\t\t<div class=\"elementor-shortcode\">  <div class=\"n2r__list n2r__list--empty\">\n    <h3>No results were found in the search, please contact us to help you.<\/h3>\n  <\/div>\n<\/div>\n\t\t\t\t\t\t<\/div>\n\t\t\t\t<\/div>\n\t\t\t\t\t<\/div>\n\t\t<\/div>\n\t\t\t\t\t<\/div>\n\t\t<\/section>\n\t\t\t\t<section class=\"elementor-section elementor-top-section elementor-element elementor-element-54758e6 elementor-section-boxed elementor-section-height-default elementor-section-height-default\" data-id=\"54758e6\" data-element_type=\"section\" data-e-type=\"section\" data-settings=\"{&quot;background_background&quot;:&quot;classic&quot;}\">\n\t\t\t\t\t\t<div class=\"elementor-container elementor-column-gap-default\">\n\t\t\t\t\t<div class=\"elementor-column elementor-col-100 elementor-top-column elementor-element elementor-element-da977e7\" data-id=\"da977e7\" data-element_type=\"column\" data-e-type=\"column\">\n\t\t\t<div class=\"elementor-widget-wrap elementor-element-populated\">\n\t\t\t\t\t\t<div class=\"elementor-element elementor-element-ee391cc elementor-widget__width-inherit elementor-widget elementor-widget-text-editor\" data-id=\"ee391cc\" data-element_type=\"widget\" data-e-type=\"widget\" data-widget_type=\"text-editor.default\">\n\t\t\t\t<div class=\"elementor-widget-container\">\n\t\t\t\t\t\t\t\t\t<h2>Your Dreamy Corner in Sant Vicen\u00e7 de Montalt<\/h2>\n<p>Discover a world where dreams take root in <strong>Sant Vicen\u00e7 de Montalt<\/strong>. Through <strong>Corredor Mat\u00f3<\/strong>, we invite you to explore not just a piece of land but the potential for a home amidst the murmur of the waves and the embrace of the mountains, a place where each sunrise promises new adventures.<\/p>\n<p>Here, near the pulse of <strong>Matar\u00f3<\/strong> and the serenity of <strong>Arenys de Mar<\/strong>, every plot for sale offers you more than just a space: it presents a future woven with your aspirations. Imagine a sanctuary designed by you, reflecting every desire, every hope.<\/p>\n<p>A piece of land in <strong>Sant Vicen\u00e7 de Montalt<\/strong> offers you the opportunity to materialize your dreams in an unparalleled <strong>Mediterranean<\/strong> beauty. With its location in the <strong>Costa del Maresme<\/strong> and panoramic sea views, this idyllic corner provides the chance to build the residence of your dreams, surrounded by nature and close to golden sandy beaches. Investing in a piece of land here not only secures your long-term legacy but also allows you to enjoy the tranquility and authenticity of a welcoming community, a rich cultural and gastronomic scene, and proximity to Barcelona. Whether to build your permanent home or a holiday getaway, a piece of land in <strong>Sant Vicen\u00e7 de Montalt<\/strong> grants you the chance to live the life you&#8217;ve always imagined on the<strong> Costa del Maresme<\/strong>. Explore our available land options and take the first step toward a future filled with comfort, beauty, and serenity in this <strong>Mediterranean<\/strong> paradise.<\/p>\n<p>Connect with us. Let the lands of <strong>Sant Vicen\u00e7 de Montalt<\/strong> show you the path to a horizon full of possibilities. Because at <strong>Corredor Mat\u00f3<\/strong>, each piece of land is the beginning of a dream come true.<\/p>\n\t\t\t\t\t\t\t\t<\/div>\n\t\t\t\t<\/div>\n\t\t\t\t\t<\/div>\n\t\t<\/div>\n\t\t\t\t\t<\/div>\n\t\t<\/section>\n\t\t\t\t<section class=\"elementor-section elementor-top-section elementor-element elementor-element-1591676 elementor-section-boxed elementor-section-height-default elementor-section-height-default\" data-id=\"1591676\" data-element_type=\"section\" data-e-type=\"section\" data-settings=\"{&quot;background_background&quot;:&quot;classic&quot;}\">\n\t\t\t\t\t\t<div class=\"elementor-container elementor-column-gap-default\">\n\t\t\t\t\t<div class=\"elementor-column elementor-col-100 elementor-top-column elementor-element elementor-element-23ac234\" data-id=\"23ac234\" data-element_type=\"column\" data-e-type=\"column\">\n\t\t\t<div class=\"elementor-widget-wrap elementor-element-populated\">\n\t\t\t\t\t\t<div class=\"elementor-element elementor-element-425eb2e elementor-widget elementor-widget-shortcode\" data-id=\"425eb2e\" data-element_type=\"widget\" data-e-type=\"widget\" data-widget_type=\"shortcode.default\">\n\t\t\t\t<div class=\"elementor-widget-container\">\n\t\t\t\t\t\t\t<div class=\"elementor-shortcode\"><style>.wp-show-posts-columns#wpsp-8901 {margin-left: -2em; }.wp-show-posts-columns#wpsp-8901 .wp-show-posts-inner {margin: 0 0 2em 2em; }<\/style><section id=\"wpsp-8901\" class=\" wp-show-posts-columns wp-show-posts\" style=\"\"><div class=\"wpsp-no-results\" style=\"margin-left: 2em;\"><p>No s'han trobat entrades.<\/p>\n<\/div><div class=\"wpsp-clear\"><\/div><\/section><!-- .wp-show-posts --><\/div>\n\t\t\t\t\t\t<\/div>\n\t\t\t\t<\/div>\n\t\t\t\t\t<\/div>\n\t\t<\/div>\n\t\t\t\t\t<\/div>\n\t\t<\/section>\n\t\t\t\t<\/div>\n\t\t","protected":false},"excerpt":{"rendered":"<p>Your Dreamy Corner in Sant Vicen\u00e7 de Montalt Discover a world where dreams take root in Sant Vicen\u00e7 de Montalt. Through Corredor Mat\u00f3, we invite you to explore not just a piece of land but the potential for a home amidst the murmur of the waves and the embrace of the mountains, a place where [&hellip;]<\/p>\n","protected":false},"author":4,"featured_media":9058,"parent":11448,"menu_order":0,"comment_status":"closed","ping_status":"closed","template":"","meta":{"footnotes":""},"class_list":["post-10773","page","type-page","status-publish","has-post-thumbnail","hentry"],"yoast_head":"<!-- This site is optimized with the Yoast SEO plugin v27.3 - https:\/\/yoast.com\/product\/yoast-seo-wordpress\/ -->\n<title>Corredor Mat\u00f3 Real Estate \u00b7 Plot in Sant Vicen\u00e7 de Montalt<\/title>\n<meta name=\"description\" content=\"Get the best plot for your project in Sant Vicen\u00e7 de Montalt and make your dream come true with Corredor Mat\u00f3.\" \/>\n<meta name=\"robots\" content=\"index, follow, max-snippet:-1, max-image-preview:large, max-video-preview:-1\" \/>\n<link rel=\"canonical\" href=\"https:\/\/www.corredormato.com\/en\/sale-costa-brava\/sant-vicenc-de-montalt\/plots\/\" \/>\n<meta property=\"og:locale\" content=\"en_US\" \/>\n<meta property=\"og:type\" content=\"article\" \/>\n<meta property=\"og:title\" content=\"Corredor Mat\u00f3 Real Estate \u00b7 Plot in Sant Vicen\u00e7 de Montalt\" \/>\n<meta property=\"og:description\" content=\"Get the best plot for your project in Sant Vicen\u00e7 de Montalt and make your dream come true with Corredor Mat\u00f3.\" \/>\n<meta property=\"og:url\" content=\"https:\/\/www.corredormato.com\/en\/sale-costa-brava\/sant-vicenc-de-montalt\/plots\/\" \/>\n<meta property=\"og:site_name\" content=\"Corredor Mat\u00f3 Real Estate &amp; Property Management\" \/>\n<meta property=\"article:modified_time\" content=\"2024-02-28T10:39:11+00:00\" \/>\n<meta property=\"og:image\" content=\"https:\/\/www.corredormato.com\/wp-content\/uploads\/2023\/10\/Disseny-sense-titol-2.png\" \/>\n\t<meta property=\"og:image:width\" content=\"1280\" \/>\n\t<meta property=\"og:image:height\" content=\"887\" \/>\n\t<meta property=\"og:image:type\" content=\"image\/png\" \/>\n<meta name=\"twitter:card\" content=\"summary_large_image\" \/>\n<meta name=\"twitter:label1\" content=\"Est. reading time\" \/>\n\t<meta name=\"twitter:data1\" content=\"2 minutes\" \/>\n<script type=\"application\/ld+json\" class=\"yoast-schema-graph\">{\"@context\":\"https:\\\/\\\/schema.org\",\"@graph\":[{\"@type\":\"WebPage\",\"@id\":\"https:\\\/\\\/www.corredormato.com\\\/en\\\/sale-costa-brava\\\/sant-vicenc-de-montalt\\\/plots\\\/\",\"url\":\"https:\\\/\\\/www.corredormato.com\\\/en\\\/sale-costa-brava\\\/sant-vicenc-de-montalt\\\/plots\\\/\",\"name\":\"Corredor Mat\u00f3 Real Estate \u00b7 Plot in Sant Vicen\u00e7 de Montalt\",\"isPartOf\":{\"@id\":\"https:\\\/\\\/www.corredormato.com\\\/en\\\/#website\"},\"primaryImageOfPage\":{\"@id\":\"https:\\\/\\\/www.corredormato.com\\\/en\\\/sale-costa-brava\\\/sant-vicenc-de-montalt\\\/plots\\\/#primaryimage\"},\"image\":{\"@id\":\"https:\\\/\\\/www.corredormato.com\\\/en\\\/sale-costa-brava\\\/sant-vicenc-de-montalt\\\/plots\\\/#primaryimage\"},\"thumbnailUrl\":\"https:\\\/\\\/www.corredormato.com\\\/wp-content\\\/uploads\\\/2023\\\/10\\\/Disseny-sense-titol-2.png\",\"datePublished\":\"2023-11-02T08:16:24+00:00\",\"dateModified\":\"2024-02-28T10:39:11+00:00\",\"description\":\"Get the best plot for your project in Sant Vicen\u00e7 de Montalt and make your dream come true with Corredor Mat\u00f3.\",\"breadcrumb\":{\"@id\":\"https:\\\/\\\/www.corredormato.com\\\/en\\\/sale-costa-brava\\\/sant-vicenc-de-montalt\\\/plots\\\/#breadcrumb\"},\"inLanguage\":\"en-US\",\"potentialAction\":[{\"@type\":\"ReadAction\",\"target\":[\"https:\\\/\\\/www.corredormato.com\\\/en\\\/sale-costa-brava\\\/sant-vicenc-de-montalt\\\/plots\\\/\"]}]},{\"@type\":\"BreadcrumbList\",\"@id\":\"https:\\\/\\\/www.corredormato.com\\\/en\\\/sale-costa-brava\\\/sant-vicenc-de-montalt\\\/plots\\\/#breadcrumb\",\"itemListElement\":[{\"@type\":\"ListItem\",\"position\":1,\"name\":\"Home\",\"item\":\"https:\\\/\\\/www.corredormato.com\\\/en\\\/\"},{\"@type\":\"ListItem\",\"position\":2,\"name\":\"Sale Costa Brava\",\"item\":\"https:\\\/\\\/www.corredormato.com\\\/en\\\/venda-costa-brava\\\/\"},{\"@type\":\"ListItem\",\"position\":3,\"name\":\"Properties for sale in Sant Vicen\u00e7 de Montalt\",\"item\":\"https:\\\/\\\/www.corredormato.com\\\/en\\\/venda-costa-brava\\\/sant-vicenc-de-montalt\\\/\"},{\"@type\":\"ListItem\",\"position\":4,\"name\":\"Plots for sale in Sant Vicen\u00e7 de Montalt\"}]},{\"@type\":\"WebSite\",\"@id\":\"https:\\\/\\\/www.corredormato.com\\\/en\\\/#website\",\"url\":\"https:\\\/\\\/www.corredormato.com\\\/en\\\/\",\"name\":\"Corredor Mat\u00f3 Real Estate &amp; Property Management\",\"description\":\"Real Estate &amp; Property Management\",\"publisher\":{\"@id\":\"https:\\\/\\\/www.corredormato.com\\\/en\\\/#organization\"},\"alternateName\":\"Corredor Mat\u00f3\",\"potentialAction\":[{\"@type\":\"SearchAction\",\"target\":{\"@type\":\"EntryPoint\",\"urlTemplate\":\"https:\\\/\\\/www.corredormato.com\\\/resultats-de-cerca-lloguer\\\/?search_text={search_term_string}\"},\"query-input\":{\"@type\":\"PropertyValueSpecification\",\"valueRequired\":true,\"valueName\":\"search_term_string\"}}],\"inLanguage\":\"en-US\"},{\"@type\":\"Organization\",\"@id\":\"https:\\\/\\\/www.corredormato.com\\\/en\\\/#organization\",\"name\":\"Corredor Mat\u00f3 | Real Estate & Property Management\",\"url\":\"https:\\\/\\\/www.corredormato.com\\\/en\\\/\",\"logo\":{\"@type\":\"ImageObject\",\"inLanguage\":\"en-US\",\"@id\":\"https:\\\/\\\/www.corredormato.com\\\/en\\\/#\\\/schema\\\/logo\\\/image\\\/\",\"url\":\"https:\\\/\\\/www.corredormato.com\\\/wp-content\\\/uploads\\\/2021\\\/04\\\/logo.png\",\"contentUrl\":\"https:\\\/\\\/www.corredormato.com\\\/wp-content\\\/uploads\\\/2021\\\/04\\\/logo.png\",\"width\":970,\"height\":225,\"caption\":\"Corredor Mat\u00f3 | Real Estate & Property Management\"},\"image\":{\"@id\":\"https:\\\/\\\/www.corredormato.com\\\/en\\\/#\\\/schema\\\/logo\\\/image\\\/\"}}]}<\/script>\n<!-- \/ Yoast SEO plugin. -->","yoast_head_json":{"title":"Corredor Mat\u00f3 Real Estate \u00b7 Plot in Sant Vicen\u00e7 de Montalt","description":"Get the best plot for your project in Sant Vicen\u00e7 de Montalt and make your dream come true with Corredor Mat\u00f3.","robots":{"index":"index","follow":"follow","max-snippet":"max-snippet:-1","max-image-preview":"max-image-preview:large","max-video-preview":"max-video-preview:-1"},"canonical":"https:\/\/www.corredormato.com\/en\/sale-costa-brava\/sant-vicenc-de-montalt\/plots\/","og_locale":"en_US","og_type":"article","og_title":"Corredor Mat\u00f3 Real Estate \u00b7 Plot in Sant Vicen\u00e7 de Montalt","og_description":"Get the best plot for your project in Sant Vicen\u00e7 de Montalt and make your dream come true with Corredor Mat\u00f3.","og_url":"https:\/\/www.corredormato.com\/en\/sale-costa-brava\/sant-vicenc-de-montalt\/plots\/","og_site_name":"Corredor Mat\u00f3 Real Estate &amp; Property Management","article_modified_time":"2024-02-28T10:39:11+00:00","og_image":[{"width":1280,"height":887,"url":"https:\/\/www.corredormato.com\/wp-content\/uploads\/2023\/10\/Disseny-sense-titol-2.png","type":"image\/png"}],"twitter_card":"summary_large_image","twitter_misc":{"Est. reading time":"2 minutes"},"schema":{"@context":"https:\/\/schema.org","@graph":[{"@type":"WebPage","@id":"https:\/\/www.corredormato.com\/en\/sale-costa-brava\/sant-vicenc-de-montalt\/plots\/","url":"https:\/\/www.corredormato.com\/en\/sale-costa-brava\/sant-vicenc-de-montalt\/plots\/","name":"Corredor Mat\u00f3 Real Estate \u00b7 Plot in Sant Vicen\u00e7 de Montalt","isPartOf":{"@id":"https:\/\/www.corredormato.com\/en\/#website"},"primaryImageOfPage":{"@id":"https:\/\/www.corredormato.com\/en\/sale-costa-brava\/sant-vicenc-de-montalt\/plots\/#primaryimage"},"image":{"@id":"https:\/\/www.corredormato.com\/en\/sale-costa-brava\/sant-vicenc-de-montalt\/plots\/#primaryimage"},"thumbnailUrl":"https:\/\/www.corredormato.com\/wp-content\/uploads\/2023\/10\/Disseny-sense-titol-2.png","datePublished":"2023-11-02T08:16:24+00:00","dateModified":"2024-02-28T10:39:11+00:00","description":"Get the best plot for your project in Sant Vicen\u00e7 de Montalt and make your dream come true with Corredor Mat\u00f3.","breadcrumb":{"@id":"https:\/\/www.corredormato.com\/en\/sale-costa-brava\/sant-vicenc-de-montalt\/plots\/#breadcrumb"},"inLanguage":"en-US","potentialAction":[{"@type":"ReadAction","target":["https:\/\/www.corredormato.com\/en\/sale-costa-brava\/sant-vicenc-de-montalt\/plots\/"]}]},{"@type":"BreadcrumbList","@id":"https:\/\/www.corredormato.com\/en\/sale-costa-brava\/sant-vicenc-de-montalt\/plots\/#breadcrumb","itemListElement":[{"@type":"ListItem","position":1,"name":"Home","item":"https:\/\/www.corredormato.com\/en\/"},{"@type":"ListItem","position":2,"name":"Sale Costa Brava","item":"https:\/\/www.corredormato.com\/en\/venda-costa-brava\/"},{"@type":"ListItem","position":3,"name":"Properties for sale in Sant Vicen\u00e7 de Montalt","item":"https:\/\/www.corredormato.com\/en\/venda-costa-brava\/sant-vicenc-de-montalt\/"},{"@type":"ListItem","position":4,"name":"Plots for sale in Sant Vicen\u00e7 de Montalt"}]},{"@type":"WebSite","@id":"https:\/\/www.corredormato.com\/en\/#website","url":"https:\/\/www.corredormato.com\/en\/","name":"Corredor Mat\u00f3 Real Estate &amp; Property Management","description":"Real Estate &amp; Property Management","publisher":{"@id":"https:\/\/www.corredormato.com\/en\/#organization"},"alternateName":"Corredor Mat\u00f3","potentialAction":[{"@type":"SearchAction","target":{"@type":"EntryPoint","urlTemplate":"https:\/\/www.corredormato.com\/resultats-de-cerca-lloguer\/?search_text={search_term_string}"},"query-input":{"@type":"PropertyValueSpecification","valueRequired":true,"valueName":"search_term_string"}}],"inLanguage":"en-US"},{"@type":"Organization","@id":"https:\/\/www.corredormato.com\/en\/#organization","name":"Corredor Mat\u00f3 | Real Estate & Property Management","url":"https:\/\/www.corredormato.com\/en\/","logo":{"@type":"ImageObject","inLanguage":"en-US","@id":"https:\/\/www.corredormato.com\/en\/#\/schema\/logo\/image\/","url":"https:\/\/www.corredormato.com\/wp-content\/uploads\/2021\/04\/logo.png","contentUrl":"https:\/\/www.corredormato.com\/wp-content\/uploads\/2021\/04\/logo.png","width":970,"height":225,"caption":"Corredor Mat\u00f3 | Real Estate & Property Management"},"image":{"@id":"https:\/\/www.corredormato.com\/en\/#\/schema\/logo\/image\/"}}]}},"_links":{"self":[{"href":"https:\/\/www.corredormato.com\/en\/wp-json\/wp\/v2\/pages\/10773","targetHints":{"allow":["GET"]}}],"collection":[{"href":"https:\/\/www.corredormato.com\/en\/wp-json\/wp\/v2\/pages"}],"about":[{"href":"https:\/\/www.corredormato.com\/en\/wp-json\/wp\/v2\/types\/page"}],"author":[{"embeddable":true,"href":"https:\/\/www.corredormato.com\/en\/wp-json\/wp\/v2\/users\/4"}],"replies":[{"embeddable":true,"href":"https:\/\/www.corredormato.com\/en\/wp-json\/wp\/v2\/comments?post=10773"}],"version-history":[{"count":2,"href":"https:\/\/www.corredormato.com\/en\/wp-json\/wp\/v2\/pages\/10773\/revisions"}],"predecessor-version":[{"id":15181,"href":"https:\/\/www.corredormato.com\/en\/wp-json\/wp\/v2\/pages\/10773\/revisions\/15181"}],"up":[{"embeddable":true,"href":"https:\/\/www.corredormato.com\/en\/wp-json\/wp\/v2\/pages\/11448"}],"wp:featuredmedia":[{"embeddable":true,"href":"https:\/\/www.corredormato.com\/en\/wp-json\/wp\/v2\/media\/9058"}],"wp:attachment":[{"href":"https:\/\/www.corredormato.com\/en\/wp-json\/wp\/v2\/media?parent=10773"}],"curies":[{"name":"wp","href":"https:\/\/api.w.org\/{rel}","templated":true}]}}