{"id":13915,"date":"2024-02-09T14:46:49","date_gmt":"2024-02-09T12:46:49","guid":{"rendered":"https:\/\/www.corredormato.com\/sale-costa-brava\/mataro\/pisos\/"},"modified":"2024-03-01T09:13:21","modified_gmt":"2024-03-01T07:13:21","slug":"pisos","status":"publish","type":"page","link":"https:\/\/www.corredormato.com\/en\/sale-costa-brava\/mataro\/pisos\/","title":{"rendered":"Pisos en venta en Matar\u00f3"},"content":{"rendered":"\t\t<div data-elementor-type=\"wp-page\" data-elementor-id=\"13915\" class=\"elementor elementor-13915 elementor-13289\" data-elementor-post-type=\"page\">\n\t\t\t\t\t\t<section class=\"elementor-section elementor-top-section elementor-element elementor-element-f307976 elementor-section-full_width elementor-section-height-default elementor-section-height-default\" data-id=\"f307976\" data-element_type=\"section\" data-e-type=\"section\">\n\t\t\t\t\t\t<div class=\"elementor-container elementor-column-gap-default\">\n\t\t\t\t\t<div class=\"elementor-column elementor-col-100 elementor-top-column elementor-element elementor-element-822b86f\" data-id=\"822b86f\" data-element_type=\"column\" data-e-type=\"column\">\n\t\t\t<div class=\"elementor-widget-wrap elementor-element-populated\">\n\t\t\t\t\t\t<div class=\"elementor-element elementor-element-8e7935f listado-general elementor-widget elementor-widget-shortcode\" data-id=\"8e7935f\" data-element_type=\"widget\" data-e-type=\"widget\" data-widget_type=\"shortcode.default\">\n\t\t\t\t<div class=\"elementor-widget-container\">\n\t\t\t\t\t\t\t<div class=\"elementor-shortcode\">  <div class=\"n2r__list n2r__list--empty\">\n    <h3>No results were found in the search, please contact us to help you.<\/h3>\n  <\/div>\n<\/div>\n\t\t\t\t\t\t<\/div>\n\t\t\t\t<\/div>\n\t\t\t\t\t<\/div>\n\t\t<\/div>\n\t\t\t\t\t<\/div>\n\t\t<\/section>\n\t\t\t\t<section class=\"elementor-section elementor-top-section elementor-element elementor-element-f5e6c3a elementor-section-boxed elementor-section-height-default elementor-section-height-default\" data-id=\"f5e6c3a\" data-element_type=\"section\" data-e-type=\"section\">\n\t\t\t\t\t\t<div class=\"elementor-container elementor-column-gap-default\">\n\t\t\t\t\t<div class=\"elementor-column elementor-col-100 elementor-top-column elementor-element elementor-element-79dbfd1\" data-id=\"79dbfd1\" data-element_type=\"column\" data-e-type=\"column\">\n\t\t\t<div class=\"elementor-widget-wrap elementor-element-populated\">\n\t\t\t\t\t\t<div class=\"elementor-element elementor-element-da9f5aa elementor-widget elementor-widget-text-editor\" data-id=\"da9f5aa\" data-element_type=\"widget\" data-e-type=\"widget\" data-widget_type=\"text-editor.default\">\n\t\t\t\t<div class=\"elementor-widget-container\">\n\t\t\t\t\t\t\t\t\t<p><span style=\"font-weight: 400;\">Explore a unique opportunity to live on the coast with our apartments for sale in <strong>Matar\u00f3<\/strong>. With <strong>Corredor Mat\u00f3<\/strong>, we open the doors to Mediterranean life, offering an exclusive range of properties adapted to all lifestyles and preferences. Discover how our real estate agency can help you find the perfect apartment in this charming Catalan city.<\/span><\/p>\n<p><span style=\"font-weight: 400;\"><strong>Matar\u00f3<\/strong>, located on the north coast of <strong>Barcelona<\/strong>, has a great reputation as a coastal destination with a unique charm. Its golden sandy beaches, ancient cobbled streets and relaxed atmosphere make this city a perfect place to call home. With <strong>Corredor Mat\u00f3<\/strong>, you will not only find a property, but also a unique life experience.<\/span><\/p>\n<p><span style=\"font-weight: 400;\">Our flats for sale in <strong>Matar\u00f3<\/strong> are designed to meet the different needs of buyers. From modern apartments with sea views to cozy residences in the old town, we offer a wide range of properties. With features like well-designed interiors, panoramic balconies and exclusive communities, we&#8217;re sure we have the perfect option for you.<\/span><\/p>\n<p><span style=\"font-weight: 400;\">Each neighborhood in <strong>Matar\u00f3<\/strong> has its own personality and unique advantages. From the old town with its rich history to modern developments with all the amenities, we offer apartments for sale that embrace the diversity of this coastal city. Whether you are looking for a quiet atmosphere or the energy of the city center, we have a property for you.<\/span><\/p>\n<p><span style=\"font-weight: 400;\">With years of experience in the local real estate market, we offer a personalized service that really stands out. Our team of professionals understands that buying an apartment is an important decision. We&#8217;re here to guide you every step of the way, from initial research to signing the papers. With a wide network and local knowledge, we have access to the best opportunities in the market.<\/span><\/p>\n<p><span style=\"font-weight: 400;\">Discover the comfort of living on the Catalan coast with our flats for sale in <strong>Matar\u00f3<\/strong>. With <strong>Corredor Mat\u00f3<\/strong>, you will find more than a property; you will find your place in this very special city. Start your search today and let us be part of your journey to a new home in <strong>Matar\u00f3<\/strong>.<\/span><\/p>\n\t\t\t\t\t\t\t\t<\/div>\n\t\t\t\t<\/div>\n\t\t\t\t\t<\/div>\n\t\t<\/div>\n\t\t\t\t\t<\/div>\n\t\t<\/section>\n\t\t\t\t<section class=\"elementor-section elementor-top-section elementor-element elementor-element-28d1579 elementor-section-boxed elementor-section-height-default elementor-section-height-default\" data-id=\"28d1579\" data-element_type=\"section\" data-e-type=\"section\">\n\t\t\t\t\t\t<div class=\"elementor-container elementor-column-gap-default\">\n\t\t\t\t\t<div class=\"elementor-column elementor-col-100 elementor-top-column elementor-element elementor-element-203c958\" data-id=\"203c958\" data-element_type=\"column\" data-e-type=\"column\">\n\t\t\t<div class=\"elementor-widget-wrap elementor-element-populated\">\n\t\t\t\t\t\t<div class=\"elementor-element elementor-element-b481fed elementor-widget elementor-widget-shortcode\" data-id=\"b481fed\" data-element_type=\"widget\" data-e-type=\"widget\" data-widget_type=\"shortcode.default\">\n\t\t\t\t<div class=\"elementor-widget-container\">\n\t\t\t\t\t\t\t<div class=\"elementor-shortcode\"><style>.wp-show-posts-columns#wpsp-8456 {margin-left: -2em; }.wp-show-posts-columns#wpsp-8456 .wp-show-posts-inner {margin: 0 0 2em 2em; }<\/style><section id=\"wpsp-8456\" class=\" wp-show-posts-columns wp-show-posts\" style=\"\"><article class=\" wp-show-posts-single post-8380 page type-page status-publish has-post-thumbnail hentry wpsp-col-6\" itemtype=\"http:\/\/schema.org\/CreativeWork\" itemscope><div class=\"wp-show-posts-inner\" style=\"\">\t\t\t\t\t\t<header class=\"wp-show-posts-entry-header\">\n\t\t\t\t\t\t\t<h3 class=\"wp-show-posts-entry-title\" itemprop=\"headline\"><a href=\"https:\/\/www.corredormato.com\/en\/sale-costa-brava\/flats\/\" rel=\"bookmark\">Flats for sale on the Costa Brava<\/a><\/h3>\t\t\t\t\t\t<\/header><!-- .entry-header -->\n\t\t\t\t\t\t\t<div class=\"wp-show-posts-image  wpsp-image-center \">\n\t\t\t<a href=\"https:\/\/www.corredormato.com\/en\/sale-costa-brava\/flats\/\"  title=\"Flats for sale on the Costa Brava\"><img fetchpriority=\"high\" decoding=\"async\" width=\"1280\" height=\"887\" src=\"https:\/\/www.corredormato.com\/wp-content\/uploads\/2023\/10\/apartment01.jpg\" class=\"attachment-full size-full wp-post-image\" alt=\"Pisos en venda a la Costa Brava\" itemprop=\"image\" srcset=\"https:\/\/www.corredormato.com\/wp-content\/uploads\/2023\/10\/apartment01.jpg 1280w, https:\/\/www.corredormato.com\/wp-content\/uploads\/2023\/10\/apartment01-300x208.jpg 300w, https:\/\/www.corredormato.com\/wp-content\/uploads\/2023\/10\/apartment01-1024x710.jpg 1024w, https:\/\/www.corredormato.com\/wp-content\/uploads\/2023\/10\/apartment01-768x532.jpg 768w\" sizes=\"(max-width: 1280px) 100vw, 1280px\" \/><\/a>\t\t<\/div>\n\t\t<\/div><!-- wp-show-posts-inner --><\/article><article class=\" wp-show-posts-single post-8370 page type-page status-publish has-post-thumbnail hentry wpsp-col-6\" itemtype=\"http:\/\/schema.org\/CreativeWork\" itemscope><div class=\"wp-show-posts-inner\" style=\"\">\t\t\t\t\t\t<header class=\"wp-show-posts-entry-header\">\n\t\t\t\t\t\t\t<h3 class=\"wp-show-posts-entry-title\" itemprop=\"headline\"><a href=\"https:\/\/www.corredormato.com\/en\/sale-costa-brava\/flats\/sea-views\/\" rel=\"bookmark\">Flats for sale on the Costa Brava with sea views<\/a><\/h3>\t\t\t\t\t\t<\/header><!-- .entry-header -->\n\t\t\t\t\t\t\t<div class=\"wp-show-posts-image  wpsp-image-center \">\n\t\t\t<a href=\"https:\/\/www.corredormato.com\/en\/sale-costa-brava\/flats\/sea-views\/\"  title=\"Flats for sale on the Costa Brava with sea views\"><img decoding=\"async\" width=\"1280\" height=\"887\" src=\"https:\/\/www.corredormato.com\/wp-content\/uploads\/2023\/10\/apartment02.jpg\" class=\"attachment-full size-full wp-post-image\" alt=\"Pisos en venda a la Costa Brava amb vistes al mar\" itemprop=\"image\" srcset=\"https:\/\/www.corredormato.com\/wp-content\/uploads\/2023\/10\/apartment02.jpg 1280w, https:\/\/www.corredormato.com\/wp-content\/uploads\/2023\/10\/apartment02-300x208.jpg 300w, https:\/\/www.corredormato.com\/wp-content\/uploads\/2023\/10\/apartment02-1024x710.jpg 1024w, https:\/\/www.corredormato.com\/wp-content\/uploads\/2023\/10\/apartment02-768x532.jpg 768w\" sizes=\"(max-width: 1280px) 100vw, 1280px\" \/><\/a>\t\t<\/div>\n\t\t<\/div><!-- wp-show-posts-inner --><\/article><div class=\"wpsp-clear\"><\/div><\/section><!-- .wp-show-posts --><\/div>\n\t\t\t\t\t\t<\/div>\n\t\t\t\t<\/div>\n\t\t\t\t\t<\/div>\n\t\t<\/div>\n\t\t\t\t\t<\/div>\n\t\t<\/section>\n\t\t\t\t<\/div>\n\t\t","protected":false},"excerpt":{"rendered":"<p>Explore a unique opportunity to live on the coast with our apartments for sale in Matar\u00f3. With Corredor Mat\u00f3, we open the doors to Mediterranean life, offering an exclusive range of properties adapted to all lifestyles and preferences. Discover how our real estate agency can help you find the perfect apartment in this charming Catalan [&hellip;]<\/p>\n","protected":false},"author":4,"featured_media":15594,"parent":13906,"menu_order":0,"comment_status":"closed","ping_status":"closed","template":"","meta":{"footnotes":""},"class_list":["post-13915","page","type-page","status-publish","has-post-thumbnail","hentry"],"yoast_head":"<!-- This site is optimized with the Yoast SEO plugin v27.3 - https:\/\/yoast.com\/product\/yoast-seo-wordpress\/ -->\n<title>Corredor Mat\u00f3 Real Estate \u00b7 Pisos en venta en Matar\u00f3<\/title>\n<meta name=\"description\" content=\"Corredor Mat\u00f3 te puede ayudar a encontrar uno de los pisos en venta en Matar\u00f3 que pueda ser de tu inter\u00e9s, ll\u00e1manos al 972 62 00 16.\" \/>\n<meta name=\"robots\" content=\"index, follow, max-snippet:-1, max-image-preview:large, max-video-preview:-1\" \/>\n<link rel=\"canonical\" href=\"https:\/\/www.corredormato.com\/en\/sale-costa-brava\/mataro\/pisos\/\" \/>\n<meta property=\"og:locale\" content=\"en_US\" \/>\n<meta property=\"og:type\" content=\"article\" \/>\n<meta property=\"og:title\" content=\"Corredor Mat\u00f3 Real Estate \u00b7 Pisos en venta en Matar\u00f3\" \/>\n<meta property=\"og:description\" content=\"Corredor Mat\u00f3 te puede ayudar a encontrar uno de los pisos en venta en Matar\u00f3 que pueda ser de tu inter\u00e9s, ll\u00e1manos al 972 62 00 16.\" \/>\n<meta property=\"og:url\" content=\"https:\/\/www.corredormato.com\/en\/sale-costa-brava\/mataro\/pisos\/\" \/>\n<meta property=\"og:site_name\" content=\"Corredor Mat\u00f3 Real Estate &amp; Property Management\" \/>\n<meta property=\"article:modified_time\" content=\"2024-03-01T07:13:21+00:00\" \/>\n<meta property=\"og:image\" content=\"https:\/\/www.corredormato.com\/wp-content\/uploads\/2024\/03\/FOTOS-IMATGES-PREVIEW-52.jpg\" \/>\n\t<meta property=\"og:image:width\" content=\"1280\" \/>\n\t<meta property=\"og:image:height\" content=\"887\" \/>\n\t<meta property=\"og:image:type\" content=\"image\/jpeg\" \/>\n<meta name=\"twitter:card\" content=\"summary_large_image\" \/>\n<meta name=\"twitter:label1\" content=\"Est. reading time\" \/>\n\t<meta name=\"twitter:data1\" content=\"2 minutes\" \/>\n<script type=\"application\/ld+json\" class=\"yoast-schema-graph\">{\"@context\":\"https:\\\/\\\/schema.org\",\"@graph\":[{\"@type\":\"WebPage\",\"@id\":\"https:\\\/\\\/www.corredormato.com\\\/en\\\/sale-costa-brava\\\/mataro\\\/pisos\\\/\",\"url\":\"https:\\\/\\\/www.corredormato.com\\\/en\\\/sale-costa-brava\\\/mataro\\\/pisos\\\/\",\"name\":\"Corredor Mat\u00f3 Real Estate \u00b7 Pisos en venta en Matar\u00f3\",\"isPartOf\":{\"@id\":\"https:\\\/\\\/www.corredormato.com\\\/en\\\/#website\"},\"primaryImageOfPage\":{\"@id\":\"https:\\\/\\\/www.corredormato.com\\\/en\\\/sale-costa-brava\\\/mataro\\\/pisos\\\/#primaryimage\"},\"image\":{\"@id\":\"https:\\\/\\\/www.corredormato.com\\\/en\\\/sale-costa-brava\\\/mataro\\\/pisos\\\/#primaryimage\"},\"thumbnailUrl\":\"https:\\\/\\\/www.corredormato.com\\\/wp-content\\\/uploads\\\/2024\\\/03\\\/FOTOS-IMATGES-PREVIEW-52.jpg\",\"datePublished\":\"2024-02-09T12:46:49+00:00\",\"dateModified\":\"2024-03-01T07:13:21+00:00\",\"description\":\"Corredor Mat\u00f3 te puede ayudar a encontrar uno de los pisos en venta en Matar\u00f3 que pueda ser de tu inter\u00e9s, ll\u00e1manos al 972 62 00 16.\",\"breadcrumb\":{\"@id\":\"https:\\\/\\\/www.corredormato.com\\\/en\\\/sale-costa-brava\\\/mataro\\\/pisos\\\/#breadcrumb\"},\"inLanguage\":\"en-US\",\"potentialAction\":[{\"@type\":\"ReadAction\",\"target\":[\"https:\\\/\\\/www.corredormato.com\\\/en\\\/sale-costa-brava\\\/mataro\\\/pisos\\\/\"]}]},{\"@type\":\"BreadcrumbList\",\"@id\":\"https:\\\/\\\/www.corredormato.com\\\/en\\\/sale-costa-brava\\\/mataro\\\/pisos\\\/#breadcrumb\",\"itemListElement\":[{\"@type\":\"ListItem\",\"position\":1,\"name\":\"Home\",\"item\":\"https:\\\/\\\/www.corredormato.com\\\/en\\\/\"},{\"@type\":\"ListItem\",\"position\":2,\"name\":\"Sale Costa Brava\",\"item\":\"https:\\\/\\\/www.corredormato.com\\\/en\\\/venda-costa-brava\\\/\"},{\"@type\":\"ListItem\",\"position\":3,\"name\":\"Properties for sale in Matar\u00f3\",\"item\":\"https:\\\/\\\/www.corredormato.com\\\/en\\\/venda-costa-brava\\\/mataro\\\/\"},{\"@type\":\"ListItem\",\"position\":4,\"name\":\"Pisos en venta en Matar\u00f3\"}]},{\"@type\":\"WebSite\",\"@id\":\"https:\\\/\\\/www.corredormato.com\\\/en\\\/#website\",\"url\":\"https:\\\/\\\/www.corredormato.com\\\/en\\\/\",\"name\":\"Corredor Mat\u00f3 Real Estate &amp; Property Management\",\"description\":\"Real Estate &amp; Property Management\",\"publisher\":{\"@id\":\"https:\\\/\\\/www.corredormato.com\\\/en\\\/#organization\"},\"alternateName\":\"Corredor Mat\u00f3\",\"potentialAction\":[{\"@type\":\"SearchAction\",\"target\":{\"@type\":\"EntryPoint\",\"urlTemplate\":\"https:\\\/\\\/www.corredormato.com\\\/resultats-de-cerca-lloguer\\\/?search_text={search_term_string}\"},\"query-input\":{\"@type\":\"PropertyValueSpecification\",\"valueRequired\":true,\"valueName\":\"search_term_string\"}}],\"inLanguage\":\"en-US\"},{\"@type\":\"Organization\",\"@id\":\"https:\\\/\\\/www.corredormato.com\\\/en\\\/#organization\",\"name\":\"Corredor Mat\u00f3 | Real Estate & Property Management\",\"url\":\"https:\\\/\\\/www.corredormato.com\\\/en\\\/\",\"logo\":{\"@type\":\"ImageObject\",\"inLanguage\":\"en-US\",\"@id\":\"https:\\\/\\\/www.corredormato.com\\\/en\\\/#\\\/schema\\\/logo\\\/image\\\/\",\"url\":\"https:\\\/\\\/www.corredormato.com\\\/wp-content\\\/uploads\\\/2021\\\/04\\\/logo.png\",\"contentUrl\":\"https:\\\/\\\/www.corredormato.com\\\/wp-content\\\/uploads\\\/2021\\\/04\\\/logo.png\",\"width\":970,\"height\":225,\"caption\":\"Corredor Mat\u00f3 | Real Estate & Property Management\"},\"image\":{\"@id\":\"https:\\\/\\\/www.corredormato.com\\\/en\\\/#\\\/schema\\\/logo\\\/image\\\/\"}}]}<\/script>\n<!-- \/ Yoast SEO plugin. -->","yoast_head_json":{"title":"Corredor Mat\u00f3 Real Estate \u00b7 Pisos en venta en Matar\u00f3","description":"Corredor Mat\u00f3 te puede ayudar a encontrar uno de los pisos en venta en Matar\u00f3 que pueda ser de tu inter\u00e9s, ll\u00e1manos al 972 62 00 16.","robots":{"index":"index","follow":"follow","max-snippet":"max-snippet:-1","max-image-preview":"max-image-preview:large","max-video-preview":"max-video-preview:-1"},"canonical":"https:\/\/www.corredormato.com\/en\/sale-costa-brava\/mataro\/pisos\/","og_locale":"en_US","og_type":"article","og_title":"Corredor Mat\u00f3 Real Estate \u00b7 Pisos en venta en Matar\u00f3","og_description":"Corredor Mat\u00f3 te puede ayudar a encontrar uno de los pisos en venta en Matar\u00f3 que pueda ser de tu inter\u00e9s, ll\u00e1manos al 972 62 00 16.","og_url":"https:\/\/www.corredormato.com\/en\/sale-costa-brava\/mataro\/pisos\/","og_site_name":"Corredor Mat\u00f3 Real Estate &amp; Property Management","article_modified_time":"2024-03-01T07:13:21+00:00","og_image":[{"width":1280,"height":887,"url":"https:\/\/www.corredormato.com\/wp-content\/uploads\/2024\/03\/FOTOS-IMATGES-PREVIEW-52.jpg","type":"image\/jpeg"}],"twitter_card":"summary_large_image","twitter_misc":{"Est. reading time":"2 minutes"},"schema":{"@context":"https:\/\/schema.org","@graph":[{"@type":"WebPage","@id":"https:\/\/www.corredormato.com\/en\/sale-costa-brava\/mataro\/pisos\/","url":"https:\/\/www.corredormato.com\/en\/sale-costa-brava\/mataro\/pisos\/","name":"Corredor Mat\u00f3 Real Estate \u00b7 Pisos en venta en Matar\u00f3","isPartOf":{"@id":"https:\/\/www.corredormato.com\/en\/#website"},"primaryImageOfPage":{"@id":"https:\/\/www.corredormato.com\/en\/sale-costa-brava\/mataro\/pisos\/#primaryimage"},"image":{"@id":"https:\/\/www.corredormato.com\/en\/sale-costa-brava\/mataro\/pisos\/#primaryimage"},"thumbnailUrl":"https:\/\/www.corredormato.com\/wp-content\/uploads\/2024\/03\/FOTOS-IMATGES-PREVIEW-52.jpg","datePublished":"2024-02-09T12:46:49+00:00","dateModified":"2024-03-01T07:13:21+00:00","description":"Corredor Mat\u00f3 te puede ayudar a encontrar uno de los pisos en venta en Matar\u00f3 que pueda ser de tu inter\u00e9s, ll\u00e1manos al 972 62 00 16.","breadcrumb":{"@id":"https:\/\/www.corredormato.com\/en\/sale-costa-brava\/mataro\/pisos\/#breadcrumb"},"inLanguage":"en-US","potentialAction":[{"@type":"ReadAction","target":["https:\/\/www.corredormato.com\/en\/sale-costa-brava\/mataro\/pisos\/"]}]},{"@type":"BreadcrumbList","@id":"https:\/\/www.corredormato.com\/en\/sale-costa-brava\/mataro\/pisos\/#breadcrumb","itemListElement":[{"@type":"ListItem","position":1,"name":"Home","item":"https:\/\/www.corredormato.com\/en\/"},{"@type":"ListItem","position":2,"name":"Sale Costa Brava","item":"https:\/\/www.corredormato.com\/en\/venda-costa-brava\/"},{"@type":"ListItem","position":3,"name":"Properties for sale in Matar\u00f3","item":"https:\/\/www.corredormato.com\/en\/venda-costa-brava\/mataro\/"},{"@type":"ListItem","position":4,"name":"Pisos en venta en Matar\u00f3"}]},{"@type":"WebSite","@id":"https:\/\/www.corredormato.com\/en\/#website","url":"https:\/\/www.corredormato.com\/en\/","name":"Corredor Mat\u00f3 Real Estate &amp; Property Management","description":"Real Estate &amp; Property Management","publisher":{"@id":"https:\/\/www.corredormato.com\/en\/#organization"},"alternateName":"Corredor Mat\u00f3","potentialAction":[{"@type":"SearchAction","target":{"@type":"EntryPoint","urlTemplate":"https:\/\/www.corredormato.com\/resultats-de-cerca-lloguer\/?search_text={search_term_string}"},"query-input":{"@type":"PropertyValueSpecification","valueRequired":true,"valueName":"search_term_string"}}],"inLanguage":"en-US"},{"@type":"Organization","@id":"https:\/\/www.corredormato.com\/en\/#organization","name":"Corredor Mat\u00f3 | Real Estate & Property Management","url":"https:\/\/www.corredormato.com\/en\/","logo":{"@type":"ImageObject","inLanguage":"en-US","@id":"https:\/\/www.corredormato.com\/en\/#\/schema\/logo\/image\/","url":"https:\/\/www.corredormato.com\/wp-content\/uploads\/2021\/04\/logo.png","contentUrl":"https:\/\/www.corredormato.com\/wp-content\/uploads\/2021\/04\/logo.png","width":970,"height":225,"caption":"Corredor Mat\u00f3 | Real Estate & Property Management"},"image":{"@id":"https:\/\/www.corredormato.com\/en\/#\/schema\/logo\/image\/"}}]}},"_links":{"self":[{"href":"https:\/\/www.corredormato.com\/en\/wp-json\/wp\/v2\/pages\/13915","targetHints":{"allow":["GET"]}}],"collection":[{"href":"https:\/\/www.corredormato.com\/en\/wp-json\/wp\/v2\/pages"}],"about":[{"href":"https:\/\/www.corredormato.com\/en\/wp-json\/wp\/v2\/types\/page"}],"author":[{"embeddable":true,"href":"https:\/\/www.corredormato.com\/en\/wp-json\/wp\/v2\/users\/4"}],"replies":[{"embeddable":true,"href":"https:\/\/www.corredormato.com\/en\/wp-json\/wp\/v2\/comments?post=13915"}],"version-history":[{"count":1,"href":"https:\/\/www.corredormato.com\/en\/wp-json\/wp\/v2\/pages\/13915\/revisions"}],"predecessor-version":[{"id":13916,"href":"https:\/\/www.corredormato.com\/en\/wp-json\/wp\/v2\/pages\/13915\/revisions\/13916"}],"up":[{"embeddable":true,"href":"https:\/\/www.corredormato.com\/en\/wp-json\/wp\/v2\/pages\/13906"}],"wp:featuredmedia":[{"embeddable":true,"href":"https:\/\/www.corredormato.com\/en\/wp-json\/wp\/v2\/media\/15594"}],"wp:attachment":[{"href":"https:\/\/www.corredormato.com\/en\/wp-json\/wp\/v2\/media?parent=13915"}],"curies":[{"name":"wp","href":"https:\/\/api.w.org\/{rel}","templated":true}]}}