{"id":18775,"date":"2024-09-18T09:53:15","date_gmt":"2024-09-18T07:53:15","guid":{"rendered":"https:\/\/www.corredormato.com\/sale-maresme\/properties-for-sale-in-cabrera-de-mar\/"},"modified":"2024-09-18T09:55:43","modified_gmt":"2024-09-18T07:55:43","slug":"properties-for-sale-in-cabrera-de-mar","status":"publish","type":"page","link":"https:\/\/www.corredormato.com\/en\/sale-maresme\/properties-for-sale-in-cabrera-de-mar\/","title":{"rendered":"Properties for sale in Cabrera de Mar"},"content":{"rendered":"\t\t<div data-elementor-type=\"wp-page\" data-elementor-id=\"18775\" class=\"elementor elementor-18775 elementor-18613\" data-elementor-post-type=\"page\">\n\t\t\t\t\t\t<section class=\"elementor-section elementor-top-section elementor-element elementor-element-715810e elementor-section-full_width elementor-section-height-default elementor-section-height-default\" data-id=\"715810e\" data-element_type=\"section\" data-e-type=\"section\">\n\t\t\t\t\t\t<div class=\"elementor-container elementor-column-gap-default\">\n\t\t\t\t\t<div class=\"elementor-column elementor-col-100 elementor-top-column elementor-element elementor-element-04cbf12\" data-id=\"04cbf12\" data-element_type=\"column\" data-e-type=\"column\">\n\t\t\t<div class=\"elementor-widget-wrap elementor-element-populated\">\n\t\t\t\t\t\t<div class=\"elementor-element elementor-element-d75b8b4 listado-general elementor-widget elementor-widget-shortcode\" data-id=\"d75b8b4\" data-element_type=\"widget\" data-e-type=\"widget\" data-widget_type=\"shortcode.default\">\n\t\t\t\t<div class=\"elementor-widget-container\">\n\t\t\t\t\t\t\t<div class=\"elementor-shortcode\">  <div class=\"n2r__list n2r__list--empty\">\n    <h3>No results were found in the search, please contact us to help you.<\/h3>\n  <\/div>\n<\/div>\n\t\t\t\t\t\t<\/div>\n\t\t\t\t<\/div>\n\t\t\t\t\t<\/div>\n\t\t<\/div>\n\t\t\t\t\t<\/div>\n\t\t<\/section>\n\t\t\t\t<section class=\"elementor-section elementor-top-section elementor-element elementor-element-1e23d4c elementor-section-boxed elementor-section-height-default elementor-section-height-default\" data-id=\"1e23d4c\" data-element_type=\"section\" data-e-type=\"section\" data-settings=\"{&quot;background_background&quot;:&quot;classic&quot;}\">\n\t\t\t\t\t\t<div class=\"elementor-container elementor-column-gap-default\">\n\t\t\t\t\t<div class=\"elementor-column elementor-col-100 elementor-top-column elementor-element elementor-element-6fc0a1b\" data-id=\"6fc0a1b\" data-element_type=\"column\" data-e-type=\"column\">\n\t\t\t<div class=\"elementor-widget-wrap elementor-element-populated\">\n\t\t\t\t\t\t<div class=\"elementor-element elementor-element-fa0a311 elementor-widget elementor-widget-heading\" data-id=\"fa0a311\" data-element_type=\"widget\" data-e-type=\"widget\" data-widget_type=\"heading.default\">\n\t\t\t\t<div class=\"elementor-widget-container\">\n\t\t\t\t\t<h2 class=\"elementor-heading-title elementor-size-default\">Properties for sale in Cabrera de Mar<\/h2>\t\t\t\t<\/div>\n\t\t\t\t<\/div>\n\t\t\t\t<div class=\"elementor-element elementor-element-4a5d6fb elementor-widget elementor-widget-text-editor\" data-id=\"4a5d6fb\" data-element_type=\"widget\" data-e-type=\"widget\" data-widget_type=\"text-editor.default\">\n\t\t\t\t<div class=\"elementor-widget-container\">\n\t\t\t\t\t\t\t\t\t<p>If you are looking for properties for sale in <strong>Cabrera de Mar<\/strong>, this charming coastal town in the <strong>Maresme<\/strong> region offers you the perfect combination of tranquility, natural beauty and proximity to the sea. With its excellent quality of life, <strong>Cabrera de Mar<\/strong> has become a highly sought-after location both for those looking for a primary residence and for those wanting a second home on the coast.<\/p>\n<p>The variety of properties for sale in<strong> Cabrera de Mar<\/strong> is wide, with options to suit all tastes and needs. From elegant villas with panoramic views of the Mediterranean to single-family houses with large gardens, perfect for enjoying the tranquility of the surroundings. You can also find modern villas, apartments in the center and farmhouses surrounded by nature, ideal for those who value privacy and an outdoor lifestyle.<\/p>\n<p>In addition to its privileged location by the sea, <strong>Cabrera de Mar<\/strong> offers easy access to Barcelona, \u200b\u200bas it is less than 30 minutes by car, making it an excellent choice for those looking for a balance between coastal tranquility and proximity to the city. The town also has an excellent range of services, such as shops, restaurants and schools, which makes properties for sale in Cabrera de Mar an excellent investment.<\/p>\n<p>If you dream of living in a natural environment, surrounded by sea and mountains, don&#8217;t miss the opportunity to explore the properties for sale in <strong>Cabrera de Mar<\/strong> and find the perfect home for you. <strong>Discover this jewel of the Maresme and start enjoying the Mediterranean lifestyle!<\/strong><\/p>\n\t\t\t\t\t\t\t\t<\/div>\n\t\t\t\t<\/div>\n\t\t\t\t<div class=\"elementor-element elementor-element-9ad9865 elementor-widget elementor-widget-shortcode\" data-id=\"9ad9865\" data-element_type=\"widget\" data-e-type=\"widget\" data-widget_type=\"shortcode.default\">\n\t\t\t\t<div class=\"elementor-widget-container\">\n\t\t\t\t\t\t\t<div class=\"elementor-shortcode\">shortcode<\/div>\n\t\t\t\t\t\t<\/div>\n\t\t\t\t<\/div>\n\t\t\t\t\t<\/div>\n\t\t<\/div>\n\t\t\t\t\t<\/div>\n\t\t<\/section>\n\t\t\t\t<\/div>\n\t\t","protected":false},"excerpt":{"rendered":"<p>Properties for sale in Cabrera de Mar If you are looking for properties for sale in Cabrera de Mar, this charming coastal town in the Maresme region offers you the perfect combination of tranquility, natural beauty and proximity to the sea. With its excellent quality of life, Cabrera de Mar has become a highly sought-after [&hellip;]<\/p>\n","protected":false},"author":1,"featured_media":18770,"parent":12883,"menu_order":0,"comment_status":"closed","ping_status":"closed","template":"","meta":{"footnotes":""},"class_list":["post-18775","page","type-page","status-publish","has-post-thumbnail","hentry"],"yoast_head":"<!-- This site is optimized with the Yoast SEO plugin v27.3 - https:\/\/yoast.com\/product\/yoast-seo-wordpress\/ -->\n<title>Properties for sale in Cabrera de Mar - Corredor Mat\u00f3 Real Estate &amp; Property Management<\/title>\n<meta name=\"description\" content=\"Pensem en les vostres vacances, oferint-vos el m\u00e9s gran ventall d\u2019immobles i serveis, per satisfer totes les vostres peticions. Si sou propietaris i voleu llogar, Corredor Mat\u00f3 \u00e9s la vostra ag\u00e8ncia.\" \/>\n<meta name=\"robots\" content=\"index, follow, max-snippet:-1, max-image-preview:large, max-video-preview:-1\" \/>\n<link rel=\"canonical\" href=\"https:\/\/www.corredormato.com\/en\/sale-maresme\/properties-for-sale-in-cabrera-de-mar\/\" \/>\n<meta property=\"og:locale\" content=\"en_US\" \/>\n<meta property=\"og:type\" content=\"article\" \/>\n<meta property=\"og:title\" content=\"Properties for sale in Cabrera de Mar - Corredor Mat\u00f3 Real Estate &amp; Property Management\" \/>\n<meta property=\"og:description\" content=\"Pensem en les vostres vacances, oferint-vos el m\u00e9s gran ventall d\u2019immobles i serveis, per satisfer totes les vostres peticions. Si sou propietaris i voleu llogar, Corredor Mat\u00f3 \u00e9s la vostra ag\u00e8ncia.\" \/>\n<meta property=\"og:url\" content=\"https:\/\/www.corredormato.com\/en\/sale-maresme\/properties-for-sale-in-cabrera-de-mar\/\" \/>\n<meta property=\"og:site_name\" content=\"Corredor Mat\u00f3 Real Estate &amp; Property Management\" \/>\n<meta property=\"article:modified_time\" content=\"2024-09-18T07:55:43+00:00\" \/>\n<meta property=\"og:image\" content=\"https:\/\/www.corredormato.com\/wp-content\/uploads\/2024\/09\/FOTOS-IMATGES-PREVIEW-can-font-TANCA.jpg\" \/>\n\t<meta property=\"og:image:width\" content=\"1280\" \/>\n\t<meta property=\"og:image:height\" content=\"887\" \/>\n\t<meta property=\"og:image:type\" content=\"image\/jpeg\" \/>\n<meta name=\"twitter:card\" content=\"summary_large_image\" \/>\n<meta name=\"twitter:label1\" content=\"Est. reading time\" \/>\n\t<meta name=\"twitter:data1\" content=\"1 minute\" \/>\n<script type=\"application\/ld+json\" class=\"yoast-schema-graph\">{\"@context\":\"https:\\\/\\\/schema.org\",\"@graph\":[{\"@type\":\"WebPage\",\"@id\":\"https:\\\/\\\/www.corredormato.com\\\/en\\\/sale-maresme\\\/properties-for-sale-in-cabrera-de-mar\\\/\",\"url\":\"https:\\\/\\\/www.corredormato.com\\\/en\\\/sale-maresme\\\/properties-for-sale-in-cabrera-de-mar\\\/\",\"name\":\"Properties for sale in Cabrera de Mar - Corredor Mat\u00f3 Real Estate &amp; Property Management\",\"isPartOf\":{\"@id\":\"https:\\\/\\\/www.corredormato.com\\\/en\\\/#website\"},\"primaryImageOfPage\":{\"@id\":\"https:\\\/\\\/www.corredormato.com\\\/en\\\/sale-maresme\\\/properties-for-sale-in-cabrera-de-mar\\\/#primaryimage\"},\"image\":{\"@id\":\"https:\\\/\\\/www.corredormato.com\\\/en\\\/sale-maresme\\\/properties-for-sale-in-cabrera-de-mar\\\/#primaryimage\"},\"thumbnailUrl\":\"https:\\\/\\\/www.corredormato.com\\\/wp-content\\\/uploads\\\/2024\\\/09\\\/FOTOS-IMATGES-PREVIEW-can-font-TANCA.jpg\",\"datePublished\":\"2024-09-18T07:53:15+00:00\",\"dateModified\":\"2024-09-18T07:55:43+00:00\",\"description\":\"Pensem en les vostres vacances, oferint-vos el m\u00e9s gran ventall d\u2019immobles i serveis, per satisfer totes les vostres peticions. Si sou propietaris i voleu llogar, Corredor Mat\u00f3 \u00e9s la vostra ag\u00e8ncia.\",\"breadcrumb\":{\"@id\":\"https:\\\/\\\/www.corredormato.com\\\/en\\\/sale-maresme\\\/properties-for-sale-in-cabrera-de-mar\\\/#breadcrumb\"},\"inLanguage\":\"en-US\",\"potentialAction\":[{\"@type\":\"ReadAction\",\"target\":[\"https:\\\/\\\/www.corredormato.com\\\/en\\\/sale-maresme\\\/properties-for-sale-in-cabrera-de-mar\\\/\"]}]},{\"@type\":\"BreadcrumbList\",\"@id\":\"https:\\\/\\\/www.corredormato.com\\\/en\\\/sale-maresme\\\/properties-for-sale-in-cabrera-de-mar\\\/#breadcrumb\",\"itemListElement\":[{\"@type\":\"ListItem\",\"position\":1,\"name\":\"Home\",\"item\":\"https:\\\/\\\/www.corredormato.com\\\/en\\\/\"},{\"@type\":\"ListItem\",\"position\":2,\"name\":\"Sale Maresme\",\"item\":\"https:\\\/\\\/www.corredormato.com\\\/en\\\/venda-maresme\\\/\"},{\"@type\":\"ListItem\",\"position\":3,\"name\":\"Properties for sale in Cabrera de Mar\"}]},{\"@type\":\"WebSite\",\"@id\":\"https:\\\/\\\/www.corredormato.com\\\/en\\\/#website\",\"url\":\"https:\\\/\\\/www.corredormato.com\\\/en\\\/\",\"name\":\"Corredor Mat\u00f3 Real Estate &amp; Property Management\",\"description\":\"Real Estate &amp; Property Management\",\"publisher\":{\"@id\":\"https:\\\/\\\/www.corredormato.com\\\/en\\\/#organization\"},\"alternateName\":\"Corredor Mat\u00f3\",\"potentialAction\":[{\"@type\":\"SearchAction\",\"target\":{\"@type\":\"EntryPoint\",\"urlTemplate\":\"https:\\\/\\\/www.corredormato.com\\\/resultats-de-cerca-lloguer\\\/?search_text={search_term_string}\"},\"query-input\":{\"@type\":\"PropertyValueSpecification\",\"valueRequired\":true,\"valueName\":\"search_term_string\"}}],\"inLanguage\":\"en-US\"},{\"@type\":\"Organization\",\"@id\":\"https:\\\/\\\/www.corredormato.com\\\/en\\\/#organization\",\"name\":\"Corredor Mat\u00f3 | Real Estate & Property Management\",\"url\":\"https:\\\/\\\/www.corredormato.com\\\/en\\\/\",\"logo\":{\"@type\":\"ImageObject\",\"inLanguage\":\"en-US\",\"@id\":\"https:\\\/\\\/www.corredormato.com\\\/en\\\/#\\\/schema\\\/logo\\\/image\\\/\",\"url\":\"https:\\\/\\\/www.corredormato.com\\\/wp-content\\\/uploads\\\/2021\\\/04\\\/logo.png\",\"contentUrl\":\"https:\\\/\\\/www.corredormato.com\\\/wp-content\\\/uploads\\\/2021\\\/04\\\/logo.png\",\"width\":970,\"height\":225,\"caption\":\"Corredor Mat\u00f3 | Real Estate & Property Management\"},\"image\":{\"@id\":\"https:\\\/\\\/www.corredormato.com\\\/en\\\/#\\\/schema\\\/logo\\\/image\\\/\"}}]}<\/script>\n<!-- \/ Yoast SEO plugin. -->","yoast_head_json":{"title":"Properties for sale in Cabrera de Mar - Corredor Mat\u00f3 Real Estate &amp; Property Management","description":"Pensem en les vostres vacances, oferint-vos el m\u00e9s gran ventall d\u2019immobles i serveis, per satisfer totes les vostres peticions. Si sou propietaris i voleu llogar, Corredor Mat\u00f3 \u00e9s la vostra ag\u00e8ncia.","robots":{"index":"index","follow":"follow","max-snippet":"max-snippet:-1","max-image-preview":"max-image-preview:large","max-video-preview":"max-video-preview:-1"},"canonical":"https:\/\/www.corredormato.com\/en\/sale-maresme\/properties-for-sale-in-cabrera-de-mar\/","og_locale":"en_US","og_type":"article","og_title":"Properties for sale in Cabrera de Mar - Corredor Mat\u00f3 Real Estate &amp; Property Management","og_description":"Pensem en les vostres vacances, oferint-vos el m\u00e9s gran ventall d\u2019immobles i serveis, per satisfer totes les vostres peticions. Si sou propietaris i voleu llogar, Corredor Mat\u00f3 \u00e9s la vostra ag\u00e8ncia.","og_url":"https:\/\/www.corredormato.com\/en\/sale-maresme\/properties-for-sale-in-cabrera-de-mar\/","og_site_name":"Corredor Mat\u00f3 Real Estate &amp; Property Management","article_modified_time":"2024-09-18T07:55:43+00:00","og_image":[{"width":1280,"height":887,"url":"https:\/\/www.corredormato.com\/wp-content\/uploads\/2024\/09\/FOTOS-IMATGES-PREVIEW-can-font-TANCA.jpg","type":"image\/jpeg"}],"twitter_card":"summary_large_image","twitter_misc":{"Est. reading time":"1 minute"},"schema":{"@context":"https:\/\/schema.org","@graph":[{"@type":"WebPage","@id":"https:\/\/www.corredormato.com\/en\/sale-maresme\/properties-for-sale-in-cabrera-de-mar\/","url":"https:\/\/www.corredormato.com\/en\/sale-maresme\/properties-for-sale-in-cabrera-de-mar\/","name":"Properties for sale in Cabrera de Mar - Corredor Mat\u00f3 Real Estate &amp; Property Management","isPartOf":{"@id":"https:\/\/www.corredormato.com\/en\/#website"},"primaryImageOfPage":{"@id":"https:\/\/www.corredormato.com\/en\/sale-maresme\/properties-for-sale-in-cabrera-de-mar\/#primaryimage"},"image":{"@id":"https:\/\/www.corredormato.com\/en\/sale-maresme\/properties-for-sale-in-cabrera-de-mar\/#primaryimage"},"thumbnailUrl":"https:\/\/www.corredormato.com\/wp-content\/uploads\/2024\/09\/FOTOS-IMATGES-PREVIEW-can-font-TANCA.jpg","datePublished":"2024-09-18T07:53:15+00:00","dateModified":"2024-09-18T07:55:43+00:00","description":"Pensem en les vostres vacances, oferint-vos el m\u00e9s gran ventall d\u2019immobles i serveis, per satisfer totes les vostres peticions. Si sou propietaris i voleu llogar, Corredor Mat\u00f3 \u00e9s la vostra ag\u00e8ncia.","breadcrumb":{"@id":"https:\/\/www.corredormato.com\/en\/sale-maresme\/properties-for-sale-in-cabrera-de-mar\/#breadcrumb"},"inLanguage":"en-US","potentialAction":[{"@type":"ReadAction","target":["https:\/\/www.corredormato.com\/en\/sale-maresme\/properties-for-sale-in-cabrera-de-mar\/"]}]},{"@type":"BreadcrumbList","@id":"https:\/\/www.corredormato.com\/en\/sale-maresme\/properties-for-sale-in-cabrera-de-mar\/#breadcrumb","itemListElement":[{"@type":"ListItem","position":1,"name":"Home","item":"https:\/\/www.corredormato.com\/en\/"},{"@type":"ListItem","position":2,"name":"Sale Maresme","item":"https:\/\/www.corredormato.com\/en\/venda-maresme\/"},{"@type":"ListItem","position":3,"name":"Properties for sale in Cabrera de Mar"}]},{"@type":"WebSite","@id":"https:\/\/www.corredormato.com\/en\/#website","url":"https:\/\/www.corredormato.com\/en\/","name":"Corredor Mat\u00f3 Real Estate &amp; Property Management","description":"Real Estate &amp; Property Management","publisher":{"@id":"https:\/\/www.corredormato.com\/en\/#organization"},"alternateName":"Corredor Mat\u00f3","potentialAction":[{"@type":"SearchAction","target":{"@type":"EntryPoint","urlTemplate":"https:\/\/www.corredormato.com\/resultats-de-cerca-lloguer\/?search_text={search_term_string}"},"query-input":{"@type":"PropertyValueSpecification","valueRequired":true,"valueName":"search_term_string"}}],"inLanguage":"en-US"},{"@type":"Organization","@id":"https:\/\/www.corredormato.com\/en\/#organization","name":"Corredor Mat\u00f3 | Real Estate & Property Management","url":"https:\/\/www.corredormato.com\/en\/","logo":{"@type":"ImageObject","inLanguage":"en-US","@id":"https:\/\/www.corredormato.com\/en\/#\/schema\/logo\/image\/","url":"https:\/\/www.corredormato.com\/wp-content\/uploads\/2021\/04\/logo.png","contentUrl":"https:\/\/www.corredormato.com\/wp-content\/uploads\/2021\/04\/logo.png","width":970,"height":225,"caption":"Corredor Mat\u00f3 | Real Estate & Property Management"},"image":{"@id":"https:\/\/www.corredormato.com\/en\/#\/schema\/logo\/image\/"}}]}},"_links":{"self":[{"href":"https:\/\/www.corredormato.com\/en\/wp-json\/wp\/v2\/pages\/18775","targetHints":{"allow":["GET"]}}],"collection":[{"href":"https:\/\/www.corredormato.com\/en\/wp-json\/wp\/v2\/pages"}],"about":[{"href":"https:\/\/www.corredormato.com\/en\/wp-json\/wp\/v2\/types\/page"}],"author":[{"embeddable":true,"href":"https:\/\/www.corredormato.com\/en\/wp-json\/wp\/v2\/users\/1"}],"replies":[{"embeddable":true,"href":"https:\/\/www.corredormato.com\/en\/wp-json\/wp\/v2\/comments?post=18775"}],"version-history":[{"count":1,"href":"https:\/\/www.corredormato.com\/en\/wp-json\/wp\/v2\/pages\/18775\/revisions"}],"predecessor-version":[{"id":18776,"href":"https:\/\/www.corredormato.com\/en\/wp-json\/wp\/v2\/pages\/18775\/revisions\/18776"}],"up":[{"embeddable":true,"href":"https:\/\/www.corredormato.com\/en\/wp-json\/wp\/v2\/pages\/12883"}],"wp:featuredmedia":[{"embeddable":true,"href":"https:\/\/www.corredormato.com\/en\/wp-json\/wp\/v2\/media\/18770"}],"wp:attachment":[{"href":"https:\/\/www.corredormato.com\/en\/wp-json\/wp\/v2\/media?parent=18775"}],"curies":[{"name":"wp","href":"https:\/\/api.w.org\/{rel}","templated":true}]}}