{"id":18875,"date":"2024-09-27T16:12:05","date_gmt":"2024-09-27T14:12:05","guid":{"rendered":"https:\/\/www.corredormato.com\/promotions\/"},"modified":"2026-03-19T18:44:32","modified_gmt":"2026-03-19T16:44:32","slug":"promotions","status":"publish","type":"page","link":"https:\/\/www.corredormato.com\/en\/promotions\/","title":{"rendered":"Promotions"},"content":{"rendered":"\t\t<div data-elementor-type=\"wp-page\" data-elementor-id=\"18875\" class=\"elementor elementor-18875 elementor-18865\" data-elementor-post-type=\"page\">\n\t\t\t\t\t\t<section class=\"elementor-section elementor-top-section elementor-element elementor-element-20b1a47 elementor-section-full_width elementor-section-height-default elementor-section-height-default\" data-id=\"20b1a47\" data-element_type=\"section\" data-e-type=\"section\">\n\t\t\t\t\t\t<div class=\"elementor-container elementor-column-gap-default\">\n\t\t\t\t\t<div class=\"elementor-column elementor-col-100 elementor-top-column elementor-element elementor-element-7538a0c\" data-id=\"7538a0c\" data-element_type=\"column\" data-e-type=\"column\">\n\t\t\t<div class=\"elementor-widget-wrap elementor-element-populated\">\n\t\t\t\t\t\t<div class=\"elementor-element elementor-element-a679fde listado-general elementor-widget elementor-widget-shortcode\" data-id=\"a679fde\" data-element_type=\"widget\" data-e-type=\"widget\" data-widget_type=\"shortcode.default\">\n\t\t\t\t<div class=\"elementor-widget-container\">\n\t\t\t\t\t\t\t<div class=\"elementor-shortcode\">  <div class=\"n2r__list n2r__list--empty\">\n    <h3>No results were found in the search, please contact us to help you.<\/h3>\n  <\/div>\n<\/div>\n\t\t\t\t\t\t<\/div>\n\t\t\t\t<\/div>\n\t\t\t\t\t<\/div>\n\t\t<\/div>\n\t\t\t\t\t<\/div>\n\t\t<\/section>\n\t\t\t\t<\/div>\n\t\t","protected":false},"excerpt":{"rendered":"","protected":false},"author":1,"featured_media":13636,"parent":0,"menu_order":0,"comment_status":"closed","ping_status":"closed","template":"","meta":{"footnotes":""},"class_list":["post-18875","page","type-page","status-publish","has-post-thumbnail","hentry"],"yoast_head":"<!-- This site is optimized with the Yoast SEO plugin v27.4 - https:\/\/yoast.com\/product\/yoast-seo-wordpress\/ -->\n<title>Promotions - Corredor Mat\u00f3 Real Estate &amp; Property Management<\/title>\n<meta name=\"description\" content=\"Pensem en les vostres vacances, oferint-vos el m\u00e9s gran ventall d\u2019immobles i serveis, per satisfer totes les vostres peticions. Si sou propietaris i voleu llogar, Corredor Mat\u00f3 \u00e9s la vostra ag\u00e8ncia.\" \/>\n<meta name=\"robots\" content=\"index, follow, max-snippet:-1, max-image-preview:large, max-video-preview:-1\" \/>\n<link rel=\"canonical\" href=\"https:\/\/www.corredormato.com\/en\/promotions\/\" \/>\n<meta property=\"og:locale\" content=\"en_US\" \/>\n<meta property=\"og:type\" content=\"article\" \/>\n<meta property=\"og:title\" content=\"Promotions - Corredor Mat\u00f3 Real Estate &amp; Property Management\" \/>\n<meta property=\"og:description\" content=\"Pensem en les vostres vacances, oferint-vos el m\u00e9s gran ventall d\u2019immobles i serveis, per satisfer totes les vostres peticions. Si sou propietaris i voleu llogar, Corredor Mat\u00f3 \u00e9s la vostra ag\u00e8ncia.\" \/>\n<meta property=\"og:url\" content=\"https:\/\/www.corredormato.com\/en\/promotions\/\" \/>\n<meta property=\"og:site_name\" content=\"Corredor Mat\u00f3 Real Estate &amp; Property Management\" \/>\n<meta property=\"article:modified_time\" content=\"2026-03-19T16:44:32+00:00\" \/>\n<meta property=\"og:image\" content=\"https:\/\/www.corredormato.com\/wp-content\/uploads\/2024\/02\/RRSS_Corredor_MATO.jpg\" \/>\n\t<meta property=\"og:image:width\" content=\"1280\" \/>\n\t<meta property=\"og:image:height\" content=\"720\" \/>\n\t<meta property=\"og:image:type\" content=\"image\/jpeg\" \/>\n<meta name=\"twitter:card\" content=\"summary_large_image\" \/>\n<script type=\"application\/ld+json\" class=\"yoast-schema-graph\">{\"@context\":\"https:\\\/\\\/schema.org\",\"@graph\":[{\"@type\":\"WebPage\",\"@id\":\"https:\\\/\\\/www.corredormato.com\\\/en\\\/promotions\\\/\",\"url\":\"https:\\\/\\\/www.corredormato.com\\\/en\\\/promotions\\\/\",\"name\":\"Promotions - Corredor Mat\u00f3 Real Estate &amp; Property Management\",\"isPartOf\":{\"@id\":\"https:\\\/\\\/www.corredormato.com\\\/en\\\/#website\"},\"primaryImageOfPage\":{\"@id\":\"https:\\\/\\\/www.corredormato.com\\\/en\\\/promotions\\\/#primaryimage\"},\"image\":{\"@id\":\"https:\\\/\\\/www.corredormato.com\\\/en\\\/promotions\\\/#primaryimage\"},\"thumbnailUrl\":\"https:\\\/\\\/www.corredormato.com\\\/wp-content\\\/uploads\\\/2024\\\/02\\\/RRSS_Corredor_MATO.jpg\",\"datePublished\":\"2024-09-27T14:12:05+00:00\",\"dateModified\":\"2026-03-19T16:44:32+00:00\",\"description\":\"Pensem en les vostres vacances, oferint-vos el m\u00e9s gran ventall d\u2019immobles i serveis, per satisfer totes les vostres peticions. Si sou propietaris i voleu llogar, Corredor Mat\u00f3 \u00e9s la vostra ag\u00e8ncia.\",\"breadcrumb\":{\"@id\":\"https:\\\/\\\/www.corredormato.com\\\/en\\\/promotions\\\/#breadcrumb\"},\"inLanguage\":\"en-US\",\"potentialAction\":[{\"@type\":\"ReadAction\",\"target\":[\"https:\\\/\\\/www.corredormato.com\\\/en\\\/promotions\\\/\"]}]},{\"@type\":\"BreadcrumbList\",\"@id\":\"https:\\\/\\\/www.corredormato.com\\\/en\\\/promotions\\\/#breadcrumb\",\"itemListElement\":[{\"@type\":\"ListItem\",\"position\":1,\"name\":\"Home\",\"item\":\"https:\\\/\\\/www.corredormato.com\\\/en\\\/\"},{\"@type\":\"ListItem\",\"position\":2,\"name\":\"Promotions\"}]},{\"@type\":\"WebSite\",\"@id\":\"https:\\\/\\\/www.corredormato.com\\\/en\\\/#website\",\"url\":\"https:\\\/\\\/www.corredormato.com\\\/en\\\/\",\"name\":\"Corredor Mat\u00f3 Real Estate &amp; Property Management\",\"description\":\"Real Estate &amp; Property Management\",\"publisher\":{\"@id\":\"https:\\\/\\\/www.corredormato.com\\\/en\\\/#organization\"},\"alternateName\":\"Corredor Mat\u00f3\",\"potentialAction\":[{\"@type\":\"SearchAction\",\"target\":{\"@type\":\"EntryPoint\",\"urlTemplate\":\"https:\\\/\\\/www.corredormato.com\\\/resultats-de-cerca-lloguer\\\/?search_text={search_term_string}\"},\"query-input\":{\"@type\":\"PropertyValueSpecification\",\"valueRequired\":true,\"valueName\":\"search_term_string\"}}],\"inLanguage\":\"en-US\"},{\"@type\":\"Organization\",\"@id\":\"https:\\\/\\\/www.corredormato.com\\\/en\\\/#organization\",\"name\":\"Corredor Mat\u00f3 | Real Estate & Property Management\",\"url\":\"https:\\\/\\\/www.corredormato.com\\\/en\\\/\",\"logo\":{\"@type\":\"ImageObject\",\"inLanguage\":\"en-US\",\"@id\":\"https:\\\/\\\/www.corredormato.com\\\/en\\\/#\\\/schema\\\/logo\\\/image\\\/\",\"url\":\"https:\\\/\\\/www.corredormato.com\\\/wp-content\\\/uploads\\\/2021\\\/04\\\/logo.png\",\"contentUrl\":\"https:\\\/\\\/www.corredormato.com\\\/wp-content\\\/uploads\\\/2021\\\/04\\\/logo.png\",\"width\":970,\"height\":225,\"caption\":\"Corredor Mat\u00f3 | Real Estate & Property Management\"},\"image\":{\"@id\":\"https:\\\/\\\/www.corredormato.com\\\/en\\\/#\\\/schema\\\/logo\\\/image\\\/\"}}]}<\/script>\n<!-- \/ Yoast SEO plugin. -->","yoast_head_json":{"title":"Promotions - Corredor Mat\u00f3 Real Estate &amp; Property Management","description":"Pensem en les vostres vacances, oferint-vos el m\u00e9s gran ventall d\u2019immobles i serveis, per satisfer totes les vostres peticions. Si sou propietaris i voleu llogar, Corredor Mat\u00f3 \u00e9s la vostra ag\u00e8ncia.","robots":{"index":"index","follow":"follow","max-snippet":"max-snippet:-1","max-image-preview":"max-image-preview:large","max-video-preview":"max-video-preview:-1"},"canonical":"https:\/\/www.corredormato.com\/en\/promotions\/","og_locale":"en_US","og_type":"article","og_title":"Promotions - Corredor Mat\u00f3 Real Estate &amp; Property Management","og_description":"Pensem en les vostres vacances, oferint-vos el m\u00e9s gran ventall d\u2019immobles i serveis, per satisfer totes les vostres peticions. Si sou propietaris i voleu llogar, Corredor Mat\u00f3 \u00e9s la vostra ag\u00e8ncia.","og_url":"https:\/\/www.corredormato.com\/en\/promotions\/","og_site_name":"Corredor Mat\u00f3 Real Estate &amp; Property Management","article_modified_time":"2026-03-19T16:44:32+00:00","og_image":[{"width":1280,"height":720,"url":"https:\/\/www.corredormato.com\/wp-content\/uploads\/2024\/02\/RRSS_Corredor_MATO.jpg","type":"image\/jpeg"}],"twitter_card":"summary_large_image","schema":{"@context":"https:\/\/schema.org","@graph":[{"@type":"WebPage","@id":"https:\/\/www.corredormato.com\/en\/promotions\/","url":"https:\/\/www.corredormato.com\/en\/promotions\/","name":"Promotions - Corredor Mat\u00f3 Real Estate &amp; Property Management","isPartOf":{"@id":"https:\/\/www.corredormato.com\/en\/#website"},"primaryImageOfPage":{"@id":"https:\/\/www.corredormato.com\/en\/promotions\/#primaryimage"},"image":{"@id":"https:\/\/www.corredormato.com\/en\/promotions\/#primaryimage"},"thumbnailUrl":"https:\/\/www.corredormato.com\/wp-content\/uploads\/2024\/02\/RRSS_Corredor_MATO.jpg","datePublished":"2024-09-27T14:12:05+00:00","dateModified":"2026-03-19T16:44:32+00:00","description":"Pensem en les vostres vacances, oferint-vos el m\u00e9s gran ventall d\u2019immobles i serveis, per satisfer totes les vostres peticions. Si sou propietaris i voleu llogar, Corredor Mat\u00f3 \u00e9s la vostra ag\u00e8ncia.","breadcrumb":{"@id":"https:\/\/www.corredormato.com\/en\/promotions\/#breadcrumb"},"inLanguage":"en-US","potentialAction":[{"@type":"ReadAction","target":["https:\/\/www.corredormato.com\/en\/promotions\/"]}]},{"@type":"BreadcrumbList","@id":"https:\/\/www.corredormato.com\/en\/promotions\/#breadcrumb","itemListElement":[{"@type":"ListItem","position":1,"name":"Home","item":"https:\/\/www.corredormato.com\/en\/"},{"@type":"ListItem","position":2,"name":"Promotions"}]},{"@type":"WebSite","@id":"https:\/\/www.corredormato.com\/en\/#website","url":"https:\/\/www.corredormato.com\/en\/","name":"Corredor Mat\u00f3 Real Estate &amp; Property Management","description":"Real Estate &amp; Property Management","publisher":{"@id":"https:\/\/www.corredormato.com\/en\/#organization"},"alternateName":"Corredor Mat\u00f3","potentialAction":[{"@type":"SearchAction","target":{"@type":"EntryPoint","urlTemplate":"https:\/\/www.corredormato.com\/resultats-de-cerca-lloguer\/?search_text={search_term_string}"},"query-input":{"@type":"PropertyValueSpecification","valueRequired":true,"valueName":"search_term_string"}}],"inLanguage":"en-US"},{"@type":"Organization","@id":"https:\/\/www.corredormato.com\/en\/#organization","name":"Corredor Mat\u00f3 | Real Estate & Property Management","url":"https:\/\/www.corredormato.com\/en\/","logo":{"@type":"ImageObject","inLanguage":"en-US","@id":"https:\/\/www.corredormato.com\/en\/#\/schema\/logo\/image\/","url":"https:\/\/www.corredormato.com\/wp-content\/uploads\/2021\/04\/logo.png","contentUrl":"https:\/\/www.corredormato.com\/wp-content\/uploads\/2021\/04\/logo.png","width":970,"height":225,"caption":"Corredor Mat\u00f3 | Real Estate & Property Management"},"image":{"@id":"https:\/\/www.corredormato.com\/en\/#\/schema\/logo\/image\/"}}]}},"_links":{"self":[{"href":"https:\/\/www.corredormato.com\/en\/wp-json\/wp\/v2\/pages\/18875","targetHints":{"allow":["GET"]}}],"collection":[{"href":"https:\/\/www.corredormato.com\/en\/wp-json\/wp\/v2\/pages"}],"about":[{"href":"https:\/\/www.corredormato.com\/en\/wp-json\/wp\/v2\/types\/page"}],"author":[{"embeddable":true,"href":"https:\/\/www.corredormato.com\/en\/wp-json\/wp\/v2\/users\/1"}],"replies":[{"embeddable":true,"href":"https:\/\/www.corredormato.com\/en\/wp-json\/wp\/v2\/comments?post=18875"}],"version-history":[{"count":2,"href":"https:\/\/www.corredormato.com\/en\/wp-json\/wp\/v2\/pages\/18875\/revisions"}],"predecessor-version":[{"id":22944,"href":"https:\/\/www.corredormato.com\/en\/wp-json\/wp\/v2\/pages\/18875\/revisions\/22944"}],"wp:featuredmedia":[{"embeddable":true,"href":"https:\/\/www.corredormato.com\/en\/wp-json\/wp\/v2\/media\/13636"}],"wp:attachment":[{"href":"https:\/\/www.corredormato.com\/en\/wp-json\/wp\/v2\/media?parent=18875"}],"curies":[{"name":"wp","href":"https:\/\/api.w.org\/{rel}","templated":true}]}}