{"id":715,"date":"2021-05-04T11:05:53","date_gmt":"2021-05-04T11:05:53","guid":{"rendered":"http:\/\/52.30.243.130\/?page_id=715"},"modified":"2023-10-24T13:18:18","modified_gmt":"2023-10-24T11:18:18","slug":"property-management","status":"publish","type":"page","link":"https:\/\/www.corredormato.com\/en\/property-management\/","title":{"rendered":"Property Management"},"content":{"rendered":"\t\t<div data-elementor-type=\"wp-page\" data-elementor-id=\"715\" class=\"elementor elementor-715 elementor-714\" data-elementor-post-type=\"page\">\n\t\t\t\t\t\t<section class=\"elementor-section elementor-top-section elementor-element elementor-element-e1da0a7 elementor-section-full_width elementor-section-height-min-height elementor-section-height-default elementor-section-items-middle\" data-id=\"e1da0a7\" data-element_type=\"section\" data-e-type=\"section\" data-settings=\"{&quot;background_background&quot;:&quot;classic&quot;}\">\n\t\t\t\t\t\t<div class=\"elementor-container elementor-column-gap-default\">\n\t\t\t\t\t<div class=\"elementor-column elementor-col-100 elementor-top-column elementor-element elementor-element-2b6c349\" data-id=\"2b6c349\" data-element_type=\"column\" data-e-type=\"column\" data-settings=\"{&quot;background_background&quot;:&quot;classic&quot;}\">\n\t\t\t<div class=\"elementor-widget-wrap\">\n\t\t\t\t\t\t\t<\/div>\n\t\t<\/div>\n\t\t\t\t\t<\/div>\n\t\t<\/section>\n\t\t\t\t<section class=\"elementor-section elementor-top-section elementor-element elementor-element-8589ebf elementor-section-full_width elementor-section-height-default elementor-section-height-default\" data-id=\"8589ebf\" data-element_type=\"section\" data-e-type=\"section\" data-settings=\"{&quot;background_background&quot;:&quot;classic&quot;}\">\n\t\t\t\t\t\t<div class=\"elementor-container elementor-column-gap-no\">\n\t\t\t\t\t<div class=\"elementor-column elementor-col-100 elementor-top-column elementor-element elementor-element-d133844\" data-id=\"d133844\" data-element_type=\"column\" data-e-type=\"column\">\n\t\t\t<div class=\"elementor-widget-wrap elementor-element-populated\">\n\t\t\t\t\t\t<section class=\"elementor-section elementor-inner-section elementor-element elementor-element-ba64390 elementor-section-boxed elementor-section-height-default elementor-section-height-default\" data-id=\"ba64390\" data-element_type=\"section\" data-e-type=\"section\" data-settings=\"{&quot;background_background&quot;:&quot;classic&quot;}\">\n\t\t\t\t\t\t<div class=\"elementor-container elementor-column-gap-default\">\n\t\t\t\t\t<div class=\"elementor-column elementor-col-100 elementor-inner-column elementor-element elementor-element-19f24da\" data-id=\"19f24da\" data-element_type=\"column\" data-e-type=\"column\" data-settings=\"{&quot;background_background&quot;:&quot;classic&quot;}\">\n\t\t\t<div class=\"elementor-widget-wrap elementor-element-populated\">\n\t\t\t\t\t\t<div class=\"elementor-element elementor-element-041518b elementor-widget elementor-widget-heading\" data-id=\"041518b\" data-element_type=\"widget\" data-e-type=\"widget\" data-widget_type=\"heading.default\">\n\t\t\t\t<div class=\"elementor-widget-container\">\n\t\t\t\t\t<h2 class=\"elementor-heading-title elementor-size-default\">Corredor Mat\u00f3<\/h2>\t\t\t\t<\/div>\n\t\t\t\t<\/div>\n\t\t\t\t<div class=\"elementor-element elementor-element-cf7baa4 elementor-widget elementor-widget-heading\" data-id=\"cf7baa4\" data-element_type=\"widget\" data-e-type=\"widget\" data-widget_type=\"heading.default\">\n\t\t\t\t<div class=\"elementor-widget-container\">\n\t\t\t\t\t<h1 class=\"elementor-heading-title elementor-size-default\">PROPERTY MANAGEMENT<\/h1>\t\t\t\t<\/div>\n\t\t\t\t<\/div>\n\t\t\t\t\t<\/div>\n\t\t<\/div>\n\t\t\t\t\t<\/div>\n\t\t<\/section>\n\t\t\t\t<section class=\"elementor-section elementor-inner-section elementor-element elementor-element-7e94dd4 elementor-section-boxed elementor-section-height-default elementor-section-height-default\" data-id=\"7e94dd4\" data-element_type=\"section\" data-e-type=\"section\" data-settings=\"{&quot;background_background&quot;:&quot;classic&quot;}\">\n\t\t\t\t\t\t<div class=\"elementor-container elementor-column-gap-default\">\n\t\t\t\t\t<div class=\"elementor-column elementor-col-100 elementor-inner-column elementor-element elementor-element-9ef5546\" data-id=\"9ef5546\" data-element_type=\"column\" data-e-type=\"column\" data-settings=\"{&quot;background_background&quot;:&quot;classic&quot;}\">\n\t\t\t<div class=\"elementor-widget-wrap elementor-element-populated\">\n\t\t\t\t\t\t<div class=\"elementor-element elementor-element-0fd8e45 elementor-widget elementor-widget-text-editor\" data-id=\"0fd8e45\" data-element_type=\"widget\" data-e-type=\"widget\" data-widget_type=\"text-editor.default\">\n\t\t\t\t<div class=\"elementor-widget-container\">\n\t\t\t\t\t\t\t\t\t<p>Corredor Mat\u00f3 welcomes you with professionalism, security and honesty in the real estate and tourism market. Corredor Mat\u00f3 is a consolidated family business with more than 60 years of experience in the real estate and tourism sectors. We are a team of professionals of various nationalities who will answer all your questions in your language.<\/p>\n<p>At Corredor Reques\u00f3n we are specialists in taking care of your property during your absence, so that you can enjoy it at all times. We are a team of professionals who work throughout the year to keep your house or flat in good condition, so that your stay at the property runs smoothly and without incident. On a monthly basis, we make visits to check the state of your property, inform you of its condition and notify you immediately of any urgent incidents that may have arisen. We request and submit estimates for any maintenance work deemed necessary and check its progress and final result. These tasks include checking the state of the swimming pool and garden, the cleaning service or taking care of any detail related to the general appearance of the property. We also take care of possible deliveries and visits from friends and family. Corredor Mat\u00f3 is your trusted property manager.<\/p>\n\t\t\t\t\t\t\t\t<\/div>\n\t\t\t\t<\/div>\n\t\t\t\t<div class=\"elementor-element elementor-element-d808890 elementor-widget elementor-widget-button\" data-id=\"d808890\" data-element_type=\"widget\" data-e-type=\"widget\" data-widget_type=\"button.default\">\n\t\t\t\t<div class=\"elementor-widget-container\">\n\t\t\t\t\t\t\t\t\t<div class=\"elementor-button-wrapper\">\n\t\t\t\t\t<a class=\"elementor-button elementor-button-link elementor-size-lg\" href=\"https:\/\/www.corredormato.com\/en\/contact\/\">\n\t\t\t\t\t\t<span class=\"elementor-button-content-wrapper\">\n\t\t\t\t\t\t\t\t\t<span class=\"elementor-button-text\">CONTACT<\/span>\n\t\t\t\t\t<\/span>\n\t\t\t\t\t<\/a>\n\t\t\t\t<\/div>\n\t\t\t\t\t\t\t\t<\/div>\n\t\t\t\t<\/div>\n\t\t\t\t\t<\/div>\n\t\t<\/div>\n\t\t\t\t\t<\/div>\n\t\t<\/section>\n\t\t\t\t\t<\/div>\n\t\t<\/div>\n\t\t\t\t\t<\/div>\n\t\t<\/section>\n\t\t\t\t<\/div>\n\t\t","protected":false},"excerpt":{"rendered":"<p>Corredor Mat\u00f3 PROPERTY MANAGEMENT Corredor Mat\u00f3 welcomes you with professionalism, security and honesty in the real estate and tourism market. Corredor Mat\u00f3 is a consolidated family business with more than 60 years of experience in the real estate and tourism sectors. We are a team of professionals of various nationalities who will answer all your [&hellip;]<\/p>\n","protected":false},"author":1,"featured_media":65,"parent":0,"menu_order":0,"comment_status":"closed","ping_status":"closed","template":"","meta":{"footnotes":""},"class_list":["post-715","page","type-page","status-publish","has-post-thumbnail","hentry"],"yoast_head":"<!-- This site is optimized with the Yoast SEO plugin v27.3 - https:\/\/yoast.com\/product\/yoast-seo-wordpress\/ -->\n<title>Property Management Services - Taking care of your home since 1960<\/title>\n<meta name=\"description\" content=\"At Corredor Mat\u00f3 we are specialists in taking care of your property during your absence, so that you can enjoy it at all times.\" \/>\n<meta name=\"robots\" content=\"index, follow, max-snippet:-1, max-image-preview:large, max-video-preview:-1\" \/>\n<link rel=\"canonical\" href=\"https:\/\/www.corredormato.com\/en\/property-management\/\" \/>\n<meta property=\"og:locale\" content=\"en_US\" \/>\n<meta property=\"og:type\" content=\"article\" \/>\n<meta property=\"og:title\" content=\"Property Management Services - Taking care of your home since 1960\" \/>\n<meta property=\"og:description\" content=\"At Corredor Mat\u00f3 we are specialists in taking care of your property during your absence, so that you can enjoy it at all times.\" \/>\n<meta property=\"og:url\" content=\"https:\/\/www.corredormato.com\/en\/property-management\/\" \/>\n<meta property=\"og:site_name\" content=\"Corredor Mat\u00f3 Real Estate &amp; Property Management\" \/>\n<meta property=\"article:modified_time\" content=\"2023-10-24T11:18:18+00:00\" \/>\n<meta property=\"og:image\" content=\"https:\/\/www.corredormato.com\/wp-content\/uploads\/2021\/04\/RRSS_Corredor_MATO.jpg\" \/>\n\t<meta property=\"og:image:width\" content=\"1280\" \/>\n\t<meta property=\"og:image:height\" content=\"720\" \/>\n\t<meta property=\"og:image:type\" content=\"image\/jpeg\" \/>\n<meta name=\"twitter:card\" content=\"summary_large_image\" \/>\n<meta name=\"twitter:label1\" content=\"Est. reading time\" \/>\n\t<meta name=\"twitter:data1\" content=\"1 minute\" \/>\n<script type=\"application\/ld+json\" class=\"yoast-schema-graph\">{\"@context\":\"https:\\\/\\\/schema.org\",\"@graph\":[{\"@type\":\"WebPage\",\"@id\":\"https:\\\/\\\/www.corredormato.com\\\/en\\\/property-management\\\/\",\"url\":\"https:\\\/\\\/www.corredormato.com\\\/en\\\/property-management\\\/\",\"name\":\"Property Management Services - Taking care of your home since 1960\",\"isPartOf\":{\"@id\":\"https:\\\/\\\/www.corredormato.com\\\/en\\\/#website\"},\"primaryImageOfPage\":{\"@id\":\"https:\\\/\\\/www.corredormato.com\\\/en\\\/property-management\\\/#primaryimage\"},\"image\":{\"@id\":\"https:\\\/\\\/www.corredormato.com\\\/en\\\/property-management\\\/#primaryimage\"},\"thumbnailUrl\":\"https:\\\/\\\/www.corredormato.com\\\/wp-content\\\/uploads\\\/2021\\\/04\\\/RRSS_Corredor_MATO.jpg\",\"datePublished\":\"2021-05-04T11:05:53+00:00\",\"dateModified\":\"2023-10-24T11:18:18+00:00\",\"description\":\"At Corredor Mat\u00f3 we are specialists in taking care of your property during your absence, so that you can enjoy it at all times.\",\"breadcrumb\":{\"@id\":\"https:\\\/\\\/www.corredormato.com\\\/en\\\/property-management\\\/#breadcrumb\"},\"inLanguage\":\"en-US\",\"potentialAction\":[{\"@type\":\"ReadAction\",\"target\":[\"https:\\\/\\\/www.corredormato.com\\\/en\\\/property-management\\\/\"]}]},{\"@type\":\"BreadcrumbList\",\"@id\":\"https:\\\/\\\/www.corredormato.com\\\/en\\\/property-management\\\/#breadcrumb\",\"itemListElement\":[{\"@type\":\"ListItem\",\"position\":1,\"name\":\"Home\",\"item\":\"https:\\\/\\\/www.corredormato.com\\\/en\\\/\"},{\"@type\":\"ListItem\",\"position\":2,\"name\":\"Property Management\"}]},{\"@type\":\"WebSite\",\"@id\":\"https:\\\/\\\/www.corredormato.com\\\/en\\\/#website\",\"url\":\"https:\\\/\\\/www.corredormato.com\\\/en\\\/\",\"name\":\"Corredor Mat\u00f3 Real Estate &amp; Property Management\",\"description\":\"Real Estate &amp; Property Management\",\"publisher\":{\"@id\":\"https:\\\/\\\/www.corredormato.com\\\/en\\\/#organization\"},\"alternateName\":\"Corredor Mat\u00f3\",\"potentialAction\":[{\"@type\":\"SearchAction\",\"target\":{\"@type\":\"EntryPoint\",\"urlTemplate\":\"https:\\\/\\\/www.corredormato.com\\\/resultats-de-cerca-lloguer\\\/?search_text={search_term_string}\"},\"query-input\":{\"@type\":\"PropertyValueSpecification\",\"valueRequired\":true,\"valueName\":\"search_term_string\"}}],\"inLanguage\":\"en-US\"},{\"@type\":\"Organization\",\"@id\":\"https:\\\/\\\/www.corredormato.com\\\/en\\\/#organization\",\"name\":\"Corredor Mat\u00f3 | Real Estate & Property Management\",\"url\":\"https:\\\/\\\/www.corredormato.com\\\/en\\\/\",\"logo\":{\"@type\":\"ImageObject\",\"inLanguage\":\"en-US\",\"@id\":\"https:\\\/\\\/www.corredormato.com\\\/en\\\/#\\\/schema\\\/logo\\\/image\\\/\",\"url\":\"https:\\\/\\\/www.corredormato.com\\\/wp-content\\\/uploads\\\/2021\\\/04\\\/logo.png\",\"contentUrl\":\"https:\\\/\\\/www.corredormato.com\\\/wp-content\\\/uploads\\\/2021\\\/04\\\/logo.png\",\"width\":970,\"height\":225,\"caption\":\"Corredor Mat\u00f3 | Real Estate & Property Management\"},\"image\":{\"@id\":\"https:\\\/\\\/www.corredormato.com\\\/en\\\/#\\\/schema\\\/logo\\\/image\\\/\"}}]}<\/script>\n<!-- \/ Yoast SEO plugin. -->","yoast_head_json":{"title":"Property Management Services - Taking care of your home since 1960","description":"At Corredor Mat\u00f3 we are specialists in taking care of your property during your absence, so that you can enjoy it at all times.","robots":{"index":"index","follow":"follow","max-snippet":"max-snippet:-1","max-image-preview":"max-image-preview:large","max-video-preview":"max-video-preview:-1"},"canonical":"https:\/\/www.corredormato.com\/en\/property-management\/","og_locale":"en_US","og_type":"article","og_title":"Property Management Services - Taking care of your home since 1960","og_description":"At Corredor Mat\u00f3 we are specialists in taking care of your property during your absence, so that you can enjoy it at all times.","og_url":"https:\/\/www.corredormato.com\/en\/property-management\/","og_site_name":"Corredor Mat\u00f3 Real Estate &amp; Property Management","article_modified_time":"2023-10-24T11:18:18+00:00","og_image":[{"width":1280,"height":720,"url":"https:\/\/www.corredormato.com\/wp-content\/uploads\/2021\/04\/RRSS_Corredor_MATO.jpg","type":"image\/jpeg"}],"twitter_card":"summary_large_image","twitter_misc":{"Est. reading time":"1 minute"},"schema":{"@context":"https:\/\/schema.org","@graph":[{"@type":"WebPage","@id":"https:\/\/www.corredormato.com\/en\/property-management\/","url":"https:\/\/www.corredormato.com\/en\/property-management\/","name":"Property Management Services - Taking care of your home since 1960","isPartOf":{"@id":"https:\/\/www.corredormato.com\/en\/#website"},"primaryImageOfPage":{"@id":"https:\/\/www.corredormato.com\/en\/property-management\/#primaryimage"},"image":{"@id":"https:\/\/www.corredormato.com\/en\/property-management\/#primaryimage"},"thumbnailUrl":"https:\/\/www.corredormato.com\/wp-content\/uploads\/2021\/04\/RRSS_Corredor_MATO.jpg","datePublished":"2021-05-04T11:05:53+00:00","dateModified":"2023-10-24T11:18:18+00:00","description":"At Corredor Mat\u00f3 we are specialists in taking care of your property during your absence, so that you can enjoy it at all times.","breadcrumb":{"@id":"https:\/\/www.corredormato.com\/en\/property-management\/#breadcrumb"},"inLanguage":"en-US","potentialAction":[{"@type":"ReadAction","target":["https:\/\/www.corredormato.com\/en\/property-management\/"]}]},{"@type":"BreadcrumbList","@id":"https:\/\/www.corredormato.com\/en\/property-management\/#breadcrumb","itemListElement":[{"@type":"ListItem","position":1,"name":"Home","item":"https:\/\/www.corredormato.com\/en\/"},{"@type":"ListItem","position":2,"name":"Property Management"}]},{"@type":"WebSite","@id":"https:\/\/www.corredormato.com\/en\/#website","url":"https:\/\/www.corredormato.com\/en\/","name":"Corredor Mat\u00f3 Real Estate &amp; Property Management","description":"Real Estate &amp; Property Management","publisher":{"@id":"https:\/\/www.corredormato.com\/en\/#organization"},"alternateName":"Corredor Mat\u00f3","potentialAction":[{"@type":"SearchAction","target":{"@type":"EntryPoint","urlTemplate":"https:\/\/www.corredormato.com\/resultats-de-cerca-lloguer\/?search_text={search_term_string}"},"query-input":{"@type":"PropertyValueSpecification","valueRequired":true,"valueName":"search_term_string"}}],"inLanguage":"en-US"},{"@type":"Organization","@id":"https:\/\/www.corredormato.com\/en\/#organization","name":"Corredor Mat\u00f3 | Real Estate & Property Management","url":"https:\/\/www.corredormato.com\/en\/","logo":{"@type":"ImageObject","inLanguage":"en-US","@id":"https:\/\/www.corredormato.com\/en\/#\/schema\/logo\/image\/","url":"https:\/\/www.corredormato.com\/wp-content\/uploads\/2021\/04\/logo.png","contentUrl":"https:\/\/www.corredormato.com\/wp-content\/uploads\/2021\/04\/logo.png","width":970,"height":225,"caption":"Corredor Mat\u00f3 | Real Estate & Property Management"},"image":{"@id":"https:\/\/www.corredormato.com\/en\/#\/schema\/logo\/image\/"}}]}},"_links":{"self":[{"href":"https:\/\/www.corredormato.com\/en\/wp-json\/wp\/v2\/pages\/715","targetHints":{"allow":["GET"]}}],"collection":[{"href":"https:\/\/www.corredormato.com\/en\/wp-json\/wp\/v2\/pages"}],"about":[{"href":"https:\/\/www.corredormato.com\/en\/wp-json\/wp\/v2\/types\/page"}],"author":[{"embeddable":true,"href":"https:\/\/www.corredormato.com\/en\/wp-json\/wp\/v2\/users\/1"}],"replies":[{"embeddable":true,"href":"https:\/\/www.corredormato.com\/en\/wp-json\/wp\/v2\/comments?post=715"}],"version-history":[{"count":0,"href":"https:\/\/www.corredormato.com\/en\/wp-json\/wp\/v2\/pages\/715\/revisions"}],"wp:featuredmedia":[{"embeddable":true,"href":"https:\/\/www.corredormato.com\/en\/wp-json\/wp\/v2\/media\/65"}],"wp:attachment":[{"href":"https:\/\/www.corredormato.com\/en\/wp-json\/wp\/v2\/media?parent=715"}],"curies":[{"name":"wp","href":"https:\/\/api.w.org\/{rel}","templated":true}]}}