{"id":10576,"date":"2023-10-28T09:03:38","date_gmt":"2023-10-28T07:03:38","guid":{"rendered":"http:\/\/52.30.243.130\/venta-costa-brava\/sant-feliu-de-guixols\/apartamentos\/"},"modified":"2024-02-28T13:13:05","modified_gmt":"2024-02-28T11:13:05","slug":"apartamentos","status":"publish","type":"page","link":"https:\/\/www.corredormato.com\/es\/venta-costa-brava\/sant-feliu-de-guixols\/apartamentos\/","title":{"rendered":"Apartamentos en venta en Sant Feliu de Gu\u00edxols"},"content":{"rendered":"\t\t<div data-elementor-type=\"wp-page\" data-elementor-id=\"10576\" class=\"elementor elementor-10576 elementor-8891\" data-elementor-post-type=\"page\">\n\t\t\t\t\t\t<section class=\"elementor-section elementor-top-section elementor-element elementor-element-0a538bd elementor-section-full_width elementor-section-height-default elementor-section-height-default\" data-id=\"0a538bd\" data-element_type=\"section\" data-e-type=\"section\">\n\t\t\t\t\t\t<div class=\"elementor-container elementor-column-gap-default\">\n\t\t\t\t\t<div class=\"elementor-column elementor-col-100 elementor-top-column elementor-element elementor-element-e12bb34\" data-id=\"e12bb34\" data-element_type=\"column\" data-e-type=\"column\">\n\t\t\t<div class=\"elementor-widget-wrap elementor-element-populated\">\n\t\t\t\t\t\t<div class=\"elementor-element elementor-element-5f44996 listado-general elementor-widget elementor-widget-shortcode\" data-id=\"5f44996\" data-element_type=\"widget\" data-e-type=\"widget\" id=\"listado-general-venta\" data-widget_type=\"shortcode.default\">\n\t\t\t\t<div class=\"elementor-widget-container\">\n\t\t\t\t\t\t\t<div class=\"elementor-shortcode\">  <div class=\"n2r__list n2r__list--empty\">\n    <h3>No se han encontrado resultados en la b\u00fasqueda, por favor contacta con nosotros para poder ayudarte.<\/h3>\n  <\/div>\n<\/div>\n\t\t\t\t\t\t<\/div>\n\t\t\t\t<\/div>\n\t\t\t\t\t<\/div>\n\t\t<\/div>\n\t\t\t\t\t<\/div>\n\t\t<\/section>\n\t\t\t\t<section class=\"elementor-section elementor-top-section elementor-element elementor-element-0131733 elementor-section-boxed elementor-section-height-default elementor-section-height-default\" data-id=\"0131733\" data-element_type=\"section\" data-e-type=\"section\">\n\t\t\t\t\t\t<div class=\"elementor-container elementor-column-gap-default\">\n\t\t\t\t\t<div class=\"elementor-column elementor-col-100 elementor-top-column elementor-element elementor-element-5ba8c4d\" data-id=\"5ba8c4d\" data-element_type=\"column\" data-e-type=\"column\">\n\t\t\t<div class=\"elementor-widget-wrap elementor-element-populated\">\n\t\t\t\t\t\t<div class=\"elementor-element elementor-element-7a3d764 elementor-widget elementor-widget-text-editor\" data-id=\"7a3d764\" data-element_type=\"widget\" data-e-type=\"widget\" data-widget_type=\"text-editor.default\">\n\t\t\t\t<div class=\"elementor-widget-container\">\n\t\t\t\t\t\t\t\t\t<h2><b>Un Hogar en Sant Feliu de Gu\u00edxols: Donde el Coraz\u00f3n Encuentra su Puerto<\/b><\/h2>\n<p><span style=\"font-weight: 400;\">Navega hacia un nuevo amanecer en <strong>Sant Feliu de Gu\u00edxols<\/strong>, donde la vida se despliega como un mar en calma y cada apartamento es un faro que gu\u00eda hacia un hogar lleno de calor. En <strong>Corredor Mat\u00f3<\/strong>, no te mostramos propiedades; revelamos destinos que est\u00e1n destinados a ser anclajes de tus afectos.<\/span><\/p>\n<p><span style=\"font-weight: 400;\"><strong>Sant Feliu de Gu\u00edxols<\/strong> es la puerta de entrada a un estilo de vida mediterr\u00e1neo excepcional. Con su encanto costero, hermosas playas, y un ambiente relajado, <strong>Sant Feliu de Gu\u00edxols<\/strong> ofrece una calidad de vida inigualable. Adquirir un apartamento aqu\u00ed significa disfrutar de la brisa del mar, la rica oferta culinaria, actividades al aire libre y la comodidad de un hogar en un destino de ensue\u00f1o. Ya sea como inversi\u00f3n a largo plazo o como refugio vacacional, un apartamento en <strong>Sant Feliu de Gu\u00edxols<\/strong> te brinda la oportunidad de vivir la aut\u00e9ntica experiencia mediterr\u00e1nea. Descubre nuestras opciones de apartamentos disponibles y da el primer paso hacia una vida costera llena de placeres y momentos inolvidables en el hermoso<strong> Sant Feliu de Gu\u00edxols.<\/strong><\/span><\/p>\n<p><span style=\"font-weight: 400;\">Aqu\u00ed, cada rinc\u00f3n es un refugio que aguarda tu llegada, un espacio en <strong>Sant Feliu de Gu\u00edxols<\/strong> que suspira por ser el puerto seguro de tus sue\u00f1os. La compra se convierte en un reencuentro, una marea que te lleva hacia las orillas de tu propio santuario.<\/span><\/p>\n<p><span style=\"font-weight: 400;\">Ven con <strong>Corredor Mat\u00f3<\/strong>, y d\u00e9jate llevar hacia un lugar que te llama desde la distancia, un lugar donde las olas danzan al ritmo de tus aspiraciones. En <strong>Sant Feliu de Gu\u00edxols<\/strong>, tu hogar te espera entre susurros del mar y caricias de la brisa.<\/span><\/p>\n<p>Si te interesa un apartamento en <strong>Sant Feliu de Gu\u00edxols<\/strong> puede que tambi\u00e9n te pueda interesar un apartamento en <a href=\"https:\/\/www.corredormato.com\/es\/?page_id=10554\"><strong>Palam\u00f3s<\/strong><\/a>, <a href=\"https:\/\/www.corredormato.com\/es\/venta-costa-brava\/begur\/apartamentos\/\"><strong>Begur<\/strong> <\/a>o <a href=\"https:\/\/www.corredormato.com\/es\/venta-costa-brava\/tamariu\/apartamentos\/\"><strong>Tamariu<\/strong><\/a>.<\/p>\n\t\t\t\t\t\t\t\t<\/div>\n\t\t\t\t<\/div>\n\t\t\t\t<div class=\"elementor-element elementor-element-e84d2d9 elementor-widget elementor-widget-shortcode\" data-id=\"e84d2d9\" data-element_type=\"widget\" data-e-type=\"widget\" data-widget_type=\"shortcode.default\">\n\t\t\t\t<div class=\"elementor-widget-container\">\n\t\t\t\t\t\t\t<div class=\"elementor-shortcode\"><style>.wp-show-posts-columns#wpsp-8902 {margin-left: -2em; }.wp-show-posts-columns#wpsp-8902 .wp-show-posts-inner {margin: 0 0 2em 2em; }<\/style><section id=\"wpsp-8902\" class=\" wp-show-posts-columns wp-show-posts\" style=\"\"><article class=\" wp-show-posts-single post-14108 page type-page status-publish has-post-thumbnail hentry wpsp-col-3\" itemtype=\"http:\/\/schema.org\/CreativeWork\" itemscope><div class=\"wp-show-posts-inner\" style=\"\">\t\t\t\t\t\t<header class=\"wp-show-posts-entry-header\">\n\t\t\t\t\t\t\t<h3 class=\"wp-show-posts-entry-title\" itemprop=\"headline\"><a href=\"https:\/\/www.corredormato.com\/es\/venta-costa-brava\/barcelona\/pisos\/\" rel=\"bookmark\">Pisos en venta en Barcelona<\/a><\/h3>\t\t\t\t\t\t<\/header><!-- .entry-header -->\n\t\t\t\t\t\t\t<div class=\"wp-show-posts-image  wpsp-image-center \">\n\t\t\t<a href=\"https:\/\/www.corredormato.com\/es\/venta-costa-brava\/barcelona\/pisos\/\"  title=\"Pisos en venta en Barcelona\"><img fetchpriority=\"high\" decoding=\"async\" width=\"1280\" height=\"887\" src=\"https:\/\/www.corredormato.com\/wp-content\/uploads\/2024\/02\/FOTOS-IMATGES-PREVIEW-29.jpg\" class=\"attachment-full size-full wp-post-image\" alt=\"\" itemprop=\"image\" srcset=\"https:\/\/www.corredormato.com\/wp-content\/uploads\/2024\/02\/FOTOS-IMATGES-PREVIEW-29.jpg 1280w, https:\/\/www.corredormato.com\/wp-content\/uploads\/2024\/02\/FOTOS-IMATGES-PREVIEW-29-300x208.jpg 300w, https:\/\/www.corredormato.com\/wp-content\/uploads\/2024\/02\/FOTOS-IMATGES-PREVIEW-29-1024x710.jpg 1024w, https:\/\/www.corredormato.com\/wp-content\/uploads\/2024\/02\/FOTOS-IMATGES-PREVIEW-29-768x532.jpg 768w\" sizes=\"(max-width: 1280px) 100vw, 1280px\" \/><\/a>\t\t<\/div>\n\t\t<\/div><!-- wp-show-posts-inner --><\/article><article class=\" wp-show-posts-single post-14078 page type-page status-publish has-post-thumbnail hentry wpsp-col-3\" itemtype=\"http:\/\/schema.org\/CreativeWork\" itemscope><div class=\"wp-show-posts-inner\" style=\"\">\t\t\t\t\t\t<header class=\"wp-show-posts-entry-header\">\n\t\t\t\t\t\t\t<h3 class=\"wp-show-posts-entry-title\" itemprop=\"headline\"><a href=\"https:\/\/www.corredormato.com\/es\/venta-costa-brava\/barcelona\/aticos\/\" rel=\"bookmark\">\u00c1ticos en venta en Barcelona<\/a><\/h3>\t\t\t\t\t\t<\/header><!-- .entry-header -->\n\t\t\t\t\t\t\t<div class=\"wp-show-posts-image  wpsp-image-center \">\n\t\t\t<a href=\"https:\/\/www.corredormato.com\/es\/venta-costa-brava\/barcelona\/aticos\/\"  title=\"\u00c1ticos en venta en Barcelona\"><img decoding=\"async\" width=\"1280\" height=\"887\" src=\"https:\/\/www.corredormato.com\/wp-content\/uploads\/2024\/02\/FOTOS-IMATGES-PREVIEW-27.jpg\" class=\"attachment-full size-full wp-post-image\" alt=\"\" itemprop=\"image\" srcset=\"https:\/\/www.corredormato.com\/wp-content\/uploads\/2024\/02\/FOTOS-IMATGES-PREVIEW-27.jpg 1280w, https:\/\/www.corredormato.com\/wp-content\/uploads\/2024\/02\/FOTOS-IMATGES-PREVIEW-27-300x208.jpg 300w, https:\/\/www.corredormato.com\/wp-content\/uploads\/2024\/02\/FOTOS-IMATGES-PREVIEW-27-1024x710.jpg 1024w, https:\/\/www.corredormato.com\/wp-content\/uploads\/2024\/02\/FOTOS-IMATGES-PREVIEW-27-768x532.jpg 768w\" sizes=\"(max-width: 1280px) 100vw, 1280px\" \/><\/a>\t\t<\/div>\n\t\t<\/div><!-- wp-show-posts-inner --><\/article><article class=\" wp-show-posts-single post-13913 page type-page status-publish has-post-thumbnail hentry wpsp-col-3\" itemtype=\"http:\/\/schema.org\/CreativeWork\" itemscope><div class=\"wp-show-posts-inner\" style=\"\">\t\t\t\t\t\t<header class=\"wp-show-posts-entry-header\">\n\t\t\t\t\t\t\t<h3 class=\"wp-show-posts-entry-title\" itemprop=\"headline\"><a href=\"https:\/\/www.corredormato.com\/es\/venta-costa-brava\/mataro\/pisos\/\" rel=\"bookmark\">Pisos en venta en Matar\u00f3<\/a><\/h3>\t\t\t\t\t\t<\/header><!-- .entry-header -->\n\t\t\t\t\t\t\t<div class=\"wp-show-posts-image  wpsp-image-center \">\n\t\t\t<a href=\"https:\/\/www.corredormato.com\/es\/venta-costa-brava\/mataro\/pisos\/\"  title=\"Pisos en venta en Matar\u00f3\"><img decoding=\"async\" width=\"1280\" height=\"887\" src=\"https:\/\/www.corredormato.com\/wp-content\/uploads\/2024\/03\/FOTOS-IMATGES-PREVIEW-52.jpg\" class=\"attachment-full size-full wp-post-image\" alt=\"\" itemprop=\"image\" srcset=\"https:\/\/www.corredormato.com\/wp-content\/uploads\/2024\/03\/FOTOS-IMATGES-PREVIEW-52.jpg 1280w, https:\/\/www.corredormato.com\/wp-content\/uploads\/2024\/03\/FOTOS-IMATGES-PREVIEW-52-300x208.jpg 300w, https:\/\/www.corredormato.com\/wp-content\/uploads\/2024\/03\/FOTOS-IMATGES-PREVIEW-52-1024x710.jpg 1024w, https:\/\/www.corredormato.com\/wp-content\/uploads\/2024\/03\/FOTOS-IMATGES-PREVIEW-52-768x532.jpg 768w\" sizes=\"(max-width: 1280px) 100vw, 1280px\" \/><\/a>\t\t<\/div>\n\t\t<\/div><!-- wp-show-posts-inner --><\/article><article class=\" wp-show-posts-single post-10586 page type-page status-publish has-post-thumbnail hentry wpsp-col-3\" itemtype=\"http:\/\/schema.org\/CreativeWork\" itemscope><div class=\"wp-show-posts-inner\" style=\"\">\t\t\t\t\t\t<header class=\"wp-show-posts-entry-header\">\n\t\t\t\t\t\t\t<h3 class=\"wp-show-posts-entry-title\" itemprop=\"headline\"><a href=\"https:\/\/www.corredormato.com\/es\/venta-costa-brava\/tamariu\/apartamentos\/\" rel=\"bookmark\">Apartamentos en venta en Tamariu<\/a><\/h3>\t\t\t\t\t\t<\/header><!-- .entry-header -->\n\t\t\t\t\t\t\t<div class=\"wp-show-posts-image  wpsp-image-center \">\n\t\t\t<a href=\"https:\/\/www.corredormato.com\/es\/venta-costa-brava\/tamariu\/apartamentos\/\"  title=\"Apartamentos en venta en Tamariu\"><img loading=\"lazy\" decoding=\"async\" width=\"1280\" height=\"887\" src=\"https:\/\/www.corredormato.com\/wp-content\/uploads\/2024\/02\/FOTOS-IMATGES-PREVIEW-36.jpg\" class=\"attachment-full size-full wp-post-image\" alt=\"\" itemprop=\"image\" srcset=\"https:\/\/www.corredormato.com\/wp-content\/uploads\/2024\/02\/FOTOS-IMATGES-PREVIEW-36.jpg 1280w, https:\/\/www.corredormato.com\/wp-content\/uploads\/2024\/02\/FOTOS-IMATGES-PREVIEW-36-300x208.jpg 300w, https:\/\/www.corredormato.com\/wp-content\/uploads\/2024\/02\/FOTOS-IMATGES-PREVIEW-36-1024x710.jpg 1024w, https:\/\/www.corredormato.com\/wp-content\/uploads\/2024\/02\/FOTOS-IMATGES-PREVIEW-36-768x532.jpg 768w\" sizes=\"(max-width: 1280px) 100vw, 1280px\" \/><\/a>\t\t<\/div>\n\t\t<\/div><!-- wp-show-posts-inner --><\/article><article class=\" wp-show-posts-single post-10576 page type-page status-publish has-post-thumbnail hentry wpsp-col-3\" itemtype=\"http:\/\/schema.org\/CreativeWork\" itemscope><div class=\"wp-show-posts-inner\" style=\"\">\t\t\t\t\t\t<header class=\"wp-show-posts-entry-header\">\n\t\t\t\t\t\t\t<h3 class=\"wp-show-posts-entry-title\" itemprop=\"headline\"><a href=\"https:\/\/www.corredormato.com\/es\/venta-costa-brava\/sant-feliu-de-guixols\/apartamentos\/\" rel=\"bookmark\">Apartamentos en venta en Sant Feliu de Gu\u00edxols<\/a><\/h3>\t\t\t\t\t\t<\/header><!-- .entry-header -->\n\t\t\t\t\t\t\t<div class=\"wp-show-posts-image  wpsp-image-center \">\n\t\t\t<a href=\"https:\/\/www.corredormato.com\/es\/venta-costa-brava\/sant-feliu-de-guixols\/apartamentos\/\"  title=\"Apartamentos en venta en Sant Feliu de Gu\u00edxols\"><img loading=\"lazy\" decoding=\"async\" width=\"1280\" height=\"887\" src=\"https:\/\/www.corredormato.com\/wp-content\/uploads\/2024\/02\/FOTOS-IMATGES-PREVIEW-49.jpg\" class=\"attachment-full size-full wp-post-image\" alt=\"\" itemprop=\"image\" srcset=\"https:\/\/www.corredormato.com\/wp-content\/uploads\/2024\/02\/FOTOS-IMATGES-PREVIEW-49.jpg 1280w, https:\/\/www.corredormato.com\/wp-content\/uploads\/2024\/02\/FOTOS-IMATGES-PREVIEW-49-300x208.jpg 300w, https:\/\/www.corredormato.com\/wp-content\/uploads\/2024\/02\/FOTOS-IMATGES-PREVIEW-49-1024x710.jpg 1024w, https:\/\/www.corredormato.com\/wp-content\/uploads\/2024\/02\/FOTOS-IMATGES-PREVIEW-49-768x532.jpg 768w\" sizes=\"(max-width: 1280px) 100vw, 1280px\" \/><\/a>\t\t<\/div>\n\t\t<\/div><!-- wp-show-posts-inner --><\/article><article class=\" wp-show-posts-single post-8915 page type-page status-publish has-post-thumbnail hentry wpsp-col-3\" itemtype=\"http:\/\/schema.org\/CreativeWork\" itemscope><div class=\"wp-show-posts-inner\" style=\"\">\t\t\t\t\t\t<header class=\"wp-show-posts-entry-header\">\n\t\t\t\t\t\t\t<h3 class=\"wp-show-posts-entry-title\" itemprop=\"headline\"><a href=\"https:\/\/www.corredormato.com\/es\/venta-costa-brava\/begur\/apartamentos\/\" rel=\"bookmark\">Apartamentos en venta en Begur<\/a><\/h3>\t\t\t\t\t\t<\/header><!-- .entry-header -->\n\t\t\t\t\t\t\t<div class=\"wp-show-posts-image  wpsp-image-center \">\n\t\t\t<a href=\"https:\/\/www.corredormato.com\/es\/venta-costa-brava\/begur\/apartamentos\/\"  title=\"Apartamentos en venta en Begur\"><img loading=\"lazy\" decoding=\"async\" width=\"1280\" height=\"887\" src=\"https:\/\/www.corredormato.com\/wp-content\/uploads\/2024\/03\/FOTOS-IMATGES-PREVIEW-53.jpg\" class=\"attachment-full size-full wp-post-image\" alt=\"\" itemprop=\"image\" srcset=\"https:\/\/www.corredormato.com\/wp-content\/uploads\/2024\/03\/FOTOS-IMATGES-PREVIEW-53.jpg 1280w, https:\/\/www.corredormato.com\/wp-content\/uploads\/2024\/03\/FOTOS-IMATGES-PREVIEW-53-300x208.jpg 300w, https:\/\/www.corredormato.com\/wp-content\/uploads\/2024\/03\/FOTOS-IMATGES-PREVIEW-53-1024x710.jpg 1024w, https:\/\/www.corredormato.com\/wp-content\/uploads\/2024\/03\/FOTOS-IMATGES-PREVIEW-53-768x532.jpg 768w\" sizes=\"(max-width: 1280px) 100vw, 1280px\" \/><\/a>\t\t<\/div>\n\t\t<\/div><!-- wp-show-posts-inner --><\/article><div class=\"wpsp-clear\"><\/div><\/section><!-- .wp-show-posts --><\/div>\n\t\t\t\t\t\t<\/div>\n\t\t\t\t<\/div>\n\t\t\t\t\t<\/div>\n\t\t<\/div>\n\t\t\t\t\t<\/div>\n\t\t<\/section>\n\t\t\t\t<\/div>\n\t\t","protected":false},"excerpt":{"rendered":"<p>Un Hogar en Sant Feliu de Gu\u00edxols: Donde el Coraz\u00f3n Encuentra su Puerto Navega hacia un nuevo amanecer en Sant Feliu de Gu\u00edxols, donde la vida se despliega como un mar en calma y cada apartamento es un faro que gu\u00eda hacia un hogar lleno de calor. En Corredor Mat\u00f3, no te mostramos propiedades; revelamos [&hellip;]<\/p>\n","protected":false},"author":4,"featured_media":14558,"parent":4688,"menu_order":0,"comment_status":"closed","ping_status":"closed","template":"","meta":{"footnotes":""},"class_list":["post-10576","page","type-page","status-publish","has-post-thumbnail","hentry"],"yoast_head":"<!-- This site is optimized with the Yoast SEO plugin v27.4 - https:\/\/yoast.com\/product\/yoast-seo-wordpress\/ -->\n<title>Corredor Mat\u00f3 Real Estate \u00b7 Apartamentos en Sant Feliu de Gu\u00edxols<\/title>\n<meta name=\"description\" content=\"Si est\u00e1s buscando un apartamento en Sant Feliu de Gu\u00edxols, desde Corredor Mat\u00f3 te podemos ayudar a encontrarlo. Ll\u00e1manos al 972 62 00 16.\" \/>\n<meta name=\"robots\" content=\"index, follow, max-snippet:-1, max-image-preview:large, max-video-preview:-1\" \/>\n<link rel=\"canonical\" href=\"https:\/\/www.corredormato.com\/es\/venta-costa-brava\/sant-feliu-de-guixols\/apartamentos\/\" \/>\n<meta property=\"og:locale\" content=\"es_ES\" \/>\n<meta property=\"og:type\" content=\"article\" \/>\n<meta property=\"og:title\" content=\"Corredor Mat\u00f3 Real Estate \u00b7 Apartamentos en Sant Feliu de Gu\u00edxols\" \/>\n<meta property=\"og:description\" content=\"Si est\u00e1s buscando un apartamento en Sant Feliu de Gu\u00edxols, desde Corredor Mat\u00f3 te podemos ayudar a encontrarlo. Ll\u00e1manos al 972 62 00 16.\" \/>\n<meta property=\"og:url\" content=\"https:\/\/www.corredormato.com\/es\/venta-costa-brava\/sant-feliu-de-guixols\/apartamentos\/\" \/>\n<meta property=\"og:site_name\" content=\"Corredor Mat\u00f3 Real Estate &amp; Property Management\" \/>\n<meta property=\"article:modified_time\" content=\"2024-02-28T11:13:05+00:00\" \/>\n<meta property=\"og:image\" content=\"https:\/\/www.corredormato.com\/wp-content\/uploads\/2024\/02\/FOTOS-IMATGES-PREVIEW-49.jpg\" \/>\n\t<meta property=\"og:image:width\" content=\"1280\" \/>\n\t<meta property=\"og:image:height\" content=\"887\" \/>\n\t<meta property=\"og:image:type\" content=\"image\/jpeg\" \/>\n<meta name=\"twitter:card\" content=\"summary_large_image\" \/>\n<meta name=\"twitter:label1\" content=\"Tiempo de lectura\" \/>\n\t<meta name=\"twitter:data1\" content=\"2 minutos\" \/>\n<script type=\"application\/ld+json\" class=\"yoast-schema-graph\">{\"@context\":\"https:\\\/\\\/schema.org\",\"@graph\":[{\"@type\":\"WebPage\",\"@id\":\"https:\\\/\\\/www.corredormato.com\\\/es\\\/venta-costa-brava\\\/sant-feliu-de-guixols\\\/apartamentos\\\/\",\"url\":\"https:\\\/\\\/www.corredormato.com\\\/es\\\/venta-costa-brava\\\/sant-feliu-de-guixols\\\/apartamentos\\\/\",\"name\":\"Corredor Mat\u00f3 Real Estate \u00b7 Apartamentos en Sant Feliu de Gu\u00edxols\",\"isPartOf\":{\"@id\":\"https:\\\/\\\/www.corredormato.com\\\/es\\\/#website\"},\"primaryImageOfPage\":{\"@id\":\"https:\\\/\\\/www.corredormato.com\\\/es\\\/venta-costa-brava\\\/sant-feliu-de-guixols\\\/apartamentos\\\/#primaryimage\"},\"image\":{\"@id\":\"https:\\\/\\\/www.corredormato.com\\\/es\\\/venta-costa-brava\\\/sant-feliu-de-guixols\\\/apartamentos\\\/#primaryimage\"},\"thumbnailUrl\":\"https:\\\/\\\/www.corredormato.com\\\/wp-content\\\/uploads\\\/2024\\\/02\\\/FOTOS-IMATGES-PREVIEW-49.jpg\",\"datePublished\":\"2023-10-28T07:03:38+00:00\",\"dateModified\":\"2024-02-28T11:13:05+00:00\",\"description\":\"Si est\u00e1s buscando un apartamento en Sant Feliu de Gu\u00edxols, desde Corredor Mat\u00f3 te podemos ayudar a encontrarlo. Ll\u00e1manos al 972 62 00 16.\",\"breadcrumb\":{\"@id\":\"https:\\\/\\\/www.corredormato.com\\\/es\\\/venta-costa-brava\\\/sant-feliu-de-guixols\\\/apartamentos\\\/#breadcrumb\"},\"inLanguage\":\"es\",\"potentialAction\":[{\"@type\":\"ReadAction\",\"target\":[\"https:\\\/\\\/www.corredormato.com\\\/es\\\/venta-costa-brava\\\/sant-feliu-de-guixols\\\/apartamentos\\\/\"]}]},{\"@type\":\"BreadcrumbList\",\"@id\":\"https:\\\/\\\/www.corredormato.com\\\/es\\\/venta-costa-brava\\\/sant-feliu-de-guixols\\\/apartamentos\\\/#breadcrumb\",\"itemListElement\":[{\"@type\":\"ListItem\",\"position\":1,\"name\":\"Home\",\"item\":\"https:\\\/\\\/www.corredormato.com\\\/es\\\/\"},{\"@type\":\"ListItem\",\"position\":2,\"name\":\"Venta Costa Brava\",\"item\":\"https:\\\/\\\/www.corredormato.com\\\/es\\\/venda-costa-brava\\\/\"},{\"@type\":\"ListItem\",\"position\":3,\"name\":\"Propiedades en venta en Sant Feliu de Gu\u00edxols\",\"item\":\"https:\\\/\\\/www.corredormato.com\\\/es\\\/venda-costa-brava\\\/sant-feliu-de-guixols\\\/\"},{\"@type\":\"ListItem\",\"position\":4,\"name\":\"Apartamentos en venta en Sant Feliu de Gu\u00edxols\"}]},{\"@type\":\"WebSite\",\"@id\":\"https:\\\/\\\/www.corredormato.com\\\/es\\\/#website\",\"url\":\"https:\\\/\\\/www.corredormato.com\\\/es\\\/\",\"name\":\"Corredor Mat\u00f3 Real Estate &amp; Property Management\",\"description\":\"Real Estate &amp; Property Management\",\"publisher\":{\"@id\":\"https:\\\/\\\/www.corredormato.com\\\/es\\\/#organization\"},\"alternateName\":\"Corredor Mat\u00f3\",\"potentialAction\":[{\"@type\":\"SearchAction\",\"target\":{\"@type\":\"EntryPoint\",\"urlTemplate\":\"https:\\\/\\\/www.corredormato.com\\\/resultats-de-cerca-lloguer\\\/?search_text={search_term_string}\"},\"query-input\":{\"@type\":\"PropertyValueSpecification\",\"valueRequired\":true,\"valueName\":\"search_term_string\"}}],\"inLanguage\":\"es\"},{\"@type\":\"Organization\",\"@id\":\"https:\\\/\\\/www.corredormato.com\\\/es\\\/#organization\",\"name\":\"Corredor Mat\u00f3 | Real Estate & Property Management\",\"url\":\"https:\\\/\\\/www.corredormato.com\\\/es\\\/\",\"logo\":{\"@type\":\"ImageObject\",\"inLanguage\":\"es\",\"@id\":\"https:\\\/\\\/www.corredormato.com\\\/es\\\/#\\\/schema\\\/logo\\\/image\\\/\",\"url\":\"https:\\\/\\\/www.corredormato.com\\\/wp-content\\\/uploads\\\/2021\\\/04\\\/logo.png\",\"contentUrl\":\"https:\\\/\\\/www.corredormato.com\\\/wp-content\\\/uploads\\\/2021\\\/04\\\/logo.png\",\"width\":970,\"height\":225,\"caption\":\"Corredor Mat\u00f3 | Real Estate & Property Management\"},\"image\":{\"@id\":\"https:\\\/\\\/www.corredormato.com\\\/es\\\/#\\\/schema\\\/logo\\\/image\\\/\"}}]}<\/script>\n<!-- \/ Yoast SEO plugin. -->","yoast_head_json":{"title":"Corredor Mat\u00f3 Real Estate \u00b7 Apartamentos en Sant Feliu de Gu\u00edxols","description":"Si est\u00e1s buscando un apartamento en Sant Feliu de Gu\u00edxols, desde Corredor Mat\u00f3 te podemos ayudar a encontrarlo. Ll\u00e1manos al 972 62 00 16.","robots":{"index":"index","follow":"follow","max-snippet":"max-snippet:-1","max-image-preview":"max-image-preview:large","max-video-preview":"max-video-preview:-1"},"canonical":"https:\/\/www.corredormato.com\/es\/venta-costa-brava\/sant-feliu-de-guixols\/apartamentos\/","og_locale":"es_ES","og_type":"article","og_title":"Corredor Mat\u00f3 Real Estate \u00b7 Apartamentos en Sant Feliu de Gu\u00edxols","og_description":"Si est\u00e1s buscando un apartamento en Sant Feliu de Gu\u00edxols, desde Corredor Mat\u00f3 te podemos ayudar a encontrarlo. Ll\u00e1manos al 972 62 00 16.","og_url":"https:\/\/www.corredormato.com\/es\/venta-costa-brava\/sant-feliu-de-guixols\/apartamentos\/","og_site_name":"Corredor Mat\u00f3 Real Estate &amp; Property Management","article_modified_time":"2024-02-28T11:13:05+00:00","og_image":[{"width":1280,"height":887,"url":"https:\/\/www.corredormato.com\/wp-content\/uploads\/2024\/02\/FOTOS-IMATGES-PREVIEW-49.jpg","type":"image\/jpeg"}],"twitter_card":"summary_large_image","twitter_misc":{"Tiempo de lectura":"2 minutos"},"schema":{"@context":"https:\/\/schema.org","@graph":[{"@type":"WebPage","@id":"https:\/\/www.corredormato.com\/es\/venta-costa-brava\/sant-feliu-de-guixols\/apartamentos\/","url":"https:\/\/www.corredormato.com\/es\/venta-costa-brava\/sant-feliu-de-guixols\/apartamentos\/","name":"Corredor Mat\u00f3 Real Estate \u00b7 Apartamentos en Sant Feliu de Gu\u00edxols","isPartOf":{"@id":"https:\/\/www.corredormato.com\/es\/#website"},"primaryImageOfPage":{"@id":"https:\/\/www.corredormato.com\/es\/venta-costa-brava\/sant-feliu-de-guixols\/apartamentos\/#primaryimage"},"image":{"@id":"https:\/\/www.corredormato.com\/es\/venta-costa-brava\/sant-feliu-de-guixols\/apartamentos\/#primaryimage"},"thumbnailUrl":"https:\/\/www.corredormato.com\/wp-content\/uploads\/2024\/02\/FOTOS-IMATGES-PREVIEW-49.jpg","datePublished":"2023-10-28T07:03:38+00:00","dateModified":"2024-02-28T11:13:05+00:00","description":"Si est\u00e1s buscando un apartamento en Sant Feliu de Gu\u00edxols, desde Corredor Mat\u00f3 te podemos ayudar a encontrarlo. Ll\u00e1manos al 972 62 00 16.","breadcrumb":{"@id":"https:\/\/www.corredormato.com\/es\/venta-costa-brava\/sant-feliu-de-guixols\/apartamentos\/#breadcrumb"},"inLanguage":"es","potentialAction":[{"@type":"ReadAction","target":["https:\/\/www.corredormato.com\/es\/venta-costa-brava\/sant-feliu-de-guixols\/apartamentos\/"]}]},{"@type":"BreadcrumbList","@id":"https:\/\/www.corredormato.com\/es\/venta-costa-brava\/sant-feliu-de-guixols\/apartamentos\/#breadcrumb","itemListElement":[{"@type":"ListItem","position":1,"name":"Home","item":"https:\/\/www.corredormato.com\/es\/"},{"@type":"ListItem","position":2,"name":"Venta Costa Brava","item":"https:\/\/www.corredormato.com\/es\/venda-costa-brava\/"},{"@type":"ListItem","position":3,"name":"Propiedades en venta en Sant Feliu de Gu\u00edxols","item":"https:\/\/www.corredormato.com\/es\/venda-costa-brava\/sant-feliu-de-guixols\/"},{"@type":"ListItem","position":4,"name":"Apartamentos en venta en Sant Feliu de Gu\u00edxols"}]},{"@type":"WebSite","@id":"https:\/\/www.corredormato.com\/es\/#website","url":"https:\/\/www.corredormato.com\/es\/","name":"Corredor Mat\u00f3 Real Estate &amp; Property Management","description":"Real Estate &amp; Property Management","publisher":{"@id":"https:\/\/www.corredormato.com\/es\/#organization"},"alternateName":"Corredor Mat\u00f3","potentialAction":[{"@type":"SearchAction","target":{"@type":"EntryPoint","urlTemplate":"https:\/\/www.corredormato.com\/resultats-de-cerca-lloguer\/?search_text={search_term_string}"},"query-input":{"@type":"PropertyValueSpecification","valueRequired":true,"valueName":"search_term_string"}}],"inLanguage":"es"},{"@type":"Organization","@id":"https:\/\/www.corredormato.com\/es\/#organization","name":"Corredor Mat\u00f3 | Real Estate & Property Management","url":"https:\/\/www.corredormato.com\/es\/","logo":{"@type":"ImageObject","inLanguage":"es","@id":"https:\/\/www.corredormato.com\/es\/#\/schema\/logo\/image\/","url":"https:\/\/www.corredormato.com\/wp-content\/uploads\/2021\/04\/logo.png","contentUrl":"https:\/\/www.corredormato.com\/wp-content\/uploads\/2021\/04\/logo.png","width":970,"height":225,"caption":"Corredor Mat\u00f3 | Real Estate & Property Management"},"image":{"@id":"https:\/\/www.corredormato.com\/es\/#\/schema\/logo\/image\/"}}]}},"_links":{"self":[{"href":"https:\/\/www.corredormato.com\/es\/wp-json\/wp\/v2\/pages\/10576","targetHints":{"allow":["GET"]}}],"collection":[{"href":"https:\/\/www.corredormato.com\/es\/wp-json\/wp\/v2\/pages"}],"about":[{"href":"https:\/\/www.corredormato.com\/es\/wp-json\/wp\/v2\/types\/page"}],"author":[{"embeddable":true,"href":"https:\/\/www.corredormato.com\/es\/wp-json\/wp\/v2\/users\/4"}],"replies":[{"embeddable":true,"href":"https:\/\/www.corredormato.com\/es\/wp-json\/wp\/v2\/comments?post=10576"}],"version-history":[{"count":3,"href":"https:\/\/www.corredormato.com\/es\/wp-json\/wp\/v2\/pages\/10576\/revisions"}],"predecessor-version":[{"id":15217,"href":"https:\/\/www.corredormato.com\/es\/wp-json\/wp\/v2\/pages\/10576\/revisions\/15217"}],"up":[{"embeddable":true,"href":"https:\/\/www.corredormato.com\/es\/wp-json\/wp\/v2\/pages\/4688"}],"wp:featuredmedia":[{"embeddable":true,"href":"https:\/\/www.corredormato.com\/es\/wp-json\/wp\/v2\/media\/14558"}],"wp:attachment":[{"href":"https:\/\/www.corredormato.com\/es\/wp-json\/wp\/v2\/media?parent=10576"}],"curies":[{"name":"wp","href":"https:\/\/api.w.org\/{rel}","templated":true}]}}