{"id":10744,"date":"2023-11-02T09:58:49","date_gmt":"2023-11-02T07:58:49","guid":{"rendered":"http:\/\/52.30.243.130\/venta-costa-brava\/palafrugell\/terrenos\/"},"modified":"2024-02-27T14:16:51","modified_gmt":"2024-02-27T12:16:51","slug":"terrenos","status":"publish","type":"page","link":"https:\/\/www.corredormato.com\/es\/venta-costa-brava\/palafrugell\/terrenos\/","title":{"rendered":"Terrenos en venta en Palafrugell"},"content":{"rendered":"\t\t<div data-elementor-type=\"wp-page\" data-elementor-id=\"10744\" class=\"elementor elementor-10744 elementor-8859\" data-elementor-post-type=\"page\">\n\t\t\t\t\t\t<section class=\"elementor-section elementor-top-section elementor-element elementor-element-dc63aae elementor-section-full_width elementor-section-height-default elementor-section-height-default\" data-id=\"dc63aae\" data-element_type=\"section\" data-e-type=\"section\">\n\t\t\t\t\t\t<div class=\"elementor-container elementor-column-gap-default\">\n\t\t\t\t\t<div class=\"elementor-column elementor-col-100 elementor-top-column elementor-element elementor-element-270dbd6\" data-id=\"270dbd6\" data-element_type=\"column\" data-e-type=\"column\">\n\t\t\t<div class=\"elementor-widget-wrap elementor-element-populated\">\n\t\t\t\t\t\t<div class=\"elementor-element elementor-element-2b1505a listado-general elementor-widget elementor-widget-shortcode\" data-id=\"2b1505a\" data-element_type=\"widget\" data-e-type=\"widget\" data-widget_type=\"shortcode.default\">\n\t\t\t\t<div class=\"elementor-widget-container\">\n\t\t\t\t\t\t\t<div class=\"elementor-shortcode\">  <div class=\"n2r__list n2r__list--empty\">\n    <h3>No se han encontrado resultados en la b\u00fasqueda, por favor contacta con nosotros para poder ayudarte.<\/h3>\n  <\/div>\n<\/div>\n\t\t\t\t\t\t<\/div>\n\t\t\t\t<\/div>\n\t\t\t\t\t<\/div>\n\t\t<\/div>\n\t\t\t\t\t<\/div>\n\t\t<\/section>\n\t\t\t\t<section class=\"elementor-section elementor-top-section elementor-element elementor-element-4233ce1 elementor-section-boxed elementor-section-height-default elementor-section-height-default\" data-id=\"4233ce1\" data-element_type=\"section\" data-e-type=\"section\" data-settings=\"{&quot;background_background&quot;:&quot;classic&quot;}\">\n\t\t\t\t\t\t<div class=\"elementor-container elementor-column-gap-default\">\n\t\t\t\t\t<div class=\"elementor-column elementor-col-100 elementor-top-column elementor-element elementor-element-f87dbcf\" data-id=\"f87dbcf\" data-element_type=\"column\" data-e-type=\"column\">\n\t\t\t<div class=\"elementor-widget-wrap elementor-element-populated\">\n\t\t\t\t\t\t<div class=\"elementor-element elementor-element-01dd777 elementor-widget__width-inherit elementor-widget elementor-widget-text-editor\" data-id=\"01dd777\" data-element_type=\"widget\" data-e-type=\"widget\" data-widget_type=\"text-editor.default\">\n\t\t\t\t<div class=\"elementor-widget-container\">\n\t\t\t\t\t\t\t\t\t<h2>Palafrugell: Un Espacio S\u00f3lo para Ti<\/h2>\n<p>\u00bfSientes esto? Es la emoci\u00f3n por la novedad, la promesa de la aventura. Es <strong>Palafrugell<\/strong> invit\u00e1ndote a ser parte de su tejido, tisado con cultura, historia y la vibrante energ\u00eda de lugares cercanos como <strong>Palafrugell<\/strong>, <strong>Calella<\/strong>, <strong>Llafranc<\/strong> y <strong>Tamariu<\/strong>. Aqu\u00ed, en <strong>Corredor Mat\u00f3<\/strong>, no te ofrecemos s\u00f3lo un terreno; te presentamos un destino para tu pr\u00f3xima gran historia.<\/p>\n<p>Olvida las transacciones y los contratos por un momento. Piensa en el aroma de los pinos, el sonido de la comunidad y la posibilidad de un ma\u00f1ana que est\u00e1 completamente en tus manos. Esto es lo que significa encontrar tu terreno en <strong>Palafrugell<\/strong>. Es m\u00e1s que una compra; es una llamada al cambio de vida.<\/p>\n<p>Estamos aqu\u00ed, listos para escuchar, entender y ayudarte a navegar hacia ese sitio especial que te est\u00e1 esperando. Porque sabemos que no est\u00e1s buscando comprar un terreno cualquiera. Buscas un eco en tus aspiraciones, un suelo donde construir m\u00e1s que una estructura, un lugar donde las risas llenar\u00e1n el aire y cada rinc\u00f3n reflejar\u00e1 tus esperanzas.<\/p>\n<p>As\u00ed que, \u00bfvamos? Juntos, exploramos los caminos de <strong>Palafrugell<\/strong> y descubrimos el lugar en el que tu futuro tomar\u00e1 forma. Con <strong>Corredor Mat\u00f3<\/strong>, est\u00e1s un paso m\u00e1s cerca de tu hogar.<\/p>\n<p>Si te interesa <strong>Palafrugell<\/strong>, quiz\u00e1s tambi\u00e9n te interese encontrar un terreno en <a href=\"https:\/\/www.corredormato.com\/es\/venta-costa-brava\/begur\/terrenos\/\"><strong>Begur<\/strong><\/a>, <strong><a href=\"https:\/\/www.corredormato.com\/es\/venta-costa-brava\/mont-ras\/terrenos\/\">Mont-ras<\/a> o <a href=\"https:\/\/www.corredormato.com\/es\/venta-costa-brava\/tamariu\/terrenos\/\">Tamariu<\/a>.\u00a0<\/strong><\/p>\n\t\t\t\t\t\t\t\t<\/div>\n\t\t\t\t<\/div>\n\t\t\t\t\t<\/div>\n\t\t<\/div>\n\t\t\t\t\t<\/div>\n\t\t<\/section>\n\t\t\t\t<section class=\"elementor-section elementor-top-section elementor-element elementor-element-d006bf6 elementor-section-boxed elementor-section-height-default elementor-section-height-default\" data-id=\"d006bf6\" data-element_type=\"section\" data-e-type=\"section\" data-settings=\"{&quot;background_background&quot;:&quot;classic&quot;}\">\n\t\t\t\t\t\t<div class=\"elementor-container elementor-column-gap-default\">\n\t\t\t\t\t<div class=\"elementor-column elementor-col-100 elementor-top-column elementor-element elementor-element-d43f283\" data-id=\"d43f283\" data-element_type=\"column\" data-e-type=\"column\">\n\t\t\t<div class=\"elementor-widget-wrap elementor-element-populated\">\n\t\t\t\t\t\t<div class=\"elementor-element elementor-element-e4f0adc elementor-widget elementor-widget-shortcode\" data-id=\"e4f0adc\" data-element_type=\"widget\" data-e-type=\"widget\" data-widget_type=\"shortcode.default\">\n\t\t\t\t<div class=\"elementor-widget-container\">\n\t\t\t\t\t\t\t<div class=\"elementor-shortcode\"><style>.wp-show-posts-columns#wpsp-8901 {margin-left: -2em; }.wp-show-posts-columns#wpsp-8901 .wp-show-posts-inner {margin: 0 0 2em 2em; }<\/style><section id=\"wpsp-8901\" class=\" wp-show-posts-columns wp-show-posts\" style=\"\"><div class=\"wpsp-no-results\" style=\"margin-left: 2em;\"><p>No s'han trobat entrades.<\/p>\n<\/div><div class=\"wpsp-clear\"><\/div><\/section><!-- .wp-show-posts --><\/div>\n\t\t\t\t\t\t<\/div>\n\t\t\t\t<\/div>\n\t\t\t\t\t<\/div>\n\t\t<\/div>\n\t\t\t\t\t<\/div>\n\t\t<\/section>\n\t\t\t\t<\/div>\n\t\t","protected":false},"excerpt":{"rendered":"<p>Palafrugell: Un Espacio S\u00f3lo para Ti \u00bfSientes esto? Es la emoci\u00f3n por la novedad, la promesa de la aventura. Es Palafrugell invit\u00e1ndote a ser parte de su tejido, tisado con cultura, historia y la vibrante energ\u00eda de lugares cercanos como Palafrugell, Calella, Llafranc y Tamariu. Aqu\u00ed, en Corredor Mat\u00f3, no te ofrecemos s\u00f3lo un terreno; [&hellip;]<\/p>\n","protected":false},"author":4,"featured_media":14410,"parent":4589,"menu_order":0,"comment_status":"closed","ping_status":"closed","template":"","meta":{"footnotes":""},"class_list":["post-10744","page","type-page","status-publish","has-post-thumbnail","hentry"],"yoast_head":"<!-- This site is optimized with the Yoast SEO plugin v27.4 - https:\/\/yoast.com\/product\/yoast-seo-wordpress\/ -->\n<title>Corredor Mat\u00f3 Real Estate \u00b7 Terrenos en venta en Palafrugell<\/title>\n<meta name=\"description\" content=\"Descubre los terrenos m\u00e1s adecuados para construir tu pr\u00f3ximo hogar, contacta con Corredor Mat\u00f3 en el 972 62 00 16 y te ayudamos en el proceso.\" \/>\n<meta name=\"robots\" content=\"index, follow, max-snippet:-1, max-image-preview:large, max-video-preview:-1\" \/>\n<link rel=\"canonical\" href=\"https:\/\/www.corredormato.com\/es\/venta-costa-brava\/palafrugell\/terrenos\/\" \/>\n<meta property=\"og:locale\" content=\"es_ES\" \/>\n<meta property=\"og:type\" content=\"article\" \/>\n<meta property=\"og:title\" content=\"Corredor Mat\u00f3 Real Estate \u00b7 Terrenos en venta en Palafrugell\" \/>\n<meta property=\"og:description\" content=\"Descubre los terrenos m\u00e1s adecuados para construir tu pr\u00f3ximo hogar, contacta con Corredor Mat\u00f3 en el 972 62 00 16 y te ayudamos en el proceso.\" \/>\n<meta property=\"og:url\" content=\"https:\/\/www.corredormato.com\/es\/venta-costa-brava\/palafrugell\/terrenos\/\" \/>\n<meta property=\"og:site_name\" content=\"Corredor Mat\u00f3 Real Estate &amp; Property Management\" \/>\n<meta property=\"article:modified_time\" content=\"2024-02-27T12:16:51+00:00\" \/>\n<meta property=\"og:image\" content=\"https:\/\/www.corredormato.com\/wp-content\/uploads\/2024\/02\/FOTOS-IMATGES-PREVIEW-44.jpg\" \/>\n\t<meta property=\"og:image:width\" content=\"1280\" \/>\n\t<meta property=\"og:image:height\" content=\"887\" \/>\n\t<meta property=\"og:image:type\" content=\"image\/jpeg\" \/>\n<meta name=\"twitter:card\" content=\"summary_large_image\" \/>\n<meta name=\"twitter:label1\" content=\"Tiempo de lectura\" \/>\n\t<meta name=\"twitter:data1\" content=\"1 minuto\" \/>\n<script type=\"application\/ld+json\" class=\"yoast-schema-graph\">{\"@context\":\"https:\\\/\\\/schema.org\",\"@graph\":[{\"@type\":\"WebPage\",\"@id\":\"https:\\\/\\\/www.corredormato.com\\\/es\\\/venta-costa-brava\\\/palafrugell\\\/terrenos\\\/\",\"url\":\"https:\\\/\\\/www.corredormato.com\\\/es\\\/venta-costa-brava\\\/palafrugell\\\/terrenos\\\/\",\"name\":\"Corredor Mat\u00f3 Real Estate \u00b7 Terrenos en venta en Palafrugell\",\"isPartOf\":{\"@id\":\"https:\\\/\\\/www.corredormato.com\\\/es\\\/#website\"},\"primaryImageOfPage\":{\"@id\":\"https:\\\/\\\/www.corredormato.com\\\/es\\\/venta-costa-brava\\\/palafrugell\\\/terrenos\\\/#primaryimage\"},\"image\":{\"@id\":\"https:\\\/\\\/www.corredormato.com\\\/es\\\/venta-costa-brava\\\/palafrugell\\\/terrenos\\\/#primaryimage\"},\"thumbnailUrl\":\"https:\\\/\\\/www.corredormato.com\\\/wp-content\\\/uploads\\\/2024\\\/02\\\/FOTOS-IMATGES-PREVIEW-44.jpg\",\"datePublished\":\"2023-11-02T07:58:49+00:00\",\"dateModified\":\"2024-02-27T12:16:51+00:00\",\"description\":\"Descubre los terrenos m\u00e1s adecuados para construir tu pr\u00f3ximo hogar, contacta con Corredor Mat\u00f3 en el 972 62 00 16 y te ayudamos en el proceso.\",\"breadcrumb\":{\"@id\":\"https:\\\/\\\/www.corredormato.com\\\/es\\\/venta-costa-brava\\\/palafrugell\\\/terrenos\\\/#breadcrumb\"},\"inLanguage\":\"es\",\"potentialAction\":[{\"@type\":\"ReadAction\",\"target\":[\"https:\\\/\\\/www.corredormato.com\\\/es\\\/venta-costa-brava\\\/palafrugell\\\/terrenos\\\/\"]}]},{\"@type\":\"BreadcrumbList\",\"@id\":\"https:\\\/\\\/www.corredormato.com\\\/es\\\/venta-costa-brava\\\/palafrugell\\\/terrenos\\\/#breadcrumb\",\"itemListElement\":[{\"@type\":\"ListItem\",\"position\":1,\"name\":\"Home\",\"item\":\"https:\\\/\\\/www.corredormato.com\\\/es\\\/\"},{\"@type\":\"ListItem\",\"position\":2,\"name\":\"Venta Costa Brava\",\"item\":\"https:\\\/\\\/www.corredormato.com\\\/es\\\/venda-costa-brava\\\/\"},{\"@type\":\"ListItem\",\"position\":3,\"name\":\"Propiedades en venta en Palafrugell\",\"item\":\"https:\\\/\\\/www.corredormato.com\\\/es\\\/venda-costa-brava\\\/palafrugell\\\/\"},{\"@type\":\"ListItem\",\"position\":4,\"name\":\"Terrenos en venta en Palafrugell\"}]},{\"@type\":\"WebSite\",\"@id\":\"https:\\\/\\\/www.corredormato.com\\\/es\\\/#website\",\"url\":\"https:\\\/\\\/www.corredormato.com\\\/es\\\/\",\"name\":\"Corredor Mat\u00f3 Real Estate &amp; Property Management\",\"description\":\"Real Estate &amp; Property Management\",\"publisher\":{\"@id\":\"https:\\\/\\\/www.corredormato.com\\\/es\\\/#organization\"},\"alternateName\":\"Corredor Mat\u00f3\",\"potentialAction\":[{\"@type\":\"SearchAction\",\"target\":{\"@type\":\"EntryPoint\",\"urlTemplate\":\"https:\\\/\\\/www.corredormato.com\\\/resultats-de-cerca-lloguer\\\/?search_text={search_term_string}\"},\"query-input\":{\"@type\":\"PropertyValueSpecification\",\"valueRequired\":true,\"valueName\":\"search_term_string\"}}],\"inLanguage\":\"es\"},{\"@type\":\"Organization\",\"@id\":\"https:\\\/\\\/www.corredormato.com\\\/es\\\/#organization\",\"name\":\"Corredor Mat\u00f3 | Real Estate & Property Management\",\"url\":\"https:\\\/\\\/www.corredormato.com\\\/es\\\/\",\"logo\":{\"@type\":\"ImageObject\",\"inLanguage\":\"es\",\"@id\":\"https:\\\/\\\/www.corredormato.com\\\/es\\\/#\\\/schema\\\/logo\\\/image\\\/\",\"url\":\"https:\\\/\\\/www.corredormato.com\\\/wp-content\\\/uploads\\\/2021\\\/04\\\/logo.png\",\"contentUrl\":\"https:\\\/\\\/www.corredormato.com\\\/wp-content\\\/uploads\\\/2021\\\/04\\\/logo.png\",\"width\":970,\"height\":225,\"caption\":\"Corredor Mat\u00f3 | Real Estate & Property Management\"},\"image\":{\"@id\":\"https:\\\/\\\/www.corredormato.com\\\/es\\\/#\\\/schema\\\/logo\\\/image\\\/\"}}]}<\/script>\n<!-- \/ Yoast SEO plugin. -->","yoast_head_json":{"title":"Corredor Mat\u00f3 Real Estate \u00b7 Terrenos en venta en Palafrugell","description":"Descubre los terrenos m\u00e1s adecuados para construir tu pr\u00f3ximo hogar, contacta con Corredor Mat\u00f3 en el 972 62 00 16 y te ayudamos en el proceso.","robots":{"index":"index","follow":"follow","max-snippet":"max-snippet:-1","max-image-preview":"max-image-preview:large","max-video-preview":"max-video-preview:-1"},"canonical":"https:\/\/www.corredormato.com\/es\/venta-costa-brava\/palafrugell\/terrenos\/","og_locale":"es_ES","og_type":"article","og_title":"Corredor Mat\u00f3 Real Estate \u00b7 Terrenos en venta en Palafrugell","og_description":"Descubre los terrenos m\u00e1s adecuados para construir tu pr\u00f3ximo hogar, contacta con Corredor Mat\u00f3 en el 972 62 00 16 y te ayudamos en el proceso.","og_url":"https:\/\/www.corredormato.com\/es\/venta-costa-brava\/palafrugell\/terrenos\/","og_site_name":"Corredor Mat\u00f3 Real Estate &amp; Property Management","article_modified_time":"2024-02-27T12:16:51+00:00","og_image":[{"width":1280,"height":887,"url":"https:\/\/www.corredormato.com\/wp-content\/uploads\/2024\/02\/FOTOS-IMATGES-PREVIEW-44.jpg","type":"image\/jpeg"}],"twitter_card":"summary_large_image","twitter_misc":{"Tiempo de lectura":"1 minuto"},"schema":{"@context":"https:\/\/schema.org","@graph":[{"@type":"WebPage","@id":"https:\/\/www.corredormato.com\/es\/venta-costa-brava\/palafrugell\/terrenos\/","url":"https:\/\/www.corredormato.com\/es\/venta-costa-brava\/palafrugell\/terrenos\/","name":"Corredor Mat\u00f3 Real Estate \u00b7 Terrenos en venta en Palafrugell","isPartOf":{"@id":"https:\/\/www.corredormato.com\/es\/#website"},"primaryImageOfPage":{"@id":"https:\/\/www.corredormato.com\/es\/venta-costa-brava\/palafrugell\/terrenos\/#primaryimage"},"image":{"@id":"https:\/\/www.corredormato.com\/es\/venta-costa-brava\/palafrugell\/terrenos\/#primaryimage"},"thumbnailUrl":"https:\/\/www.corredormato.com\/wp-content\/uploads\/2024\/02\/FOTOS-IMATGES-PREVIEW-44.jpg","datePublished":"2023-11-02T07:58:49+00:00","dateModified":"2024-02-27T12:16:51+00:00","description":"Descubre los terrenos m\u00e1s adecuados para construir tu pr\u00f3ximo hogar, contacta con Corredor Mat\u00f3 en el 972 62 00 16 y te ayudamos en el proceso.","breadcrumb":{"@id":"https:\/\/www.corredormato.com\/es\/venta-costa-brava\/palafrugell\/terrenos\/#breadcrumb"},"inLanguage":"es","potentialAction":[{"@type":"ReadAction","target":["https:\/\/www.corredormato.com\/es\/venta-costa-brava\/palafrugell\/terrenos\/"]}]},{"@type":"BreadcrumbList","@id":"https:\/\/www.corredormato.com\/es\/venta-costa-brava\/palafrugell\/terrenos\/#breadcrumb","itemListElement":[{"@type":"ListItem","position":1,"name":"Home","item":"https:\/\/www.corredormato.com\/es\/"},{"@type":"ListItem","position":2,"name":"Venta Costa Brava","item":"https:\/\/www.corredormato.com\/es\/venda-costa-brava\/"},{"@type":"ListItem","position":3,"name":"Propiedades en venta en Palafrugell","item":"https:\/\/www.corredormato.com\/es\/venda-costa-brava\/palafrugell\/"},{"@type":"ListItem","position":4,"name":"Terrenos en venta en Palafrugell"}]},{"@type":"WebSite","@id":"https:\/\/www.corredormato.com\/es\/#website","url":"https:\/\/www.corredormato.com\/es\/","name":"Corredor Mat\u00f3 Real Estate &amp; Property Management","description":"Real Estate &amp; Property Management","publisher":{"@id":"https:\/\/www.corredormato.com\/es\/#organization"},"alternateName":"Corredor Mat\u00f3","potentialAction":[{"@type":"SearchAction","target":{"@type":"EntryPoint","urlTemplate":"https:\/\/www.corredormato.com\/resultats-de-cerca-lloguer\/?search_text={search_term_string}"},"query-input":{"@type":"PropertyValueSpecification","valueRequired":true,"valueName":"search_term_string"}}],"inLanguage":"es"},{"@type":"Organization","@id":"https:\/\/www.corredormato.com\/es\/#organization","name":"Corredor Mat\u00f3 | Real Estate & Property Management","url":"https:\/\/www.corredormato.com\/es\/","logo":{"@type":"ImageObject","inLanguage":"es","@id":"https:\/\/www.corredormato.com\/es\/#\/schema\/logo\/image\/","url":"https:\/\/www.corredormato.com\/wp-content\/uploads\/2021\/04\/logo.png","contentUrl":"https:\/\/www.corredormato.com\/wp-content\/uploads\/2021\/04\/logo.png","width":970,"height":225,"caption":"Corredor Mat\u00f3 | Real Estate & Property Management"},"image":{"@id":"https:\/\/www.corredormato.com\/es\/#\/schema\/logo\/image\/"}}]}},"_links":{"self":[{"href":"https:\/\/www.corredormato.com\/es\/wp-json\/wp\/v2\/pages\/10744","targetHints":{"allow":["GET"]}}],"collection":[{"href":"https:\/\/www.corredormato.com\/es\/wp-json\/wp\/v2\/pages"}],"about":[{"href":"https:\/\/www.corredormato.com\/es\/wp-json\/wp\/v2\/types\/page"}],"author":[{"embeddable":true,"href":"https:\/\/www.corredormato.com\/es\/wp-json\/wp\/v2\/users\/4"}],"replies":[{"embeddable":true,"href":"https:\/\/www.corredormato.com\/es\/wp-json\/wp\/v2\/comments?post=10744"}],"version-history":[{"count":2,"href":"https:\/\/www.corredormato.com\/es\/wp-json\/wp\/v2\/pages\/10744\/revisions"}],"predecessor-version":[{"id":14911,"href":"https:\/\/www.corredormato.com\/es\/wp-json\/wp\/v2\/pages\/10744\/revisions\/14911"}],"up":[{"embeddable":true,"href":"https:\/\/www.corredormato.com\/es\/wp-json\/wp\/v2\/pages\/4589"}],"wp:featuredmedia":[{"embeddable":true,"href":"https:\/\/www.corredormato.com\/es\/wp-json\/wp\/v2\/media\/14410"}],"wp:attachment":[{"href":"https:\/\/www.corredormato.com\/es\/wp-json\/wp\/v2\/media?parent=10744"}],"curies":[{"name":"wp","href":"https:\/\/api.w.org\/{rel}","templated":true}]}}