{"id":10765,"date":"2023-11-02T10:12:43","date_gmt":"2023-11-02T08:12:43","guid":{"rendered":"http:\/\/52.30.243.130\/venta-costa-brava\/santa-cristina-daro\/terrenos\/"},"modified":"2024-02-28T12:14:57","modified_gmt":"2024-02-28T10:14:57","slug":"terrenos","status":"publish","type":"page","link":"https:\/\/www.corredormato.com\/es\/venta-costa-brava\/santa-cristina-daro\/terrenos\/","title":{"rendered":"Terrenos en venta en Santa Cristina d&#8217;Aro"},"content":{"rendered":"\t\t<div data-elementor-type=\"wp-page\" data-elementor-id=\"10765\" class=\"elementor elementor-10765 elementor-8870\" data-elementor-post-type=\"page\">\n\t\t\t\t\t\t<section class=\"elementor-section elementor-top-section elementor-element elementor-element-3cb12bf elementor-section-full_width elementor-section-height-default elementor-section-height-default\" data-id=\"3cb12bf\" data-element_type=\"section\" data-e-type=\"section\">\n\t\t\t\t\t\t<div class=\"elementor-container elementor-column-gap-default\">\n\t\t\t\t\t<div class=\"elementor-column elementor-col-100 elementor-top-column elementor-element elementor-element-b4067cd\" data-id=\"b4067cd\" data-element_type=\"column\" data-e-type=\"column\">\n\t\t\t<div class=\"elementor-widget-wrap elementor-element-populated\">\n\t\t\t\t\t\t<div class=\"elementor-element elementor-element-7f8d17e listado-general elementor-widget elementor-widget-shortcode\" data-id=\"7f8d17e\" data-element_type=\"widget\" data-e-type=\"widget\" id=\"listado-general\" data-widget_type=\"shortcode.default\">\n\t\t\t\t<div class=\"elementor-widget-container\">\n\t\t\t\t\t\t\t<div class=\"elementor-shortcode\">  <div class=\"n2r__list n2r__list--empty\">\n    <h3>No se han encontrado resultados en la b\u00fasqueda, por favor contacta con nosotros para poder ayudarte.<\/h3>\n  <\/div>\n<\/div>\n\t\t\t\t\t\t<\/div>\n\t\t\t\t<\/div>\n\t\t\t\t\t<\/div>\n\t\t<\/div>\n\t\t\t\t\t<\/div>\n\t\t<\/section>\n\t\t\t\t<section class=\"elementor-section elementor-top-section elementor-element elementor-element-c0cdd4b elementor-section-boxed elementor-section-height-default elementor-section-height-default\" data-id=\"c0cdd4b\" data-element_type=\"section\" data-e-type=\"section\" data-settings=\"{&quot;background_background&quot;:&quot;classic&quot;}\">\n\t\t\t\t\t\t<div class=\"elementor-container elementor-column-gap-default\">\n\t\t\t\t\t<div class=\"elementor-column elementor-col-100 elementor-top-column elementor-element elementor-element-2ec8fce\" data-id=\"2ec8fce\" data-element_type=\"column\" data-e-type=\"column\">\n\t\t\t<div class=\"elementor-widget-wrap elementor-element-populated\">\n\t\t\t\t\t\t<div class=\"elementor-element elementor-element-a420e29 elementor-widget__width-inherit elementor-widget elementor-widget-text-editor\" data-id=\"a420e29\" data-element_type=\"widget\" data-e-type=\"widget\" data-widget_type=\"text-editor.default\">\n\t\t\t\t<div class=\"elementor-widget-container\">\n\t\t\t\t\t\t\t\t\t<h2>Un Refugio en Santa Cristina de Aro: Tu Historia Espera Ser Escrita<\/h2>\n<p>Bienvenido a <strong>Santa Cristina de Aro<\/strong>, donde cada camino lleva a un futuro por descubrir y cada brisa cuenta una historia diferente. En <strong>Corredor Mat\u00f3,<\/strong> no le ofrecemos simplemente un terreno; te presentamos un cap\u00edtulo sin escribir en el libro de tu vida, en un lugar donde la naturaleza se encuentra con la comodidad, y la aventura se asoma a cada esquina.<\/p>\n<p>Olvida por un momento los n\u00fameros y los planos. Piensa en los atardeceres sin fin, en las risas que resonar\u00e1n en un hogar que a\u00fan est\u00e1 por construir, en el aroma de la libertad que s\u00f3lo un lugar como <strong>Santa Cristina de Aro<\/strong>, enclavado entre la vitalidad de<strong> Playa de Aro<\/strong> y la tranquilidad de <strong>Romany\u00e0 de la Selva<\/strong>, te puede ofrecer.<\/p>\n<p>Aqu\u00ed, estamos para escucharte. Queremos conocer las historias que deseas vivir, los recuerdos que ans\u00edas crear. Porque sabemos que este viaje va m\u00e1s all\u00e1 de comprar un terreno en <strong>Santa Cristina d&#8217;Aro<\/strong>; se trata de invertir en tus sue\u00f1os y encontrar ese sitio especial que los acoger\u00e1.<\/p>\n<p>As\u00ed que, \u00bfnos dejas acompa\u00f1arte? Juntos podemos explorar los rincones m\u00e1gicos de <strong>Santa Cristina d&#8217;Aro<\/strong> y encontrar este espacio \u00fanico en el que tu futuro florecer\u00e1. En <strong>Corredor Mat\u00f3<\/strong>, estamos emocionados por ayudarles a construir no s\u00f3lo una casa, sino un hogar lleno de amor y nuevas aventuras.<\/p>\n<p>&nbsp;<\/p>\n\t\t\t\t\t\t\t\t<\/div>\n\t\t\t\t<\/div>\n\t\t\t\t\t<\/div>\n\t\t<\/div>\n\t\t\t\t\t<\/div>\n\t\t<\/section>\n\t\t\t\t<section class=\"elementor-section elementor-top-section elementor-element elementor-element-d79c4f0 elementor-section-boxed elementor-section-height-default elementor-section-height-default\" data-id=\"d79c4f0\" data-element_type=\"section\" data-e-type=\"section\" data-settings=\"{&quot;background_background&quot;:&quot;classic&quot;}\">\n\t\t\t\t\t\t<div class=\"elementor-container elementor-column-gap-default\">\n\t\t\t\t\t<div class=\"elementor-column elementor-col-100 elementor-top-column elementor-element elementor-element-f1f2d94\" data-id=\"f1f2d94\" data-element_type=\"column\" data-e-type=\"column\">\n\t\t\t<div class=\"elementor-widget-wrap elementor-element-populated\">\n\t\t\t\t\t\t<div class=\"elementor-element elementor-element-42b0eac elementor-widget elementor-widget-shortcode\" data-id=\"42b0eac\" data-element_type=\"widget\" data-e-type=\"widget\" data-widget_type=\"shortcode.default\">\n\t\t\t\t<div class=\"elementor-widget-container\">\n\t\t\t\t\t\t\t<div class=\"elementor-shortcode\"><style>.wp-show-posts-columns#wpsp-8901 {margin-left: -2em; }.wp-show-posts-columns#wpsp-8901 .wp-show-posts-inner {margin: 0 0 2em 2em; }<\/style><section id=\"wpsp-8901\" class=\" wp-show-posts-columns wp-show-posts\" style=\"\"><div class=\"wpsp-no-results\" style=\"margin-left: 2em;\"><p>No s'han trobat entrades.<\/p>\n<\/div><div class=\"wpsp-clear\"><\/div><\/section><!-- .wp-show-posts --><\/div>\n\t\t\t\t\t\t<\/div>\n\t\t\t\t<\/div>\n\t\t\t\t\t<\/div>\n\t\t<\/div>\n\t\t\t\t\t<\/div>\n\t\t<\/section>\n\t\t\t\t<\/div>\n\t\t","protected":false},"excerpt":{"rendered":"<p>Un Refugio en Santa Cristina de Aro: Tu Historia Espera Ser Escrita Bienvenido a Santa Cristina de Aro, donde cada camino lleva a un futuro por descubrir y cada brisa cuenta una historia diferente. En Corredor Mat\u00f3, no le ofrecemos simplemente un terreno; te presentamos un cap\u00edtulo sin escribir en el libro de tu vida, [&hellip;]<\/p>\n","protected":false},"author":4,"featured_media":8046,"parent":4702,"menu_order":0,"comment_status":"closed","ping_status":"closed","template":"","meta":{"footnotes":""},"class_list":["post-10765","page","type-page","status-publish","has-post-thumbnail","hentry"],"yoast_head":"<!-- This site is optimized with the Yoast SEO plugin v27.4 - https:\/\/yoast.com\/product\/yoast-seo-wordpress\/ -->\n<title>Corredor Mat\u00f3 Real Estate \u00b7 Terrenos en venta en Santa Cristina<\/title>\n<meta name=\"description\" content=\"Descubre el mejor portfolio de terrenos para poder elegir entre una gran variedad aqu\u00e9l que mejor se adapte a tu proyecto.\" \/>\n<meta name=\"robots\" content=\"index, follow, max-snippet:-1, max-image-preview:large, max-video-preview:-1\" \/>\n<link rel=\"canonical\" href=\"https:\/\/www.corredormato.com\/es\/venta-costa-brava\/santa-cristina-daro\/terrenos\/\" \/>\n<meta property=\"og:locale\" content=\"es_ES\" \/>\n<meta property=\"og:type\" content=\"article\" \/>\n<meta property=\"og:title\" content=\"Corredor Mat\u00f3 Real Estate \u00b7 Terrenos en venta en Santa Cristina\" \/>\n<meta property=\"og:description\" content=\"Descubre el mejor portfolio de terrenos para poder elegir entre una gran variedad aqu\u00e9l que mejor se adapte a tu proyecto.\" \/>\n<meta property=\"og:url\" content=\"https:\/\/www.corredormato.com\/es\/venta-costa-brava\/santa-cristina-daro\/terrenos\/\" \/>\n<meta property=\"og:site_name\" content=\"Corredor Mat\u00f3 Real Estate &amp; Property Management\" \/>\n<meta property=\"article:modified_time\" content=\"2024-02-28T10:14:57+00:00\" \/>\n<meta property=\"og:image\" content=\"https:\/\/www.corredormato.com\/wp-content\/uploads\/2023\/09\/2-1024x710.png\" \/>\n\t<meta property=\"og:image:width\" content=\"1024\" \/>\n\t<meta property=\"og:image:height\" content=\"710\" \/>\n\t<meta property=\"og:image:type\" content=\"image\/png\" \/>\n<meta name=\"twitter:card\" content=\"summary_large_image\" \/>\n<meta name=\"twitter:label1\" content=\"Tiempo de lectura\" \/>\n\t<meta name=\"twitter:data1\" content=\"1 minuto\" \/>\n<script type=\"application\/ld+json\" class=\"yoast-schema-graph\">{\"@context\":\"https:\\\/\\\/schema.org\",\"@graph\":[{\"@type\":\"WebPage\",\"@id\":\"https:\\\/\\\/www.corredormato.com\\\/es\\\/venta-costa-brava\\\/santa-cristina-daro\\\/terrenos\\\/\",\"url\":\"https:\\\/\\\/www.corredormato.com\\\/es\\\/venta-costa-brava\\\/santa-cristina-daro\\\/terrenos\\\/\",\"name\":\"Corredor Mat\u00f3 Real Estate \u00b7 Terrenos en venta en Santa Cristina\",\"isPartOf\":{\"@id\":\"https:\\\/\\\/www.corredormato.com\\\/es\\\/#website\"},\"primaryImageOfPage\":{\"@id\":\"https:\\\/\\\/www.corredormato.com\\\/es\\\/venta-costa-brava\\\/santa-cristina-daro\\\/terrenos\\\/#primaryimage\"},\"image\":{\"@id\":\"https:\\\/\\\/www.corredormato.com\\\/es\\\/venta-costa-brava\\\/santa-cristina-daro\\\/terrenos\\\/#primaryimage\"},\"thumbnailUrl\":\"https:\\\/\\\/www.corredormato.com\\\/wp-content\\\/uploads\\\/2023\\\/09\\\/2.png\",\"datePublished\":\"2023-11-02T08:12:43+00:00\",\"dateModified\":\"2024-02-28T10:14:57+00:00\",\"description\":\"Descubre el mejor portfolio de terrenos para poder elegir entre una gran variedad aqu\u00e9l que mejor se adapte a tu proyecto.\",\"breadcrumb\":{\"@id\":\"https:\\\/\\\/www.corredormato.com\\\/es\\\/venta-costa-brava\\\/santa-cristina-daro\\\/terrenos\\\/#breadcrumb\"},\"inLanguage\":\"es\",\"potentialAction\":[{\"@type\":\"ReadAction\",\"target\":[\"https:\\\/\\\/www.corredormato.com\\\/es\\\/venta-costa-brava\\\/santa-cristina-daro\\\/terrenos\\\/\"]}]},{\"@type\":\"BreadcrumbList\",\"@id\":\"https:\\\/\\\/www.corredormato.com\\\/es\\\/venta-costa-brava\\\/santa-cristina-daro\\\/terrenos\\\/#breadcrumb\",\"itemListElement\":[{\"@type\":\"ListItem\",\"position\":1,\"name\":\"Home\",\"item\":\"https:\\\/\\\/www.corredormato.com\\\/es\\\/\"},{\"@type\":\"ListItem\",\"position\":2,\"name\":\"Venta Costa Brava\",\"item\":\"https:\\\/\\\/www.corredormato.com\\\/es\\\/venda-costa-brava\\\/\"},{\"@type\":\"ListItem\",\"position\":3,\"name\":\"Propiedades en venta en Santa Cristina de Aro\",\"item\":\"https:\\\/\\\/www.corredormato.com\\\/es\\\/venda-costa-brava\\\/santa-cristina-daro\\\/\"},{\"@type\":\"ListItem\",\"position\":4,\"name\":\"Terrenos en venta en Santa Cristina d&#8217;Aro\"}]},{\"@type\":\"WebSite\",\"@id\":\"https:\\\/\\\/www.corredormato.com\\\/es\\\/#website\",\"url\":\"https:\\\/\\\/www.corredormato.com\\\/es\\\/\",\"name\":\"Corredor Mat\u00f3 Real Estate &amp; Property Management\",\"description\":\"Real Estate &amp; Property Management\",\"publisher\":{\"@id\":\"https:\\\/\\\/www.corredormato.com\\\/es\\\/#organization\"},\"alternateName\":\"Corredor Mat\u00f3\",\"potentialAction\":[{\"@type\":\"SearchAction\",\"target\":{\"@type\":\"EntryPoint\",\"urlTemplate\":\"https:\\\/\\\/www.corredormato.com\\\/resultats-de-cerca-lloguer\\\/?search_text={search_term_string}\"},\"query-input\":{\"@type\":\"PropertyValueSpecification\",\"valueRequired\":true,\"valueName\":\"search_term_string\"}}],\"inLanguage\":\"es\"},{\"@type\":\"Organization\",\"@id\":\"https:\\\/\\\/www.corredormato.com\\\/es\\\/#organization\",\"name\":\"Corredor Mat\u00f3 | Real Estate & Property Management\",\"url\":\"https:\\\/\\\/www.corredormato.com\\\/es\\\/\",\"logo\":{\"@type\":\"ImageObject\",\"inLanguage\":\"es\",\"@id\":\"https:\\\/\\\/www.corredormato.com\\\/es\\\/#\\\/schema\\\/logo\\\/image\\\/\",\"url\":\"https:\\\/\\\/www.corredormato.com\\\/wp-content\\\/uploads\\\/2021\\\/04\\\/logo.png\",\"contentUrl\":\"https:\\\/\\\/www.corredormato.com\\\/wp-content\\\/uploads\\\/2021\\\/04\\\/logo.png\",\"width\":970,\"height\":225,\"caption\":\"Corredor Mat\u00f3 | Real Estate & Property Management\"},\"image\":{\"@id\":\"https:\\\/\\\/www.corredormato.com\\\/es\\\/#\\\/schema\\\/logo\\\/image\\\/\"}}]}<\/script>\n<!-- \/ Yoast SEO plugin. -->","yoast_head_json":{"title":"Corredor Mat\u00f3 Real Estate \u00b7 Terrenos en venta en Santa Cristina","description":"Descubre el mejor portfolio de terrenos para poder elegir entre una gran variedad aqu\u00e9l que mejor se adapte a tu proyecto.","robots":{"index":"index","follow":"follow","max-snippet":"max-snippet:-1","max-image-preview":"max-image-preview:large","max-video-preview":"max-video-preview:-1"},"canonical":"https:\/\/www.corredormato.com\/es\/venta-costa-brava\/santa-cristina-daro\/terrenos\/","og_locale":"es_ES","og_type":"article","og_title":"Corredor Mat\u00f3 Real Estate \u00b7 Terrenos en venta en Santa Cristina","og_description":"Descubre el mejor portfolio de terrenos para poder elegir entre una gran variedad aqu\u00e9l que mejor se adapte a tu proyecto.","og_url":"https:\/\/www.corredormato.com\/es\/venta-costa-brava\/santa-cristina-daro\/terrenos\/","og_site_name":"Corredor Mat\u00f3 Real Estate &amp; Property Management","article_modified_time":"2024-02-28T10:14:57+00:00","og_image":[{"width":1024,"height":710,"url":"https:\/\/www.corredormato.com\/wp-content\/uploads\/2023\/09\/2-1024x710.png","type":"image\/png"}],"twitter_card":"summary_large_image","twitter_misc":{"Tiempo de lectura":"1 minuto"},"schema":{"@context":"https:\/\/schema.org","@graph":[{"@type":"WebPage","@id":"https:\/\/www.corredormato.com\/es\/venta-costa-brava\/santa-cristina-daro\/terrenos\/","url":"https:\/\/www.corredormato.com\/es\/venta-costa-brava\/santa-cristina-daro\/terrenos\/","name":"Corredor Mat\u00f3 Real Estate \u00b7 Terrenos en venta en Santa Cristina","isPartOf":{"@id":"https:\/\/www.corredormato.com\/es\/#website"},"primaryImageOfPage":{"@id":"https:\/\/www.corredormato.com\/es\/venta-costa-brava\/santa-cristina-daro\/terrenos\/#primaryimage"},"image":{"@id":"https:\/\/www.corredormato.com\/es\/venta-costa-brava\/santa-cristina-daro\/terrenos\/#primaryimage"},"thumbnailUrl":"https:\/\/www.corredormato.com\/wp-content\/uploads\/2023\/09\/2.png","datePublished":"2023-11-02T08:12:43+00:00","dateModified":"2024-02-28T10:14:57+00:00","description":"Descubre el mejor portfolio de terrenos para poder elegir entre una gran variedad aqu\u00e9l que mejor se adapte a tu proyecto.","breadcrumb":{"@id":"https:\/\/www.corredormato.com\/es\/venta-costa-brava\/santa-cristina-daro\/terrenos\/#breadcrumb"},"inLanguage":"es","potentialAction":[{"@type":"ReadAction","target":["https:\/\/www.corredormato.com\/es\/venta-costa-brava\/santa-cristina-daro\/terrenos\/"]}]},{"@type":"BreadcrumbList","@id":"https:\/\/www.corredormato.com\/es\/venta-costa-brava\/santa-cristina-daro\/terrenos\/#breadcrumb","itemListElement":[{"@type":"ListItem","position":1,"name":"Home","item":"https:\/\/www.corredormato.com\/es\/"},{"@type":"ListItem","position":2,"name":"Venta Costa Brava","item":"https:\/\/www.corredormato.com\/es\/venda-costa-brava\/"},{"@type":"ListItem","position":3,"name":"Propiedades en venta en Santa Cristina de Aro","item":"https:\/\/www.corredormato.com\/es\/venda-costa-brava\/santa-cristina-daro\/"},{"@type":"ListItem","position":4,"name":"Terrenos en venta en Santa Cristina d&#8217;Aro"}]},{"@type":"WebSite","@id":"https:\/\/www.corredormato.com\/es\/#website","url":"https:\/\/www.corredormato.com\/es\/","name":"Corredor Mat\u00f3 Real Estate &amp; Property Management","description":"Real Estate &amp; Property Management","publisher":{"@id":"https:\/\/www.corredormato.com\/es\/#organization"},"alternateName":"Corredor Mat\u00f3","potentialAction":[{"@type":"SearchAction","target":{"@type":"EntryPoint","urlTemplate":"https:\/\/www.corredormato.com\/resultats-de-cerca-lloguer\/?search_text={search_term_string}"},"query-input":{"@type":"PropertyValueSpecification","valueRequired":true,"valueName":"search_term_string"}}],"inLanguage":"es"},{"@type":"Organization","@id":"https:\/\/www.corredormato.com\/es\/#organization","name":"Corredor Mat\u00f3 | Real Estate & Property Management","url":"https:\/\/www.corredormato.com\/es\/","logo":{"@type":"ImageObject","inLanguage":"es","@id":"https:\/\/www.corredormato.com\/es\/#\/schema\/logo\/image\/","url":"https:\/\/www.corredormato.com\/wp-content\/uploads\/2021\/04\/logo.png","contentUrl":"https:\/\/www.corredormato.com\/wp-content\/uploads\/2021\/04\/logo.png","width":970,"height":225,"caption":"Corredor Mat\u00f3 | Real Estate & Property Management"},"image":{"@id":"https:\/\/www.corredormato.com\/es\/#\/schema\/logo\/image\/"}}]}},"_links":{"self":[{"href":"https:\/\/www.corredormato.com\/es\/wp-json\/wp\/v2\/pages\/10765","targetHints":{"allow":["GET"]}}],"collection":[{"href":"https:\/\/www.corredormato.com\/es\/wp-json\/wp\/v2\/pages"}],"about":[{"href":"https:\/\/www.corredormato.com\/es\/wp-json\/wp\/v2\/types\/page"}],"author":[{"embeddable":true,"href":"https:\/\/www.corredormato.com\/es\/wp-json\/wp\/v2\/users\/4"}],"replies":[{"embeddable":true,"href":"https:\/\/www.corredormato.com\/es\/wp-json\/wp\/v2\/comments?post=10765"}],"version-history":[{"count":2,"href":"https:\/\/www.corredormato.com\/es\/wp-json\/wp\/v2\/pages\/10765\/revisions"}],"predecessor-version":[{"id":15161,"href":"https:\/\/www.corredormato.com\/es\/wp-json\/wp\/v2\/pages\/10765\/revisions\/15161"}],"up":[{"embeddable":true,"href":"https:\/\/www.corredormato.com\/es\/wp-json\/wp\/v2\/pages\/4702"}],"wp:featuredmedia":[{"embeddable":true,"href":"https:\/\/www.corredormato.com\/es\/wp-json\/wp\/v2\/media\/8046"}],"wp:attachment":[{"href":"https:\/\/www.corredormato.com\/es\/wp-json\/wp\/v2\/media?parent=10765"}],"curies":[{"name":"wp","href":"https:\/\/api.w.org\/{rel}","templated":true}]}}