{"id":10771,"date":"2023-11-02T10:16:02","date_gmt":"2023-11-02T08:16:02","guid":{"rendered":"http:\/\/52.30.243.130\/terrenos\/"},"modified":"2024-02-28T12:40:20","modified_gmt":"2024-02-28T10:40:20","slug":"terrenos","status":"publish","type":"page","link":"https:\/\/www.corredormato.com\/es\/venta-costa-brava\/sant-vicenc-de-montalt\/terrenos\/","title":{"rendered":"Terrenos en venta en Sant Vicen\u00e7 de Montalt"},"content":{"rendered":"\t\t<div data-elementor-type=\"wp-page\" data-elementor-id=\"10771\" class=\"elementor elementor-10771 elementor-8865\" data-elementor-post-type=\"page\">\n\t\t\t\t\t\t<section class=\"elementor-section elementor-top-section elementor-element elementor-element-7593696 elementor-section-full_width elementor-section-height-default elementor-section-height-default\" data-id=\"7593696\" data-element_type=\"section\" data-e-type=\"section\">\n\t\t\t\t\t\t<div class=\"elementor-container elementor-column-gap-default\">\n\t\t\t\t\t<div class=\"elementor-column elementor-col-100 elementor-top-column elementor-element elementor-element-499eefa\" data-id=\"499eefa\" data-element_type=\"column\" data-e-type=\"column\">\n\t\t\t<div class=\"elementor-widget-wrap elementor-element-populated\">\n\t\t\t\t\t\t<div class=\"elementor-element elementor-element-97613d5 listado-general elementor-widget elementor-widget-shortcode\" data-id=\"97613d5\" data-element_type=\"widget\" data-e-type=\"widget\" id=\"listado-general\" data-widget_type=\"shortcode.default\">\n\t\t\t\t<div class=\"elementor-widget-container\">\n\t\t\t\t\t\t\t<div class=\"elementor-shortcode\">  <div class=\"n2r__list n2r__list--empty\">\n    <h3>No se han encontrado resultados en la b\u00fasqueda, por favor contacta con nosotros para poder ayudarte.<\/h3>\n  <\/div>\n<\/div>\n\t\t\t\t\t\t<\/div>\n\t\t\t\t<\/div>\n\t\t\t\t\t<\/div>\n\t\t<\/div>\n\t\t\t\t\t<\/div>\n\t\t<\/section>\n\t\t\t\t<section class=\"elementor-section elementor-top-section elementor-element elementor-element-54758e6 elementor-section-boxed elementor-section-height-default elementor-section-height-default\" data-id=\"54758e6\" data-element_type=\"section\" data-e-type=\"section\" data-settings=\"{&quot;background_background&quot;:&quot;classic&quot;}\">\n\t\t\t\t\t\t<div class=\"elementor-container elementor-column-gap-default\">\n\t\t\t\t\t<div class=\"elementor-column elementor-col-100 elementor-top-column elementor-element elementor-element-da977e7\" data-id=\"da977e7\" data-element_type=\"column\" data-e-type=\"column\">\n\t\t\t<div class=\"elementor-widget-wrap elementor-element-populated\">\n\t\t\t\t\t\t<div class=\"elementor-element elementor-element-ee391cc elementor-widget__width-inherit elementor-widget elementor-widget-text-editor\" data-id=\"ee391cc\" data-element_type=\"widget\" data-e-type=\"widget\" data-widget_type=\"text-editor.default\">\n\t\t\t\t<div class=\"elementor-widget-container\">\n\t\t\t\t\t\t\t\t\t<h2>Tu Rinc\u00f3n de Sue\u00f1os en Sant Vicen\u00e7 de Montalt<\/h2>\n<p>Descubre un mundo donde los sue\u00f1os echan ra\u00edces en <strong>Sant Vicen\u00e7 de Montalt<\/strong>. A trav\u00e9s de <strong>Corredor Mat\u00f3<\/strong>, te invitamos a explorar no solo un terreno sino un hogar potencial entre el murmullo de las olas y el abrazo de las monta\u00f1as, un lugar donde cada amanecer promete nuevas aventuras.<\/p>\n<p>Aqu\u00ed, cerca del pulso de <strong>Matar\u00f3<\/strong> y la calma de <strong>Arenys de Mar<\/strong>, cada parcela en venta te ofrece m\u00e1s que un espacio: presenta un futuro tejido con tus aspiraciones. Imagina un santuario dise\u00f1ado por ti, reflejando cada deseo, cada esperanza.<\/p>\n<p>Un terreno en <strong>Sant Vicen\u00e7 de Montalt<\/strong> te ofrece la oportunidad de materializar tus sue\u00f1os en un entorno de belleza mediterr\u00e1nea incomparable. Con su ubicaci\u00f3n en la <strong>Costa del Maresme<\/strong> y vistas panor\u00e1micas al mar, este rinc\u00f3n id\u00edlico te ofrece la posibilidad de construir la residencia de tus sue\u00f1os, rodeada de naturaleza y cerca de playas de arena dorada. La inversi\u00f3n en un terreno aqu\u00ed no solo significa asegurar tu patrimonio a largo plazo, sino tambi\u00e9n disfrutar de la tranquilidad y la autenticidad de una comunidad acogedora, una rica oferta cultural y gastron\u00f3mica, y la proximidad a <strong>Barcelona<\/strong>. Ya sea para construir tu hogar permanente o una escapada vacacional, un terreno en Sant Vicen\u00e7 de Montalt te brinda la oportunidad de vivir la vida que siempre has imaginado en la <strong>Costa del Maresme<\/strong>. Explora nuestras opciones de terrenos disponibles y da el primer paso hacia un futuro lleno de comodidad, belleza y serenidad en este para\u00edso mediterr\u00e1neo.<\/p>\n<p>Con\u00e9ctate con nosotros. Deja que los terrenos de <strong>Sant Vicen\u00e7 de Montalt<\/strong> te muestren el camino hacia un horizonte lleno de posibilidades.<\/p>\n<p>Porque en <strong>Corredor Mat\u00f3<\/strong>, cada terreno es el comienzo de un sue\u00f1o hecho realidad.<\/p>\n\t\t\t\t\t\t\t\t<\/div>\n\t\t\t\t<\/div>\n\t\t\t\t\t<\/div>\n\t\t<\/div>\n\t\t\t\t\t<\/div>\n\t\t<\/section>\n\t\t\t\t<section class=\"elementor-section elementor-top-section elementor-element elementor-element-1591676 elementor-section-boxed elementor-section-height-default elementor-section-height-default\" data-id=\"1591676\" data-element_type=\"section\" data-e-type=\"section\" data-settings=\"{&quot;background_background&quot;:&quot;classic&quot;}\">\n\t\t\t\t\t\t<div class=\"elementor-container elementor-column-gap-default\">\n\t\t\t\t\t<div class=\"elementor-column elementor-col-100 elementor-top-column elementor-element elementor-element-23ac234\" data-id=\"23ac234\" data-element_type=\"column\" data-e-type=\"column\">\n\t\t\t<div class=\"elementor-widget-wrap elementor-element-populated\">\n\t\t\t\t\t\t<div class=\"elementor-element elementor-element-425eb2e elementor-widget elementor-widget-shortcode\" data-id=\"425eb2e\" data-element_type=\"widget\" data-e-type=\"widget\" data-widget_type=\"shortcode.default\">\n\t\t\t\t<div class=\"elementor-widget-container\">\n\t\t\t\t\t\t\t<div class=\"elementor-shortcode\"><style>.wp-show-posts-columns#wpsp-8901 {margin-left: -2em; }.wp-show-posts-columns#wpsp-8901 .wp-show-posts-inner {margin: 0 0 2em 2em; }<\/style><section id=\"wpsp-8901\" class=\" wp-show-posts-columns wp-show-posts\" style=\"\"><div class=\"wpsp-no-results\" style=\"margin-left: 2em;\"><p>No s'han trobat entrades.<\/p>\n<\/div><div class=\"wpsp-clear\"><\/div><\/section><!-- .wp-show-posts --><\/div>\n\t\t\t\t\t\t<\/div>\n\t\t\t\t<\/div>\n\t\t\t\t\t<\/div>\n\t\t<\/div>\n\t\t\t\t\t<\/div>\n\t\t<\/section>\n\t\t\t\t<\/div>\n\t\t","protected":false},"excerpt":{"rendered":"<p>Tu Rinc\u00f3n de Sue\u00f1os en Sant Vicen\u00e7 de Montalt Descubre un mundo donde los sue\u00f1os echan ra\u00edces en Sant Vicen\u00e7 de Montalt. A trav\u00e9s de Corredor Mat\u00f3, te invitamos a explorar no solo un terreno sino un hogar potencial entre el murmullo de las olas y el abrazo de las monta\u00f1as, un lugar donde cada [&hellip;]<\/p>\n","protected":false},"author":4,"featured_media":9061,"parent":11454,"menu_order":0,"comment_status":"closed","ping_status":"closed","template":"","meta":{"footnotes":""},"class_list":["post-10771","page","type-page","status-publish","has-post-thumbnail","hentry"],"yoast_head":"<!-- This site is optimized with the Yoast SEO plugin v27.4 - https:\/\/yoast.com\/product\/yoast-seo-wordpress\/ -->\n<title>Corredor Mat\u00f3 Real Estate \u00b7 Terrenos en Sant Vicen\u00e7 de Montalt<\/title>\n<meta name=\"description\" content=\"Consigue el mejor terreno para tu proyecto en Sant Vicen\u00e7 de Montalt y haz realidad tu sue\u00f1o con Corredor Mat\u00f3.\" \/>\n<meta name=\"robots\" content=\"index, follow, max-snippet:-1, max-image-preview:large, max-video-preview:-1\" \/>\n<link rel=\"canonical\" href=\"https:\/\/www.corredormato.com\/es\/venta-costa-brava\/sant-vicenc-de-montalt\/terrenos\/\" \/>\n<meta property=\"og:locale\" content=\"es_ES\" \/>\n<meta property=\"og:type\" content=\"article\" \/>\n<meta property=\"og:title\" content=\"Corredor Mat\u00f3 Real Estate \u00b7 Terrenos en Sant Vicen\u00e7 de Montalt\" \/>\n<meta property=\"og:description\" content=\"Consigue el mejor terreno para tu proyecto en Sant Vicen\u00e7 de Montalt y haz realidad tu sue\u00f1o con Corredor Mat\u00f3.\" \/>\n<meta property=\"og:url\" content=\"https:\/\/www.corredormato.com\/es\/venta-costa-brava\/sant-vicenc-de-montalt\/terrenos\/\" \/>\n<meta property=\"og:site_name\" content=\"Corredor Mat\u00f3 Real Estate &amp; Property Management\" \/>\n<meta property=\"article:modified_time\" content=\"2024-02-28T10:40:20+00:00\" \/>\n<meta property=\"og:image\" content=\"https:\/\/www.corredormato.com\/wp-content\/uploads\/2023\/10\/Disseny-sense-titol-2.png\" \/>\n\t<meta property=\"og:image:width\" content=\"1280\" \/>\n\t<meta property=\"og:image:height\" content=\"887\" \/>\n\t<meta property=\"og:image:type\" content=\"image\/png\" \/>\n<meta name=\"twitter:card\" content=\"summary_large_image\" \/>\n<meta name=\"twitter:label1\" content=\"Tiempo de lectura\" \/>\n\t<meta name=\"twitter:data1\" content=\"2 minutos\" \/>\n<script type=\"application\/ld+json\" class=\"yoast-schema-graph\">{\"@context\":\"https:\\\/\\\/schema.org\",\"@graph\":[{\"@type\":\"WebPage\",\"@id\":\"https:\\\/\\\/www.corredormato.com\\\/es\\\/venta-costa-brava\\\/sant-vicenc-de-montalt\\\/terrenos\\\/\",\"url\":\"https:\\\/\\\/www.corredormato.com\\\/es\\\/venta-costa-brava\\\/sant-vicenc-de-montalt\\\/terrenos\\\/\",\"name\":\"Corredor Mat\u00f3 Real Estate \u00b7 Terrenos en Sant Vicen\u00e7 de Montalt\",\"isPartOf\":{\"@id\":\"https:\\\/\\\/www.corredormato.com\\\/es\\\/#website\"},\"primaryImageOfPage\":{\"@id\":\"https:\\\/\\\/www.corredormato.com\\\/es\\\/venta-costa-brava\\\/sant-vicenc-de-montalt\\\/terrenos\\\/#primaryimage\"},\"image\":{\"@id\":\"https:\\\/\\\/www.corredormato.com\\\/es\\\/venta-costa-brava\\\/sant-vicenc-de-montalt\\\/terrenos\\\/#primaryimage\"},\"thumbnailUrl\":\"https:\\\/\\\/www.corredormato.com\\\/wp-content\\\/uploads\\\/2023\\\/10\\\/Disseny-sense-titol-2.png\",\"datePublished\":\"2023-11-02T08:16:02+00:00\",\"dateModified\":\"2024-02-28T10:40:20+00:00\",\"description\":\"Consigue el mejor terreno para tu proyecto en Sant Vicen\u00e7 de Montalt y haz realidad tu sue\u00f1o con Corredor Mat\u00f3.\",\"breadcrumb\":{\"@id\":\"https:\\\/\\\/www.corredormato.com\\\/es\\\/venta-costa-brava\\\/sant-vicenc-de-montalt\\\/terrenos\\\/#breadcrumb\"},\"inLanguage\":\"es\",\"potentialAction\":[{\"@type\":\"ReadAction\",\"target\":[\"https:\\\/\\\/www.corredormato.com\\\/es\\\/venta-costa-brava\\\/sant-vicenc-de-montalt\\\/terrenos\\\/\"]}]},{\"@type\":\"BreadcrumbList\",\"@id\":\"https:\\\/\\\/www.corredormato.com\\\/es\\\/venta-costa-brava\\\/sant-vicenc-de-montalt\\\/terrenos\\\/#breadcrumb\",\"itemListElement\":[{\"@type\":\"ListItem\",\"position\":1,\"name\":\"Home\",\"item\":\"https:\\\/\\\/www.corredormato.com\\\/es\\\/\"},{\"@type\":\"ListItem\",\"position\":2,\"name\":\"Venta Costa Brava\",\"item\":\"https:\\\/\\\/www.corredormato.com\\\/es\\\/venda-costa-brava\\\/\"},{\"@type\":\"ListItem\",\"position\":3,\"name\":\"Propiedades en venta en Sant Vicen\u00e7 de Montalt\",\"item\":\"https:\\\/\\\/www.corredormato.com\\\/es\\\/venda-costa-brava\\\/sant-vicenc-de-montalt\\\/\"},{\"@type\":\"ListItem\",\"position\":4,\"name\":\"Terrenos en venta en Sant Vicen\u00e7 de Montalt\"}]},{\"@type\":\"WebSite\",\"@id\":\"https:\\\/\\\/www.corredormato.com\\\/es\\\/#website\",\"url\":\"https:\\\/\\\/www.corredormato.com\\\/es\\\/\",\"name\":\"Corredor Mat\u00f3 Real Estate &amp; Property Management\",\"description\":\"Real Estate &amp; Property Management\",\"publisher\":{\"@id\":\"https:\\\/\\\/www.corredormato.com\\\/es\\\/#organization\"},\"alternateName\":\"Corredor Mat\u00f3\",\"potentialAction\":[{\"@type\":\"SearchAction\",\"target\":{\"@type\":\"EntryPoint\",\"urlTemplate\":\"https:\\\/\\\/www.corredormato.com\\\/resultats-de-cerca-lloguer\\\/?search_text={search_term_string}\"},\"query-input\":{\"@type\":\"PropertyValueSpecification\",\"valueRequired\":true,\"valueName\":\"search_term_string\"}}],\"inLanguage\":\"es\"},{\"@type\":\"Organization\",\"@id\":\"https:\\\/\\\/www.corredormato.com\\\/es\\\/#organization\",\"name\":\"Corredor Mat\u00f3 | Real Estate & Property Management\",\"url\":\"https:\\\/\\\/www.corredormato.com\\\/es\\\/\",\"logo\":{\"@type\":\"ImageObject\",\"inLanguage\":\"es\",\"@id\":\"https:\\\/\\\/www.corredormato.com\\\/es\\\/#\\\/schema\\\/logo\\\/image\\\/\",\"url\":\"https:\\\/\\\/www.corredormato.com\\\/wp-content\\\/uploads\\\/2021\\\/04\\\/logo.png\",\"contentUrl\":\"https:\\\/\\\/www.corredormato.com\\\/wp-content\\\/uploads\\\/2021\\\/04\\\/logo.png\",\"width\":970,\"height\":225,\"caption\":\"Corredor Mat\u00f3 | Real Estate & Property Management\"},\"image\":{\"@id\":\"https:\\\/\\\/www.corredormato.com\\\/es\\\/#\\\/schema\\\/logo\\\/image\\\/\"}}]}<\/script>\n<!-- \/ Yoast SEO plugin. -->","yoast_head_json":{"title":"Corredor Mat\u00f3 Real Estate \u00b7 Terrenos en Sant Vicen\u00e7 de Montalt","description":"Consigue el mejor terreno para tu proyecto en Sant Vicen\u00e7 de Montalt y haz realidad tu sue\u00f1o con Corredor Mat\u00f3.","robots":{"index":"index","follow":"follow","max-snippet":"max-snippet:-1","max-image-preview":"max-image-preview:large","max-video-preview":"max-video-preview:-1"},"canonical":"https:\/\/www.corredormato.com\/es\/venta-costa-brava\/sant-vicenc-de-montalt\/terrenos\/","og_locale":"es_ES","og_type":"article","og_title":"Corredor Mat\u00f3 Real Estate \u00b7 Terrenos en Sant Vicen\u00e7 de Montalt","og_description":"Consigue el mejor terreno para tu proyecto en Sant Vicen\u00e7 de Montalt y haz realidad tu sue\u00f1o con Corredor Mat\u00f3.","og_url":"https:\/\/www.corredormato.com\/es\/venta-costa-brava\/sant-vicenc-de-montalt\/terrenos\/","og_site_name":"Corredor Mat\u00f3 Real Estate &amp; Property Management","article_modified_time":"2024-02-28T10:40:20+00:00","og_image":[{"width":1280,"height":887,"url":"https:\/\/www.corredormato.com\/wp-content\/uploads\/2023\/10\/Disseny-sense-titol-2.png","type":"image\/png"}],"twitter_card":"summary_large_image","twitter_misc":{"Tiempo de lectura":"2 minutos"},"schema":{"@context":"https:\/\/schema.org","@graph":[{"@type":"WebPage","@id":"https:\/\/www.corredormato.com\/es\/venta-costa-brava\/sant-vicenc-de-montalt\/terrenos\/","url":"https:\/\/www.corredormato.com\/es\/venta-costa-brava\/sant-vicenc-de-montalt\/terrenos\/","name":"Corredor Mat\u00f3 Real Estate \u00b7 Terrenos en Sant Vicen\u00e7 de Montalt","isPartOf":{"@id":"https:\/\/www.corredormato.com\/es\/#website"},"primaryImageOfPage":{"@id":"https:\/\/www.corredormato.com\/es\/venta-costa-brava\/sant-vicenc-de-montalt\/terrenos\/#primaryimage"},"image":{"@id":"https:\/\/www.corredormato.com\/es\/venta-costa-brava\/sant-vicenc-de-montalt\/terrenos\/#primaryimage"},"thumbnailUrl":"https:\/\/www.corredormato.com\/wp-content\/uploads\/2023\/10\/Disseny-sense-titol-2.png","datePublished":"2023-11-02T08:16:02+00:00","dateModified":"2024-02-28T10:40:20+00:00","description":"Consigue el mejor terreno para tu proyecto en Sant Vicen\u00e7 de Montalt y haz realidad tu sue\u00f1o con Corredor Mat\u00f3.","breadcrumb":{"@id":"https:\/\/www.corredormato.com\/es\/venta-costa-brava\/sant-vicenc-de-montalt\/terrenos\/#breadcrumb"},"inLanguage":"es","potentialAction":[{"@type":"ReadAction","target":["https:\/\/www.corredormato.com\/es\/venta-costa-brava\/sant-vicenc-de-montalt\/terrenos\/"]}]},{"@type":"BreadcrumbList","@id":"https:\/\/www.corredormato.com\/es\/venta-costa-brava\/sant-vicenc-de-montalt\/terrenos\/#breadcrumb","itemListElement":[{"@type":"ListItem","position":1,"name":"Home","item":"https:\/\/www.corredormato.com\/es\/"},{"@type":"ListItem","position":2,"name":"Venta Costa Brava","item":"https:\/\/www.corredormato.com\/es\/venda-costa-brava\/"},{"@type":"ListItem","position":3,"name":"Propiedades en venta en Sant Vicen\u00e7 de Montalt","item":"https:\/\/www.corredormato.com\/es\/venda-costa-brava\/sant-vicenc-de-montalt\/"},{"@type":"ListItem","position":4,"name":"Terrenos en venta en Sant Vicen\u00e7 de Montalt"}]},{"@type":"WebSite","@id":"https:\/\/www.corredormato.com\/es\/#website","url":"https:\/\/www.corredormato.com\/es\/","name":"Corredor Mat\u00f3 Real Estate &amp; Property Management","description":"Real Estate &amp; Property Management","publisher":{"@id":"https:\/\/www.corredormato.com\/es\/#organization"},"alternateName":"Corredor Mat\u00f3","potentialAction":[{"@type":"SearchAction","target":{"@type":"EntryPoint","urlTemplate":"https:\/\/www.corredormato.com\/resultats-de-cerca-lloguer\/?search_text={search_term_string}"},"query-input":{"@type":"PropertyValueSpecification","valueRequired":true,"valueName":"search_term_string"}}],"inLanguage":"es"},{"@type":"Organization","@id":"https:\/\/www.corredormato.com\/es\/#organization","name":"Corredor Mat\u00f3 | Real Estate & Property Management","url":"https:\/\/www.corredormato.com\/es\/","logo":{"@type":"ImageObject","inLanguage":"es","@id":"https:\/\/www.corredormato.com\/es\/#\/schema\/logo\/image\/","url":"https:\/\/www.corredormato.com\/wp-content\/uploads\/2021\/04\/logo.png","contentUrl":"https:\/\/www.corredormato.com\/wp-content\/uploads\/2021\/04\/logo.png","width":970,"height":225,"caption":"Corredor Mat\u00f3 | Real Estate & Property Management"},"image":{"@id":"https:\/\/www.corredormato.com\/es\/#\/schema\/logo\/image\/"}}]}},"_links":{"self":[{"href":"https:\/\/www.corredormato.com\/es\/wp-json\/wp\/v2\/pages\/10771","targetHints":{"allow":["GET"]}}],"collection":[{"href":"https:\/\/www.corredormato.com\/es\/wp-json\/wp\/v2\/pages"}],"about":[{"href":"https:\/\/www.corredormato.com\/es\/wp-json\/wp\/v2\/types\/page"}],"author":[{"embeddable":true,"href":"https:\/\/www.corredormato.com\/es\/wp-json\/wp\/v2\/users\/4"}],"replies":[{"embeddable":true,"href":"https:\/\/www.corredormato.com\/es\/wp-json\/wp\/v2\/comments?post=10771"}],"version-history":[{"count":2,"href":"https:\/\/www.corredormato.com\/es\/wp-json\/wp\/v2\/pages\/10771\/revisions"}],"predecessor-version":[{"id":15185,"href":"https:\/\/www.corredormato.com\/es\/wp-json\/wp\/v2\/pages\/10771\/revisions\/15185"}],"up":[{"embeddable":true,"href":"https:\/\/www.corredormato.com\/es\/wp-json\/wp\/v2\/pages\/11454"}],"wp:featuredmedia":[{"embeddable":true,"href":"https:\/\/www.corredormato.com\/es\/wp-json\/wp\/v2\/media\/9061"}],"wp:attachment":[{"href":"https:\/\/www.corredormato.com\/es\/wp-json\/wp\/v2\/media?parent=10771"}],"curies":[{"name":"wp","href":"https:\/\/api.w.org\/{rel}","templated":true}]}}