{"id":11446,"date":"2023-11-17T12:28:55","date_gmt":"2023-11-17T10:28:55","guid":{"rendered":"http:\/\/52.30.243.130\/venta-costa-brava\/lloret-de-mar\/"},"modified":"2024-02-27T15:05:38","modified_gmt":"2024-02-27T13:05:38","slug":"lloret-de-mar","status":"publish","type":"page","link":"https:\/\/www.corredormato.com\/es\/venta-costa-brava\/lloret-de-mar\/","title":{"rendered":"Propiedades en venta en Lloret de Mar"},"content":{"rendered":"\t\t<div data-elementor-type=\"wp-page\" data-elementor-id=\"11446\" class=\"elementor elementor-11446 elementor-11218\" data-elementor-post-type=\"page\">\n\t\t\t\t\t\t<section class=\"elementor-section elementor-top-section elementor-element elementor-element-f091b4a elementor-section-full_width elementor-section-height-default elementor-section-height-default\" data-id=\"f091b4a\" data-element_type=\"section\" data-e-type=\"section\">\n\t\t\t\t\t\t<div class=\"elementor-container elementor-column-gap-default\">\n\t\t\t\t\t<div class=\"elementor-column elementor-col-100 elementor-top-column elementor-element elementor-element-be15eec\" data-id=\"be15eec\" data-element_type=\"column\" data-e-type=\"column\">\n\t\t\t<div class=\"elementor-widget-wrap elementor-element-populated\">\n\t\t\t\t\t\t<div class=\"elementor-element elementor-element-f84b056 listado-general elementor-widget elementor-widget-shortcode\" data-id=\"f84b056\" data-element_type=\"widget\" data-e-type=\"widget\" data-widget_type=\"shortcode.default\">\n\t\t\t\t<div class=\"elementor-widget-container\">\n\t\t\t\t\t\t\t<div class=\"elementor-shortcode\">  <div class=\"n2r__list n2r__list--empty\">\n    <h3>No se han encontrado resultados en la b\u00fasqueda, por favor contacta con nosotros para poder ayudarte.<\/h3>\n  <\/div>\n<\/div>\n\t\t\t\t\t\t<\/div>\n\t\t\t\t<\/div>\n\t\t\t\t\t<\/div>\n\t\t<\/div>\n\t\t\t\t\t<\/div>\n\t\t<\/section>\n\t\t\t\t<section class=\"elementor-section elementor-top-section elementor-element elementor-element-3eb8aac elementor-section-boxed elementor-section-height-default elementor-section-height-default\" data-id=\"3eb8aac\" data-element_type=\"section\" data-e-type=\"section\">\n\t\t\t\t\t\t<div class=\"elementor-container elementor-column-gap-default\">\n\t\t\t\t\t<div class=\"elementor-column elementor-col-100 elementor-top-column elementor-element elementor-element-ad55678\" data-id=\"ad55678\" data-element_type=\"column\" data-e-type=\"column\">\n\t\t\t<div class=\"elementor-widget-wrap elementor-element-populated\">\n\t\t\t\t\t\t<div class=\"elementor-element elementor-element-3d33015 elementor-widget elementor-widget-text-editor\" data-id=\"3d33015\" data-element_type=\"widget\" data-e-type=\"widget\" data-widget_type=\"text-editor.default\">\n\t\t\t\t<div class=\"elementor-widget-container\">\n\t\t\t\t\t\t\t\t\t<h2><span class=\"HwtZe\" lang=\"es\"><span class=\"jCAhz ChMk0b\"><span class=\"ryNqvb\">Lloret de Mar es una preciosa localidad costera<\/span><\/span> <\/span><\/h2>\n<p><span class=\"HwtZe\" lang=\"es\"><span class=\"jCAhz ChMk0b\"><span class=\"ryNqvb\">Situada en la <strong>Costa Brava<\/strong> y reconocida por sus playas paradis\u00edacas, sus aguas cristalinas y sus paisajes id\u00edlicos, es un destino tur\u00edstico popular y tambi\u00e9n un lugar excelente para establecer una vivienda permanente.<\/span><\/span> <span class=\"jCAhz ChMk0b\"><span class=\"ryNqvb\">Adquirir una propiedad en <strong>Lloret de Mar<\/strong> ofrece la posibilidad de gozar de las maravillosas playas mediterr\u00e1neas, los entornos naturales impresionantes y la rica cultura local.<\/span><\/span> <span class=\"jCAhz ChMk0b\"><span class=\"ryNqvb\">Desde apartamentos con vistas al mar hasta casas unifamiliares con jard\u00edn, existe una amplia gama de opciones de propiedades que se adaptan a diferentes estilos de vida y preferencias.<\/span><\/span> <span class=\"jCAhz ChMk0b\"><span class=\"ryNqvb\">Comprar u<\/span><\/span><\/span><span class=\"HwtZe\" lang=\"es\"><span class=\"jCAhz ChMk0b\"><span class=\"ryNqvb\">na propiedad en <strong>Lloret de Mar<\/strong> puede significar una oportunidad de inversi\u00f3n lucrativa, ya que la demanda tur\u00edstica sigue aumentando.<\/span><\/span> <span class=\"jCAhz ChMk0b\"><span class=\"ryNqvb\">Tambi\u00e9n ofrece un ambiente vibrante con una gran variedad de restaurantes, bares, tiendas y opciones de ocio, incluyendo deportes acu\u00e1ticos, vida nocturna animada y actividades culturales.<\/span><\/span> <span class=\"jCAhz ChMk0b\"><span class=\"ryNqvb\">Adem\u00e1s, su proximidad a Barcelona y aeropuertos internos facilita la conexi\u00f3n con otras ciudades europeas, convirtiendo a <strong>Lloret de Mar<\/strong> en un destino atractivo tanto para segundas residencias como para aquellos que buscan un cambio de vida hacia la costa mediterr\u00e1nea.<\/span><\/span><\/span><\/p>\n\t\t\t\t\t\t\t\t<\/div>\n\t\t\t\t<\/div>\n\t\t\t\t\t<\/div>\n\t\t<\/div>\n\t\t\t\t\t<\/div>\n\t\t<\/section>\n\t\t\t\t<\/div>\n\t\t","protected":false},"excerpt":{"rendered":"<p>Lloret de Mar es una preciosa localidad costera Situada en la Costa Brava y reconocida por sus playas paradis\u00edacas, sus aguas cristalinas y sus paisajes id\u00edlicos, es un destino tur\u00edstico popular y tambi\u00e9n un lugar excelente para establecer una vivienda permanente. Adquirir una propiedad en Lloret de Mar ofrece la posibilidad de gozar de las [&hellip;]<\/p>\n","protected":false},"author":4,"featured_media":11770,"parent":4511,"menu_order":0,"comment_status":"closed","ping_status":"closed","template":"","meta":{"footnotes":""},"class_list":["post-11446","page","type-page","status-publish","has-post-thumbnail","hentry"],"yoast_head":"<!-- This site is optimized with the Yoast SEO plugin v27.3 - https:\/\/yoast.com\/product\/yoast-seo-wordpress\/ -->\n<title>Corredor Mat\u00f3 Real Estate \u00b7 Propiedades en venta en Lloret de Mar<\/title>\n<meta name=\"description\" content=\"Si buscas una propiedad para comprar en Lloret de Mar como residencia o por inversi\u00f3n, Corredor Mat\u00f3 es tu agencia para asesorarte.\" \/>\n<meta name=\"robots\" content=\"index, follow, max-snippet:-1, max-image-preview:large, max-video-preview:-1\" \/>\n<link rel=\"canonical\" href=\"https:\/\/www.corredormato.com\/es\/venta-costa-brava\/lloret-de-mar\/\" \/>\n<meta property=\"og:locale\" content=\"es_ES\" \/>\n<meta property=\"og:type\" content=\"article\" \/>\n<meta property=\"og:title\" content=\"Corredor Mat\u00f3 Real Estate \u00b7 Propiedades en venta en Lloret de Mar\" \/>\n<meta property=\"og:description\" content=\"Si buscas una propiedad para comprar en Lloret de Mar como residencia o por inversi\u00f3n, Corredor Mat\u00f3 es tu agencia para asesorarte.\" \/>\n<meta property=\"og:url\" content=\"https:\/\/www.corredormato.com\/es\/venta-costa-brava\/lloret-de-mar\/\" \/>\n<meta property=\"og:site_name\" content=\"Corredor Mat\u00f3 Real Estate &amp; Property Management\" \/>\n<meta property=\"article:modified_time\" content=\"2024-02-27T13:05:38+00:00\" \/>\n<meta property=\"og:image\" content=\"https:\/\/www.corredormato.com\/wp-content\/uploads\/2023\/11\/lloret-de-mar.png\" \/>\n\t<meta property=\"og:image:width\" content=\"1280\" \/>\n\t<meta property=\"og:image:height\" content=\"887\" \/>\n\t<meta property=\"og:image:type\" content=\"image\/png\" \/>\n<meta name=\"twitter:card\" content=\"summary_large_image\" \/>\n<meta name=\"twitter:label1\" content=\"Tiempo de lectura\" \/>\n\t<meta name=\"twitter:data1\" content=\"1 minuto\" \/>\n<script type=\"application\/ld+json\" class=\"yoast-schema-graph\">{\"@context\":\"https:\\\/\\\/schema.org\",\"@graph\":[{\"@type\":\"WebPage\",\"@id\":\"https:\\\/\\\/www.corredormato.com\\\/es\\\/venta-costa-brava\\\/lloret-de-mar\\\/\",\"url\":\"https:\\\/\\\/www.corredormato.com\\\/es\\\/venta-costa-brava\\\/lloret-de-mar\\\/\",\"name\":\"Corredor Mat\u00f3 Real Estate \u00b7 Propiedades en venta en Lloret de Mar\",\"isPartOf\":{\"@id\":\"https:\\\/\\\/www.corredormato.com\\\/es\\\/#website\"},\"primaryImageOfPage\":{\"@id\":\"https:\\\/\\\/www.corredormato.com\\\/es\\\/venta-costa-brava\\\/lloret-de-mar\\\/#primaryimage\"},\"image\":{\"@id\":\"https:\\\/\\\/www.corredormato.com\\\/es\\\/venta-costa-brava\\\/lloret-de-mar\\\/#primaryimage\"},\"thumbnailUrl\":\"https:\\\/\\\/www.corredormato.com\\\/wp-content\\\/uploads\\\/2023\\\/11\\\/lloret-de-mar.png\",\"datePublished\":\"2023-11-17T10:28:55+00:00\",\"dateModified\":\"2024-02-27T13:05:38+00:00\",\"description\":\"Si buscas una propiedad para comprar en Lloret de Mar como residencia o por inversi\u00f3n, Corredor Mat\u00f3 es tu agencia para asesorarte.\",\"breadcrumb\":{\"@id\":\"https:\\\/\\\/www.corredormato.com\\\/es\\\/venta-costa-brava\\\/lloret-de-mar\\\/#breadcrumb\"},\"inLanguage\":\"es\",\"potentialAction\":[{\"@type\":\"ReadAction\",\"target\":[\"https:\\\/\\\/www.corredormato.com\\\/es\\\/venta-costa-brava\\\/lloret-de-mar\\\/\"]}]},{\"@type\":\"BreadcrumbList\",\"@id\":\"https:\\\/\\\/www.corredormato.com\\\/es\\\/venta-costa-brava\\\/lloret-de-mar\\\/#breadcrumb\",\"itemListElement\":[{\"@type\":\"ListItem\",\"position\":1,\"name\":\"Home\",\"item\":\"https:\\\/\\\/www.corredormato.com\\\/es\\\/\"},{\"@type\":\"ListItem\",\"position\":2,\"name\":\"Venta Costa Brava\",\"item\":\"https:\\\/\\\/www.corredormato.com\\\/es\\\/venda-costa-brava\\\/\"},{\"@type\":\"ListItem\",\"position\":3,\"name\":\"Propiedades en venta en Lloret de Mar\"}]},{\"@type\":\"WebSite\",\"@id\":\"https:\\\/\\\/www.corredormato.com\\\/es\\\/#website\",\"url\":\"https:\\\/\\\/www.corredormato.com\\\/es\\\/\",\"name\":\"Corredor Mat\u00f3 Real Estate &amp; Property Management\",\"description\":\"Real Estate &amp; Property Management\",\"publisher\":{\"@id\":\"https:\\\/\\\/www.corredormato.com\\\/es\\\/#organization\"},\"alternateName\":\"Corredor Mat\u00f3\",\"potentialAction\":[{\"@type\":\"SearchAction\",\"target\":{\"@type\":\"EntryPoint\",\"urlTemplate\":\"https:\\\/\\\/www.corredormato.com\\\/resultats-de-cerca-lloguer\\\/?search_text={search_term_string}\"},\"query-input\":{\"@type\":\"PropertyValueSpecification\",\"valueRequired\":true,\"valueName\":\"search_term_string\"}}],\"inLanguage\":\"es\"},{\"@type\":\"Organization\",\"@id\":\"https:\\\/\\\/www.corredormato.com\\\/es\\\/#organization\",\"name\":\"Corredor Mat\u00f3 | Real Estate & Property Management\",\"url\":\"https:\\\/\\\/www.corredormato.com\\\/es\\\/\",\"logo\":{\"@type\":\"ImageObject\",\"inLanguage\":\"es\",\"@id\":\"https:\\\/\\\/www.corredormato.com\\\/es\\\/#\\\/schema\\\/logo\\\/image\\\/\",\"url\":\"https:\\\/\\\/www.corredormato.com\\\/wp-content\\\/uploads\\\/2021\\\/04\\\/logo.png\",\"contentUrl\":\"https:\\\/\\\/www.corredormato.com\\\/wp-content\\\/uploads\\\/2021\\\/04\\\/logo.png\",\"width\":970,\"height\":225,\"caption\":\"Corredor Mat\u00f3 | Real Estate & Property Management\"},\"image\":{\"@id\":\"https:\\\/\\\/www.corredormato.com\\\/es\\\/#\\\/schema\\\/logo\\\/image\\\/\"}}]}<\/script>\n<!-- \/ Yoast SEO plugin. -->","yoast_head_json":{"title":"Corredor Mat\u00f3 Real Estate \u00b7 Propiedades en venta en Lloret de Mar","description":"Si buscas una propiedad para comprar en Lloret de Mar como residencia o por inversi\u00f3n, Corredor Mat\u00f3 es tu agencia para asesorarte.","robots":{"index":"index","follow":"follow","max-snippet":"max-snippet:-1","max-image-preview":"max-image-preview:large","max-video-preview":"max-video-preview:-1"},"canonical":"https:\/\/www.corredormato.com\/es\/venta-costa-brava\/lloret-de-mar\/","og_locale":"es_ES","og_type":"article","og_title":"Corredor Mat\u00f3 Real Estate \u00b7 Propiedades en venta en Lloret de Mar","og_description":"Si buscas una propiedad para comprar en Lloret de Mar como residencia o por inversi\u00f3n, Corredor Mat\u00f3 es tu agencia para asesorarte.","og_url":"https:\/\/www.corredormato.com\/es\/venta-costa-brava\/lloret-de-mar\/","og_site_name":"Corredor Mat\u00f3 Real Estate &amp; Property Management","article_modified_time":"2024-02-27T13:05:38+00:00","og_image":[{"width":1280,"height":887,"url":"https:\/\/www.corredormato.com\/wp-content\/uploads\/2023\/11\/lloret-de-mar.png","type":"image\/png"}],"twitter_card":"summary_large_image","twitter_misc":{"Tiempo de lectura":"1 minuto"},"schema":{"@context":"https:\/\/schema.org","@graph":[{"@type":"WebPage","@id":"https:\/\/www.corredormato.com\/es\/venta-costa-brava\/lloret-de-mar\/","url":"https:\/\/www.corredormato.com\/es\/venta-costa-brava\/lloret-de-mar\/","name":"Corredor Mat\u00f3 Real Estate \u00b7 Propiedades en venta en Lloret de Mar","isPartOf":{"@id":"https:\/\/www.corredormato.com\/es\/#website"},"primaryImageOfPage":{"@id":"https:\/\/www.corredormato.com\/es\/venta-costa-brava\/lloret-de-mar\/#primaryimage"},"image":{"@id":"https:\/\/www.corredormato.com\/es\/venta-costa-brava\/lloret-de-mar\/#primaryimage"},"thumbnailUrl":"https:\/\/www.corredormato.com\/wp-content\/uploads\/2023\/11\/lloret-de-mar.png","datePublished":"2023-11-17T10:28:55+00:00","dateModified":"2024-02-27T13:05:38+00:00","description":"Si buscas una propiedad para comprar en Lloret de Mar como residencia o por inversi\u00f3n, Corredor Mat\u00f3 es tu agencia para asesorarte.","breadcrumb":{"@id":"https:\/\/www.corredormato.com\/es\/venta-costa-brava\/lloret-de-mar\/#breadcrumb"},"inLanguage":"es","potentialAction":[{"@type":"ReadAction","target":["https:\/\/www.corredormato.com\/es\/venta-costa-brava\/lloret-de-mar\/"]}]},{"@type":"BreadcrumbList","@id":"https:\/\/www.corredormato.com\/es\/venta-costa-brava\/lloret-de-mar\/#breadcrumb","itemListElement":[{"@type":"ListItem","position":1,"name":"Home","item":"https:\/\/www.corredormato.com\/es\/"},{"@type":"ListItem","position":2,"name":"Venta Costa Brava","item":"https:\/\/www.corredormato.com\/es\/venda-costa-brava\/"},{"@type":"ListItem","position":3,"name":"Propiedades en venta en Lloret de Mar"}]},{"@type":"WebSite","@id":"https:\/\/www.corredormato.com\/es\/#website","url":"https:\/\/www.corredormato.com\/es\/","name":"Corredor Mat\u00f3 Real Estate &amp; Property Management","description":"Real Estate &amp; Property Management","publisher":{"@id":"https:\/\/www.corredormato.com\/es\/#organization"},"alternateName":"Corredor Mat\u00f3","potentialAction":[{"@type":"SearchAction","target":{"@type":"EntryPoint","urlTemplate":"https:\/\/www.corredormato.com\/resultats-de-cerca-lloguer\/?search_text={search_term_string}"},"query-input":{"@type":"PropertyValueSpecification","valueRequired":true,"valueName":"search_term_string"}}],"inLanguage":"es"},{"@type":"Organization","@id":"https:\/\/www.corredormato.com\/es\/#organization","name":"Corredor Mat\u00f3 | Real Estate & Property Management","url":"https:\/\/www.corredormato.com\/es\/","logo":{"@type":"ImageObject","inLanguage":"es","@id":"https:\/\/www.corredormato.com\/es\/#\/schema\/logo\/image\/","url":"https:\/\/www.corredormato.com\/wp-content\/uploads\/2021\/04\/logo.png","contentUrl":"https:\/\/www.corredormato.com\/wp-content\/uploads\/2021\/04\/logo.png","width":970,"height":225,"caption":"Corredor Mat\u00f3 | Real Estate & Property Management"},"image":{"@id":"https:\/\/www.corredormato.com\/es\/#\/schema\/logo\/image\/"}}]}},"_links":{"self":[{"href":"https:\/\/www.corredormato.com\/es\/wp-json\/wp\/v2\/pages\/11446","targetHints":{"allow":["GET"]}}],"collection":[{"href":"https:\/\/www.corredormato.com\/es\/wp-json\/wp\/v2\/pages"}],"about":[{"href":"https:\/\/www.corredormato.com\/es\/wp-json\/wp\/v2\/types\/page"}],"author":[{"embeddable":true,"href":"https:\/\/www.corredormato.com\/es\/wp-json\/wp\/v2\/users\/4"}],"replies":[{"embeddable":true,"href":"https:\/\/www.corredormato.com\/es\/wp-json\/wp\/v2\/comments?post=11446"}],"version-history":[{"count":1,"href":"https:\/\/www.corredormato.com\/es\/wp-json\/wp\/v2\/pages\/11446\/revisions"}],"predecessor-version":[{"id":13030,"href":"https:\/\/www.corredormato.com\/es\/wp-json\/wp\/v2\/pages\/11446\/revisions\/13030"}],"up":[{"embeddable":true,"href":"https:\/\/www.corredormato.com\/es\/wp-json\/wp\/v2\/pages\/4511"}],"wp:featuredmedia":[{"embeddable":true,"href":"https:\/\/www.corredormato.com\/es\/wp-json\/wp\/v2\/media\/11770"}],"wp:attachment":[{"href":"https:\/\/www.corredormato.com\/es\/wp-json\/wp\/v2\/media?parent=11446"}],"curies":[{"name":"wp","href":"https:\/\/api.w.org\/{rel}","templated":true}]}}