{"id":12738,"date":"2024-01-09T10:41:37","date_gmt":"2024-01-09T08:41:37","guid":{"rendered":"https:\/\/www.corredormato.com\/venta-costa-brava\/palamos\/masias\/"},"modified":"2024-02-29T13:13:34","modified_gmt":"2024-02-29T11:13:34","slug":"masias","status":"publish","type":"page","link":"https:\/\/www.corredormato.com\/es\/venta-costa-brava\/palamos\/masias\/","title":{"rendered":"Mas\u00edas en venta en Palam\u00f3s"},"content":{"rendered":"\t\t<div data-elementor-type=\"wp-page\" data-elementor-id=\"12738\" class=\"elementor elementor-12738 elementor-12247\" data-elementor-post-type=\"page\">\n\t\t\t\t\t\t<section class=\"elementor-section elementor-top-section elementor-element elementor-element-8eef892 elementor-section-full_width elementor-section-height-default elementor-section-height-default\" data-id=\"8eef892\" data-element_type=\"section\" data-e-type=\"section\">\n\t\t\t\t\t\t<div class=\"elementor-container elementor-column-gap-default\">\n\t\t\t\t\t<div class=\"elementor-column elementor-col-100 elementor-top-column elementor-element elementor-element-32014bc\" data-id=\"32014bc\" data-element_type=\"column\" data-e-type=\"column\">\n\t\t\t<div class=\"elementor-widget-wrap elementor-element-populated\">\n\t\t\t\t\t\t<div class=\"elementor-element elementor-element-c63d38f listado-general elementor-widget elementor-widget-shortcode\" data-id=\"c63d38f\" data-element_type=\"widget\" data-e-type=\"widget\" data-widget_type=\"shortcode.default\">\n\t\t\t\t<div class=\"elementor-widget-container\">\n\t\t\t\t\t\t\t<div class=\"elementor-shortcode\">  <div class=\"n2r__list n2r__list--empty\">\n    <h3>No se han encontrado resultados en la b\u00fasqueda, por favor contacta con nosotros para poder ayudarte.<\/h3>\n  <\/div>\n<\/div>\n\t\t\t\t\t\t<\/div>\n\t\t\t\t<\/div>\n\t\t\t\t\t<\/div>\n\t\t<\/div>\n\t\t\t\t\t<\/div>\n\t\t<\/section>\n\t\t\t\t<section class=\"elementor-section elementor-top-section elementor-element elementor-element-018abda elementor-section-boxed elementor-section-height-default elementor-section-height-default\" data-id=\"018abda\" data-element_type=\"section\" data-e-type=\"section\">\n\t\t\t\t\t\t<div class=\"elementor-container elementor-column-gap-default\">\n\t\t\t\t\t<div class=\"elementor-column elementor-col-100 elementor-top-column elementor-element elementor-element-1743f7d\" data-id=\"1743f7d\" data-element_type=\"column\" data-e-type=\"column\">\n\t\t\t<div class=\"elementor-widget-wrap elementor-element-populated\">\n\t\t\t\t\t\t<div class=\"elementor-element elementor-element-19f56a1 elementor-widget elementor-widget-text-editor\" data-id=\"19f56a1\" data-element_type=\"widget\" data-e-type=\"widget\" data-widget_type=\"text-editor.default\">\n\t\t\t\t<div class=\"elementor-widget-container\">\n\t\t\t\t\t\t\t\t\t<h2>Mas\u00edas en venta en Palam\u00f3s<\/h2>\n<p><span style=\"font-weight: 400;\"><strong>Palam\u00f3s<\/strong>, situado en la magn\u00edfica <strong>Costa Brava<\/strong>, ofrece un abanico diverso de mas\u00edas en venta que cautivan con su autenticidad y encanto mediterr\u00e1neo. Estas propiedades rurales son aut\u00e9nticas joyas inmobiliarias, reflejando la rica historia y el encantador paisaje de la zona.<\/span><\/p>\n<p><span style=\"font-weight: 400;\">Las mas\u00edas en venta en <strong>Palam\u00f3s<\/strong> presentan una amplia diversidad. Desde mas\u00edas restauradas con refinamiento hasta mas\u00edas de piedra con un toque de tradici\u00f3n, cada propiedad tiene su car\u00e1cter \u00fanico y ofrece un estilo de vida rural que cautiva con su serenidad y encanto.<\/span><\/p>\n<p><span style=\"font-weight: 400;\"><strong>Corredor Mat\u00f3<\/strong> est\u00e1 aqu\u00ed para facilitar el encuentro de tu mas\u00eda ideal en <strong>Palam\u00f3s<\/strong>. Con nuestra profunda comprensi\u00f3n del mercado inmobiliario local y nuestra red de opciones, estamos comprometidos a ser tu socio en la b\u00fasqueda y adquisici\u00f3n de la mas\u00eda perfecta. Ofrecemos orientaci\u00f3n experta durante todo el proceso de compra, conect\u00e1ndose con las mejores opciones disponibles en la zona.<\/span><\/p>\n<p><span style=\"font-weight: 400;\">La <strong>Costa Brava<\/strong> es un para\u00edso para los amantes de las mas\u00edas, y nuestro equipo en <strong>Corredor Mat\u00f3<\/strong> est\u00e1 dedicado a convertir tu sue\u00f1o en realidad. Con un enfoque personalizado y atento, nos esforzamos por encontrar la mas\u00eda que mejor se adapte a tus preferencias y necesidades en <strong>Palam\u00f3s<\/strong>. Nuestra misi\u00f3n es proporcionarte una experiencia fiable y orientada a conseguir tus objetivos en la b\u00fasqueda de tu mas\u00eda de ensue\u00f1o en la <strong>Costa Brava.<\/strong><\/span><\/p>\n\t\t\t\t\t\t\t\t<\/div>\n\t\t\t\t<\/div>\n\t\t\t\t<div class=\"elementor-element elementor-element-c248c79 elementor-widget elementor-widget-shortcode\" data-id=\"c248c79\" data-element_type=\"widget\" data-e-type=\"widget\" data-widget_type=\"shortcode.default\">\n\t\t\t\t<div class=\"elementor-widget-container\">\n\t\t\t\t\t\t\t<div class=\"elementor-shortcode\"><style>.wp-show-posts-columns#wpsp-12582 {margin-left: -2em; }.wp-show-posts-columns#wpsp-12582 .wp-show-posts-inner {margin: 0 0 2em 2em; }<\/style><section id=\"wpsp-12582\" class=\" wp-show-posts-columns wp-show-posts\" style=\"\"><article class=\" wp-show-posts-single post-12783 page type-page status-publish has-post-thumbnail hentry wpsp-col-3\" itemtype=\"http:\/\/schema.org\/CreativeWork\" itemscope><div class=\"wp-show-posts-inner\" style=\"\">\t\t\t\t\t\t<header class=\"wp-show-posts-entry-header\">\n\t\t\t\t\t\t\t<h3 class=\"wp-show-posts-entry-title\" itemprop=\"headline\"><a href=\"https:\/\/www.corredormato.com\/es\/venta-costa-brava\/llambilles\/masias\/\" rel=\"bookmark\">Mas\u00edas en venta en Llambilles<\/a><\/h3>\t\t\t\t\t\t<\/header><!-- .entry-header -->\n\t\t\t\t\t\t\t<div class=\"wp-show-posts-image  wpsp-image-center \">\n\t\t\t<a href=\"https:\/\/www.corredormato.com\/es\/venta-costa-brava\/llambilles\/masias\/\"  title=\"Mas\u00edas en venta en Llambilles\"><img fetchpriority=\"high\" decoding=\"async\" width=\"1280\" height=\"887\" src=\"https:\/\/www.corredormato.com\/wp-content\/uploads\/2024\/01\/FOTOS-IMATGES-PREVIEW-11.jpg\" class=\"attachment-full size-full wp-post-image\" alt=\"\" itemprop=\"image\" srcset=\"https:\/\/www.corredormato.com\/wp-content\/uploads\/2024\/01\/FOTOS-IMATGES-PREVIEW-11.jpg 1280w, https:\/\/www.corredormato.com\/wp-content\/uploads\/2024\/01\/FOTOS-IMATGES-PREVIEW-11-300x208.jpg 300w, https:\/\/www.corredormato.com\/wp-content\/uploads\/2024\/01\/FOTOS-IMATGES-PREVIEW-11-1024x710.jpg 1024w, https:\/\/www.corredormato.com\/wp-content\/uploads\/2024\/01\/FOTOS-IMATGES-PREVIEW-11-768x532.jpg 768w\" sizes=\"(max-width: 1280px) 100vw, 1280px\" \/><\/a>\t\t<\/div>\n\t\t<\/div><!-- wp-show-posts-inner --><\/article><article class=\" wp-show-posts-single post-12753 page type-page status-publish has-post-thumbnail hentry wpsp-col-3\" itemtype=\"http:\/\/schema.org\/CreativeWork\" itemscope><div class=\"wp-show-posts-inner\" style=\"\">\t\t\t\t\t\t<header class=\"wp-show-posts-entry-header\">\n\t\t\t\t\t\t\t<h3 class=\"wp-show-posts-entry-title\" itemprop=\"headline\"><a href=\"https:\/\/www.corredormato.com\/es\/venta-costa-brava\/palafrugell\/masias\/\" rel=\"bookmark\">Mas\u00edas en venta a Palafrugell<\/a><\/h3>\t\t\t\t\t\t<\/header><!-- .entry-header -->\n\t\t\t\t\t\t\t<div class=\"wp-show-posts-image  wpsp-image-center \">\n\t\t\t<a href=\"https:\/\/www.corredormato.com\/es\/venta-costa-brava\/palafrugell\/masias\/\"  title=\"Mas\u00edas en venta a Palafrugell\"><img decoding=\"async\" width=\"1280\" height=\"887\" src=\"https:\/\/www.corredormato.com\/wp-content\/uploads\/2024\/01\/FOTOS-IMATGES-PREVIEW-12.jpg\" class=\"attachment-full size-full wp-post-image\" alt=\"\" itemprop=\"image\" srcset=\"https:\/\/www.corredormato.com\/wp-content\/uploads\/2024\/01\/FOTOS-IMATGES-PREVIEW-12.jpg 1280w, https:\/\/www.corredormato.com\/wp-content\/uploads\/2024\/01\/FOTOS-IMATGES-PREVIEW-12-300x208.jpg 300w, https:\/\/www.corredormato.com\/wp-content\/uploads\/2024\/01\/FOTOS-IMATGES-PREVIEW-12-1024x710.jpg 1024w, https:\/\/www.corredormato.com\/wp-content\/uploads\/2024\/01\/FOTOS-IMATGES-PREVIEW-12-768x532.jpg 768w\" sizes=\"(max-width: 1280px) 100vw, 1280px\" \/><\/a>\t\t<\/div>\n\t\t<\/div><!-- wp-show-posts-inner --><\/article><article class=\" wp-show-posts-single post-12738 page type-page status-publish has-post-thumbnail hentry wpsp-col-3\" itemtype=\"http:\/\/schema.org\/CreativeWork\" itemscope><div class=\"wp-show-posts-inner\" style=\"\">\t\t\t\t\t\t<header class=\"wp-show-posts-entry-header\">\n\t\t\t\t\t\t\t<h3 class=\"wp-show-posts-entry-title\" itemprop=\"headline\"><a href=\"https:\/\/www.corredormato.com\/es\/venta-costa-brava\/palamos\/masias\/\" rel=\"bookmark\">Mas\u00edas en venta en Palam\u00f3s<\/a><\/h3>\t\t\t\t\t\t<\/header><!-- .entry-header -->\n\t\t\t\t\t\t\t<div class=\"wp-show-posts-image  wpsp-image-center \">\n\t\t\t<a href=\"https:\/\/www.corredormato.com\/es\/venta-costa-brava\/palamos\/masias\/\"  title=\"Mas\u00edas en venta en Palam\u00f3s\"><img decoding=\"async\" width=\"1280\" height=\"887\" src=\"https:\/\/www.corredormato.com\/wp-content\/uploads\/2024\/01\/FOTOS-IMATGES-PREVIEW-13.jpg\" class=\"attachment-full size-full wp-post-image\" alt=\"\" itemprop=\"image\" srcset=\"https:\/\/www.corredormato.com\/wp-content\/uploads\/2024\/01\/FOTOS-IMATGES-PREVIEW-13.jpg 1280w, https:\/\/www.corredormato.com\/wp-content\/uploads\/2024\/01\/FOTOS-IMATGES-PREVIEW-13-300x208.jpg 300w, https:\/\/www.corredormato.com\/wp-content\/uploads\/2024\/01\/FOTOS-IMATGES-PREVIEW-13-1024x710.jpg 1024w, https:\/\/www.corredormato.com\/wp-content\/uploads\/2024\/01\/FOTOS-IMATGES-PREVIEW-13-768x532.jpg 768w\" sizes=\"(max-width: 1280px) 100vw, 1280px\" \/><\/a>\t\t<\/div>\n\t\t<\/div><!-- wp-show-posts-inner --><\/article><div class=\"wpsp-clear\"><\/div><\/section><!-- .wp-show-posts --><\/div>\n\t\t\t\t\t\t<\/div>\n\t\t\t\t<\/div>\n\t\t\t\t\t<\/div>\n\t\t<\/div>\n\t\t\t\t\t<\/div>\n\t\t<\/section>\n\t\t\t\t<\/div>\n\t\t","protected":false},"excerpt":{"rendered":"<p>Mas\u00edas en venta en Palam\u00f3s Palam\u00f3s, situado en la magn\u00edfica Costa Brava, ofrece un abanico diverso de mas\u00edas en venta que cautivan con su autenticidad y encanto mediterr\u00e1neo. Estas propiedades rurales son aut\u00e9nticas joyas inmobiliarias, reflejando la rica historia y el encantador paisaje de la zona. Las mas\u00edas en venta en Palam\u00f3s presentan una amplia [&hellip;]<\/p>\n","protected":false},"author":4,"featured_media":12798,"parent":4604,"menu_order":0,"comment_status":"closed","ping_status":"closed","template":"","meta":{"footnotes":""},"class_list":["post-12738","page","type-page","status-publish","has-post-thumbnail","hentry"],"yoast_head":"<!-- This site is optimized with the Yoast SEO plugin v27.3 - https:\/\/yoast.com\/product\/yoast-seo-wordpress\/ -->\n<title>Mas\u00edas en venta en Palam\u00f3s - Corredor Mat\u00f3 Real Estate &amp; Property Management<\/title>\n<meta name=\"description\" content=\"Si est\u00e1s buscando una mas\u00eda en venta en Palam\u00f3s, en Corredor Mat\u00f3 te podemos ayudar a encontrar lo que est\u00e1s buscando gracias a nuestra experiencia.\" \/>\n<meta name=\"robots\" content=\"index, follow, max-snippet:-1, max-image-preview:large, max-video-preview:-1\" \/>\n<link rel=\"canonical\" href=\"https:\/\/www.corredormato.com\/es\/venta-costa-brava\/palamos\/masias\/\" \/>\n<meta property=\"og:locale\" content=\"es_ES\" \/>\n<meta property=\"og:type\" content=\"article\" \/>\n<meta property=\"og:title\" content=\"Mas\u00edas en venta en Palam\u00f3s - Corredor Mat\u00f3 Real Estate &amp; Property Management\" \/>\n<meta property=\"og:description\" content=\"Si est\u00e1s buscando una mas\u00eda en venta en Palam\u00f3s, en Corredor Mat\u00f3 te podemos ayudar a encontrar lo que est\u00e1s buscando gracias a nuestra experiencia.\" \/>\n<meta property=\"og:url\" content=\"https:\/\/www.corredormato.com\/es\/venta-costa-brava\/palamos\/masias\/\" \/>\n<meta property=\"og:site_name\" content=\"Corredor Mat\u00f3 Real Estate &amp; Property Management\" \/>\n<meta property=\"article:modified_time\" content=\"2024-02-29T11:13:34+00:00\" \/>\n<meta property=\"og:image\" content=\"https:\/\/www.corredormato.com\/wp-content\/uploads\/2024\/01\/FOTOS-IMATGES-PREVIEW-13.jpg\" \/>\n\t<meta property=\"og:image:width\" content=\"1280\" \/>\n\t<meta property=\"og:image:height\" content=\"887\" \/>\n\t<meta property=\"og:image:type\" content=\"image\/jpeg\" \/>\n<meta name=\"twitter:card\" content=\"summary_large_image\" \/>\n<meta name=\"twitter:label1\" content=\"Tiempo de lectura\" \/>\n\t<meta name=\"twitter:data1\" content=\"1 minuto\" \/>\n<script type=\"application\/ld+json\" class=\"yoast-schema-graph\">{\"@context\":\"https:\\\/\\\/schema.org\",\"@graph\":[{\"@type\":\"WebPage\",\"@id\":\"https:\\\/\\\/www.corredormato.com\\\/es\\\/venta-costa-brava\\\/palamos\\\/masias\\\/\",\"url\":\"https:\\\/\\\/www.corredormato.com\\\/es\\\/venta-costa-brava\\\/palamos\\\/masias\\\/\",\"name\":\"Mas\u00edas en venta en Palam\u00f3s - Corredor Mat\u00f3 Real Estate &amp; Property Management\",\"isPartOf\":{\"@id\":\"https:\\\/\\\/www.corredormato.com\\\/es\\\/#website\"},\"primaryImageOfPage\":{\"@id\":\"https:\\\/\\\/www.corredormato.com\\\/es\\\/venta-costa-brava\\\/palamos\\\/masias\\\/#primaryimage\"},\"image\":{\"@id\":\"https:\\\/\\\/www.corredormato.com\\\/es\\\/venta-costa-brava\\\/palamos\\\/masias\\\/#primaryimage\"},\"thumbnailUrl\":\"https:\\\/\\\/www.corredormato.com\\\/wp-content\\\/uploads\\\/2024\\\/01\\\/FOTOS-IMATGES-PREVIEW-13.jpg\",\"datePublished\":\"2024-01-09T08:41:37+00:00\",\"dateModified\":\"2024-02-29T11:13:34+00:00\",\"description\":\"Si est\u00e1s buscando una mas\u00eda en venta en Palam\u00f3s, en Corredor Mat\u00f3 te podemos ayudar a encontrar lo que est\u00e1s buscando gracias a nuestra experiencia.\",\"breadcrumb\":{\"@id\":\"https:\\\/\\\/www.corredormato.com\\\/es\\\/venta-costa-brava\\\/palamos\\\/masias\\\/#breadcrumb\"},\"inLanguage\":\"es\",\"potentialAction\":[{\"@type\":\"ReadAction\",\"target\":[\"https:\\\/\\\/www.corredormato.com\\\/es\\\/venta-costa-brava\\\/palamos\\\/masias\\\/\"]}]},{\"@type\":\"BreadcrumbList\",\"@id\":\"https:\\\/\\\/www.corredormato.com\\\/es\\\/venta-costa-brava\\\/palamos\\\/masias\\\/#breadcrumb\",\"itemListElement\":[{\"@type\":\"ListItem\",\"position\":1,\"name\":\"Home\",\"item\":\"https:\\\/\\\/www.corredormato.com\\\/es\\\/\"},{\"@type\":\"ListItem\",\"position\":2,\"name\":\"Venta Costa Brava\",\"item\":\"https:\\\/\\\/www.corredormato.com\\\/es\\\/venda-costa-brava\\\/\"},{\"@type\":\"ListItem\",\"position\":3,\"name\":\"Propiedades en venta en Palam\u00f3s\",\"item\":\"https:\\\/\\\/www.corredormato.com\\\/es\\\/venda-costa-brava\\\/palamos\\\/\"},{\"@type\":\"ListItem\",\"position\":4,\"name\":\"Mas\u00edas en venta en Palam\u00f3s\"}]},{\"@type\":\"WebSite\",\"@id\":\"https:\\\/\\\/www.corredormato.com\\\/es\\\/#website\",\"url\":\"https:\\\/\\\/www.corredormato.com\\\/es\\\/\",\"name\":\"Corredor Mat\u00f3 Real Estate &amp; Property Management\",\"description\":\"Real Estate &amp; Property Management\",\"publisher\":{\"@id\":\"https:\\\/\\\/www.corredormato.com\\\/es\\\/#organization\"},\"alternateName\":\"Corredor Mat\u00f3\",\"potentialAction\":[{\"@type\":\"SearchAction\",\"target\":{\"@type\":\"EntryPoint\",\"urlTemplate\":\"https:\\\/\\\/www.corredormato.com\\\/resultats-de-cerca-lloguer\\\/?search_text={search_term_string}\"},\"query-input\":{\"@type\":\"PropertyValueSpecification\",\"valueRequired\":true,\"valueName\":\"search_term_string\"}}],\"inLanguage\":\"es\"},{\"@type\":\"Organization\",\"@id\":\"https:\\\/\\\/www.corredormato.com\\\/es\\\/#organization\",\"name\":\"Corredor Mat\u00f3 | Real Estate & Property Management\",\"url\":\"https:\\\/\\\/www.corredormato.com\\\/es\\\/\",\"logo\":{\"@type\":\"ImageObject\",\"inLanguage\":\"es\",\"@id\":\"https:\\\/\\\/www.corredormato.com\\\/es\\\/#\\\/schema\\\/logo\\\/image\\\/\",\"url\":\"https:\\\/\\\/www.corredormato.com\\\/wp-content\\\/uploads\\\/2021\\\/04\\\/logo.png\",\"contentUrl\":\"https:\\\/\\\/www.corredormato.com\\\/wp-content\\\/uploads\\\/2021\\\/04\\\/logo.png\",\"width\":970,\"height\":225,\"caption\":\"Corredor Mat\u00f3 | Real Estate & Property Management\"},\"image\":{\"@id\":\"https:\\\/\\\/www.corredormato.com\\\/es\\\/#\\\/schema\\\/logo\\\/image\\\/\"}}]}<\/script>\n<!-- \/ Yoast SEO plugin. -->","yoast_head_json":{"title":"Mas\u00edas en venta en Palam\u00f3s - Corredor Mat\u00f3 Real Estate &amp; Property Management","description":"Si est\u00e1s buscando una mas\u00eda en venta en Palam\u00f3s, en Corredor Mat\u00f3 te podemos ayudar a encontrar lo que est\u00e1s buscando gracias a nuestra experiencia.","robots":{"index":"index","follow":"follow","max-snippet":"max-snippet:-1","max-image-preview":"max-image-preview:large","max-video-preview":"max-video-preview:-1"},"canonical":"https:\/\/www.corredormato.com\/es\/venta-costa-brava\/palamos\/masias\/","og_locale":"es_ES","og_type":"article","og_title":"Mas\u00edas en venta en Palam\u00f3s - Corredor Mat\u00f3 Real Estate &amp; Property Management","og_description":"Si est\u00e1s buscando una mas\u00eda en venta en Palam\u00f3s, en Corredor Mat\u00f3 te podemos ayudar a encontrar lo que est\u00e1s buscando gracias a nuestra experiencia.","og_url":"https:\/\/www.corredormato.com\/es\/venta-costa-brava\/palamos\/masias\/","og_site_name":"Corredor Mat\u00f3 Real Estate &amp; Property Management","article_modified_time":"2024-02-29T11:13:34+00:00","og_image":[{"width":1280,"height":887,"url":"https:\/\/www.corredormato.com\/wp-content\/uploads\/2024\/01\/FOTOS-IMATGES-PREVIEW-13.jpg","type":"image\/jpeg"}],"twitter_card":"summary_large_image","twitter_misc":{"Tiempo de lectura":"1 minuto"},"schema":{"@context":"https:\/\/schema.org","@graph":[{"@type":"WebPage","@id":"https:\/\/www.corredormato.com\/es\/venta-costa-brava\/palamos\/masias\/","url":"https:\/\/www.corredormato.com\/es\/venta-costa-brava\/palamos\/masias\/","name":"Mas\u00edas en venta en Palam\u00f3s - Corredor Mat\u00f3 Real Estate &amp; Property Management","isPartOf":{"@id":"https:\/\/www.corredormato.com\/es\/#website"},"primaryImageOfPage":{"@id":"https:\/\/www.corredormato.com\/es\/venta-costa-brava\/palamos\/masias\/#primaryimage"},"image":{"@id":"https:\/\/www.corredormato.com\/es\/venta-costa-brava\/palamos\/masias\/#primaryimage"},"thumbnailUrl":"https:\/\/www.corredormato.com\/wp-content\/uploads\/2024\/01\/FOTOS-IMATGES-PREVIEW-13.jpg","datePublished":"2024-01-09T08:41:37+00:00","dateModified":"2024-02-29T11:13:34+00:00","description":"Si est\u00e1s buscando una mas\u00eda en venta en Palam\u00f3s, en Corredor Mat\u00f3 te podemos ayudar a encontrar lo que est\u00e1s buscando gracias a nuestra experiencia.","breadcrumb":{"@id":"https:\/\/www.corredormato.com\/es\/venta-costa-brava\/palamos\/masias\/#breadcrumb"},"inLanguage":"es","potentialAction":[{"@type":"ReadAction","target":["https:\/\/www.corredormato.com\/es\/venta-costa-brava\/palamos\/masias\/"]}]},{"@type":"BreadcrumbList","@id":"https:\/\/www.corredormato.com\/es\/venta-costa-brava\/palamos\/masias\/#breadcrumb","itemListElement":[{"@type":"ListItem","position":1,"name":"Home","item":"https:\/\/www.corredormato.com\/es\/"},{"@type":"ListItem","position":2,"name":"Venta Costa Brava","item":"https:\/\/www.corredormato.com\/es\/venda-costa-brava\/"},{"@type":"ListItem","position":3,"name":"Propiedades en venta en Palam\u00f3s","item":"https:\/\/www.corredormato.com\/es\/venda-costa-brava\/palamos\/"},{"@type":"ListItem","position":4,"name":"Mas\u00edas en venta en Palam\u00f3s"}]},{"@type":"WebSite","@id":"https:\/\/www.corredormato.com\/es\/#website","url":"https:\/\/www.corredormato.com\/es\/","name":"Corredor Mat\u00f3 Real Estate &amp; Property Management","description":"Real Estate &amp; Property Management","publisher":{"@id":"https:\/\/www.corredormato.com\/es\/#organization"},"alternateName":"Corredor Mat\u00f3","potentialAction":[{"@type":"SearchAction","target":{"@type":"EntryPoint","urlTemplate":"https:\/\/www.corredormato.com\/resultats-de-cerca-lloguer\/?search_text={search_term_string}"},"query-input":{"@type":"PropertyValueSpecification","valueRequired":true,"valueName":"search_term_string"}}],"inLanguage":"es"},{"@type":"Organization","@id":"https:\/\/www.corredormato.com\/es\/#organization","name":"Corredor Mat\u00f3 | Real Estate & Property Management","url":"https:\/\/www.corredormato.com\/es\/","logo":{"@type":"ImageObject","inLanguage":"es","@id":"https:\/\/www.corredormato.com\/es\/#\/schema\/logo\/image\/","url":"https:\/\/www.corredormato.com\/wp-content\/uploads\/2021\/04\/logo.png","contentUrl":"https:\/\/www.corredormato.com\/wp-content\/uploads\/2021\/04\/logo.png","width":970,"height":225,"caption":"Corredor Mat\u00f3 | Real Estate & Property Management"},"image":{"@id":"https:\/\/www.corredormato.com\/es\/#\/schema\/logo\/image\/"}}]}},"_links":{"self":[{"href":"https:\/\/www.corredormato.com\/es\/wp-json\/wp\/v2\/pages\/12738","targetHints":{"allow":["GET"]}}],"collection":[{"href":"https:\/\/www.corredormato.com\/es\/wp-json\/wp\/v2\/pages"}],"about":[{"href":"https:\/\/www.corredormato.com\/es\/wp-json\/wp\/v2\/types\/page"}],"author":[{"embeddable":true,"href":"https:\/\/www.corredormato.com\/es\/wp-json\/wp\/v2\/users\/4"}],"replies":[{"embeddable":true,"href":"https:\/\/www.corredormato.com\/es\/wp-json\/wp\/v2\/comments?post=12738"}],"version-history":[{"count":4,"href":"https:\/\/www.corredormato.com\/es\/wp-json\/wp\/v2\/pages\/12738\/revisions"}],"predecessor-version":[{"id":15329,"href":"https:\/\/www.corredormato.com\/es\/wp-json\/wp\/v2\/pages\/12738\/revisions\/15329"}],"up":[{"embeddable":true,"href":"https:\/\/www.corredormato.com\/es\/wp-json\/wp\/v2\/pages\/4604"}],"wp:featuredmedia":[{"embeddable":true,"href":"https:\/\/www.corredormato.com\/es\/wp-json\/wp\/v2\/media\/12798"}],"wp:attachment":[{"href":"https:\/\/www.corredormato.com\/es\/wp-json\/wp\/v2\/media?parent=12738"}],"curies":[{"name":"wp","href":"https:\/\/api.w.org\/{rel}","templated":true}]}}