{"id":12783,"date":"2024-01-09T12:45:08","date_gmt":"2024-01-09T10:45:08","guid":{"rendered":"https:\/\/www.corredormato.com\/masias\/"},"modified":"2024-02-28T10:36:45","modified_gmt":"2024-02-28T08:36:45","slug":"masias","status":"publish","type":"page","link":"https:\/\/www.corredormato.com\/es\/venta-costa-brava\/llambilles\/masias\/","title":{"rendered":"Mas\u00edas en venta en Llambilles"},"content":{"rendered":"\t\t<div data-elementor-type=\"wp-page\" data-elementor-id=\"12783\" class=\"elementor elementor-12783 elementor-12265\" data-elementor-post-type=\"page\">\n\t\t\t\t\t\t<section class=\"elementor-section elementor-top-section elementor-element elementor-element-a00117d elementor-section-full_width elementor-section-height-default elementor-section-height-default\" data-id=\"a00117d\" data-element_type=\"section\" data-e-type=\"section\">\n\t\t\t\t\t\t<div class=\"elementor-container elementor-column-gap-default\">\n\t\t\t\t\t<div class=\"elementor-column elementor-col-100 elementor-top-column elementor-element elementor-element-27140ba\" data-id=\"27140ba\" data-element_type=\"column\" data-e-type=\"column\">\n\t\t\t<div class=\"elementor-widget-wrap elementor-element-populated\">\n\t\t\t\t\t\t<div class=\"elementor-element elementor-element-50d98ba listado-general elementor-widget elementor-widget-shortcode\" data-id=\"50d98ba\" data-element_type=\"widget\" data-e-type=\"widget\" data-widget_type=\"shortcode.default\">\n\t\t\t\t<div class=\"elementor-widget-container\">\n\t\t\t\t\t\t\t<div class=\"elementor-shortcode\">  <div class=\"n2r__list n2r__list--empty\">\n    <h3>No se han encontrado resultados en la b\u00fasqueda, por favor contacta con nosotros para poder ayudarte.<\/h3>\n  <\/div>\n<\/div>\n\t\t\t\t\t\t<\/div>\n\t\t\t\t<\/div>\n\t\t\t\t\t<\/div>\n\t\t<\/div>\n\t\t\t\t\t<\/div>\n\t\t<\/section>\n\t\t\t\t<section class=\"elementor-section elementor-top-section elementor-element elementor-element-70f13ce elementor-section-boxed elementor-section-height-default elementor-section-height-default\" data-id=\"70f13ce\" data-element_type=\"section\" data-e-type=\"section\">\n\t\t\t\t\t\t<div class=\"elementor-container elementor-column-gap-default\">\n\t\t\t\t\t<div class=\"elementor-column elementor-col-100 elementor-top-column elementor-element elementor-element-f16e510\" data-id=\"f16e510\" data-element_type=\"column\" data-e-type=\"column\">\n\t\t\t<div class=\"elementor-widget-wrap elementor-element-populated\">\n\t\t\t\t\t\t<div class=\"elementor-element elementor-element-e94790d elementor-widget elementor-widget-text-editor\" data-id=\"e94790d\" data-element_type=\"widget\" data-e-type=\"widget\" data-widget_type=\"text-editor.default\">\n\t\t\t\t<div class=\"elementor-widget-container\">\n\t\t\t\t\t\t\t\t\t<h2>Mas\u00edas en venta en Llambilles<\/h2>\n<p><span style=\"font-weight: 400;\"><strong>Llambilles<\/strong>, enclavado en la regi\u00f3n de <strong>Girona<\/strong>, es un refugio tranquilo en el que las mas\u00edas en venta representan un testimonio de la vida rural con todo su encanto. Esta encantadora localidad ofrece una amplia gama de mas\u00edas que abarcan la autenticidad y la esencia de la vida en la regi\u00f3n de la <strong>Costa Brava<\/strong>.<\/span><\/p>\n<p><span style=\"font-weight: 400;\">Las mas\u00edas a la venta en Llambilles son una expresi\u00f3n v\u00edvida de la tradici\u00f3n y la historia catalana. Desde las mas\u00edas de piedra con su estructura r\u00fastica hasta las m\u00e1s modernas propiedades con comodidades contempor\u00e1neas, cada mas\u00eda ofrece un estilo de vida \u00fanico en un entorno rural id\u00edlico.<\/span><\/p>\n<p><span style=\"font-weight: 400;\">En el coraz\u00f3n de <strong>Llambilles<\/strong>, encontramos varios barrios y zonas, cada uno con su propio car\u00e1cter y peculiaridad. Desde el casco antiguo con sus casas de piedra y calles estrechas hasta los nuevos desarrollos residenciales con espacios abiertos, <strong>Llambilles<\/strong> ofrece una gran variedad de paisajes urbanos y rurales.<\/span><\/p>\n<p><span style=\"font-weight: 400;\"><strong>Corredor Mat\u00f3<\/strong> est\u00e1 comprometido a ser tu aliado en la b\u00fasqueda de la mas\u00eda perfecta en <strong>Llambilles<\/strong>. Con nuestra profunda comprensi\u00f3n del mercado inmobiliario local y nuestro enfoque personalizado, estamos aqu\u00ed para facilitar tu b\u00fasqueda y encuentro de la mas\u00eda ideal. Nuestra misi\u00f3n es encontrar las mejores opciones de mas\u00edas en venta en <strong>Llambilles<\/strong> y ofrecerte un soporte experto durante todo el proceso de compra.<\/span><\/p>\n<p><span style=\"font-weight: 400;\">Si est\u00e1s buscando una mas\u00eda en <strong>Llambilles<\/strong>, no dudes en confiar en nosotros, en <strong>Corredor Mat\u00f3<\/strong>, para acompa\u00f1arte en esta aventura. Estamos dedicados a hacer realidad tu sue\u00f1o de encontrar la mas\u00eda perfecta adaptada a tus preferencias y necesidades en esta maravillosa localidad rural de la<strong> Costa Brava.<\/strong><\/span><\/p>\n\t\t\t\t\t\t\t\t<\/div>\n\t\t\t\t<\/div>\n\t\t\t\t<div class=\"elementor-element elementor-element-11da561 elementor-widget elementor-widget-shortcode\" data-id=\"11da561\" data-element_type=\"widget\" data-e-type=\"widget\" data-widget_type=\"shortcode.default\">\n\t\t\t\t<div class=\"elementor-widget-container\">\n\t\t\t\t\t\t\t<div class=\"elementor-shortcode\"><style>.wp-show-posts-columns#wpsp-12582 {margin-left: -2em; }.wp-show-posts-columns#wpsp-12582 .wp-show-posts-inner {margin: 0 0 2em 2em; }<\/style><section id=\"wpsp-12582\" class=\" wp-show-posts-columns wp-show-posts\" style=\"\"><article class=\" wp-show-posts-single post-12783 page type-page status-publish has-post-thumbnail hentry wpsp-col-3\" itemtype=\"http:\/\/schema.org\/CreativeWork\" itemscope><div class=\"wp-show-posts-inner\" style=\"\">\t\t\t\t\t\t<header class=\"wp-show-posts-entry-header\">\n\t\t\t\t\t\t\t<h3 class=\"wp-show-posts-entry-title\" itemprop=\"headline\"><a href=\"https:\/\/www.corredormato.com\/es\/venta-costa-brava\/llambilles\/masias\/\" rel=\"bookmark\">Mas\u00edas en venta en Llambilles<\/a><\/h3>\t\t\t\t\t\t<\/header><!-- .entry-header -->\n\t\t\t\t\t\t\t<div class=\"wp-show-posts-image  wpsp-image-center \">\n\t\t\t<a href=\"https:\/\/www.corredormato.com\/es\/venta-costa-brava\/llambilles\/masias\/\"  title=\"Mas\u00edas en venta en Llambilles\"><img fetchpriority=\"high\" decoding=\"async\" width=\"1280\" height=\"887\" src=\"https:\/\/www.corredormato.com\/wp-content\/uploads\/2024\/01\/FOTOS-IMATGES-PREVIEW-11.jpg\" class=\"attachment-full size-full wp-post-image\" alt=\"\" itemprop=\"image\" srcset=\"https:\/\/www.corredormato.com\/wp-content\/uploads\/2024\/01\/FOTOS-IMATGES-PREVIEW-11.jpg 1280w, https:\/\/www.corredormato.com\/wp-content\/uploads\/2024\/01\/FOTOS-IMATGES-PREVIEW-11-300x208.jpg 300w, https:\/\/www.corredormato.com\/wp-content\/uploads\/2024\/01\/FOTOS-IMATGES-PREVIEW-11-1024x710.jpg 1024w, https:\/\/www.corredormato.com\/wp-content\/uploads\/2024\/01\/FOTOS-IMATGES-PREVIEW-11-768x532.jpg 768w\" sizes=\"(max-width: 1280px) 100vw, 1280px\" \/><\/a>\t\t<\/div>\n\t\t<\/div><!-- wp-show-posts-inner --><\/article><article class=\" wp-show-posts-single post-12753 page type-page status-publish has-post-thumbnail hentry wpsp-col-3\" itemtype=\"http:\/\/schema.org\/CreativeWork\" itemscope><div class=\"wp-show-posts-inner\" style=\"\">\t\t\t\t\t\t<header class=\"wp-show-posts-entry-header\">\n\t\t\t\t\t\t\t<h3 class=\"wp-show-posts-entry-title\" itemprop=\"headline\"><a href=\"https:\/\/www.corredormato.com\/es\/venta-costa-brava\/palafrugell\/masias\/\" rel=\"bookmark\">Mas\u00edas en venta a Palafrugell<\/a><\/h3>\t\t\t\t\t\t<\/header><!-- .entry-header -->\n\t\t\t\t\t\t\t<div class=\"wp-show-posts-image  wpsp-image-center \">\n\t\t\t<a href=\"https:\/\/www.corredormato.com\/es\/venta-costa-brava\/palafrugell\/masias\/\"  title=\"Mas\u00edas en venta a Palafrugell\"><img decoding=\"async\" width=\"1280\" height=\"887\" src=\"https:\/\/www.corredormato.com\/wp-content\/uploads\/2024\/01\/FOTOS-IMATGES-PREVIEW-12.jpg\" class=\"attachment-full size-full wp-post-image\" alt=\"\" itemprop=\"image\" srcset=\"https:\/\/www.corredormato.com\/wp-content\/uploads\/2024\/01\/FOTOS-IMATGES-PREVIEW-12.jpg 1280w, https:\/\/www.corredormato.com\/wp-content\/uploads\/2024\/01\/FOTOS-IMATGES-PREVIEW-12-300x208.jpg 300w, https:\/\/www.corredormato.com\/wp-content\/uploads\/2024\/01\/FOTOS-IMATGES-PREVIEW-12-1024x710.jpg 1024w, https:\/\/www.corredormato.com\/wp-content\/uploads\/2024\/01\/FOTOS-IMATGES-PREVIEW-12-768x532.jpg 768w\" sizes=\"(max-width: 1280px) 100vw, 1280px\" \/><\/a>\t\t<\/div>\n\t\t<\/div><!-- wp-show-posts-inner --><\/article><article class=\" wp-show-posts-single post-12738 page type-page status-publish has-post-thumbnail hentry wpsp-col-3\" itemtype=\"http:\/\/schema.org\/CreativeWork\" itemscope><div class=\"wp-show-posts-inner\" style=\"\">\t\t\t\t\t\t<header class=\"wp-show-posts-entry-header\">\n\t\t\t\t\t\t\t<h3 class=\"wp-show-posts-entry-title\" itemprop=\"headline\"><a href=\"https:\/\/www.corredormato.com\/es\/venta-costa-brava\/palamos\/masias\/\" rel=\"bookmark\">Mas\u00edas en venta en Palam\u00f3s<\/a><\/h3>\t\t\t\t\t\t<\/header><!-- .entry-header -->\n\t\t\t\t\t\t\t<div class=\"wp-show-posts-image  wpsp-image-center \">\n\t\t\t<a href=\"https:\/\/www.corredormato.com\/es\/venta-costa-brava\/palamos\/masias\/\"  title=\"Mas\u00edas en venta en Palam\u00f3s\"><img decoding=\"async\" width=\"1280\" height=\"887\" src=\"https:\/\/www.corredormato.com\/wp-content\/uploads\/2024\/01\/FOTOS-IMATGES-PREVIEW-13.jpg\" class=\"attachment-full size-full wp-post-image\" alt=\"\" itemprop=\"image\" srcset=\"https:\/\/www.corredormato.com\/wp-content\/uploads\/2024\/01\/FOTOS-IMATGES-PREVIEW-13.jpg 1280w, https:\/\/www.corredormato.com\/wp-content\/uploads\/2024\/01\/FOTOS-IMATGES-PREVIEW-13-300x208.jpg 300w, https:\/\/www.corredormato.com\/wp-content\/uploads\/2024\/01\/FOTOS-IMATGES-PREVIEW-13-1024x710.jpg 1024w, https:\/\/www.corredormato.com\/wp-content\/uploads\/2024\/01\/FOTOS-IMATGES-PREVIEW-13-768x532.jpg 768w\" sizes=\"(max-width: 1280px) 100vw, 1280px\" \/><\/a>\t\t<\/div>\n\t\t<\/div><!-- wp-show-posts-inner --><\/article><div class=\"wpsp-clear\"><\/div><\/section><!-- .wp-show-posts --><\/div>\n\t\t\t\t\t\t<\/div>\n\t\t\t\t<\/div>\n\t\t\t\t\t<\/div>\n\t\t<\/div>\n\t\t\t\t\t<\/div>\n\t\t<\/section>\n\t\t\t\t<\/div>\n\t\t","protected":false},"excerpt":{"rendered":"<p>Mas\u00edas en venta en Llambilles Llambilles, enclavado en la regi\u00f3n de Girona, es un refugio tranquilo en el que las mas\u00edas en venta representan un testimonio de la vida rural con todo su encanto. Esta encantadora localidad ofrece una amplia gama de mas\u00edas que abarcan la autenticidad y la esencia de la vida en la [&hellip;]<\/p>\n","protected":false},"author":4,"featured_media":12779,"parent":12832,"menu_order":0,"comment_status":"closed","ping_status":"closed","template":"","meta":{"footnotes":""},"class_list":["post-12783","page","type-page","status-publish","has-post-thumbnail","hentry"],"yoast_head":"<!-- This site is optimized with the Yoast SEO plugin v27.3 - https:\/\/yoast.com\/product\/yoast-seo-wordpress\/ -->\n<title>Mas\u00edas en venta en Llambilles - Corredor Mat\u00f3 Real Estate &amp; Property Management<\/title>\n<meta name=\"description\" content=\"A la hora de buscar una mas\u00eda en venta en Llambilles, en Corredor Mat\u00f3 somos grandes conocedores del \u00e1rea y podemos ayudarte a encontrarla r\u00e1pidamente\" \/>\n<meta name=\"robots\" content=\"index, follow, max-snippet:-1, max-image-preview:large, max-video-preview:-1\" \/>\n<link rel=\"canonical\" href=\"https:\/\/www.corredormato.com\/es\/venta-costa-brava\/llambilles\/masias\/\" \/>\n<meta property=\"og:locale\" content=\"es_ES\" \/>\n<meta property=\"og:type\" content=\"article\" \/>\n<meta property=\"og:title\" content=\"Mas\u00edas en venta en Llambilles - Corredor Mat\u00f3 Real Estate &amp; Property Management\" \/>\n<meta property=\"og:description\" content=\"A la hora de buscar una mas\u00eda en venta en Llambilles, en Corredor Mat\u00f3 somos grandes conocedores del \u00e1rea y podemos ayudarte a encontrarla r\u00e1pidamente\" \/>\n<meta property=\"og:url\" content=\"https:\/\/www.corredormato.com\/es\/venta-costa-brava\/llambilles\/masias\/\" \/>\n<meta property=\"og:site_name\" content=\"Corredor Mat\u00f3 Real Estate &amp; Property Management\" \/>\n<meta property=\"article:modified_time\" content=\"2024-02-28T08:36:45+00:00\" \/>\n<meta property=\"og:image\" content=\"https:\/\/www.corredormato.com\/wp-content\/uploads\/2024\/01\/FOTOS-IMATGES-PREVIEW-11.jpg\" \/>\n\t<meta property=\"og:image:width\" content=\"1280\" \/>\n\t<meta property=\"og:image:height\" content=\"887\" \/>\n\t<meta property=\"og:image:type\" content=\"image\/jpeg\" \/>\n<meta name=\"twitter:card\" content=\"summary_large_image\" \/>\n<meta name=\"twitter:label1\" content=\"Tiempo de lectura\" \/>\n\t<meta name=\"twitter:data1\" content=\"2 minutos\" \/>\n<script type=\"application\/ld+json\" class=\"yoast-schema-graph\">{\"@context\":\"https:\\\/\\\/schema.org\",\"@graph\":[{\"@type\":\"WebPage\",\"@id\":\"https:\\\/\\\/www.corredormato.com\\\/es\\\/venta-costa-brava\\\/llambilles\\\/masias\\\/\",\"url\":\"https:\\\/\\\/www.corredormato.com\\\/es\\\/venta-costa-brava\\\/llambilles\\\/masias\\\/\",\"name\":\"Mas\u00edas en venta en Llambilles - Corredor Mat\u00f3 Real Estate &amp; Property Management\",\"isPartOf\":{\"@id\":\"https:\\\/\\\/www.corredormato.com\\\/es\\\/#website\"},\"primaryImageOfPage\":{\"@id\":\"https:\\\/\\\/www.corredormato.com\\\/es\\\/venta-costa-brava\\\/llambilles\\\/masias\\\/#primaryimage\"},\"image\":{\"@id\":\"https:\\\/\\\/www.corredormato.com\\\/es\\\/venta-costa-brava\\\/llambilles\\\/masias\\\/#primaryimage\"},\"thumbnailUrl\":\"https:\\\/\\\/www.corredormato.com\\\/wp-content\\\/uploads\\\/2024\\\/01\\\/FOTOS-IMATGES-PREVIEW-11.jpg\",\"datePublished\":\"2024-01-09T10:45:08+00:00\",\"dateModified\":\"2024-02-28T08:36:45+00:00\",\"description\":\"A la hora de buscar una mas\u00eda en venta en Llambilles, en Corredor Mat\u00f3 somos grandes conocedores del \u00e1rea y podemos ayudarte a encontrarla r\u00e1pidamente\",\"breadcrumb\":{\"@id\":\"https:\\\/\\\/www.corredormato.com\\\/es\\\/venta-costa-brava\\\/llambilles\\\/masias\\\/#breadcrumb\"},\"inLanguage\":\"es\",\"potentialAction\":[{\"@type\":\"ReadAction\",\"target\":[\"https:\\\/\\\/www.corredormato.com\\\/es\\\/venta-costa-brava\\\/llambilles\\\/masias\\\/\"]}]},{\"@type\":\"BreadcrumbList\",\"@id\":\"https:\\\/\\\/www.corredormato.com\\\/es\\\/venta-costa-brava\\\/llambilles\\\/masias\\\/#breadcrumb\",\"itemListElement\":[{\"@type\":\"ListItem\",\"position\":1,\"name\":\"Home\",\"item\":\"https:\\\/\\\/www.corredormato.com\\\/es\\\/\"},{\"@type\":\"ListItem\",\"position\":2,\"name\":\"Venta Costa Brava\",\"item\":\"https:\\\/\\\/www.corredormato.com\\\/es\\\/venda-costa-brava\\\/\"},{\"@type\":\"ListItem\",\"position\":3,\"name\":\"Propiedades en venta a Llambilles\",\"item\":\"https:\\\/\\\/www.corredormato.com\\\/es\\\/venda-costa-brava\\\/llambilles\\\/\"},{\"@type\":\"ListItem\",\"position\":4,\"name\":\"Mas\u00edas en venta en Llambilles\"}]},{\"@type\":\"WebSite\",\"@id\":\"https:\\\/\\\/www.corredormato.com\\\/es\\\/#website\",\"url\":\"https:\\\/\\\/www.corredormato.com\\\/es\\\/\",\"name\":\"Corredor Mat\u00f3 Real Estate &amp; Property Management\",\"description\":\"Real Estate &amp; Property Management\",\"publisher\":{\"@id\":\"https:\\\/\\\/www.corredormato.com\\\/es\\\/#organization\"},\"alternateName\":\"Corredor Mat\u00f3\",\"potentialAction\":[{\"@type\":\"SearchAction\",\"target\":{\"@type\":\"EntryPoint\",\"urlTemplate\":\"https:\\\/\\\/www.corredormato.com\\\/resultats-de-cerca-lloguer\\\/?search_text={search_term_string}\"},\"query-input\":{\"@type\":\"PropertyValueSpecification\",\"valueRequired\":true,\"valueName\":\"search_term_string\"}}],\"inLanguage\":\"es\"},{\"@type\":\"Organization\",\"@id\":\"https:\\\/\\\/www.corredormato.com\\\/es\\\/#organization\",\"name\":\"Corredor Mat\u00f3 | Real Estate & Property Management\",\"url\":\"https:\\\/\\\/www.corredormato.com\\\/es\\\/\",\"logo\":{\"@type\":\"ImageObject\",\"inLanguage\":\"es\",\"@id\":\"https:\\\/\\\/www.corredormato.com\\\/es\\\/#\\\/schema\\\/logo\\\/image\\\/\",\"url\":\"https:\\\/\\\/www.corredormato.com\\\/wp-content\\\/uploads\\\/2021\\\/04\\\/logo.png\",\"contentUrl\":\"https:\\\/\\\/www.corredormato.com\\\/wp-content\\\/uploads\\\/2021\\\/04\\\/logo.png\",\"width\":970,\"height\":225,\"caption\":\"Corredor Mat\u00f3 | Real Estate & Property Management\"},\"image\":{\"@id\":\"https:\\\/\\\/www.corredormato.com\\\/es\\\/#\\\/schema\\\/logo\\\/image\\\/\"}}]}<\/script>\n<!-- \/ Yoast SEO plugin. -->","yoast_head_json":{"title":"Mas\u00edas en venta en Llambilles - Corredor Mat\u00f3 Real Estate &amp; Property Management","description":"A la hora de buscar una mas\u00eda en venta en Llambilles, en Corredor Mat\u00f3 somos grandes conocedores del \u00e1rea y podemos ayudarte a encontrarla r\u00e1pidamente","robots":{"index":"index","follow":"follow","max-snippet":"max-snippet:-1","max-image-preview":"max-image-preview:large","max-video-preview":"max-video-preview:-1"},"canonical":"https:\/\/www.corredormato.com\/es\/venta-costa-brava\/llambilles\/masias\/","og_locale":"es_ES","og_type":"article","og_title":"Mas\u00edas en venta en Llambilles - Corredor Mat\u00f3 Real Estate &amp; Property Management","og_description":"A la hora de buscar una mas\u00eda en venta en Llambilles, en Corredor Mat\u00f3 somos grandes conocedores del \u00e1rea y podemos ayudarte a encontrarla r\u00e1pidamente","og_url":"https:\/\/www.corredormato.com\/es\/venta-costa-brava\/llambilles\/masias\/","og_site_name":"Corredor Mat\u00f3 Real Estate &amp; Property Management","article_modified_time":"2024-02-28T08:36:45+00:00","og_image":[{"width":1280,"height":887,"url":"https:\/\/www.corredormato.com\/wp-content\/uploads\/2024\/01\/FOTOS-IMATGES-PREVIEW-11.jpg","type":"image\/jpeg"}],"twitter_card":"summary_large_image","twitter_misc":{"Tiempo de lectura":"2 minutos"},"schema":{"@context":"https:\/\/schema.org","@graph":[{"@type":"WebPage","@id":"https:\/\/www.corredormato.com\/es\/venta-costa-brava\/llambilles\/masias\/","url":"https:\/\/www.corredormato.com\/es\/venta-costa-brava\/llambilles\/masias\/","name":"Mas\u00edas en venta en Llambilles - Corredor Mat\u00f3 Real Estate &amp; Property Management","isPartOf":{"@id":"https:\/\/www.corredormato.com\/es\/#website"},"primaryImageOfPage":{"@id":"https:\/\/www.corredormato.com\/es\/venta-costa-brava\/llambilles\/masias\/#primaryimage"},"image":{"@id":"https:\/\/www.corredormato.com\/es\/venta-costa-brava\/llambilles\/masias\/#primaryimage"},"thumbnailUrl":"https:\/\/www.corredormato.com\/wp-content\/uploads\/2024\/01\/FOTOS-IMATGES-PREVIEW-11.jpg","datePublished":"2024-01-09T10:45:08+00:00","dateModified":"2024-02-28T08:36:45+00:00","description":"A la hora de buscar una mas\u00eda en venta en Llambilles, en Corredor Mat\u00f3 somos grandes conocedores del \u00e1rea y podemos ayudarte a encontrarla r\u00e1pidamente","breadcrumb":{"@id":"https:\/\/www.corredormato.com\/es\/venta-costa-brava\/llambilles\/masias\/#breadcrumb"},"inLanguage":"es","potentialAction":[{"@type":"ReadAction","target":["https:\/\/www.corredormato.com\/es\/venta-costa-brava\/llambilles\/masias\/"]}]},{"@type":"BreadcrumbList","@id":"https:\/\/www.corredormato.com\/es\/venta-costa-brava\/llambilles\/masias\/#breadcrumb","itemListElement":[{"@type":"ListItem","position":1,"name":"Home","item":"https:\/\/www.corredormato.com\/es\/"},{"@type":"ListItem","position":2,"name":"Venta Costa Brava","item":"https:\/\/www.corredormato.com\/es\/venda-costa-brava\/"},{"@type":"ListItem","position":3,"name":"Propiedades en venta a Llambilles","item":"https:\/\/www.corredormato.com\/es\/venda-costa-brava\/llambilles\/"},{"@type":"ListItem","position":4,"name":"Mas\u00edas en venta en Llambilles"}]},{"@type":"WebSite","@id":"https:\/\/www.corredormato.com\/es\/#website","url":"https:\/\/www.corredormato.com\/es\/","name":"Corredor Mat\u00f3 Real Estate &amp; Property Management","description":"Real Estate &amp; Property Management","publisher":{"@id":"https:\/\/www.corredormato.com\/es\/#organization"},"alternateName":"Corredor Mat\u00f3","potentialAction":[{"@type":"SearchAction","target":{"@type":"EntryPoint","urlTemplate":"https:\/\/www.corredormato.com\/resultats-de-cerca-lloguer\/?search_text={search_term_string}"},"query-input":{"@type":"PropertyValueSpecification","valueRequired":true,"valueName":"search_term_string"}}],"inLanguage":"es"},{"@type":"Organization","@id":"https:\/\/www.corredormato.com\/es\/#organization","name":"Corredor Mat\u00f3 | Real Estate & Property Management","url":"https:\/\/www.corredormato.com\/es\/","logo":{"@type":"ImageObject","inLanguage":"es","@id":"https:\/\/www.corredormato.com\/es\/#\/schema\/logo\/image\/","url":"https:\/\/www.corredormato.com\/wp-content\/uploads\/2021\/04\/logo.png","contentUrl":"https:\/\/www.corredormato.com\/wp-content\/uploads\/2021\/04\/logo.png","width":970,"height":225,"caption":"Corredor Mat\u00f3 | Real Estate & Property Management"},"image":{"@id":"https:\/\/www.corredormato.com\/es\/#\/schema\/logo\/image\/"}}]}},"_links":{"self":[{"href":"https:\/\/www.corredormato.com\/es\/wp-json\/wp\/v2\/pages\/12783","targetHints":{"allow":["GET"]}}],"collection":[{"href":"https:\/\/www.corredormato.com\/es\/wp-json\/wp\/v2\/pages"}],"about":[{"href":"https:\/\/www.corredormato.com\/es\/wp-json\/wp\/v2\/types\/page"}],"author":[{"embeddable":true,"href":"https:\/\/www.corredormato.com\/es\/wp-json\/wp\/v2\/users\/4"}],"replies":[{"embeddable":true,"href":"https:\/\/www.corredormato.com\/es\/wp-json\/wp\/v2\/comments?post=12783"}],"version-history":[{"count":2,"href":"https:\/\/www.corredormato.com\/es\/wp-json\/wp\/v2\/pages\/12783\/revisions"}],"predecessor-version":[{"id":15098,"href":"https:\/\/www.corredormato.com\/es\/wp-json\/wp\/v2\/pages\/12783\/revisions\/15098"}],"up":[{"embeddable":true,"href":"https:\/\/www.corredormato.com\/es\/wp-json\/wp\/v2\/pages\/12832"}],"wp:featuredmedia":[{"embeddable":true,"href":"https:\/\/www.corredormato.com\/es\/wp-json\/wp\/v2\/media\/12779"}],"wp:attachment":[{"href":"https:\/\/www.corredormato.com\/es\/wp-json\/wp\/v2\/media?parent=12783"}],"curies":[{"name":"wp","href":"https:\/\/api.w.org\/{rel}","templated":true}]}}