{"id":13612,"date":"2024-02-05T14:35:32","date_gmt":"2024-02-05T12:35:32","guid":{"rendered":"https:\/\/www.corredormato.com\/obra-nueva\/obra-nueva-barcelona\/"},"modified":"2024-08-06T15:21:55","modified_gmt":"2024-08-06T13:21:55","slug":"obra-nueva-barcelona","status":"publish","type":"page","link":"https:\/\/www.corredormato.com\/es\/obra-nueva\/obra-nueva-barcelona\/","title":{"rendered":"Obra nueva &#8211; Barcelona"},"content":{"rendered":"\t\t<div data-elementor-type=\"wp-page\" data-elementor-id=\"13612\" class=\"elementor elementor-13612 elementor-13593\" data-elementor-post-type=\"page\">\n\t\t\t\t\t\t<section class=\"elementor-section elementor-top-section elementor-element elementor-element-a2c8038 elementor-section-boxed elementor-section-height-default elementor-section-height-default\" data-id=\"a2c8038\" data-element_type=\"section\" data-e-type=\"section\">\n\t\t\t\t\t\t<div class=\"elementor-container elementor-column-gap-default\">\n\t\t\t\t\t<div class=\"elementor-column elementor-col-100 elementor-top-column elementor-element elementor-element-9da9e11\" data-id=\"9da9e11\" data-element_type=\"column\" data-e-type=\"column\">\n\t\t\t<div class=\"elementor-widget-wrap elementor-element-populated\">\n\t\t\t\t\t\t<div class=\"elementor-element elementor-element-f7c4e59 listado-general-venta elementor-widget elementor-widget-shortcode\" data-id=\"f7c4e59\" data-element_type=\"widget\" data-e-type=\"widget\" data-widget_type=\"shortcode.default\">\n\t\t\t\t<div class=\"elementor-widget-container\">\n\t\t\t\t\t\t\t<div class=\"elementor-shortcode\">\n<div class=\"n2r__list grid\" data-n2r-searchparams=\"\">\n    <div class=\"n2r__row\">\n    <div class=\"n2r__list__items\">\n      <div class=\"n2r__list__item n2r__clickable   \" data-id=\"24474\">\n    <div class=\"n2r__list__item__gallery n2r__slider\">\n    <div class=\"slide-item\"><img data-lazy=\"https:\/\/files.net2rent.com\/pfiles\/43\/24474\/563423-m.jpg\" alt=\"\" title=\"\"><\/div><div class=\"slide-item\"><img data-lazy=\"https:\/\/files.net2rent.com\/pfiles\/43\/24474\/563425-m.jpg\" alt=\"\" title=\"\"><\/div><div class=\"slide-item\"><img data-lazy=\"https:\/\/files.net2rent.com\/pfiles\/43\/24474\/563426-m.jpg\" alt=\"\" title=\"\"><\/div><div class=\"slide-item\"><img data-lazy=\"https:\/\/files.net2rent.com\/pfiles\/43\/24474\/563428-m.jpg\" alt=\"\" title=\"\"><\/div><div class=\"slide-item\"><img data-lazy=\"https:\/\/files.net2rent.com\/pfiles\/43\/24474\/563429-m.jpg\" alt=\"\" title=\"\"><\/div>  <\/div>\n\n  <div class=\"n2r__list__item__info\">\n    <div class=\"n2r__list__item__title\">\n      <h2 class=\"n2r__list__item__name\">\n        <a href=\"https:\/\/www.corredormato.com\/es\/venta\/venta-villa-kubs-joaquima-l-ametlla-del-valles-24474\/\">Casa de alto standing \u2013 Obra nueva en parcela exclusiva en l&#039;Ametlla del Vall\u00e8s<\/a>\n      <\/h2>\n          <\/div>\n    <div class=\"n2r__list__item__title\">\n      <div class=\"n2r__list__item__reference\">Ref: M2495<\/div>\n            <div class=\"n2r__list__item__city\">L&#039; Ametlla Del Valles<\/div>\n          <\/div>\n    <div class=\"n2r__list__item__features\">\n      <div class=\"n2r__list__item__feature n2r__list__item__feature--rooms\" title=\"4 habitaciones\"><i class=\"n2r_room\"><\/i> 4<\/div><div class=\"n2r__list__item__feature n2r__list__item__feature--bathrooms\" title=\"2 aseos\"><i class=\"n2r_toilet\"><\/i> 2<\/div><div class=\"n2r__list__item__feature n2r__list__item__feature--property_meters\" title=\"Metros de la propiedad\"><i class=\"n2r_property_meters\"><\/i> 173 m<sup>2<\/sup><\/div><div class=\"n2r__list__item__feature n2r__list__item__feature--pool\" title=\"piscina\"><i class=\"n2r_swimming_pool\"><\/i> <\/div>    <\/div>\n    <div class=\"n2r__list__item__description\">\ud83c\udfe0 Casa de alto standing \u2013 Obra nueva en parcela exclusiva en l&#039;Ametlla del Vall\u00e8sObra nueva | Vivienda personalizable | Una sola planta | Zona premium\u00bfSue\u00f1as con una casa moderna, eficiente y dise\u00f1ada a tu gusto? Esta espectacular vivienda de obra nueva prefabricada en una sola planta est\u00e1 pensada para ti. Ubicada en una de las mejores zonas residenciales de l&#039;Ametlla del Vall\u00e8s, te ofrece el equilibrio perfecto entre estilo de vida, comodidad y entorno natural.\ud83d\udd39 Personal\u00edzala completamente a tu gusto, eligiendo acabados, distribuci\u00f3n y detalles.\ud83d\udd39 Construcci\u00f3n de alto standing con materiales de primera calidad.\ud83d\udd39 Entorno tranquilo, rodeado de naturaleza y a solo 30 min de Barcelona.\ud83e\uddf1 Superficies:Superficie construida aprox.: 188 m\u00b2Parcela: m\u00b2 seg\u00fan disponibilidad (valorada en 290.000 \u20ac)Sal\u00f3n-comedor: 25,25 m\u00b2Cocina office: 15,83 m\u00b2Suite con vestidor y ba\u00f1o: 13,41 + 7,11 + 5,85 m\u00b23 dormitorios dobles: 10,55 m\u00b2 \/ 10,55 m\u00b2 \/ 10,81 m\u00b2Ba\u00f1o adicional: 8,08 m\u00b2Recibidor + distribuidor: 14,6 m\u00b2Lavadero + trastero: 15,22 m\u00b2Porches: 10,17 m\u00b2\ud83d\udccc Ubicaci\u00f3n:Urbanizaci\u00f3n tranquila, zona muy valorada en l&#039;Ametlla del Vall\u00e8s, excelente entorno natural, buena conexi\u00f3n por carretera, a solo 30 min de Barcelona.\u2709\ufe0f \u00bfQuieres m\u00e1s informaci\u00f3n?Solicita los planos, memoria de calidades o una visita a la parcela. \u00a1Dise\u00f1a la casa que siempre has querido con asesoramiento profesional!<\/div>\n    <div class=\"n2r__list__item__footer\">\n      <div class=\"n2r__list__item__price\">859.000 \u20ac<\/div>    <\/div>\n  <\/div>\n  <a class=\"n2r__list__item__link\" href=\"https:\/\/www.corredormato.com\/es\/venta\/venta-villa-kubs-joaquima-l-ametlla-del-valles-24474\/\">M\u00e1s detalles<\/a>\n  <\/div>    <\/div>\n    <div class=\"n2r__list__map \">\n  <div class=\"n2r__sticky\">\n    <div id=\"n2r__list__map__googlemaps\" class=\"n2r__googlemaps\" data-n2r-scrollwheel=\"0\" data-n2r-markerclustererimage=\"https:\/\/www.corredormato.com\/wp-content\/plugins\/net2rent-wp-plugin\/\/assets\/js\/googlemaps\/images\/m\"   data-n2r-markerimage=\"https:\/\/www.corredormato.com\/wp-content\/plugins\/net2rent-wp-plugin\/\/assets\/images\/map_position.png\" data-n2r-markers=\"[{&quot;id&quot;:&quot;24474&quot;,&quot;latitude&quot;:41.669735,&quot;longitude&quot;:2.256451,&quot;link&quot;:&quot;https:\\\/\\\/www.corredormato.com\\\/es\\\/venta\\\/venta-villa-kubs-joaquima-l-ametlla-del-valles-24474\\\/&quot;,&quot;infoWindow&quot;:{&quot;image&quot;:&quot;https:\\\/\\\/files.net2rent.com\\\/pfiles\\\/43\\\/24474\\\/563423-m.jpg&quot;,&quot;title&quot;:&quot;Casa de alto standing \\u2013 Obra nueva en parcela exclusiva en l&#039;Ametlla del Vall\\u00e8s&quot;,&quot;description&quot;:&quot;\\u003Cdiv\\u003E\\u003Cdiv class=\\&quot;n2r__list__item__feature n2r__list__item__feature--rooms\\&quot; title=\\&quot;4 habitaciones\\&quot;\\u003E\\u003Ci class=\\&quot;n2r_room\\&quot;\\u003E\\u003C\\\/i\\u003E 4\\u003C\\\/div\\u003E\\u003Cdiv class=\\&quot;n2r__list__item__feature n2r__list__item__feature--capacity\\&quot; title=\\&quot;0 pax\\&quot;\\u003E\\u003Ci class=\\&quot;n2r_people\\&quot;\\u003E\\u003C\\\/i\\u003E 0\\u003C\\\/div\\u003E\\u003C\\\/div\\u003E\\u003Cdiv\\u003E\\u003Cdiv class=\\&quot;n2r__list__item__price\\&quot;\\u003E859.000 \\u20ac\\u003C\\\/div\\u003E\\u003C\\\/div\\u003E&quot;}}]\" data-n2r-lodgingsurl=\"https:\/\/www.corredormato.com\/wp-json\/n2r\/v1\/lodgings\/list\" ><\/div>\n  <\/div>\n\n<\/div>  <\/div>\n  <\/div><\/div>\n\t\t\t\t\t\t<\/div>\n\t\t\t\t<\/div>\n\t\t\t\t\t<\/div>\n\t\t<\/div>\n\t\t\t\t\t<\/div>\n\t\t<\/section>\n\t\t<div class=\"elementor-element elementor-element-979f790 e-flex e-con-boxed e-con e-parent\" data-id=\"979f790\" data-element_type=\"container\" data-e-type=\"container\">\n\t\t\t\t\t<div class=\"e-con-inner\">\n\t\t\t\t<div class=\"elementor-element elementor-element-718345f elementor-widget elementor-widget-text-editor\" data-id=\"718345f\" data-element_type=\"widget\" data-e-type=\"widget\" data-widget_type=\"text-editor.default\">\n\t\t\t\t<div class=\"elementor-widget-container\">\n\t\t\t\t\t\t\t\t\t<h2>Casas de obra nueva en Barcelona<\/h2>\n<p><strong>Barcelona<\/strong> es una ciudad vibrante y cosmopolita situada en la costa noreste de <strong>Espa\u00f1a<\/strong>, conocida por su arquitectura innovadora, su rica cultura y su animada vida nocturna. Es un centro econ\u00f3mico y cultural que atrae a residentes locales y extranjeros de todo el mundo.<\/p>\n<p>Las casas de obra nueva en <strong>Barcelona<\/strong> son una opci\u00f3n cada vez m\u00e1s popular para aquellos que deseen una residencia moderna y bien equipada en esta metr\u00f3poli en constante crecimiento. Estas propiedades ofrecen los \u00faltimos avances en dise\u00f1o arquitect\u00f3nico y tecnolog\u00eda, proporcionando un estilo de vida contempor\u00e1neo y sofisticado a sus propietarios.<\/p>\n<p><strong>Corredor Mat\u00f3<\/strong> es la mejor agencia para asesorarte en la compra de casas de obra nueva en <strong>Barcelona<\/strong>. Con nuestra amplia experiencia en el mercado inmobiliario local y nuestro compromiso con la satisfacci\u00f3n del cliente, estamos aqu\u00ed para ayudarte a encontrar tu nuevo hogar en la ciudad. Estamos dedicados a conectarte con las mejores opciones de casas de obra nueva en <strong>Barcelona<\/strong> y proporcionarte un servicio personalizado y de calidad durante todo el proceso de compra.<\/p>\n<p>Si est\u00e1s buscando una nueva casa en <strong>Barcelona<\/strong>, conf\u00eda en nosotros, en <strong>Corredor Mat\u00f3<\/strong>, para encontrar la propiedad perfecta que cumpla con tus necesidades y deseos. Estamos comprometidos a que tu experiencia de adquisici\u00f3n inmobiliaria sea satisfactoria y sin complicaciones, ofreci\u00e9ndote orientaci\u00f3n experta y apoyo en cada paso del camino.<\/p>\n\t\t\t\t\t\t\t\t<\/div>\n\t\t\t\t<\/div>\n\t\t\t\t\t<\/div>\n\t\t\t\t<\/div>\n\t\t\t\t<\/div>\n\t\t","protected":false},"excerpt":{"rendered":"<p>Casas de obra nueva en Barcelona Barcelona es una ciudad vibrante y cosmopolita situada en la costa noreste de Espa\u00f1a, conocida por su arquitectura innovadora, su rica cultura y su animada vida nocturna. Es un centro econ\u00f3mico y cultural que atrae a residentes locales y extranjeros de todo el mundo. Las casas de obra nueva [&hellip;]<\/p>\n","protected":false},"author":1,"featured_media":16722,"parent":6464,"menu_order":0,"comment_status":"closed","ping_status":"closed","template":"","meta":{"footnotes":""},"class_list":["post-13612","page","type-page","status-publish","has-post-thumbnail","hentry"],"yoast_head":"<!-- This site is optimized with the Yoast SEO plugin v27.3 - https:\/\/yoast.com\/product\/yoast-seo-wordpress\/ -->\n<title>Corredor Mat\u00f3 Real Estate \u00b7 Obra Nueva en Barcelona<\/title>\n<meta name=\"description\" content=\"Corredor Mat\u00f3 le ofrece un variado portfolio de propiedades en la zona de Barcelona para que pueda conseguir encontrar su casa ideal.\" \/>\n<meta name=\"robots\" content=\"index, follow, max-snippet:-1, max-image-preview:large, max-video-preview:-1\" \/>\n<link rel=\"canonical\" href=\"https:\/\/www.corredormato.com\/es\/obra-nueva\/obra-nueva-barcelona\/\" \/>\n<meta property=\"og:locale\" content=\"es_ES\" \/>\n<meta property=\"og:type\" content=\"article\" \/>\n<meta property=\"og:title\" content=\"Corredor Mat\u00f3 Real Estate \u00b7 Obra Nueva en Barcelona\" \/>\n<meta property=\"og:description\" content=\"Corredor Mat\u00f3 le ofrece un variado portfolio de propiedades en la zona de Barcelona para que pueda conseguir encontrar su casa ideal.\" \/>\n<meta property=\"og:url\" content=\"https:\/\/www.corredormato.com\/es\/obra-nueva\/obra-nueva-barcelona\/\" \/>\n<meta property=\"og:site_name\" content=\"Corredor Mat\u00f3 Real Estate &amp; Property Management\" \/>\n<meta property=\"article:modified_time\" content=\"2024-08-06T13:21:55+00:00\" \/>\n<meta property=\"og:image\" content=\"https:\/\/www.corredormato.com\/wp-content\/uploads\/2024\/05\/FOTOS-IMATGES-PREVIEW-59.jpg\" \/>\n\t<meta property=\"og:image:width\" content=\"1280\" \/>\n\t<meta property=\"og:image:height\" content=\"887\" \/>\n\t<meta property=\"og:image:type\" content=\"image\/jpeg\" \/>\n<meta name=\"twitter:card\" content=\"summary_large_image\" \/>\n<meta name=\"twitter:label1\" content=\"Tiempo de lectura\" \/>\n\t<meta name=\"twitter:data1\" content=\"1 minuto\" \/>\n<script type=\"application\/ld+json\" class=\"yoast-schema-graph\">{\"@context\":\"https:\\\/\\\/schema.org\",\"@graph\":[{\"@type\":\"WebPage\",\"@id\":\"https:\\\/\\\/www.corredormato.com\\\/es\\\/obra-nueva\\\/obra-nueva-barcelona\\\/\",\"url\":\"https:\\\/\\\/www.corredormato.com\\\/es\\\/obra-nueva\\\/obra-nueva-barcelona\\\/\",\"name\":\"Corredor Mat\u00f3 Real Estate \u00b7 Obra Nueva en Barcelona\",\"isPartOf\":{\"@id\":\"https:\\\/\\\/www.corredormato.com\\\/es\\\/#website\"},\"primaryImageOfPage\":{\"@id\":\"https:\\\/\\\/www.corredormato.com\\\/es\\\/obra-nueva\\\/obra-nueva-barcelona\\\/#primaryimage\"},\"image\":{\"@id\":\"https:\\\/\\\/www.corredormato.com\\\/es\\\/obra-nueva\\\/obra-nueva-barcelona\\\/#primaryimage\"},\"thumbnailUrl\":\"https:\\\/\\\/www.corredormato.com\\\/wp-content\\\/uploads\\\/2024\\\/05\\\/FOTOS-IMATGES-PREVIEW-59.jpg\",\"datePublished\":\"2024-02-05T12:35:32+00:00\",\"dateModified\":\"2024-08-06T13:21:55+00:00\",\"description\":\"Corredor Mat\u00f3 le ofrece un variado portfolio de propiedades en la zona de Barcelona para que pueda conseguir encontrar su casa ideal.\",\"breadcrumb\":{\"@id\":\"https:\\\/\\\/www.corredormato.com\\\/es\\\/obra-nueva\\\/obra-nueva-barcelona\\\/#breadcrumb\"},\"inLanguage\":\"es\",\"potentialAction\":[{\"@type\":\"ReadAction\",\"target\":[\"https:\\\/\\\/www.corredormato.com\\\/es\\\/obra-nueva\\\/obra-nueva-barcelona\\\/\"]}]},{\"@type\":\"BreadcrumbList\",\"@id\":\"https:\\\/\\\/www.corredormato.com\\\/es\\\/obra-nueva\\\/obra-nueva-barcelona\\\/#breadcrumb\",\"itemListElement\":[{\"@type\":\"ListItem\",\"position\":1,\"name\":\"Home\",\"item\":\"https:\\\/\\\/www.corredormato.com\\\/es\\\/\"},{\"@type\":\"ListItem\",\"position\":2,\"name\":\"Obra nueva\",\"item\":\"https:\\\/\\\/www.corredormato.com\\\/es\\\/obra-nova\\\/\"},{\"@type\":\"ListItem\",\"position\":3,\"name\":\"Obra nueva &#8211; Barcelona\"}]},{\"@type\":\"WebSite\",\"@id\":\"https:\\\/\\\/www.corredormato.com\\\/es\\\/#website\",\"url\":\"https:\\\/\\\/www.corredormato.com\\\/es\\\/\",\"name\":\"Corredor Mat\u00f3 Real Estate &amp; Property Management\",\"description\":\"Real Estate &amp; Property Management\",\"publisher\":{\"@id\":\"https:\\\/\\\/www.corredormato.com\\\/es\\\/#organization\"},\"alternateName\":\"Corredor Mat\u00f3\",\"potentialAction\":[{\"@type\":\"SearchAction\",\"target\":{\"@type\":\"EntryPoint\",\"urlTemplate\":\"https:\\\/\\\/www.corredormato.com\\\/resultats-de-cerca-lloguer\\\/?search_text={search_term_string}\"},\"query-input\":{\"@type\":\"PropertyValueSpecification\",\"valueRequired\":true,\"valueName\":\"search_term_string\"}}],\"inLanguage\":\"es\"},{\"@type\":\"Organization\",\"@id\":\"https:\\\/\\\/www.corredormato.com\\\/es\\\/#organization\",\"name\":\"Corredor Mat\u00f3 | Real Estate & Property Management\",\"url\":\"https:\\\/\\\/www.corredormato.com\\\/es\\\/\",\"logo\":{\"@type\":\"ImageObject\",\"inLanguage\":\"es\",\"@id\":\"https:\\\/\\\/www.corredormato.com\\\/es\\\/#\\\/schema\\\/logo\\\/image\\\/\",\"url\":\"https:\\\/\\\/www.corredormato.com\\\/wp-content\\\/uploads\\\/2021\\\/04\\\/logo.png\",\"contentUrl\":\"https:\\\/\\\/www.corredormato.com\\\/wp-content\\\/uploads\\\/2021\\\/04\\\/logo.png\",\"width\":970,\"height\":225,\"caption\":\"Corredor Mat\u00f3 | Real Estate & Property Management\"},\"image\":{\"@id\":\"https:\\\/\\\/www.corredormato.com\\\/es\\\/#\\\/schema\\\/logo\\\/image\\\/\"}}]}<\/script>\n<!-- \/ Yoast SEO plugin. -->","yoast_head_json":{"title":"Corredor Mat\u00f3 Real Estate \u00b7 Obra Nueva en Barcelona","description":"Corredor Mat\u00f3 le ofrece un variado portfolio de propiedades en la zona de Barcelona para que pueda conseguir encontrar su casa ideal.","robots":{"index":"index","follow":"follow","max-snippet":"max-snippet:-1","max-image-preview":"max-image-preview:large","max-video-preview":"max-video-preview:-1"},"canonical":"https:\/\/www.corredormato.com\/es\/obra-nueva\/obra-nueva-barcelona\/","og_locale":"es_ES","og_type":"article","og_title":"Corredor Mat\u00f3 Real Estate \u00b7 Obra Nueva en Barcelona","og_description":"Corredor Mat\u00f3 le ofrece un variado portfolio de propiedades en la zona de Barcelona para que pueda conseguir encontrar su casa ideal.","og_url":"https:\/\/www.corredormato.com\/es\/obra-nueva\/obra-nueva-barcelona\/","og_site_name":"Corredor Mat\u00f3 Real Estate &amp; Property Management","article_modified_time":"2024-08-06T13:21:55+00:00","og_image":[{"width":1280,"height":887,"url":"https:\/\/www.corredormato.com\/wp-content\/uploads\/2024\/05\/FOTOS-IMATGES-PREVIEW-59.jpg","type":"image\/jpeg"}],"twitter_card":"summary_large_image","twitter_misc":{"Tiempo de lectura":"1 minuto"},"schema":{"@context":"https:\/\/schema.org","@graph":[{"@type":"WebPage","@id":"https:\/\/www.corredormato.com\/es\/obra-nueva\/obra-nueva-barcelona\/","url":"https:\/\/www.corredormato.com\/es\/obra-nueva\/obra-nueva-barcelona\/","name":"Corredor Mat\u00f3 Real Estate \u00b7 Obra Nueva en Barcelona","isPartOf":{"@id":"https:\/\/www.corredormato.com\/es\/#website"},"primaryImageOfPage":{"@id":"https:\/\/www.corredormato.com\/es\/obra-nueva\/obra-nueva-barcelona\/#primaryimage"},"image":{"@id":"https:\/\/www.corredormato.com\/es\/obra-nueva\/obra-nueva-barcelona\/#primaryimage"},"thumbnailUrl":"https:\/\/www.corredormato.com\/wp-content\/uploads\/2024\/05\/FOTOS-IMATGES-PREVIEW-59.jpg","datePublished":"2024-02-05T12:35:32+00:00","dateModified":"2024-08-06T13:21:55+00:00","description":"Corredor Mat\u00f3 le ofrece un variado portfolio de propiedades en la zona de Barcelona para que pueda conseguir encontrar su casa ideal.","breadcrumb":{"@id":"https:\/\/www.corredormato.com\/es\/obra-nueva\/obra-nueva-barcelona\/#breadcrumb"},"inLanguage":"es","potentialAction":[{"@type":"ReadAction","target":["https:\/\/www.corredormato.com\/es\/obra-nueva\/obra-nueva-barcelona\/"]}]},{"@type":"BreadcrumbList","@id":"https:\/\/www.corredormato.com\/es\/obra-nueva\/obra-nueva-barcelona\/#breadcrumb","itemListElement":[{"@type":"ListItem","position":1,"name":"Home","item":"https:\/\/www.corredormato.com\/es\/"},{"@type":"ListItem","position":2,"name":"Obra nueva","item":"https:\/\/www.corredormato.com\/es\/obra-nova\/"},{"@type":"ListItem","position":3,"name":"Obra nueva &#8211; Barcelona"}]},{"@type":"WebSite","@id":"https:\/\/www.corredormato.com\/es\/#website","url":"https:\/\/www.corredormato.com\/es\/","name":"Corredor Mat\u00f3 Real Estate &amp; Property Management","description":"Real Estate &amp; Property Management","publisher":{"@id":"https:\/\/www.corredormato.com\/es\/#organization"},"alternateName":"Corredor Mat\u00f3","potentialAction":[{"@type":"SearchAction","target":{"@type":"EntryPoint","urlTemplate":"https:\/\/www.corredormato.com\/resultats-de-cerca-lloguer\/?search_text={search_term_string}"},"query-input":{"@type":"PropertyValueSpecification","valueRequired":true,"valueName":"search_term_string"}}],"inLanguage":"es"},{"@type":"Organization","@id":"https:\/\/www.corredormato.com\/es\/#organization","name":"Corredor Mat\u00f3 | Real Estate & Property Management","url":"https:\/\/www.corredormato.com\/es\/","logo":{"@type":"ImageObject","inLanguage":"es","@id":"https:\/\/www.corredormato.com\/es\/#\/schema\/logo\/image\/","url":"https:\/\/www.corredormato.com\/wp-content\/uploads\/2021\/04\/logo.png","contentUrl":"https:\/\/www.corredormato.com\/wp-content\/uploads\/2021\/04\/logo.png","width":970,"height":225,"caption":"Corredor Mat\u00f3 | Real Estate & Property Management"},"image":{"@id":"https:\/\/www.corredormato.com\/es\/#\/schema\/logo\/image\/"}}]}},"_links":{"self":[{"href":"https:\/\/www.corredormato.com\/es\/wp-json\/wp\/v2\/pages\/13612","targetHints":{"allow":["GET"]}}],"collection":[{"href":"https:\/\/www.corredormato.com\/es\/wp-json\/wp\/v2\/pages"}],"about":[{"href":"https:\/\/www.corredormato.com\/es\/wp-json\/wp\/v2\/types\/page"}],"author":[{"embeddable":true,"href":"https:\/\/www.corredormato.com\/es\/wp-json\/wp\/v2\/users\/1"}],"replies":[{"embeddable":true,"href":"https:\/\/www.corredormato.com\/es\/wp-json\/wp\/v2\/comments?post=13612"}],"version-history":[{"count":4,"href":"https:\/\/www.corredormato.com\/es\/wp-json\/wp\/v2\/pages\/13612\/revisions"}],"predecessor-version":[{"id":18179,"href":"https:\/\/www.corredormato.com\/es\/wp-json\/wp\/v2\/pages\/13612\/revisions\/18179"}],"up":[{"embeddable":true,"href":"https:\/\/www.corredormato.com\/es\/wp-json\/wp\/v2\/pages\/6464"}],"wp:featuredmedia":[{"embeddable":true,"href":"https:\/\/www.corredormato.com\/es\/wp-json\/wp\/v2\/media\/16722"}],"wp:attachment":[{"href":"https:\/\/www.corredormato.com\/es\/wp-json\/wp\/v2\/media?parent=13612"}],"curies":[{"name":"wp","href":"https:\/\/api.w.org\/{rel}","templated":true}]}}