{"id":13913,"date":"2024-02-09T14:45:00","date_gmt":"2024-02-09T12:45:00","guid":{"rendered":"https:\/\/www.corredormato.com\/venta-costa-brava\/mataro\/pisos\/"},"modified":"2024-03-01T09:13:21","modified_gmt":"2024-03-01T07:13:21","slug":"pisos","status":"publish","type":"page","link":"https:\/\/www.corredormato.com\/es\/venta-costa-brava\/mataro\/pisos\/","title":{"rendered":"Pisos en venta en Matar\u00f3"},"content":{"rendered":"\t\t<div data-elementor-type=\"wp-page\" data-elementor-id=\"13913\" class=\"elementor elementor-13913 elementor-13289\" data-elementor-post-type=\"page\">\n\t\t\t\t\t\t<section class=\"elementor-section elementor-top-section elementor-element elementor-element-f307976 elementor-section-full_width elementor-section-height-default elementor-section-height-default\" data-id=\"f307976\" data-element_type=\"section\" data-e-type=\"section\">\n\t\t\t\t\t\t<div class=\"elementor-container elementor-column-gap-default\">\n\t\t\t\t\t<div class=\"elementor-column elementor-col-100 elementor-top-column elementor-element elementor-element-822b86f\" data-id=\"822b86f\" data-element_type=\"column\" data-e-type=\"column\">\n\t\t\t<div class=\"elementor-widget-wrap elementor-element-populated\">\n\t\t\t\t\t\t<div class=\"elementor-element elementor-element-8e7935f listado-general elementor-widget elementor-widget-shortcode\" data-id=\"8e7935f\" data-element_type=\"widget\" data-e-type=\"widget\" data-widget_type=\"shortcode.default\">\n\t\t\t\t<div class=\"elementor-widget-container\">\n\t\t\t\t\t\t\t<div class=\"elementor-shortcode\">  <div class=\"n2r__list n2r__list--empty\">\n    <h3>No se han encontrado resultados en la b\u00fasqueda, por favor contacta con nosotros para poder ayudarte.<\/h3>\n  <\/div>\n<\/div>\n\t\t\t\t\t\t<\/div>\n\t\t\t\t<\/div>\n\t\t\t\t\t<\/div>\n\t\t<\/div>\n\t\t\t\t\t<\/div>\n\t\t<\/section>\n\t\t\t\t<section class=\"elementor-section elementor-top-section elementor-element elementor-element-f5e6c3a elementor-section-boxed elementor-section-height-default elementor-section-height-default\" data-id=\"f5e6c3a\" data-element_type=\"section\" data-e-type=\"section\">\n\t\t\t\t\t\t<div class=\"elementor-container elementor-column-gap-default\">\n\t\t\t\t\t<div class=\"elementor-column elementor-col-100 elementor-top-column elementor-element elementor-element-79dbfd1\" data-id=\"79dbfd1\" data-element_type=\"column\" data-e-type=\"column\">\n\t\t\t<div class=\"elementor-widget-wrap elementor-element-populated\">\n\t\t\t\t\t\t<div class=\"elementor-element elementor-element-da9f5aa elementor-widget elementor-widget-text-editor\" data-id=\"da9f5aa\" data-element_type=\"widget\" data-e-type=\"widget\" data-widget_type=\"text-editor.default\">\n\t\t\t\t<div class=\"elementor-widget-container\">\n\t\t\t\t\t\t\t\t\t<p><span style=\"font-weight: 400;\">Explora una oportunidad \u00fanica de vivir en la costa con nuestros pisos en venta en <strong>Matar\u00f3<\/strong>. Con <strong>Corredor Mat\u00f3<\/strong>, te abrimos las puertas hacia la vida mediterr\u00e1nea, ofreciendo una gama exclusiva de propiedades adaptadas a todos los estilos de vida y preferencias. Descubre c\u00f3mo nuestra agencia inmobiliaria te puede ayudar a encontrar el piso perfecto en esta encantadora ciudad catalana.<\/span><\/p>\n<p><span style=\"font-weight: 400;\"><strong>Matar\u00f3<\/strong>, ubicada en la costa norte de <strong>Barcelona<\/strong>, tiene una gran reputaci\u00f3n como destino costero con un encanto \u00fanico. Sus playas de arena dorada, calles con empedrado antiguo y ambiente relajado hacen de esta ciudad un lugar perfecto para llamarle &#8220;casa&#8221;. Con <strong>Corredor Mat\u00f3<\/strong>, no s\u00f3lo encontrar\u00e1s una propiedad, sino tambi\u00e9n una experiencia de vida \u00fanica.<\/span><\/p>\n<p><span style=\"font-weight: 400;\">Nuestros pisos en venta en <strong>Matar\u00f3<\/strong> est\u00e1n dise\u00f1ados para satisfacer las distintas necesidades de los compradores. Desde modernos apartamentos con vistas al mar hasta acogedoras residencias en el casco antiguo, ofrecemos una amplia gama de propiedades. Con caracter\u00edsticas tales como interiores bien dise\u00f1ados, balcones panor\u00e1micos y comunidades exclusivas, estamos seguros de que tenemos la opci\u00f3n perfecta para ti.<\/span><\/p>\n<p><span style=\"font-weight: 400;\">Cada barrio de <strong>Matar\u00f3<\/strong> tiene su propia personalidad y ventajas \u00fanicas. Desde el casco antiguo con su historia rica hasta los desarrollos modernos con todas las comodidades, ofrecemos pisos en venta que abarcan la diversidad de esta ciudad costera. Ya sea que busques un ambiente tranquilo o la energ\u00eda del centro de la ciudad, tenemos una propiedad para ti.<\/span><\/p>\n<p><span style=\"font-weight: 400;\">Con a\u00f1os de experiencia en el mercado inmobiliario local, ofrecemos un servicio personalizado que destaca. Nuestro equipo de profesionales entiende que comprar un piso es una decisi\u00f3n importante. Estamos aqu\u00ed para guiarte en cada paso del camino, desde la b\u00fasqueda inicial hasta la firma de los papeles. Con una amplia red y conocimientos locales, tenemos acceso a las mejores oportunidades del mercado.<\/span><\/p>\n<p><span style=\"font-weight: 400;\">Descubre la comodidad de vivir en la costa catalana con nuestros pisos en venta en <strong>Matar\u00f3<\/strong>. Con <strong>Corredor Mat\u00f3<\/strong>, encontrar\u00e1s m\u00e1s que una propiedad; encontrar\u00e1s tu sitio en esta ciudad tan especial. Inicia tu b\u00fasqueda hoy mismo y d\u00e9janos ser parte de tu viaje hacia un nuevo hogar en <strong>Matar\u00f3<\/strong>.<\/span><\/p>\n\t\t\t\t\t\t\t\t<\/div>\n\t\t\t\t<\/div>\n\t\t\t\t\t<\/div>\n\t\t<\/div>\n\t\t\t\t\t<\/div>\n\t\t<\/section>\n\t\t\t\t<section class=\"elementor-section elementor-top-section elementor-element elementor-element-28d1579 elementor-section-boxed elementor-section-height-default elementor-section-height-default\" data-id=\"28d1579\" data-element_type=\"section\" data-e-type=\"section\">\n\t\t\t\t\t\t<div class=\"elementor-container elementor-column-gap-default\">\n\t\t\t\t\t<div class=\"elementor-column elementor-col-100 elementor-top-column elementor-element elementor-element-203c958\" data-id=\"203c958\" data-element_type=\"column\" data-e-type=\"column\">\n\t\t\t<div class=\"elementor-widget-wrap elementor-element-populated\">\n\t\t\t\t\t\t<div class=\"elementor-element elementor-element-b481fed elementor-widget elementor-widget-shortcode\" data-id=\"b481fed\" data-element_type=\"widget\" data-e-type=\"widget\" data-widget_type=\"shortcode.default\">\n\t\t\t\t<div class=\"elementor-widget-container\">\n\t\t\t\t\t\t\t<div class=\"elementor-shortcode\"><style>.wp-show-posts-columns#wpsp-8456 {margin-left: -2em; }.wp-show-posts-columns#wpsp-8456 .wp-show-posts-inner {margin: 0 0 2em 2em; }<\/style><section id=\"wpsp-8456\" class=\" wp-show-posts-columns wp-show-posts\" style=\"\"><article class=\" wp-show-posts-single post-8378 page type-page status-publish has-post-thumbnail hentry wpsp-col-6\" itemtype=\"http:\/\/schema.org\/CreativeWork\" itemscope><div class=\"wp-show-posts-inner\" style=\"\">\t\t\t\t\t\t<header class=\"wp-show-posts-entry-header\">\n\t\t\t\t\t\t\t<h3 class=\"wp-show-posts-entry-title\" itemprop=\"headline\"><a href=\"https:\/\/www.corredormato.com\/es\/venta-costa-brava\/pisos\/\" rel=\"bookmark\">Pisos en venta en la Costa Brava<\/a><\/h3>\t\t\t\t\t\t<\/header><!-- .entry-header -->\n\t\t\t\t\t\t\t<div class=\"wp-show-posts-image  wpsp-image-center \">\n\t\t\t<a href=\"https:\/\/www.corredormato.com\/es\/venta-costa-brava\/pisos\/\"  title=\"Pisos en venta en la Costa Brava\"><img fetchpriority=\"high\" decoding=\"async\" width=\"1280\" height=\"887\" src=\"https:\/\/www.corredormato.com\/wp-content\/uploads\/2023\/10\/apartment01.jpg\" class=\"attachment-full size-full wp-post-image\" alt=\"Pisos en venda a la Costa Brava\" itemprop=\"image\" srcset=\"https:\/\/www.corredormato.com\/wp-content\/uploads\/2023\/10\/apartment01.jpg 1280w, https:\/\/www.corredormato.com\/wp-content\/uploads\/2023\/10\/apartment01-300x208.jpg 300w, https:\/\/www.corredormato.com\/wp-content\/uploads\/2023\/10\/apartment01-1024x710.jpg 1024w, https:\/\/www.corredormato.com\/wp-content\/uploads\/2023\/10\/apartment01-768x532.jpg 768w\" sizes=\"(max-width: 1280px) 100vw, 1280px\" \/><\/a>\t\t<\/div>\n\t\t<\/div><!-- wp-show-posts-inner --><\/article><article class=\" wp-show-posts-single post-8368 page type-page status-publish has-post-thumbnail hentry wpsp-col-6\" itemtype=\"http:\/\/schema.org\/CreativeWork\" itemscope><div class=\"wp-show-posts-inner\" style=\"\">\t\t\t\t\t\t<header class=\"wp-show-posts-entry-header\">\n\t\t\t\t\t\t\t<h3 class=\"wp-show-posts-entry-title\" itemprop=\"headline\"><a href=\"https:\/\/www.corredormato.com\/es\/venta-costa-brava\/pisos\/vistas-al-mar\/\" rel=\"bookmark\">Pisos en venta en la Costa Brava con vistas al mar<\/a><\/h3>\t\t\t\t\t\t<\/header><!-- .entry-header -->\n\t\t\t\t\t\t\t<div class=\"wp-show-posts-image  wpsp-image-center \">\n\t\t\t<a href=\"https:\/\/www.corredormato.com\/es\/venta-costa-brava\/pisos\/vistas-al-mar\/\"  title=\"Pisos en venta en la Costa Brava con vistas al mar\"><img decoding=\"async\" width=\"1280\" height=\"887\" src=\"https:\/\/www.corredormato.com\/wp-content\/uploads\/2023\/10\/apartment02.jpg\" class=\"attachment-full size-full wp-post-image\" alt=\"Pisos en venda a la Costa Brava amb vistes al mar\" itemprop=\"image\" srcset=\"https:\/\/www.corredormato.com\/wp-content\/uploads\/2023\/10\/apartment02.jpg 1280w, https:\/\/www.corredormato.com\/wp-content\/uploads\/2023\/10\/apartment02-300x208.jpg 300w, https:\/\/www.corredormato.com\/wp-content\/uploads\/2023\/10\/apartment02-1024x710.jpg 1024w, https:\/\/www.corredormato.com\/wp-content\/uploads\/2023\/10\/apartment02-768x532.jpg 768w\" sizes=\"(max-width: 1280px) 100vw, 1280px\" \/><\/a>\t\t<\/div>\n\t\t<\/div><!-- wp-show-posts-inner --><\/article><div class=\"wpsp-clear\"><\/div><\/section><!-- .wp-show-posts --><\/div>\n\t\t\t\t\t\t<\/div>\n\t\t\t\t<\/div>\n\t\t\t\t\t<\/div>\n\t\t<\/div>\n\t\t\t\t\t<\/div>\n\t\t<\/section>\n\t\t\t\t<\/div>\n\t\t","protected":false},"excerpt":{"rendered":"<p>Explora una oportunidad \u00fanica de vivir en la costa con nuestros pisos en venta en Matar\u00f3. Con Corredor Mat\u00f3, te abrimos las puertas hacia la vida mediterr\u00e1nea, ofreciendo una gama exclusiva de propiedades adaptadas a todos los estilos de vida y preferencias. Descubre c\u00f3mo nuestra agencia inmobiliaria te puede ayudar a encontrar el piso perfecto [&hellip;]<\/p>\n","protected":false},"author":4,"featured_media":15597,"parent":13904,"menu_order":0,"comment_status":"closed","ping_status":"closed","template":"","meta":{"footnotes":""},"class_list":["post-13913","page","type-page","status-publish","has-post-thumbnail","hentry"],"yoast_head":"<!-- This site is optimized with the Yoast SEO plugin v27.3 - https:\/\/yoast.com\/product\/yoast-seo-wordpress\/ -->\n<title>Corredor Mat\u00f3 Real Estate \u00b7 Pisos en venta en Matar\u00f3<\/title>\n<meta name=\"description\" content=\"Corredor Mat\u00f3 te puede ayudar a encontrar uno de los pisos en venta en Matar\u00f3 que pueda ser de tu inter\u00e9s, ll\u00e1manos al 972 62 00 16.\" \/>\n<meta name=\"robots\" content=\"index, follow, max-snippet:-1, max-image-preview:large, max-video-preview:-1\" \/>\n<link rel=\"canonical\" href=\"https:\/\/www.corredormato.com\/es\/venta-costa-brava\/mataro\/pisos\/\" \/>\n<meta property=\"og:locale\" content=\"es_ES\" \/>\n<meta property=\"og:type\" content=\"article\" \/>\n<meta property=\"og:title\" content=\"Corredor Mat\u00f3 Real Estate \u00b7 Pisos en venta en Matar\u00f3\" \/>\n<meta property=\"og:description\" content=\"Corredor Mat\u00f3 te puede ayudar a encontrar uno de los pisos en venta en Matar\u00f3 que pueda ser de tu inter\u00e9s, ll\u00e1manos al 972 62 00 16.\" \/>\n<meta property=\"og:url\" content=\"https:\/\/www.corredormato.com\/es\/venta-costa-brava\/mataro\/pisos\/\" \/>\n<meta property=\"og:site_name\" content=\"Corredor Mat\u00f3 Real Estate &amp; Property Management\" \/>\n<meta property=\"article:modified_time\" content=\"2024-03-01T07:13:21+00:00\" \/>\n<meta property=\"og:image\" content=\"https:\/\/www.corredormato.com\/wp-content\/uploads\/2024\/03\/FOTOS-IMATGES-PREVIEW-52.jpg\" \/>\n\t<meta property=\"og:image:width\" content=\"1280\" \/>\n\t<meta property=\"og:image:height\" content=\"887\" \/>\n\t<meta property=\"og:image:type\" content=\"image\/jpeg\" \/>\n<meta name=\"twitter:card\" content=\"summary_large_image\" \/>\n<meta name=\"twitter:label1\" content=\"Tiempo de lectura\" \/>\n\t<meta name=\"twitter:data1\" content=\"2 minutos\" \/>\n<script type=\"application\/ld+json\" class=\"yoast-schema-graph\">{\"@context\":\"https:\\\/\\\/schema.org\",\"@graph\":[{\"@type\":\"WebPage\",\"@id\":\"https:\\\/\\\/www.corredormato.com\\\/es\\\/venta-costa-brava\\\/mataro\\\/pisos\\\/\",\"url\":\"https:\\\/\\\/www.corredormato.com\\\/es\\\/venta-costa-brava\\\/mataro\\\/pisos\\\/\",\"name\":\"Corredor Mat\u00f3 Real Estate \u00b7 Pisos en venta en Matar\u00f3\",\"isPartOf\":{\"@id\":\"https:\\\/\\\/www.corredormato.com\\\/es\\\/#website\"},\"primaryImageOfPage\":{\"@id\":\"https:\\\/\\\/www.corredormato.com\\\/es\\\/venta-costa-brava\\\/mataro\\\/pisos\\\/#primaryimage\"},\"image\":{\"@id\":\"https:\\\/\\\/www.corredormato.com\\\/es\\\/venta-costa-brava\\\/mataro\\\/pisos\\\/#primaryimage\"},\"thumbnailUrl\":\"https:\\\/\\\/www.corredormato.com\\\/wp-content\\\/uploads\\\/2024\\\/03\\\/FOTOS-IMATGES-PREVIEW-52.jpg\",\"datePublished\":\"2024-02-09T12:45:00+00:00\",\"dateModified\":\"2024-03-01T07:13:21+00:00\",\"description\":\"Corredor Mat\u00f3 te puede ayudar a encontrar uno de los pisos en venta en Matar\u00f3 que pueda ser de tu inter\u00e9s, ll\u00e1manos al 972 62 00 16.\",\"breadcrumb\":{\"@id\":\"https:\\\/\\\/www.corredormato.com\\\/es\\\/venta-costa-brava\\\/mataro\\\/pisos\\\/#breadcrumb\"},\"inLanguage\":\"es\",\"potentialAction\":[{\"@type\":\"ReadAction\",\"target\":[\"https:\\\/\\\/www.corredormato.com\\\/es\\\/venta-costa-brava\\\/mataro\\\/pisos\\\/\"]}]},{\"@type\":\"BreadcrumbList\",\"@id\":\"https:\\\/\\\/www.corredormato.com\\\/es\\\/venta-costa-brava\\\/mataro\\\/pisos\\\/#breadcrumb\",\"itemListElement\":[{\"@type\":\"ListItem\",\"position\":1,\"name\":\"Home\",\"item\":\"https:\\\/\\\/www.corredormato.com\\\/es\\\/\"},{\"@type\":\"ListItem\",\"position\":2,\"name\":\"Venta Costa Brava\",\"item\":\"https:\\\/\\\/www.corredormato.com\\\/es\\\/venda-costa-brava\\\/\"},{\"@type\":\"ListItem\",\"position\":3,\"name\":\"Properties for sale in Matar\u00f3\",\"item\":\"https:\\\/\\\/www.corredormato.com\\\/es\\\/venda-costa-brava\\\/mataro\\\/\"},{\"@type\":\"ListItem\",\"position\":4,\"name\":\"Pisos en venta en Matar\u00f3\"}]},{\"@type\":\"WebSite\",\"@id\":\"https:\\\/\\\/www.corredormato.com\\\/es\\\/#website\",\"url\":\"https:\\\/\\\/www.corredormato.com\\\/es\\\/\",\"name\":\"Corredor Mat\u00f3 Real Estate &amp; Property Management\",\"description\":\"Real Estate &amp; Property Management\",\"publisher\":{\"@id\":\"https:\\\/\\\/www.corredormato.com\\\/es\\\/#organization\"},\"alternateName\":\"Corredor Mat\u00f3\",\"potentialAction\":[{\"@type\":\"SearchAction\",\"target\":{\"@type\":\"EntryPoint\",\"urlTemplate\":\"https:\\\/\\\/www.corredormato.com\\\/resultats-de-cerca-lloguer\\\/?search_text={search_term_string}\"},\"query-input\":{\"@type\":\"PropertyValueSpecification\",\"valueRequired\":true,\"valueName\":\"search_term_string\"}}],\"inLanguage\":\"es\"},{\"@type\":\"Organization\",\"@id\":\"https:\\\/\\\/www.corredormato.com\\\/es\\\/#organization\",\"name\":\"Corredor Mat\u00f3 | Real Estate & Property Management\",\"url\":\"https:\\\/\\\/www.corredormato.com\\\/es\\\/\",\"logo\":{\"@type\":\"ImageObject\",\"inLanguage\":\"es\",\"@id\":\"https:\\\/\\\/www.corredormato.com\\\/es\\\/#\\\/schema\\\/logo\\\/image\\\/\",\"url\":\"https:\\\/\\\/www.corredormato.com\\\/wp-content\\\/uploads\\\/2021\\\/04\\\/logo.png\",\"contentUrl\":\"https:\\\/\\\/www.corredormato.com\\\/wp-content\\\/uploads\\\/2021\\\/04\\\/logo.png\",\"width\":970,\"height\":225,\"caption\":\"Corredor Mat\u00f3 | Real Estate & Property Management\"},\"image\":{\"@id\":\"https:\\\/\\\/www.corredormato.com\\\/es\\\/#\\\/schema\\\/logo\\\/image\\\/\"}}]}<\/script>\n<!-- \/ Yoast SEO plugin. -->","yoast_head_json":{"title":"Corredor Mat\u00f3 Real Estate \u00b7 Pisos en venta en Matar\u00f3","description":"Corredor Mat\u00f3 te puede ayudar a encontrar uno de los pisos en venta en Matar\u00f3 que pueda ser de tu inter\u00e9s, ll\u00e1manos al 972 62 00 16.","robots":{"index":"index","follow":"follow","max-snippet":"max-snippet:-1","max-image-preview":"max-image-preview:large","max-video-preview":"max-video-preview:-1"},"canonical":"https:\/\/www.corredormato.com\/es\/venta-costa-brava\/mataro\/pisos\/","og_locale":"es_ES","og_type":"article","og_title":"Corredor Mat\u00f3 Real Estate \u00b7 Pisos en venta en Matar\u00f3","og_description":"Corredor Mat\u00f3 te puede ayudar a encontrar uno de los pisos en venta en Matar\u00f3 que pueda ser de tu inter\u00e9s, ll\u00e1manos al 972 62 00 16.","og_url":"https:\/\/www.corredormato.com\/es\/venta-costa-brava\/mataro\/pisos\/","og_site_name":"Corredor Mat\u00f3 Real Estate &amp; Property Management","article_modified_time":"2024-03-01T07:13:21+00:00","og_image":[{"width":1280,"height":887,"url":"https:\/\/www.corredormato.com\/wp-content\/uploads\/2024\/03\/FOTOS-IMATGES-PREVIEW-52.jpg","type":"image\/jpeg"}],"twitter_card":"summary_large_image","twitter_misc":{"Tiempo de lectura":"2 minutos"},"schema":{"@context":"https:\/\/schema.org","@graph":[{"@type":"WebPage","@id":"https:\/\/www.corredormato.com\/es\/venta-costa-brava\/mataro\/pisos\/","url":"https:\/\/www.corredormato.com\/es\/venta-costa-brava\/mataro\/pisos\/","name":"Corredor Mat\u00f3 Real Estate \u00b7 Pisos en venta en Matar\u00f3","isPartOf":{"@id":"https:\/\/www.corredormato.com\/es\/#website"},"primaryImageOfPage":{"@id":"https:\/\/www.corredormato.com\/es\/venta-costa-brava\/mataro\/pisos\/#primaryimage"},"image":{"@id":"https:\/\/www.corredormato.com\/es\/venta-costa-brava\/mataro\/pisos\/#primaryimage"},"thumbnailUrl":"https:\/\/www.corredormato.com\/wp-content\/uploads\/2024\/03\/FOTOS-IMATGES-PREVIEW-52.jpg","datePublished":"2024-02-09T12:45:00+00:00","dateModified":"2024-03-01T07:13:21+00:00","description":"Corredor Mat\u00f3 te puede ayudar a encontrar uno de los pisos en venta en Matar\u00f3 que pueda ser de tu inter\u00e9s, ll\u00e1manos al 972 62 00 16.","breadcrumb":{"@id":"https:\/\/www.corredormato.com\/es\/venta-costa-brava\/mataro\/pisos\/#breadcrumb"},"inLanguage":"es","potentialAction":[{"@type":"ReadAction","target":["https:\/\/www.corredormato.com\/es\/venta-costa-brava\/mataro\/pisos\/"]}]},{"@type":"BreadcrumbList","@id":"https:\/\/www.corredormato.com\/es\/venta-costa-brava\/mataro\/pisos\/#breadcrumb","itemListElement":[{"@type":"ListItem","position":1,"name":"Home","item":"https:\/\/www.corredormato.com\/es\/"},{"@type":"ListItem","position":2,"name":"Venta Costa Brava","item":"https:\/\/www.corredormato.com\/es\/venda-costa-brava\/"},{"@type":"ListItem","position":3,"name":"Properties for sale in Matar\u00f3","item":"https:\/\/www.corredormato.com\/es\/venda-costa-brava\/mataro\/"},{"@type":"ListItem","position":4,"name":"Pisos en venta en Matar\u00f3"}]},{"@type":"WebSite","@id":"https:\/\/www.corredormato.com\/es\/#website","url":"https:\/\/www.corredormato.com\/es\/","name":"Corredor Mat\u00f3 Real Estate &amp; Property Management","description":"Real Estate &amp; Property Management","publisher":{"@id":"https:\/\/www.corredormato.com\/es\/#organization"},"alternateName":"Corredor Mat\u00f3","potentialAction":[{"@type":"SearchAction","target":{"@type":"EntryPoint","urlTemplate":"https:\/\/www.corredormato.com\/resultats-de-cerca-lloguer\/?search_text={search_term_string}"},"query-input":{"@type":"PropertyValueSpecification","valueRequired":true,"valueName":"search_term_string"}}],"inLanguage":"es"},{"@type":"Organization","@id":"https:\/\/www.corredormato.com\/es\/#organization","name":"Corredor Mat\u00f3 | Real Estate & Property Management","url":"https:\/\/www.corredormato.com\/es\/","logo":{"@type":"ImageObject","inLanguage":"es","@id":"https:\/\/www.corredormato.com\/es\/#\/schema\/logo\/image\/","url":"https:\/\/www.corredormato.com\/wp-content\/uploads\/2021\/04\/logo.png","contentUrl":"https:\/\/www.corredormato.com\/wp-content\/uploads\/2021\/04\/logo.png","width":970,"height":225,"caption":"Corredor Mat\u00f3 | Real Estate & Property Management"},"image":{"@id":"https:\/\/www.corredormato.com\/es\/#\/schema\/logo\/image\/"}}]}},"_links":{"self":[{"href":"https:\/\/www.corredormato.com\/es\/wp-json\/wp\/v2\/pages\/13913","targetHints":{"allow":["GET"]}}],"collection":[{"href":"https:\/\/www.corredormato.com\/es\/wp-json\/wp\/v2\/pages"}],"about":[{"href":"https:\/\/www.corredormato.com\/es\/wp-json\/wp\/v2\/types\/page"}],"author":[{"embeddable":true,"href":"https:\/\/www.corredormato.com\/es\/wp-json\/wp\/v2\/users\/4"}],"replies":[{"embeddable":true,"href":"https:\/\/www.corredormato.com\/es\/wp-json\/wp\/v2\/comments?post=13913"}],"version-history":[{"count":3,"href":"https:\/\/www.corredormato.com\/es\/wp-json\/wp\/v2\/pages\/13913\/revisions"}],"predecessor-version":[{"id":14883,"href":"https:\/\/www.corredormato.com\/es\/wp-json\/wp\/v2\/pages\/13913\/revisions\/14883"}],"up":[{"embeddable":true,"href":"https:\/\/www.corredormato.com\/es\/wp-json\/wp\/v2\/pages\/13904"}],"wp:featuredmedia":[{"embeddable":true,"href":"https:\/\/www.corredormato.com\/es\/wp-json\/wp\/v2\/media\/15597"}],"wp:attachment":[{"href":"https:\/\/www.corredormato.com\/es\/wp-json\/wp\/v2\/media?parent=13913"}],"curies":[{"name":"wp","href":"https:\/\/api.w.org\/{rel}","templated":true}]}}