{"id":14040,"date":"2024-02-16T12:59:15","date_gmt":"2024-02-16T10:59:15","guid":{"rendered":"https:\/\/www.corredormato.com\/obra-nueva\/vilassar-de-mar\/"},"modified":"2024-05-21T12:18:13","modified_gmt":"2024-05-21T10:18:13","slug":"vilassar-de-mar","status":"publish","type":"page","link":"https:\/\/www.corredormato.com\/es\/obra-nueva\/vilassar-de-mar\/","title":{"rendered":"Obra nueva en Vilassar de Mar"},"content":{"rendered":"\t\t<div data-elementor-type=\"wp-page\" data-elementor-id=\"14040\" class=\"elementor elementor-14040 elementor-13312\" data-elementor-post-type=\"page\">\n\t\t\t\t\t\t<section class=\"elementor-section elementor-top-section elementor-element elementor-element-2b4409a elementor-section-full_width elementor-section-height-default elementor-section-height-default\" data-id=\"2b4409a\" data-element_type=\"section\" data-e-type=\"section\">\n\t\t\t\t\t\t<div class=\"elementor-container elementor-column-gap-default\">\n\t\t\t\t\t<div class=\"elementor-column elementor-col-100 elementor-top-column elementor-element elementor-element-4bba8ed\" data-id=\"4bba8ed\" data-element_type=\"column\" data-e-type=\"column\">\n\t\t\t<div class=\"elementor-widget-wrap elementor-element-populated\">\n\t\t\t\t\t\t<div class=\"elementor-element elementor-element-899cc1d listado-general elementor-widget elementor-widget-shortcode\" data-id=\"899cc1d\" data-element_type=\"widget\" data-e-type=\"widget\" data-widget_type=\"shortcode.default\">\n\t\t\t\t<div class=\"elementor-widget-container\">\n\t\t\t\t\t\t\t<div class=\"elementor-shortcode\">  <div class=\"n2r__list n2r__list--empty\">\n    <h3>No se han encontrado resultados en la b\u00fasqueda, por favor contacta con nosotros para poder ayudarte.<\/h3>\n  <\/div>\n<\/div>\n\t\t\t\t\t\t<\/div>\n\t\t\t\t<\/div>\n\t\t\t\t\t<\/div>\n\t\t<\/div>\n\t\t\t\t\t<\/div>\n\t\t<\/section>\n\t\t\t\t<section class=\"elementor-section elementor-top-section elementor-element elementor-element-2d491f4 elementor-section-boxed elementor-section-height-default elementor-section-height-default\" data-id=\"2d491f4\" data-element_type=\"section\" data-e-type=\"section\">\n\t\t\t\t\t\t<div class=\"elementor-container elementor-column-gap-default\">\n\t\t\t\t\t<div class=\"elementor-column elementor-col-100 elementor-top-column elementor-element elementor-element-e1a7e17\" data-id=\"e1a7e17\" data-element_type=\"column\" data-e-type=\"column\">\n\t\t\t<div class=\"elementor-widget-wrap elementor-element-populated\">\n\t\t\t\t\t\t<div class=\"elementor-element elementor-element-01d0299 elementor-widget elementor-widget-text-editor\" data-id=\"01d0299\" data-element_type=\"widget\" data-e-type=\"widget\" data-widget_type=\"text-editor.default\">\n\t\t\t\t<div class=\"elementor-widget-container\">\n\t\t\t\t\t\t\t\t\t<p>Bienvenido al exquisito mundo de los apartamentos de obra nueva en <strong>Vilassar de Mar<\/strong>, donde la tradici\u00f3n se combina con la modernidad, ofreci\u00e9ndote la oportunidad de vivir en uno de los enclaves m\u00e1s encantadores de la Costa de Barcelona. Con <strong>Corredor Mat\u00f3<\/strong>, te acompa\u00f1amos a explorar esta comunidad \u00fanica ya descubrir por qu\u00e9 invertir en un apartamento de obra nueva en <strong>Vilassar de Mar<\/strong> puede ser tu mejor decisi\u00f3n.<\/p>\n<h1>Descubre Vilassar de Mar:<\/h1>\n<p>Situado a orillas del mar Mediterr\u00e1neo, <strong>Vilassar de Mar<\/strong> enamora con sus calles empedradas, plazas sombr\u00edas y el encanto de un pueblo que conserva su autenticidad. Goza de paseos por la playa, descubre los secretos de la gastronom\u00eda local y vive el ambiente acogedor que define esta localidad.<\/p>\n<h1>Apartamentos de Obra Nueva:<\/h1>\n<p>Nuestros apartamentos de obra nueva en<strong> Vilassar de Mar<\/strong> representan la excelencia en arquitectura y dise\u00f1o contempor\u00e1neo. Desde ventanales panor\u00e1micos que cautivan la luz mediterr\u00e1nea hasta acabados de alta calidad, estas propiedades est\u00e1n dise\u00f1adas para ofrecer estilo de vida y comodidades modernas. Con espacios abiertos, terrazas con vistas y una est\u00e9tica moderna, nuestras propuestas redefine el significado de la vida urbana.<\/p>\n<h1>Ubicaci\u00f3n Privilegiada:<\/h1>\n<p>Cada rinc\u00f3n de <strong>Vilassar de Mar<\/strong> tiene su propia historia y caracter\u00edsticas \u00fanicas. Ya sea cerca del casco antiguo, donde se respira historia, o cerca de la playa, donde las olas del mar se convierten en la banda sonora de tu nuevo hogar, nuestros apartamentos est\u00e1n estrat\u00e9gicamente ubicados para ofrecerte la experiencia que deseas.<\/p>\n<h1>Por qu\u00e9 Comprar un Apartamento de Obra Nueva en Vilassar de Mar con Corredor Mat\u00f3:<\/h1>\n<p>La compra de un apartamento de obra nueva es una inversi\u00f3n que trasciende el simple hecho de tener una propiedad. Con <strong>Corredor Mat\u00f3<\/strong>, no s\u00f3lo obtiene una vivienda, sino que disfrutas de un soporte experto, orientaci\u00f3n personalizada y una comprensi\u00f3n profunda del mercado local. Estamos aqu\u00ed para transformar tu visi\u00f3n de un nuevo hogar en realidad.<\/p>\n<h1>Vive la Experiencia Vilassar de Mar:<\/h1>\n<p>Descubre los apartamentos de obra nueva en <strong>Vilassar de Mar<\/strong> con <strong>Corredor Mat\u00f3<\/strong> y deja que te acompa\u00f1emos en esta excitante jornada. Con nosotros no s\u00f3lo encontrar\u00e1s un nuevo hogar, sino tambi\u00e9n una nueva vida que te invita a explorar y experimentar el encanto de la Costa de Barcelona desde la comodidad de tu propia ventana.<\/p>\n\t\t\t\t\t\t\t\t<\/div>\n\t\t\t\t<\/div>\n\t\t\t\t\t<\/div>\n\t\t<\/div>\n\t\t\t\t\t<\/div>\n\t\t<\/section>\n\t\t\t\t<section class=\"elementor-section elementor-top-section elementor-element elementor-element-5db759e elementor-section-boxed elementor-section-height-default elementor-section-height-default\" data-id=\"5db759e\" data-element_type=\"section\" data-e-type=\"section\">\n\t\t\t\t\t\t<div class=\"elementor-container elementor-column-gap-default\">\n\t\t\t\t\t<div class=\"elementor-column elementor-col-100 elementor-top-column elementor-element elementor-element-05c6eeb\" data-id=\"05c6eeb\" data-element_type=\"column\" data-e-type=\"column\">\n\t\t\t<div class=\"elementor-widget-wrap elementor-element-populated\">\n\t\t\t\t\t\t<div class=\"elementor-element elementor-element-f814c74 elementor-widget elementor-widget-shortcode\" data-id=\"f814c74\" data-element_type=\"widget\" data-e-type=\"widget\" data-widget_type=\"shortcode.default\">\n\t\t\t\t<div class=\"elementor-widget-container\">\n\t\t\t\t\t\t\t<div class=\"elementor-shortcode\"><style>.wp-show-posts-columns#wpsp-13340 {margin-left: -2em; }.wp-show-posts-columns#wpsp-13340 .wp-show-posts-inner {margin: 0 0 2em 2em; }<\/style><section id=\"wpsp-13340\" class=\" wp-show-posts-columns wp-show-posts\" style=\"\"><article class=\" wp-show-posts-single post-14040 page type-page status-publish has-post-thumbnail hentry wpsp-col-3\" itemtype=\"http:\/\/schema.org\/CreativeWork\" itemscope><div class=\"wp-show-posts-inner\" style=\"\">\t\t\t\t\t\t<header class=\"wp-show-posts-entry-header\">\n\t\t\t\t\t\t\t<h3 class=\"wp-show-posts-entry-title\" itemprop=\"headline\"><a href=\"https:\/\/www.corredormato.com\/es\/obra-nueva\/vilassar-de-mar\/\" rel=\"bookmark\">Obra nueva en Vilassar de Mar<\/a><\/h3>\t\t\t\t\t\t<\/header><!-- .entry-header -->\n\t\t\t\t\t\t\t<div class=\"wp-show-posts-image  wpsp-image-center \">\n\t\t\t<a href=\"https:\/\/www.corredormato.com\/es\/obra-nueva\/vilassar-de-mar\/\"  title=\"Obra nueva en Vilassar de Mar\"><img fetchpriority=\"high\" decoding=\"async\" width=\"1280\" height=\"887\" src=\"https:\/\/www.corredormato.com\/wp-content\/uploads\/2024\/02\/FOTOS-IMATGES-PREVIEW-25.jpg\" class=\"attachment-full size-full wp-post-image\" alt=\"\" itemprop=\"image\" srcset=\"https:\/\/www.corredormato.com\/wp-content\/uploads\/2024\/02\/FOTOS-IMATGES-PREVIEW-25.jpg 1280w, https:\/\/www.corredormato.com\/wp-content\/uploads\/2024\/02\/FOTOS-IMATGES-PREVIEW-25-300x208.jpg 300w, https:\/\/www.corredormato.com\/wp-content\/uploads\/2024\/02\/FOTOS-IMATGES-PREVIEW-25-1024x710.jpg 1024w, https:\/\/www.corredormato.com\/wp-content\/uploads\/2024\/02\/FOTOS-IMATGES-PREVIEW-25-768x532.jpg 768w\" sizes=\"(max-width: 1280px) 100vw, 1280px\" \/><\/a>\t\t<\/div>\n\t\t<\/div><!-- wp-show-posts-inner --><\/article><article class=\" wp-show-posts-single post-14020 page type-page status-publish has-post-thumbnail hentry wpsp-col-3\" itemtype=\"http:\/\/schema.org\/CreativeWork\" itemscope><div class=\"wp-show-posts-inner\" style=\"\">\t\t\t\t\t\t<header class=\"wp-show-posts-entry-header\">\n\t\t\t\t\t\t\t<h3 class=\"wp-show-posts-entry-title\" itemprop=\"headline\"><a href=\"https:\/\/www.corredormato.com\/es\/obra-nueva\/tamariu\/\" rel=\"bookmark\">Obra nueva en Tamariu<\/a><\/h3>\t\t\t\t\t\t<\/header><!-- .entry-header -->\n\t\t\t\t\t\t\t<div class=\"wp-show-posts-image  wpsp-image-center \">\n\t\t\t<a href=\"https:\/\/www.corredormato.com\/es\/obra-nueva\/tamariu\/\"  title=\"Obra nueva en Tamariu\"><img decoding=\"async\" width=\"1280\" height=\"887\" src=\"https:\/\/www.corredormato.com\/wp-content\/uploads\/2024\/02\/FOTOS-IMATGES-PREVIEW-24.jpg\" class=\"attachment-full size-full wp-post-image\" alt=\"\" itemprop=\"image\" srcset=\"https:\/\/www.corredormato.com\/wp-content\/uploads\/2024\/02\/FOTOS-IMATGES-PREVIEW-24.jpg 1280w, https:\/\/www.corredormato.com\/wp-content\/uploads\/2024\/02\/FOTOS-IMATGES-PREVIEW-24-300x208.jpg 300w, https:\/\/www.corredormato.com\/wp-content\/uploads\/2024\/02\/FOTOS-IMATGES-PREVIEW-24-1024x710.jpg 1024w, https:\/\/www.corredormato.com\/wp-content\/uploads\/2024\/02\/FOTOS-IMATGES-PREVIEW-24-768x532.jpg 768w\" sizes=\"(max-width: 1280px) 100vw, 1280px\" \/><\/a>\t\t<\/div>\n\t\t<\/div><!-- wp-show-posts-inner --><\/article><article class=\" wp-show-posts-single post-14005 page type-page status-publish has-post-thumbnail hentry wpsp-col-3\" itemtype=\"http:\/\/schema.org\/CreativeWork\" itemscope><div class=\"wp-show-posts-inner\" style=\"\">\t\t\t\t\t\t<header class=\"wp-show-posts-entry-header\">\n\t\t\t\t\t\t\t<h3 class=\"wp-show-posts-entry-title\" itemprop=\"headline\"><a href=\"https:\/\/www.corredormato.com\/es\/obra-nueva\/begur\/\" rel=\"bookmark\">Obra nueva en Begur<\/a><\/h3>\t\t\t\t\t\t<\/header><!-- .entry-header -->\n\t\t\t\t\t\t\t<div class=\"wp-show-posts-image  wpsp-image-center \">\n\t\t\t<a href=\"https:\/\/www.corredormato.com\/es\/obra-nueva\/begur\/\"  title=\"Obra nueva en Begur\"><img decoding=\"async\" width=\"1280\" height=\"887\" src=\"https:\/\/www.corredormato.com\/wp-content\/uploads\/2024\/02\/FOTOS-IMATGES-PREVIEW-23.jpg\" class=\"attachment-full size-full wp-post-image\" alt=\"\" itemprop=\"image\" srcset=\"https:\/\/www.corredormato.com\/wp-content\/uploads\/2024\/02\/FOTOS-IMATGES-PREVIEW-23.jpg 1280w, https:\/\/www.corredormato.com\/wp-content\/uploads\/2024\/02\/FOTOS-IMATGES-PREVIEW-23-300x208.jpg 300w, https:\/\/www.corredormato.com\/wp-content\/uploads\/2024\/02\/FOTOS-IMATGES-PREVIEW-23-1024x710.jpg 1024w, https:\/\/www.corredormato.com\/wp-content\/uploads\/2024\/02\/FOTOS-IMATGES-PREVIEW-23-768x532.jpg 768w\" sizes=\"(max-width: 1280px) 100vw, 1280px\" \/><\/a>\t\t<\/div>\n\t\t<\/div><!-- wp-show-posts-inner --><\/article><div class=\"wpsp-clear\"><\/div><\/section><!-- .wp-show-posts --><\/div>\n\t\t\t\t\t\t<\/div>\n\t\t\t\t<\/div>\n\t\t\t\t\t<\/div>\n\t\t<\/div>\n\t\t\t\t\t<\/div>\n\t\t<\/section>\n\t\t\t\t<\/div>\n\t\t","protected":false},"excerpt":{"rendered":"<p>Bienvenido al exquisito mundo de los apartamentos de obra nueva en Vilassar de Mar, donde la tradici\u00f3n se combina con la modernidad, ofreci\u00e9ndote la oportunidad de vivir en uno de los enclaves m\u00e1s encantadores de la Costa de Barcelona. Con Corredor Mat\u00f3, te acompa\u00f1amos a explorar esta comunidad \u00fanica ya descubrir por qu\u00e9 invertir en [&hellip;]<\/p>\n","protected":false},"author":4,"featured_media":14035,"parent":6464,"menu_order":0,"comment_status":"closed","ping_status":"closed","template":"","meta":{"footnotes":""},"class_list":["post-14040","page","type-page","status-publish","has-post-thumbnail","hentry"],"yoast_head":"<!-- This site is optimized with the Yoast SEO plugin v27.4 - https:\/\/yoast.com\/product\/yoast-seo-wordpress\/ -->\n<title>Corredor Mat\u00f3 real Estate \u00b7 Obra nueva Vilassar de Mar<\/title>\n<meta name=\"description\" content=\"Corredor Mat\u00f3 le ofrece un amplio portfolio de inmuebles de obra nueva en Vilassar de Mar, le aconsejamos durante todo el proceso de compra.\" \/>\n<meta name=\"robots\" content=\"index, follow, max-snippet:-1, max-image-preview:large, max-video-preview:-1\" \/>\n<link rel=\"canonical\" href=\"https:\/\/www.corredormato.com\/es\/obra-nueva\/vilassar-de-mar\/\" \/>\n<meta property=\"og:locale\" content=\"es_ES\" \/>\n<meta property=\"og:type\" content=\"article\" \/>\n<meta property=\"og:title\" content=\"Corredor Mat\u00f3 real Estate \u00b7 Obra nueva Vilassar de Mar\" \/>\n<meta property=\"og:description\" content=\"Corredor Mat\u00f3 le ofrece un amplio portfolio de inmuebles de obra nueva en Vilassar de Mar, le aconsejamos durante todo el proceso de compra.\" \/>\n<meta property=\"og:url\" content=\"https:\/\/www.corredormato.com\/es\/obra-nueva\/vilassar-de-mar\/\" \/>\n<meta property=\"og:site_name\" content=\"Corredor Mat\u00f3 Real Estate &amp; Property Management\" \/>\n<meta property=\"article:modified_time\" content=\"2024-05-21T10:18:13+00:00\" \/>\n<meta property=\"og:image\" content=\"https:\/\/www.corredormato.com\/wp-content\/uploads\/2024\/02\/FOTOS-IMATGES-PREVIEW-25.jpg\" \/>\n\t<meta property=\"og:image:width\" content=\"1280\" \/>\n\t<meta property=\"og:image:height\" content=\"887\" \/>\n\t<meta property=\"og:image:type\" content=\"image\/jpeg\" \/>\n<meta name=\"twitter:card\" content=\"summary_large_image\" \/>\n<meta name=\"twitter:label1\" content=\"Tiempo de lectura\" \/>\n\t<meta name=\"twitter:data1\" content=\"1 minuto\" \/>\n<script type=\"application\/ld+json\" class=\"yoast-schema-graph\">{\"@context\":\"https:\\\/\\\/schema.org\",\"@graph\":[{\"@type\":\"WebPage\",\"@id\":\"https:\\\/\\\/www.corredormato.com\\\/es\\\/obra-nueva\\\/vilassar-de-mar\\\/\",\"url\":\"https:\\\/\\\/www.corredormato.com\\\/es\\\/obra-nueva\\\/vilassar-de-mar\\\/\",\"name\":\"Corredor Mat\u00f3 real Estate \u00b7 Obra nueva Vilassar de Mar\",\"isPartOf\":{\"@id\":\"https:\\\/\\\/www.corredormato.com\\\/es\\\/#website\"},\"primaryImageOfPage\":{\"@id\":\"https:\\\/\\\/www.corredormato.com\\\/es\\\/obra-nueva\\\/vilassar-de-mar\\\/#primaryimage\"},\"image\":{\"@id\":\"https:\\\/\\\/www.corredormato.com\\\/es\\\/obra-nueva\\\/vilassar-de-mar\\\/#primaryimage\"},\"thumbnailUrl\":\"https:\\\/\\\/www.corredormato.com\\\/wp-content\\\/uploads\\\/2024\\\/02\\\/FOTOS-IMATGES-PREVIEW-25.jpg\",\"datePublished\":\"2024-02-16T10:59:15+00:00\",\"dateModified\":\"2024-05-21T10:18:13+00:00\",\"description\":\"Corredor Mat\u00f3 le ofrece un amplio portfolio de inmuebles de obra nueva en Vilassar de Mar, le aconsejamos durante todo el proceso de compra.\",\"breadcrumb\":{\"@id\":\"https:\\\/\\\/www.corredormato.com\\\/es\\\/obra-nueva\\\/vilassar-de-mar\\\/#breadcrumb\"},\"inLanguage\":\"es\",\"potentialAction\":[{\"@type\":\"ReadAction\",\"target\":[\"https:\\\/\\\/www.corredormato.com\\\/es\\\/obra-nueva\\\/vilassar-de-mar\\\/\"]}]},{\"@type\":\"BreadcrumbList\",\"@id\":\"https:\\\/\\\/www.corredormato.com\\\/es\\\/obra-nueva\\\/vilassar-de-mar\\\/#breadcrumb\",\"itemListElement\":[{\"@type\":\"ListItem\",\"position\":1,\"name\":\"Home\",\"item\":\"https:\\\/\\\/www.corredormato.com\\\/es\\\/\"},{\"@type\":\"ListItem\",\"position\":2,\"name\":\"Obra nueva\",\"item\":\"https:\\\/\\\/www.corredormato.com\\\/es\\\/obra-nova\\\/\"},{\"@type\":\"ListItem\",\"position\":3,\"name\":\"Obra nueva en Vilassar de Mar\"}]},{\"@type\":\"WebSite\",\"@id\":\"https:\\\/\\\/www.corredormato.com\\\/es\\\/#website\",\"url\":\"https:\\\/\\\/www.corredormato.com\\\/es\\\/\",\"name\":\"Corredor Mat\u00f3 Real Estate &amp; Property Management\",\"description\":\"Real Estate &amp; Property Management\",\"publisher\":{\"@id\":\"https:\\\/\\\/www.corredormato.com\\\/es\\\/#organization\"},\"alternateName\":\"Corredor Mat\u00f3\",\"potentialAction\":[{\"@type\":\"SearchAction\",\"target\":{\"@type\":\"EntryPoint\",\"urlTemplate\":\"https:\\\/\\\/www.corredormato.com\\\/resultats-de-cerca-lloguer\\\/?search_text={search_term_string}\"},\"query-input\":{\"@type\":\"PropertyValueSpecification\",\"valueRequired\":true,\"valueName\":\"search_term_string\"}}],\"inLanguage\":\"es\"},{\"@type\":\"Organization\",\"@id\":\"https:\\\/\\\/www.corredormato.com\\\/es\\\/#organization\",\"name\":\"Corredor Mat\u00f3 | Real Estate & Property Management\",\"url\":\"https:\\\/\\\/www.corredormato.com\\\/es\\\/\",\"logo\":{\"@type\":\"ImageObject\",\"inLanguage\":\"es\",\"@id\":\"https:\\\/\\\/www.corredormato.com\\\/es\\\/#\\\/schema\\\/logo\\\/image\\\/\",\"url\":\"https:\\\/\\\/www.corredormato.com\\\/wp-content\\\/uploads\\\/2021\\\/04\\\/logo.png\",\"contentUrl\":\"https:\\\/\\\/www.corredormato.com\\\/wp-content\\\/uploads\\\/2021\\\/04\\\/logo.png\",\"width\":970,\"height\":225,\"caption\":\"Corredor Mat\u00f3 | Real Estate & Property Management\"},\"image\":{\"@id\":\"https:\\\/\\\/www.corredormato.com\\\/es\\\/#\\\/schema\\\/logo\\\/image\\\/\"}}]}<\/script>\n<!-- \/ Yoast SEO plugin. -->","yoast_head_json":{"title":"Corredor Mat\u00f3 real Estate \u00b7 Obra nueva Vilassar de Mar","description":"Corredor Mat\u00f3 le ofrece un amplio portfolio de inmuebles de obra nueva en Vilassar de Mar, le aconsejamos durante todo el proceso de compra.","robots":{"index":"index","follow":"follow","max-snippet":"max-snippet:-1","max-image-preview":"max-image-preview:large","max-video-preview":"max-video-preview:-1"},"canonical":"https:\/\/www.corredormato.com\/es\/obra-nueva\/vilassar-de-mar\/","og_locale":"es_ES","og_type":"article","og_title":"Corredor Mat\u00f3 real Estate \u00b7 Obra nueva Vilassar de Mar","og_description":"Corredor Mat\u00f3 le ofrece un amplio portfolio de inmuebles de obra nueva en Vilassar de Mar, le aconsejamos durante todo el proceso de compra.","og_url":"https:\/\/www.corredormato.com\/es\/obra-nueva\/vilassar-de-mar\/","og_site_name":"Corredor Mat\u00f3 Real Estate &amp; Property Management","article_modified_time":"2024-05-21T10:18:13+00:00","og_image":[{"width":1280,"height":887,"url":"https:\/\/www.corredormato.com\/wp-content\/uploads\/2024\/02\/FOTOS-IMATGES-PREVIEW-25.jpg","type":"image\/jpeg"}],"twitter_card":"summary_large_image","twitter_misc":{"Tiempo de lectura":"1 minuto"},"schema":{"@context":"https:\/\/schema.org","@graph":[{"@type":"WebPage","@id":"https:\/\/www.corredormato.com\/es\/obra-nueva\/vilassar-de-mar\/","url":"https:\/\/www.corredormato.com\/es\/obra-nueva\/vilassar-de-mar\/","name":"Corredor Mat\u00f3 real Estate \u00b7 Obra nueva Vilassar de Mar","isPartOf":{"@id":"https:\/\/www.corredormato.com\/es\/#website"},"primaryImageOfPage":{"@id":"https:\/\/www.corredormato.com\/es\/obra-nueva\/vilassar-de-mar\/#primaryimage"},"image":{"@id":"https:\/\/www.corredormato.com\/es\/obra-nueva\/vilassar-de-mar\/#primaryimage"},"thumbnailUrl":"https:\/\/www.corredormato.com\/wp-content\/uploads\/2024\/02\/FOTOS-IMATGES-PREVIEW-25.jpg","datePublished":"2024-02-16T10:59:15+00:00","dateModified":"2024-05-21T10:18:13+00:00","description":"Corredor Mat\u00f3 le ofrece un amplio portfolio de inmuebles de obra nueva en Vilassar de Mar, le aconsejamos durante todo el proceso de compra.","breadcrumb":{"@id":"https:\/\/www.corredormato.com\/es\/obra-nueva\/vilassar-de-mar\/#breadcrumb"},"inLanguage":"es","potentialAction":[{"@type":"ReadAction","target":["https:\/\/www.corredormato.com\/es\/obra-nueva\/vilassar-de-mar\/"]}]},{"@type":"BreadcrumbList","@id":"https:\/\/www.corredormato.com\/es\/obra-nueva\/vilassar-de-mar\/#breadcrumb","itemListElement":[{"@type":"ListItem","position":1,"name":"Home","item":"https:\/\/www.corredormato.com\/es\/"},{"@type":"ListItem","position":2,"name":"Obra nueva","item":"https:\/\/www.corredormato.com\/es\/obra-nova\/"},{"@type":"ListItem","position":3,"name":"Obra nueva en Vilassar de Mar"}]},{"@type":"WebSite","@id":"https:\/\/www.corredormato.com\/es\/#website","url":"https:\/\/www.corredormato.com\/es\/","name":"Corredor Mat\u00f3 Real Estate &amp; Property Management","description":"Real Estate &amp; Property Management","publisher":{"@id":"https:\/\/www.corredormato.com\/es\/#organization"},"alternateName":"Corredor Mat\u00f3","potentialAction":[{"@type":"SearchAction","target":{"@type":"EntryPoint","urlTemplate":"https:\/\/www.corredormato.com\/resultats-de-cerca-lloguer\/?search_text={search_term_string}"},"query-input":{"@type":"PropertyValueSpecification","valueRequired":true,"valueName":"search_term_string"}}],"inLanguage":"es"},{"@type":"Organization","@id":"https:\/\/www.corredormato.com\/es\/#organization","name":"Corredor Mat\u00f3 | Real Estate & Property Management","url":"https:\/\/www.corredormato.com\/es\/","logo":{"@type":"ImageObject","inLanguage":"es","@id":"https:\/\/www.corredormato.com\/es\/#\/schema\/logo\/image\/","url":"https:\/\/www.corredormato.com\/wp-content\/uploads\/2021\/04\/logo.png","contentUrl":"https:\/\/www.corredormato.com\/wp-content\/uploads\/2021\/04\/logo.png","width":970,"height":225,"caption":"Corredor Mat\u00f3 | Real Estate & Property Management"},"image":{"@id":"https:\/\/www.corredormato.com\/es\/#\/schema\/logo\/image\/"}}]}},"_links":{"self":[{"href":"https:\/\/www.corredormato.com\/es\/wp-json\/wp\/v2\/pages\/14040","targetHints":{"allow":["GET"]}}],"collection":[{"href":"https:\/\/www.corredormato.com\/es\/wp-json\/wp\/v2\/pages"}],"about":[{"href":"https:\/\/www.corredormato.com\/es\/wp-json\/wp\/v2\/types\/page"}],"author":[{"embeddable":true,"href":"https:\/\/www.corredormato.com\/es\/wp-json\/wp\/v2\/users\/4"}],"replies":[{"embeddable":true,"href":"https:\/\/www.corredormato.com\/es\/wp-json\/wp\/v2\/comments?post=14040"}],"version-history":[{"count":1,"href":"https:\/\/www.corredormato.com\/es\/wp-json\/wp\/v2\/pages\/14040\/revisions"}],"predecessor-version":[{"id":14041,"href":"https:\/\/www.corredormato.com\/es\/wp-json\/wp\/v2\/pages\/14040\/revisions\/14041"}],"up":[{"embeddable":true,"href":"https:\/\/www.corredormato.com\/es\/wp-json\/wp\/v2\/pages\/6464"}],"wp:featuredmedia":[{"embeddable":true,"href":"https:\/\/www.corredormato.com\/es\/wp-json\/wp\/v2\/media\/14035"}],"wp:attachment":[{"href":"https:\/\/www.corredormato.com\/es\/wp-json\/wp\/v2\/media?parent=14040"}],"curies":[{"name":"wp","href":"https:\/\/api.w.org\/{rel}","templated":true}]}}