{"id":14869,"date":"2024-02-27T14:02:12","date_gmt":"2024-02-27T12:02:12","guid":{"rendered":"https:\/\/www.corredormato.com\/venta-costa-brava\/maia-de-montcal\/terrenos\/"},"modified":"2024-02-28T11:04:12","modified_gmt":"2024-02-28T09:04:12","slug":"terrenos","status":"publish","type":"page","link":"https:\/\/www.corredormato.com\/es\/venta-costa-brava\/maia-de-montcal\/terrenos\/","title":{"rendered":"Terrenos en venta en Mai\u00e0 de Montcal"},"content":{"rendered":"\t\t<div data-elementor-type=\"wp-page\" data-elementor-id=\"14869\" class=\"elementor elementor-14869 elementor-8854\" data-elementor-post-type=\"page\">\n\t\t\t\t\t\t<section class=\"elementor-section elementor-top-section elementor-element elementor-element-b87724e elementor-section-full_width elementor-section-height-default elementor-section-height-default\" data-id=\"b87724e\" data-element_type=\"section\" data-e-type=\"section\">\n\t\t\t\t\t\t<div class=\"elementor-container elementor-column-gap-default\">\n\t\t\t\t\t<div class=\"elementor-column elementor-col-100 elementor-top-column elementor-element elementor-element-18c1ab8\" data-id=\"18c1ab8\" data-element_type=\"column\" data-e-type=\"column\">\n\t\t\t<div class=\"elementor-widget-wrap elementor-element-populated\">\n\t\t\t\t\t\t<div class=\"elementor-element elementor-element-1b15657 listado-general elementor-widget elementor-widget-shortcode\" data-id=\"1b15657\" data-element_type=\"widget\" data-e-type=\"widget\" id=\"listado-general-venta\" data-widget_type=\"shortcode.default\">\n\t\t\t\t<div class=\"elementor-widget-container\">\n\t\t\t\t\t\t\t<div class=\"elementor-shortcode\">  <div class=\"n2r__list n2r__list--empty\">\n    <h3>No se han encontrado resultados en la b\u00fasqueda, por favor contacta con nosotros para poder ayudarte.<\/h3>\n  <\/div>\n<\/div>\n\t\t\t\t\t\t<\/div>\n\t\t\t\t<\/div>\n\t\t\t\t\t<\/div>\n\t\t<\/div>\n\t\t\t\t\t<\/div>\n\t\t<\/section>\n\t\t\t\t<section class=\"elementor-section elementor-top-section elementor-element elementor-element-dfac83a elementor-section-boxed elementor-section-height-default elementor-section-height-default\" data-id=\"dfac83a\" data-element_type=\"section\" data-e-type=\"section\" data-settings=\"{&quot;background_background&quot;:&quot;classic&quot;}\">\n\t\t\t\t\t\t<div class=\"elementor-container elementor-column-gap-default\">\n\t\t\t\t\t<div class=\"elementor-column elementor-col-100 elementor-top-column elementor-element elementor-element-1aad003\" data-id=\"1aad003\" data-element_type=\"column\" data-e-type=\"column\">\n\t\t\t<div class=\"elementor-widget-wrap elementor-element-populated\">\n\t\t\t\t\t\t<div class=\"elementor-element elementor-element-371c77e elementor-widget__width-inherit elementor-widget elementor-widget-text-editor\" data-id=\"371c77e\" data-element_type=\"widget\" data-e-type=\"widget\" data-widget_type=\"text-editor.default\">\n\t\t\t\t<div class=\"elementor-widget-container\">\n\t\t\t\t\t\t\t\t\t<h2>El Futuro que esperas en Mai\u00e0 de Montcal: Terrenos que Inspiran Vida<\/h2>\n<p>En el coraz\u00f3n de <strong>Girona<\/strong>, donde los r\u00edos <strong>Fluvi\u00e0<\/strong> y <strong>Llierca<\/strong> susurran antiguas historias, <strong>Mai\u00e0 de Montcal<\/strong> les espera. A un paso de la encantadora <strong>Besal\u00fa<\/strong> y la energ\u00e9tica <strong>Banyoles<\/strong>, descubre la oportunidad de crear algo inolvidable: tu espacio, tu casa, futuro.<\/p>\n<p>En <strong>Corredor Mat\u00f3<\/strong>, no vendemos terrenos; ofrecemos sue\u00f1os en forma de paisajes reales. Imagina un sitio que, m\u00e1s que propiedad, se convierte en parte de la familia, de los recuerdos, de los planes. Esto es <strong>Mai\u00e0 de Montcal<\/strong>: un inicio, una aventura, una promesa.<\/p>\n<p>Cont\u00e1ctanos. Deja que <strong>Mai\u00e0 de Montcal<\/strong> te muestre el camino a una ma\u00f1ana que s\u00f3lo t\u00fa puedes pintar. Porque aqu\u00ed, cada parcela es el comienzo de algo extraordinario.<\/p>\n\t\t\t\t\t\t\t\t<\/div>\n\t\t\t\t<\/div>\n\t\t\t\t\t<\/div>\n\t\t<\/div>\n\t\t\t\t\t<\/div>\n\t\t<\/section>\n\t\t\t\t<\/div>\n\t\t","protected":false},"excerpt":{"rendered":"<p>El Futuro que esperas en Mai\u00e0 de Montcal: Terrenos que Inspiran Vida En el coraz\u00f3n de Girona, donde los r\u00edos Fluvi\u00e0 y Llierca susurran antiguas historias, Mai\u00e0 de Montcal les espera. A un paso de la encantadora Besal\u00fa y la energ\u00e9tica Banyoles, descubre la oportunidad de crear algo inolvidable: tu espacio, tu casa, futuro. En [&hellip;]<\/p>\n","protected":false},"author":4,"featured_media":10813,"parent":8958,"menu_order":0,"comment_status":"closed","ping_status":"closed","template":"","meta":{"footnotes":""},"class_list":["post-14869","page","type-page","status-publish","has-post-thumbnail","hentry"],"yoast_head":"<!-- This site is optimized with the Yoast SEO plugin v27.4 - https:\/\/yoast.com\/product\/yoast-seo-wordpress\/ -->\n<title>Corredor Mat\u00f3 Real Estate \u00b7 Terrenos en venta en Mai\u00e0 de Montcal<\/title>\n<meta name=\"description\" content=\"Descubre los mejores terrenos a la venta en Mai\u00e0 de Montcal, Corredor Mat\u00f3 te ayudar\u00e1 a hacer realidad tu proyecto.\" \/>\n<meta name=\"robots\" content=\"index, follow, max-snippet:-1, max-image-preview:large, max-video-preview:-1\" \/>\n<link rel=\"canonical\" href=\"https:\/\/www.corredormato.com\/es\/venta-costa-brava\/maia-de-montcal\/terrenos\/\" \/>\n<meta property=\"og:locale\" content=\"es_ES\" \/>\n<meta property=\"og:type\" content=\"article\" \/>\n<meta property=\"og:title\" content=\"Corredor Mat\u00f3 Real Estate \u00b7 Terrenos en venta en Mai\u00e0 de Montcal\" \/>\n<meta property=\"og:description\" content=\"Descubre los mejores terrenos a la venta en Mai\u00e0 de Montcal, Corredor Mat\u00f3 te ayudar\u00e1 a hacer realidad tu proyecto.\" \/>\n<meta property=\"og:url\" content=\"https:\/\/www.corredormato.com\/es\/venta-costa-brava\/maia-de-montcal\/terrenos\/\" \/>\n<meta property=\"og:site_name\" content=\"Corredor Mat\u00f3 Real Estate &amp; Property Management\" \/>\n<meta property=\"article:modified_time\" content=\"2024-02-28T09:04:12+00:00\" \/>\n<meta property=\"og:image\" content=\"https:\/\/www.corredormato.com\/wp-content\/uploads\/2023\/11\/FOTOS-IMATGES-PREVIEW-6.png\" \/>\n\t<meta property=\"og:image:width\" content=\"1280\" \/>\n\t<meta property=\"og:image:height\" content=\"887\" \/>\n\t<meta property=\"og:image:type\" content=\"image\/png\" \/>\n<meta name=\"twitter:card\" content=\"summary_large_image\" \/>\n<meta name=\"twitter:label1\" content=\"Tiempo de lectura\" \/>\n\t<meta name=\"twitter:data1\" content=\"1 minuto\" \/>\n<script type=\"application\/ld+json\" class=\"yoast-schema-graph\">{\"@context\":\"https:\\\/\\\/schema.org\",\"@graph\":[{\"@type\":\"WebPage\",\"@id\":\"https:\\\/\\\/www.corredormato.com\\\/es\\\/venta-costa-brava\\\/maia-de-montcal\\\/terrenos\\\/\",\"url\":\"https:\\\/\\\/www.corredormato.com\\\/es\\\/venta-costa-brava\\\/maia-de-montcal\\\/terrenos\\\/\",\"name\":\"Corredor Mat\u00f3 Real Estate \u00b7 Terrenos en venta en Mai\u00e0 de Montcal\",\"isPartOf\":{\"@id\":\"https:\\\/\\\/www.corredormato.com\\\/es\\\/#website\"},\"primaryImageOfPage\":{\"@id\":\"https:\\\/\\\/www.corredormato.com\\\/es\\\/venta-costa-brava\\\/maia-de-montcal\\\/terrenos\\\/#primaryimage\"},\"image\":{\"@id\":\"https:\\\/\\\/www.corredormato.com\\\/es\\\/venta-costa-brava\\\/maia-de-montcal\\\/terrenos\\\/#primaryimage\"},\"thumbnailUrl\":\"https:\\\/\\\/www.corredormato.com\\\/wp-content\\\/uploads\\\/2023\\\/11\\\/FOTOS-IMATGES-PREVIEW-6.png\",\"datePublished\":\"2024-02-27T12:02:12+00:00\",\"dateModified\":\"2024-02-28T09:04:12+00:00\",\"description\":\"Descubre los mejores terrenos a la venta en Mai\u00e0 de Montcal, Corredor Mat\u00f3 te ayudar\u00e1 a hacer realidad tu proyecto.\",\"breadcrumb\":{\"@id\":\"https:\\\/\\\/www.corredormato.com\\\/es\\\/venta-costa-brava\\\/maia-de-montcal\\\/terrenos\\\/#breadcrumb\"},\"inLanguage\":\"es\",\"potentialAction\":[{\"@type\":\"ReadAction\",\"target\":[\"https:\\\/\\\/www.corredormato.com\\\/es\\\/venta-costa-brava\\\/maia-de-montcal\\\/terrenos\\\/\"]}]},{\"@type\":\"BreadcrumbList\",\"@id\":\"https:\\\/\\\/www.corredormato.com\\\/es\\\/venta-costa-brava\\\/maia-de-montcal\\\/terrenos\\\/#breadcrumb\",\"itemListElement\":[{\"@type\":\"ListItem\",\"position\":1,\"name\":\"Home\",\"item\":\"https:\\\/\\\/www.corredormato.com\\\/es\\\/\"},{\"@type\":\"ListItem\",\"position\":2,\"name\":\"Venta Costa Brava\",\"item\":\"https:\\\/\\\/www.corredormato.com\\\/es\\\/venda-costa-brava\\\/\"},{\"@type\":\"ListItem\",\"position\":3,\"name\":\"Propiedades en venta en Mai\u00e0 de Montcal\",\"item\":\"https:\\\/\\\/www.corredormato.com\\\/es\\\/venda-costa-brava\\\/maia-de-montcal\\\/\"},{\"@type\":\"ListItem\",\"position\":4,\"name\":\"Terrenos en venta en Mai\u00e0 de Montcal\"}]},{\"@type\":\"WebSite\",\"@id\":\"https:\\\/\\\/www.corredormato.com\\\/es\\\/#website\",\"url\":\"https:\\\/\\\/www.corredormato.com\\\/es\\\/\",\"name\":\"Corredor Mat\u00f3 Real Estate &amp; Property Management\",\"description\":\"Real Estate &amp; Property Management\",\"publisher\":{\"@id\":\"https:\\\/\\\/www.corredormato.com\\\/es\\\/#organization\"},\"alternateName\":\"Corredor Mat\u00f3\",\"potentialAction\":[{\"@type\":\"SearchAction\",\"target\":{\"@type\":\"EntryPoint\",\"urlTemplate\":\"https:\\\/\\\/www.corredormato.com\\\/resultats-de-cerca-lloguer\\\/?search_text={search_term_string}\"},\"query-input\":{\"@type\":\"PropertyValueSpecification\",\"valueRequired\":true,\"valueName\":\"search_term_string\"}}],\"inLanguage\":\"es\"},{\"@type\":\"Organization\",\"@id\":\"https:\\\/\\\/www.corredormato.com\\\/es\\\/#organization\",\"name\":\"Corredor Mat\u00f3 | Real Estate & Property Management\",\"url\":\"https:\\\/\\\/www.corredormato.com\\\/es\\\/\",\"logo\":{\"@type\":\"ImageObject\",\"inLanguage\":\"es\",\"@id\":\"https:\\\/\\\/www.corredormato.com\\\/es\\\/#\\\/schema\\\/logo\\\/image\\\/\",\"url\":\"https:\\\/\\\/www.corredormato.com\\\/wp-content\\\/uploads\\\/2021\\\/04\\\/logo.png\",\"contentUrl\":\"https:\\\/\\\/www.corredormato.com\\\/wp-content\\\/uploads\\\/2021\\\/04\\\/logo.png\",\"width\":970,\"height\":225,\"caption\":\"Corredor Mat\u00f3 | Real Estate & Property Management\"},\"image\":{\"@id\":\"https:\\\/\\\/www.corredormato.com\\\/es\\\/#\\\/schema\\\/logo\\\/image\\\/\"}}]}<\/script>\n<!-- \/ Yoast SEO plugin. -->","yoast_head_json":{"title":"Corredor Mat\u00f3 Real Estate \u00b7 Terrenos en venta en Mai\u00e0 de Montcal","description":"Descubre los mejores terrenos a la venta en Mai\u00e0 de Montcal, Corredor Mat\u00f3 te ayudar\u00e1 a hacer realidad tu proyecto.","robots":{"index":"index","follow":"follow","max-snippet":"max-snippet:-1","max-image-preview":"max-image-preview:large","max-video-preview":"max-video-preview:-1"},"canonical":"https:\/\/www.corredormato.com\/es\/venta-costa-brava\/maia-de-montcal\/terrenos\/","og_locale":"es_ES","og_type":"article","og_title":"Corredor Mat\u00f3 Real Estate \u00b7 Terrenos en venta en Mai\u00e0 de Montcal","og_description":"Descubre los mejores terrenos a la venta en Mai\u00e0 de Montcal, Corredor Mat\u00f3 te ayudar\u00e1 a hacer realidad tu proyecto.","og_url":"https:\/\/www.corredormato.com\/es\/venta-costa-brava\/maia-de-montcal\/terrenos\/","og_site_name":"Corredor Mat\u00f3 Real Estate &amp; Property Management","article_modified_time":"2024-02-28T09:04:12+00:00","og_image":[{"width":1280,"height":887,"url":"https:\/\/www.corredormato.com\/wp-content\/uploads\/2023\/11\/FOTOS-IMATGES-PREVIEW-6.png","type":"image\/png"}],"twitter_card":"summary_large_image","twitter_misc":{"Tiempo de lectura":"1 minuto"},"schema":{"@context":"https:\/\/schema.org","@graph":[{"@type":"WebPage","@id":"https:\/\/www.corredormato.com\/es\/venta-costa-brava\/maia-de-montcal\/terrenos\/","url":"https:\/\/www.corredormato.com\/es\/venta-costa-brava\/maia-de-montcal\/terrenos\/","name":"Corredor Mat\u00f3 Real Estate \u00b7 Terrenos en venta en Mai\u00e0 de Montcal","isPartOf":{"@id":"https:\/\/www.corredormato.com\/es\/#website"},"primaryImageOfPage":{"@id":"https:\/\/www.corredormato.com\/es\/venta-costa-brava\/maia-de-montcal\/terrenos\/#primaryimage"},"image":{"@id":"https:\/\/www.corredormato.com\/es\/venta-costa-brava\/maia-de-montcal\/terrenos\/#primaryimage"},"thumbnailUrl":"https:\/\/www.corredormato.com\/wp-content\/uploads\/2023\/11\/FOTOS-IMATGES-PREVIEW-6.png","datePublished":"2024-02-27T12:02:12+00:00","dateModified":"2024-02-28T09:04:12+00:00","description":"Descubre los mejores terrenos a la venta en Mai\u00e0 de Montcal, Corredor Mat\u00f3 te ayudar\u00e1 a hacer realidad tu proyecto.","breadcrumb":{"@id":"https:\/\/www.corredormato.com\/es\/venta-costa-brava\/maia-de-montcal\/terrenos\/#breadcrumb"},"inLanguage":"es","potentialAction":[{"@type":"ReadAction","target":["https:\/\/www.corredormato.com\/es\/venta-costa-brava\/maia-de-montcal\/terrenos\/"]}]},{"@type":"BreadcrumbList","@id":"https:\/\/www.corredormato.com\/es\/venta-costa-brava\/maia-de-montcal\/terrenos\/#breadcrumb","itemListElement":[{"@type":"ListItem","position":1,"name":"Home","item":"https:\/\/www.corredormato.com\/es\/"},{"@type":"ListItem","position":2,"name":"Venta Costa Brava","item":"https:\/\/www.corredormato.com\/es\/venda-costa-brava\/"},{"@type":"ListItem","position":3,"name":"Propiedades en venta en Mai\u00e0 de Montcal","item":"https:\/\/www.corredormato.com\/es\/venda-costa-brava\/maia-de-montcal\/"},{"@type":"ListItem","position":4,"name":"Terrenos en venta en Mai\u00e0 de Montcal"}]},{"@type":"WebSite","@id":"https:\/\/www.corredormato.com\/es\/#website","url":"https:\/\/www.corredormato.com\/es\/","name":"Corredor Mat\u00f3 Real Estate &amp; Property Management","description":"Real Estate &amp; Property Management","publisher":{"@id":"https:\/\/www.corredormato.com\/es\/#organization"},"alternateName":"Corredor Mat\u00f3","potentialAction":[{"@type":"SearchAction","target":{"@type":"EntryPoint","urlTemplate":"https:\/\/www.corredormato.com\/resultats-de-cerca-lloguer\/?search_text={search_term_string}"},"query-input":{"@type":"PropertyValueSpecification","valueRequired":true,"valueName":"search_term_string"}}],"inLanguage":"es"},{"@type":"Organization","@id":"https:\/\/www.corredormato.com\/es\/#organization","name":"Corredor Mat\u00f3 | Real Estate & Property Management","url":"https:\/\/www.corredormato.com\/es\/","logo":{"@type":"ImageObject","inLanguage":"es","@id":"https:\/\/www.corredormato.com\/es\/#\/schema\/logo\/image\/","url":"https:\/\/www.corredormato.com\/wp-content\/uploads\/2021\/04\/logo.png","contentUrl":"https:\/\/www.corredormato.com\/wp-content\/uploads\/2021\/04\/logo.png","width":970,"height":225,"caption":"Corredor Mat\u00f3 | Real Estate & Property Management"},"image":{"@id":"https:\/\/www.corredormato.com\/es\/#\/schema\/logo\/image\/"}}]}},"_links":{"self":[{"href":"https:\/\/www.corredormato.com\/es\/wp-json\/wp\/v2\/pages\/14869","targetHints":{"allow":["GET"]}}],"collection":[{"href":"https:\/\/www.corredormato.com\/es\/wp-json\/wp\/v2\/pages"}],"about":[{"href":"https:\/\/www.corredormato.com\/es\/wp-json\/wp\/v2\/types\/page"}],"author":[{"embeddable":true,"href":"https:\/\/www.corredormato.com\/es\/wp-json\/wp\/v2\/users\/4"}],"replies":[{"embeddable":true,"href":"https:\/\/www.corredormato.com\/es\/wp-json\/wp\/v2\/comments?post=14869"}],"version-history":[{"count":1,"href":"https:\/\/www.corredormato.com\/es\/wp-json\/wp\/v2\/pages\/14869\/revisions"}],"predecessor-version":[{"id":14870,"href":"https:\/\/www.corredormato.com\/es\/wp-json\/wp\/v2\/pages\/14869\/revisions\/14870"}],"up":[{"embeddable":true,"href":"https:\/\/www.corredormato.com\/es\/wp-json\/wp\/v2\/pages\/8958"}],"wp:featuredmedia":[{"embeddable":true,"href":"https:\/\/www.corredormato.com\/es\/wp-json\/wp\/v2\/media\/10813"}],"wp:attachment":[{"href":"https:\/\/www.corredormato.com\/es\/wp-json\/wp\/v2\/media?parent=14869"}],"curies":[{"name":"wp","href":"https:\/\/api.w.org\/{rel}","templated":true}]}}