{"id":8368,"date":"2023-10-02T11:56:40","date_gmt":"2023-10-02T09:56:40","guid":{"rendered":"http:\/\/52.30.243.130\/vistas-al-mar\/"},"modified":"2024-02-15T12:39:48","modified_gmt":"2024-02-15T10:39:48","slug":"vistas-al-mar","status":"publish","type":"page","link":"https:\/\/www.corredormato.com\/es\/venta-costa-brava\/pisos\/vistas-al-mar\/","title":{"rendered":"Pisos en venta en la Costa Brava con vistas al mar"},"content":{"rendered":"\t\t<div data-elementor-type=\"wp-page\" data-elementor-id=\"8368\" class=\"elementor elementor-8368 elementor-8156\" data-elementor-post-type=\"page\">\n\t\t\t\t\t\t<section class=\"elementor-section elementor-top-section elementor-element elementor-element-7841cdd elementor-section-full_width elementor-section-height-default elementor-section-height-default\" data-id=\"7841cdd\" data-element_type=\"section\" data-e-type=\"section\">\n\t\t\t\t\t\t<div class=\"elementor-container elementor-column-gap-default\">\n\t\t\t\t\t<div class=\"elementor-column elementor-col-100 elementor-top-column elementor-element elementor-element-24476c4\" data-id=\"24476c4\" data-element_type=\"column\" data-e-type=\"column\">\n\t\t\t<div class=\"elementor-widget-wrap elementor-element-populated\">\n\t\t\t\t\t\t<div class=\"elementor-element elementor-element-e075837 listado-general elementor-widget elementor-widget-shortcode\" data-id=\"e075837\" data-element_type=\"widget\" data-e-type=\"widget\" id=\"listado-general-venta\" data-widget_type=\"shortcode.default\">\n\t\t\t\t<div class=\"elementor-widget-container\">\n\t\t\t\t\t\t\t<div class=\"elementor-shortcode\">  <div class=\"n2r__list n2r__list--empty\">\n    <h3>No se han encontrado resultados en la b\u00fasqueda, por favor contacta con nosotros para poder ayudarte.<\/h3>\n  <\/div>\n<\/div>\n\t\t\t\t\t\t<\/div>\n\t\t\t\t<\/div>\n\t\t\t\t\t<\/div>\n\t\t<\/div>\n\t\t\t\t\t<\/div>\n\t\t<\/section>\n\t\t\t\t<section class=\"elementor-section elementor-top-section elementor-element elementor-element-501f178 elementor-section-boxed elementor-section-height-default elementor-section-height-default\" data-id=\"501f178\" data-element_type=\"section\" data-e-type=\"section\" data-settings=\"{&quot;background_background&quot;:&quot;classic&quot;}\">\n\t\t\t\t\t\t<div class=\"elementor-container elementor-column-gap-default\">\n\t\t\t\t\t<div class=\"elementor-column elementor-col-100 elementor-top-column elementor-element elementor-element-5a49763\" data-id=\"5a49763\" data-element_type=\"column\" data-e-type=\"column\">\n\t\t\t<div class=\"elementor-widget-wrap elementor-element-populated\">\n\t\t\t\t\t\t<div class=\"elementor-element elementor-element-512984b elementor-widget elementor-widget-text-editor\" data-id=\"512984b\" data-element_type=\"widget\" data-e-type=\"widget\" data-widget_type=\"text-editor.default\">\n\t\t\t\t<div class=\"elementor-widget-container\">\n\t\t\t\t\t\t\t\t\t<p><span style=\"font-weight: 400;\">Explora una vida de ensue\u00f1o en la Costa Brava con nuestra exclusiva selecci\u00f3n de pisos en venta con vistas al mar. La Costa Brava, ubicada en la hermosa costa mediterr\u00e1nea de Catalu\u00f1a, Espa\u00f1a, es conocida por su espectacular paisaje marino y su encanto costero sin igual. Aqu\u00ed, la vida toma un matiz especial, y comprar un piso con vistas al mar es una oportunidad \u00fanica para sumergirse en este entorno natural y culturalmente enriquecedor.<\/span><\/p>\n<p><span style=\"font-weight: 400;\">Imagina despertar cada ma\u00f1ana con los rayos del sol filtr\u00e1ndose por las ventanas, iluminando una vista panor\u00e1mica del Mar Mediterr\u00e1neo. Desde tu terraza privada o balc\u00f3n, podr\u00e1s disfrutar de amaneceres y atardeceres que parecen sacados de una postal, mientras las olas rompen suavemente en la costa. Esta experiencia cotidiana se convierte en una realidad cuando eliges uno de nuestros pisos en venta en la Costa Brava con vistas al mar.<\/span><span style=\"font-weight: 400;\">\u00a0<\/span><\/p>\n<p><span style=\"font-weight: 400;\">Nuestra amplia variedad de propiedades incluye apartamentos modernos y luminosos, elegantes \u00e1ticos con terrazas privadas y villas costeras de lujo. Cada uno de estos pisos ha sido cuidadosamente seleccionado por su ubicaci\u00f3n privilegiada y sus impresionantes vistas al mar. Ya sea que busques un refugio para escapadas o una residencia permanente, encontrar\u00e1s una opci\u00f3n que se adapte a tus necesidades y estilo de vida.<\/span><span style=\"font-weight: 400;\">\u00a0<\/span><\/p>\n<p><span style=\"font-weight: 400;\">Adem\u00e1s de las vistas impresionantes, la ubicaci\u00f3n en la Costa Brava te brinda acceso a una variedad de playas de arena dorada y calas escondidas. La brisa marina y el sonido relajante de las olas se convertir\u00e1n en la banda sonora de tu vida cotidiana. Adem\u00e1s, la Costa Brava es conocida por su rica tradici\u00f3n culinaria, que podr\u00e1s disfrutar en los restaurantes locales.<\/span><\/p>\n<p><span style=\"font-weight: 400;\">Si est\u00e1s buscando una inversi\u00f3n inmobiliaria, la Costa Brava tambi\u00e9n ofrece oportunidades \u00fanicas. El atractivo tur\u00edstico de la regi\u00f3n la convierte en un destino popular, lo que significa que tu propiedad podr\u00eda generar ingresos adicionales a trav\u00e9s del alquiler vacacional.<\/span><span style=\"font-weight: 400;\">\u00a0<\/span><\/p>\n<p><span style=\"font-weight: 400;\">En resumen, los pisos en venta en la Costa Brava con vistas al mar son una oportunidad de oro para vivir una vida de belleza natural y tranquilidad junto al Mediterr\u00e1neo. No pierdas la oportunidad de convertir este sue\u00f1o en realidad. Cont\u00e1ctanos hoy mismo y d\u00e9janos ayudarte a encontrar el piso perfecto con vistas al mar en la Costa Brava, o bien si prefieres una casa con vistas al mar. Descubre nuestro portfolio en Tamariu, Calella de Palafrugell, Llafranc, Begur, Calonge, Palam\u00f3s, Platja d\u2019Aro, Sant Antoni de Calonge o Sant Feliu de Gu\u00edxols, entre otros.<\/span><\/p>\n\t\t\t\t\t\t\t\t<\/div>\n\t\t\t\t<\/div>\n\t\t\t\t<div class=\"elementor-element elementor-element-3392626 elementor-widget elementor-widget-shortcode\" data-id=\"3392626\" data-element_type=\"widget\" data-e-type=\"widget\" data-widget_type=\"shortcode.default\">\n\t\t\t\t<div class=\"elementor-widget-container\">\n\t\t\t\t\t\t\t<div class=\"elementor-shortcode\"><style>.wp-show-posts-columns#wpsp-8456 {margin-left: -2em; }.wp-show-posts-columns#wpsp-8456 .wp-show-posts-inner {margin: 0 0 2em 2em; }<\/style><section id=\"wpsp-8456\" class=\" wp-show-posts-columns wp-show-posts\" style=\"\"><article class=\" wp-show-posts-single post-8378 page type-page status-publish has-post-thumbnail hentry wpsp-col-6\" itemtype=\"http:\/\/schema.org\/CreativeWork\" itemscope><div class=\"wp-show-posts-inner\" style=\"\">\t\t\t\t\t\t<header class=\"wp-show-posts-entry-header\">\n\t\t\t\t\t\t\t<h3 class=\"wp-show-posts-entry-title\" itemprop=\"headline\"><a href=\"https:\/\/www.corredormato.com\/es\/venta-costa-brava\/pisos\/\" rel=\"bookmark\">Pisos en venta en la Costa Brava<\/a><\/h3>\t\t\t\t\t\t<\/header><!-- .entry-header -->\n\t\t\t\t\t\t\t<div class=\"wp-show-posts-image  wpsp-image-center \">\n\t\t\t<a href=\"https:\/\/www.corredormato.com\/es\/venta-costa-brava\/pisos\/\"  title=\"Pisos en venta en la Costa Brava\"><img fetchpriority=\"high\" decoding=\"async\" width=\"1280\" height=\"887\" src=\"https:\/\/www.corredormato.com\/wp-content\/uploads\/2023\/10\/apartment01.jpg\" class=\"attachment-full size-full wp-post-image\" alt=\"Pisos en venda a la Costa Brava\" itemprop=\"image\" srcset=\"https:\/\/www.corredormato.com\/wp-content\/uploads\/2023\/10\/apartment01.jpg 1280w, https:\/\/www.corredormato.com\/wp-content\/uploads\/2023\/10\/apartment01-300x208.jpg 300w, https:\/\/www.corredormato.com\/wp-content\/uploads\/2023\/10\/apartment01-1024x710.jpg 1024w, https:\/\/www.corredormato.com\/wp-content\/uploads\/2023\/10\/apartment01-768x532.jpg 768w\" sizes=\"(max-width: 1280px) 100vw, 1280px\" \/><\/a>\t\t<\/div>\n\t\t<\/div><!-- wp-show-posts-inner --><\/article><article class=\" wp-show-posts-single post-8368 page type-page status-publish has-post-thumbnail hentry wpsp-col-6\" itemtype=\"http:\/\/schema.org\/CreativeWork\" itemscope><div class=\"wp-show-posts-inner\" style=\"\">\t\t\t\t\t\t<header class=\"wp-show-posts-entry-header\">\n\t\t\t\t\t\t\t<h3 class=\"wp-show-posts-entry-title\" itemprop=\"headline\"><a href=\"https:\/\/www.corredormato.com\/es\/venta-costa-brava\/pisos\/vistas-al-mar\/\" rel=\"bookmark\">Pisos en venta en la Costa Brava con vistas al mar<\/a><\/h3>\t\t\t\t\t\t<\/header><!-- .entry-header -->\n\t\t\t\t\t\t\t<div class=\"wp-show-posts-image  wpsp-image-center \">\n\t\t\t<a href=\"https:\/\/www.corredormato.com\/es\/venta-costa-brava\/pisos\/vistas-al-mar\/\"  title=\"Pisos en venta en la Costa Brava con vistas al mar\"><img decoding=\"async\" width=\"1280\" height=\"887\" src=\"https:\/\/www.corredormato.com\/wp-content\/uploads\/2023\/10\/apartment02.jpg\" class=\"attachment-full size-full wp-post-image\" alt=\"Pisos en venda a la Costa Brava amb vistes al mar\" itemprop=\"image\" srcset=\"https:\/\/www.corredormato.com\/wp-content\/uploads\/2023\/10\/apartment02.jpg 1280w, https:\/\/www.corredormato.com\/wp-content\/uploads\/2023\/10\/apartment02-300x208.jpg 300w, https:\/\/www.corredormato.com\/wp-content\/uploads\/2023\/10\/apartment02-1024x710.jpg 1024w, https:\/\/www.corredormato.com\/wp-content\/uploads\/2023\/10\/apartment02-768x532.jpg 768w\" sizes=\"(max-width: 1280px) 100vw, 1280px\" \/><\/a>\t\t<\/div>\n\t\t<\/div><!-- wp-show-posts-inner --><\/article><div class=\"wpsp-clear\"><\/div><\/section><!-- .wp-show-posts --><\/div>\n\t\t\t\t\t\t<\/div>\n\t\t\t\t<\/div>\n\t\t\t\t\t<\/div>\n\t\t<\/div>\n\t\t\t\t\t<\/div>\n\t\t<\/section>\n\t\t\t\t<\/div>\n\t\t","protected":false},"excerpt":{"rendered":"<p>Explora una vida de ensue\u00f1o en la Costa Brava con nuestra exclusiva selecci\u00f3n de pisos en venta con vistas al mar. La Costa Brava, ubicada en la hermosa costa mediterr\u00e1nea de Catalu\u00f1a, Espa\u00f1a, es conocida por su espectacular paisaje marino y su encanto costero sin igual. Aqu\u00ed, la vida toma un matiz especial, y comprar [&hellip;]<\/p>\n","protected":false},"author":4,"featured_media":8515,"parent":8378,"menu_order":0,"comment_status":"closed","ping_status":"closed","template":"","meta":{"footnotes":""},"class_list":["post-8368","page","type-page","status-publish","has-post-thumbnail","hentry"],"yoast_head":"<!-- This site is optimized with the Yoast SEO plugin v27.4 - https:\/\/yoast.com\/product\/yoast-seo-wordpress\/ -->\n<title>Corredor Mat\u00f3 Real Estate \u00b7 Pisos en la Costa Brava \u00b7 Vistas al mar<\/title>\n<meta name=\"description\" content=\"\u00bfBuscas poder disfrutar de unas exquisitas vistas al mar en la Costa Brava y est\u00e1s decidido a comprarte un piso? Llama al 972 62 00 16.\" \/>\n<meta name=\"robots\" content=\"index, follow, max-snippet:-1, max-image-preview:large, max-video-preview:-1\" \/>\n<link rel=\"canonical\" href=\"https:\/\/www.corredormato.com\/es\/venta-costa-brava\/pisos\/vistas-al-mar\/\" \/>\n<meta property=\"og:locale\" content=\"es_ES\" \/>\n<meta property=\"og:type\" content=\"article\" \/>\n<meta property=\"og:title\" content=\"Corredor Mat\u00f3 Real Estate \u00b7 Pisos en la Costa Brava \u00b7 Vistas al mar\" \/>\n<meta property=\"og:description\" content=\"\u00bfBuscas poder disfrutar de unas exquisitas vistas al mar en la Costa Brava y est\u00e1s decidido a comprarte un piso? Llama al 972 62 00 16.\" \/>\n<meta property=\"og:url\" content=\"https:\/\/www.corredormato.com\/es\/venta-costa-brava\/pisos\/vistas-al-mar\/\" \/>\n<meta property=\"og:site_name\" content=\"Corredor Mat\u00f3 Real Estate &amp; Property Management\" \/>\n<meta property=\"article:modified_time\" content=\"2024-02-15T10:39:48+00:00\" \/>\n<meta property=\"og:image\" content=\"https:\/\/www.corredormato.com\/wp-content\/uploads\/2023\/10\/apartment02.jpg\" \/>\n\t<meta property=\"og:image:width\" content=\"1280\" \/>\n\t<meta property=\"og:image:height\" content=\"887\" \/>\n\t<meta property=\"og:image:type\" content=\"image\/jpeg\" \/>\n<meta name=\"twitter:card\" content=\"summary_large_image\" \/>\n<meta name=\"twitter:label1\" content=\"Tiempo de lectura\" \/>\n\t<meta name=\"twitter:data1\" content=\"2 minutos\" \/>\n<script type=\"application\/ld+json\" class=\"yoast-schema-graph\">{\"@context\":\"https:\\\/\\\/schema.org\",\"@graph\":[{\"@type\":\"WebPage\",\"@id\":\"https:\\\/\\\/www.corredormato.com\\\/es\\\/venta-costa-brava\\\/pisos\\\/vistas-al-mar\\\/\",\"url\":\"https:\\\/\\\/www.corredormato.com\\\/es\\\/venta-costa-brava\\\/pisos\\\/vistas-al-mar\\\/\",\"name\":\"Corredor Mat\u00f3 Real Estate \u00b7 Pisos en la Costa Brava \u00b7 Vistas al mar\",\"isPartOf\":{\"@id\":\"https:\\\/\\\/www.corredormato.com\\\/es\\\/#website\"},\"primaryImageOfPage\":{\"@id\":\"https:\\\/\\\/www.corredormato.com\\\/es\\\/venta-costa-brava\\\/pisos\\\/vistas-al-mar\\\/#primaryimage\"},\"image\":{\"@id\":\"https:\\\/\\\/www.corredormato.com\\\/es\\\/venta-costa-brava\\\/pisos\\\/vistas-al-mar\\\/#primaryimage\"},\"thumbnailUrl\":\"https:\\\/\\\/www.corredormato.com\\\/wp-content\\\/uploads\\\/2023\\\/10\\\/apartment02.jpg\",\"datePublished\":\"2023-10-02T09:56:40+00:00\",\"dateModified\":\"2024-02-15T10:39:48+00:00\",\"description\":\"\u00bfBuscas poder disfrutar de unas exquisitas vistas al mar en la Costa Brava y est\u00e1s decidido a comprarte un piso? Llama al 972 62 00 16.\",\"breadcrumb\":{\"@id\":\"https:\\\/\\\/www.corredormato.com\\\/es\\\/venta-costa-brava\\\/pisos\\\/vistas-al-mar\\\/#breadcrumb\"},\"inLanguage\":\"es\",\"potentialAction\":[{\"@type\":\"ReadAction\",\"target\":[\"https:\\\/\\\/www.corredormato.com\\\/es\\\/venta-costa-brava\\\/pisos\\\/vistas-al-mar\\\/\"]}]},{\"@type\":\"BreadcrumbList\",\"@id\":\"https:\\\/\\\/www.corredormato.com\\\/es\\\/venta-costa-brava\\\/pisos\\\/vistas-al-mar\\\/#breadcrumb\",\"itemListElement\":[{\"@type\":\"ListItem\",\"position\":1,\"name\":\"Home\",\"item\":\"https:\\\/\\\/www.corredormato.com\\\/es\\\/\"},{\"@type\":\"ListItem\",\"position\":2,\"name\":\"Venta Costa Brava\",\"item\":\"https:\\\/\\\/www.corredormato.com\\\/es\\\/venda-costa-brava\\\/\"},{\"@type\":\"ListItem\",\"position\":3,\"name\":\"Pisos en venta en la Costa Brava\",\"item\":\"https:\\\/\\\/www.corredormato.com\\\/es\\\/venda-costa-brava\\\/pisos\\\/\"},{\"@type\":\"ListItem\",\"position\":4,\"name\":\"Pisos en venta en la Costa Brava con vistas al mar\"}]},{\"@type\":\"WebSite\",\"@id\":\"https:\\\/\\\/www.corredormato.com\\\/es\\\/#website\",\"url\":\"https:\\\/\\\/www.corredormato.com\\\/es\\\/\",\"name\":\"Corredor Mat\u00f3 Real Estate &amp; Property Management\",\"description\":\"Real Estate &amp; Property Management\",\"publisher\":{\"@id\":\"https:\\\/\\\/www.corredormato.com\\\/es\\\/#organization\"},\"alternateName\":\"Corredor Mat\u00f3\",\"potentialAction\":[{\"@type\":\"SearchAction\",\"target\":{\"@type\":\"EntryPoint\",\"urlTemplate\":\"https:\\\/\\\/www.corredormato.com\\\/resultats-de-cerca-lloguer\\\/?search_text={search_term_string}\"},\"query-input\":{\"@type\":\"PropertyValueSpecification\",\"valueRequired\":true,\"valueName\":\"search_term_string\"}}],\"inLanguage\":\"es\"},{\"@type\":\"Organization\",\"@id\":\"https:\\\/\\\/www.corredormato.com\\\/es\\\/#organization\",\"name\":\"Corredor Mat\u00f3 | Real Estate & Property Management\",\"url\":\"https:\\\/\\\/www.corredormato.com\\\/es\\\/\",\"logo\":{\"@type\":\"ImageObject\",\"inLanguage\":\"es\",\"@id\":\"https:\\\/\\\/www.corredormato.com\\\/es\\\/#\\\/schema\\\/logo\\\/image\\\/\",\"url\":\"https:\\\/\\\/www.corredormato.com\\\/wp-content\\\/uploads\\\/2021\\\/04\\\/logo.png\",\"contentUrl\":\"https:\\\/\\\/www.corredormato.com\\\/wp-content\\\/uploads\\\/2021\\\/04\\\/logo.png\",\"width\":970,\"height\":225,\"caption\":\"Corredor Mat\u00f3 | Real Estate & Property Management\"},\"image\":{\"@id\":\"https:\\\/\\\/www.corredormato.com\\\/es\\\/#\\\/schema\\\/logo\\\/image\\\/\"}}]}<\/script>\n<!-- \/ Yoast SEO plugin. -->","yoast_head_json":{"title":"Corredor Mat\u00f3 Real Estate \u00b7 Pisos en la Costa Brava \u00b7 Vistas al mar","description":"\u00bfBuscas poder disfrutar de unas exquisitas vistas al mar en la Costa Brava y est\u00e1s decidido a comprarte un piso? Llama al 972 62 00 16.","robots":{"index":"index","follow":"follow","max-snippet":"max-snippet:-1","max-image-preview":"max-image-preview:large","max-video-preview":"max-video-preview:-1"},"canonical":"https:\/\/www.corredormato.com\/es\/venta-costa-brava\/pisos\/vistas-al-mar\/","og_locale":"es_ES","og_type":"article","og_title":"Corredor Mat\u00f3 Real Estate \u00b7 Pisos en la Costa Brava \u00b7 Vistas al mar","og_description":"\u00bfBuscas poder disfrutar de unas exquisitas vistas al mar en la Costa Brava y est\u00e1s decidido a comprarte un piso? Llama al 972 62 00 16.","og_url":"https:\/\/www.corredormato.com\/es\/venta-costa-brava\/pisos\/vistas-al-mar\/","og_site_name":"Corredor Mat\u00f3 Real Estate &amp; Property Management","article_modified_time":"2024-02-15T10:39:48+00:00","og_image":[{"width":1280,"height":887,"url":"https:\/\/www.corredormato.com\/wp-content\/uploads\/2023\/10\/apartment02.jpg","type":"image\/jpeg"}],"twitter_card":"summary_large_image","twitter_misc":{"Tiempo de lectura":"2 minutos"},"schema":{"@context":"https:\/\/schema.org","@graph":[{"@type":"WebPage","@id":"https:\/\/www.corredormato.com\/es\/venta-costa-brava\/pisos\/vistas-al-mar\/","url":"https:\/\/www.corredormato.com\/es\/venta-costa-brava\/pisos\/vistas-al-mar\/","name":"Corredor Mat\u00f3 Real Estate \u00b7 Pisos en la Costa Brava \u00b7 Vistas al mar","isPartOf":{"@id":"https:\/\/www.corredormato.com\/es\/#website"},"primaryImageOfPage":{"@id":"https:\/\/www.corredormato.com\/es\/venta-costa-brava\/pisos\/vistas-al-mar\/#primaryimage"},"image":{"@id":"https:\/\/www.corredormato.com\/es\/venta-costa-brava\/pisos\/vistas-al-mar\/#primaryimage"},"thumbnailUrl":"https:\/\/www.corredormato.com\/wp-content\/uploads\/2023\/10\/apartment02.jpg","datePublished":"2023-10-02T09:56:40+00:00","dateModified":"2024-02-15T10:39:48+00:00","description":"\u00bfBuscas poder disfrutar de unas exquisitas vistas al mar en la Costa Brava y est\u00e1s decidido a comprarte un piso? Llama al 972 62 00 16.","breadcrumb":{"@id":"https:\/\/www.corredormato.com\/es\/venta-costa-brava\/pisos\/vistas-al-mar\/#breadcrumb"},"inLanguage":"es","potentialAction":[{"@type":"ReadAction","target":["https:\/\/www.corredormato.com\/es\/venta-costa-brava\/pisos\/vistas-al-mar\/"]}]},{"@type":"BreadcrumbList","@id":"https:\/\/www.corredormato.com\/es\/venta-costa-brava\/pisos\/vistas-al-mar\/#breadcrumb","itemListElement":[{"@type":"ListItem","position":1,"name":"Home","item":"https:\/\/www.corredormato.com\/es\/"},{"@type":"ListItem","position":2,"name":"Venta Costa Brava","item":"https:\/\/www.corredormato.com\/es\/venda-costa-brava\/"},{"@type":"ListItem","position":3,"name":"Pisos en venta en la Costa Brava","item":"https:\/\/www.corredormato.com\/es\/venda-costa-brava\/pisos\/"},{"@type":"ListItem","position":4,"name":"Pisos en venta en la Costa Brava con vistas al mar"}]},{"@type":"WebSite","@id":"https:\/\/www.corredormato.com\/es\/#website","url":"https:\/\/www.corredormato.com\/es\/","name":"Corredor Mat\u00f3 Real Estate &amp; Property Management","description":"Real Estate &amp; Property Management","publisher":{"@id":"https:\/\/www.corredormato.com\/es\/#organization"},"alternateName":"Corredor Mat\u00f3","potentialAction":[{"@type":"SearchAction","target":{"@type":"EntryPoint","urlTemplate":"https:\/\/www.corredormato.com\/resultats-de-cerca-lloguer\/?search_text={search_term_string}"},"query-input":{"@type":"PropertyValueSpecification","valueRequired":true,"valueName":"search_term_string"}}],"inLanguage":"es"},{"@type":"Organization","@id":"https:\/\/www.corredormato.com\/es\/#organization","name":"Corredor Mat\u00f3 | Real Estate & Property Management","url":"https:\/\/www.corredormato.com\/es\/","logo":{"@type":"ImageObject","inLanguage":"es","@id":"https:\/\/www.corredormato.com\/es\/#\/schema\/logo\/image\/","url":"https:\/\/www.corredormato.com\/wp-content\/uploads\/2021\/04\/logo.png","contentUrl":"https:\/\/www.corredormato.com\/wp-content\/uploads\/2021\/04\/logo.png","width":970,"height":225,"caption":"Corredor Mat\u00f3 | Real Estate & Property Management"},"image":{"@id":"https:\/\/www.corredormato.com\/es\/#\/schema\/logo\/image\/"}}]}},"_links":{"self":[{"href":"https:\/\/www.corredormato.com\/es\/wp-json\/wp\/v2\/pages\/8368","targetHints":{"allow":["GET"]}}],"collection":[{"href":"https:\/\/www.corredormato.com\/es\/wp-json\/wp\/v2\/pages"}],"about":[{"href":"https:\/\/www.corredormato.com\/es\/wp-json\/wp\/v2\/types\/page"}],"author":[{"embeddable":true,"href":"https:\/\/www.corredormato.com\/es\/wp-json\/wp\/v2\/users\/4"}],"replies":[{"embeddable":true,"href":"https:\/\/www.corredormato.com\/es\/wp-json\/wp\/v2\/comments?post=8368"}],"version-history":[{"count":1,"href":"https:\/\/www.corredormato.com\/es\/wp-json\/wp\/v2\/pages\/8368\/revisions"}],"predecessor-version":[{"id":13954,"href":"https:\/\/www.corredormato.com\/es\/wp-json\/wp\/v2\/pages\/8368\/revisions\/13954"}],"up":[{"embeddable":true,"href":"https:\/\/www.corredormato.com\/es\/wp-json\/wp\/v2\/pages\/8378"}],"wp:featuredmedia":[{"embeddable":true,"href":"https:\/\/www.corredormato.com\/es\/wp-json\/wp\/v2\/media\/8515"}],"wp:attachment":[{"href":"https:\/\/www.corredormato.com\/es\/wp-json\/wp\/v2\/media?parent=8368"}],"curies":[{"name":"wp","href":"https:\/\/api.w.org\/{rel}","templated":true}]}}