{"id":8620,"date":"2023-10-11T14:06:32","date_gmt":"2023-10-11T12:06:32","guid":{"rendered":"http:\/\/52.30.243.130\/venta-costa-brava\/begur\/terrenos\/"},"modified":"2023-11-02T10:52:06","modified_gmt":"2023-11-02T08:52:06","slug":"terrenos","status":"publish","type":"page","link":"https:\/\/www.corredormato.com\/es\/venta-costa-brava\/begur\/terrenos\/","title":{"rendered":"Terrenos en venta en Begur"},"content":{"rendered":"\t\t<div data-elementor-type=\"wp-page\" data-elementor-id=\"8620\" class=\"elementor elementor-8620 elementor-8240\" data-elementor-post-type=\"page\">\n\t\t\t\t\t\t<section class=\"elementor-section elementor-top-section elementor-element elementor-element-6042ab9 elementor-section-full_width elementor-section-height-default elementor-section-height-default\" data-id=\"6042ab9\" data-element_type=\"section\" data-e-type=\"section\">\n\t\t\t\t\t\t<div class=\"elementor-container elementor-column-gap-default\">\n\t\t\t\t\t<div class=\"elementor-column elementor-col-100 elementor-top-column elementor-element elementor-element-e819452\" data-id=\"e819452\" data-element_type=\"column\" data-e-type=\"column\">\n\t\t\t<div class=\"elementor-widget-wrap elementor-element-populated\">\n\t\t\t\t\t\t<div class=\"elementor-element elementor-element-3b39c96 listado-general elementor-widget elementor-widget-shortcode\" data-id=\"3b39c96\" data-element_type=\"widget\" data-e-type=\"widget\" id=\"listado-general-venta\" data-widget_type=\"shortcode.default\">\n\t\t\t\t<div class=\"elementor-widget-container\">\n\t\t\t\t\t\t\t<div class=\"elementor-shortcode\">  <div class=\"n2r__list n2r__list--empty\">\n    <h3>No se han encontrado resultados en la b\u00fasqueda, por favor contacta con nosotros para poder ayudarte.<\/h3>\n  <\/div>\n<\/div>\n\t\t\t\t\t\t<\/div>\n\t\t\t\t<\/div>\n\t\t\t\t\t<\/div>\n\t\t<\/div>\n\t\t\t\t\t<\/div>\n\t\t<\/section>\n\t\t\t\t<section class=\"elementor-section elementor-top-section elementor-element elementor-element-c9ac096 elementor-section-boxed elementor-section-height-default elementor-section-height-default\" data-id=\"c9ac096\" data-element_type=\"section\" data-e-type=\"section\" data-settings=\"{&quot;background_background&quot;:&quot;classic&quot;}\">\n\t\t\t\t\t\t<div class=\"elementor-container elementor-column-gap-default\">\n\t\t\t\t\t<div class=\"elementor-column elementor-col-100 elementor-top-column elementor-element elementor-element-aa1ee39\" data-id=\"aa1ee39\" data-element_type=\"column\" data-e-type=\"column\">\n\t\t\t<div class=\"elementor-widget-wrap elementor-element-populated\">\n\t\t\t\t\t\t<div class=\"elementor-element elementor-element-7a1d50e elementor-widget__width-inherit elementor-widget elementor-widget-text-editor\" data-id=\"7a1d50e\" data-element_type=\"widget\" data-e-type=\"widget\" data-widget_type=\"text-editor.default\">\n\t\t\t\t<div class=\"elementor-widget-container\">\n\t\t\t\t\t\t\t\t\t<h2>Construye tus sue\u00f1os con un terreno en Begur de la mano de Corredor Mat\u00f3<\/h2>\n<p>En <strong>Corredor Mat\u00f3<\/strong>, abrimos las puertas a un mundo de posibilidades donde cada vista es un cuadro y cada brisa lleva el sonido del <strong>Mediterr\u00e1neo<\/strong>. Descubre la oportunidad \u00fanica de comprar un terreno en <strong>Begur<\/strong>, el tesoro escondido de la <strong>Costa Brava<\/strong>, e inicia su viaje hacia la casa de tus sue\u00f1os. <strong>Begur<\/strong> no es s\u00f3lo un destino; es un estilo de vida. Al optar por <strong>un terreno en Begur<\/strong>, te sumergir\u00e1s en un legado de naturaleza virgen, playas encantadoras y una comunidad vibrante. Nuestra selecci\u00f3n exclusiva de terrenos en venta en <strong>Begur<\/strong> est\u00e1 pensada para aquellos que no buscan s\u00f3lo un sitio para vivir sino un espacio para disfrutar. Con <strong>Corredor Mat\u00f3<\/strong>, el proceso de comprar terreno en Begur es una traves\u00eda personalizada y sin complicaciones. Nos dedicamos a entender tus deseos y necesidades, asegur\u00e1ndonos que cada parcela no s\u00f3lo sea una compra, sino una inversi\u00f3n en tu felicidad futura.<\/p>\n<p>Da el primer paso hacia un ma\u00f1ana lleno de ilusi\u00f3n. Contacta con <strong>Corredor Mat\u00f3<\/strong> hoy mismo y descubre c\u00f3mo Begur puede ser el lienzo en blanco para tu obra maestra. Porque tu hogar ideal te est\u00e1 esperando aqu\u00ed en el coraz\u00f3n de la <strong>Costa Brava<\/strong>.<\/p>\n<p>Si deseas comprar un terreno en la <strong>Costa Brava<\/strong>, te recomendamos que tambi\u00e9n consideres <strong><a href=\"https:\/\/www.corredormato.com\/es\/venta-costa-brava\/tamariu\/terrenos\/\">Tamariu<\/a>, <a href=\"https:\/\/www.corredormato.com\/es\/venta-costa-brava\/palafrugell\/terrenos\/\">Palafrugell<\/a> <\/strong>o<strong><a href=\"https:\/\/www.corredormato.com\/es\/venta-costa-brava\/mont-ras\/terrenos\/\"> Mont-ras<\/a>.<\/strong><\/p>\n\t\t\t\t\t\t\t\t<\/div>\n\t\t\t\t<\/div>\n\t\t\t\t\t<\/div>\n\t\t<\/div>\n\t\t\t\t\t<\/div>\n\t\t<\/section>\n\t\t\t\t<section class=\"elementor-section elementor-top-section elementor-element elementor-element-7b032f1 elementor-section-boxed elementor-section-height-default elementor-section-height-default\" data-id=\"7b032f1\" data-element_type=\"section\" data-e-type=\"section\" data-settings=\"{&quot;background_background&quot;:&quot;classic&quot;}\">\n\t\t\t\t\t\t<div class=\"elementor-container elementor-column-gap-default\">\n\t\t\t\t\t<div class=\"elementor-column elementor-col-100 elementor-top-column elementor-element elementor-element-b2b5d42\" data-id=\"b2b5d42\" data-element_type=\"column\" data-e-type=\"column\">\n\t\t\t<div class=\"elementor-widget-wrap elementor-element-populated\">\n\t\t\t\t\t\t<div class=\"elementor-element elementor-element-f586367 elementor-widget elementor-widget-shortcode\" data-id=\"f586367\" data-element_type=\"widget\" data-e-type=\"widget\" data-widget_type=\"shortcode.default\">\n\t\t\t\t<div class=\"elementor-widget-container\">\n\t\t\t\t\t\t\t<div class=\"elementor-shortcode\"><style>.wp-show-posts-columns#wpsp-8901 {margin-left: -2em; }.wp-show-posts-columns#wpsp-8901 .wp-show-posts-inner {margin: 0 0 2em 2em; }<\/style><section id=\"wpsp-8901\" class=\" wp-show-posts-columns wp-show-posts\" style=\"\"><div class=\"wpsp-no-results\" style=\"margin-left: 2em;\"><p>No s'han trobat entrades.<\/p>\n<\/div><div class=\"wpsp-clear\"><\/div><\/section><!-- .wp-show-posts --><\/div>\n\t\t\t\t\t\t<\/div>\n\t\t\t\t<\/div>\n\t\t\t\t\t<\/div>\n\t\t<\/div>\n\t\t\t\t\t<\/div>\n\t\t<\/section>\n\t\t\t\t<\/div>\n\t\t","protected":false},"excerpt":{"rendered":"<p>Construye tus sue\u00f1os con un terreno en Begur de la mano de Corredor Mat\u00f3 En Corredor Mat\u00f3, abrimos las puertas a un mundo de posibilidades donde cada vista es un cuadro y cada brisa lleva el sonido del Mediterr\u00e1neo. Descubre la oportunidad \u00fanica de comprar un terreno en Begur, el tesoro escondido de la Costa [&hellip;]<\/p>\n","protected":false},"author":4,"featured_media":8615,"parent":4483,"menu_order":0,"comment_status":"closed","ping_status":"closed","template":"","meta":{"footnotes":""},"class_list":["post-8620","page","type-page","status-publish","has-post-thumbnail","hentry"],"yoast_head":"<!-- This site is optimized with the Yoast SEO plugin v27.4 - https:\/\/yoast.com\/product\/yoast-seo-wordpress\/ -->\n<title>Corredor Mat\u00f3 Real Estate \u00b7 Terrenos en venta \u00b7 Begur<\/title>\n<meta name=\"description\" content=\"Si te interesa encontrar el terreno ideal para construir tu futura casa, contacta con Corredor Mat\u00f3 y haremos realidad tus sue\u00f1os.\" \/>\n<meta name=\"robots\" content=\"index, follow, max-snippet:-1, max-image-preview:large, max-video-preview:-1\" \/>\n<link rel=\"canonical\" href=\"https:\/\/www.corredormato.com\/es\/venta-costa-brava\/begur\/terrenos\/\" \/>\n<meta property=\"og:locale\" content=\"es_ES\" \/>\n<meta property=\"og:type\" content=\"article\" \/>\n<meta property=\"og:title\" content=\"Corredor Mat\u00f3 Real Estate \u00b7 Terrenos en venta \u00b7 Begur\" \/>\n<meta property=\"og:description\" content=\"Si te interesa encontrar el terreno ideal para construir tu futura casa, contacta con Corredor Mat\u00f3 y haremos realidad tus sue\u00f1os.\" \/>\n<meta property=\"og:url\" content=\"https:\/\/www.corredormato.com\/es\/venta-costa-brava\/begur\/terrenos\/\" \/>\n<meta property=\"og:site_name\" content=\"Corredor Mat\u00f3 Real Estate &amp; Property Management\" \/>\n<meta property=\"article:modified_time\" content=\"2023-11-02T08:52:06+00:00\" \/>\n<meta property=\"og:image\" content=\"https:\/\/www.corredormato.com\/wp-content\/uploads\/2023\/10\/begur-1.jpg\" \/>\n\t<meta property=\"og:image:width\" content=\"1280\" \/>\n\t<meta property=\"og:image:height\" content=\"887\" \/>\n\t<meta property=\"og:image:type\" content=\"image\/jpeg\" \/>\n<meta name=\"twitter:card\" content=\"summary_large_image\" \/>\n<meta name=\"twitter:label1\" content=\"Tiempo de lectura\" \/>\n\t<meta name=\"twitter:data1\" content=\"1 minuto\" \/>\n<script type=\"application\/ld+json\" class=\"yoast-schema-graph\">{\"@context\":\"https:\\\/\\\/schema.org\",\"@graph\":[{\"@type\":\"WebPage\",\"@id\":\"https:\\\/\\\/www.corredormato.com\\\/es\\\/venta-costa-brava\\\/begur\\\/terrenos\\\/\",\"url\":\"https:\\\/\\\/www.corredormato.com\\\/es\\\/venta-costa-brava\\\/begur\\\/terrenos\\\/\",\"name\":\"Corredor Mat\u00f3 Real Estate \u00b7 Terrenos en venta \u00b7 Begur\",\"isPartOf\":{\"@id\":\"https:\\\/\\\/www.corredormato.com\\\/es\\\/#website\"},\"primaryImageOfPage\":{\"@id\":\"https:\\\/\\\/www.corredormato.com\\\/es\\\/venta-costa-brava\\\/begur\\\/terrenos\\\/#primaryimage\"},\"image\":{\"@id\":\"https:\\\/\\\/www.corredormato.com\\\/es\\\/venta-costa-brava\\\/begur\\\/terrenos\\\/#primaryimage\"},\"thumbnailUrl\":\"https:\\\/\\\/www.corredormato.com\\\/wp-content\\\/uploads\\\/2023\\\/10\\\/begur-1.jpg\",\"datePublished\":\"2023-10-11T12:06:32+00:00\",\"dateModified\":\"2023-11-02T08:52:06+00:00\",\"description\":\"Si te interesa encontrar el terreno ideal para construir tu futura casa, contacta con Corredor Mat\u00f3 y haremos realidad tus sue\u00f1os.\",\"breadcrumb\":{\"@id\":\"https:\\\/\\\/www.corredormato.com\\\/es\\\/venta-costa-brava\\\/begur\\\/terrenos\\\/#breadcrumb\"},\"inLanguage\":\"es\",\"potentialAction\":[{\"@type\":\"ReadAction\",\"target\":[\"https:\\\/\\\/www.corredormato.com\\\/es\\\/venta-costa-brava\\\/begur\\\/terrenos\\\/\"]}]},{\"@type\":\"BreadcrumbList\",\"@id\":\"https:\\\/\\\/www.corredormato.com\\\/es\\\/venta-costa-brava\\\/begur\\\/terrenos\\\/#breadcrumb\",\"itemListElement\":[{\"@type\":\"ListItem\",\"position\":1,\"name\":\"Home\",\"item\":\"https:\\\/\\\/www.corredormato.com\\\/es\\\/\"},{\"@type\":\"ListItem\",\"position\":2,\"name\":\"Venta Costa Brava\",\"item\":\"https:\\\/\\\/www.corredormato.com\\\/es\\\/venda-costa-brava\\\/\"},{\"@type\":\"ListItem\",\"position\":3,\"name\":\"Propiedades en Venta en Begur\",\"item\":\"https:\\\/\\\/www.corredormato.com\\\/es\\\/venda-costa-brava\\\/begur\\\/\"},{\"@type\":\"ListItem\",\"position\":4,\"name\":\"Terrenos en venta en Begur\"}]},{\"@type\":\"WebSite\",\"@id\":\"https:\\\/\\\/www.corredormato.com\\\/es\\\/#website\",\"url\":\"https:\\\/\\\/www.corredormato.com\\\/es\\\/\",\"name\":\"Corredor Mat\u00f3 Real Estate &amp; Property Management\",\"description\":\"Real Estate &amp; Property Management\",\"publisher\":{\"@id\":\"https:\\\/\\\/www.corredormato.com\\\/es\\\/#organization\"},\"alternateName\":\"Corredor Mat\u00f3\",\"potentialAction\":[{\"@type\":\"SearchAction\",\"target\":{\"@type\":\"EntryPoint\",\"urlTemplate\":\"https:\\\/\\\/www.corredormato.com\\\/resultats-de-cerca-lloguer\\\/?search_text={search_term_string}\"},\"query-input\":{\"@type\":\"PropertyValueSpecification\",\"valueRequired\":true,\"valueName\":\"search_term_string\"}}],\"inLanguage\":\"es\"},{\"@type\":\"Organization\",\"@id\":\"https:\\\/\\\/www.corredormato.com\\\/es\\\/#organization\",\"name\":\"Corredor Mat\u00f3 | Real Estate & Property Management\",\"url\":\"https:\\\/\\\/www.corredormato.com\\\/es\\\/\",\"logo\":{\"@type\":\"ImageObject\",\"inLanguage\":\"es\",\"@id\":\"https:\\\/\\\/www.corredormato.com\\\/es\\\/#\\\/schema\\\/logo\\\/image\\\/\",\"url\":\"https:\\\/\\\/www.corredormato.com\\\/wp-content\\\/uploads\\\/2021\\\/04\\\/logo.png\",\"contentUrl\":\"https:\\\/\\\/www.corredormato.com\\\/wp-content\\\/uploads\\\/2021\\\/04\\\/logo.png\",\"width\":970,\"height\":225,\"caption\":\"Corredor Mat\u00f3 | Real Estate & Property Management\"},\"image\":{\"@id\":\"https:\\\/\\\/www.corredormato.com\\\/es\\\/#\\\/schema\\\/logo\\\/image\\\/\"}}]}<\/script>\n<!-- \/ Yoast SEO plugin. -->","yoast_head_json":{"title":"Corredor Mat\u00f3 Real Estate \u00b7 Terrenos en venta \u00b7 Begur","description":"Si te interesa encontrar el terreno ideal para construir tu futura casa, contacta con Corredor Mat\u00f3 y haremos realidad tus sue\u00f1os.","robots":{"index":"index","follow":"follow","max-snippet":"max-snippet:-1","max-image-preview":"max-image-preview:large","max-video-preview":"max-video-preview:-1"},"canonical":"https:\/\/www.corredormato.com\/es\/venta-costa-brava\/begur\/terrenos\/","og_locale":"es_ES","og_type":"article","og_title":"Corredor Mat\u00f3 Real Estate \u00b7 Terrenos en venta \u00b7 Begur","og_description":"Si te interesa encontrar el terreno ideal para construir tu futura casa, contacta con Corredor Mat\u00f3 y haremos realidad tus sue\u00f1os.","og_url":"https:\/\/www.corredormato.com\/es\/venta-costa-brava\/begur\/terrenos\/","og_site_name":"Corredor Mat\u00f3 Real Estate &amp; Property Management","article_modified_time":"2023-11-02T08:52:06+00:00","og_image":[{"width":1280,"height":887,"url":"https:\/\/www.corredormato.com\/wp-content\/uploads\/2023\/10\/begur-1.jpg","type":"image\/jpeg"}],"twitter_card":"summary_large_image","twitter_misc":{"Tiempo de lectura":"1 minuto"},"schema":{"@context":"https:\/\/schema.org","@graph":[{"@type":"WebPage","@id":"https:\/\/www.corredormato.com\/es\/venta-costa-brava\/begur\/terrenos\/","url":"https:\/\/www.corredormato.com\/es\/venta-costa-brava\/begur\/terrenos\/","name":"Corredor Mat\u00f3 Real Estate \u00b7 Terrenos en venta \u00b7 Begur","isPartOf":{"@id":"https:\/\/www.corredormato.com\/es\/#website"},"primaryImageOfPage":{"@id":"https:\/\/www.corredormato.com\/es\/venta-costa-brava\/begur\/terrenos\/#primaryimage"},"image":{"@id":"https:\/\/www.corredormato.com\/es\/venta-costa-brava\/begur\/terrenos\/#primaryimage"},"thumbnailUrl":"https:\/\/www.corredormato.com\/wp-content\/uploads\/2023\/10\/begur-1.jpg","datePublished":"2023-10-11T12:06:32+00:00","dateModified":"2023-11-02T08:52:06+00:00","description":"Si te interesa encontrar el terreno ideal para construir tu futura casa, contacta con Corredor Mat\u00f3 y haremos realidad tus sue\u00f1os.","breadcrumb":{"@id":"https:\/\/www.corredormato.com\/es\/venta-costa-brava\/begur\/terrenos\/#breadcrumb"},"inLanguage":"es","potentialAction":[{"@type":"ReadAction","target":["https:\/\/www.corredormato.com\/es\/venta-costa-brava\/begur\/terrenos\/"]}]},{"@type":"BreadcrumbList","@id":"https:\/\/www.corredormato.com\/es\/venta-costa-brava\/begur\/terrenos\/#breadcrumb","itemListElement":[{"@type":"ListItem","position":1,"name":"Home","item":"https:\/\/www.corredormato.com\/es\/"},{"@type":"ListItem","position":2,"name":"Venta Costa Brava","item":"https:\/\/www.corredormato.com\/es\/venda-costa-brava\/"},{"@type":"ListItem","position":3,"name":"Propiedades en Venta en Begur","item":"https:\/\/www.corredormato.com\/es\/venda-costa-brava\/begur\/"},{"@type":"ListItem","position":4,"name":"Terrenos en venta en Begur"}]},{"@type":"WebSite","@id":"https:\/\/www.corredormato.com\/es\/#website","url":"https:\/\/www.corredormato.com\/es\/","name":"Corredor Mat\u00f3 Real Estate &amp; Property Management","description":"Real Estate &amp; Property Management","publisher":{"@id":"https:\/\/www.corredormato.com\/es\/#organization"},"alternateName":"Corredor Mat\u00f3","potentialAction":[{"@type":"SearchAction","target":{"@type":"EntryPoint","urlTemplate":"https:\/\/www.corredormato.com\/resultats-de-cerca-lloguer\/?search_text={search_term_string}"},"query-input":{"@type":"PropertyValueSpecification","valueRequired":true,"valueName":"search_term_string"}}],"inLanguage":"es"},{"@type":"Organization","@id":"https:\/\/www.corredormato.com\/es\/#organization","name":"Corredor Mat\u00f3 | Real Estate & Property Management","url":"https:\/\/www.corredormato.com\/es\/","logo":{"@type":"ImageObject","inLanguage":"es","@id":"https:\/\/www.corredormato.com\/es\/#\/schema\/logo\/image\/","url":"https:\/\/www.corredormato.com\/wp-content\/uploads\/2021\/04\/logo.png","contentUrl":"https:\/\/www.corredormato.com\/wp-content\/uploads\/2021\/04\/logo.png","width":970,"height":225,"caption":"Corredor Mat\u00f3 | Real Estate & Property Management"},"image":{"@id":"https:\/\/www.corredormato.com\/es\/#\/schema\/logo\/image\/"}}]}},"_links":{"self":[{"href":"https:\/\/www.corredormato.com\/es\/wp-json\/wp\/v2\/pages\/8620","targetHints":{"allow":["GET"]}}],"collection":[{"href":"https:\/\/www.corredormato.com\/es\/wp-json\/wp\/v2\/pages"}],"about":[{"href":"https:\/\/www.corredormato.com\/es\/wp-json\/wp\/v2\/types\/page"}],"author":[{"embeddable":true,"href":"https:\/\/www.corredormato.com\/es\/wp-json\/wp\/v2\/users\/4"}],"replies":[{"embeddable":true,"href":"https:\/\/www.corredormato.com\/es\/wp-json\/wp\/v2\/comments?post=8620"}],"version-history":[{"count":0,"href":"https:\/\/www.corredormato.com\/es\/wp-json\/wp\/v2\/pages\/8620\/revisions"}],"up":[{"embeddable":true,"href":"https:\/\/www.corredormato.com\/es\/wp-json\/wp\/v2\/pages\/4483"}],"wp:featuredmedia":[{"embeddable":true,"href":"https:\/\/www.corredormato.com\/es\/wp-json\/wp\/v2\/media\/8615"}],"wp:attachment":[{"href":"https:\/\/www.corredormato.com\/es\/wp-json\/wp\/v2\/media?parent=8620"}],"curies":[{"name":"wp","href":"https:\/\/api.w.org\/{rel}","templated":true}]}}