{"id":10381,"date":"2023-10-27T10:24:00","date_gmt":"2023-10-27T08:24:00","guid":{"rendered":"http:\/\/52.30.243.130\/vente-costa-braqva\/maia-de-montcal\/terrains\/"},"modified":"2024-02-28T11:03:49","modified_gmt":"2024-02-28T09:03:49","slug":"terrains","status":"publish","type":"page","link":"https:\/\/www.corredormato.com\/fr\/vente-costa-brava\/maia-de-montcal\/terrains\/","title":{"rendered":"Terrain \u00e0 vendre \u00e0 Mai\u00e0 de Montcal"},"content":{"rendered":"\t\t<div data-elementor-type=\"wp-page\" data-elementor-id=\"10381\" class=\"elementor elementor-10381 elementor-8854\" data-elementor-post-type=\"page\">\n\t\t\t\t\t\t<section class=\"elementor-section elementor-top-section elementor-element elementor-element-b87724e elementor-section-full_width elementor-section-height-default elementor-section-height-default\" data-id=\"b87724e\" data-element_type=\"section\" data-e-type=\"section\">\n\t\t\t\t\t\t<div class=\"elementor-container elementor-column-gap-default\">\n\t\t\t\t\t<div class=\"elementor-column elementor-col-100 elementor-top-column elementor-element elementor-element-18c1ab8\" data-id=\"18c1ab8\" data-element_type=\"column\" data-e-type=\"column\">\n\t\t\t<div class=\"elementor-widget-wrap elementor-element-populated\">\n\t\t\t\t\t\t<div class=\"elementor-element elementor-element-1b15657 listado-general elementor-widget elementor-widget-shortcode\" data-id=\"1b15657\" data-element_type=\"widget\" data-e-type=\"widget\" id=\"listado-general-venta\" data-widget_type=\"shortcode.default\">\n\t\t\t\t<div class=\"elementor-widget-container\">\n\t\t\t\t\t\t\t<div class=\"elementor-shortcode\">  <div class=\"n2r__list n2r__list--empty\">\n    <h3>Aucun r\u00e9sultat trouv\u00e9. Veuillez nous contacter pour que nous puissions vous aider.<\/h3>\n  <\/div>\n<\/div>\n\t\t\t\t\t\t<\/div>\n\t\t\t\t<\/div>\n\t\t\t\t\t<\/div>\n\t\t<\/div>\n\t\t\t\t\t<\/div>\n\t\t<\/section>\n\t\t\t\t<section class=\"elementor-section elementor-top-section elementor-element elementor-element-dfac83a elementor-section-boxed elementor-section-height-default elementor-section-height-default\" data-id=\"dfac83a\" data-element_type=\"section\" data-e-type=\"section\" data-settings=\"{&quot;background_background&quot;:&quot;classic&quot;}\">\n\t\t\t\t\t\t<div class=\"elementor-container elementor-column-gap-default\">\n\t\t\t\t\t<div class=\"elementor-column elementor-col-100 elementor-top-column elementor-element elementor-element-1aad003\" data-id=\"1aad003\" data-element_type=\"column\" data-e-type=\"column\">\n\t\t\t<div class=\"elementor-widget-wrap elementor-element-populated\">\n\t\t\t\t\t\t<div class=\"elementor-element elementor-element-371c77e elementor-widget__width-inherit elementor-widget elementor-widget-text-editor\" data-id=\"371c77e\" data-element_type=\"widget\" data-e-type=\"widget\" data-widget_type=\"text-editor.default\">\n\t\t\t\t<div class=\"elementor-widget-container\">\n\t\t\t\t\t\t\t\t\t<h2>L&#8217;avenir que vous attendez \u00e0 Mai\u00e0 de Montcal\u00a0: des terres qui inspirent la vie<\/h2>\n<p>Au c\u0153ur de <strong>G\u00e9rone<\/strong>, o\u00f9 les rivi\u00e8res <strong>Fluvi\u00e0<\/strong> et <strong>Llierca<\/strong> murmurent des histoires anciennes, <strong>Mai\u00e0 de Montcal<\/strong> vous attend. \u00c0 deux pas de la charmante <strong>Besal\u00fa<\/strong> et de l&#8217;\u00e9nergique <strong>Banyoles<\/strong>, d\u00e9couvrez l&#8217;opportunit\u00e9 de cr\u00e9er quelque chose d&#8217;inoubliable : votre espace, votre maison, votre avenir.<\/p>\n<p>Au <strong>Corredor Mat\u00f3<\/strong>, nous ne vendons pas de terrains ; nous proposons du r\u00eave sous forme de paysages r\u00e9els. Imaginez un lieu qui, plus qu&#8217;une propri\u00e9t\u00e9, devient partie int\u00e9grante de la famille, des souvenirs, des projets. C&#8217;est <strong>Mai\u00e0 de Montca<\/strong>l : un d\u00e9but, une aventure, une promesse.<\/p>\n<p>Contactez-nous. Laissez <strong>Mai\u00e0 de Montcal<\/strong> vous montrer le chemin vers une matin\u00e9e que vous seul pouvez peindre. Car ici, chaque intrigue est le d\u00e9but de quelque chose d\u2019extraordinaire.<\/p>\n\t\t\t\t\t\t\t\t<\/div>\n\t\t\t\t<\/div>\n\t\t\t\t\t<\/div>\n\t\t<\/div>\n\t\t\t\t\t<\/div>\n\t\t<\/section>\n\t\t\t\t<\/div>\n\t\t","protected":false},"excerpt":{"rendered":"<p>L&#8217;avenir que vous attendez \u00e0 Mai\u00e0 de Montcal\u00a0: des terres qui inspirent la vie Au c\u0153ur de G\u00e9rone, o\u00f9 les rivi\u00e8res Fluvi\u00e0 et Llierca murmurent des histoires anciennes, Mai\u00e0 de Montcal vous attend. \u00c0 deux pas de la charmante Besal\u00fa et de l&#8217;\u00e9nergique Banyoles, d\u00e9couvrez l&#8217;opportunit\u00e9 de cr\u00e9er quelque chose d&#8217;inoubliable : votre espace, votre [&hellip;]<\/p>\n","protected":false},"author":4,"featured_media":10811,"parent":8954,"menu_order":0,"comment_status":"closed","ping_status":"closed","template":"","meta":{"footnotes":""},"class_list":["post-10381","page","type-page","status-publish","has-post-thumbnail","hentry"],"yoast_head":"<!-- This site is optimized with the Yoast SEO plugin v27.4 - https:\/\/yoast.com\/product\/yoast-seo-wordpress\/ -->\n<title>Corredor Mat\u00f3 Immobilier \u00b7 Terrain \u00e0 vendre \u00e0 Mai\u00e0 de Montcal<\/title>\n<meta name=\"description\" content=\"D\u00e9couvrez les meilleurs terrains \u00e0 vendre \u00e0 Mai\u00e0 de Montcal, Corredor Mat\u00f3 vous aidera \u00e0 concr\u00e9tiser votre projet.\" \/>\n<meta name=\"robots\" content=\"index, follow, max-snippet:-1, max-image-preview:large, max-video-preview:-1\" \/>\n<link rel=\"canonical\" href=\"https:\/\/www.corredormato.com\/fr\/vente-costa-brava\/maia-de-montcal\/terrains\/\" \/>\n<meta property=\"og:locale\" content=\"fr_FR\" \/>\n<meta property=\"og:type\" content=\"article\" \/>\n<meta property=\"og:title\" content=\"Corredor Mat\u00f3 Immobilier \u00b7 Terrain \u00e0 vendre \u00e0 Mai\u00e0 de Montcal\" \/>\n<meta property=\"og:description\" content=\"D\u00e9couvrez les meilleurs terrains \u00e0 vendre \u00e0 Mai\u00e0 de Montcal, Corredor Mat\u00f3 vous aidera \u00e0 concr\u00e9tiser votre projet.\" \/>\n<meta property=\"og:url\" content=\"https:\/\/www.corredormato.com\/fr\/vente-costa-brava\/maia-de-montcal\/terrains\/\" \/>\n<meta property=\"og:site_name\" content=\"Corredor Mat\u00f3 Real Estate &amp; Property Management\" \/>\n<meta property=\"article:modified_time\" content=\"2024-02-28T09:03:49+00:00\" \/>\n<meta property=\"og:image\" content=\"https:\/\/www.corredormato.com\/wp-content\/uploads\/2023\/11\/FOTOS-IMATGES-PREVIEW-6.png\" \/>\n\t<meta property=\"og:image:width\" content=\"1280\" \/>\n\t<meta property=\"og:image:height\" content=\"887\" \/>\n\t<meta property=\"og:image:type\" content=\"image\/png\" \/>\n<meta name=\"twitter:card\" content=\"summary_large_image\" \/>\n<meta name=\"twitter:label1\" content=\"Dur\u00e9e de lecture estim\u00e9e\" \/>\n\t<meta name=\"twitter:data1\" content=\"1 minute\" \/>\n<script type=\"application\/ld+json\" class=\"yoast-schema-graph\">{\"@context\":\"https:\\\/\\\/schema.org\",\"@graph\":[{\"@type\":\"WebPage\",\"@id\":\"https:\\\/\\\/www.corredormato.com\\\/fr\\\/vente-costa-brava\\\/maia-de-montcal\\\/terrains\\\/\",\"url\":\"https:\\\/\\\/www.corredormato.com\\\/fr\\\/vente-costa-brava\\\/maia-de-montcal\\\/terrains\\\/\",\"name\":\"Corredor Mat\u00f3 Immobilier \u00b7 Terrain \u00e0 vendre \u00e0 Mai\u00e0 de Montcal\",\"isPartOf\":{\"@id\":\"https:\\\/\\\/www.corredormato.com\\\/fr\\\/#website\"},\"primaryImageOfPage\":{\"@id\":\"https:\\\/\\\/www.corredormato.com\\\/fr\\\/vente-costa-brava\\\/maia-de-montcal\\\/terrains\\\/#primaryimage\"},\"image\":{\"@id\":\"https:\\\/\\\/www.corredormato.com\\\/fr\\\/vente-costa-brava\\\/maia-de-montcal\\\/terrains\\\/#primaryimage\"},\"thumbnailUrl\":\"https:\\\/\\\/www.corredormato.com\\\/wp-content\\\/uploads\\\/2023\\\/11\\\/FOTOS-IMATGES-PREVIEW-6.png\",\"datePublished\":\"2023-10-27T08:24:00+00:00\",\"dateModified\":\"2024-02-28T09:03:49+00:00\",\"description\":\"D\u00e9couvrez les meilleurs terrains \u00e0 vendre \u00e0 Mai\u00e0 de Montcal, Corredor Mat\u00f3 vous aidera \u00e0 concr\u00e9tiser votre projet.\",\"breadcrumb\":{\"@id\":\"https:\\\/\\\/www.corredormato.com\\\/fr\\\/vente-costa-brava\\\/maia-de-montcal\\\/terrains\\\/#breadcrumb\"},\"inLanguage\":\"fr-FR\",\"potentialAction\":[{\"@type\":\"ReadAction\",\"target\":[\"https:\\\/\\\/www.corredormato.com\\\/fr\\\/vente-costa-brava\\\/maia-de-montcal\\\/terrains\\\/\"]}]},{\"@type\":\"BreadcrumbList\",\"@id\":\"https:\\\/\\\/www.corredormato.com\\\/fr\\\/vente-costa-brava\\\/maia-de-montcal\\\/terrains\\\/#breadcrumb\",\"itemListElement\":[{\"@type\":\"ListItem\",\"position\":1,\"name\":\"Home\",\"item\":\"https:\\\/\\\/www.corredormato.com\\\/fr\\\/\"},{\"@type\":\"ListItem\",\"position\":2,\"name\":\"Vente Costa Brava\",\"item\":\"https:\\\/\\\/www.corredormato.com\\\/fr\\\/venda-costa-brava\\\/\"},{\"@type\":\"ListItem\",\"position\":3,\"name\":\"Corredor Mat\u00f3 \u00b7 Propri\u00e9t\u00e9s \u00e0 vendre \u00e0 Mai\u00e0 de Montcal\",\"item\":\"https:\\\/\\\/www.corredormato.com\\\/fr\\\/venda-costa-brava\\\/maia-de-montcal\\\/\"},{\"@type\":\"ListItem\",\"position\":4,\"name\":\"Terrain \u00e0 vendre \u00e0 Mai\u00e0 de Montcal\"}]},{\"@type\":\"WebSite\",\"@id\":\"https:\\\/\\\/www.corredormato.com\\\/fr\\\/#website\",\"url\":\"https:\\\/\\\/www.corredormato.com\\\/fr\\\/\",\"name\":\"Corredor Mat\u00f3 Real Estate &amp; Property Management\",\"description\":\"Real Estate &amp; Property Management\",\"publisher\":{\"@id\":\"https:\\\/\\\/www.corredormato.com\\\/fr\\\/#organization\"},\"alternateName\":\"Corredor Mat\u00f3\",\"potentialAction\":[{\"@type\":\"SearchAction\",\"target\":{\"@type\":\"EntryPoint\",\"urlTemplate\":\"https:\\\/\\\/www.corredormato.com\\\/resultats-de-cerca-lloguer\\\/?search_text={search_term_string}\"},\"query-input\":{\"@type\":\"PropertyValueSpecification\",\"valueRequired\":true,\"valueName\":\"search_term_string\"}}],\"inLanguage\":\"fr-FR\"},{\"@type\":\"Organization\",\"@id\":\"https:\\\/\\\/www.corredormato.com\\\/fr\\\/#organization\",\"name\":\"Corredor Mat\u00f3 | Real Estate & Property Management\",\"url\":\"https:\\\/\\\/www.corredormato.com\\\/fr\\\/\",\"logo\":{\"@type\":\"ImageObject\",\"inLanguage\":\"fr-FR\",\"@id\":\"https:\\\/\\\/www.corredormato.com\\\/fr\\\/#\\\/schema\\\/logo\\\/image\\\/\",\"url\":\"https:\\\/\\\/www.corredormato.com\\\/wp-content\\\/uploads\\\/2021\\\/04\\\/logo.png\",\"contentUrl\":\"https:\\\/\\\/www.corredormato.com\\\/wp-content\\\/uploads\\\/2021\\\/04\\\/logo.png\",\"width\":970,\"height\":225,\"caption\":\"Corredor Mat\u00f3 | Real Estate & Property Management\"},\"image\":{\"@id\":\"https:\\\/\\\/www.corredormato.com\\\/fr\\\/#\\\/schema\\\/logo\\\/image\\\/\"}}]}<\/script>\n<!-- \/ Yoast SEO plugin. -->","yoast_head_json":{"title":"Corredor Mat\u00f3 Immobilier \u00b7 Terrain \u00e0 vendre \u00e0 Mai\u00e0 de Montcal","description":"D\u00e9couvrez les meilleurs terrains \u00e0 vendre \u00e0 Mai\u00e0 de Montcal, Corredor Mat\u00f3 vous aidera \u00e0 concr\u00e9tiser votre projet.","robots":{"index":"index","follow":"follow","max-snippet":"max-snippet:-1","max-image-preview":"max-image-preview:large","max-video-preview":"max-video-preview:-1"},"canonical":"https:\/\/www.corredormato.com\/fr\/vente-costa-brava\/maia-de-montcal\/terrains\/","og_locale":"fr_FR","og_type":"article","og_title":"Corredor Mat\u00f3 Immobilier \u00b7 Terrain \u00e0 vendre \u00e0 Mai\u00e0 de Montcal","og_description":"D\u00e9couvrez les meilleurs terrains \u00e0 vendre \u00e0 Mai\u00e0 de Montcal, Corredor Mat\u00f3 vous aidera \u00e0 concr\u00e9tiser votre projet.","og_url":"https:\/\/www.corredormato.com\/fr\/vente-costa-brava\/maia-de-montcal\/terrains\/","og_site_name":"Corredor Mat\u00f3 Real Estate &amp; Property Management","article_modified_time":"2024-02-28T09:03:49+00:00","og_image":[{"width":1280,"height":887,"url":"https:\/\/www.corredormato.com\/wp-content\/uploads\/2023\/11\/FOTOS-IMATGES-PREVIEW-6.png","type":"image\/png"}],"twitter_card":"summary_large_image","twitter_misc":{"Dur\u00e9e de lecture estim\u00e9e":"1 minute"},"schema":{"@context":"https:\/\/schema.org","@graph":[{"@type":"WebPage","@id":"https:\/\/www.corredormato.com\/fr\/vente-costa-brava\/maia-de-montcal\/terrains\/","url":"https:\/\/www.corredormato.com\/fr\/vente-costa-brava\/maia-de-montcal\/terrains\/","name":"Corredor Mat\u00f3 Immobilier \u00b7 Terrain \u00e0 vendre \u00e0 Mai\u00e0 de Montcal","isPartOf":{"@id":"https:\/\/www.corredormato.com\/fr\/#website"},"primaryImageOfPage":{"@id":"https:\/\/www.corredormato.com\/fr\/vente-costa-brava\/maia-de-montcal\/terrains\/#primaryimage"},"image":{"@id":"https:\/\/www.corredormato.com\/fr\/vente-costa-brava\/maia-de-montcal\/terrains\/#primaryimage"},"thumbnailUrl":"https:\/\/www.corredormato.com\/wp-content\/uploads\/2023\/11\/FOTOS-IMATGES-PREVIEW-6.png","datePublished":"2023-10-27T08:24:00+00:00","dateModified":"2024-02-28T09:03:49+00:00","description":"D\u00e9couvrez les meilleurs terrains \u00e0 vendre \u00e0 Mai\u00e0 de Montcal, Corredor Mat\u00f3 vous aidera \u00e0 concr\u00e9tiser votre projet.","breadcrumb":{"@id":"https:\/\/www.corredormato.com\/fr\/vente-costa-brava\/maia-de-montcal\/terrains\/#breadcrumb"},"inLanguage":"fr-FR","potentialAction":[{"@type":"ReadAction","target":["https:\/\/www.corredormato.com\/fr\/vente-costa-brava\/maia-de-montcal\/terrains\/"]}]},{"@type":"BreadcrumbList","@id":"https:\/\/www.corredormato.com\/fr\/vente-costa-brava\/maia-de-montcal\/terrains\/#breadcrumb","itemListElement":[{"@type":"ListItem","position":1,"name":"Home","item":"https:\/\/www.corredormato.com\/fr\/"},{"@type":"ListItem","position":2,"name":"Vente Costa Brava","item":"https:\/\/www.corredormato.com\/fr\/venda-costa-brava\/"},{"@type":"ListItem","position":3,"name":"Corredor Mat\u00f3 \u00b7 Propri\u00e9t\u00e9s \u00e0 vendre \u00e0 Mai\u00e0 de Montcal","item":"https:\/\/www.corredormato.com\/fr\/venda-costa-brava\/maia-de-montcal\/"},{"@type":"ListItem","position":4,"name":"Terrain \u00e0 vendre \u00e0 Mai\u00e0 de Montcal"}]},{"@type":"WebSite","@id":"https:\/\/www.corredormato.com\/fr\/#website","url":"https:\/\/www.corredormato.com\/fr\/","name":"Corredor Mat\u00f3 Real Estate &amp; Property Management","description":"Real Estate &amp; Property Management","publisher":{"@id":"https:\/\/www.corredormato.com\/fr\/#organization"},"alternateName":"Corredor Mat\u00f3","potentialAction":[{"@type":"SearchAction","target":{"@type":"EntryPoint","urlTemplate":"https:\/\/www.corredormato.com\/resultats-de-cerca-lloguer\/?search_text={search_term_string}"},"query-input":{"@type":"PropertyValueSpecification","valueRequired":true,"valueName":"search_term_string"}}],"inLanguage":"fr-FR"},{"@type":"Organization","@id":"https:\/\/www.corredormato.com\/fr\/#organization","name":"Corredor Mat\u00f3 | Real Estate & Property Management","url":"https:\/\/www.corredormato.com\/fr\/","logo":{"@type":"ImageObject","inLanguage":"fr-FR","@id":"https:\/\/www.corredormato.com\/fr\/#\/schema\/logo\/image\/","url":"https:\/\/www.corredormato.com\/wp-content\/uploads\/2021\/04\/logo.png","contentUrl":"https:\/\/www.corredormato.com\/wp-content\/uploads\/2021\/04\/logo.png","width":970,"height":225,"caption":"Corredor Mat\u00f3 | Real Estate & Property Management"},"image":{"@id":"https:\/\/www.corredormato.com\/fr\/#\/schema\/logo\/image\/"}}]}},"_links":{"self":[{"href":"https:\/\/www.corredormato.com\/fr\/wp-json\/wp\/v2\/pages\/10381","targetHints":{"allow":["GET"]}}],"collection":[{"href":"https:\/\/www.corredormato.com\/fr\/wp-json\/wp\/v2\/pages"}],"about":[{"href":"https:\/\/www.corredormato.com\/fr\/wp-json\/wp\/v2\/types\/page"}],"author":[{"embeddable":true,"href":"https:\/\/www.corredormato.com\/fr\/wp-json\/wp\/v2\/users\/4"}],"replies":[{"embeddable":true,"href":"https:\/\/www.corredormato.com\/fr\/wp-json\/wp\/v2\/comments?post=10381"}],"version-history":[{"count":2,"href":"https:\/\/www.corredormato.com\/fr\/wp-json\/wp\/v2\/pages\/10381\/revisions"}],"predecessor-version":[{"id":14872,"href":"https:\/\/www.corredormato.com\/fr\/wp-json\/wp\/v2\/pages\/10381\/revisions\/14872"}],"up":[{"embeddable":true,"href":"https:\/\/www.corredormato.com\/fr\/wp-json\/wp\/v2\/pages\/8954"}],"wp:featuredmedia":[{"embeddable":true,"href":"https:\/\/www.corredormato.com\/fr\/wp-json\/wp\/v2\/media\/10811"}],"wp:attachment":[{"href":"https:\/\/www.corredormato.com\/fr\/wp-json\/wp\/v2\/media?parent=10381"}],"curies":[{"name":"wp","href":"https:\/\/api.w.org\/{rel}","templated":true}]}}