{"id":10746,"date":"2023-11-02T09:59:06","date_gmt":"2023-11-02T07:59:06","guid":{"rendered":"http:\/\/52.30.243.130\/vente-costa-braqva\/palafrugell\/terrains\/"},"modified":"2024-02-27T14:19:19","modified_gmt":"2024-02-27T12:19:19","slug":"terrains","status":"publish","type":"page","link":"https:\/\/www.corredormato.com\/fr\/vente-costa-brava\/palafrugell\/terrains\/","title":{"rendered":"Terrain \u00e0 vendre \u00e0 Palafrugell"},"content":{"rendered":"\t\t<div data-elementor-type=\"wp-page\" data-elementor-id=\"10746\" class=\"elementor elementor-10746 elementor-8859\" data-elementor-post-type=\"page\">\n\t\t\t\t\t\t<section class=\"elementor-section elementor-top-section elementor-element elementor-element-dc63aae elementor-section-full_width elementor-section-height-default elementor-section-height-default\" data-id=\"dc63aae\" data-element_type=\"section\" data-e-type=\"section\">\n\t\t\t\t\t\t<div class=\"elementor-container elementor-column-gap-default\">\n\t\t\t\t\t<div class=\"elementor-column elementor-col-100 elementor-top-column elementor-element elementor-element-270dbd6\" data-id=\"270dbd6\" data-element_type=\"column\" data-e-type=\"column\">\n\t\t\t<div class=\"elementor-widget-wrap elementor-element-populated\">\n\t\t\t\t\t\t<div class=\"elementor-element elementor-element-2b1505a listado-general elementor-widget elementor-widget-shortcode\" data-id=\"2b1505a\" data-element_type=\"widget\" data-e-type=\"widget\" data-widget_type=\"shortcode.default\">\n\t\t\t\t<div class=\"elementor-widget-container\">\n\t\t\t\t\t\t\t<div class=\"elementor-shortcode\">  <div class=\"n2r__list n2r__list--empty\">\n    <h3>Aucun r\u00e9sultat trouv\u00e9. Veuillez nous contacter pour que nous puissions vous aider.<\/h3>\n  <\/div>\n<\/div>\n\t\t\t\t\t\t<\/div>\n\t\t\t\t<\/div>\n\t\t\t\t\t<\/div>\n\t\t<\/div>\n\t\t\t\t\t<\/div>\n\t\t<\/section>\n\t\t\t\t<section class=\"elementor-section elementor-top-section elementor-element elementor-element-4233ce1 elementor-section-boxed elementor-section-height-default elementor-section-height-default\" data-id=\"4233ce1\" data-element_type=\"section\" data-e-type=\"section\" data-settings=\"{&quot;background_background&quot;:&quot;classic&quot;}\">\n\t\t\t\t\t\t<div class=\"elementor-container elementor-column-gap-default\">\n\t\t\t\t\t<div class=\"elementor-column elementor-col-100 elementor-top-column elementor-element elementor-element-f87dbcf\" data-id=\"f87dbcf\" data-element_type=\"column\" data-e-type=\"column\">\n\t\t\t<div class=\"elementor-widget-wrap elementor-element-populated\">\n\t\t\t\t\t\t<div class=\"elementor-element elementor-element-01dd777 elementor-widget__width-inherit elementor-widget elementor-widget-text-editor\" data-id=\"01dd777\" data-element_type=\"widget\" data-e-type=\"widget\" data-widget_type=\"text-editor.default\">\n\t\t\t\t<div class=\"elementor-widget-container\">\n\t\t\t\t\t\t\t\t\t<h2>Palafrugell vous appelle<\/h2>\n<p>Est-ce que tu ressens \u00e7a? C&#8217;est le frisson de la nouveaut\u00e9, la promesse de l&#8217;aventure. C&#8217;est <strong>Palafrugell<\/strong> qui vous invite \u00e0 faire partie de son tissu, tiss\u00e9 de culture, d&#8217;histoire et de l&#8217;\u00e9nergie vibrante de lieux proches tels que <strong>Palafrugell<\/strong>, <strong>Calella<\/strong>, <strong>Llafranc<\/strong> et <strong>Tamariu<\/strong>. Ici, au <strong>Corredor<\/strong> <strong>Mat\u00f3<\/strong>, nous ne vous proposons pas seulement un terrain ; nous vous pr\u00e9sentons une destination pour votre prochaine grande histoire.<\/p>\n<p>Oubliez un instant les transactions et les contrats. Pensez au parfum des pins, au son de la communaut\u00e9 et \u00e0 la possibilit\u00e9 d\u2019un avenir enti\u00e8rement entre vos mains. Voil\u00e0 ce que signifie trouver votre terrain \u00e0 <strong>Palafrugell<\/strong>. C&#8217;est plus qu&#8217;un achat\u00a0; c&#8217;est un appel \u00e0 changer de vie.<\/p>\n<p>Nous sommes l\u00e0, pr\u00eats \u00e0 vous \u00e9couter, \u00e0 comprendre et \u00e0 vous aider \u00e0 naviguer vers cet endroit sp\u00e9cial qui vous attend. Parce que nous savons que vous ne cherchez pas \u00e0 acheter n\u2019importe quel terrain. Vous recherchez un \u00e9cho \u00e0 vos aspirations, un terrain \u00e0 construire plus qu&#8217;une structure, un lieu o\u00f9 les rires rempliront l&#8217;air et o\u00f9 chaque recoin refl\u00e9tera vos espoirs.<\/p>\n<p>Alors on y va ? Ensemble, parcourons les sentiers de <strong>Palafrugell<\/strong> et d\u00e9couvrons le lieu o\u00f9 se dessinera votre avenir. Avec <strong>Corredor Mat\u00f3<\/strong>, vous faites un pas de plus vers votre domicile.<\/p>\n<p>Si Palafrugell vous int\u00e9resse, vous pourriez \u00e9galement \u00eatre int\u00e9ress\u00e9 par la recherche d&#8217;un terrain \u00e0 <strong><a href=\"https:\/\/www.corredormato.com\/fr\/vente-costa-brava\/begur\/terrain\/\">Begur<\/a>, <a href=\"https:\/\/www.corredormato.com\/fr\/vente-costa-brava\/tamariu\/terrains\/\">Tamariu<\/a><\/strong> ou \u00e0 <a href=\"https:\/\/www.corredormato.com\/fr\/vente-costa-brava\/mont-ras\/terrains\/\"><strong>Mont-ras<\/strong><\/a>.<\/p>\n\t\t\t\t\t\t\t\t<\/div>\n\t\t\t\t<\/div>\n\t\t\t\t\t<\/div>\n\t\t<\/div>\n\t\t\t\t\t<\/div>\n\t\t<\/section>\n\t\t\t\t<section class=\"elementor-section elementor-top-section elementor-element elementor-element-d006bf6 elementor-section-boxed elementor-section-height-default elementor-section-height-default\" data-id=\"d006bf6\" data-element_type=\"section\" data-e-type=\"section\" data-settings=\"{&quot;background_background&quot;:&quot;classic&quot;}\">\n\t\t\t\t\t\t<div class=\"elementor-container elementor-column-gap-default\">\n\t\t\t\t\t<div class=\"elementor-column elementor-col-100 elementor-top-column elementor-element elementor-element-d43f283\" data-id=\"d43f283\" data-element_type=\"column\" data-e-type=\"column\">\n\t\t\t<div class=\"elementor-widget-wrap elementor-element-populated\">\n\t\t\t\t\t\t<div class=\"elementor-element elementor-element-e4f0adc elementor-widget elementor-widget-shortcode\" data-id=\"e4f0adc\" data-element_type=\"widget\" data-e-type=\"widget\" data-widget_type=\"shortcode.default\">\n\t\t\t\t<div class=\"elementor-widget-container\">\n\t\t\t\t\t\t\t<div class=\"elementor-shortcode\"><style>.wp-show-posts-columns#wpsp-8901 {margin-left: -2em; }.wp-show-posts-columns#wpsp-8901 .wp-show-posts-inner {margin: 0 0 2em 2em; }<\/style><section id=\"wpsp-8901\" class=\" wp-show-posts-columns wp-show-posts\" style=\"\"><div class=\"wpsp-no-results\" style=\"margin-left: 2em;\"><p>No s'han trobat entrades.<\/p>\n<\/div><div class=\"wpsp-clear\"><\/div><\/section><!-- .wp-show-posts --><\/div>\n\t\t\t\t\t\t<\/div>\n\t\t\t\t<\/div>\n\t\t\t\t\t<\/div>\n\t\t<\/div>\n\t\t\t\t\t<\/div>\n\t\t<\/section>\n\t\t\t\t<\/div>\n\t\t","protected":false},"excerpt":{"rendered":"<p>Palafrugell vous appelle Est-ce que tu ressens \u00e7a? C&#8217;est le frisson de la nouveaut\u00e9, la promesse de l&#8217;aventure. C&#8217;est Palafrugell qui vous invite \u00e0 faire partie de son tissu, tiss\u00e9 de culture, d&#8217;histoire et de l&#8217;\u00e9nergie vibrante de lieux proches tels que Palafrugell, Calella, Llafranc et Tamariu. Ici, au Corredor Mat\u00f3, nous ne vous proposons [&hellip;]<\/p>\n","protected":false},"author":4,"featured_media":14408,"parent":4585,"menu_order":0,"comment_status":"closed","ping_status":"closed","template":"","meta":{"footnotes":""},"class_list":["post-10746","page","type-page","status-publish","has-post-thumbnail","hentry"],"yoast_head":"<!-- This site is optimized with the Yoast SEO plugin v27.3 - https:\/\/yoast.com\/product\/yoast-seo-wordpress\/ -->\n<title>Corredor Mat\u00f3 Real Estate \u00b7 Terrain \u00e0 vendre \u00e0 Palafrugell<\/title>\n<meta name=\"description\" content=\"D\u00e9couvrez le terrain le plus appropri\u00e9 pour construire votre prochaine maison, contactez Corredor Mat\u00f3 au 972 62 00 16 et nous vous aiderons dans le processus.\" \/>\n<meta name=\"robots\" content=\"index, follow, max-snippet:-1, max-image-preview:large, max-video-preview:-1\" \/>\n<link rel=\"canonical\" href=\"https:\/\/www.corredormato.com\/fr\/vente-costa-brava\/palafrugell\/terrains\/\" \/>\n<meta property=\"og:locale\" content=\"fr_FR\" \/>\n<meta property=\"og:type\" content=\"article\" \/>\n<meta property=\"og:title\" content=\"Corredor Mat\u00f3 Real Estate \u00b7 Terrain \u00e0 vendre \u00e0 Palafrugell\" \/>\n<meta property=\"og:description\" content=\"D\u00e9couvrez le terrain le plus appropri\u00e9 pour construire votre prochaine maison, contactez Corredor Mat\u00f3 au 972 62 00 16 et nous vous aiderons dans le processus.\" \/>\n<meta property=\"og:url\" content=\"https:\/\/www.corredormato.com\/fr\/vente-costa-brava\/palafrugell\/terrains\/\" \/>\n<meta property=\"og:site_name\" content=\"Corredor Mat\u00f3 Real Estate &amp; Property Management\" \/>\n<meta property=\"article:modified_time\" content=\"2024-02-27T12:19:19+00:00\" \/>\n<meta property=\"og:image\" content=\"https:\/\/www.corredormato.com\/wp-content\/uploads\/2024\/02\/FOTOS-IMATGES-PREVIEW-44.jpg\" \/>\n\t<meta property=\"og:image:width\" content=\"1280\" \/>\n\t<meta property=\"og:image:height\" content=\"887\" \/>\n\t<meta property=\"og:image:type\" content=\"image\/jpeg\" \/>\n<meta name=\"twitter:card\" content=\"summary_large_image\" \/>\n<meta name=\"twitter:label1\" content=\"Dur\u00e9e de lecture estim\u00e9e\" \/>\n\t<meta name=\"twitter:data1\" content=\"1 minute\" \/>\n<script type=\"application\/ld+json\" class=\"yoast-schema-graph\">{\"@context\":\"https:\\\/\\\/schema.org\",\"@graph\":[{\"@type\":\"WebPage\",\"@id\":\"https:\\\/\\\/www.corredormato.com\\\/fr\\\/vente-costa-brava\\\/palafrugell\\\/terrains\\\/\",\"url\":\"https:\\\/\\\/www.corredormato.com\\\/fr\\\/vente-costa-brava\\\/palafrugell\\\/terrains\\\/\",\"name\":\"Corredor Mat\u00f3 Real Estate \u00b7 Terrain \u00e0 vendre \u00e0 Palafrugell\",\"isPartOf\":{\"@id\":\"https:\\\/\\\/www.corredormato.com\\\/fr\\\/#website\"},\"primaryImageOfPage\":{\"@id\":\"https:\\\/\\\/www.corredormato.com\\\/fr\\\/vente-costa-brava\\\/palafrugell\\\/terrains\\\/#primaryimage\"},\"image\":{\"@id\":\"https:\\\/\\\/www.corredormato.com\\\/fr\\\/vente-costa-brava\\\/palafrugell\\\/terrains\\\/#primaryimage\"},\"thumbnailUrl\":\"https:\\\/\\\/www.corredormato.com\\\/wp-content\\\/uploads\\\/2024\\\/02\\\/FOTOS-IMATGES-PREVIEW-44.jpg\",\"datePublished\":\"2023-11-02T07:59:06+00:00\",\"dateModified\":\"2024-02-27T12:19:19+00:00\",\"description\":\"D\u00e9couvrez le terrain le plus appropri\u00e9 pour construire votre prochaine maison, contactez Corredor Mat\u00f3 au 972 62 00 16 et nous vous aiderons dans le processus.\",\"breadcrumb\":{\"@id\":\"https:\\\/\\\/www.corredormato.com\\\/fr\\\/vente-costa-brava\\\/palafrugell\\\/terrains\\\/#breadcrumb\"},\"inLanguage\":\"fr-FR\",\"potentialAction\":[{\"@type\":\"ReadAction\",\"target\":[\"https:\\\/\\\/www.corredormato.com\\\/fr\\\/vente-costa-brava\\\/palafrugell\\\/terrains\\\/\"]}]},{\"@type\":\"BreadcrumbList\",\"@id\":\"https:\\\/\\\/www.corredormato.com\\\/fr\\\/vente-costa-brava\\\/palafrugell\\\/terrains\\\/#breadcrumb\",\"itemListElement\":[{\"@type\":\"ListItem\",\"position\":1,\"name\":\"Home\",\"item\":\"https:\\\/\\\/www.corredormato.com\\\/fr\\\/\"},{\"@type\":\"ListItem\",\"position\":2,\"name\":\"Vente Costa Brava\",\"item\":\"https:\\\/\\\/www.corredormato.com\\\/fr\\\/venda-costa-brava\\\/\"},{\"@type\":\"ListItem\",\"position\":3,\"name\":\"Propri\u00e9t\u00e9s \u00e0 vendre \u00e0 Palafrugell\",\"item\":\"https:\\\/\\\/www.corredormato.com\\\/fr\\\/venda-costa-brava\\\/palafrugell\\\/\"},{\"@type\":\"ListItem\",\"position\":4,\"name\":\"Terrain \u00e0 vendre \u00e0 Palafrugell\"}]},{\"@type\":\"WebSite\",\"@id\":\"https:\\\/\\\/www.corredormato.com\\\/fr\\\/#website\",\"url\":\"https:\\\/\\\/www.corredormato.com\\\/fr\\\/\",\"name\":\"Corredor Mat\u00f3 Real Estate &amp; Property Management\",\"description\":\"Real Estate &amp; Property Management\",\"publisher\":{\"@id\":\"https:\\\/\\\/www.corredormato.com\\\/fr\\\/#organization\"},\"alternateName\":\"Corredor Mat\u00f3\",\"potentialAction\":[{\"@type\":\"SearchAction\",\"target\":{\"@type\":\"EntryPoint\",\"urlTemplate\":\"https:\\\/\\\/www.corredormato.com\\\/resultats-de-cerca-lloguer\\\/?search_text={search_term_string}\"},\"query-input\":{\"@type\":\"PropertyValueSpecification\",\"valueRequired\":true,\"valueName\":\"search_term_string\"}}],\"inLanguage\":\"fr-FR\"},{\"@type\":\"Organization\",\"@id\":\"https:\\\/\\\/www.corredormato.com\\\/fr\\\/#organization\",\"name\":\"Corredor Mat\u00f3 | Real Estate & Property Management\",\"url\":\"https:\\\/\\\/www.corredormato.com\\\/fr\\\/\",\"logo\":{\"@type\":\"ImageObject\",\"inLanguage\":\"fr-FR\",\"@id\":\"https:\\\/\\\/www.corredormato.com\\\/fr\\\/#\\\/schema\\\/logo\\\/image\\\/\",\"url\":\"https:\\\/\\\/www.corredormato.com\\\/wp-content\\\/uploads\\\/2021\\\/04\\\/logo.png\",\"contentUrl\":\"https:\\\/\\\/www.corredormato.com\\\/wp-content\\\/uploads\\\/2021\\\/04\\\/logo.png\",\"width\":970,\"height\":225,\"caption\":\"Corredor Mat\u00f3 | Real Estate & Property Management\"},\"image\":{\"@id\":\"https:\\\/\\\/www.corredormato.com\\\/fr\\\/#\\\/schema\\\/logo\\\/image\\\/\"}}]}<\/script>\n<!-- \/ Yoast SEO plugin. -->","yoast_head_json":{"title":"Corredor Mat\u00f3 Real Estate \u00b7 Terrain \u00e0 vendre \u00e0 Palafrugell","description":"D\u00e9couvrez le terrain le plus appropri\u00e9 pour construire votre prochaine maison, contactez Corredor Mat\u00f3 au 972 62 00 16 et nous vous aiderons dans le processus.","robots":{"index":"index","follow":"follow","max-snippet":"max-snippet:-1","max-image-preview":"max-image-preview:large","max-video-preview":"max-video-preview:-1"},"canonical":"https:\/\/www.corredormato.com\/fr\/vente-costa-brava\/palafrugell\/terrains\/","og_locale":"fr_FR","og_type":"article","og_title":"Corredor Mat\u00f3 Real Estate \u00b7 Terrain \u00e0 vendre \u00e0 Palafrugell","og_description":"D\u00e9couvrez le terrain le plus appropri\u00e9 pour construire votre prochaine maison, contactez Corredor Mat\u00f3 au 972 62 00 16 et nous vous aiderons dans le processus.","og_url":"https:\/\/www.corredormato.com\/fr\/vente-costa-brava\/palafrugell\/terrains\/","og_site_name":"Corredor Mat\u00f3 Real Estate &amp; Property Management","article_modified_time":"2024-02-27T12:19:19+00:00","og_image":[{"width":1280,"height":887,"url":"https:\/\/www.corredormato.com\/wp-content\/uploads\/2024\/02\/FOTOS-IMATGES-PREVIEW-44.jpg","type":"image\/jpeg"}],"twitter_card":"summary_large_image","twitter_misc":{"Dur\u00e9e de lecture estim\u00e9e":"1 minute"},"schema":{"@context":"https:\/\/schema.org","@graph":[{"@type":"WebPage","@id":"https:\/\/www.corredormato.com\/fr\/vente-costa-brava\/palafrugell\/terrains\/","url":"https:\/\/www.corredormato.com\/fr\/vente-costa-brava\/palafrugell\/terrains\/","name":"Corredor Mat\u00f3 Real Estate \u00b7 Terrain \u00e0 vendre \u00e0 Palafrugell","isPartOf":{"@id":"https:\/\/www.corredormato.com\/fr\/#website"},"primaryImageOfPage":{"@id":"https:\/\/www.corredormato.com\/fr\/vente-costa-brava\/palafrugell\/terrains\/#primaryimage"},"image":{"@id":"https:\/\/www.corredormato.com\/fr\/vente-costa-brava\/palafrugell\/terrains\/#primaryimage"},"thumbnailUrl":"https:\/\/www.corredormato.com\/wp-content\/uploads\/2024\/02\/FOTOS-IMATGES-PREVIEW-44.jpg","datePublished":"2023-11-02T07:59:06+00:00","dateModified":"2024-02-27T12:19:19+00:00","description":"D\u00e9couvrez le terrain le plus appropri\u00e9 pour construire votre prochaine maison, contactez Corredor Mat\u00f3 au 972 62 00 16 et nous vous aiderons dans le processus.","breadcrumb":{"@id":"https:\/\/www.corredormato.com\/fr\/vente-costa-brava\/palafrugell\/terrains\/#breadcrumb"},"inLanguage":"fr-FR","potentialAction":[{"@type":"ReadAction","target":["https:\/\/www.corredormato.com\/fr\/vente-costa-brava\/palafrugell\/terrains\/"]}]},{"@type":"BreadcrumbList","@id":"https:\/\/www.corredormato.com\/fr\/vente-costa-brava\/palafrugell\/terrains\/#breadcrumb","itemListElement":[{"@type":"ListItem","position":1,"name":"Home","item":"https:\/\/www.corredormato.com\/fr\/"},{"@type":"ListItem","position":2,"name":"Vente Costa Brava","item":"https:\/\/www.corredormato.com\/fr\/venda-costa-brava\/"},{"@type":"ListItem","position":3,"name":"Propri\u00e9t\u00e9s \u00e0 vendre \u00e0 Palafrugell","item":"https:\/\/www.corredormato.com\/fr\/venda-costa-brava\/palafrugell\/"},{"@type":"ListItem","position":4,"name":"Terrain \u00e0 vendre \u00e0 Palafrugell"}]},{"@type":"WebSite","@id":"https:\/\/www.corredormato.com\/fr\/#website","url":"https:\/\/www.corredormato.com\/fr\/","name":"Corredor Mat\u00f3 Real Estate &amp; Property Management","description":"Real Estate &amp; Property Management","publisher":{"@id":"https:\/\/www.corredormato.com\/fr\/#organization"},"alternateName":"Corredor Mat\u00f3","potentialAction":[{"@type":"SearchAction","target":{"@type":"EntryPoint","urlTemplate":"https:\/\/www.corredormato.com\/resultats-de-cerca-lloguer\/?search_text={search_term_string}"},"query-input":{"@type":"PropertyValueSpecification","valueRequired":true,"valueName":"search_term_string"}}],"inLanguage":"fr-FR"},{"@type":"Organization","@id":"https:\/\/www.corredormato.com\/fr\/#organization","name":"Corredor Mat\u00f3 | Real Estate & Property Management","url":"https:\/\/www.corredormato.com\/fr\/","logo":{"@type":"ImageObject","inLanguage":"fr-FR","@id":"https:\/\/www.corredormato.com\/fr\/#\/schema\/logo\/image\/","url":"https:\/\/www.corredormato.com\/wp-content\/uploads\/2021\/04\/logo.png","contentUrl":"https:\/\/www.corredormato.com\/wp-content\/uploads\/2021\/04\/logo.png","width":970,"height":225,"caption":"Corredor Mat\u00f3 | Real Estate & Property Management"},"image":{"@id":"https:\/\/www.corredormato.com\/fr\/#\/schema\/logo\/image\/"}}]}},"_links":{"self":[{"href":"https:\/\/www.corredormato.com\/fr\/wp-json\/wp\/v2\/pages\/10746","targetHints":{"allow":["GET"]}}],"collection":[{"href":"https:\/\/www.corredormato.com\/fr\/wp-json\/wp\/v2\/pages"}],"about":[{"href":"https:\/\/www.corredormato.com\/fr\/wp-json\/wp\/v2\/types\/page"}],"author":[{"embeddable":true,"href":"https:\/\/www.corredormato.com\/fr\/wp-json\/wp\/v2\/users\/4"}],"replies":[{"embeddable":true,"href":"https:\/\/www.corredormato.com\/fr\/wp-json\/wp\/v2\/comments?post=10746"}],"version-history":[{"count":4,"href":"https:\/\/www.corredormato.com\/fr\/wp-json\/wp\/v2\/pages\/10746\/revisions"}],"predecessor-version":[{"id":14917,"href":"https:\/\/www.corredormato.com\/fr\/wp-json\/wp\/v2\/pages\/10746\/revisions\/14917"}],"up":[{"embeddable":true,"href":"https:\/\/www.corredormato.com\/fr\/wp-json\/wp\/v2\/pages\/4585"}],"wp:featuredmedia":[{"embeddable":true,"href":"https:\/\/www.corredormato.com\/fr\/wp-json\/wp\/v2\/media\/14408"}],"wp:attachment":[{"href":"https:\/\/www.corredormato.com\/fr\/wp-json\/wp\/v2\/media?parent=10746"}],"curies":[{"name":"wp","href":"https:\/\/api.w.org\/{rel}","templated":true}]}}