{"id":10769,"date":"2023-11-02T10:13:37","date_gmt":"2023-11-02T08:13:37","guid":{"rendered":"http:\/\/52.30.243.130\/vente-costa-braqva\/santa-cristina-daro\/terrains\/"},"modified":"2024-02-28T12:14:35","modified_gmt":"2024-02-28T10:14:35","slug":"terrains","status":"publish","type":"page","link":"https:\/\/www.corredormato.com\/fr\/vente-costa-brava\/santa-cristina-daro\/terrains\/","title":{"rendered":"Terrain \u00e0 vendre \u00e0 Santa Cristina d&#8217;Aro"},"content":{"rendered":"\t\t<div data-elementor-type=\"wp-page\" data-elementor-id=\"10769\" class=\"elementor elementor-10769 elementor-8870\" data-elementor-post-type=\"page\">\n\t\t\t\t\t\t<section class=\"elementor-section elementor-top-section elementor-element elementor-element-3cb12bf elementor-section-full_width elementor-section-height-default elementor-section-height-default\" data-id=\"3cb12bf\" data-element_type=\"section\" data-e-type=\"section\">\n\t\t\t\t\t\t<div class=\"elementor-container elementor-column-gap-default\">\n\t\t\t\t\t<div class=\"elementor-column elementor-col-100 elementor-top-column elementor-element elementor-element-b4067cd\" data-id=\"b4067cd\" data-element_type=\"column\" data-e-type=\"column\">\n\t\t\t<div class=\"elementor-widget-wrap elementor-element-populated\">\n\t\t\t\t\t\t<div class=\"elementor-element elementor-element-7f8d17e listado-general elementor-widget elementor-widget-shortcode\" data-id=\"7f8d17e\" data-element_type=\"widget\" data-e-type=\"widget\" id=\"listado-general\" data-widget_type=\"shortcode.default\">\n\t\t\t\t<div class=\"elementor-widget-container\">\n\t\t\t\t\t\t\t<div class=\"elementor-shortcode\">  <div class=\"n2r__list n2r__list--empty\">\n    <h3>Aucun r\u00e9sultat trouv\u00e9. Veuillez nous contacter pour que nous puissions vous aider.<\/h3>\n  <\/div>\n<\/div>\n\t\t\t\t\t\t<\/div>\n\t\t\t\t<\/div>\n\t\t\t\t\t<\/div>\n\t\t<\/div>\n\t\t\t\t\t<\/div>\n\t\t<\/section>\n\t\t\t\t<section class=\"elementor-section elementor-top-section elementor-element elementor-element-c0cdd4b elementor-section-boxed elementor-section-height-default elementor-section-height-default\" data-id=\"c0cdd4b\" data-element_type=\"section\" data-e-type=\"section\" data-settings=\"{&quot;background_background&quot;:&quot;classic&quot;}\">\n\t\t\t\t\t\t<div class=\"elementor-container elementor-column-gap-default\">\n\t\t\t\t\t<div class=\"elementor-column elementor-col-100 elementor-top-column elementor-element elementor-element-2ec8fce\" data-id=\"2ec8fce\" data-element_type=\"column\" data-e-type=\"column\">\n\t\t\t<div class=\"elementor-widget-wrap elementor-element-populated\">\n\t\t\t\t\t\t<div class=\"elementor-element elementor-element-a420e29 elementor-widget__width-inherit elementor-widget elementor-widget-text-editor\" data-id=\"a420e29\" data-element_type=\"widget\" data-e-type=\"widget\" data-widget_type=\"text-editor.default\">\n\t\t\t\t<div class=\"elementor-widget-container\">\n\t\t\t\t\t\t\t\t\t<h2>Un refuge \u00e0 Santa Cristina d&#8217;Aro : votre histoire attend d&#8217;\u00eatre \u00e9crite<\/h2>\n<p>Bienvenue \u00e0 <strong>Santa Cristina d&#8217;Aro<\/strong>, o\u00f9 chaque chemin m\u00e8ne \u00e0 un avenir \u00e0 d\u00e9couvrir et o\u00f9 chaque brise raconte une histoire diff\u00e9rente. Chez <strong>Corredor Mat\u00f3<\/strong>, nous ne vous proposons pas seulement des terrains ; nous vous pr\u00e9sentons un chapitre non \u00e9crit du livre de votre vie, dans un endroit o\u00f9 la nature rencontre le confort et o\u00f9 l&#8217;aventure pointe le bout de son nez \u00e0 chaque coin de rue.<\/p>\n<p>Oubliez un instant les chiffres et les plans. Pensez aux couchers de soleil sans fin, aux rires qui r\u00e9sonneront dans une maison qui n&#8217;a pas encore \u00e9t\u00e9 construite, \u00e0 l&#8217;ar\u00f4me de libert\u00e9 que seul un endroit comme <strong>Santa Cristina d&#8217;Aro<\/strong>, nich\u00e9 entre la vitalit\u00e9 de <strong>Platja d&#8217;Aro<\/strong> et la tranquillit\u00e9 de <strong>Romany\u00e0 de la Selva<\/strong> peut vous offrir.<\/p>\n<p>Nous sommes l\u00e0 pour vous \u00e9couter. Nous voulons conna\u00eetre les histoires que vous souhaitez vivre, les souvenirs que vous d\u00e9sirez cr\u00e9er. Parce que nous savons que ce voyage va au-del\u00e0 de l&#8217;achat d&#8217;un terrain \u00e0 <strong>Santa Cristina d&#8217;Aro<\/strong> ; il s&#8217;agit d&#8217;investir dans vos r\u00eaves et de trouver cet endroit sp\u00e9cial qui les accueillera.<br \/>\nAlors, tu nous laisses te rejoindre ? Ensemble, nous pourrons explorer les coins magiques de <strong>Santa Cristina d&#8217;Aro<\/strong> et trouver cet espace unique o\u00f9 s&#8217;\u00e9panouira votre avenir. Chez <strong>Corredor Mat\u00f3<\/strong>, nous sommes ravis de vous aider \u00e0 construire non seulement une maison, mais une maison pleine d&#8217;amour et de nouvelles aventures.<\/p>\n<p>Si la r\u00e9gion de <strong>Santa Cristina d&#8217;Aro<\/strong> vous int\u00e9resse, vous pourriez \u00e9galement \u00eatre int\u00e9ress\u00e9 par des terrains \u00e0 vendre \u00e0 <strong>Platja d&#8217;Aro<\/strong> ou \u00e0 <strong>Sant Feliu de Gu\u00edxols<\/strong>.<\/p>\n\t\t\t\t\t\t\t\t<\/div>\n\t\t\t\t<\/div>\n\t\t\t\t\t<\/div>\n\t\t<\/div>\n\t\t\t\t\t<\/div>\n\t\t<\/section>\n\t\t\t\t<section class=\"elementor-section elementor-top-section elementor-element elementor-element-d79c4f0 elementor-section-boxed elementor-section-height-default elementor-section-height-default\" data-id=\"d79c4f0\" data-element_type=\"section\" data-e-type=\"section\" data-settings=\"{&quot;background_background&quot;:&quot;classic&quot;}\">\n\t\t\t\t\t\t<div class=\"elementor-container elementor-column-gap-default\">\n\t\t\t\t\t<div class=\"elementor-column elementor-col-100 elementor-top-column elementor-element elementor-element-f1f2d94\" data-id=\"f1f2d94\" data-element_type=\"column\" data-e-type=\"column\">\n\t\t\t<div class=\"elementor-widget-wrap elementor-element-populated\">\n\t\t\t\t\t\t<div class=\"elementor-element elementor-element-42b0eac elementor-widget elementor-widget-shortcode\" data-id=\"42b0eac\" data-element_type=\"widget\" data-e-type=\"widget\" data-widget_type=\"shortcode.default\">\n\t\t\t\t<div class=\"elementor-widget-container\">\n\t\t\t\t\t\t\t<div class=\"elementor-shortcode\"><style>.wp-show-posts-columns#wpsp-8901 {margin-left: -2em; }.wp-show-posts-columns#wpsp-8901 .wp-show-posts-inner {margin: 0 0 2em 2em; }<\/style><section id=\"wpsp-8901\" class=\" wp-show-posts-columns wp-show-posts\" style=\"\"><div class=\"wpsp-no-results\" style=\"margin-left: 2em;\"><p>No s'han trobat entrades.<\/p>\n<\/div><div class=\"wpsp-clear\"><\/div><\/section><!-- .wp-show-posts --><\/div>\n\t\t\t\t\t\t<\/div>\n\t\t\t\t<\/div>\n\t\t\t\t\t<\/div>\n\t\t<\/div>\n\t\t\t\t\t<\/div>\n\t\t<\/section>\n\t\t\t\t<\/div>\n\t\t","protected":false},"excerpt":{"rendered":"<p>Un refuge \u00e0 Santa Cristina d&#8217;Aro : votre histoire attend d&#8217;\u00eatre \u00e9crite Bienvenue \u00e0 Santa Cristina d&#8217;Aro, o\u00f9 chaque chemin m\u00e8ne \u00e0 un avenir \u00e0 d\u00e9couvrir et o\u00f9 chaque brise raconte une histoire diff\u00e9rente. Chez Corredor Mat\u00f3, nous ne vous proposons pas seulement des terrains ; nous vous pr\u00e9sentons un chapitre non \u00e9crit du livre [&hellip;]<\/p>\n","protected":false},"author":4,"featured_media":8044,"parent":4698,"menu_order":0,"comment_status":"closed","ping_status":"closed","template":"","meta":{"footnotes":""},"class_list":["post-10769","page","type-page","status-publish","has-post-thumbnail","hentry"],"yoast_head":"<!-- This site is optimized with the Yoast SEO plugin v27.4 - https:\/\/yoast.com\/product\/yoast-seo-wordpress\/ -->\n<title>Terrain \u00e0 vendre \u00e0 Santa Cristina d&#039;Aro<\/title>\n<meta name=\"description\" content=\"D\u00e9couvrez le meilleur portefeuille de terrains pour pouvoir choisir parmi une grande vari\u00e9t\u00e9 celui qui convient le mieux \u00e0 votre projet.\" \/>\n<meta name=\"robots\" content=\"index, follow, max-snippet:-1, max-image-preview:large, max-video-preview:-1\" \/>\n<link rel=\"canonical\" href=\"https:\/\/www.corredormato.com\/fr\/vente-costa-brava\/santa-cristina-daro\/terrains\/\" \/>\n<meta property=\"og:locale\" content=\"fr_FR\" \/>\n<meta property=\"og:type\" content=\"article\" \/>\n<meta property=\"og:title\" content=\"Terrain \u00e0 vendre \u00e0 Santa Cristina d&#039;Aro\" \/>\n<meta property=\"og:description\" content=\"D\u00e9couvrez le meilleur portefeuille de terrains pour pouvoir choisir parmi une grande vari\u00e9t\u00e9 celui qui convient le mieux \u00e0 votre projet.\" \/>\n<meta property=\"og:url\" content=\"https:\/\/www.corredormato.com\/fr\/vente-costa-brava\/santa-cristina-daro\/terrains\/\" \/>\n<meta property=\"og:site_name\" content=\"Corredor Mat\u00f3 Real Estate &amp; Property Management\" \/>\n<meta property=\"article:modified_time\" content=\"2024-02-28T10:14:35+00:00\" \/>\n<meta property=\"og:image\" content=\"https:\/\/www.corredormato.com\/wp-content\/uploads\/2023\/09\/2-1024x710.png\" \/>\n\t<meta property=\"og:image:width\" content=\"1024\" \/>\n\t<meta property=\"og:image:height\" content=\"710\" \/>\n\t<meta property=\"og:image:type\" content=\"image\/png\" \/>\n<meta name=\"twitter:card\" content=\"summary_large_image\" \/>\n<meta name=\"twitter:label1\" content=\"Dur\u00e9e de lecture estim\u00e9e\" \/>\n\t<meta name=\"twitter:data1\" content=\"2 minutes\" \/>\n<script type=\"application\/ld+json\" class=\"yoast-schema-graph\">{\"@context\":\"https:\\\/\\\/schema.org\",\"@graph\":[{\"@type\":\"WebPage\",\"@id\":\"https:\\\/\\\/www.corredormato.com\\\/fr\\\/vente-costa-brava\\\/santa-cristina-daro\\\/terrains\\\/\",\"url\":\"https:\\\/\\\/www.corredormato.com\\\/fr\\\/vente-costa-brava\\\/santa-cristina-daro\\\/terrains\\\/\",\"name\":\"Terrain \u00e0 vendre \u00e0 Santa Cristina d'Aro\",\"isPartOf\":{\"@id\":\"https:\\\/\\\/www.corredormato.com\\\/fr\\\/#website\"},\"primaryImageOfPage\":{\"@id\":\"https:\\\/\\\/www.corredormato.com\\\/fr\\\/vente-costa-brava\\\/santa-cristina-daro\\\/terrains\\\/#primaryimage\"},\"image\":{\"@id\":\"https:\\\/\\\/www.corredormato.com\\\/fr\\\/vente-costa-brava\\\/santa-cristina-daro\\\/terrains\\\/#primaryimage\"},\"thumbnailUrl\":\"https:\\\/\\\/www.corredormato.com\\\/wp-content\\\/uploads\\\/2023\\\/09\\\/2.png\",\"datePublished\":\"2023-11-02T08:13:37+00:00\",\"dateModified\":\"2024-02-28T10:14:35+00:00\",\"description\":\"D\u00e9couvrez le meilleur portefeuille de terrains pour pouvoir choisir parmi une grande vari\u00e9t\u00e9 celui qui convient le mieux \u00e0 votre projet.\",\"breadcrumb\":{\"@id\":\"https:\\\/\\\/www.corredormato.com\\\/fr\\\/vente-costa-brava\\\/santa-cristina-daro\\\/terrains\\\/#breadcrumb\"},\"inLanguage\":\"fr-FR\",\"potentialAction\":[{\"@type\":\"ReadAction\",\"target\":[\"https:\\\/\\\/www.corredormato.com\\\/fr\\\/vente-costa-brava\\\/santa-cristina-daro\\\/terrains\\\/\"]}]},{\"@type\":\"BreadcrumbList\",\"@id\":\"https:\\\/\\\/www.corredormato.com\\\/fr\\\/vente-costa-brava\\\/santa-cristina-daro\\\/terrains\\\/#breadcrumb\",\"itemListElement\":[{\"@type\":\"ListItem\",\"position\":1,\"name\":\"Home\",\"item\":\"https:\\\/\\\/www.corredormato.com\\\/fr\\\/\"},{\"@type\":\"ListItem\",\"position\":2,\"name\":\"Vente Costa Brava\",\"item\":\"https:\\\/\\\/www.corredormato.com\\\/fr\\\/venda-costa-brava\\\/\"},{\"@type\":\"ListItem\",\"position\":3,\"name\":\"Propri\u00e9t\u00e9s \u00e0 Santa Cristina de Aro\",\"item\":\"https:\\\/\\\/www.corredormato.com\\\/fr\\\/venda-costa-brava\\\/santa-cristina-daro\\\/\"},{\"@type\":\"ListItem\",\"position\":4,\"name\":\"Terrain \u00e0 vendre \u00e0 Santa Cristina d&rsquo;Aro\"}]},{\"@type\":\"WebSite\",\"@id\":\"https:\\\/\\\/www.corredormato.com\\\/fr\\\/#website\",\"url\":\"https:\\\/\\\/www.corredormato.com\\\/fr\\\/\",\"name\":\"Corredor Mat\u00f3 Real Estate &amp; Property Management\",\"description\":\"Real Estate &amp; Property Management\",\"publisher\":{\"@id\":\"https:\\\/\\\/www.corredormato.com\\\/fr\\\/#organization\"},\"alternateName\":\"Corredor Mat\u00f3\",\"potentialAction\":[{\"@type\":\"SearchAction\",\"target\":{\"@type\":\"EntryPoint\",\"urlTemplate\":\"https:\\\/\\\/www.corredormato.com\\\/resultats-de-cerca-lloguer\\\/?search_text={search_term_string}\"},\"query-input\":{\"@type\":\"PropertyValueSpecification\",\"valueRequired\":true,\"valueName\":\"search_term_string\"}}],\"inLanguage\":\"fr-FR\"},{\"@type\":\"Organization\",\"@id\":\"https:\\\/\\\/www.corredormato.com\\\/fr\\\/#organization\",\"name\":\"Corredor Mat\u00f3 | Real Estate & Property Management\",\"url\":\"https:\\\/\\\/www.corredormato.com\\\/fr\\\/\",\"logo\":{\"@type\":\"ImageObject\",\"inLanguage\":\"fr-FR\",\"@id\":\"https:\\\/\\\/www.corredormato.com\\\/fr\\\/#\\\/schema\\\/logo\\\/image\\\/\",\"url\":\"https:\\\/\\\/www.corredormato.com\\\/wp-content\\\/uploads\\\/2021\\\/04\\\/logo.png\",\"contentUrl\":\"https:\\\/\\\/www.corredormato.com\\\/wp-content\\\/uploads\\\/2021\\\/04\\\/logo.png\",\"width\":970,\"height\":225,\"caption\":\"Corredor Mat\u00f3 | Real Estate & Property Management\"},\"image\":{\"@id\":\"https:\\\/\\\/www.corredormato.com\\\/fr\\\/#\\\/schema\\\/logo\\\/image\\\/\"}}]}<\/script>\n<!-- \/ Yoast SEO plugin. -->","yoast_head_json":{"title":"Terrain \u00e0 vendre \u00e0 Santa Cristina d'Aro","description":"D\u00e9couvrez le meilleur portefeuille de terrains pour pouvoir choisir parmi une grande vari\u00e9t\u00e9 celui qui convient le mieux \u00e0 votre projet.","robots":{"index":"index","follow":"follow","max-snippet":"max-snippet:-1","max-image-preview":"max-image-preview:large","max-video-preview":"max-video-preview:-1"},"canonical":"https:\/\/www.corredormato.com\/fr\/vente-costa-brava\/santa-cristina-daro\/terrains\/","og_locale":"fr_FR","og_type":"article","og_title":"Terrain \u00e0 vendre \u00e0 Santa Cristina d'Aro","og_description":"D\u00e9couvrez le meilleur portefeuille de terrains pour pouvoir choisir parmi une grande vari\u00e9t\u00e9 celui qui convient le mieux \u00e0 votre projet.","og_url":"https:\/\/www.corredormato.com\/fr\/vente-costa-brava\/santa-cristina-daro\/terrains\/","og_site_name":"Corredor Mat\u00f3 Real Estate &amp; Property Management","article_modified_time":"2024-02-28T10:14:35+00:00","og_image":[{"width":1024,"height":710,"url":"https:\/\/www.corredormato.com\/wp-content\/uploads\/2023\/09\/2-1024x710.png","type":"image\/png"}],"twitter_card":"summary_large_image","twitter_misc":{"Dur\u00e9e de lecture estim\u00e9e":"2 minutes"},"schema":{"@context":"https:\/\/schema.org","@graph":[{"@type":"WebPage","@id":"https:\/\/www.corredormato.com\/fr\/vente-costa-brava\/santa-cristina-daro\/terrains\/","url":"https:\/\/www.corredormato.com\/fr\/vente-costa-brava\/santa-cristina-daro\/terrains\/","name":"Terrain \u00e0 vendre \u00e0 Santa Cristina d'Aro","isPartOf":{"@id":"https:\/\/www.corredormato.com\/fr\/#website"},"primaryImageOfPage":{"@id":"https:\/\/www.corredormato.com\/fr\/vente-costa-brava\/santa-cristina-daro\/terrains\/#primaryimage"},"image":{"@id":"https:\/\/www.corredormato.com\/fr\/vente-costa-brava\/santa-cristina-daro\/terrains\/#primaryimage"},"thumbnailUrl":"https:\/\/www.corredormato.com\/wp-content\/uploads\/2023\/09\/2.png","datePublished":"2023-11-02T08:13:37+00:00","dateModified":"2024-02-28T10:14:35+00:00","description":"D\u00e9couvrez le meilleur portefeuille de terrains pour pouvoir choisir parmi une grande vari\u00e9t\u00e9 celui qui convient le mieux \u00e0 votre projet.","breadcrumb":{"@id":"https:\/\/www.corredormato.com\/fr\/vente-costa-brava\/santa-cristina-daro\/terrains\/#breadcrumb"},"inLanguage":"fr-FR","potentialAction":[{"@type":"ReadAction","target":["https:\/\/www.corredormato.com\/fr\/vente-costa-brava\/santa-cristina-daro\/terrains\/"]}]},{"@type":"BreadcrumbList","@id":"https:\/\/www.corredormato.com\/fr\/vente-costa-brava\/santa-cristina-daro\/terrains\/#breadcrumb","itemListElement":[{"@type":"ListItem","position":1,"name":"Home","item":"https:\/\/www.corredormato.com\/fr\/"},{"@type":"ListItem","position":2,"name":"Vente Costa Brava","item":"https:\/\/www.corredormato.com\/fr\/venda-costa-brava\/"},{"@type":"ListItem","position":3,"name":"Propri\u00e9t\u00e9s \u00e0 Santa Cristina de Aro","item":"https:\/\/www.corredormato.com\/fr\/venda-costa-brava\/santa-cristina-daro\/"},{"@type":"ListItem","position":4,"name":"Terrain \u00e0 vendre \u00e0 Santa Cristina d&rsquo;Aro"}]},{"@type":"WebSite","@id":"https:\/\/www.corredormato.com\/fr\/#website","url":"https:\/\/www.corredormato.com\/fr\/","name":"Corredor Mat\u00f3 Real Estate &amp; Property Management","description":"Real Estate &amp; Property Management","publisher":{"@id":"https:\/\/www.corredormato.com\/fr\/#organization"},"alternateName":"Corredor Mat\u00f3","potentialAction":[{"@type":"SearchAction","target":{"@type":"EntryPoint","urlTemplate":"https:\/\/www.corredormato.com\/resultats-de-cerca-lloguer\/?search_text={search_term_string}"},"query-input":{"@type":"PropertyValueSpecification","valueRequired":true,"valueName":"search_term_string"}}],"inLanguage":"fr-FR"},{"@type":"Organization","@id":"https:\/\/www.corredormato.com\/fr\/#organization","name":"Corredor Mat\u00f3 | Real Estate & Property Management","url":"https:\/\/www.corredormato.com\/fr\/","logo":{"@type":"ImageObject","inLanguage":"fr-FR","@id":"https:\/\/www.corredormato.com\/fr\/#\/schema\/logo\/image\/","url":"https:\/\/www.corredormato.com\/wp-content\/uploads\/2021\/04\/logo.png","contentUrl":"https:\/\/www.corredormato.com\/wp-content\/uploads\/2021\/04\/logo.png","width":970,"height":225,"caption":"Corredor Mat\u00f3 | Real Estate & Property Management"},"image":{"@id":"https:\/\/www.corredormato.com\/fr\/#\/schema\/logo\/image\/"}}]}},"_links":{"self":[{"href":"https:\/\/www.corredormato.com\/fr\/wp-json\/wp\/v2\/pages\/10769","targetHints":{"allow":["GET"]}}],"collection":[{"href":"https:\/\/www.corredormato.com\/fr\/wp-json\/wp\/v2\/pages"}],"about":[{"href":"https:\/\/www.corredormato.com\/fr\/wp-json\/wp\/v2\/types\/page"}],"author":[{"embeddable":true,"href":"https:\/\/www.corredormato.com\/fr\/wp-json\/wp\/v2\/users\/4"}],"replies":[{"embeddable":true,"href":"https:\/\/www.corredormato.com\/fr\/wp-json\/wp\/v2\/comments?post=10769"}],"version-history":[{"count":2,"href":"https:\/\/www.corredormato.com\/fr\/wp-json\/wp\/v2\/pages\/10769\/revisions"}],"predecessor-version":[{"id":15159,"href":"https:\/\/www.corredormato.com\/fr\/wp-json\/wp\/v2\/pages\/10769\/revisions\/15159"}],"up":[{"embeddable":true,"href":"https:\/\/www.corredormato.com\/fr\/wp-json\/wp\/v2\/pages\/4698"}],"wp:featuredmedia":[{"embeddable":true,"href":"https:\/\/www.corredormato.com\/fr\/wp-json\/wp\/v2\/media\/8044"}],"wp:attachment":[{"href":"https:\/\/www.corredormato.com\/fr\/wp-json\/wp\/v2\/media?parent=10769"}],"curies":[{"name":"wp","href":"https:\/\/api.w.org\/{rel}","templated":true}]}}