{"id":10775,"date":"2023-11-02T10:16:44","date_gmt":"2023-11-02T08:16:44","guid":{"rendered":"http:\/\/52.30.243.130\/terrains\/"},"modified":"2024-02-28T12:39:57","modified_gmt":"2024-02-28T10:39:57","slug":"terrains","status":"publish","type":"page","link":"https:\/\/www.corredormato.com\/fr\/vente-costa-brava\/sant-vicenc-de-montalt\/terrains\/","title":{"rendered":"Terrain \u00e0 vendre \u00e0 Sant Vicen\u00e7 de Montalt"},"content":{"rendered":"\t\t<div data-elementor-type=\"wp-page\" data-elementor-id=\"10775\" class=\"elementor elementor-10775 elementor-8865\" data-elementor-post-type=\"page\">\n\t\t\t\t\t\t<section class=\"elementor-section elementor-top-section elementor-element elementor-element-7593696 elementor-section-full_width elementor-section-height-default elementor-section-height-default\" data-id=\"7593696\" data-element_type=\"section\" data-e-type=\"section\">\n\t\t\t\t\t\t<div class=\"elementor-container elementor-column-gap-default\">\n\t\t\t\t\t<div class=\"elementor-column elementor-col-100 elementor-top-column elementor-element elementor-element-499eefa\" data-id=\"499eefa\" data-element_type=\"column\" data-e-type=\"column\">\n\t\t\t<div class=\"elementor-widget-wrap elementor-element-populated\">\n\t\t\t\t\t\t<div class=\"elementor-element elementor-element-97613d5 listado-general elementor-widget elementor-widget-shortcode\" data-id=\"97613d5\" data-element_type=\"widget\" data-e-type=\"widget\" id=\"listado-general\" data-widget_type=\"shortcode.default\">\n\t\t\t\t<div class=\"elementor-widget-container\">\n\t\t\t\t\t\t\t<div class=\"elementor-shortcode\">  <div class=\"n2r__list n2r__list--empty\">\n    <h3>Aucun r\u00e9sultat trouv\u00e9. Veuillez nous contacter pour que nous puissions vous aider.<\/h3>\n  <\/div>\n<\/div>\n\t\t\t\t\t\t<\/div>\n\t\t\t\t<\/div>\n\t\t\t\t\t<\/div>\n\t\t<\/div>\n\t\t\t\t\t<\/div>\n\t\t<\/section>\n\t\t\t\t<section class=\"elementor-section elementor-top-section elementor-element elementor-element-54758e6 elementor-section-boxed elementor-section-height-default elementor-section-height-default\" data-id=\"54758e6\" data-element_type=\"section\" data-e-type=\"section\" data-settings=\"{&quot;background_background&quot;:&quot;classic&quot;}\">\n\t\t\t\t\t\t<div class=\"elementor-container elementor-column-gap-default\">\n\t\t\t\t\t<div class=\"elementor-column elementor-col-100 elementor-top-column elementor-element elementor-element-da977e7\" data-id=\"da977e7\" data-element_type=\"column\" data-e-type=\"column\">\n\t\t\t<div class=\"elementor-widget-wrap elementor-element-populated\">\n\t\t\t\t\t\t<div class=\"elementor-element elementor-element-ee391cc elementor-widget__width-inherit elementor-widget elementor-widget-text-editor\" data-id=\"ee391cc\" data-element_type=\"widget\" data-e-type=\"widget\" data-widget_type=\"text-editor.default\">\n\t\t\t\t<div class=\"elementor-widget-container\">\n\t\t\t\t\t\t\t\t\t<h2>Votre coin de r\u00eaves \u00e0 Sant Vicen\u00e7 de Montalt<\/h2>\n<p>D\u00e9couvre un monde o\u00f9 les r\u00eaves prennent racine \u00e0 <strong>Sant Vicen\u00e7 de Montalt<\/strong>. \u00c0 travers <strong>Corredor Mat\u00f3<\/strong>, nous t&#8217;invitons \u00e0 explorer non seulement un terrain mais le potentiel d&#8217;un foyer parmi le murmure des vagues et l&#8217;\u00e9treinte des montagnes, un endroit o\u00f9 chaque lever de soleil promet de nouvelles aventures.<\/p>\n<p>Ici, pr\u00e8s du dynamisme de <strong>Matar\u00f3<\/strong> et de la qui\u00e9tude d&#8217;<strong>Arenys de Mar<\/strong>, chaque parcelle en vente t&#8217;offre plus qu&#8217;un simple espace : elle pr\u00e9sente un avenir tiss\u00e9 avec tes aspirations. Imagine un sanctuaire con\u00e7u par toi, refl\u00e9tant chaque d\u00e9sir, chaque espoir.<\/p>\n<p>Un terrain \u00e0 <strong>Sant Vicen\u00e7 de Montalt<\/strong> te donne l&#8217;opportunit\u00e9 de concr\u00e9tiser tes r\u00eaves dans un cadre d&#8217;une beaut\u00e9 m\u00e9diterran\u00e9enne incomparable. Avec son emplacement sur la <strong>Costa del Maresme<\/strong> et des vues panoramiques sur la mer, ce coin idyllique te propose la possibilit\u00e9 de construire la r\u00e9sidence de tes r\u00eaves, entour\u00e9e par la nature et \u00e0 proximit\u00e9 de plages de sable dor\u00e9. Investir dans un terrain ici signifie non seulement s\u00e9curiser ton h\u00e9ritage \u00e0 long terme, mais aussi profiter de la tranquillit\u00e9 et de l&#8217;authenticit\u00e9 d&#8217;une communaut\u00e9 accueillante, d&#8217;une riche sc\u00e8ne culturelle et gastronomique, et de la proximit\u00e9 de <strong>Barcelone<\/strong>. Que ce soit pour construire ta r\u00e9sidence permanente ou une escapade de vacances, un terrain \u00e0 <strong>Sant Vicen\u00e7 de Montalt<\/strong> t&#8217;offre la chance de vivre la vie que tu as toujours imagin\u00e9e sur la <strong>Costa del Maresme<\/strong>. Explore nos options de terrains disponibles et fais le premier pas vers un avenir empli de confort, de beaut\u00e9 et de s\u00e9r\u00e9nit\u00e9 dans ce paradis m\u00e9diterran\u00e9en.<\/p>\n<p>Connecte-toi avec nous. Laisse les terrains de <strong>Sant Vicen\u00e7 de Montalt<\/strong> te montrer le chemin vers un horizon rempli de possibilit\u00e9s.<\/p>\n<p>Parce qu&#8217;\u00e0 <strong>Corredor Mat\u00f3<\/strong>, chaque terrain est le d\u00e9but d&#8217;un r\u00eave devenu r\u00e9alit\u00e9.<\/p>\n\t\t\t\t\t\t\t\t<\/div>\n\t\t\t\t<\/div>\n\t\t\t\t\t<\/div>\n\t\t<\/div>\n\t\t\t\t\t<\/div>\n\t\t<\/section>\n\t\t\t\t<section class=\"elementor-section elementor-top-section elementor-element elementor-element-1591676 elementor-section-boxed elementor-section-height-default elementor-section-height-default\" data-id=\"1591676\" data-element_type=\"section\" data-e-type=\"section\" data-settings=\"{&quot;background_background&quot;:&quot;classic&quot;}\">\n\t\t\t\t\t\t<div class=\"elementor-container elementor-column-gap-default\">\n\t\t\t\t\t<div class=\"elementor-column elementor-col-100 elementor-top-column elementor-element elementor-element-23ac234\" data-id=\"23ac234\" data-element_type=\"column\" data-e-type=\"column\">\n\t\t\t<div class=\"elementor-widget-wrap elementor-element-populated\">\n\t\t\t\t\t\t<div class=\"elementor-element elementor-element-425eb2e elementor-widget elementor-widget-shortcode\" data-id=\"425eb2e\" data-element_type=\"widget\" data-e-type=\"widget\" data-widget_type=\"shortcode.default\">\n\t\t\t\t<div class=\"elementor-widget-container\">\n\t\t\t\t\t\t\t<div class=\"elementor-shortcode\"><style>.wp-show-posts-columns#wpsp-8901 {margin-left: -2em; }.wp-show-posts-columns#wpsp-8901 .wp-show-posts-inner {margin: 0 0 2em 2em; }<\/style><section id=\"wpsp-8901\" class=\" wp-show-posts-columns wp-show-posts\" style=\"\"><div class=\"wpsp-no-results\" style=\"margin-left: 2em;\"><p>No s'han trobat entrades.<\/p>\n<\/div><div class=\"wpsp-clear\"><\/div><\/section><!-- .wp-show-posts --><\/div>\n\t\t\t\t\t\t<\/div>\n\t\t\t\t<\/div>\n\t\t\t\t\t<\/div>\n\t\t<\/div>\n\t\t\t\t\t<\/div>\n\t\t<\/section>\n\t\t\t\t<\/div>\n\t\t","protected":false},"excerpt":{"rendered":"<p>Votre coin de r\u00eaves \u00e0 Sant Vicen\u00e7 de Montalt D\u00e9couvre un monde o\u00f9 les r\u00eaves prennent racine \u00e0 Sant Vicen\u00e7 de Montalt. \u00c0 travers Corredor Mat\u00f3, nous t&#8217;invitons \u00e0 explorer non seulement un terrain mais le potentiel d&#8217;un foyer parmi le murmure des vagues et l&#8217;\u00e9treinte des montagnes, un endroit o\u00f9 chaque lever de soleil [&hellip;]<\/p>\n","protected":false},"author":4,"featured_media":9059,"parent":11450,"menu_order":0,"comment_status":"closed","ping_status":"closed","template":"","meta":{"footnotes":""},"class_list":["post-10775","page","type-page","status-publish","has-post-thumbnail","hentry"],"yoast_head":"<!-- This site is optimized with the Yoast SEO plugin v27.3 - https:\/\/yoast.com\/product\/yoast-seo-wordpress\/ -->\n<title>Corredor Mat\u00f3 Immobilier \u00b7 Terrain \u00e0 Sant Vicen\u00e7 de Montalt<\/title>\n<meta name=\"description\" content=\"Obtenez le meilleur terrain pour votre projet \u00e0 Sant Vicen\u00e7 de Montalt et r\u00e9alisez votre r\u00eave avec Corredor Mat\u00f3.\" \/>\n<meta name=\"robots\" content=\"index, follow, max-snippet:-1, max-image-preview:large, max-video-preview:-1\" \/>\n<link rel=\"canonical\" href=\"https:\/\/www.corredormato.com\/fr\/vente-costa-brava\/sant-vicenc-de-montalt\/terrains\/\" \/>\n<meta property=\"og:locale\" content=\"fr_FR\" \/>\n<meta property=\"og:type\" content=\"article\" \/>\n<meta property=\"og:title\" content=\"Corredor Mat\u00f3 Immobilier \u00b7 Terrain \u00e0 Sant Vicen\u00e7 de Montalt\" \/>\n<meta property=\"og:description\" content=\"Obtenez le meilleur terrain pour votre projet \u00e0 Sant Vicen\u00e7 de Montalt et r\u00e9alisez votre r\u00eave avec Corredor Mat\u00f3.\" \/>\n<meta property=\"og:url\" content=\"https:\/\/www.corredormato.com\/fr\/vente-costa-brava\/sant-vicenc-de-montalt\/terrains\/\" \/>\n<meta property=\"og:site_name\" content=\"Corredor Mat\u00f3 Real Estate &amp; Property Management\" \/>\n<meta property=\"article:modified_time\" content=\"2024-02-28T10:39:57+00:00\" \/>\n<meta property=\"og:image\" content=\"https:\/\/www.corredormato.com\/wp-content\/uploads\/2023\/10\/Disseny-sense-titol-2.png\" \/>\n\t<meta property=\"og:image:width\" content=\"1280\" \/>\n\t<meta property=\"og:image:height\" content=\"887\" \/>\n\t<meta property=\"og:image:type\" content=\"image\/png\" \/>\n<meta name=\"twitter:card\" content=\"summary_large_image\" \/>\n<meta name=\"twitter:label1\" content=\"Dur\u00e9e de lecture estim\u00e9e\" \/>\n\t<meta name=\"twitter:data1\" content=\"2 minutes\" \/>\n<script type=\"application\/ld+json\" class=\"yoast-schema-graph\">{\"@context\":\"https:\\\/\\\/schema.org\",\"@graph\":[{\"@type\":\"WebPage\",\"@id\":\"https:\\\/\\\/www.corredormato.com\\\/fr\\\/vente-costa-brava\\\/sant-vicenc-de-montalt\\\/terrains\\\/\",\"url\":\"https:\\\/\\\/www.corredormato.com\\\/fr\\\/vente-costa-brava\\\/sant-vicenc-de-montalt\\\/terrains\\\/\",\"name\":\"Corredor Mat\u00f3 Immobilier \u00b7 Terrain \u00e0 Sant Vicen\u00e7 de Montalt\",\"isPartOf\":{\"@id\":\"https:\\\/\\\/www.corredormato.com\\\/fr\\\/#website\"},\"primaryImageOfPage\":{\"@id\":\"https:\\\/\\\/www.corredormato.com\\\/fr\\\/vente-costa-brava\\\/sant-vicenc-de-montalt\\\/terrains\\\/#primaryimage\"},\"image\":{\"@id\":\"https:\\\/\\\/www.corredormato.com\\\/fr\\\/vente-costa-brava\\\/sant-vicenc-de-montalt\\\/terrains\\\/#primaryimage\"},\"thumbnailUrl\":\"https:\\\/\\\/www.corredormato.com\\\/wp-content\\\/uploads\\\/2023\\\/10\\\/Disseny-sense-titol-2.png\",\"datePublished\":\"2023-11-02T08:16:44+00:00\",\"dateModified\":\"2024-02-28T10:39:57+00:00\",\"description\":\"Obtenez le meilleur terrain pour votre projet \u00e0 Sant Vicen\u00e7 de Montalt et r\u00e9alisez votre r\u00eave avec Corredor Mat\u00f3.\",\"breadcrumb\":{\"@id\":\"https:\\\/\\\/www.corredormato.com\\\/fr\\\/vente-costa-brava\\\/sant-vicenc-de-montalt\\\/terrains\\\/#breadcrumb\"},\"inLanguage\":\"fr-FR\",\"potentialAction\":[{\"@type\":\"ReadAction\",\"target\":[\"https:\\\/\\\/www.corredormato.com\\\/fr\\\/vente-costa-brava\\\/sant-vicenc-de-montalt\\\/terrains\\\/\"]}]},{\"@type\":\"BreadcrumbList\",\"@id\":\"https:\\\/\\\/www.corredormato.com\\\/fr\\\/vente-costa-brava\\\/sant-vicenc-de-montalt\\\/terrains\\\/#breadcrumb\",\"itemListElement\":[{\"@type\":\"ListItem\",\"position\":1,\"name\":\"Home\",\"item\":\"https:\\\/\\\/www.corredormato.com\\\/fr\\\/\"},{\"@type\":\"ListItem\",\"position\":2,\"name\":\"Vente Costa Brava\",\"item\":\"https:\\\/\\\/www.corredormato.com\\\/fr\\\/venda-costa-brava\\\/\"},{\"@type\":\"ListItem\",\"position\":3,\"name\":\"Propri\u00e9t\u00e9s \u00e0 vendre \u00e0 Sant Vicen\u00e7 de Montalt\",\"item\":\"https:\\\/\\\/www.corredormato.com\\\/fr\\\/venda-costa-brava\\\/sant-vicenc-de-montalt\\\/\"},{\"@type\":\"ListItem\",\"position\":4,\"name\":\"Terrain \u00e0 vendre \u00e0 Sant Vicen\u00e7 de Montalt\"}]},{\"@type\":\"WebSite\",\"@id\":\"https:\\\/\\\/www.corredormato.com\\\/fr\\\/#website\",\"url\":\"https:\\\/\\\/www.corredormato.com\\\/fr\\\/\",\"name\":\"Corredor Mat\u00f3 Real Estate &amp; Property Management\",\"description\":\"Real Estate &amp; Property Management\",\"publisher\":{\"@id\":\"https:\\\/\\\/www.corredormato.com\\\/fr\\\/#organization\"},\"alternateName\":\"Corredor Mat\u00f3\",\"potentialAction\":[{\"@type\":\"SearchAction\",\"target\":{\"@type\":\"EntryPoint\",\"urlTemplate\":\"https:\\\/\\\/www.corredormato.com\\\/resultats-de-cerca-lloguer\\\/?search_text={search_term_string}\"},\"query-input\":{\"@type\":\"PropertyValueSpecification\",\"valueRequired\":true,\"valueName\":\"search_term_string\"}}],\"inLanguage\":\"fr-FR\"},{\"@type\":\"Organization\",\"@id\":\"https:\\\/\\\/www.corredormato.com\\\/fr\\\/#organization\",\"name\":\"Corredor Mat\u00f3 | Real Estate & Property Management\",\"url\":\"https:\\\/\\\/www.corredormato.com\\\/fr\\\/\",\"logo\":{\"@type\":\"ImageObject\",\"inLanguage\":\"fr-FR\",\"@id\":\"https:\\\/\\\/www.corredormato.com\\\/fr\\\/#\\\/schema\\\/logo\\\/image\\\/\",\"url\":\"https:\\\/\\\/www.corredormato.com\\\/wp-content\\\/uploads\\\/2021\\\/04\\\/logo.png\",\"contentUrl\":\"https:\\\/\\\/www.corredormato.com\\\/wp-content\\\/uploads\\\/2021\\\/04\\\/logo.png\",\"width\":970,\"height\":225,\"caption\":\"Corredor Mat\u00f3 | Real Estate & Property Management\"},\"image\":{\"@id\":\"https:\\\/\\\/www.corredormato.com\\\/fr\\\/#\\\/schema\\\/logo\\\/image\\\/\"}}]}<\/script>\n<!-- \/ Yoast SEO plugin. -->","yoast_head_json":{"title":"Corredor Mat\u00f3 Immobilier \u00b7 Terrain \u00e0 Sant Vicen\u00e7 de Montalt","description":"Obtenez le meilleur terrain pour votre projet \u00e0 Sant Vicen\u00e7 de Montalt et r\u00e9alisez votre r\u00eave avec Corredor Mat\u00f3.","robots":{"index":"index","follow":"follow","max-snippet":"max-snippet:-1","max-image-preview":"max-image-preview:large","max-video-preview":"max-video-preview:-1"},"canonical":"https:\/\/www.corredormato.com\/fr\/vente-costa-brava\/sant-vicenc-de-montalt\/terrains\/","og_locale":"fr_FR","og_type":"article","og_title":"Corredor Mat\u00f3 Immobilier \u00b7 Terrain \u00e0 Sant Vicen\u00e7 de Montalt","og_description":"Obtenez le meilleur terrain pour votre projet \u00e0 Sant Vicen\u00e7 de Montalt et r\u00e9alisez votre r\u00eave avec Corredor Mat\u00f3.","og_url":"https:\/\/www.corredormato.com\/fr\/vente-costa-brava\/sant-vicenc-de-montalt\/terrains\/","og_site_name":"Corredor Mat\u00f3 Real Estate &amp; Property Management","article_modified_time":"2024-02-28T10:39:57+00:00","og_image":[{"width":1280,"height":887,"url":"https:\/\/www.corredormato.com\/wp-content\/uploads\/2023\/10\/Disseny-sense-titol-2.png","type":"image\/png"}],"twitter_card":"summary_large_image","twitter_misc":{"Dur\u00e9e de lecture estim\u00e9e":"2 minutes"},"schema":{"@context":"https:\/\/schema.org","@graph":[{"@type":"WebPage","@id":"https:\/\/www.corredormato.com\/fr\/vente-costa-brava\/sant-vicenc-de-montalt\/terrains\/","url":"https:\/\/www.corredormato.com\/fr\/vente-costa-brava\/sant-vicenc-de-montalt\/terrains\/","name":"Corredor Mat\u00f3 Immobilier \u00b7 Terrain \u00e0 Sant Vicen\u00e7 de Montalt","isPartOf":{"@id":"https:\/\/www.corredormato.com\/fr\/#website"},"primaryImageOfPage":{"@id":"https:\/\/www.corredormato.com\/fr\/vente-costa-brava\/sant-vicenc-de-montalt\/terrains\/#primaryimage"},"image":{"@id":"https:\/\/www.corredormato.com\/fr\/vente-costa-brava\/sant-vicenc-de-montalt\/terrains\/#primaryimage"},"thumbnailUrl":"https:\/\/www.corredormato.com\/wp-content\/uploads\/2023\/10\/Disseny-sense-titol-2.png","datePublished":"2023-11-02T08:16:44+00:00","dateModified":"2024-02-28T10:39:57+00:00","description":"Obtenez le meilleur terrain pour votre projet \u00e0 Sant Vicen\u00e7 de Montalt et r\u00e9alisez votre r\u00eave avec Corredor Mat\u00f3.","breadcrumb":{"@id":"https:\/\/www.corredormato.com\/fr\/vente-costa-brava\/sant-vicenc-de-montalt\/terrains\/#breadcrumb"},"inLanguage":"fr-FR","potentialAction":[{"@type":"ReadAction","target":["https:\/\/www.corredormato.com\/fr\/vente-costa-brava\/sant-vicenc-de-montalt\/terrains\/"]}]},{"@type":"BreadcrumbList","@id":"https:\/\/www.corredormato.com\/fr\/vente-costa-brava\/sant-vicenc-de-montalt\/terrains\/#breadcrumb","itemListElement":[{"@type":"ListItem","position":1,"name":"Home","item":"https:\/\/www.corredormato.com\/fr\/"},{"@type":"ListItem","position":2,"name":"Vente Costa Brava","item":"https:\/\/www.corredormato.com\/fr\/venda-costa-brava\/"},{"@type":"ListItem","position":3,"name":"Propri\u00e9t\u00e9s \u00e0 vendre \u00e0 Sant Vicen\u00e7 de Montalt","item":"https:\/\/www.corredormato.com\/fr\/venda-costa-brava\/sant-vicenc-de-montalt\/"},{"@type":"ListItem","position":4,"name":"Terrain \u00e0 vendre \u00e0 Sant Vicen\u00e7 de Montalt"}]},{"@type":"WebSite","@id":"https:\/\/www.corredormato.com\/fr\/#website","url":"https:\/\/www.corredormato.com\/fr\/","name":"Corredor Mat\u00f3 Real Estate &amp; Property Management","description":"Real Estate &amp; Property Management","publisher":{"@id":"https:\/\/www.corredormato.com\/fr\/#organization"},"alternateName":"Corredor Mat\u00f3","potentialAction":[{"@type":"SearchAction","target":{"@type":"EntryPoint","urlTemplate":"https:\/\/www.corredormato.com\/resultats-de-cerca-lloguer\/?search_text={search_term_string}"},"query-input":{"@type":"PropertyValueSpecification","valueRequired":true,"valueName":"search_term_string"}}],"inLanguage":"fr-FR"},{"@type":"Organization","@id":"https:\/\/www.corredormato.com\/fr\/#organization","name":"Corredor Mat\u00f3 | Real Estate & Property Management","url":"https:\/\/www.corredormato.com\/fr\/","logo":{"@type":"ImageObject","inLanguage":"fr-FR","@id":"https:\/\/www.corredormato.com\/fr\/#\/schema\/logo\/image\/","url":"https:\/\/www.corredormato.com\/wp-content\/uploads\/2021\/04\/logo.png","contentUrl":"https:\/\/www.corredormato.com\/wp-content\/uploads\/2021\/04\/logo.png","width":970,"height":225,"caption":"Corredor Mat\u00f3 | Real Estate & Property Management"},"image":{"@id":"https:\/\/www.corredormato.com\/fr\/#\/schema\/logo\/image\/"}}]}},"_links":{"self":[{"href":"https:\/\/www.corredormato.com\/fr\/wp-json\/wp\/v2\/pages\/10775","targetHints":{"allow":["GET"]}}],"collection":[{"href":"https:\/\/www.corredormato.com\/fr\/wp-json\/wp\/v2\/pages"}],"about":[{"href":"https:\/\/www.corredormato.com\/fr\/wp-json\/wp\/v2\/types\/page"}],"author":[{"embeddable":true,"href":"https:\/\/www.corredormato.com\/fr\/wp-json\/wp\/v2\/users\/4"}],"replies":[{"embeddable":true,"href":"https:\/\/www.corredormato.com\/fr\/wp-json\/wp\/v2\/comments?post=10775"}],"version-history":[{"count":2,"href":"https:\/\/www.corredormato.com\/fr\/wp-json\/wp\/v2\/pages\/10775\/revisions"}],"predecessor-version":[{"id":15183,"href":"https:\/\/www.corredormato.com\/fr\/wp-json\/wp\/v2\/pages\/10775\/revisions\/15183"}],"up":[{"embeddable":true,"href":"https:\/\/www.corredormato.com\/fr\/wp-json\/wp\/v2\/pages\/11450"}],"wp:featuredmedia":[{"embeddable":true,"href":"https:\/\/www.corredormato.com\/fr\/wp-json\/wp\/v2\/media\/9059"}],"wp:attachment":[{"href":"https:\/\/www.corredormato.com\/fr\/wp-json\/wp\/v2\/media?parent=10775"}],"curies":[{"name":"wp","href":"https:\/\/api.w.org\/{rel}","templated":true}]}}