{"id":12742,"date":"2024-01-09T10:47:22","date_gmt":"2024-01-09T08:47:22","guid":{"rendered":"https:\/\/www.corredormato.com\/vente-costa-brava\/palamos\/country-houses\/"},"modified":"2024-02-29T13:13:16","modified_gmt":"2024-02-29T11:13:16","slug":"fermes","status":"publish","type":"page","link":"https:\/\/www.corredormato.com\/fr\/vente-costa-brava\/palamos\/fermes\/","title":{"rendered":"Fermes \u00e0 vendre \u00e0 Palam\u00f3s"},"content":{"rendered":"\t\t<div data-elementor-type=\"wp-page\" data-elementor-id=\"12742\" class=\"elementor elementor-12742 elementor-12247\" data-elementor-post-type=\"page\">\n\t\t\t\t\t\t<section class=\"elementor-section elementor-top-section elementor-element elementor-element-8eef892 elementor-section-full_width elementor-section-height-default elementor-section-height-default\" data-id=\"8eef892\" data-element_type=\"section\" data-e-type=\"section\">\n\t\t\t\t\t\t<div class=\"elementor-container elementor-column-gap-default\">\n\t\t\t\t\t<div class=\"elementor-column elementor-col-100 elementor-top-column elementor-element elementor-element-32014bc\" data-id=\"32014bc\" data-element_type=\"column\" data-e-type=\"column\">\n\t\t\t<div class=\"elementor-widget-wrap elementor-element-populated\">\n\t\t\t\t\t\t<div class=\"elementor-element elementor-element-c63d38f listado-general elementor-widget elementor-widget-shortcode\" data-id=\"c63d38f\" data-element_type=\"widget\" data-e-type=\"widget\" data-widget_type=\"shortcode.default\">\n\t\t\t\t<div class=\"elementor-widget-container\">\n\t\t\t\t\t\t\t<div class=\"elementor-shortcode\">  <div class=\"n2r__list n2r__list--empty\">\n    <h3>Aucun r\u00e9sultat trouv\u00e9. Veuillez nous contacter pour que nous puissions vous aider.<\/h3>\n  <\/div>\n<\/div>\n\t\t\t\t\t\t<\/div>\n\t\t\t\t<\/div>\n\t\t\t\t\t<\/div>\n\t\t<\/div>\n\t\t\t\t\t<\/div>\n\t\t<\/section>\n\t\t\t\t<section class=\"elementor-section elementor-top-section elementor-element elementor-element-018abda elementor-section-boxed elementor-section-height-default elementor-section-height-default\" data-id=\"018abda\" data-element_type=\"section\" data-e-type=\"section\">\n\t\t\t\t\t\t<div class=\"elementor-container elementor-column-gap-default\">\n\t\t\t\t\t<div class=\"elementor-column elementor-col-100 elementor-top-column elementor-element elementor-element-1743f7d\" data-id=\"1743f7d\" data-element_type=\"column\" data-e-type=\"column\">\n\t\t\t<div class=\"elementor-widget-wrap elementor-element-populated\">\n\t\t\t\t\t\t<div class=\"elementor-element elementor-element-19f56a1 elementor-widget elementor-widget-text-editor\" data-id=\"19f56a1\" data-element_type=\"widget\" data-e-type=\"widget\" data-widget_type=\"text-editor.default\">\n\t\t\t\t<div class=\"elementor-widget-container\">\n\t\t\t\t\t\t\t\t\t<h2>Fermes \u00e0 vendre \u00e0 Palam\u00f3s<\/h2>\n<p><strong>Palam\u00f3s<\/strong>, situ\u00e9e sur la magnifique <strong>Costa Brava<\/strong>, offre une gamme vari\u00e9e de fermes \u00e0 vendre qui s\u00e9duisent par leur authenticit\u00e9 et leur charme m\u00e9diterran\u00e9en. Ces propri\u00e9t\u00e9s rurales sont d&#8217;authentiques joyaux immobiliers qui refl\u00e8tent la riche histoire et le paysage enchanteur de la r\u00e9gion.<\/p>\n<p>Les fermes \u00e0 vendre \u00e0 <strong>Palam\u00f3s<\/strong> sont tr\u00e8s vari\u00e9es. Des fermes \u00e9l\u00e9gamment restaur\u00e9es aux fermes en pierre avec une touche de tradition, chaque propri\u00e9t\u00e9 a son propre caract\u00e8re et offre un style de vie rural qui s\u00e9duit par sa s\u00e9r\u00e9nit\u00e9 et son charme.<\/p>\n<p><strong>Corredor Mat\u00f3<\/strong> est l\u00e0 pour vous aider \u00e0 trouver la ferme id\u00e9ale \u00e0 <strong>Palam\u00f3s<\/strong>. Gr\u00e2ce \u00e0 notre connaissance approfondie du march\u00e9 immobilier local et \u00e0 notre r\u00e9seau d&#8217;options, nous nous engageons \u00e0 \u00eatre votre partenaire dans la recherche et l&#8217;acquisition de la ferme id\u00e9ale. Nous vous offrons des conseils d&#8217;experts tout au long du processus d&#8217;achat, en vous mettant en contact avec les meilleures options disponibles dans la r\u00e9gion.<\/p>\n<p>La <strong>Costa Brava<\/strong> est un paradis pour les amateurs de fermes, et l&#8217;\u00e9quipe de <strong>Corredor Mat\u00f3<\/strong> se consacre \u00e0 la r\u00e9alisation de votre r\u00eave. Avec une approche personnalis\u00e9e et attentive, nous nous effor\u00e7ons de trouver la ferme qui correspond le mieux \u00e0 vos pr\u00e9f\u00e9rences et \u00e0 vos besoins \u00e0 <strong>Palam\u00f3s<\/strong>. Notre mission est de vous offrir une exp\u00e9rience fiable visant \u00e0 atteindre vos objectifs dans la recherche de ferme de vos r\u00eaves sur la <strong>Costa Brava<\/strong>.<\/p>\n\t\t\t\t\t\t\t\t<\/div>\n\t\t\t\t<\/div>\n\t\t\t\t<div class=\"elementor-element elementor-element-c248c79 elementor-widget elementor-widget-shortcode\" data-id=\"c248c79\" data-element_type=\"widget\" data-e-type=\"widget\" data-widget_type=\"shortcode.default\">\n\t\t\t\t<div class=\"elementor-widget-container\">\n\t\t\t\t\t\t\t<div class=\"elementor-shortcode\"><style>.wp-show-posts-columns#wpsp-12582 {margin-left: -2em; }.wp-show-posts-columns#wpsp-12582 .wp-show-posts-inner {margin: 0 0 2em 2em; }<\/style><section id=\"wpsp-12582\" class=\" wp-show-posts-columns wp-show-posts\" style=\"\"><article class=\" wp-show-posts-single post-12787 page type-page status-publish has-post-thumbnail hentry wpsp-col-3\" itemtype=\"http:\/\/schema.org\/CreativeWork\" itemscope><div class=\"wp-show-posts-inner\" style=\"\">\t\t\t\t\t\t<header class=\"wp-show-posts-entry-header\">\n\t\t\t\t\t\t\t<h3 class=\"wp-show-posts-entry-title\" itemprop=\"headline\"><a href=\"https:\/\/www.corredormato.com\/fr\/vente-costa-brava\/llambilles\/fermes\/\" rel=\"bookmark\">Fermes \u00e0 vendre \u00e0 Llambilles<\/a><\/h3>\t\t\t\t\t\t<\/header><!-- .entry-header -->\n\t\t\t\t\t\t\t<div class=\"wp-show-posts-image  wpsp-image-center \">\n\t\t\t<a href=\"https:\/\/www.corredormato.com\/fr\/vente-costa-brava\/llambilles\/fermes\/\"  title=\"Fermes \u00e0 vendre \u00e0 Llambilles\"><img fetchpriority=\"high\" decoding=\"async\" width=\"1280\" height=\"887\" src=\"https:\/\/www.corredormato.com\/wp-content\/uploads\/2024\/01\/FOTOS-IMATGES-PREVIEW-11.jpg\" class=\"attachment-full size-full wp-post-image\" alt=\"\" itemprop=\"image\" srcset=\"https:\/\/www.corredormato.com\/wp-content\/uploads\/2024\/01\/FOTOS-IMATGES-PREVIEW-11.jpg 1280w, https:\/\/www.corredormato.com\/wp-content\/uploads\/2024\/01\/FOTOS-IMATGES-PREVIEW-11-300x208.jpg 300w, https:\/\/www.corredormato.com\/wp-content\/uploads\/2024\/01\/FOTOS-IMATGES-PREVIEW-11-1024x710.jpg 1024w, https:\/\/www.corredormato.com\/wp-content\/uploads\/2024\/01\/FOTOS-IMATGES-PREVIEW-11-768x532.jpg 768w\" sizes=\"(max-width: 1280px) 100vw, 1280px\" \/><\/a>\t\t<\/div>\n\t\t<\/div><!-- wp-show-posts-inner --><\/article><article class=\" wp-show-posts-single post-12757 page type-page status-publish has-post-thumbnail hentry wpsp-col-3\" itemtype=\"http:\/\/schema.org\/CreativeWork\" itemscope><div class=\"wp-show-posts-inner\" style=\"\">\t\t\t\t\t\t<header class=\"wp-show-posts-entry-header\">\n\t\t\t\t\t\t\t<h3 class=\"wp-show-posts-entry-title\" itemprop=\"headline\"><a href=\"https:\/\/www.corredormato.com\/fr\/vente-costa-brava\/palafrugell\/fermes\/\" rel=\"bookmark\">Fermes \u00e0 vendre \u00e0 Palafrugell<\/a><\/h3>\t\t\t\t\t\t<\/header><!-- .entry-header -->\n\t\t\t\t\t\t\t<div class=\"wp-show-posts-image  wpsp-image-center \">\n\t\t\t<a href=\"https:\/\/www.corredormato.com\/fr\/vente-costa-brava\/palafrugell\/fermes\/\"  title=\"Fermes \u00e0 vendre \u00e0 Palafrugell\"><img decoding=\"async\" width=\"1280\" height=\"887\" src=\"https:\/\/www.corredormato.com\/wp-content\/uploads\/2024\/01\/FOTOS-IMATGES-PREVIEW-12.jpg\" class=\"attachment-full size-full wp-post-image\" alt=\"\" itemprop=\"image\" srcset=\"https:\/\/www.corredormato.com\/wp-content\/uploads\/2024\/01\/FOTOS-IMATGES-PREVIEW-12.jpg 1280w, https:\/\/www.corredormato.com\/wp-content\/uploads\/2024\/01\/FOTOS-IMATGES-PREVIEW-12-300x208.jpg 300w, https:\/\/www.corredormato.com\/wp-content\/uploads\/2024\/01\/FOTOS-IMATGES-PREVIEW-12-1024x710.jpg 1024w, https:\/\/www.corredormato.com\/wp-content\/uploads\/2024\/01\/FOTOS-IMATGES-PREVIEW-12-768x532.jpg 768w\" sizes=\"(max-width: 1280px) 100vw, 1280px\" \/><\/a>\t\t<\/div>\n\t\t<\/div><!-- wp-show-posts-inner --><\/article><article class=\" wp-show-posts-single post-12742 page type-page status-publish has-post-thumbnail hentry wpsp-col-3\" itemtype=\"http:\/\/schema.org\/CreativeWork\" itemscope><div class=\"wp-show-posts-inner\" style=\"\">\t\t\t\t\t\t<header class=\"wp-show-posts-entry-header\">\n\t\t\t\t\t\t\t<h3 class=\"wp-show-posts-entry-title\" itemprop=\"headline\"><a href=\"https:\/\/www.corredormato.com\/fr\/vente-costa-brava\/palamos\/fermes\/\" rel=\"bookmark\">Fermes \u00e0 vendre \u00e0 Palam\u00f3s<\/a><\/h3>\t\t\t\t\t\t<\/header><!-- .entry-header -->\n\t\t\t\t\t\t\t<div class=\"wp-show-posts-image  wpsp-image-center \">\n\t\t\t<a href=\"https:\/\/www.corredormato.com\/fr\/vente-costa-brava\/palamos\/fermes\/\"  title=\"Fermes \u00e0 vendre \u00e0 Palam\u00f3s\"><img decoding=\"async\" width=\"1280\" height=\"887\" src=\"https:\/\/www.corredormato.com\/wp-content\/uploads\/2024\/01\/FOTOS-IMATGES-PREVIEW-13.jpg\" class=\"attachment-full size-full wp-post-image\" alt=\"\" itemprop=\"image\" srcset=\"https:\/\/www.corredormato.com\/wp-content\/uploads\/2024\/01\/FOTOS-IMATGES-PREVIEW-13.jpg 1280w, https:\/\/www.corredormato.com\/wp-content\/uploads\/2024\/01\/FOTOS-IMATGES-PREVIEW-13-300x208.jpg 300w, https:\/\/www.corredormato.com\/wp-content\/uploads\/2024\/01\/FOTOS-IMATGES-PREVIEW-13-1024x710.jpg 1024w, https:\/\/www.corredormato.com\/wp-content\/uploads\/2024\/01\/FOTOS-IMATGES-PREVIEW-13-768x532.jpg 768w\" sizes=\"(max-width: 1280px) 100vw, 1280px\" \/><\/a>\t\t<\/div>\n\t\t<\/div><!-- wp-show-posts-inner --><\/article><div class=\"wpsp-clear\"><\/div><\/section><!-- .wp-show-posts --><\/div>\n\t\t\t\t\t\t<\/div>\n\t\t\t\t<\/div>\n\t\t\t\t\t<\/div>\n\t\t<\/div>\n\t\t\t\t\t<\/div>\n\t\t<\/section>\n\t\t\t\t<\/div>\n\t\t","protected":false},"excerpt":{"rendered":"<p>Fermes \u00e0 vendre \u00e0 Palam\u00f3s Palam\u00f3s, situ\u00e9e sur la magnifique Costa Brava, offre une gamme vari\u00e9e de fermes \u00e0 vendre qui s\u00e9duisent par leur authenticit\u00e9 et leur charme m\u00e9diterran\u00e9en. Ces propri\u00e9t\u00e9s rurales sont d&#8217;authentiques joyaux immobiliers qui refl\u00e8tent la riche histoire et le paysage enchanteur de la r\u00e9gion. Les fermes \u00e0 vendre \u00e0 Palam\u00f3s sont [&hellip;]<\/p>\n","protected":false},"author":4,"featured_media":12796,"parent":4600,"menu_order":0,"comment_status":"closed","ping_status":"closed","template":"","meta":{"footnotes":""},"class_list":["post-12742","page","type-page","status-publish","has-post-thumbnail","hentry"],"yoast_head":"<!-- This site is optimized with the Yoast SEO plugin v27.3 - https:\/\/yoast.com\/product\/yoast-seo-wordpress\/ -->\n<title>Fermes \u00e0 vendre \u00e0 Palam\u00f3s - Corredor Mat\u00f3 Real Estate &amp; Property Management<\/title>\n<meta name=\"description\" content=\"Si vous recherchez une maison de campagne \u00e0 vendre \u00e0 Palam\u00f3s, chez Corredor Mat\u00f3 nous pouvons vous aider \u00e0 trouver ce que vous recherchez gr\u00e2ce \u00e0 notre exp\u00e9rience.\" \/>\n<meta name=\"robots\" content=\"index, follow, max-snippet:-1, max-image-preview:large, max-video-preview:-1\" \/>\n<link rel=\"canonical\" href=\"https:\/\/www.corredormato.com\/fr\/vente-costa-brava\/palamos\/fermes\/\" \/>\n<meta property=\"og:locale\" content=\"fr_FR\" \/>\n<meta property=\"og:type\" content=\"article\" \/>\n<meta property=\"og:title\" content=\"Fermes \u00e0 vendre \u00e0 Palam\u00f3s - Corredor Mat\u00f3 Real Estate &amp; Property Management\" \/>\n<meta property=\"og:description\" content=\"Si vous recherchez une maison de campagne \u00e0 vendre \u00e0 Palam\u00f3s, chez Corredor Mat\u00f3 nous pouvons vous aider \u00e0 trouver ce que vous recherchez gr\u00e2ce \u00e0 notre exp\u00e9rience.\" \/>\n<meta property=\"og:url\" content=\"https:\/\/www.corredormato.com\/fr\/vente-costa-brava\/palamos\/fermes\/\" \/>\n<meta property=\"og:site_name\" content=\"Corredor Mat\u00f3 Real Estate &amp; Property Management\" \/>\n<meta property=\"article:modified_time\" content=\"2024-02-29T11:13:16+00:00\" \/>\n<meta property=\"og:image\" content=\"https:\/\/www.corredormato.com\/wp-content\/uploads\/2024\/01\/FOTOS-IMATGES-PREVIEW-13.jpg\" \/>\n\t<meta property=\"og:image:width\" content=\"1280\" \/>\n\t<meta property=\"og:image:height\" content=\"887\" \/>\n\t<meta property=\"og:image:type\" content=\"image\/jpeg\" \/>\n<meta name=\"twitter:card\" content=\"summary_large_image\" \/>\n<meta name=\"twitter:label1\" content=\"Dur\u00e9e de lecture estim\u00e9e\" \/>\n\t<meta name=\"twitter:data1\" content=\"2 minutes\" \/>\n<script type=\"application\/ld+json\" class=\"yoast-schema-graph\">{\"@context\":\"https:\\\/\\\/schema.org\",\"@graph\":[{\"@type\":\"WebPage\",\"@id\":\"https:\\\/\\\/www.corredormato.com\\\/fr\\\/vente-costa-brava\\\/palamos\\\/fermes\\\/\",\"url\":\"https:\\\/\\\/www.corredormato.com\\\/fr\\\/vente-costa-brava\\\/palamos\\\/fermes\\\/\",\"name\":\"Fermes \u00e0 vendre \u00e0 Palam\u00f3s - Corredor Mat\u00f3 Real Estate &amp; Property Management\",\"isPartOf\":{\"@id\":\"https:\\\/\\\/www.corredormato.com\\\/fr\\\/#website\"},\"primaryImageOfPage\":{\"@id\":\"https:\\\/\\\/www.corredormato.com\\\/fr\\\/vente-costa-brava\\\/palamos\\\/fermes\\\/#primaryimage\"},\"image\":{\"@id\":\"https:\\\/\\\/www.corredormato.com\\\/fr\\\/vente-costa-brava\\\/palamos\\\/fermes\\\/#primaryimage\"},\"thumbnailUrl\":\"https:\\\/\\\/www.corredormato.com\\\/wp-content\\\/uploads\\\/2024\\\/01\\\/FOTOS-IMATGES-PREVIEW-13.jpg\",\"datePublished\":\"2024-01-09T08:47:22+00:00\",\"dateModified\":\"2024-02-29T11:13:16+00:00\",\"description\":\"Si vous recherchez une maison de campagne \u00e0 vendre \u00e0 Palam\u00f3s, chez Corredor Mat\u00f3 nous pouvons vous aider \u00e0 trouver ce que vous recherchez gr\u00e2ce \u00e0 notre exp\u00e9rience.\",\"breadcrumb\":{\"@id\":\"https:\\\/\\\/www.corredormato.com\\\/fr\\\/vente-costa-brava\\\/palamos\\\/fermes\\\/#breadcrumb\"},\"inLanguage\":\"fr-FR\",\"potentialAction\":[{\"@type\":\"ReadAction\",\"target\":[\"https:\\\/\\\/www.corredormato.com\\\/fr\\\/vente-costa-brava\\\/palamos\\\/fermes\\\/\"]}]},{\"@type\":\"BreadcrumbList\",\"@id\":\"https:\\\/\\\/www.corredormato.com\\\/fr\\\/vente-costa-brava\\\/palamos\\\/fermes\\\/#breadcrumb\",\"itemListElement\":[{\"@type\":\"ListItem\",\"position\":1,\"name\":\"Home\",\"item\":\"https:\\\/\\\/www.corredormato.com\\\/fr\\\/\"},{\"@type\":\"ListItem\",\"position\":2,\"name\":\"Vente Costa Brava\",\"item\":\"https:\\\/\\\/www.corredormato.com\\\/fr\\\/venda-costa-brava\\\/\"},{\"@type\":\"ListItem\",\"position\":3,\"name\":\"Propri\u00e9t\u00e9s \u00e0 vendre \u00e0 Palamos\",\"item\":\"https:\\\/\\\/www.corredormato.com\\\/fr\\\/venda-costa-brava\\\/palamos\\\/\"},{\"@type\":\"ListItem\",\"position\":4,\"name\":\"Fermes \u00e0 vendre \u00e0 Palam\u00f3s\"}]},{\"@type\":\"WebSite\",\"@id\":\"https:\\\/\\\/www.corredormato.com\\\/fr\\\/#website\",\"url\":\"https:\\\/\\\/www.corredormato.com\\\/fr\\\/\",\"name\":\"Corredor Mat\u00f3 Real Estate &amp; Property Management\",\"description\":\"Real Estate &amp; Property Management\",\"publisher\":{\"@id\":\"https:\\\/\\\/www.corredormato.com\\\/fr\\\/#organization\"},\"alternateName\":\"Corredor Mat\u00f3\",\"potentialAction\":[{\"@type\":\"SearchAction\",\"target\":{\"@type\":\"EntryPoint\",\"urlTemplate\":\"https:\\\/\\\/www.corredormato.com\\\/resultats-de-cerca-lloguer\\\/?search_text={search_term_string}\"},\"query-input\":{\"@type\":\"PropertyValueSpecification\",\"valueRequired\":true,\"valueName\":\"search_term_string\"}}],\"inLanguage\":\"fr-FR\"},{\"@type\":\"Organization\",\"@id\":\"https:\\\/\\\/www.corredormato.com\\\/fr\\\/#organization\",\"name\":\"Corredor Mat\u00f3 | Real Estate & Property Management\",\"url\":\"https:\\\/\\\/www.corredormato.com\\\/fr\\\/\",\"logo\":{\"@type\":\"ImageObject\",\"inLanguage\":\"fr-FR\",\"@id\":\"https:\\\/\\\/www.corredormato.com\\\/fr\\\/#\\\/schema\\\/logo\\\/image\\\/\",\"url\":\"https:\\\/\\\/www.corredormato.com\\\/wp-content\\\/uploads\\\/2021\\\/04\\\/logo.png\",\"contentUrl\":\"https:\\\/\\\/www.corredormato.com\\\/wp-content\\\/uploads\\\/2021\\\/04\\\/logo.png\",\"width\":970,\"height\":225,\"caption\":\"Corredor Mat\u00f3 | Real Estate & Property Management\"},\"image\":{\"@id\":\"https:\\\/\\\/www.corredormato.com\\\/fr\\\/#\\\/schema\\\/logo\\\/image\\\/\"}}]}<\/script>\n<!-- \/ Yoast SEO plugin. -->","yoast_head_json":{"title":"Fermes \u00e0 vendre \u00e0 Palam\u00f3s - Corredor Mat\u00f3 Real Estate &amp; Property Management","description":"Si vous recherchez une maison de campagne \u00e0 vendre \u00e0 Palam\u00f3s, chez Corredor Mat\u00f3 nous pouvons vous aider \u00e0 trouver ce que vous recherchez gr\u00e2ce \u00e0 notre exp\u00e9rience.","robots":{"index":"index","follow":"follow","max-snippet":"max-snippet:-1","max-image-preview":"max-image-preview:large","max-video-preview":"max-video-preview:-1"},"canonical":"https:\/\/www.corredormato.com\/fr\/vente-costa-brava\/palamos\/fermes\/","og_locale":"fr_FR","og_type":"article","og_title":"Fermes \u00e0 vendre \u00e0 Palam\u00f3s - Corredor Mat\u00f3 Real Estate &amp; Property Management","og_description":"Si vous recherchez une maison de campagne \u00e0 vendre \u00e0 Palam\u00f3s, chez Corredor Mat\u00f3 nous pouvons vous aider \u00e0 trouver ce que vous recherchez gr\u00e2ce \u00e0 notre exp\u00e9rience.","og_url":"https:\/\/www.corredormato.com\/fr\/vente-costa-brava\/palamos\/fermes\/","og_site_name":"Corredor Mat\u00f3 Real Estate &amp; Property Management","article_modified_time":"2024-02-29T11:13:16+00:00","og_image":[{"width":1280,"height":887,"url":"https:\/\/www.corredormato.com\/wp-content\/uploads\/2024\/01\/FOTOS-IMATGES-PREVIEW-13.jpg","type":"image\/jpeg"}],"twitter_card":"summary_large_image","twitter_misc":{"Dur\u00e9e de lecture estim\u00e9e":"2 minutes"},"schema":{"@context":"https:\/\/schema.org","@graph":[{"@type":"WebPage","@id":"https:\/\/www.corredormato.com\/fr\/vente-costa-brava\/palamos\/fermes\/","url":"https:\/\/www.corredormato.com\/fr\/vente-costa-brava\/palamos\/fermes\/","name":"Fermes \u00e0 vendre \u00e0 Palam\u00f3s - Corredor Mat\u00f3 Real Estate &amp; Property Management","isPartOf":{"@id":"https:\/\/www.corredormato.com\/fr\/#website"},"primaryImageOfPage":{"@id":"https:\/\/www.corredormato.com\/fr\/vente-costa-brava\/palamos\/fermes\/#primaryimage"},"image":{"@id":"https:\/\/www.corredormato.com\/fr\/vente-costa-brava\/palamos\/fermes\/#primaryimage"},"thumbnailUrl":"https:\/\/www.corredormato.com\/wp-content\/uploads\/2024\/01\/FOTOS-IMATGES-PREVIEW-13.jpg","datePublished":"2024-01-09T08:47:22+00:00","dateModified":"2024-02-29T11:13:16+00:00","description":"Si vous recherchez une maison de campagne \u00e0 vendre \u00e0 Palam\u00f3s, chez Corredor Mat\u00f3 nous pouvons vous aider \u00e0 trouver ce que vous recherchez gr\u00e2ce \u00e0 notre exp\u00e9rience.","breadcrumb":{"@id":"https:\/\/www.corredormato.com\/fr\/vente-costa-brava\/palamos\/fermes\/#breadcrumb"},"inLanguage":"fr-FR","potentialAction":[{"@type":"ReadAction","target":["https:\/\/www.corredormato.com\/fr\/vente-costa-brava\/palamos\/fermes\/"]}]},{"@type":"BreadcrumbList","@id":"https:\/\/www.corredormato.com\/fr\/vente-costa-brava\/palamos\/fermes\/#breadcrumb","itemListElement":[{"@type":"ListItem","position":1,"name":"Home","item":"https:\/\/www.corredormato.com\/fr\/"},{"@type":"ListItem","position":2,"name":"Vente Costa Brava","item":"https:\/\/www.corredormato.com\/fr\/venda-costa-brava\/"},{"@type":"ListItem","position":3,"name":"Propri\u00e9t\u00e9s \u00e0 vendre \u00e0 Palamos","item":"https:\/\/www.corredormato.com\/fr\/venda-costa-brava\/palamos\/"},{"@type":"ListItem","position":4,"name":"Fermes \u00e0 vendre \u00e0 Palam\u00f3s"}]},{"@type":"WebSite","@id":"https:\/\/www.corredormato.com\/fr\/#website","url":"https:\/\/www.corredormato.com\/fr\/","name":"Corredor Mat\u00f3 Real Estate &amp; Property Management","description":"Real Estate &amp; Property Management","publisher":{"@id":"https:\/\/www.corredormato.com\/fr\/#organization"},"alternateName":"Corredor Mat\u00f3","potentialAction":[{"@type":"SearchAction","target":{"@type":"EntryPoint","urlTemplate":"https:\/\/www.corredormato.com\/resultats-de-cerca-lloguer\/?search_text={search_term_string}"},"query-input":{"@type":"PropertyValueSpecification","valueRequired":true,"valueName":"search_term_string"}}],"inLanguage":"fr-FR"},{"@type":"Organization","@id":"https:\/\/www.corredormato.com\/fr\/#organization","name":"Corredor Mat\u00f3 | Real Estate & Property Management","url":"https:\/\/www.corredormato.com\/fr\/","logo":{"@type":"ImageObject","inLanguage":"fr-FR","@id":"https:\/\/www.corredormato.com\/fr\/#\/schema\/logo\/image\/","url":"https:\/\/www.corredormato.com\/wp-content\/uploads\/2021\/04\/logo.png","contentUrl":"https:\/\/www.corredormato.com\/wp-content\/uploads\/2021\/04\/logo.png","width":970,"height":225,"caption":"Corredor Mat\u00f3 | Real Estate & Property Management"},"image":{"@id":"https:\/\/www.corredormato.com\/fr\/#\/schema\/logo\/image\/"}}]}},"_links":{"self":[{"href":"https:\/\/www.corredormato.com\/fr\/wp-json\/wp\/v2\/pages\/12742","targetHints":{"allow":["GET"]}}],"collection":[{"href":"https:\/\/www.corredormato.com\/fr\/wp-json\/wp\/v2\/pages"}],"about":[{"href":"https:\/\/www.corredormato.com\/fr\/wp-json\/wp\/v2\/types\/page"}],"author":[{"embeddable":true,"href":"https:\/\/www.corredormato.com\/fr\/wp-json\/wp\/v2\/users\/4"}],"replies":[{"embeddable":true,"href":"https:\/\/www.corredormato.com\/fr\/wp-json\/wp\/v2\/comments?post=12742"}],"version-history":[{"count":4,"href":"https:\/\/www.corredormato.com\/fr\/wp-json\/wp\/v2\/pages\/12742\/revisions"}],"predecessor-version":[{"id":15328,"href":"https:\/\/www.corredormato.com\/fr\/wp-json\/wp\/v2\/pages\/12742\/revisions\/15328"}],"up":[{"embeddable":true,"href":"https:\/\/www.corredormato.com\/fr\/wp-json\/wp\/v2\/pages\/4600"}],"wp:featuredmedia":[{"embeddable":true,"href":"https:\/\/www.corredormato.com\/fr\/wp-json\/wp\/v2\/media\/12796"}],"wp:attachment":[{"href":"https:\/\/www.corredormato.com\/fr\/wp-json\/wp\/v2\/media?parent=12742"}],"curies":[{"name":"wp","href":"https:\/\/api.w.org\/{rel}","templated":true}]}}