{"id":12787,"date":"2024-01-09T12:48:24","date_gmt":"2024-01-09T10:48:24","guid":{"rendered":"https:\/\/www.corredormato.com\/fermes\/"},"modified":"2024-02-28T10:36:33","modified_gmt":"2024-02-28T08:36:33","slug":"fermes","status":"publish","type":"page","link":"https:\/\/www.corredormato.com\/fr\/vente-costa-brava\/llambilles\/fermes\/","title":{"rendered":"Fermes \u00e0 vendre \u00e0 Llambilles"},"content":{"rendered":"\t\t<div data-elementor-type=\"wp-page\" data-elementor-id=\"12787\" class=\"elementor elementor-12787 elementor-12265\" data-elementor-post-type=\"page\">\n\t\t\t\t\t\t<section class=\"elementor-section elementor-top-section elementor-element elementor-element-a00117d elementor-section-full_width elementor-section-height-default elementor-section-height-default\" data-id=\"a00117d\" data-element_type=\"section\" data-e-type=\"section\">\n\t\t\t\t\t\t<div class=\"elementor-container elementor-column-gap-default\">\n\t\t\t\t\t<div class=\"elementor-column elementor-col-100 elementor-top-column elementor-element elementor-element-27140ba\" data-id=\"27140ba\" data-element_type=\"column\" data-e-type=\"column\">\n\t\t\t<div class=\"elementor-widget-wrap elementor-element-populated\">\n\t\t\t\t\t\t<div class=\"elementor-element elementor-element-50d98ba listado-general elementor-widget elementor-widget-shortcode\" data-id=\"50d98ba\" data-element_type=\"widget\" data-e-type=\"widget\" data-widget_type=\"shortcode.default\">\n\t\t\t\t<div class=\"elementor-widget-container\">\n\t\t\t\t\t\t\t<div class=\"elementor-shortcode\">  <div class=\"n2r__list n2r__list--empty\">\n    <h3>Aucun r\u00e9sultat trouv\u00e9. Veuillez nous contacter pour que nous puissions vous aider.<\/h3>\n  <\/div>\n<\/div>\n\t\t\t\t\t\t<\/div>\n\t\t\t\t<\/div>\n\t\t\t\t\t<\/div>\n\t\t<\/div>\n\t\t\t\t\t<\/div>\n\t\t<\/section>\n\t\t\t\t<section class=\"elementor-section elementor-top-section elementor-element elementor-element-70f13ce elementor-section-boxed elementor-section-height-default elementor-section-height-default\" data-id=\"70f13ce\" data-element_type=\"section\" data-e-type=\"section\">\n\t\t\t\t\t\t<div class=\"elementor-container elementor-column-gap-default\">\n\t\t\t\t\t<div class=\"elementor-column elementor-col-100 elementor-top-column elementor-element elementor-element-f16e510\" data-id=\"f16e510\" data-element_type=\"column\" data-e-type=\"column\">\n\t\t\t<div class=\"elementor-widget-wrap elementor-element-populated\">\n\t\t\t\t\t\t<div class=\"elementor-element elementor-element-e94790d elementor-widget elementor-widget-text-editor\" data-id=\"e94790d\" data-element_type=\"widget\" data-e-type=\"widget\" data-widget_type=\"text-editor.default\">\n\t\t\t\t<div class=\"elementor-widget-container\">\n\t\t\t\t\t\t\t\t\t<h2>Fermes \u00e0 vendre \u00e0 Llambilles<\/h2>\n<p><strong>Llambilles<\/strong>, situ\u00e9e dans la r\u00e9gion de <strong>G\u00e9rone<\/strong>, est un havre de paix o\u00f9 les fermes \u00e0 vendre sont un t\u00e9moignage de la vie rurale dans tout son charme. Cette charmante localit\u00e9 offre un large \u00e9ventail de fermes qui refl\u00e8tent l&#8217;authenticit\u00e9 et l&#8217;essence de la vie dans la r\u00e9gion de la <strong>Costa Brava.<\/strong><\/p>\n<p>Les fermes \u00e0 vendre \u00e0 <strong>Llambilles<\/strong> sont une expression vivante de la tradition et de l&#8217;histoire catalanes. Des fermes en pierre \u00e0 la structure rustique aux propri\u00e9t\u00e9s les plus modernes dot\u00e9es du confort contemporain, chaque ferme offre un style de vie unique dans un cadre rural idyllique.<\/p>\n<p>Au c\u0153ur de <strong>Llambilles<\/strong>, on trouve diff\u00e9rents quartiers et zones, chacun avec son propre caract\u00e8re et sa particularit\u00e9. Du vieux quartier avec ses maisons en pierre et ses rues \u00e9troites aux nouveaux d\u00e9veloppements r\u00e9sidentiels avec des espaces ouverts, <strong>Llambilles<\/strong> offre une grande vari\u00e9t\u00e9 de paysages urbains et ruraux.<\/p>\n<p><strong>Corredor Mat\u00f3<\/strong> s&#8217;engage \u00e0 \u00eatre votre partenaire dans la recherche de la ferme id\u00e9ale \u00e0 <strong>Llambilles<\/strong>. Gr\u00e2ce \u00e0 notre connaissance approfondie du march\u00e9 immobilier local et \u00e0 notre approche personnalis\u00e9e, nous sommes l\u00e0 pour faciliter votre recherche et la d\u00e9couverte de la ferme id\u00e9ale. Notre mission est de trouver les meilleures options de fermes \u00e0 vendre \u00e0 <strong>Llambilles<\/strong> et de vous offrir un soutien expert tout au long du processus d&#8217;achat.<\/p>\n<p>Si vous cherchez une ferme \u00e0 <strong>Llambilles<\/strong>, n&#8217;h\u00e9sitez pas \u00e0 nous faire confiance pour vous accompagner dans cette aventure. Nous nous engageons \u00e0 r\u00e9aliser votre r\u00eave de trouver la ferme parfaite, adapt\u00e9e \u00e0 vos pr\u00e9f\u00e9rences et \u00e0 vos besoins, dans cette merveilleuse r\u00e9gion rurale de la Costa Brava.<\/p>\n\t\t\t\t\t\t\t\t<\/div>\n\t\t\t\t<\/div>\n\t\t\t\t<div class=\"elementor-element elementor-element-11da561 elementor-widget elementor-widget-shortcode\" data-id=\"11da561\" data-element_type=\"widget\" data-e-type=\"widget\" data-widget_type=\"shortcode.default\">\n\t\t\t\t<div class=\"elementor-widget-container\">\n\t\t\t\t\t\t\t<div class=\"elementor-shortcode\"><style>.wp-show-posts-columns#wpsp-12582 {margin-left: -2em; }.wp-show-posts-columns#wpsp-12582 .wp-show-posts-inner {margin: 0 0 2em 2em; }<\/style><section id=\"wpsp-12582\" class=\" wp-show-posts-columns wp-show-posts\" style=\"\"><article class=\" wp-show-posts-single post-12787 page type-page status-publish has-post-thumbnail hentry wpsp-col-3\" itemtype=\"http:\/\/schema.org\/CreativeWork\" itemscope><div class=\"wp-show-posts-inner\" style=\"\">\t\t\t\t\t\t<header class=\"wp-show-posts-entry-header\">\n\t\t\t\t\t\t\t<h3 class=\"wp-show-posts-entry-title\" itemprop=\"headline\"><a href=\"https:\/\/www.corredormato.com\/fr\/vente-costa-brava\/llambilles\/fermes\/\" rel=\"bookmark\">Fermes \u00e0 vendre \u00e0 Llambilles<\/a><\/h3>\t\t\t\t\t\t<\/header><!-- .entry-header -->\n\t\t\t\t\t\t\t<div class=\"wp-show-posts-image  wpsp-image-center \">\n\t\t\t<a href=\"https:\/\/www.corredormato.com\/fr\/vente-costa-brava\/llambilles\/fermes\/\"  title=\"Fermes \u00e0 vendre \u00e0 Llambilles\"><img fetchpriority=\"high\" decoding=\"async\" width=\"1280\" height=\"887\" src=\"https:\/\/www.corredormato.com\/wp-content\/uploads\/2024\/01\/FOTOS-IMATGES-PREVIEW-11.jpg\" class=\"attachment-full size-full wp-post-image\" alt=\"\" itemprop=\"image\" srcset=\"https:\/\/www.corredormato.com\/wp-content\/uploads\/2024\/01\/FOTOS-IMATGES-PREVIEW-11.jpg 1280w, https:\/\/www.corredormato.com\/wp-content\/uploads\/2024\/01\/FOTOS-IMATGES-PREVIEW-11-300x208.jpg 300w, https:\/\/www.corredormato.com\/wp-content\/uploads\/2024\/01\/FOTOS-IMATGES-PREVIEW-11-1024x710.jpg 1024w, https:\/\/www.corredormato.com\/wp-content\/uploads\/2024\/01\/FOTOS-IMATGES-PREVIEW-11-768x532.jpg 768w\" sizes=\"(max-width: 1280px) 100vw, 1280px\" \/><\/a>\t\t<\/div>\n\t\t<\/div><!-- wp-show-posts-inner --><\/article><article class=\" wp-show-posts-single post-12757 page type-page status-publish has-post-thumbnail hentry wpsp-col-3\" itemtype=\"http:\/\/schema.org\/CreativeWork\" itemscope><div class=\"wp-show-posts-inner\" style=\"\">\t\t\t\t\t\t<header class=\"wp-show-posts-entry-header\">\n\t\t\t\t\t\t\t<h3 class=\"wp-show-posts-entry-title\" itemprop=\"headline\"><a href=\"https:\/\/www.corredormato.com\/fr\/vente-costa-brava\/palafrugell\/fermes\/\" rel=\"bookmark\">Fermes \u00e0 vendre \u00e0 Palafrugell<\/a><\/h3>\t\t\t\t\t\t<\/header><!-- .entry-header -->\n\t\t\t\t\t\t\t<div class=\"wp-show-posts-image  wpsp-image-center \">\n\t\t\t<a href=\"https:\/\/www.corredormato.com\/fr\/vente-costa-brava\/palafrugell\/fermes\/\"  title=\"Fermes \u00e0 vendre \u00e0 Palafrugell\"><img decoding=\"async\" width=\"1280\" height=\"887\" src=\"https:\/\/www.corredormato.com\/wp-content\/uploads\/2024\/01\/FOTOS-IMATGES-PREVIEW-12.jpg\" class=\"attachment-full size-full wp-post-image\" alt=\"\" itemprop=\"image\" srcset=\"https:\/\/www.corredormato.com\/wp-content\/uploads\/2024\/01\/FOTOS-IMATGES-PREVIEW-12.jpg 1280w, https:\/\/www.corredormato.com\/wp-content\/uploads\/2024\/01\/FOTOS-IMATGES-PREVIEW-12-300x208.jpg 300w, https:\/\/www.corredormato.com\/wp-content\/uploads\/2024\/01\/FOTOS-IMATGES-PREVIEW-12-1024x710.jpg 1024w, https:\/\/www.corredormato.com\/wp-content\/uploads\/2024\/01\/FOTOS-IMATGES-PREVIEW-12-768x532.jpg 768w\" sizes=\"(max-width: 1280px) 100vw, 1280px\" \/><\/a>\t\t<\/div>\n\t\t<\/div><!-- wp-show-posts-inner --><\/article><article class=\" wp-show-posts-single post-12742 page type-page status-publish has-post-thumbnail hentry wpsp-col-3\" itemtype=\"http:\/\/schema.org\/CreativeWork\" itemscope><div class=\"wp-show-posts-inner\" style=\"\">\t\t\t\t\t\t<header class=\"wp-show-posts-entry-header\">\n\t\t\t\t\t\t\t<h3 class=\"wp-show-posts-entry-title\" itemprop=\"headline\"><a href=\"https:\/\/www.corredormato.com\/fr\/vente-costa-brava\/palamos\/fermes\/\" rel=\"bookmark\">Fermes \u00e0 vendre \u00e0 Palam\u00f3s<\/a><\/h3>\t\t\t\t\t\t<\/header><!-- .entry-header -->\n\t\t\t\t\t\t\t<div class=\"wp-show-posts-image  wpsp-image-center \">\n\t\t\t<a href=\"https:\/\/www.corredormato.com\/fr\/vente-costa-brava\/palamos\/fermes\/\"  title=\"Fermes \u00e0 vendre \u00e0 Palam\u00f3s\"><img decoding=\"async\" width=\"1280\" height=\"887\" src=\"https:\/\/www.corredormato.com\/wp-content\/uploads\/2024\/01\/FOTOS-IMATGES-PREVIEW-13.jpg\" class=\"attachment-full size-full wp-post-image\" alt=\"\" itemprop=\"image\" srcset=\"https:\/\/www.corredormato.com\/wp-content\/uploads\/2024\/01\/FOTOS-IMATGES-PREVIEW-13.jpg 1280w, https:\/\/www.corredormato.com\/wp-content\/uploads\/2024\/01\/FOTOS-IMATGES-PREVIEW-13-300x208.jpg 300w, https:\/\/www.corredormato.com\/wp-content\/uploads\/2024\/01\/FOTOS-IMATGES-PREVIEW-13-1024x710.jpg 1024w, https:\/\/www.corredormato.com\/wp-content\/uploads\/2024\/01\/FOTOS-IMATGES-PREVIEW-13-768x532.jpg 768w\" sizes=\"(max-width: 1280px) 100vw, 1280px\" \/><\/a>\t\t<\/div>\n\t\t<\/div><!-- wp-show-posts-inner --><\/article><div class=\"wpsp-clear\"><\/div><\/section><!-- .wp-show-posts --><\/div>\n\t\t\t\t\t\t<\/div>\n\t\t\t\t<\/div>\n\t\t\t\t\t<\/div>\n\t\t<\/div>\n\t\t\t\t\t<\/div>\n\t\t<\/section>\n\t\t\t\t<\/div>\n\t\t","protected":false},"excerpt":{"rendered":"<p>Fermes \u00e0 vendre \u00e0 Llambilles Llambilles, situ\u00e9e dans la r\u00e9gion de G\u00e9rone, est un havre de paix o\u00f9 les fermes \u00e0 vendre sont un t\u00e9moignage de la vie rurale dans tout son charme. Cette charmante localit\u00e9 offre un large \u00e9ventail de fermes qui refl\u00e8tent l&#8217;authenticit\u00e9 et l&#8217;essence de la vie dans la r\u00e9gion de la [&hellip;]<\/p>\n","protected":false},"author":4,"featured_media":12777,"parent":12836,"menu_order":0,"comment_status":"closed","ping_status":"closed","template":"","meta":{"footnotes":""},"class_list":["post-12787","page","type-page","status-publish","has-post-thumbnail","hentry"],"yoast_head":"<!-- This site is optimized with the Yoast SEO plugin v27.3 - https:\/\/yoast.com\/product\/yoast-seo-wordpress\/ -->\n<title>Fermes \u00e0 vendre \u00e0 Llambilles - Corredor Mat\u00f3 Real Estate &amp; Property Management<\/title>\n<meta name=\"description\" content=\"Lorsque vous recherchez une ferme \u00e0 vendre \u00e0 Llambilles, chez Corredor Mat\u00f3, nous sommes experts dans le domaine et pouvons vous aider \u00e0 la trouver rapidement.\" \/>\n<meta name=\"robots\" content=\"index, follow, max-snippet:-1, max-image-preview:large, max-video-preview:-1\" \/>\n<link rel=\"canonical\" href=\"https:\/\/www.corredormato.com\/fr\/vente-costa-brava\/llambilles\/fermes\/\" \/>\n<meta property=\"og:locale\" content=\"fr_FR\" \/>\n<meta property=\"og:type\" content=\"article\" \/>\n<meta property=\"og:title\" content=\"Fermes \u00e0 vendre \u00e0 Llambilles - Corredor Mat\u00f3 Real Estate &amp; Property Management\" \/>\n<meta property=\"og:description\" content=\"Lorsque vous recherchez une ferme \u00e0 vendre \u00e0 Llambilles, chez Corredor Mat\u00f3, nous sommes experts dans le domaine et pouvons vous aider \u00e0 la trouver rapidement.\" \/>\n<meta property=\"og:url\" content=\"https:\/\/www.corredormato.com\/fr\/vente-costa-brava\/llambilles\/fermes\/\" \/>\n<meta property=\"og:site_name\" content=\"Corredor Mat\u00f3 Real Estate &amp; Property Management\" \/>\n<meta property=\"article:modified_time\" content=\"2024-02-28T08:36:33+00:00\" \/>\n<meta property=\"og:image\" content=\"https:\/\/www.corredormato.com\/wp-content\/uploads\/2024\/01\/FOTOS-IMATGES-PREVIEW-11.jpg\" \/>\n\t<meta property=\"og:image:width\" content=\"1280\" \/>\n\t<meta property=\"og:image:height\" content=\"887\" \/>\n\t<meta property=\"og:image:type\" content=\"image\/jpeg\" \/>\n<meta name=\"twitter:card\" content=\"summary_large_image\" \/>\n<meta name=\"twitter:label1\" content=\"Dur\u00e9e de lecture estim\u00e9e\" \/>\n\t<meta name=\"twitter:data1\" content=\"2 minutes\" \/>\n<script type=\"application\/ld+json\" class=\"yoast-schema-graph\">{\"@context\":\"https:\\\/\\\/schema.org\",\"@graph\":[{\"@type\":\"WebPage\",\"@id\":\"https:\\\/\\\/www.corredormato.com\\\/fr\\\/vente-costa-brava\\\/llambilles\\\/fermes\\\/\",\"url\":\"https:\\\/\\\/www.corredormato.com\\\/fr\\\/vente-costa-brava\\\/llambilles\\\/fermes\\\/\",\"name\":\"Fermes \u00e0 vendre \u00e0 Llambilles - Corredor Mat\u00f3 Real Estate &amp; Property Management\",\"isPartOf\":{\"@id\":\"https:\\\/\\\/www.corredormato.com\\\/fr\\\/#website\"},\"primaryImageOfPage\":{\"@id\":\"https:\\\/\\\/www.corredormato.com\\\/fr\\\/vente-costa-brava\\\/llambilles\\\/fermes\\\/#primaryimage\"},\"image\":{\"@id\":\"https:\\\/\\\/www.corredormato.com\\\/fr\\\/vente-costa-brava\\\/llambilles\\\/fermes\\\/#primaryimage\"},\"thumbnailUrl\":\"https:\\\/\\\/www.corredormato.com\\\/wp-content\\\/uploads\\\/2024\\\/01\\\/FOTOS-IMATGES-PREVIEW-11.jpg\",\"datePublished\":\"2024-01-09T10:48:24+00:00\",\"dateModified\":\"2024-02-28T08:36:33+00:00\",\"description\":\"Lorsque vous recherchez une ferme \u00e0 vendre \u00e0 Llambilles, chez Corredor Mat\u00f3, nous sommes experts dans le domaine et pouvons vous aider \u00e0 la trouver rapidement.\",\"breadcrumb\":{\"@id\":\"https:\\\/\\\/www.corredormato.com\\\/fr\\\/vente-costa-brava\\\/llambilles\\\/fermes\\\/#breadcrumb\"},\"inLanguage\":\"fr-FR\",\"potentialAction\":[{\"@type\":\"ReadAction\",\"target\":[\"https:\\\/\\\/www.corredormato.com\\\/fr\\\/vente-costa-brava\\\/llambilles\\\/fermes\\\/\"]}]},{\"@type\":\"BreadcrumbList\",\"@id\":\"https:\\\/\\\/www.corredormato.com\\\/fr\\\/vente-costa-brava\\\/llambilles\\\/fermes\\\/#breadcrumb\",\"itemListElement\":[{\"@type\":\"ListItem\",\"position\":1,\"name\":\"Home\",\"item\":\"https:\\\/\\\/www.corredormato.com\\\/fr\\\/\"},{\"@type\":\"ListItem\",\"position\":2,\"name\":\"Vente Costa Brava\",\"item\":\"https:\\\/\\\/www.corredormato.com\\\/fr\\\/venda-costa-brava\\\/\"},{\"@type\":\"ListItem\",\"position\":3,\"name\":\"Propri\u00e9t\u00e9s \u00e0 vendre \u00e0 Llambilles\",\"item\":\"https:\\\/\\\/www.corredormato.com\\\/fr\\\/venda-costa-brava\\\/llambilles\\\/\"},{\"@type\":\"ListItem\",\"position\":4,\"name\":\"Fermes \u00e0 vendre \u00e0 Llambilles\"}]},{\"@type\":\"WebSite\",\"@id\":\"https:\\\/\\\/www.corredormato.com\\\/fr\\\/#website\",\"url\":\"https:\\\/\\\/www.corredormato.com\\\/fr\\\/\",\"name\":\"Corredor Mat\u00f3 Real Estate &amp; Property Management\",\"description\":\"Real Estate &amp; Property Management\",\"publisher\":{\"@id\":\"https:\\\/\\\/www.corredormato.com\\\/fr\\\/#organization\"},\"alternateName\":\"Corredor Mat\u00f3\",\"potentialAction\":[{\"@type\":\"SearchAction\",\"target\":{\"@type\":\"EntryPoint\",\"urlTemplate\":\"https:\\\/\\\/www.corredormato.com\\\/resultats-de-cerca-lloguer\\\/?search_text={search_term_string}\"},\"query-input\":{\"@type\":\"PropertyValueSpecification\",\"valueRequired\":true,\"valueName\":\"search_term_string\"}}],\"inLanguage\":\"fr-FR\"},{\"@type\":\"Organization\",\"@id\":\"https:\\\/\\\/www.corredormato.com\\\/fr\\\/#organization\",\"name\":\"Corredor Mat\u00f3 | Real Estate & Property Management\",\"url\":\"https:\\\/\\\/www.corredormato.com\\\/fr\\\/\",\"logo\":{\"@type\":\"ImageObject\",\"inLanguage\":\"fr-FR\",\"@id\":\"https:\\\/\\\/www.corredormato.com\\\/fr\\\/#\\\/schema\\\/logo\\\/image\\\/\",\"url\":\"https:\\\/\\\/www.corredormato.com\\\/wp-content\\\/uploads\\\/2021\\\/04\\\/logo.png\",\"contentUrl\":\"https:\\\/\\\/www.corredormato.com\\\/wp-content\\\/uploads\\\/2021\\\/04\\\/logo.png\",\"width\":970,\"height\":225,\"caption\":\"Corredor Mat\u00f3 | Real Estate & Property Management\"},\"image\":{\"@id\":\"https:\\\/\\\/www.corredormato.com\\\/fr\\\/#\\\/schema\\\/logo\\\/image\\\/\"}}]}<\/script>\n<!-- \/ Yoast SEO plugin. -->","yoast_head_json":{"title":"Fermes \u00e0 vendre \u00e0 Llambilles - Corredor Mat\u00f3 Real Estate &amp; Property Management","description":"Lorsque vous recherchez une ferme \u00e0 vendre \u00e0 Llambilles, chez Corredor Mat\u00f3, nous sommes experts dans le domaine et pouvons vous aider \u00e0 la trouver rapidement.","robots":{"index":"index","follow":"follow","max-snippet":"max-snippet:-1","max-image-preview":"max-image-preview:large","max-video-preview":"max-video-preview:-1"},"canonical":"https:\/\/www.corredormato.com\/fr\/vente-costa-brava\/llambilles\/fermes\/","og_locale":"fr_FR","og_type":"article","og_title":"Fermes \u00e0 vendre \u00e0 Llambilles - Corredor Mat\u00f3 Real Estate &amp; Property Management","og_description":"Lorsque vous recherchez une ferme \u00e0 vendre \u00e0 Llambilles, chez Corredor Mat\u00f3, nous sommes experts dans le domaine et pouvons vous aider \u00e0 la trouver rapidement.","og_url":"https:\/\/www.corredormato.com\/fr\/vente-costa-brava\/llambilles\/fermes\/","og_site_name":"Corredor Mat\u00f3 Real Estate &amp; Property Management","article_modified_time":"2024-02-28T08:36:33+00:00","og_image":[{"width":1280,"height":887,"url":"https:\/\/www.corredormato.com\/wp-content\/uploads\/2024\/01\/FOTOS-IMATGES-PREVIEW-11.jpg","type":"image\/jpeg"}],"twitter_card":"summary_large_image","twitter_misc":{"Dur\u00e9e de lecture estim\u00e9e":"2 minutes"},"schema":{"@context":"https:\/\/schema.org","@graph":[{"@type":"WebPage","@id":"https:\/\/www.corredormato.com\/fr\/vente-costa-brava\/llambilles\/fermes\/","url":"https:\/\/www.corredormato.com\/fr\/vente-costa-brava\/llambilles\/fermes\/","name":"Fermes \u00e0 vendre \u00e0 Llambilles - Corredor Mat\u00f3 Real Estate &amp; Property Management","isPartOf":{"@id":"https:\/\/www.corredormato.com\/fr\/#website"},"primaryImageOfPage":{"@id":"https:\/\/www.corredormato.com\/fr\/vente-costa-brava\/llambilles\/fermes\/#primaryimage"},"image":{"@id":"https:\/\/www.corredormato.com\/fr\/vente-costa-brava\/llambilles\/fermes\/#primaryimage"},"thumbnailUrl":"https:\/\/www.corredormato.com\/wp-content\/uploads\/2024\/01\/FOTOS-IMATGES-PREVIEW-11.jpg","datePublished":"2024-01-09T10:48:24+00:00","dateModified":"2024-02-28T08:36:33+00:00","description":"Lorsque vous recherchez une ferme \u00e0 vendre \u00e0 Llambilles, chez Corredor Mat\u00f3, nous sommes experts dans le domaine et pouvons vous aider \u00e0 la trouver rapidement.","breadcrumb":{"@id":"https:\/\/www.corredormato.com\/fr\/vente-costa-brava\/llambilles\/fermes\/#breadcrumb"},"inLanguage":"fr-FR","potentialAction":[{"@type":"ReadAction","target":["https:\/\/www.corredormato.com\/fr\/vente-costa-brava\/llambilles\/fermes\/"]}]},{"@type":"BreadcrumbList","@id":"https:\/\/www.corredormato.com\/fr\/vente-costa-brava\/llambilles\/fermes\/#breadcrumb","itemListElement":[{"@type":"ListItem","position":1,"name":"Home","item":"https:\/\/www.corredormato.com\/fr\/"},{"@type":"ListItem","position":2,"name":"Vente Costa Brava","item":"https:\/\/www.corredormato.com\/fr\/venda-costa-brava\/"},{"@type":"ListItem","position":3,"name":"Propri\u00e9t\u00e9s \u00e0 vendre \u00e0 Llambilles","item":"https:\/\/www.corredormato.com\/fr\/venda-costa-brava\/llambilles\/"},{"@type":"ListItem","position":4,"name":"Fermes \u00e0 vendre \u00e0 Llambilles"}]},{"@type":"WebSite","@id":"https:\/\/www.corredormato.com\/fr\/#website","url":"https:\/\/www.corredormato.com\/fr\/","name":"Corredor Mat\u00f3 Real Estate &amp; Property Management","description":"Real Estate &amp; Property Management","publisher":{"@id":"https:\/\/www.corredormato.com\/fr\/#organization"},"alternateName":"Corredor Mat\u00f3","potentialAction":[{"@type":"SearchAction","target":{"@type":"EntryPoint","urlTemplate":"https:\/\/www.corredormato.com\/resultats-de-cerca-lloguer\/?search_text={search_term_string}"},"query-input":{"@type":"PropertyValueSpecification","valueRequired":true,"valueName":"search_term_string"}}],"inLanguage":"fr-FR"},{"@type":"Organization","@id":"https:\/\/www.corredormato.com\/fr\/#organization","name":"Corredor Mat\u00f3 | Real Estate & Property Management","url":"https:\/\/www.corredormato.com\/fr\/","logo":{"@type":"ImageObject","inLanguage":"fr-FR","@id":"https:\/\/www.corredormato.com\/fr\/#\/schema\/logo\/image\/","url":"https:\/\/www.corredormato.com\/wp-content\/uploads\/2021\/04\/logo.png","contentUrl":"https:\/\/www.corredormato.com\/wp-content\/uploads\/2021\/04\/logo.png","width":970,"height":225,"caption":"Corredor Mat\u00f3 | Real Estate & Property Management"},"image":{"@id":"https:\/\/www.corredormato.com\/fr\/#\/schema\/logo\/image\/"}}]}},"_links":{"self":[{"href":"https:\/\/www.corredormato.com\/fr\/wp-json\/wp\/v2\/pages\/12787","targetHints":{"allow":["GET"]}}],"collection":[{"href":"https:\/\/www.corredormato.com\/fr\/wp-json\/wp\/v2\/pages"}],"about":[{"href":"https:\/\/www.corredormato.com\/fr\/wp-json\/wp\/v2\/types\/page"}],"author":[{"embeddable":true,"href":"https:\/\/www.corredormato.com\/fr\/wp-json\/wp\/v2\/users\/4"}],"replies":[{"embeddable":true,"href":"https:\/\/www.corredormato.com\/fr\/wp-json\/wp\/v2\/comments?post=12787"}],"version-history":[{"count":2,"href":"https:\/\/www.corredormato.com\/fr\/wp-json\/wp\/v2\/pages\/12787\/revisions"}],"predecessor-version":[{"id":13949,"href":"https:\/\/www.corredormato.com\/fr\/wp-json\/wp\/v2\/pages\/12787\/revisions\/13949"}],"up":[{"embeddable":true,"href":"https:\/\/www.corredormato.com\/fr\/wp-json\/wp\/v2\/pages\/12836"}],"wp:featuredmedia":[{"embeddable":true,"href":"https:\/\/www.corredormato.com\/fr\/wp-json\/wp\/v2\/media\/12777"}],"wp:attachment":[{"href":"https:\/\/www.corredormato.com\/fr\/wp-json\/wp\/v2\/media?parent=12787"}],"curies":[{"name":"wp","href":"https:\/\/api.w.org\/{rel}","templated":true}]}}