{"id":13608,"date":"2024-02-05T14:34:47","date_gmt":"2024-02-05T12:34:47","guid":{"rendered":"https:\/\/www.corredormato.com\/nouvelle-construction\/nouvelle-construction-barcelone\/"},"modified":"2024-08-06T15:21:41","modified_gmt":"2024-08-06T13:21:41","slug":"nouvelle-construction-barcelone","status":"publish","type":"page","link":"https:\/\/www.corredormato.com\/fr\/nouvelle-construction\/nouvelle-construction-barcelone\/","title":{"rendered":"Nouvelle construction &#8211; Barcelone"},"content":{"rendered":"\t\t<div data-elementor-type=\"wp-page\" data-elementor-id=\"13608\" class=\"elementor elementor-13608 elementor-13593\" data-elementor-post-type=\"page\">\n\t\t\t\t\t\t<section class=\"elementor-section elementor-top-section elementor-element elementor-element-a2c8038 elementor-section-boxed elementor-section-height-default elementor-section-height-default\" data-id=\"a2c8038\" data-element_type=\"section\" data-e-type=\"section\">\n\t\t\t\t\t\t<div class=\"elementor-container elementor-column-gap-default\">\n\t\t\t\t\t<div class=\"elementor-column elementor-col-100 elementor-top-column elementor-element elementor-element-9da9e11\" data-id=\"9da9e11\" data-element_type=\"column\" data-e-type=\"column\">\n\t\t\t<div class=\"elementor-widget-wrap elementor-element-populated\">\n\t\t\t\t\t\t<div class=\"elementor-element elementor-element-f7c4e59 listado-general-venta elementor-widget elementor-widget-shortcode\" data-id=\"f7c4e59\" data-element_type=\"widget\" data-e-type=\"widget\" data-widget_type=\"shortcode.default\">\n\t\t\t\t<div class=\"elementor-widget-container\">\n\t\t\t\t\t\t\t<div class=\"elementor-shortcode\">\n<div class=\"n2r__list grid\" data-n2r-searchparams=\"\">\n    <div class=\"n2r__row\">\n    <div class=\"n2r__list__items\">\n      <div class=\"n2r__list__item n2r__clickable   \" data-id=\"24474\">\n    <div class=\"n2r__list__item__gallery n2r__slider\">\n    <div class=\"slide-item\"><img data-lazy=\"https:\/\/files.net2rent.com\/pfiles\/43\/24474\/563423-m.jpg\" alt=\"\" title=\"\"><\/div><div class=\"slide-item\"><img data-lazy=\"https:\/\/files.net2rent.com\/pfiles\/43\/24474\/563425-m.jpg\" alt=\"\" title=\"\"><\/div><div class=\"slide-item\"><img data-lazy=\"https:\/\/files.net2rent.com\/pfiles\/43\/24474\/563426-m.jpg\" alt=\"\" title=\"\"><\/div><div class=\"slide-item\"><img data-lazy=\"https:\/\/files.net2rent.com\/pfiles\/43\/24474\/563428-m.jpg\" alt=\"\" title=\"\"><\/div><div class=\"slide-item\"><img data-lazy=\"https:\/\/files.net2rent.com\/pfiles\/43\/24474\/563429-m.jpg\" alt=\"\" title=\"\"><\/div>  <\/div>\n\n  <div class=\"n2r__list__item__info\">\n    <div class=\"n2r__list__item__title\">\n      <h2 class=\"n2r__list__item__name\">\n        <a href=\"https:\/\/www.corredormato.com\/fr\/vendre\/vente-villa-kubs-joaquima-l-ametlla-del-valles-24474\/\">Ville en vente \u00e1 L&#039; Ametlla Del Valles, avec 173 m2, 4 chambres et 2 salles de bain, Piscine,<\/a>\n      <\/h2>\n          <\/div>\n    <div class=\"n2r__list__item__title\">\n      <div class=\"n2r__list__item__reference\">Ref: M2495<\/div>\n            <div class=\"n2r__list__item__city\">L&#039; Ametlla Del Valles<\/div>\n          <\/div>\n    <div class=\"n2r__list__item__features\">\n      <div class=\"n2r__list__item__feature n2r__list__item__feature--rooms\" title=\"4 chambres \u00e0 coucher\"><i class=\"n2r_room\"><\/i> 4<\/div><div class=\"n2r__list__item__feature n2r__list__item__feature--bathrooms\" title=\"2 toilettes\"><i class=\"n2r_toilet\"><\/i> 2<\/div><div class=\"n2r__list__item__feature n2r__list__item__feature--property_meters\" title=\"M\u00e8tres de la propri\u00e9t\u00e9\"><i class=\"n2r_property_meters\"><\/i> 173 m<sup>2<\/sup><\/div><div class=\"n2r__list__item__feature n2r__list__item__feature--pool\" title=\"piscine\"><i class=\"n2r_swimming_pool\"><\/i> <\/div>    <\/div>\n    <div class=\"n2r__list__item__description\">\ud83c\udfe0 Maison de haut standing - Nouvelle construction sur un terrain exclusif \u00e0 l&#039;Ametlla del Vall\u00e8s\nNouvelle construction | Maison personnalisable | De plain-pied | Zone premium\nVous r\u00eavez d&#039;une maison moderne et performante con\u00e7ue \u00e0 votre go\u00fbt ? Cette spectaculaire maison pr\u00e9fabriqu\u00e9e de plain-pied est faite pour vous. Situ\u00e9e dans l&#039;un des meilleurs quartiers r\u00e9sidentiels de l&#039;Ametlla del Vall\u00e8s, elle vous offre l&#039;\u00e9quilibre parfait entre style de vie, confort et environnement naturel.\n\ud83d\udd39 Personnalisez-le compl\u00e8tement \u00e0 votre go\u00fbt, en choisissant les finitions, la disposition et les d\u00e9tails.\n\ud83d\udd39 Construction de haut standing avec des mat\u00e9riaux de premi\u00e8re qualit\u00e9.\n\ud83d\udd39 Environnement calme, entour\u00e9 de nature et \u00e0 seulement 30 minutes de Barcelone.\n\ud83e\uddf1 Surfaces :\n\ud83d\udd39Surface construite env. 188 m\n\ud83d\udd39Terrain : m\u00b2 selon disponibilit\u00e9 (\u00e9valu\u00e9 \u00e0 290. 000 \u20ac\n\ud83d\udd39Salon\/salle \u00e0 manger : 25,25 m\u00b2\n\ud83d\udd39Bureau cuisine : 15,83 m\u00b2\n\ud83d\udd39Suite avec dressing et salle de bain : 13,41 + 7,11 + 5,85 m\u00b2\n\ud83d\udd393 chambres doubles : 10,55 m\u00b2 \/ 10,55 m\u00b2 \/ 10,81 m\u00b2\n\ud83d\udd39Salle de bain suppl\u00e9mentaire : 8,08 m\u00b2\n\ud83d\udd39Hall + distributeur : 14,6 m\u00b2\n\ud83d\udd39Buanderie + d\u00e9barras : 15,22 m\u00b2\n\ud83d\udd39Porches : 10,17 m\u00b2\n\ud83d\udccc Situation :\n\ud83d\udd39Urbanisation tranquille, zone tr\u00e8s appr\u00e9ci\u00e9e \u00e0 l&#039;Ametlla del Vall\u00e8s, excellent environnement naturel, bonne connexion routi\u00e8re, \u00e0 seulement 30 min de Barcelone.\n\u2709\ufe0f Vous souhaitez plus d&#039;informations ?\nDemandez les plans, le cahier des charges ou une visite du terrain. Concevez la maison dont vous avez toujours r\u00eav\u00e9 avec des conseils professionnels !<\/div>\n    <div class=\"n2r__list__item__footer\">\n      <div class=\"n2r__list__item__price\">859.000 \u20ac<\/div>    <\/div>\n  <\/div>\n  <a class=\"n2r__list__item__link\" href=\"https:\/\/www.corredormato.com\/fr\/vendre\/vente-villa-kubs-joaquima-l-ametlla-del-valles-24474\/\">Plus<\/a>\n  <\/div>    <\/div>\n    <div class=\"n2r__list__map \">\n  <div class=\"n2r__sticky\">\n    <div id=\"n2r__list__map__googlemaps\" class=\"n2r__googlemaps\" data-n2r-scrollwheel=\"0\" data-n2r-markerclustererimage=\"https:\/\/www.corredormato.com\/wp-content\/plugins\/net2rent-wp-plugin\/\/assets\/js\/googlemaps\/images\/m\"   data-n2r-markerimage=\"https:\/\/www.corredormato.com\/wp-content\/plugins\/net2rent-wp-plugin\/\/assets\/images\/map_position.png\" data-n2r-markers=\"[{&quot;id&quot;:&quot;24474&quot;,&quot;latitude&quot;:41.669735,&quot;longitude&quot;:2.256451,&quot;link&quot;:&quot;https:\\\/\\\/www.corredormato.com\\\/fr\\\/vendre\\\/vente-villa-kubs-joaquima-l-ametlla-del-valles-24474\\\/&quot;,&quot;infoWindow&quot;:{&quot;image&quot;:&quot;https:\\\/\\\/files.net2rent.com\\\/pfiles\\\/43\\\/24474\\\/563423-m.jpg&quot;,&quot;title&quot;:&quot;Ville en vente \\u00e1 L&#039; Ametlla Del Valles, avec 173 m2, 4 chambres et 2 salles de bain, Piscine,&quot;,&quot;description&quot;:&quot;\\u003Cdiv\\u003E\\u003Cdiv class=\\&quot;n2r__list__item__feature n2r__list__item__feature--rooms\\&quot; title=\\&quot;4 chambres \\u00e0 coucher\\&quot;\\u003E\\u003Ci class=\\&quot;n2r_room\\&quot;\\u003E\\u003C\\\/i\\u003E 4\\u003C\\\/div\\u003E\\u003Cdiv class=\\&quot;n2r__list__item__feature n2r__list__item__feature--capacity\\&quot; title=\\&quot;0 pax\\&quot;\\u003E\\u003Ci class=\\&quot;n2r_people\\&quot;\\u003E\\u003C\\\/i\\u003E 0\\u003C\\\/div\\u003E\\u003C\\\/div\\u003E\\u003Cdiv\\u003E\\u003Cdiv class=\\&quot;n2r__list__item__price\\&quot;\\u003E859.000 \\u20ac\\u003C\\\/div\\u003E\\u003C\\\/div\\u003E&quot;}}]\" data-n2r-lodgingsurl=\"https:\/\/www.corredormato.com\/wp-json\/n2r\/v1\/lodgings\/list\" ><\/div>\n  <\/div>\n\n<\/div>  <\/div>\n  <\/div><\/div>\n\t\t\t\t\t\t<\/div>\n\t\t\t\t<\/div>\n\t\t\t\t\t<\/div>\n\t\t<\/div>\n\t\t\t\t\t<\/div>\n\t\t<\/section>\n\t\t<div class=\"elementor-element elementor-element-979f790 e-flex e-con-boxed e-con e-parent\" data-id=\"979f790\" data-element_type=\"container\" data-e-type=\"container\">\n\t\t\t\t\t<div class=\"e-con-inner\">\n\t\t\t\t<div class=\"elementor-element elementor-element-718345f elementor-widget elementor-widget-text-editor\" data-id=\"718345f\" data-element_type=\"widget\" data-e-type=\"widget\" data-widget_type=\"text-editor.default\">\n\t\t\t\t<div class=\"elementor-widget-container\">\n\t\t\t\t\t\t\t\t\t<h2>Maisons de nouvelle construction \u00e0 Barcelone<\/h2>\n<p><strong>Barcelone<\/strong> est une ville dynamique et cosmopolite situ\u00e9e sur la c\u00f4te nord-est de <strong>l&#8217;Espagne<\/strong>, connue pour son architecture innovante, sa riche culture et sa vie nocturne anim\u00e9e. C&#8217;est un centre \u00e9conomique et culturel qui attire les locaux et les \u00e9trangers du monde entier.<\/p>\n<p>Les maisons neuves \u00e0 <strong>Barcelone<\/strong> sont une option de plus en plus populaire pour ceux qui souhaitent une r\u00e9sidence moderne et bien \u00e9quip\u00e9e dans cette m\u00e9tropole en constante croissance. Ces propri\u00e9t\u00e9s offrent les derni\u00e8res nouveaut\u00e9s en mati\u00e8re de conception architecturale et de technologie, offrant un style de vie contemporain et sophistiqu\u00e9 \u00e0 leurs propri\u00e9taires.<\/p>\n<p><strong>Corredor Mat\u00f3<\/strong> est la meilleure agence pour vous conseiller sur l&#8217;achat de maisons nouvellement construites \u00e0 <strong>Barcelone<\/strong>. Gr\u00e2ce \u00e0 notre vaste exp\u00e9rience du march\u00e9 immobilier local et notre engagement envers la satisfaction de nos clients, nous sommes l\u00e0 pour vous aider \u00e0 trouver votre nouvelle maison en ville. Nous nous engageons \u00e0 vous mettre en relation avec les meilleures options de maisons nouvellement construites \u00e0 <strong>Barcelone<\/strong> et \u00e0 vous fournir un service personnalis\u00e9 et de qualit\u00e9 tout au long du processus d&#8217;achat.<\/p>\n<p>Si vous recherchez une nouvelle maison \u00e0 <strong>Barcelone<\/strong>, faites-nous confiance, au <strong>Corredor Mat\u00f3<\/strong>, pour trouver la propri\u00e9t\u00e9 parfaite qui r\u00e9pond \u00e0 vos besoins et d\u00e9sirs. Nous nous engageons \u00e0 rendre votre exp\u00e9rience d\u2019achat immobilier satisfaisante et sans tracas, en vous offrant des conseils et un soutien d\u2019experts \u00e0 chaque \u00e9tape du processus.<\/p>\n\t\t\t\t\t\t\t\t<\/div>\n\t\t\t\t<\/div>\n\t\t\t\t\t<\/div>\n\t\t\t\t<\/div>\n\t\t\t\t<\/div>\n\t\t","protected":false},"excerpt":{"rendered":"<p>Maisons de nouvelle construction \u00e0 Barcelone Barcelone est une ville dynamique et cosmopolite situ\u00e9e sur la c\u00f4te nord-est de l&#8217;Espagne, connue pour son architecture innovante, sa riche culture et sa vie nocturne anim\u00e9e. C&#8217;est un centre \u00e9conomique et culturel qui attire les locaux et les \u00e9trangers du monde entier. Les maisons neuves \u00e0 Barcelone sont [&hellip;]<\/p>\n","protected":false},"author":1,"featured_media":16720,"parent":6462,"menu_order":0,"comment_status":"closed","ping_status":"closed","template":"","meta":{"footnotes":""},"class_list":["post-13608","page","type-page","status-publish","has-post-thumbnail","hentry"],"yoast_head":"<!-- This site is optimized with the Yoast SEO plugin v27.4 - https:\/\/yoast.com\/product\/yoast-seo-wordpress\/ -->\n<title>Corredor Mat\u00f3 Immobilier \u00b7 Nouvelle construction \u00e0 Barcelone<\/title>\n<meta name=\"description\" content=\"Corredor Mat\u00f3 vous propose un portefeuille vari\u00e9 de propri\u00e9t\u00e9s dans la r\u00e9gion de Barcelone afin que vous puissiez trouver votre maison id\u00e9ale.\" \/>\n<meta name=\"robots\" content=\"index, follow, max-snippet:-1, max-image-preview:large, max-video-preview:-1\" \/>\n<link rel=\"canonical\" href=\"https:\/\/www.corredormato.com\/fr\/nouvelle-construction\/nouvelle-construction-barcelone\/\" \/>\n<meta property=\"og:locale\" content=\"fr_FR\" \/>\n<meta property=\"og:type\" content=\"article\" \/>\n<meta property=\"og:title\" content=\"Corredor Mat\u00f3 Immobilier \u00b7 Nouvelle construction \u00e0 Barcelone\" \/>\n<meta property=\"og:description\" content=\"Corredor Mat\u00f3 vous propose un portefeuille vari\u00e9 de propri\u00e9t\u00e9s dans la r\u00e9gion de Barcelone afin que vous puissiez trouver votre maison id\u00e9ale.\" \/>\n<meta property=\"og:url\" content=\"https:\/\/www.corredormato.com\/fr\/nouvelle-construction\/nouvelle-construction-barcelone\/\" \/>\n<meta property=\"og:site_name\" content=\"Corredor Mat\u00f3 Real Estate &amp; Property Management\" \/>\n<meta property=\"article:modified_time\" content=\"2024-08-06T13:21:41+00:00\" \/>\n<meta property=\"og:image\" content=\"https:\/\/www.corredormato.com\/wp-content\/uploads\/2024\/05\/FOTOS-IMATGES-PREVIEW-59.jpg\" \/>\n\t<meta property=\"og:image:width\" content=\"1280\" \/>\n\t<meta property=\"og:image:height\" content=\"887\" \/>\n\t<meta property=\"og:image:type\" content=\"image\/jpeg\" \/>\n<meta name=\"twitter:card\" content=\"summary_large_image\" \/>\n<meta name=\"twitter:label1\" content=\"Dur\u00e9e de lecture estim\u00e9e\" \/>\n\t<meta name=\"twitter:data1\" content=\"1 minute\" \/>\n<script type=\"application\/ld+json\" class=\"yoast-schema-graph\">{\"@context\":\"https:\\\/\\\/schema.org\",\"@graph\":[{\"@type\":\"WebPage\",\"@id\":\"https:\\\/\\\/www.corredormato.com\\\/fr\\\/nouvelle-construction\\\/nouvelle-construction-barcelone\\\/\",\"url\":\"https:\\\/\\\/www.corredormato.com\\\/fr\\\/nouvelle-construction\\\/nouvelle-construction-barcelone\\\/\",\"name\":\"Corredor Mat\u00f3 Immobilier \u00b7 Nouvelle construction \u00e0 Barcelone\",\"isPartOf\":{\"@id\":\"https:\\\/\\\/www.corredormato.com\\\/fr\\\/#website\"},\"primaryImageOfPage\":{\"@id\":\"https:\\\/\\\/www.corredormato.com\\\/fr\\\/nouvelle-construction\\\/nouvelle-construction-barcelone\\\/#primaryimage\"},\"image\":{\"@id\":\"https:\\\/\\\/www.corredormato.com\\\/fr\\\/nouvelle-construction\\\/nouvelle-construction-barcelone\\\/#primaryimage\"},\"thumbnailUrl\":\"https:\\\/\\\/www.corredormato.com\\\/wp-content\\\/uploads\\\/2024\\\/05\\\/FOTOS-IMATGES-PREVIEW-59.jpg\",\"datePublished\":\"2024-02-05T12:34:47+00:00\",\"dateModified\":\"2024-08-06T13:21:41+00:00\",\"description\":\"Corredor Mat\u00f3 vous propose un portefeuille vari\u00e9 de propri\u00e9t\u00e9s dans la r\u00e9gion de Barcelone afin que vous puissiez trouver votre maison id\u00e9ale.\",\"breadcrumb\":{\"@id\":\"https:\\\/\\\/www.corredormato.com\\\/fr\\\/nouvelle-construction\\\/nouvelle-construction-barcelone\\\/#breadcrumb\"},\"inLanguage\":\"fr-FR\",\"potentialAction\":[{\"@type\":\"ReadAction\",\"target\":[\"https:\\\/\\\/www.corredormato.com\\\/fr\\\/nouvelle-construction\\\/nouvelle-construction-barcelone\\\/\"]}]},{\"@type\":\"BreadcrumbList\",\"@id\":\"https:\\\/\\\/www.corredormato.com\\\/fr\\\/nouvelle-construction\\\/nouvelle-construction-barcelone\\\/#breadcrumb\",\"itemListElement\":[{\"@type\":\"ListItem\",\"position\":1,\"name\":\"Home\",\"item\":\"https:\\\/\\\/www.corredormato.com\\\/fr\\\/\"},{\"@type\":\"ListItem\",\"position\":2,\"name\":\"Nouveaux d\u00e9veloppements\",\"item\":\"https:\\\/\\\/www.corredormato.com\\\/fr\\\/obra-nova\\\/\"},{\"@type\":\"ListItem\",\"position\":3,\"name\":\"Nouvelle construction &#8211; Barcelone\"}]},{\"@type\":\"WebSite\",\"@id\":\"https:\\\/\\\/www.corredormato.com\\\/fr\\\/#website\",\"url\":\"https:\\\/\\\/www.corredormato.com\\\/fr\\\/\",\"name\":\"Corredor Mat\u00f3 Real Estate &amp; Property Management\",\"description\":\"Real Estate &amp; Property Management\",\"publisher\":{\"@id\":\"https:\\\/\\\/www.corredormato.com\\\/fr\\\/#organization\"},\"alternateName\":\"Corredor Mat\u00f3\",\"potentialAction\":[{\"@type\":\"SearchAction\",\"target\":{\"@type\":\"EntryPoint\",\"urlTemplate\":\"https:\\\/\\\/www.corredormato.com\\\/resultats-de-cerca-lloguer\\\/?search_text={search_term_string}\"},\"query-input\":{\"@type\":\"PropertyValueSpecification\",\"valueRequired\":true,\"valueName\":\"search_term_string\"}}],\"inLanguage\":\"fr-FR\"},{\"@type\":\"Organization\",\"@id\":\"https:\\\/\\\/www.corredormato.com\\\/fr\\\/#organization\",\"name\":\"Corredor Mat\u00f3 | Real Estate & Property Management\",\"url\":\"https:\\\/\\\/www.corredormato.com\\\/fr\\\/\",\"logo\":{\"@type\":\"ImageObject\",\"inLanguage\":\"fr-FR\",\"@id\":\"https:\\\/\\\/www.corredormato.com\\\/fr\\\/#\\\/schema\\\/logo\\\/image\\\/\",\"url\":\"https:\\\/\\\/www.corredormato.com\\\/wp-content\\\/uploads\\\/2021\\\/04\\\/logo.png\",\"contentUrl\":\"https:\\\/\\\/www.corredormato.com\\\/wp-content\\\/uploads\\\/2021\\\/04\\\/logo.png\",\"width\":970,\"height\":225,\"caption\":\"Corredor Mat\u00f3 | Real Estate & Property Management\"},\"image\":{\"@id\":\"https:\\\/\\\/www.corredormato.com\\\/fr\\\/#\\\/schema\\\/logo\\\/image\\\/\"}}]}<\/script>\n<!-- \/ Yoast SEO plugin. -->","yoast_head_json":{"title":"Corredor Mat\u00f3 Immobilier \u00b7 Nouvelle construction \u00e0 Barcelone","description":"Corredor Mat\u00f3 vous propose un portefeuille vari\u00e9 de propri\u00e9t\u00e9s dans la r\u00e9gion de Barcelone afin que vous puissiez trouver votre maison id\u00e9ale.","robots":{"index":"index","follow":"follow","max-snippet":"max-snippet:-1","max-image-preview":"max-image-preview:large","max-video-preview":"max-video-preview:-1"},"canonical":"https:\/\/www.corredormato.com\/fr\/nouvelle-construction\/nouvelle-construction-barcelone\/","og_locale":"fr_FR","og_type":"article","og_title":"Corredor Mat\u00f3 Immobilier \u00b7 Nouvelle construction \u00e0 Barcelone","og_description":"Corredor Mat\u00f3 vous propose un portefeuille vari\u00e9 de propri\u00e9t\u00e9s dans la r\u00e9gion de Barcelone afin que vous puissiez trouver votre maison id\u00e9ale.","og_url":"https:\/\/www.corredormato.com\/fr\/nouvelle-construction\/nouvelle-construction-barcelone\/","og_site_name":"Corredor Mat\u00f3 Real Estate &amp; Property Management","article_modified_time":"2024-08-06T13:21:41+00:00","og_image":[{"width":1280,"height":887,"url":"https:\/\/www.corredormato.com\/wp-content\/uploads\/2024\/05\/FOTOS-IMATGES-PREVIEW-59.jpg","type":"image\/jpeg"}],"twitter_card":"summary_large_image","twitter_misc":{"Dur\u00e9e de lecture estim\u00e9e":"1 minute"},"schema":{"@context":"https:\/\/schema.org","@graph":[{"@type":"WebPage","@id":"https:\/\/www.corredormato.com\/fr\/nouvelle-construction\/nouvelle-construction-barcelone\/","url":"https:\/\/www.corredormato.com\/fr\/nouvelle-construction\/nouvelle-construction-barcelone\/","name":"Corredor Mat\u00f3 Immobilier \u00b7 Nouvelle construction \u00e0 Barcelone","isPartOf":{"@id":"https:\/\/www.corredormato.com\/fr\/#website"},"primaryImageOfPage":{"@id":"https:\/\/www.corredormato.com\/fr\/nouvelle-construction\/nouvelle-construction-barcelone\/#primaryimage"},"image":{"@id":"https:\/\/www.corredormato.com\/fr\/nouvelle-construction\/nouvelle-construction-barcelone\/#primaryimage"},"thumbnailUrl":"https:\/\/www.corredormato.com\/wp-content\/uploads\/2024\/05\/FOTOS-IMATGES-PREVIEW-59.jpg","datePublished":"2024-02-05T12:34:47+00:00","dateModified":"2024-08-06T13:21:41+00:00","description":"Corredor Mat\u00f3 vous propose un portefeuille vari\u00e9 de propri\u00e9t\u00e9s dans la r\u00e9gion de Barcelone afin que vous puissiez trouver votre maison id\u00e9ale.","breadcrumb":{"@id":"https:\/\/www.corredormato.com\/fr\/nouvelle-construction\/nouvelle-construction-barcelone\/#breadcrumb"},"inLanguage":"fr-FR","potentialAction":[{"@type":"ReadAction","target":["https:\/\/www.corredormato.com\/fr\/nouvelle-construction\/nouvelle-construction-barcelone\/"]}]},{"@type":"BreadcrumbList","@id":"https:\/\/www.corredormato.com\/fr\/nouvelle-construction\/nouvelle-construction-barcelone\/#breadcrumb","itemListElement":[{"@type":"ListItem","position":1,"name":"Home","item":"https:\/\/www.corredormato.com\/fr\/"},{"@type":"ListItem","position":2,"name":"Nouveaux d\u00e9veloppements","item":"https:\/\/www.corredormato.com\/fr\/obra-nova\/"},{"@type":"ListItem","position":3,"name":"Nouvelle construction &#8211; Barcelone"}]},{"@type":"WebSite","@id":"https:\/\/www.corredormato.com\/fr\/#website","url":"https:\/\/www.corredormato.com\/fr\/","name":"Corredor Mat\u00f3 Real Estate &amp; Property Management","description":"Real Estate &amp; Property Management","publisher":{"@id":"https:\/\/www.corredormato.com\/fr\/#organization"},"alternateName":"Corredor Mat\u00f3","potentialAction":[{"@type":"SearchAction","target":{"@type":"EntryPoint","urlTemplate":"https:\/\/www.corredormato.com\/resultats-de-cerca-lloguer\/?search_text={search_term_string}"},"query-input":{"@type":"PropertyValueSpecification","valueRequired":true,"valueName":"search_term_string"}}],"inLanguage":"fr-FR"},{"@type":"Organization","@id":"https:\/\/www.corredormato.com\/fr\/#organization","name":"Corredor Mat\u00f3 | Real Estate & Property Management","url":"https:\/\/www.corredormato.com\/fr\/","logo":{"@type":"ImageObject","inLanguage":"fr-FR","@id":"https:\/\/www.corredormato.com\/fr\/#\/schema\/logo\/image\/","url":"https:\/\/www.corredormato.com\/wp-content\/uploads\/2021\/04\/logo.png","contentUrl":"https:\/\/www.corredormato.com\/wp-content\/uploads\/2021\/04\/logo.png","width":970,"height":225,"caption":"Corredor Mat\u00f3 | Real Estate & Property Management"},"image":{"@id":"https:\/\/www.corredormato.com\/fr\/#\/schema\/logo\/image\/"}}]}},"_links":{"self":[{"href":"https:\/\/www.corredormato.com\/fr\/wp-json\/wp\/v2\/pages\/13608","targetHints":{"allow":["GET"]}}],"collection":[{"href":"https:\/\/www.corredormato.com\/fr\/wp-json\/wp\/v2\/pages"}],"about":[{"href":"https:\/\/www.corredormato.com\/fr\/wp-json\/wp\/v2\/types\/page"}],"author":[{"embeddable":true,"href":"https:\/\/www.corredormato.com\/fr\/wp-json\/wp\/v2\/users\/1"}],"replies":[{"embeddable":true,"href":"https:\/\/www.corredormato.com\/fr\/wp-json\/wp\/v2\/comments?post=13608"}],"version-history":[{"count":4,"href":"https:\/\/www.corredormato.com\/fr\/wp-json\/wp\/v2\/pages\/13608\/revisions"}],"predecessor-version":[{"id":18177,"href":"https:\/\/www.corredormato.com\/fr\/wp-json\/wp\/v2\/pages\/13608\/revisions\/18177"}],"up":[{"embeddable":true,"href":"https:\/\/www.corredormato.com\/fr\/wp-json\/wp\/v2\/pages\/6462"}],"wp:featuredmedia":[{"embeddable":true,"href":"https:\/\/www.corredormato.com\/fr\/wp-json\/wp\/v2\/media\/16720"}],"wp:attachment":[{"href":"https:\/\/www.corredormato.com\/fr\/wp-json\/wp\/v2\/media?parent=13608"}],"curies":[{"name":"wp","href":"https:\/\/api.w.org\/{rel}","templated":true}]}}