{"id":14049,"date":"2024-02-16T13:57:32","date_gmt":"2024-02-16T11:57:32","guid":{"rendered":"https:\/\/www.corredormato.com\/nouvelle-construction\/vilassar-de-mar\/"},"modified":"2024-05-21T12:17:50","modified_gmt":"2024-05-21T10:17:50","slug":"vilassar-de-mar","status":"publish","type":"page","link":"https:\/\/www.corredormato.com\/fr\/nouvelle-construction\/vilassar-de-mar\/","title":{"rendered":"Nouvelle construction \u00e0 Vilassar de Mar"},"content":{"rendered":"\t\t<div data-elementor-type=\"wp-page\" data-elementor-id=\"14049\" class=\"elementor elementor-14049 elementor-13312\" data-elementor-post-type=\"page\">\n\t\t\t\t\t\t<section class=\"elementor-section elementor-top-section elementor-element elementor-element-2b4409a elementor-section-full_width elementor-section-height-default elementor-section-height-default\" data-id=\"2b4409a\" data-element_type=\"section\" data-e-type=\"section\">\n\t\t\t\t\t\t<div class=\"elementor-container elementor-column-gap-default\">\n\t\t\t\t\t<div class=\"elementor-column elementor-col-100 elementor-top-column elementor-element elementor-element-4bba8ed\" data-id=\"4bba8ed\" data-element_type=\"column\" data-e-type=\"column\">\n\t\t\t<div class=\"elementor-widget-wrap elementor-element-populated\">\n\t\t\t\t\t\t<div class=\"elementor-element elementor-element-899cc1d listado-general elementor-widget elementor-widget-shortcode\" data-id=\"899cc1d\" data-element_type=\"widget\" data-e-type=\"widget\" data-widget_type=\"shortcode.default\">\n\t\t\t\t<div class=\"elementor-widget-container\">\n\t\t\t\t\t\t\t<div class=\"elementor-shortcode\">  <div class=\"n2r__list n2r__list--empty\">\n    <h3>Aucun r\u00e9sultat trouv\u00e9. Veuillez nous contacter pour que nous puissions vous aider.<\/h3>\n  <\/div>\n<\/div>\n\t\t\t\t\t\t<\/div>\n\t\t\t\t<\/div>\n\t\t\t\t\t<\/div>\n\t\t<\/div>\n\t\t\t\t\t<\/div>\n\t\t<\/section>\n\t\t\t\t<section class=\"elementor-section elementor-top-section elementor-element elementor-element-2d491f4 elementor-section-boxed elementor-section-height-default elementor-section-height-default\" data-id=\"2d491f4\" data-element_type=\"section\" data-e-type=\"section\">\n\t\t\t\t\t\t<div class=\"elementor-container elementor-column-gap-default\">\n\t\t\t\t\t<div class=\"elementor-column elementor-col-100 elementor-top-column elementor-element elementor-element-e1a7e17\" data-id=\"e1a7e17\" data-element_type=\"column\" data-e-type=\"column\">\n\t\t\t<div class=\"elementor-widget-wrap elementor-element-populated\">\n\t\t\t\t\t\t<div class=\"elementor-element elementor-element-01d0299 elementor-widget elementor-widget-text-editor\" data-id=\"01d0299\" data-element_type=\"widget\" data-e-type=\"widget\" data-widget_type=\"text-editor.default\">\n\t\t\t\t<div class=\"elementor-widget-container\">\n\t\t\t\t\t\t\t\t\t<p>Bienvenue dans le monde exquis des appartements de nouvelle construction \u00e0 <strong>Vilassar de Mar<\/strong>, o\u00f9 la tradition se conjugue avec la modernit\u00e9, offrant la possibilit\u00e9 de vivre dans l&#8217;une des enclaves les plus charmantes de la c\u00f4te de Barcelone. Avec <strong>Corredor Mat\u00f3<\/strong>, nous vous accompagnons pour explorer cette communaut\u00e9 unique et d\u00e9couvrir pourquoi investir dans un appartement de nouvelle construction \u00e0 Vilassar de Mar pourrait \u00eatre le meilleur choix.<\/p>\n<h1>D\u00e9couvrez Vilassar de Mar:<\/h1>\n<p>Situ\u00e9e au bord de la mer M\u00e9diterran\u00e9e, Vilassar de Mar tombe amoureuse de ses six rues pav\u00e9es, de ses places ombr\u00edvoles et du charme d&#8217;une ville qui pr\u00e9serve son authenticit\u00e9. Gaudeix de promenades le long de la plage, d\u00e9couvrez les secrets de la gastronomie locale et d\u00e9couvrez l&#8217;atmosph\u00e8re qui d\u00e9finit cette localit\u00e9.<\/p>\n<h1>Appartements d&#8217;Obra Nova:<\/h1>\n<p>Nos appartements de nouvelle construction \u00e0 Vilassar de Mar repr\u00e9sentent l&#8217;excellence en mati\u00e8re d&#8217;architecture et de design contemporain. Des vues panoramiques capturant la lumi\u00e8re m\u00e9diterran\u00e9enne aux finitions de haute qualit\u00e9, ces propri\u00e9t\u00e9s sont con\u00e7ues pour offrir un style de vie et des commodit\u00e9s modernes. Avec des espaces ouverts, des terrasses \u00e0 l\u2019esth\u00e9tique moderne, nos finalit\u00e9s red\u00e9finissent le sens de la vie urbaine.<\/p>\n<h1>Emplacement privil\u00e9gi\u00e9 :<\/h1>\n<p>Chaque arbre Vilassar de Mar a sa propre histoire et ses caract\u00e9ristiques uniques. Si vous suivez l&#8217;ancien casque, qui respire l&#8217;histoire, ou la plage, o\u00f9 la mer devient la bande sonore de la nouvelle t\u00e9l\u00e9vision, nos appartements sont strat\u00e9giquement situ\u00e9s pour vous offrir l&#8217;exp\u00e9rience qui vous attend.<\/p>\n<h1>Pourquoi acheter un appartement de nouvelle construction \u00e0 Vilassar de Mar amb Corredor Mat\u00f3\u00a0:<\/h1>\n<p>L&#8217;achat d&#8217;un appartement de nouvelle construction est un investissement qui transcende le simple fait de poss\u00e9der une propri\u00e9t\u00e9. Avec Corredor Mat\u00f3, vous obtenez non seulement un habitat, mais plut\u00f4t un accompagnement d&#8217;experts, des conseils personnalis\u00e9s et une compr\u00e9hension approfondie du march\u00e9 local. Nous sommes ici pour transformer la vision d\u2019un nouveau monde en r\u00e9alit\u00e9.<\/p>\n<h1>D\u00e9couvrez l&#8217;exp\u00e9rience Vilassar de Mar\u00a0:<\/h1>\n<p>D\u00e9couvrez les appartements de nouvelle construction \u00e0 Vilassar de Mar amb Corredor Mat\u00f3 et laissez-les vous accompagner dans cette journ\u00e9e passionnante. Chez nos altres, vous d\u00e9couvrirez non seulement une nouvelle terre, mais aussi une nouvelle vie qui vous invite \u00e0 explorer et \u00e0 vivre le charme de la c\u00f4te de Barcelone dans le confort de votre propre salle \u00e0 manger raffin\u00e9e.<\/p>\n\t\t\t\t\t\t\t\t<\/div>\n\t\t\t\t<\/div>\n\t\t\t\t\t<\/div>\n\t\t<\/div>\n\t\t\t\t\t<\/div>\n\t\t<\/section>\n\t\t\t\t<section class=\"elementor-section elementor-top-section elementor-element elementor-element-5db759e elementor-section-boxed elementor-section-height-default elementor-section-height-default\" data-id=\"5db759e\" data-element_type=\"section\" data-e-type=\"section\">\n\t\t\t\t\t\t<div class=\"elementor-container elementor-column-gap-default\">\n\t\t\t\t\t<div class=\"elementor-column elementor-col-100 elementor-top-column elementor-element elementor-element-05c6eeb\" data-id=\"05c6eeb\" data-element_type=\"column\" data-e-type=\"column\">\n\t\t\t<div class=\"elementor-widget-wrap elementor-element-populated\">\n\t\t\t\t\t\t<div class=\"elementor-element elementor-element-f814c74 elementor-widget elementor-widget-shortcode\" data-id=\"f814c74\" data-element_type=\"widget\" data-e-type=\"widget\" data-widget_type=\"shortcode.default\">\n\t\t\t\t<div class=\"elementor-widget-container\">\n\t\t\t\t\t\t\t<div class=\"elementor-shortcode\"><style>.wp-show-posts-columns#wpsp-13340 {margin-left: -2em; }.wp-show-posts-columns#wpsp-13340 .wp-show-posts-inner {margin: 0 0 2em 2em; }<\/style><section id=\"wpsp-13340\" class=\" wp-show-posts-columns wp-show-posts\" style=\"\"><article class=\" wp-show-posts-single post-14049 page type-page status-publish has-post-thumbnail hentry wpsp-col-3\" itemtype=\"http:\/\/schema.org\/CreativeWork\" itemscope><div class=\"wp-show-posts-inner\" style=\"\">\t\t\t\t\t\t<header class=\"wp-show-posts-entry-header\">\n\t\t\t\t\t\t\t<h3 class=\"wp-show-posts-entry-title\" itemprop=\"headline\"><a href=\"https:\/\/www.corredormato.com\/fr\/nouvelle-construction\/vilassar-de-mar\/\" rel=\"bookmark\">Nouvelle construction \u00e0 Vilassar de Mar<\/a><\/h3>\t\t\t\t\t\t<\/header><!-- .entry-header -->\n\t\t\t\t\t\t\t<div class=\"wp-show-posts-image  wpsp-image-center \">\n\t\t\t<a href=\"https:\/\/www.corredormato.com\/fr\/nouvelle-construction\/vilassar-de-mar\/\"  title=\"Nouvelle construction \u00e0 Vilassar de Mar\"><img fetchpriority=\"high\" decoding=\"async\" width=\"1280\" height=\"887\" src=\"https:\/\/www.corredormato.com\/wp-content\/uploads\/2024\/02\/FOTOS-IMATGES-PREVIEW-25.jpg\" class=\"attachment-full size-full wp-post-image\" alt=\"\" itemprop=\"image\" srcset=\"https:\/\/www.corredormato.com\/wp-content\/uploads\/2024\/02\/FOTOS-IMATGES-PREVIEW-25.jpg 1280w, https:\/\/www.corredormato.com\/wp-content\/uploads\/2024\/02\/FOTOS-IMATGES-PREVIEW-25-300x208.jpg 300w, https:\/\/www.corredormato.com\/wp-content\/uploads\/2024\/02\/FOTOS-IMATGES-PREVIEW-25-1024x710.jpg 1024w, https:\/\/www.corredormato.com\/wp-content\/uploads\/2024\/02\/FOTOS-IMATGES-PREVIEW-25-768x532.jpg 768w\" sizes=\"(max-width: 1280px) 100vw, 1280px\" \/><\/a>\t\t<\/div>\n\t\t<\/div><!-- wp-show-posts-inner --><\/article><article class=\" wp-show-posts-single post-14022 page type-page status-publish has-post-thumbnail hentry wpsp-col-3\" itemtype=\"http:\/\/schema.org\/CreativeWork\" itemscope><div class=\"wp-show-posts-inner\" style=\"\">\t\t\t\t\t\t<header class=\"wp-show-posts-entry-header\">\n\t\t\t\t\t\t\t<h3 class=\"wp-show-posts-entry-title\" itemprop=\"headline\"><a href=\"https:\/\/www.corredormato.com\/fr\/nouvelle-construction\/tamariu\/\" rel=\"bookmark\">Nouvelles constructions a Tamariu<\/a><\/h3>\t\t\t\t\t\t<\/header><!-- .entry-header -->\n\t\t\t\t\t\t\t<div class=\"wp-show-posts-image  wpsp-image-center \">\n\t\t\t<a href=\"https:\/\/www.corredormato.com\/fr\/nouvelle-construction\/tamariu\/\"  title=\"Nouvelles constructions a Tamariu\"><img decoding=\"async\" width=\"1280\" height=\"887\" src=\"https:\/\/www.corredormato.com\/wp-content\/uploads\/2024\/02\/FOTOS-IMATGES-PREVIEW-24.jpg\" class=\"attachment-full size-full wp-post-image\" alt=\"\" itemprop=\"image\" srcset=\"https:\/\/www.corredormato.com\/wp-content\/uploads\/2024\/02\/FOTOS-IMATGES-PREVIEW-24.jpg 1280w, https:\/\/www.corredormato.com\/wp-content\/uploads\/2024\/02\/FOTOS-IMATGES-PREVIEW-24-300x208.jpg 300w, https:\/\/www.corredormato.com\/wp-content\/uploads\/2024\/02\/FOTOS-IMATGES-PREVIEW-24-1024x710.jpg 1024w, https:\/\/www.corredormato.com\/wp-content\/uploads\/2024\/02\/FOTOS-IMATGES-PREVIEW-24-768x532.jpg 768w\" sizes=\"(max-width: 1280px) 100vw, 1280px\" \/><\/a>\t\t<\/div>\n\t\t<\/div><!-- wp-show-posts-inner --><\/article><article class=\" wp-show-posts-single post-14009 page type-page status-publish has-post-thumbnail hentry wpsp-col-3\" itemtype=\"http:\/\/schema.org\/CreativeWork\" itemscope><div class=\"wp-show-posts-inner\" style=\"\">\t\t\t\t\t\t<header class=\"wp-show-posts-entry-header\">\n\t\t\t\t\t\t\t<h3 class=\"wp-show-posts-entry-title\" itemprop=\"headline\"><a href=\"https:\/\/www.corredormato.com\/fr\/nouvelle-construction\/begur\/\" rel=\"bookmark\">Nouvelles constructions  \u00e0 begur<\/a><\/h3>\t\t\t\t\t\t<\/header><!-- .entry-header -->\n\t\t\t\t\t\t\t<div class=\"wp-show-posts-image  wpsp-image-center \">\n\t\t\t<a href=\"https:\/\/www.corredormato.com\/fr\/nouvelle-construction\/begur\/\"  title=\"Nouvelles constructions  \u00e0 begur\"><img decoding=\"async\" width=\"1280\" height=\"887\" src=\"https:\/\/www.corredormato.com\/wp-content\/uploads\/2024\/02\/FOTOS-IMATGES-PREVIEW-23.jpg\" class=\"attachment-full size-full wp-post-image\" alt=\"\" itemprop=\"image\" srcset=\"https:\/\/www.corredormato.com\/wp-content\/uploads\/2024\/02\/FOTOS-IMATGES-PREVIEW-23.jpg 1280w, https:\/\/www.corredormato.com\/wp-content\/uploads\/2024\/02\/FOTOS-IMATGES-PREVIEW-23-300x208.jpg 300w, https:\/\/www.corredormato.com\/wp-content\/uploads\/2024\/02\/FOTOS-IMATGES-PREVIEW-23-1024x710.jpg 1024w, https:\/\/www.corredormato.com\/wp-content\/uploads\/2024\/02\/FOTOS-IMATGES-PREVIEW-23-768x532.jpg 768w\" sizes=\"(max-width: 1280px) 100vw, 1280px\" \/><\/a>\t\t<\/div>\n\t\t<\/div><!-- wp-show-posts-inner --><\/article><div class=\"wpsp-clear\"><\/div><\/section><!-- .wp-show-posts --><\/div>\n\t\t\t\t\t\t<\/div>\n\t\t\t\t<\/div>\n\t\t\t\t\t<\/div>\n\t\t<\/div>\n\t\t\t\t\t<\/div>\n\t\t<\/section>\n\t\t\t\t<\/div>\n\t\t","protected":false},"excerpt":{"rendered":"<p>Bienvenue dans le monde exquis des appartements de nouvelle construction \u00e0 Vilassar de Mar, o\u00f9 la tradition se conjugue avec la modernit\u00e9, offrant la possibilit\u00e9 de vivre dans l&#8217;une des enclaves les plus charmantes de la c\u00f4te de Barcelone. Avec Corredor Mat\u00f3, nous vous accompagnons pour explorer cette communaut\u00e9 unique et d\u00e9couvrir pourquoi investir dans [&hellip;]<\/p>\n","protected":false},"author":4,"featured_media":14033,"parent":6462,"menu_order":0,"comment_status":"closed","ping_status":"closed","template":"","meta":{"footnotes":""},"class_list":["post-14049","page","type-page","status-publish","has-post-thumbnail","hentry"],"yoast_head":"<!-- This site is optimized with the Yoast SEO plugin v27.4 - https:\/\/yoast.com\/product\/yoast-seo-wordpress\/ -->\n<title>Corredor Mat\u00f3 real Estate \u00b7 Nouvelles constructions a Vilassar de Mar<\/title>\n<meta name=\"description\" content=\"Corredor Mat\u00f3 nous a propos\u00e9 un large portefeuille de nouvelles construction \u00e0 Vilassar de Mar, nous conseillant tout au long du processus d&#039;achat.\" \/>\n<meta name=\"robots\" content=\"index, follow, max-snippet:-1, max-image-preview:large, max-video-preview:-1\" \/>\n<link rel=\"canonical\" href=\"https:\/\/www.corredormato.com\/fr\/nouvelle-construction\/vilassar-de-mar\/\" \/>\n<meta property=\"og:locale\" content=\"fr_FR\" \/>\n<meta property=\"og:type\" content=\"article\" \/>\n<meta property=\"og:title\" content=\"Corredor Mat\u00f3 real Estate \u00b7 Nouvelles constructions a Vilassar de Mar\" \/>\n<meta property=\"og:description\" content=\"Corredor Mat\u00f3 nous a propos\u00e9 un large portefeuille de nouvelles construction \u00e0 Vilassar de Mar, nous conseillant tout au long du processus d&#039;achat.\" \/>\n<meta property=\"og:url\" content=\"https:\/\/www.corredormato.com\/fr\/nouvelle-construction\/vilassar-de-mar\/\" \/>\n<meta property=\"og:site_name\" content=\"Corredor Mat\u00f3 Real Estate &amp; Property Management\" \/>\n<meta property=\"article:modified_time\" content=\"2024-05-21T10:17:50+00:00\" \/>\n<meta property=\"og:image\" content=\"https:\/\/www.corredormato.com\/wp-content\/uploads\/2024\/02\/FOTOS-IMATGES-PREVIEW-25.jpg\" \/>\n\t<meta property=\"og:image:width\" content=\"1280\" \/>\n\t<meta property=\"og:image:height\" content=\"887\" \/>\n\t<meta property=\"og:image:type\" content=\"image\/jpeg\" \/>\n<meta name=\"twitter:card\" content=\"summary_large_image\" \/>\n<script type=\"application\/ld+json\" class=\"yoast-schema-graph\">{\"@context\":\"https:\\\/\\\/schema.org\",\"@graph\":[{\"@type\":\"WebPage\",\"@id\":\"https:\\\/\\\/www.corredormato.com\\\/fr\\\/nouvelle-construction\\\/vilassar-de-mar\\\/\",\"url\":\"https:\\\/\\\/www.corredormato.com\\\/fr\\\/nouvelle-construction\\\/vilassar-de-mar\\\/\",\"name\":\"Corredor Mat\u00f3 real Estate \u00b7 Nouvelles constructions a Vilassar de Mar\",\"isPartOf\":{\"@id\":\"https:\\\/\\\/www.corredormato.com\\\/fr\\\/#website\"},\"primaryImageOfPage\":{\"@id\":\"https:\\\/\\\/www.corredormato.com\\\/fr\\\/nouvelle-construction\\\/vilassar-de-mar\\\/#primaryimage\"},\"image\":{\"@id\":\"https:\\\/\\\/www.corredormato.com\\\/fr\\\/nouvelle-construction\\\/vilassar-de-mar\\\/#primaryimage\"},\"thumbnailUrl\":\"https:\\\/\\\/www.corredormato.com\\\/wp-content\\\/uploads\\\/2024\\\/02\\\/FOTOS-IMATGES-PREVIEW-25.jpg\",\"datePublished\":\"2024-02-16T11:57:32+00:00\",\"dateModified\":\"2024-05-21T10:17:50+00:00\",\"description\":\"Corredor Mat\u00f3 nous a propos\u00e9 un large portefeuille de nouvelles construction \u00e0 Vilassar de Mar, nous conseillant tout au long du processus d'achat.\",\"breadcrumb\":{\"@id\":\"https:\\\/\\\/www.corredormato.com\\\/fr\\\/nouvelle-construction\\\/vilassar-de-mar\\\/#breadcrumb\"},\"inLanguage\":\"fr-FR\",\"potentialAction\":[{\"@type\":\"ReadAction\",\"target\":[\"https:\\\/\\\/www.corredormato.com\\\/fr\\\/nouvelle-construction\\\/vilassar-de-mar\\\/\"]}]},{\"@type\":\"BreadcrumbList\",\"@id\":\"https:\\\/\\\/www.corredormato.com\\\/fr\\\/nouvelle-construction\\\/vilassar-de-mar\\\/#breadcrumb\",\"itemListElement\":[{\"@type\":\"ListItem\",\"position\":1,\"name\":\"Home\",\"item\":\"https:\\\/\\\/www.corredormato.com\\\/fr\\\/\"},{\"@type\":\"ListItem\",\"position\":2,\"name\":\"Nouveaux d\u00e9veloppements\",\"item\":\"https:\\\/\\\/www.corredormato.com\\\/fr\\\/obra-nova\\\/\"},{\"@type\":\"ListItem\",\"position\":3,\"name\":\"Nouvelle construction \u00e0 Vilassar de Mar\"}]},{\"@type\":\"WebSite\",\"@id\":\"https:\\\/\\\/www.corredormato.com\\\/fr\\\/#website\",\"url\":\"https:\\\/\\\/www.corredormato.com\\\/fr\\\/\",\"name\":\"Corredor Mat\u00f3 Real Estate &amp; Property Management\",\"description\":\"Real Estate &amp; Property Management\",\"publisher\":{\"@id\":\"https:\\\/\\\/www.corredormato.com\\\/fr\\\/#organization\"},\"alternateName\":\"Corredor Mat\u00f3\",\"potentialAction\":[{\"@type\":\"SearchAction\",\"target\":{\"@type\":\"EntryPoint\",\"urlTemplate\":\"https:\\\/\\\/www.corredormato.com\\\/resultats-de-cerca-lloguer\\\/?search_text={search_term_string}\"},\"query-input\":{\"@type\":\"PropertyValueSpecification\",\"valueRequired\":true,\"valueName\":\"search_term_string\"}}],\"inLanguage\":\"fr-FR\"},{\"@type\":\"Organization\",\"@id\":\"https:\\\/\\\/www.corredormato.com\\\/fr\\\/#organization\",\"name\":\"Corredor Mat\u00f3 | Real Estate & Property Management\",\"url\":\"https:\\\/\\\/www.corredormato.com\\\/fr\\\/\",\"logo\":{\"@type\":\"ImageObject\",\"inLanguage\":\"fr-FR\",\"@id\":\"https:\\\/\\\/www.corredormato.com\\\/fr\\\/#\\\/schema\\\/logo\\\/image\\\/\",\"url\":\"https:\\\/\\\/www.corredormato.com\\\/wp-content\\\/uploads\\\/2021\\\/04\\\/logo.png\",\"contentUrl\":\"https:\\\/\\\/www.corredormato.com\\\/wp-content\\\/uploads\\\/2021\\\/04\\\/logo.png\",\"width\":970,\"height\":225,\"caption\":\"Corredor Mat\u00f3 | Real Estate & Property Management\"},\"image\":{\"@id\":\"https:\\\/\\\/www.corredormato.com\\\/fr\\\/#\\\/schema\\\/logo\\\/image\\\/\"}}]}<\/script>\n<!-- \/ Yoast SEO plugin. -->","yoast_head_json":{"title":"Corredor Mat\u00f3 real Estate \u00b7 Nouvelles constructions a Vilassar de Mar","description":"Corredor Mat\u00f3 nous a propos\u00e9 un large portefeuille de nouvelles construction \u00e0 Vilassar de Mar, nous conseillant tout au long du processus d'achat.","robots":{"index":"index","follow":"follow","max-snippet":"max-snippet:-1","max-image-preview":"max-image-preview:large","max-video-preview":"max-video-preview:-1"},"canonical":"https:\/\/www.corredormato.com\/fr\/nouvelle-construction\/vilassar-de-mar\/","og_locale":"fr_FR","og_type":"article","og_title":"Corredor Mat\u00f3 real Estate \u00b7 Nouvelles constructions a Vilassar de Mar","og_description":"Corredor Mat\u00f3 nous a propos\u00e9 un large portefeuille de nouvelles construction \u00e0 Vilassar de Mar, nous conseillant tout au long du processus d'achat.","og_url":"https:\/\/www.corredormato.com\/fr\/nouvelle-construction\/vilassar-de-mar\/","og_site_name":"Corredor Mat\u00f3 Real Estate &amp; Property Management","article_modified_time":"2024-05-21T10:17:50+00:00","og_image":[{"width":1280,"height":887,"url":"https:\/\/www.corredormato.com\/wp-content\/uploads\/2024\/02\/FOTOS-IMATGES-PREVIEW-25.jpg","type":"image\/jpeg"}],"twitter_card":"summary_large_image","schema":{"@context":"https:\/\/schema.org","@graph":[{"@type":"WebPage","@id":"https:\/\/www.corredormato.com\/fr\/nouvelle-construction\/vilassar-de-mar\/","url":"https:\/\/www.corredormato.com\/fr\/nouvelle-construction\/vilassar-de-mar\/","name":"Corredor Mat\u00f3 real Estate \u00b7 Nouvelles constructions a Vilassar de Mar","isPartOf":{"@id":"https:\/\/www.corredormato.com\/fr\/#website"},"primaryImageOfPage":{"@id":"https:\/\/www.corredormato.com\/fr\/nouvelle-construction\/vilassar-de-mar\/#primaryimage"},"image":{"@id":"https:\/\/www.corredormato.com\/fr\/nouvelle-construction\/vilassar-de-mar\/#primaryimage"},"thumbnailUrl":"https:\/\/www.corredormato.com\/wp-content\/uploads\/2024\/02\/FOTOS-IMATGES-PREVIEW-25.jpg","datePublished":"2024-02-16T11:57:32+00:00","dateModified":"2024-05-21T10:17:50+00:00","description":"Corredor Mat\u00f3 nous a propos\u00e9 un large portefeuille de nouvelles construction \u00e0 Vilassar de Mar, nous conseillant tout au long du processus d'achat.","breadcrumb":{"@id":"https:\/\/www.corredormato.com\/fr\/nouvelle-construction\/vilassar-de-mar\/#breadcrumb"},"inLanguage":"fr-FR","potentialAction":[{"@type":"ReadAction","target":["https:\/\/www.corredormato.com\/fr\/nouvelle-construction\/vilassar-de-mar\/"]}]},{"@type":"BreadcrumbList","@id":"https:\/\/www.corredormato.com\/fr\/nouvelle-construction\/vilassar-de-mar\/#breadcrumb","itemListElement":[{"@type":"ListItem","position":1,"name":"Home","item":"https:\/\/www.corredormato.com\/fr\/"},{"@type":"ListItem","position":2,"name":"Nouveaux d\u00e9veloppements","item":"https:\/\/www.corredormato.com\/fr\/obra-nova\/"},{"@type":"ListItem","position":3,"name":"Nouvelle construction \u00e0 Vilassar de Mar"}]},{"@type":"WebSite","@id":"https:\/\/www.corredormato.com\/fr\/#website","url":"https:\/\/www.corredormato.com\/fr\/","name":"Corredor Mat\u00f3 Real Estate &amp; Property Management","description":"Real Estate &amp; Property Management","publisher":{"@id":"https:\/\/www.corredormato.com\/fr\/#organization"},"alternateName":"Corredor Mat\u00f3","potentialAction":[{"@type":"SearchAction","target":{"@type":"EntryPoint","urlTemplate":"https:\/\/www.corredormato.com\/resultats-de-cerca-lloguer\/?search_text={search_term_string}"},"query-input":{"@type":"PropertyValueSpecification","valueRequired":true,"valueName":"search_term_string"}}],"inLanguage":"fr-FR"},{"@type":"Organization","@id":"https:\/\/www.corredormato.com\/fr\/#organization","name":"Corredor Mat\u00f3 | Real Estate & Property Management","url":"https:\/\/www.corredormato.com\/fr\/","logo":{"@type":"ImageObject","inLanguage":"fr-FR","@id":"https:\/\/www.corredormato.com\/fr\/#\/schema\/logo\/image\/","url":"https:\/\/www.corredormato.com\/wp-content\/uploads\/2021\/04\/logo.png","contentUrl":"https:\/\/www.corredormato.com\/wp-content\/uploads\/2021\/04\/logo.png","width":970,"height":225,"caption":"Corredor Mat\u00f3 | Real Estate & Property Management"},"image":{"@id":"https:\/\/www.corredormato.com\/fr\/#\/schema\/logo\/image\/"}}]}},"_links":{"self":[{"href":"https:\/\/www.corredormato.com\/fr\/wp-json\/wp\/v2\/pages\/14049","targetHints":{"allow":["GET"]}}],"collection":[{"href":"https:\/\/www.corredormato.com\/fr\/wp-json\/wp\/v2\/pages"}],"about":[{"href":"https:\/\/www.corredormato.com\/fr\/wp-json\/wp\/v2\/types\/page"}],"author":[{"embeddable":true,"href":"https:\/\/www.corredormato.com\/fr\/wp-json\/wp\/v2\/users\/4"}],"replies":[{"embeddable":true,"href":"https:\/\/www.corredormato.com\/fr\/wp-json\/wp\/v2\/comments?post=14049"}],"version-history":[{"count":1,"href":"https:\/\/www.corredormato.com\/fr\/wp-json\/wp\/v2\/pages\/14049\/revisions"}],"predecessor-version":[{"id":14050,"href":"https:\/\/www.corredormato.com\/fr\/wp-json\/wp\/v2\/pages\/14049\/revisions\/14050"}],"up":[{"embeddable":true,"href":"https:\/\/www.corredormato.com\/fr\/wp-json\/wp\/v2\/pages\/6462"}],"wp:featuredmedia":[{"embeddable":true,"href":"https:\/\/www.corredormato.com\/fr\/wp-json\/wp\/v2\/media\/14033"}],"wp:attachment":[{"href":"https:\/\/www.corredormato.com\/fr\/wp-json\/wp\/v2\/media?parent=14049"}],"curies":[{"name":"wp","href":"https:\/\/api.w.org\/{rel}","templated":true}]}}