{"id":18777,"date":"2024-09-18T09:54:56","date_gmt":"2024-09-18T07:54:56","guid":{"rendered":"https:\/\/www.corredormato.com\/vente-maresme\/proprietes-a-vendre-a-cabrera-de-mar\/"},"modified":"2024-09-18T09:55:44","modified_gmt":"2024-09-18T07:55:44","slug":"proprietes-a-vendre-a-cabrera-de-mar","status":"publish","type":"page","link":"https:\/\/www.corredormato.com\/fr\/vente-maresme\/proprietes-a-vendre-a-cabrera-de-mar\/","title":{"rendered":"Propri\u00e9t\u00e9s \u00e0 vendre \u00e0 Cabrera de Mar"},"content":{"rendered":"\t\t<div data-elementor-type=\"wp-page\" data-elementor-id=\"18777\" class=\"elementor elementor-18777 elementor-18613\" data-elementor-post-type=\"page\">\n\t\t\t\t\t\t<section class=\"elementor-section elementor-top-section elementor-element elementor-element-715810e elementor-section-full_width elementor-section-height-default elementor-section-height-default\" data-id=\"715810e\" data-element_type=\"section\" data-e-type=\"section\">\n\t\t\t\t\t\t<div class=\"elementor-container elementor-column-gap-default\">\n\t\t\t\t\t<div class=\"elementor-column elementor-col-100 elementor-top-column elementor-element elementor-element-04cbf12\" data-id=\"04cbf12\" data-element_type=\"column\" data-e-type=\"column\">\n\t\t\t<div class=\"elementor-widget-wrap elementor-element-populated\">\n\t\t\t\t\t\t<div class=\"elementor-element elementor-element-d75b8b4 listado-general elementor-widget elementor-widget-shortcode\" data-id=\"d75b8b4\" data-element_type=\"widget\" data-e-type=\"widget\" data-widget_type=\"shortcode.default\">\n\t\t\t\t<div class=\"elementor-widget-container\">\n\t\t\t\t\t\t\t<div class=\"elementor-shortcode\">  <div class=\"n2r__list n2r__list--empty\">\n    <h3>Aucun r\u00e9sultat trouv\u00e9. Veuillez nous contacter pour que nous puissions vous aider.<\/h3>\n  <\/div>\n<\/div>\n\t\t\t\t\t\t<\/div>\n\t\t\t\t<\/div>\n\t\t\t\t\t<\/div>\n\t\t<\/div>\n\t\t\t\t\t<\/div>\n\t\t<\/section>\n\t\t\t\t<section class=\"elementor-section elementor-top-section elementor-element elementor-element-1e23d4c elementor-section-boxed elementor-section-height-default elementor-section-height-default\" data-id=\"1e23d4c\" data-element_type=\"section\" data-e-type=\"section\" data-settings=\"{&quot;background_background&quot;:&quot;classic&quot;}\">\n\t\t\t\t\t\t<div class=\"elementor-container elementor-column-gap-default\">\n\t\t\t\t\t<div class=\"elementor-column elementor-col-100 elementor-top-column elementor-element elementor-element-6fc0a1b\" data-id=\"6fc0a1b\" data-element_type=\"column\" data-e-type=\"column\">\n\t\t\t<div class=\"elementor-widget-wrap elementor-element-populated\">\n\t\t\t\t\t\t<div class=\"elementor-element elementor-element-fa0a311 elementor-widget elementor-widget-heading\" data-id=\"fa0a311\" data-element_type=\"widget\" data-e-type=\"widget\" data-widget_type=\"heading.default\">\n\t\t\t\t<div class=\"elementor-widget-container\">\n\t\t\t\t\t<h2 class=\"elementor-heading-title elementor-size-default\">Propri\u00e9t\u00e9s \u00e0 vendre \u00e0 Cabrera de Mar<\/h2>\t\t\t\t<\/div>\n\t\t\t\t<\/div>\n\t\t\t\t<div class=\"elementor-element elementor-element-4a5d6fb elementor-widget elementor-widget-text-editor\" data-id=\"4a5d6fb\" data-element_type=\"widget\" data-e-type=\"widget\" data-widget_type=\"text-editor.default\">\n\t\t\t\t<div class=\"elementor-widget-container\">\n\t\t\t\t\t\t\t\t\t<p>Si vous recherchez des propri\u00e9t\u00e9s \u00e0 vendre \u00e0 <strong>Cabrera de Mar<\/strong>, cette charmante ville c\u00f4ti\u00e8re de la r\u00e9gion du <strong>Maresme<\/strong> vous offre la combinaison parfaite de tranquillit\u00e9, de beaut\u00e9 naturelle et de proximit\u00e9 de la mer. Avec son excellente qualit\u00e9 de vie, <strong>Cabrera de Mar<\/strong> est devenue un endroit tr\u00e8s recherch\u00e9 tant pour ceux qui recherchent une r\u00e9sidence principale que pour ceux qui souhaitent une r\u00e9sidence secondaire sur la c\u00f4te.<\/p>\n<p>La vari\u00e9t\u00e9 de propri\u00e9t\u00e9s \u00e0 vendre \u00e0 <strong>Cabrera de Mar<\/strong> est large, avec des options pour tous les go\u00fbts et tous les besoins. Des villas \u00e9l\u00e9gantes avec vue panoramique sur la M\u00e9diterran\u00e9e aux maisons unifamiliales avec de grands jardins, parfaites pour profiter de la tranquillit\u00e9 des environs. Vous pouvez \u00e9galement trouver des villas modernes, des appartements dans le centre et des fermes en pleine nature, id\u00e9ales pour ceux qui appr\u00e9cient l&#8217;intimit\u00e9 et un style de vie en plein air.<\/p>\n<p>En plus de sa situation privil\u00e9gi\u00e9e en bord de mer, <strong>Cabrera de Mar<\/strong> offre un acc\u00e8s facile \u00e0 <strong>Barcelone<\/strong>, puisqu&#8217;elle se trouve \u00e0 moins de 30 minutes en voiture, ce qui en fait un excellent choix pour ceux qui recherchent un \u00e9quilibre entre tranquillit\u00e9 c\u00f4ti\u00e8re et proximit\u00e9 de la ville. . La ville dispose \u00e9galement d&#8217;une excellente gamme de services, tels que des magasins, des restaurants et des \u00e9coles, ce qui fait des propri\u00e9t\u00e9s \u00e0 vendre \u00e0 <strong>Cabrera de Mar<\/strong> un excellent investissement.<\/p>\n<p>Si vous r\u00eavez de vivre dans un environnement naturel, entour\u00e9 de mer et de montagnes, ne manquez pas l&#8217;occasion d&#8217;explorer les propri\u00e9t\u00e9s \u00e0 vendre \u00e0 <strong>Cabrera de Mar<\/strong> et de trouver la maison parfaite pour vous. <strong>D\u00e9couvrez ce joyau du Maresme et commencez \u00e0 profiter du style de vie m\u00e9diterran\u00e9en !<\/strong><\/p>\n\t\t\t\t\t\t\t\t<\/div>\n\t\t\t\t<\/div>\n\t\t\t\t<div class=\"elementor-element elementor-element-9ad9865 elementor-widget elementor-widget-shortcode\" data-id=\"9ad9865\" data-element_type=\"widget\" data-e-type=\"widget\" data-widget_type=\"shortcode.default\">\n\t\t\t\t<div class=\"elementor-widget-container\">\n\t\t\t\t\t\t\t<div class=\"elementor-shortcode\">shortcode<\/div>\n\t\t\t\t\t\t<\/div>\n\t\t\t\t<\/div>\n\t\t\t\t\t<\/div>\n\t\t<\/div>\n\t\t\t\t\t<\/div>\n\t\t<\/section>\n\t\t\t\t<\/div>\n\t\t","protected":false},"excerpt":{"rendered":"<p>Propri\u00e9t\u00e9s \u00e0 vendre \u00e0 Cabrera de Mar Si vous recherchez des propri\u00e9t\u00e9s \u00e0 vendre \u00e0 Cabrera de Mar, cette charmante ville c\u00f4ti\u00e8re de la r\u00e9gion du Maresme vous offre la combinaison parfaite de tranquillit\u00e9, de beaut\u00e9 naturelle et de proximit\u00e9 de la mer. Avec son excellente qualit\u00e9 de vie, Cabrera de Mar est devenue un [&hellip;]<\/p>\n","protected":false},"author":1,"featured_media":18771,"parent":12885,"menu_order":0,"comment_status":"closed","ping_status":"closed","template":"","meta":{"footnotes":""},"class_list":["post-18777","page","type-page","status-publish","has-post-thumbnail","hentry"],"yoast_head":"<!-- This site is optimized with the Yoast SEO plugin v27.3 - https:\/\/yoast.com\/product\/yoast-seo-wordpress\/ -->\n<title>Propri\u00e9t\u00e9s \u00e0 vendre \u00e0 Cabrera de Mar - Corredor Mat\u00f3 Real Estate &amp; Property Management<\/title>\n<meta name=\"description\" content=\"Pensem en les vostres vacances, oferint-vos el m\u00e9s gran ventall d\u2019immobles i serveis, per satisfer totes les vostres peticions. Si sou propietaris i voleu llogar, Corredor Mat\u00f3 \u00e9s la vostra ag\u00e8ncia.\" \/>\n<meta name=\"robots\" content=\"index, follow, max-snippet:-1, max-image-preview:large, max-video-preview:-1\" \/>\n<link rel=\"canonical\" href=\"https:\/\/www.corredormato.com\/fr\/vente-maresme\/proprietes-a-vendre-a-cabrera-de-mar\/\" \/>\n<meta property=\"og:locale\" content=\"fr_FR\" \/>\n<meta property=\"og:type\" content=\"article\" \/>\n<meta property=\"og:title\" content=\"Propri\u00e9t\u00e9s \u00e0 vendre \u00e0 Cabrera de Mar - Corredor Mat\u00f3 Real Estate &amp; Property Management\" \/>\n<meta property=\"og:description\" content=\"Pensem en les vostres vacances, oferint-vos el m\u00e9s gran ventall d\u2019immobles i serveis, per satisfer totes les vostres peticions. Si sou propietaris i voleu llogar, Corredor Mat\u00f3 \u00e9s la vostra ag\u00e8ncia.\" \/>\n<meta property=\"og:url\" content=\"https:\/\/www.corredormato.com\/fr\/vente-maresme\/proprietes-a-vendre-a-cabrera-de-mar\/\" \/>\n<meta property=\"og:site_name\" content=\"Corredor Mat\u00f3 Real Estate &amp; Property Management\" \/>\n<meta property=\"article:modified_time\" content=\"2024-09-18T07:55:44+00:00\" \/>\n<meta property=\"og:image\" content=\"https:\/\/www.corredormato.com\/wp-content\/uploads\/2024\/09\/FOTOS-IMATGES-PREVIEW-can-font-TANCA.jpg\" \/>\n\t<meta property=\"og:image:width\" content=\"1280\" \/>\n\t<meta property=\"og:image:height\" content=\"887\" \/>\n\t<meta property=\"og:image:type\" content=\"image\/jpeg\" \/>\n<meta name=\"twitter:card\" content=\"summary_large_image\" \/>\n<meta name=\"twitter:label1\" content=\"Dur\u00e9e de lecture estim\u00e9e\" \/>\n\t<meta name=\"twitter:data1\" content=\"2 minutes\" \/>\n<script type=\"application\/ld+json\" class=\"yoast-schema-graph\">{\"@context\":\"https:\\\/\\\/schema.org\",\"@graph\":[{\"@type\":\"WebPage\",\"@id\":\"https:\\\/\\\/www.corredormato.com\\\/fr\\\/vente-maresme\\\/proprietes-a-vendre-a-cabrera-de-mar\\\/\",\"url\":\"https:\\\/\\\/www.corredormato.com\\\/fr\\\/vente-maresme\\\/proprietes-a-vendre-a-cabrera-de-mar\\\/\",\"name\":\"Propri\u00e9t\u00e9s \u00e0 vendre \u00e0 Cabrera de Mar - Corredor Mat\u00f3 Real Estate &amp; Property Management\",\"isPartOf\":{\"@id\":\"https:\\\/\\\/www.corredormato.com\\\/fr\\\/#website\"},\"primaryImageOfPage\":{\"@id\":\"https:\\\/\\\/www.corredormato.com\\\/fr\\\/vente-maresme\\\/proprietes-a-vendre-a-cabrera-de-mar\\\/#primaryimage\"},\"image\":{\"@id\":\"https:\\\/\\\/www.corredormato.com\\\/fr\\\/vente-maresme\\\/proprietes-a-vendre-a-cabrera-de-mar\\\/#primaryimage\"},\"thumbnailUrl\":\"https:\\\/\\\/www.corredormato.com\\\/wp-content\\\/uploads\\\/2024\\\/09\\\/FOTOS-IMATGES-PREVIEW-can-font-TANCA.jpg\",\"datePublished\":\"2024-09-18T07:54:56+00:00\",\"dateModified\":\"2024-09-18T07:55:44+00:00\",\"description\":\"Pensem en les vostres vacances, oferint-vos el m\u00e9s gran ventall d\u2019immobles i serveis, per satisfer totes les vostres peticions. Si sou propietaris i voleu llogar, Corredor Mat\u00f3 \u00e9s la vostra ag\u00e8ncia.\",\"breadcrumb\":{\"@id\":\"https:\\\/\\\/www.corredormato.com\\\/fr\\\/vente-maresme\\\/proprietes-a-vendre-a-cabrera-de-mar\\\/#breadcrumb\"},\"inLanguage\":\"fr-FR\",\"potentialAction\":[{\"@type\":\"ReadAction\",\"target\":[\"https:\\\/\\\/www.corredormato.com\\\/fr\\\/vente-maresme\\\/proprietes-a-vendre-a-cabrera-de-mar\\\/\"]}]},{\"@type\":\"BreadcrumbList\",\"@id\":\"https:\\\/\\\/www.corredormato.com\\\/fr\\\/vente-maresme\\\/proprietes-a-vendre-a-cabrera-de-mar\\\/#breadcrumb\",\"itemListElement\":[{\"@type\":\"ListItem\",\"position\":1,\"name\":\"Home\",\"item\":\"https:\\\/\\\/www.corredormato.com\\\/fr\\\/\"},{\"@type\":\"ListItem\",\"position\":2,\"name\":\"Vente Maresme\",\"item\":\"https:\\\/\\\/www.corredormato.com\\\/fr\\\/venda-maresme\\\/\"},{\"@type\":\"ListItem\",\"position\":3,\"name\":\"Propri\u00e9t\u00e9s \u00e0 vendre \u00e0 Cabrera de Mar\"}]},{\"@type\":\"WebSite\",\"@id\":\"https:\\\/\\\/www.corredormato.com\\\/fr\\\/#website\",\"url\":\"https:\\\/\\\/www.corredormato.com\\\/fr\\\/\",\"name\":\"Corredor Mat\u00f3 Real Estate &amp; Property Management\",\"description\":\"Real Estate &amp; Property Management\",\"publisher\":{\"@id\":\"https:\\\/\\\/www.corredormato.com\\\/fr\\\/#organization\"},\"alternateName\":\"Corredor Mat\u00f3\",\"potentialAction\":[{\"@type\":\"SearchAction\",\"target\":{\"@type\":\"EntryPoint\",\"urlTemplate\":\"https:\\\/\\\/www.corredormato.com\\\/resultats-de-cerca-lloguer\\\/?search_text={search_term_string}\"},\"query-input\":{\"@type\":\"PropertyValueSpecification\",\"valueRequired\":true,\"valueName\":\"search_term_string\"}}],\"inLanguage\":\"fr-FR\"},{\"@type\":\"Organization\",\"@id\":\"https:\\\/\\\/www.corredormato.com\\\/fr\\\/#organization\",\"name\":\"Corredor Mat\u00f3 | Real Estate & Property Management\",\"url\":\"https:\\\/\\\/www.corredormato.com\\\/fr\\\/\",\"logo\":{\"@type\":\"ImageObject\",\"inLanguage\":\"fr-FR\",\"@id\":\"https:\\\/\\\/www.corredormato.com\\\/fr\\\/#\\\/schema\\\/logo\\\/image\\\/\",\"url\":\"https:\\\/\\\/www.corredormato.com\\\/wp-content\\\/uploads\\\/2021\\\/04\\\/logo.png\",\"contentUrl\":\"https:\\\/\\\/www.corredormato.com\\\/wp-content\\\/uploads\\\/2021\\\/04\\\/logo.png\",\"width\":970,\"height\":225,\"caption\":\"Corredor Mat\u00f3 | Real Estate & Property Management\"},\"image\":{\"@id\":\"https:\\\/\\\/www.corredormato.com\\\/fr\\\/#\\\/schema\\\/logo\\\/image\\\/\"}}]}<\/script>\n<!-- \/ Yoast SEO plugin. -->","yoast_head_json":{"title":"Propri\u00e9t\u00e9s \u00e0 vendre \u00e0 Cabrera de Mar - Corredor Mat\u00f3 Real Estate &amp; Property Management","description":"Pensem en les vostres vacances, oferint-vos el m\u00e9s gran ventall d\u2019immobles i serveis, per satisfer totes les vostres peticions. Si sou propietaris i voleu llogar, Corredor Mat\u00f3 \u00e9s la vostra ag\u00e8ncia.","robots":{"index":"index","follow":"follow","max-snippet":"max-snippet:-1","max-image-preview":"max-image-preview:large","max-video-preview":"max-video-preview:-1"},"canonical":"https:\/\/www.corredormato.com\/fr\/vente-maresme\/proprietes-a-vendre-a-cabrera-de-mar\/","og_locale":"fr_FR","og_type":"article","og_title":"Propri\u00e9t\u00e9s \u00e0 vendre \u00e0 Cabrera de Mar - Corredor Mat\u00f3 Real Estate &amp; Property Management","og_description":"Pensem en les vostres vacances, oferint-vos el m\u00e9s gran ventall d\u2019immobles i serveis, per satisfer totes les vostres peticions. Si sou propietaris i voleu llogar, Corredor Mat\u00f3 \u00e9s la vostra ag\u00e8ncia.","og_url":"https:\/\/www.corredormato.com\/fr\/vente-maresme\/proprietes-a-vendre-a-cabrera-de-mar\/","og_site_name":"Corredor Mat\u00f3 Real Estate &amp; Property Management","article_modified_time":"2024-09-18T07:55:44+00:00","og_image":[{"width":1280,"height":887,"url":"https:\/\/www.corredormato.com\/wp-content\/uploads\/2024\/09\/FOTOS-IMATGES-PREVIEW-can-font-TANCA.jpg","type":"image\/jpeg"}],"twitter_card":"summary_large_image","twitter_misc":{"Dur\u00e9e de lecture estim\u00e9e":"2 minutes"},"schema":{"@context":"https:\/\/schema.org","@graph":[{"@type":"WebPage","@id":"https:\/\/www.corredormato.com\/fr\/vente-maresme\/proprietes-a-vendre-a-cabrera-de-mar\/","url":"https:\/\/www.corredormato.com\/fr\/vente-maresme\/proprietes-a-vendre-a-cabrera-de-mar\/","name":"Propri\u00e9t\u00e9s \u00e0 vendre \u00e0 Cabrera de Mar - Corredor Mat\u00f3 Real Estate &amp; Property Management","isPartOf":{"@id":"https:\/\/www.corredormato.com\/fr\/#website"},"primaryImageOfPage":{"@id":"https:\/\/www.corredormato.com\/fr\/vente-maresme\/proprietes-a-vendre-a-cabrera-de-mar\/#primaryimage"},"image":{"@id":"https:\/\/www.corredormato.com\/fr\/vente-maresme\/proprietes-a-vendre-a-cabrera-de-mar\/#primaryimage"},"thumbnailUrl":"https:\/\/www.corredormato.com\/wp-content\/uploads\/2024\/09\/FOTOS-IMATGES-PREVIEW-can-font-TANCA.jpg","datePublished":"2024-09-18T07:54:56+00:00","dateModified":"2024-09-18T07:55:44+00:00","description":"Pensem en les vostres vacances, oferint-vos el m\u00e9s gran ventall d\u2019immobles i serveis, per satisfer totes les vostres peticions. Si sou propietaris i voleu llogar, Corredor Mat\u00f3 \u00e9s la vostra ag\u00e8ncia.","breadcrumb":{"@id":"https:\/\/www.corredormato.com\/fr\/vente-maresme\/proprietes-a-vendre-a-cabrera-de-mar\/#breadcrumb"},"inLanguage":"fr-FR","potentialAction":[{"@type":"ReadAction","target":["https:\/\/www.corredormato.com\/fr\/vente-maresme\/proprietes-a-vendre-a-cabrera-de-mar\/"]}]},{"@type":"BreadcrumbList","@id":"https:\/\/www.corredormato.com\/fr\/vente-maresme\/proprietes-a-vendre-a-cabrera-de-mar\/#breadcrumb","itemListElement":[{"@type":"ListItem","position":1,"name":"Home","item":"https:\/\/www.corredormato.com\/fr\/"},{"@type":"ListItem","position":2,"name":"Vente Maresme","item":"https:\/\/www.corredormato.com\/fr\/venda-maresme\/"},{"@type":"ListItem","position":3,"name":"Propri\u00e9t\u00e9s \u00e0 vendre \u00e0 Cabrera de Mar"}]},{"@type":"WebSite","@id":"https:\/\/www.corredormato.com\/fr\/#website","url":"https:\/\/www.corredormato.com\/fr\/","name":"Corredor Mat\u00f3 Real Estate &amp; Property Management","description":"Real Estate &amp; Property Management","publisher":{"@id":"https:\/\/www.corredormato.com\/fr\/#organization"},"alternateName":"Corredor Mat\u00f3","potentialAction":[{"@type":"SearchAction","target":{"@type":"EntryPoint","urlTemplate":"https:\/\/www.corredormato.com\/resultats-de-cerca-lloguer\/?search_text={search_term_string}"},"query-input":{"@type":"PropertyValueSpecification","valueRequired":true,"valueName":"search_term_string"}}],"inLanguage":"fr-FR"},{"@type":"Organization","@id":"https:\/\/www.corredormato.com\/fr\/#organization","name":"Corredor Mat\u00f3 | Real Estate & Property Management","url":"https:\/\/www.corredormato.com\/fr\/","logo":{"@type":"ImageObject","inLanguage":"fr-FR","@id":"https:\/\/www.corredormato.com\/fr\/#\/schema\/logo\/image\/","url":"https:\/\/www.corredormato.com\/wp-content\/uploads\/2021\/04\/logo.png","contentUrl":"https:\/\/www.corredormato.com\/wp-content\/uploads\/2021\/04\/logo.png","width":970,"height":225,"caption":"Corredor Mat\u00f3 | Real Estate & Property Management"},"image":{"@id":"https:\/\/www.corredormato.com\/fr\/#\/schema\/logo\/image\/"}}]}},"_links":{"self":[{"href":"https:\/\/www.corredormato.com\/fr\/wp-json\/wp\/v2\/pages\/18777","targetHints":{"allow":["GET"]}}],"collection":[{"href":"https:\/\/www.corredormato.com\/fr\/wp-json\/wp\/v2\/pages"}],"about":[{"href":"https:\/\/www.corredormato.com\/fr\/wp-json\/wp\/v2\/types\/page"}],"author":[{"embeddable":true,"href":"https:\/\/www.corredormato.com\/fr\/wp-json\/wp\/v2\/users\/1"}],"replies":[{"embeddable":true,"href":"https:\/\/www.corredormato.com\/fr\/wp-json\/wp\/v2\/comments?post=18777"}],"version-history":[{"count":1,"href":"https:\/\/www.corredormato.com\/fr\/wp-json\/wp\/v2\/pages\/18777\/revisions"}],"predecessor-version":[{"id":18778,"href":"https:\/\/www.corredormato.com\/fr\/wp-json\/wp\/v2\/pages\/18777\/revisions\/18778"}],"up":[{"embeddable":true,"href":"https:\/\/www.corredormato.com\/fr\/wp-json\/wp\/v2\/pages\/12885"}],"wp:featuredmedia":[{"embeddable":true,"href":"https:\/\/www.corredormato.com\/fr\/wp-json\/wp\/v2\/media\/18771"}],"wp:attachment":[{"href":"https:\/\/www.corredormato.com\/fr\/wp-json\/wp\/v2\/media?parent=18777"}],"curies":[{"name":"wp","href":"https:\/\/api.w.org\/{rel}","templated":true}]}}