{"id":717,"date":"2021-05-04T11:06:54","date_gmt":"2021-05-04T11:06:54","guid":{"rendered":"http:\/\/52.30.243.130\/?page_id=717"},"modified":"2023-10-24T13:18:21","modified_gmt":"2023-10-24T11:18:21","slug":"gestion-de-la-propriete","status":"publish","type":"page","link":"https:\/\/www.corredormato.com\/fr\/gestion-de-la-propriete\/","title":{"rendered":"Property Management"},"content":{"rendered":"\t\t<div data-elementor-type=\"wp-page\" data-elementor-id=\"717\" class=\"elementor elementor-717 elementor-714\" data-elementor-post-type=\"page\">\n\t\t\t\t\t\t<section class=\"elementor-section elementor-top-section elementor-element elementor-element-e1da0a7 elementor-section-full_width elementor-section-height-min-height elementor-section-height-default elementor-section-items-middle\" data-id=\"e1da0a7\" data-element_type=\"section\" data-e-type=\"section\" data-settings=\"{&quot;background_background&quot;:&quot;classic&quot;}\">\n\t\t\t\t\t\t<div class=\"elementor-container elementor-column-gap-default\">\n\t\t\t\t\t<div class=\"elementor-column elementor-col-100 elementor-top-column elementor-element elementor-element-2b6c349\" data-id=\"2b6c349\" data-element_type=\"column\" data-e-type=\"column\" data-settings=\"{&quot;background_background&quot;:&quot;classic&quot;}\">\n\t\t\t<div class=\"elementor-widget-wrap\">\n\t\t\t\t\t\t\t<\/div>\n\t\t<\/div>\n\t\t\t\t\t<\/div>\n\t\t<\/section>\n\t\t\t\t<section class=\"elementor-section elementor-top-section elementor-element elementor-element-8589ebf elementor-section-full_width elementor-section-height-default elementor-section-height-default\" data-id=\"8589ebf\" data-element_type=\"section\" data-e-type=\"section\" data-settings=\"{&quot;background_background&quot;:&quot;classic&quot;}\">\n\t\t\t\t\t\t<div class=\"elementor-container elementor-column-gap-no\">\n\t\t\t\t\t<div class=\"elementor-column elementor-col-100 elementor-top-column elementor-element elementor-element-d133844\" data-id=\"d133844\" data-element_type=\"column\" data-e-type=\"column\">\n\t\t\t<div class=\"elementor-widget-wrap elementor-element-populated\">\n\t\t\t\t\t\t<section class=\"elementor-section elementor-inner-section elementor-element elementor-element-ba64390 elementor-section-boxed elementor-section-height-default elementor-section-height-default\" data-id=\"ba64390\" data-element_type=\"section\" data-e-type=\"section\" data-settings=\"{&quot;background_background&quot;:&quot;classic&quot;}\">\n\t\t\t\t\t\t<div class=\"elementor-container elementor-column-gap-default\">\n\t\t\t\t\t<div class=\"elementor-column elementor-col-100 elementor-inner-column elementor-element elementor-element-19f24da\" data-id=\"19f24da\" data-element_type=\"column\" data-e-type=\"column\" data-settings=\"{&quot;background_background&quot;:&quot;classic&quot;}\">\n\t\t\t<div class=\"elementor-widget-wrap elementor-element-populated\">\n\t\t\t\t\t\t<div class=\"elementor-element elementor-element-041518b elementor-widget elementor-widget-heading\" data-id=\"041518b\" data-element_type=\"widget\" data-e-type=\"widget\" data-widget_type=\"heading.default\">\n\t\t\t\t<div class=\"elementor-widget-container\">\n\t\t\t\t\t<h2 class=\"elementor-heading-title elementor-size-default\">Corredor Mat\u00f3<\/h2>\t\t\t\t<\/div>\n\t\t\t\t<\/div>\n\t\t\t\t<div class=\"elementor-element elementor-element-cf7baa4 elementor-widget elementor-widget-heading\" data-id=\"cf7baa4\" data-element_type=\"widget\" data-e-type=\"widget\" data-widget_type=\"heading.default\">\n\t\t\t\t<div class=\"elementor-widget-container\">\n\t\t\t\t\t<h1 class=\"elementor-heading-title elementor-size-default\">GESTION DE LA PROPRI\u00c9T\u00c9<\/h1>\t\t\t\t<\/div>\n\t\t\t\t<\/div>\n\t\t\t\t\t<\/div>\n\t\t<\/div>\n\t\t\t\t\t<\/div>\n\t\t<\/section>\n\t\t\t\t<section class=\"elementor-section elementor-inner-section elementor-element elementor-element-7e94dd4 elementor-section-boxed elementor-section-height-default elementor-section-height-default\" data-id=\"7e94dd4\" data-element_type=\"section\" data-e-type=\"section\" data-settings=\"{&quot;background_background&quot;:&quot;classic&quot;}\">\n\t\t\t\t\t\t<div class=\"elementor-container elementor-column-gap-default\">\n\t\t\t\t\t<div class=\"elementor-column elementor-col-100 elementor-inner-column elementor-element elementor-element-9ef5546\" data-id=\"9ef5546\" data-element_type=\"column\" data-e-type=\"column\" data-settings=\"{&quot;background_background&quot;:&quot;classic&quot;}\">\n\t\t\t<div class=\"elementor-widget-wrap elementor-element-populated\">\n\t\t\t\t\t\t<div class=\"elementor-element elementor-element-0fd8e45 elementor-widget elementor-widget-text-editor\" data-id=\"0fd8e45\" data-element_type=\"widget\" data-e-type=\"widget\" data-widget_type=\"text-editor.default\">\n\t\t\t\t<div class=\"elementor-widget-container\">\n\t\t\t\t\t\t\t\t\t<p>Corredor Mat\u00f3 vous accueille avec professionnalisme, s\u00e9curit\u00e9 et honn\u00eatet\u00e9 sur le march\u00e9 de l&#8217;immobilier et du tourisme. Corredor Mat\u00f3 est une entreprise familiale consolid\u00e9e qui poss\u00e8de plus de 60 ans d&#8217;exp\u00e9rience dans les secteurs de l&#8217;immobilier et du tourisme. Nous sommes une \u00e9quipe de professionnels de diverses nationalit\u00e9s qui r\u00e9pondront \u00e0 toutes vos questions dans votre langue.<\/p>\n<p>Chez Corredor Reques\u00f3n, nous sommes sp\u00e9cialis\u00e9s dans l&#8217;entretien de votre propri\u00e9t\u00e9 pendant votre absence, afin que vous puissiez en profiter \u00e0 tout moment. Nous sommes une \u00e9quipe de professionnels qui travaillent tout au long de l&#8217;ann\u00e9e pour maintenir votre maison ou votre appartement en bon \u00e9tat, afin que votre s\u00e9jour dans la propri\u00e9t\u00e9 se d\u00e9roule sans probl\u00e8me et sans incident. Tous les mois, nous effectuons des visites pour v\u00e9rifier l&#8217;\u00e9tat de votre propri\u00e9t\u00e9, vous informer de son \u00e9tat et vous signaler imm\u00e9diatement tout incident urgent qui aurait pu survenir. Nous demandons et soumettons des devis pour tout travail d&#8217;entretien jug\u00e9 n\u00e9cessaire et contr\u00f4lons son d\u00e9roulement et son r\u00e9sultat final. Ces t\u00e2ches consistent notamment \u00e0 v\u00e9rifier l&#8217;\u00e9tat de la piscine et du jardin, le service de nettoyage ou \u00e0 s&#8217;occuper de tout d\u00e9tail li\u00e9 \u00e0 l&#8217;aspect g\u00e9n\u00e9ral de la propri\u00e9t\u00e9. Nous nous occupons \u00e9galement des \u00e9ventuelles livraisons et visites d&#8217;amis et de la famille. Corredor Mat\u00f3 est votre gestionnaire de propri\u00e9t\u00e9 de confiance.<\/p>\n\t\t\t\t\t\t\t\t<\/div>\n\t\t\t\t<\/div>\n\t\t\t\t<div class=\"elementor-element elementor-element-d808890 elementor-widget elementor-widget-button\" data-id=\"d808890\" data-element_type=\"widget\" data-e-type=\"widget\" data-widget_type=\"button.default\">\n\t\t\t\t<div class=\"elementor-widget-container\">\n\t\t\t\t\t\t\t\t\t<div class=\"elementor-button-wrapper\">\n\t\t\t\t\t<a class=\"elementor-button elementor-button-link elementor-size-lg\" href=\"https:\/\/www.corredormato.com\/fr\/contacte\/\">\n\t\t\t\t\t\t<span class=\"elementor-button-content-wrapper\">\n\t\t\t\t\t\t\t\t\t<span class=\"elementor-button-text\">CONTACTE<\/span>\n\t\t\t\t\t<\/span>\n\t\t\t\t\t<\/a>\n\t\t\t\t<\/div>\n\t\t\t\t\t\t\t\t<\/div>\n\t\t\t\t<\/div>\n\t\t\t\t\t<\/div>\n\t\t<\/div>\n\t\t\t\t\t<\/div>\n\t\t<\/section>\n\t\t\t\t\t<\/div>\n\t\t<\/div>\n\t\t\t\t\t<\/div>\n\t\t<\/section>\n\t\t\t\t<\/div>\n\t\t","protected":false},"excerpt":{"rendered":"<p>Corredor Mat\u00f3 GESTION DE LA PROPRI\u00c9T\u00c9 Corredor Mat\u00f3 vous accueille avec professionnalisme, s\u00e9curit\u00e9 et honn\u00eatet\u00e9 sur le march\u00e9 de l&#8217;immobilier et du tourisme. Corredor Mat\u00f3 est une entreprise familiale consolid\u00e9e qui poss\u00e8de plus de 60 ans d&#8217;exp\u00e9rience dans les secteurs de l&#8217;immobilier et du tourisme. Nous sommes une \u00e9quipe de professionnels de diverses nationalit\u00e9s qui [&hellip;]<\/p>\n","protected":false},"author":1,"featured_media":66,"parent":0,"menu_order":0,"comment_status":"closed","ping_status":"closed","template":"","meta":{"footnotes":""},"class_list":["post-717","page","type-page","status-publish","has-post-thumbnail","hentry"],"yoast_head":"<!-- This site is optimized with the Yoast SEO plugin v27.3 - https:\/\/yoast.com\/product\/yoast-seo-wordpress\/ -->\n<title>Services de gestion immobili\u00e8re - Prendre soin de votre maison depuis 1960<\/title>\n<meta name=\"description\" content=\"Chez Corredor Mat\u00f3, nous sommes sp\u00e9cialis\u00e9s dans l&#039;entretien de votre propri\u00e9t\u00e9 pendant votre absence, afin que vous puissiez en profiter \u00e0 tout moment.\" \/>\n<meta name=\"robots\" content=\"index, follow, max-snippet:-1, max-image-preview:large, max-video-preview:-1\" \/>\n<link rel=\"canonical\" href=\"https:\/\/www.corredormato.com\/fr\/gestion-de-la-propriete\/\" \/>\n<meta property=\"og:locale\" content=\"fr_FR\" \/>\n<meta property=\"og:type\" content=\"article\" \/>\n<meta property=\"og:title\" content=\"Services de gestion immobili\u00e8re - Prendre soin de votre maison depuis 1960\" \/>\n<meta property=\"og:description\" content=\"Chez Corredor Mat\u00f3, nous sommes sp\u00e9cialis\u00e9s dans l&#039;entretien de votre propri\u00e9t\u00e9 pendant votre absence, afin que vous puissiez en profiter \u00e0 tout moment.\" \/>\n<meta property=\"og:url\" content=\"https:\/\/www.corredormato.com\/fr\/gestion-de-la-propriete\/\" \/>\n<meta property=\"og:site_name\" content=\"Corredor Mat\u00f3 Real Estate &amp; Property Management\" \/>\n<meta property=\"article:modified_time\" content=\"2023-10-24T11:18:21+00:00\" \/>\n<meta property=\"og:image\" content=\"https:\/\/www.corredormato.com\/wp-content\/uploads\/2021\/04\/RRSS_Corredor_MATO.jpg\" \/>\n\t<meta property=\"og:image:width\" content=\"1280\" \/>\n\t<meta property=\"og:image:height\" content=\"720\" \/>\n\t<meta property=\"og:image:type\" content=\"image\/jpeg\" \/>\n<meta name=\"twitter:card\" content=\"summary_large_image\" \/>\n<meta name=\"twitter:label1\" content=\"Dur\u00e9e de lecture estim\u00e9e\" \/>\n\t<meta name=\"twitter:data1\" content=\"1 minute\" \/>\n<script type=\"application\/ld+json\" class=\"yoast-schema-graph\">{\"@context\":\"https:\\\/\\\/schema.org\",\"@graph\":[{\"@type\":\"WebPage\",\"@id\":\"https:\\\/\\\/www.corredormato.com\\\/fr\\\/gestion-de-la-propriete\\\/\",\"url\":\"https:\\\/\\\/www.corredormato.com\\\/fr\\\/gestion-de-la-propriete\\\/\",\"name\":\"Services de gestion immobili\u00e8re - Prendre soin de votre maison depuis 1960\",\"isPartOf\":{\"@id\":\"https:\\\/\\\/www.corredormato.com\\\/fr\\\/#website\"},\"primaryImageOfPage\":{\"@id\":\"https:\\\/\\\/www.corredormato.com\\\/fr\\\/gestion-de-la-propriete\\\/#primaryimage\"},\"image\":{\"@id\":\"https:\\\/\\\/www.corredormato.com\\\/fr\\\/gestion-de-la-propriete\\\/#primaryimage\"},\"thumbnailUrl\":\"https:\\\/\\\/www.corredormato.com\\\/wp-content\\\/uploads\\\/2021\\\/04\\\/RRSS_Corredor_MATO.jpg\",\"datePublished\":\"2021-05-04T11:06:54+00:00\",\"dateModified\":\"2023-10-24T11:18:21+00:00\",\"description\":\"Chez Corredor Mat\u00f3, nous sommes sp\u00e9cialis\u00e9s dans l'entretien de votre propri\u00e9t\u00e9 pendant votre absence, afin que vous puissiez en profiter \u00e0 tout moment.\",\"breadcrumb\":{\"@id\":\"https:\\\/\\\/www.corredormato.com\\\/fr\\\/gestion-de-la-propriete\\\/#breadcrumb\"},\"inLanguage\":\"fr-FR\",\"potentialAction\":[{\"@type\":\"ReadAction\",\"target\":[\"https:\\\/\\\/www.corredormato.com\\\/fr\\\/gestion-de-la-propriete\\\/\"]}]},{\"@type\":\"BreadcrumbList\",\"@id\":\"https:\\\/\\\/www.corredormato.com\\\/fr\\\/gestion-de-la-propriete\\\/#breadcrumb\",\"itemListElement\":[{\"@type\":\"ListItem\",\"position\":1,\"name\":\"Home\",\"item\":\"https:\\\/\\\/www.corredormato.com\\\/fr\\\/\"},{\"@type\":\"ListItem\",\"position\":2,\"name\":\"Property Management\"}]},{\"@type\":\"WebSite\",\"@id\":\"https:\\\/\\\/www.corredormato.com\\\/fr\\\/#website\",\"url\":\"https:\\\/\\\/www.corredormato.com\\\/fr\\\/\",\"name\":\"Corredor Mat\u00f3 Real Estate &amp; Property Management\",\"description\":\"Real Estate &amp; Property Management\",\"publisher\":{\"@id\":\"https:\\\/\\\/www.corredormato.com\\\/fr\\\/#organization\"},\"alternateName\":\"Corredor Mat\u00f3\",\"potentialAction\":[{\"@type\":\"SearchAction\",\"target\":{\"@type\":\"EntryPoint\",\"urlTemplate\":\"https:\\\/\\\/www.corredormato.com\\\/resultats-de-cerca-lloguer\\\/?search_text={search_term_string}\"},\"query-input\":{\"@type\":\"PropertyValueSpecification\",\"valueRequired\":true,\"valueName\":\"search_term_string\"}}],\"inLanguage\":\"fr-FR\"},{\"@type\":\"Organization\",\"@id\":\"https:\\\/\\\/www.corredormato.com\\\/fr\\\/#organization\",\"name\":\"Corredor Mat\u00f3 | Real Estate & Property Management\",\"url\":\"https:\\\/\\\/www.corredormato.com\\\/fr\\\/\",\"logo\":{\"@type\":\"ImageObject\",\"inLanguage\":\"fr-FR\",\"@id\":\"https:\\\/\\\/www.corredormato.com\\\/fr\\\/#\\\/schema\\\/logo\\\/image\\\/\",\"url\":\"https:\\\/\\\/www.corredormato.com\\\/wp-content\\\/uploads\\\/2021\\\/04\\\/logo.png\",\"contentUrl\":\"https:\\\/\\\/www.corredormato.com\\\/wp-content\\\/uploads\\\/2021\\\/04\\\/logo.png\",\"width\":970,\"height\":225,\"caption\":\"Corredor Mat\u00f3 | Real Estate & Property Management\"},\"image\":{\"@id\":\"https:\\\/\\\/www.corredormato.com\\\/fr\\\/#\\\/schema\\\/logo\\\/image\\\/\"}}]}<\/script>\n<!-- \/ Yoast SEO plugin. -->","yoast_head_json":{"title":"Services de gestion immobili\u00e8re - Prendre soin de votre maison depuis 1960","description":"Chez Corredor Mat\u00f3, nous sommes sp\u00e9cialis\u00e9s dans l'entretien de votre propri\u00e9t\u00e9 pendant votre absence, afin que vous puissiez en profiter \u00e0 tout moment.","robots":{"index":"index","follow":"follow","max-snippet":"max-snippet:-1","max-image-preview":"max-image-preview:large","max-video-preview":"max-video-preview:-1"},"canonical":"https:\/\/www.corredormato.com\/fr\/gestion-de-la-propriete\/","og_locale":"fr_FR","og_type":"article","og_title":"Services de gestion immobili\u00e8re - Prendre soin de votre maison depuis 1960","og_description":"Chez Corredor Mat\u00f3, nous sommes sp\u00e9cialis\u00e9s dans l'entretien de votre propri\u00e9t\u00e9 pendant votre absence, afin que vous puissiez en profiter \u00e0 tout moment.","og_url":"https:\/\/www.corredormato.com\/fr\/gestion-de-la-propriete\/","og_site_name":"Corredor Mat\u00f3 Real Estate &amp; Property Management","article_modified_time":"2023-10-24T11:18:21+00:00","og_image":[{"width":1280,"height":720,"url":"https:\/\/www.corredormato.com\/wp-content\/uploads\/2021\/04\/RRSS_Corredor_MATO.jpg","type":"image\/jpeg"}],"twitter_card":"summary_large_image","twitter_misc":{"Dur\u00e9e de lecture estim\u00e9e":"1 minute"},"schema":{"@context":"https:\/\/schema.org","@graph":[{"@type":"WebPage","@id":"https:\/\/www.corredormato.com\/fr\/gestion-de-la-propriete\/","url":"https:\/\/www.corredormato.com\/fr\/gestion-de-la-propriete\/","name":"Services de gestion immobili\u00e8re - Prendre soin de votre maison depuis 1960","isPartOf":{"@id":"https:\/\/www.corredormato.com\/fr\/#website"},"primaryImageOfPage":{"@id":"https:\/\/www.corredormato.com\/fr\/gestion-de-la-propriete\/#primaryimage"},"image":{"@id":"https:\/\/www.corredormato.com\/fr\/gestion-de-la-propriete\/#primaryimage"},"thumbnailUrl":"https:\/\/www.corredormato.com\/wp-content\/uploads\/2021\/04\/RRSS_Corredor_MATO.jpg","datePublished":"2021-05-04T11:06:54+00:00","dateModified":"2023-10-24T11:18:21+00:00","description":"Chez Corredor Mat\u00f3, nous sommes sp\u00e9cialis\u00e9s dans l'entretien de votre propri\u00e9t\u00e9 pendant votre absence, afin que vous puissiez en profiter \u00e0 tout moment.","breadcrumb":{"@id":"https:\/\/www.corredormato.com\/fr\/gestion-de-la-propriete\/#breadcrumb"},"inLanguage":"fr-FR","potentialAction":[{"@type":"ReadAction","target":["https:\/\/www.corredormato.com\/fr\/gestion-de-la-propriete\/"]}]},{"@type":"BreadcrumbList","@id":"https:\/\/www.corredormato.com\/fr\/gestion-de-la-propriete\/#breadcrumb","itemListElement":[{"@type":"ListItem","position":1,"name":"Home","item":"https:\/\/www.corredormato.com\/fr\/"},{"@type":"ListItem","position":2,"name":"Property Management"}]},{"@type":"WebSite","@id":"https:\/\/www.corredormato.com\/fr\/#website","url":"https:\/\/www.corredormato.com\/fr\/","name":"Corredor Mat\u00f3 Real Estate &amp; Property Management","description":"Real Estate &amp; Property Management","publisher":{"@id":"https:\/\/www.corredormato.com\/fr\/#organization"},"alternateName":"Corredor Mat\u00f3","potentialAction":[{"@type":"SearchAction","target":{"@type":"EntryPoint","urlTemplate":"https:\/\/www.corredormato.com\/resultats-de-cerca-lloguer\/?search_text={search_term_string}"},"query-input":{"@type":"PropertyValueSpecification","valueRequired":true,"valueName":"search_term_string"}}],"inLanguage":"fr-FR"},{"@type":"Organization","@id":"https:\/\/www.corredormato.com\/fr\/#organization","name":"Corredor Mat\u00f3 | Real Estate & Property Management","url":"https:\/\/www.corredormato.com\/fr\/","logo":{"@type":"ImageObject","inLanguage":"fr-FR","@id":"https:\/\/www.corredormato.com\/fr\/#\/schema\/logo\/image\/","url":"https:\/\/www.corredormato.com\/wp-content\/uploads\/2021\/04\/logo.png","contentUrl":"https:\/\/www.corredormato.com\/wp-content\/uploads\/2021\/04\/logo.png","width":970,"height":225,"caption":"Corredor Mat\u00f3 | Real Estate & Property Management"},"image":{"@id":"https:\/\/www.corredormato.com\/fr\/#\/schema\/logo\/image\/"}}]}},"_links":{"self":[{"href":"https:\/\/www.corredormato.com\/fr\/wp-json\/wp\/v2\/pages\/717","targetHints":{"allow":["GET"]}}],"collection":[{"href":"https:\/\/www.corredormato.com\/fr\/wp-json\/wp\/v2\/pages"}],"about":[{"href":"https:\/\/www.corredormato.com\/fr\/wp-json\/wp\/v2\/types\/page"}],"author":[{"embeddable":true,"href":"https:\/\/www.corredormato.com\/fr\/wp-json\/wp\/v2\/users\/1"}],"replies":[{"embeddable":true,"href":"https:\/\/www.corredormato.com\/fr\/wp-json\/wp\/v2\/comments?post=717"}],"version-history":[{"count":0,"href":"https:\/\/www.corredormato.com\/fr\/wp-json\/wp\/v2\/pages\/717\/revisions"}],"wp:featuredmedia":[{"embeddable":true,"href":"https:\/\/www.corredormato.com\/fr\/wp-json\/wp\/v2\/media\/66"}],"wp:attachment":[{"href":"https:\/\/www.corredormato.com\/fr\/wp-json\/wp\/v2\/media?parent=717"}],"curies":[{"name":"wp","href":"https:\/\/api.w.org\/{rel}","templated":true}]}}