{"id":8372,"date":"2023-10-02T12:24:22","date_gmt":"2023-10-02T10:24:22","guid":{"rendered":"http:\/\/52.30.243.130\/vue-sur-la-mer\/"},"modified":"2024-02-15T12:40:13","modified_gmt":"2024-02-15T10:40:13","slug":"vue-sur-la-mer","status":"publish","type":"page","link":"https:\/\/www.corredormato.com\/fr\/vente-costa-brava\/appartements\/vue-sur-la-mer\/","title":{"rendered":"Appartements \u00e0 vendre sur la Costa Brava avec vue sur la mer"},"content":{"rendered":"\t\t<div data-elementor-type=\"wp-page\" data-elementor-id=\"8372\" class=\"elementor elementor-8372 elementor-8156\" data-elementor-post-type=\"page\">\n\t\t\t\t\t\t<section class=\"elementor-section elementor-top-section elementor-element elementor-element-7841cdd elementor-section-full_width elementor-section-height-default elementor-section-height-default\" data-id=\"7841cdd\" data-element_type=\"section\" data-e-type=\"section\">\n\t\t\t\t\t\t<div class=\"elementor-container elementor-column-gap-default\">\n\t\t\t\t\t<div class=\"elementor-column elementor-col-100 elementor-top-column elementor-element elementor-element-24476c4\" data-id=\"24476c4\" data-element_type=\"column\" data-e-type=\"column\">\n\t\t\t<div class=\"elementor-widget-wrap elementor-element-populated\">\n\t\t\t\t\t\t<div class=\"elementor-element elementor-element-e075837 listado-general elementor-widget elementor-widget-shortcode\" data-id=\"e075837\" data-element_type=\"widget\" data-e-type=\"widget\" id=\"listado-general-venta\" data-widget_type=\"shortcode.default\">\n\t\t\t\t<div class=\"elementor-widget-container\">\n\t\t\t\t\t\t\t<div class=\"elementor-shortcode\">  <div class=\"n2r__list n2r__list--empty\">\n    <h3>Aucun r\u00e9sultat trouv\u00e9. Veuillez nous contacter pour que nous puissions vous aider.<\/h3>\n  <\/div>\n<\/div>\n\t\t\t\t\t\t<\/div>\n\t\t\t\t<\/div>\n\t\t\t\t\t<\/div>\n\t\t<\/div>\n\t\t\t\t\t<\/div>\n\t\t<\/section>\n\t\t\t\t<section class=\"elementor-section elementor-top-section elementor-element elementor-element-501f178 elementor-section-boxed elementor-section-height-default elementor-section-height-default\" data-id=\"501f178\" data-element_type=\"section\" data-e-type=\"section\" data-settings=\"{&quot;background_background&quot;:&quot;classic&quot;}\">\n\t\t\t\t\t\t<div class=\"elementor-container elementor-column-gap-default\">\n\t\t\t\t\t<div class=\"elementor-column elementor-col-100 elementor-top-column elementor-element elementor-element-5a49763\" data-id=\"5a49763\" data-element_type=\"column\" data-e-type=\"column\">\n\t\t\t<div class=\"elementor-widget-wrap elementor-element-populated\">\n\t\t\t\t\t\t<div class=\"elementor-element elementor-element-512984b elementor-widget elementor-widget-text-editor\" data-id=\"512984b\" data-element_type=\"widget\" data-e-type=\"widget\" data-widget_type=\"text-editor.default\">\n\t\t\t\t<div class=\"elementor-widget-container\">\n\t\t\t\t\t\t\t\t\t<p><span style=\"font-weight: 400;\">Explorez une vie de r\u00eave sur la Costa Brava avec notre s\u00e9lection exclusive d&#8217;appartements \u00e0 vendre avec vue sur la mer. La Costa Brava, situ\u00e9e sur la magnifique c\u00f4te m\u00e9diterran\u00e9enne de Catalogne, en Espagne, est connue pour son paysage marin spectaculaire et son charme c\u00f4tier in\u00e9gal\u00e9. Ici, la vie prend une nuance particuli\u00e8re, et l&#8217;achat d&#8217;un appartement avec vue sur la mer est une occasion unique de vous immerger dans cet environnement naturel et culturellement enrichissant.<\/span><\/p>\n<p><span style=\"font-weight: 400;\">Imaginez-vous vous r\u00e9veiller chaque matin avec les rayons du soleil filtrant \u00e0 travers les fen\u00eatres, illuminant une vue panoramique sur la mer M\u00e9diterran\u00e9e. Depuis votre terrasse ou balcon priv\u00e9, vous pouvez profiter de levers et de couchers de soleil dignes d&#8217;une carte<\/span><\/p>\n<p><span style=\"font-weight: 400;\">\u00a0postale, tandis que les vagues se brisent doucement sur la c\u00f4te. Cette exp\u00e9rience quotidienne devient une r\u00e9alit\u00e9 lorsque vous choisissez l&#8217;un de nos appartements \u00e0 vendre sur la Costa Brava avec vue sur la mer.<\/span><\/p>\n<p><span style=\"font-weight: 400;\">Notre large gamme de propri\u00e9t\u00e9s comprend des appartements modernes lumineux, des penthouses \u00e9l\u00e9gants avec terrasses priv\u00e9es et des villas c\u00f4ti\u00e8res de luxe. Chacun de ces appartements a \u00e9t\u00e9 soigneusement s\u00e9lectionn\u00e9 pour son emplacement privil\u00e9gi\u00e9 et ses vues impressionnantes sur la mer. Que vous recherchiez une retraite pour les vacances ou une r\u00e9sidence permanente, vous trouverez une option qui correspond \u00e0 vos besoins et \u00e0 votre style de vie.<\/span><\/p>\n<p><span style=\"font-weight: 400;\">En plus de vues imprenables, l&#8217;emplacement de la Costa Brava vous donne acc\u00e8s \u00e0 une vari\u00e9t\u00e9 de plages de sable dor\u00e9 et de criques cach\u00e9es. La brise de mer et le son relaxant des vagues deviendront la bande-son de votre vie quotidienne. De plus, la Costa Brava est connue pour sa riche tradition culinaire, que vous pourrez d\u00e9guster dans les restaurants locaux.<\/span><\/p>\n<p><span style=\"font-weight: 400;\">Si vous recherchez un investissement immobilier, la Costa Brava offre \u00e9galement des opportunit\u00e9s uniques. L&#8217;attrait touristique de la r\u00e9gion en fait une destination pris\u00e9e, ce qui signifie que votre propri\u00e9t\u00e9 pourrait g\u00e9n\u00e9rer des revenus suppl\u00e9mentaires gr\u00e2ce \u00e0 la location de vacances.<\/span><\/p>\n<p><span style=\"font-weight: 400;\">En r\u00e9sum\u00e9, les appartements \u00e0 vendre sur la Costa Brava avec vue sur la mer sont une opportunit\u00e9 en or pour vivre une vie de beaut\u00e9 naturelle et de tranquillit\u00e9 \u00e0 c\u00f4t\u00e9 de la M\u00e9diterran\u00e9e. Ne manquez pas l&#8217;occasion de transformer ce r\u00eave en r\u00e9alit\u00e9. Contactez-nous d\u00e8s aujourd&#8217;hui et laissez-nous vous aider \u00e0 trouver l&#8217;appartement parfait avec vue sur la mer sur la Costa Brava, ou si vous pr\u00e9f\u00e9rez une maison avec vue sur la mer. D\u00e9couvrez notre portefeuille \u00e0 Tamariu, Calella de Palafrugell, Llafranc, Begur, Calonge, Palam\u00f3s, Platja d&#8217;Aro, Sant Antoni de Calonge ou Sant Feliu de Gu\u00edxols, entre autres.<\/span><\/p>\n\t\t\t\t\t\t\t\t<\/div>\n\t\t\t\t<\/div>\n\t\t\t\t<div class=\"elementor-element elementor-element-3392626 elementor-widget elementor-widget-shortcode\" data-id=\"3392626\" data-element_type=\"widget\" data-e-type=\"widget\" data-widget_type=\"shortcode.default\">\n\t\t\t\t<div class=\"elementor-widget-container\">\n\t\t\t\t\t\t\t<div class=\"elementor-shortcode\"><style>.wp-show-posts-columns#wpsp-8456 {margin-left: -2em; }.wp-show-posts-columns#wpsp-8456 .wp-show-posts-inner {margin: 0 0 2em 2em; }<\/style><section id=\"wpsp-8456\" class=\" wp-show-posts-columns wp-show-posts\" style=\"\"><article class=\" wp-show-posts-single post-8382 page type-page status-publish has-post-thumbnail hentry wpsp-col-6\" itemtype=\"http:\/\/schema.org\/CreativeWork\" itemscope><div class=\"wp-show-posts-inner\" style=\"\">\t\t\t\t\t\t<header class=\"wp-show-posts-entry-header\">\n\t\t\t\t\t\t\t<h3 class=\"wp-show-posts-entry-title\" itemprop=\"headline\"><a href=\"https:\/\/www.corredormato.com\/fr\/vente-costa-brava\/appartements\/\" rel=\"bookmark\">Appartements \u00e0 vendre sur la Costa Brava<\/a><\/h3>\t\t\t\t\t\t<\/header><!-- .entry-header -->\n\t\t\t\t\t\t\t<div class=\"wp-show-posts-image  wpsp-image-center \">\n\t\t\t<a href=\"https:\/\/www.corredormato.com\/fr\/vente-costa-brava\/appartements\/\"  title=\"Appartements \u00e0 vendre sur la Costa Brava\"><img fetchpriority=\"high\" decoding=\"async\" width=\"1280\" height=\"887\" src=\"https:\/\/www.corredormato.com\/wp-content\/uploads\/2023\/10\/apartment01.jpg\" class=\"attachment-full size-full wp-post-image\" alt=\"Pisos en venda a la Costa Brava\" itemprop=\"image\" srcset=\"https:\/\/www.corredormato.com\/wp-content\/uploads\/2023\/10\/apartment01.jpg 1280w, https:\/\/www.corredormato.com\/wp-content\/uploads\/2023\/10\/apartment01-300x208.jpg 300w, https:\/\/www.corredormato.com\/wp-content\/uploads\/2023\/10\/apartment01-1024x710.jpg 1024w, https:\/\/www.corredormato.com\/wp-content\/uploads\/2023\/10\/apartment01-768x532.jpg 768w\" sizes=\"(max-width: 1280px) 100vw, 1280px\" \/><\/a>\t\t<\/div>\n\t\t<\/div><!-- wp-show-posts-inner --><\/article><article class=\" wp-show-posts-single post-8372 page type-page status-publish has-post-thumbnail hentry wpsp-col-6\" itemtype=\"http:\/\/schema.org\/CreativeWork\" itemscope><div class=\"wp-show-posts-inner\" style=\"\">\t\t\t\t\t\t<header class=\"wp-show-posts-entry-header\">\n\t\t\t\t\t\t\t<h3 class=\"wp-show-posts-entry-title\" itemprop=\"headline\"><a href=\"https:\/\/www.corredormato.com\/fr\/vente-costa-brava\/appartements\/vue-sur-la-mer\/\" rel=\"bookmark\">Appartements \u00e0 vendre sur la Costa Brava avec vue sur la mer<\/a><\/h3>\t\t\t\t\t\t<\/header><!-- .entry-header -->\n\t\t\t\t\t\t\t<div class=\"wp-show-posts-image  wpsp-image-center \">\n\t\t\t<a href=\"https:\/\/www.corredormato.com\/fr\/vente-costa-brava\/appartements\/vue-sur-la-mer\/\"  title=\"Appartements \u00e0 vendre sur la Costa Brava avec vue sur la mer\"><img decoding=\"async\" width=\"1280\" height=\"887\" src=\"https:\/\/www.corredormato.com\/wp-content\/uploads\/2023\/10\/apartment02.jpg\" class=\"attachment-full size-full wp-post-image\" alt=\"Pisos en venda a la Costa Brava amb vistes al mar\" itemprop=\"image\" srcset=\"https:\/\/www.corredormato.com\/wp-content\/uploads\/2023\/10\/apartment02.jpg 1280w, https:\/\/www.corredormato.com\/wp-content\/uploads\/2023\/10\/apartment02-300x208.jpg 300w, https:\/\/www.corredormato.com\/wp-content\/uploads\/2023\/10\/apartment02-1024x710.jpg 1024w, https:\/\/www.corredormato.com\/wp-content\/uploads\/2023\/10\/apartment02-768x532.jpg 768w\" sizes=\"(max-width: 1280px) 100vw, 1280px\" \/><\/a>\t\t<\/div>\n\t\t<\/div><!-- wp-show-posts-inner --><\/article><div class=\"wpsp-clear\"><\/div><\/section><!-- .wp-show-posts --><\/div>\n\t\t\t\t\t\t<\/div>\n\t\t\t\t<\/div>\n\t\t\t\t\t<\/div>\n\t\t<\/div>\n\t\t\t\t\t<\/div>\n\t\t<\/section>\n\t\t\t\t<\/div>\n\t\t","protected":false},"excerpt":{"rendered":"<p>Explorez une vie de r\u00eave sur la Costa Brava avec notre s\u00e9lection exclusive d&#8217;appartements \u00e0 vendre avec vue sur la mer. La Costa Brava, situ\u00e9e sur la magnifique c\u00f4te m\u00e9diterran\u00e9enne de Catalogne, en Espagne, est connue pour son paysage marin spectaculaire et son charme c\u00f4tier in\u00e9gal\u00e9. Ici, la vie prend une nuance particuli\u00e8re, et l&#8217;achat [&hellip;]<\/p>\n","protected":false},"author":4,"featured_media":8513,"parent":8382,"menu_order":0,"comment_status":"closed","ping_status":"closed","template":"","meta":{"footnotes":""},"class_list":["post-8372","page","type-page","status-publish","has-post-thumbnail","hentry"],"yoast_head":"<!-- This site is optimized with the Yoast SEO plugin v27.3 - https:\/\/yoast.com\/product\/yoast-seo-wordpress\/ -->\n<title>Corredor Mat\u00f3 Immobilier \u00b7 Appartements sur la Costa Brava \u00b7 Vues sur la mer<\/title>\n<meta name=\"description\" content=\"Vous cherchez \u00e0 profiter d\u2019une vue magnifique sur la mer de la Costa Brava et vous \u00eates d\u00e9termin\u00e9 \u00e0 acheter un appartement ? Appelez le 972 62 00 16.\" \/>\n<meta name=\"robots\" content=\"index, follow, max-snippet:-1, max-image-preview:large, max-video-preview:-1\" \/>\n<link rel=\"canonical\" href=\"https:\/\/www.corredormato.com\/fr\/vente-costa-brava\/appartements\/vue-sur-la-mer\/\" \/>\n<meta property=\"og:locale\" content=\"fr_FR\" \/>\n<meta property=\"og:type\" content=\"article\" \/>\n<meta property=\"og:title\" content=\"Corredor Mat\u00f3 Immobilier \u00b7 Appartements sur la Costa Brava \u00b7 Vues sur la mer\" \/>\n<meta property=\"og:description\" content=\"Vous cherchez \u00e0 profiter d\u2019une vue magnifique sur la mer de la Costa Brava et vous \u00eates d\u00e9termin\u00e9 \u00e0 acheter un appartement ? Appelez le 972 62 00 16.\" \/>\n<meta property=\"og:url\" content=\"https:\/\/www.corredormato.com\/fr\/vente-costa-brava\/appartements\/vue-sur-la-mer\/\" \/>\n<meta property=\"og:site_name\" content=\"Corredor Mat\u00f3 Real Estate &amp; Property Management\" \/>\n<meta property=\"article:modified_time\" content=\"2024-02-15T10:40:13+00:00\" \/>\n<meta property=\"og:image\" content=\"https:\/\/www.corredormato.com\/wp-content\/uploads\/2023\/10\/apartment02.jpg\" \/>\n\t<meta property=\"og:image:width\" content=\"1280\" \/>\n\t<meta property=\"og:image:height\" content=\"887\" \/>\n\t<meta property=\"og:image:type\" content=\"image\/jpeg\" \/>\n<meta name=\"twitter:card\" content=\"summary_large_image\" \/>\n<meta name=\"twitter:label1\" content=\"Dur\u00e9e de lecture estim\u00e9e\" \/>\n\t<meta name=\"twitter:data1\" content=\"2 minutes\" \/>\n<script type=\"application\/ld+json\" class=\"yoast-schema-graph\">{\"@context\":\"https:\\\/\\\/schema.org\",\"@graph\":[{\"@type\":\"WebPage\",\"@id\":\"https:\\\/\\\/www.corredormato.com\\\/fr\\\/vente-costa-brava\\\/appartements\\\/vue-sur-la-mer\\\/\",\"url\":\"https:\\\/\\\/www.corredormato.com\\\/fr\\\/vente-costa-brava\\\/appartements\\\/vue-sur-la-mer\\\/\",\"name\":\"Corredor Mat\u00f3 Immobilier \u00b7 Appartements sur la Costa Brava \u00b7 Vues sur la mer\",\"isPartOf\":{\"@id\":\"https:\\\/\\\/www.corredormato.com\\\/fr\\\/#website\"},\"primaryImageOfPage\":{\"@id\":\"https:\\\/\\\/www.corredormato.com\\\/fr\\\/vente-costa-brava\\\/appartements\\\/vue-sur-la-mer\\\/#primaryimage\"},\"image\":{\"@id\":\"https:\\\/\\\/www.corredormato.com\\\/fr\\\/vente-costa-brava\\\/appartements\\\/vue-sur-la-mer\\\/#primaryimage\"},\"thumbnailUrl\":\"https:\\\/\\\/www.corredormato.com\\\/wp-content\\\/uploads\\\/2023\\\/10\\\/apartment02.jpg\",\"datePublished\":\"2023-10-02T10:24:22+00:00\",\"dateModified\":\"2024-02-15T10:40:13+00:00\",\"description\":\"Vous cherchez \u00e0 profiter d\u2019une vue magnifique sur la mer de la Costa Brava et vous \u00eates d\u00e9termin\u00e9 \u00e0 acheter un appartement ? Appelez le 972 62 00 16.\",\"breadcrumb\":{\"@id\":\"https:\\\/\\\/www.corredormato.com\\\/fr\\\/vente-costa-brava\\\/appartements\\\/vue-sur-la-mer\\\/#breadcrumb\"},\"inLanguage\":\"fr-FR\",\"potentialAction\":[{\"@type\":\"ReadAction\",\"target\":[\"https:\\\/\\\/www.corredormato.com\\\/fr\\\/vente-costa-brava\\\/appartements\\\/vue-sur-la-mer\\\/\"]}]},{\"@type\":\"BreadcrumbList\",\"@id\":\"https:\\\/\\\/www.corredormato.com\\\/fr\\\/vente-costa-brava\\\/appartements\\\/vue-sur-la-mer\\\/#breadcrumb\",\"itemListElement\":[{\"@type\":\"ListItem\",\"position\":1,\"name\":\"Home\",\"item\":\"https:\\\/\\\/www.corredormato.com\\\/fr\\\/\"},{\"@type\":\"ListItem\",\"position\":2,\"name\":\"Vente Costa Brava\",\"item\":\"https:\\\/\\\/www.corredormato.com\\\/fr\\\/venda-costa-brava\\\/\"},{\"@type\":\"ListItem\",\"position\":3,\"name\":\"Appartements \u00e0 vendre sur la Costa Brava\",\"item\":\"https:\\\/\\\/www.corredormato.com\\\/fr\\\/venda-costa-brava\\\/pisos\\\/\"},{\"@type\":\"ListItem\",\"position\":4,\"name\":\"Appartements \u00e0 vendre sur la Costa Brava avec vue sur la mer\"}]},{\"@type\":\"WebSite\",\"@id\":\"https:\\\/\\\/www.corredormato.com\\\/fr\\\/#website\",\"url\":\"https:\\\/\\\/www.corredormato.com\\\/fr\\\/\",\"name\":\"Corredor Mat\u00f3 Real Estate &amp; Property Management\",\"description\":\"Real Estate &amp; Property Management\",\"publisher\":{\"@id\":\"https:\\\/\\\/www.corredormato.com\\\/fr\\\/#organization\"},\"alternateName\":\"Corredor Mat\u00f3\",\"potentialAction\":[{\"@type\":\"SearchAction\",\"target\":{\"@type\":\"EntryPoint\",\"urlTemplate\":\"https:\\\/\\\/www.corredormato.com\\\/resultats-de-cerca-lloguer\\\/?search_text={search_term_string}\"},\"query-input\":{\"@type\":\"PropertyValueSpecification\",\"valueRequired\":true,\"valueName\":\"search_term_string\"}}],\"inLanguage\":\"fr-FR\"},{\"@type\":\"Organization\",\"@id\":\"https:\\\/\\\/www.corredormato.com\\\/fr\\\/#organization\",\"name\":\"Corredor Mat\u00f3 | Real Estate & Property Management\",\"url\":\"https:\\\/\\\/www.corredormato.com\\\/fr\\\/\",\"logo\":{\"@type\":\"ImageObject\",\"inLanguage\":\"fr-FR\",\"@id\":\"https:\\\/\\\/www.corredormato.com\\\/fr\\\/#\\\/schema\\\/logo\\\/image\\\/\",\"url\":\"https:\\\/\\\/www.corredormato.com\\\/wp-content\\\/uploads\\\/2021\\\/04\\\/logo.png\",\"contentUrl\":\"https:\\\/\\\/www.corredormato.com\\\/wp-content\\\/uploads\\\/2021\\\/04\\\/logo.png\",\"width\":970,\"height\":225,\"caption\":\"Corredor Mat\u00f3 | Real Estate & Property Management\"},\"image\":{\"@id\":\"https:\\\/\\\/www.corredormato.com\\\/fr\\\/#\\\/schema\\\/logo\\\/image\\\/\"}}]}<\/script>\n<!-- \/ Yoast SEO plugin. -->","yoast_head_json":{"title":"Corredor Mat\u00f3 Immobilier \u00b7 Appartements sur la Costa Brava \u00b7 Vues sur la mer","description":"Vous cherchez \u00e0 profiter d\u2019une vue magnifique sur la mer de la Costa Brava et vous \u00eates d\u00e9termin\u00e9 \u00e0 acheter un appartement ? Appelez le 972 62 00 16.","robots":{"index":"index","follow":"follow","max-snippet":"max-snippet:-1","max-image-preview":"max-image-preview:large","max-video-preview":"max-video-preview:-1"},"canonical":"https:\/\/www.corredormato.com\/fr\/vente-costa-brava\/appartements\/vue-sur-la-mer\/","og_locale":"fr_FR","og_type":"article","og_title":"Corredor Mat\u00f3 Immobilier \u00b7 Appartements sur la Costa Brava \u00b7 Vues sur la mer","og_description":"Vous cherchez \u00e0 profiter d\u2019une vue magnifique sur la mer de la Costa Brava et vous \u00eates d\u00e9termin\u00e9 \u00e0 acheter un appartement ? Appelez le 972 62 00 16.","og_url":"https:\/\/www.corredormato.com\/fr\/vente-costa-brava\/appartements\/vue-sur-la-mer\/","og_site_name":"Corredor Mat\u00f3 Real Estate &amp; Property Management","article_modified_time":"2024-02-15T10:40:13+00:00","og_image":[{"width":1280,"height":887,"url":"https:\/\/www.corredormato.com\/wp-content\/uploads\/2023\/10\/apartment02.jpg","type":"image\/jpeg"}],"twitter_card":"summary_large_image","twitter_misc":{"Dur\u00e9e de lecture estim\u00e9e":"2 minutes"},"schema":{"@context":"https:\/\/schema.org","@graph":[{"@type":"WebPage","@id":"https:\/\/www.corredormato.com\/fr\/vente-costa-brava\/appartements\/vue-sur-la-mer\/","url":"https:\/\/www.corredormato.com\/fr\/vente-costa-brava\/appartements\/vue-sur-la-mer\/","name":"Corredor Mat\u00f3 Immobilier \u00b7 Appartements sur la Costa Brava \u00b7 Vues sur la mer","isPartOf":{"@id":"https:\/\/www.corredormato.com\/fr\/#website"},"primaryImageOfPage":{"@id":"https:\/\/www.corredormato.com\/fr\/vente-costa-brava\/appartements\/vue-sur-la-mer\/#primaryimage"},"image":{"@id":"https:\/\/www.corredormato.com\/fr\/vente-costa-brava\/appartements\/vue-sur-la-mer\/#primaryimage"},"thumbnailUrl":"https:\/\/www.corredormato.com\/wp-content\/uploads\/2023\/10\/apartment02.jpg","datePublished":"2023-10-02T10:24:22+00:00","dateModified":"2024-02-15T10:40:13+00:00","description":"Vous cherchez \u00e0 profiter d\u2019une vue magnifique sur la mer de la Costa Brava et vous \u00eates d\u00e9termin\u00e9 \u00e0 acheter un appartement ? Appelez le 972 62 00 16.","breadcrumb":{"@id":"https:\/\/www.corredormato.com\/fr\/vente-costa-brava\/appartements\/vue-sur-la-mer\/#breadcrumb"},"inLanguage":"fr-FR","potentialAction":[{"@type":"ReadAction","target":["https:\/\/www.corredormato.com\/fr\/vente-costa-brava\/appartements\/vue-sur-la-mer\/"]}]},{"@type":"BreadcrumbList","@id":"https:\/\/www.corredormato.com\/fr\/vente-costa-brava\/appartements\/vue-sur-la-mer\/#breadcrumb","itemListElement":[{"@type":"ListItem","position":1,"name":"Home","item":"https:\/\/www.corredormato.com\/fr\/"},{"@type":"ListItem","position":2,"name":"Vente Costa Brava","item":"https:\/\/www.corredormato.com\/fr\/venda-costa-brava\/"},{"@type":"ListItem","position":3,"name":"Appartements \u00e0 vendre sur la Costa Brava","item":"https:\/\/www.corredormato.com\/fr\/venda-costa-brava\/pisos\/"},{"@type":"ListItem","position":4,"name":"Appartements \u00e0 vendre sur la Costa Brava avec vue sur la mer"}]},{"@type":"WebSite","@id":"https:\/\/www.corredormato.com\/fr\/#website","url":"https:\/\/www.corredormato.com\/fr\/","name":"Corredor Mat\u00f3 Real Estate &amp; Property Management","description":"Real Estate &amp; Property Management","publisher":{"@id":"https:\/\/www.corredormato.com\/fr\/#organization"},"alternateName":"Corredor Mat\u00f3","potentialAction":[{"@type":"SearchAction","target":{"@type":"EntryPoint","urlTemplate":"https:\/\/www.corredormato.com\/resultats-de-cerca-lloguer\/?search_text={search_term_string}"},"query-input":{"@type":"PropertyValueSpecification","valueRequired":true,"valueName":"search_term_string"}}],"inLanguage":"fr-FR"},{"@type":"Organization","@id":"https:\/\/www.corredormato.com\/fr\/#organization","name":"Corredor Mat\u00f3 | Real Estate & Property Management","url":"https:\/\/www.corredormato.com\/fr\/","logo":{"@type":"ImageObject","inLanguage":"fr-FR","@id":"https:\/\/www.corredormato.com\/fr\/#\/schema\/logo\/image\/","url":"https:\/\/www.corredormato.com\/wp-content\/uploads\/2021\/04\/logo.png","contentUrl":"https:\/\/www.corredormato.com\/wp-content\/uploads\/2021\/04\/logo.png","width":970,"height":225,"caption":"Corredor Mat\u00f3 | Real Estate & Property Management"},"image":{"@id":"https:\/\/www.corredormato.com\/fr\/#\/schema\/logo\/image\/"}}]}},"_links":{"self":[{"href":"https:\/\/www.corredormato.com\/fr\/wp-json\/wp\/v2\/pages\/8372","targetHints":{"allow":["GET"]}}],"collection":[{"href":"https:\/\/www.corredormato.com\/fr\/wp-json\/wp\/v2\/pages"}],"about":[{"href":"https:\/\/www.corredormato.com\/fr\/wp-json\/wp\/v2\/types\/page"}],"author":[{"embeddable":true,"href":"https:\/\/www.corredormato.com\/fr\/wp-json\/wp\/v2\/users\/4"}],"replies":[{"embeddable":true,"href":"https:\/\/www.corredormato.com\/fr\/wp-json\/wp\/v2\/comments?post=8372"}],"version-history":[{"count":1,"href":"https:\/\/www.corredormato.com\/fr\/wp-json\/wp\/v2\/pages\/8372\/revisions"}],"predecessor-version":[{"id":13957,"href":"https:\/\/www.corredormato.com\/fr\/wp-json\/wp\/v2\/pages\/8372\/revisions\/13957"}],"up":[{"embeddable":true,"href":"https:\/\/www.corredormato.com\/fr\/wp-json\/wp\/v2\/pages\/8382"}],"wp:featuredmedia":[{"embeddable":true,"href":"https:\/\/www.corredormato.com\/fr\/wp-json\/wp\/v2\/media\/8513"}],"wp:attachment":[{"href":"https:\/\/www.corredormato.com\/fr\/wp-json\/wp\/v2\/media?parent=8372"}],"curies":[{"name":"wp","href":"https:\/\/api.w.org\/{rel}","templated":true}]}}