{"id":8618,"date":"2023-10-11T14:06:05","date_gmt":"2023-10-11T12:06:05","guid":{"rendered":"http:\/\/52.30.243.130\/vente-costa-braqva\/begur\/terrain\/"},"modified":"2023-11-02T11:06:01","modified_gmt":"2023-11-02T09:06:01","slug":"terrain","status":"publish","type":"page","link":"https:\/\/www.corredormato.com\/fr\/vente-costa-brava\/begur\/terrain\/","title":{"rendered":"Terrain \u00e0 vendre \u00e0 B\u00e9gur"},"content":{"rendered":"\t\t<div data-elementor-type=\"wp-page\" data-elementor-id=\"8618\" class=\"elementor elementor-8618 elementor-8240\" data-elementor-post-type=\"page\">\n\t\t\t\t\t\t<section class=\"elementor-section elementor-top-section elementor-element elementor-element-6042ab9 elementor-section-full_width elementor-section-height-default elementor-section-height-default\" data-id=\"6042ab9\" data-element_type=\"section\" data-e-type=\"section\">\n\t\t\t\t\t\t<div class=\"elementor-container elementor-column-gap-default\">\n\t\t\t\t\t<div class=\"elementor-column elementor-col-100 elementor-top-column elementor-element elementor-element-e819452\" data-id=\"e819452\" data-element_type=\"column\" data-e-type=\"column\">\n\t\t\t<div class=\"elementor-widget-wrap elementor-element-populated\">\n\t\t\t\t\t\t<div class=\"elementor-element elementor-element-3b39c96 listado-general elementor-widget elementor-widget-shortcode\" data-id=\"3b39c96\" data-element_type=\"widget\" data-e-type=\"widget\" id=\"listado-general-venta\" data-widget_type=\"shortcode.default\">\n\t\t\t\t<div class=\"elementor-widget-container\">\n\t\t\t\t\t\t\t<div class=\"elementor-shortcode\">  <div class=\"n2r__list n2r__list--empty\">\n    <h3>Aucun r\u00e9sultat trouv\u00e9. Veuillez nous contacter pour que nous puissions vous aider.<\/h3>\n  <\/div>\n<\/div>\n\t\t\t\t\t\t<\/div>\n\t\t\t\t<\/div>\n\t\t\t\t\t<\/div>\n\t\t<\/div>\n\t\t\t\t\t<\/div>\n\t\t<\/section>\n\t\t\t\t<section class=\"elementor-section elementor-top-section elementor-element elementor-element-c9ac096 elementor-section-boxed elementor-section-height-default elementor-section-height-default\" data-id=\"c9ac096\" data-element_type=\"section\" data-e-type=\"section\" data-settings=\"{&quot;background_background&quot;:&quot;classic&quot;}\">\n\t\t\t\t\t\t<div class=\"elementor-container elementor-column-gap-default\">\n\t\t\t\t\t<div class=\"elementor-column elementor-col-100 elementor-top-column elementor-element elementor-element-aa1ee39\" data-id=\"aa1ee39\" data-element_type=\"column\" data-e-type=\"column\">\n\t\t\t<div class=\"elementor-widget-wrap elementor-element-populated\">\n\t\t\t\t\t\t<div class=\"elementor-element elementor-element-7a1d50e elementor-widget__width-inherit elementor-widget elementor-widget-text-editor\" data-id=\"7a1d50e\" data-element_type=\"widget\" data-e-type=\"widget\" data-widget_type=\"text-editor.default\">\n\t\t\t\t<div class=\"elementor-widget-container\">\n\t\t\t\t\t\t\t\t\t<h2>Construisez vos r\u00eaves avec un terrain \u00e0 Begur de Corredor Mat\u00f3<\/h2>\n<p>Au <strong>Corredor Mat\u00f3<\/strong>, nous ouvrons les portes d&#8217;un monde de possibilit\u00e9s o\u00f9 chaque vue est un tableau et chaque brise apporte le son de la <strong>M\u00e9diterran\u00e9e<\/strong>. D\u00e9couvrez l&#8217;opportunit\u00e9 unique d&#8217;acheter un terrain \u00e0 Begur, le tr\u00e9sor cach\u00e9 de la <strong>Costa Brava<\/strong>, et commencez le voyage vers la maison de vos r\u00eaves. <strong>Begur<\/strong> n&#8217;est pas seulement une destination ; c&#8217;est un style de vie. En optant pour un terrain \u00e0 <strong>Begur<\/strong>, vous vous plongerez dans un h\u00e9ritage de nature intacte, de belles plages et d&#8217;une communaut\u00e9 dynamique. Notre s\u00e9lection exclusive de terrains \u00e0 vendre \u00e0 <strong>Begur<\/strong> est con\u00e7ue pour ceux qui recherchent non seulement un endroit o\u00f9 vivre mais un espace pour profiter. Avec <strong>Corredor Mat\u00f3<\/strong>, le processus d&#8217;achat d&#8217;un terrain \u00e0 <strong>Begur<\/strong> est un voyage personnalis\u00e9 et simple. Nous nous engageons \u00e0 comprendre vos d\u00e9sirs et vos besoins, en veillant \u00e0 ce que chaque parcelle ne soit pas seulement un achat, mais un investissement dans votre bonheur futur.<\/p>\n<p>Faites le premier pas vers un avenir plein d\u2019enthousiasme. Contactez <strong>Corredor Mat\u00f3<\/strong> d\u00e8s aujourd&#8217;hui et d\u00e9couvrez comment <strong>Begur<\/strong> peut \u00eatre la toile vierge de votre chef-d&#8217;\u0153uvre. Parce que votre maison id\u00e9ale vous attend, ici, au c\u0153ur de la <strong>Costa Brava<\/strong>.<\/p>\n<p>Si vous souhaitez acheter un terrain sur la <strong>Costa Brava<\/strong>, nous vous recommandons \u00e9galement de consid\u00e9rer <strong><a href=\"https:\/\/www.corredormato.com\/fr\/vente-costa-brava\/tamariu\/terrains\/\">Tamariu<\/a>, <a href=\"https:\/\/www.corredormato.com\/fr\/vente-costa-brava\/palafrugell\/terrains\/\">Palafrugell<\/a> <\/strong>ou<strong><a href=\"https:\/\/www.corredormato.com\/fr\/vente-costa-brava\/mont-ras\/terrains\/\"> Mont-ras<\/a>.<\/strong><\/p>\n\t\t\t\t\t\t\t\t<\/div>\n\t\t\t\t<\/div>\n\t\t\t\t\t<\/div>\n\t\t<\/div>\n\t\t\t\t\t<\/div>\n\t\t<\/section>\n\t\t\t\t<section class=\"elementor-section elementor-top-section elementor-element elementor-element-7b032f1 elementor-section-boxed elementor-section-height-default elementor-section-height-default\" data-id=\"7b032f1\" data-element_type=\"section\" data-e-type=\"section\" data-settings=\"{&quot;background_background&quot;:&quot;classic&quot;}\">\n\t\t\t\t\t\t<div class=\"elementor-container elementor-column-gap-default\">\n\t\t\t\t\t<div class=\"elementor-column elementor-col-100 elementor-top-column elementor-element elementor-element-b2b5d42\" data-id=\"b2b5d42\" data-element_type=\"column\" data-e-type=\"column\">\n\t\t\t<div class=\"elementor-widget-wrap elementor-element-populated\">\n\t\t\t\t\t\t<div class=\"elementor-element elementor-element-f586367 elementor-widget elementor-widget-shortcode\" data-id=\"f586367\" data-element_type=\"widget\" data-e-type=\"widget\" data-widget_type=\"shortcode.default\">\n\t\t\t\t<div class=\"elementor-widget-container\">\n\t\t\t\t\t\t\t<div class=\"elementor-shortcode\"><style>.wp-show-posts-columns#wpsp-8901 {margin-left: -2em; }.wp-show-posts-columns#wpsp-8901 .wp-show-posts-inner {margin: 0 0 2em 2em; }<\/style><section id=\"wpsp-8901\" class=\" wp-show-posts-columns wp-show-posts\" style=\"\"><div class=\"wpsp-no-results\" style=\"margin-left: 2em;\"><p>No s'han trobat entrades.<\/p>\n<\/div><div class=\"wpsp-clear\"><\/div><\/section><!-- .wp-show-posts --><\/div>\n\t\t\t\t\t\t<\/div>\n\t\t\t\t<\/div>\n\t\t\t\t\t<\/div>\n\t\t<\/div>\n\t\t\t\t\t<\/div>\n\t\t<\/section>\n\t\t\t\t<\/div>\n\t\t","protected":false},"excerpt":{"rendered":"<p>Construisez vos r\u00eaves avec un terrain \u00e0 Begur de Corredor Mat\u00f3 Au Corredor Mat\u00f3, nous ouvrons les portes d&#8217;un monde de possibilit\u00e9s o\u00f9 chaque vue est un tableau et chaque brise apporte le son de la M\u00e9diterran\u00e9e. D\u00e9couvrez l&#8217;opportunit\u00e9 unique d&#8217;acheter un terrain \u00e0 Begur, le tr\u00e9sor cach\u00e9 de la Costa Brava, et commencez le [&hellip;]<\/p>\n","protected":false},"author":4,"featured_media":8613,"parent":4479,"menu_order":0,"comment_status":"closed","ping_status":"closed","template":"","meta":{"footnotes":""},"class_list":["post-8618","page","type-page","status-publish","has-post-thumbnail","hentry"],"yoast_head":"<!-- This site is optimized with the Yoast SEO plugin v27.3 - https:\/\/yoast.com\/product\/yoast-seo-wordpress\/ -->\n<title>Corredor Mat\u00f3 Immobilier \u00b7 Terrain \u00e0 vendre \u00b7 Begur<\/title>\n<meta name=\"description\" content=\"Si vous souhaitez trouver le terrain id\u00e9al pour construire votre future maison, contactez Corredor Mat\u00f3 et nous r\u00e9aliserons vos r\u00eaves.\" \/>\n<meta name=\"robots\" content=\"index, follow, max-snippet:-1, max-image-preview:large, max-video-preview:-1\" \/>\n<link rel=\"canonical\" href=\"https:\/\/www.corredormato.com\/fr\/vente-costa-brava\/begur\/terrain\/\" \/>\n<meta property=\"og:locale\" content=\"fr_FR\" \/>\n<meta property=\"og:type\" content=\"article\" \/>\n<meta property=\"og:title\" content=\"Corredor Mat\u00f3 Immobilier \u00b7 Terrain \u00e0 vendre \u00b7 Begur\" \/>\n<meta property=\"og:description\" content=\"Si vous souhaitez trouver le terrain id\u00e9al pour construire votre future maison, contactez Corredor Mat\u00f3 et nous r\u00e9aliserons vos r\u00eaves.\" \/>\n<meta property=\"og:url\" content=\"https:\/\/www.corredormato.com\/fr\/vente-costa-brava\/begur\/terrain\/\" \/>\n<meta property=\"og:site_name\" content=\"Corredor Mat\u00f3 Real Estate &amp; Property Management\" \/>\n<meta property=\"article:modified_time\" content=\"2023-11-02T09:06:01+00:00\" \/>\n<meta property=\"og:image\" content=\"https:\/\/www.corredormato.com\/wp-content\/uploads\/2023\/10\/begur-1.jpg\" \/>\n\t<meta property=\"og:image:width\" content=\"1280\" \/>\n\t<meta property=\"og:image:height\" content=\"887\" \/>\n\t<meta property=\"og:image:type\" content=\"image\/jpeg\" \/>\n<meta name=\"twitter:card\" content=\"summary_large_image\" \/>\n<meta name=\"twitter:label1\" content=\"Dur\u00e9e de lecture estim\u00e9e\" \/>\n\t<meta name=\"twitter:data1\" content=\"1 minute\" \/>\n<script type=\"application\/ld+json\" class=\"yoast-schema-graph\">{\"@context\":\"https:\\\/\\\/schema.org\",\"@graph\":[{\"@type\":\"WebPage\",\"@id\":\"https:\\\/\\\/www.corredormato.com\\\/fr\\\/vente-costa-brava\\\/begur\\\/terrain\\\/\",\"url\":\"https:\\\/\\\/www.corredormato.com\\\/fr\\\/vente-costa-brava\\\/begur\\\/terrain\\\/\",\"name\":\"Corredor Mat\u00f3 Immobilier \u00b7 Terrain \u00e0 vendre \u00b7 Begur\",\"isPartOf\":{\"@id\":\"https:\\\/\\\/www.corredormato.com\\\/fr\\\/#website\"},\"primaryImageOfPage\":{\"@id\":\"https:\\\/\\\/www.corredormato.com\\\/fr\\\/vente-costa-brava\\\/begur\\\/terrain\\\/#primaryimage\"},\"image\":{\"@id\":\"https:\\\/\\\/www.corredormato.com\\\/fr\\\/vente-costa-brava\\\/begur\\\/terrain\\\/#primaryimage\"},\"thumbnailUrl\":\"https:\\\/\\\/www.corredormato.com\\\/wp-content\\\/uploads\\\/2023\\\/10\\\/begur-1.jpg\",\"datePublished\":\"2023-10-11T12:06:05+00:00\",\"dateModified\":\"2023-11-02T09:06:01+00:00\",\"description\":\"Si vous souhaitez trouver le terrain id\u00e9al pour construire votre future maison, contactez Corredor Mat\u00f3 et nous r\u00e9aliserons vos r\u00eaves.\",\"breadcrumb\":{\"@id\":\"https:\\\/\\\/www.corredormato.com\\\/fr\\\/vente-costa-brava\\\/begur\\\/terrain\\\/#breadcrumb\"},\"inLanguage\":\"fr-FR\",\"potentialAction\":[{\"@type\":\"ReadAction\",\"target\":[\"https:\\\/\\\/www.corredormato.com\\\/fr\\\/vente-costa-brava\\\/begur\\\/terrain\\\/\"]}]},{\"@type\":\"BreadcrumbList\",\"@id\":\"https:\\\/\\\/www.corredormato.com\\\/fr\\\/vente-costa-brava\\\/begur\\\/terrain\\\/#breadcrumb\",\"itemListElement\":[{\"@type\":\"ListItem\",\"position\":1,\"name\":\"Home\",\"item\":\"https:\\\/\\\/www.corredormato.com\\\/fr\\\/\"},{\"@type\":\"ListItem\",\"position\":2,\"name\":\"Vente Costa Brava\",\"item\":\"https:\\\/\\\/www.corredormato.com\\\/fr\\\/venda-costa-brava\\\/\"},{\"@type\":\"ListItem\",\"position\":3,\"name\":\"Propri\u00e9t\u00e9s \u00e0 vendre \u00e0 B\u00e9gur\",\"item\":\"https:\\\/\\\/www.corredormato.com\\\/fr\\\/venda-costa-brava\\\/begur\\\/\"},{\"@type\":\"ListItem\",\"position\":4,\"name\":\"Terrain \u00e0 vendre \u00e0 B\u00e9gur\"}]},{\"@type\":\"WebSite\",\"@id\":\"https:\\\/\\\/www.corredormato.com\\\/fr\\\/#website\",\"url\":\"https:\\\/\\\/www.corredormato.com\\\/fr\\\/\",\"name\":\"Corredor Mat\u00f3 Real Estate &amp; Property Management\",\"description\":\"Real Estate &amp; Property Management\",\"publisher\":{\"@id\":\"https:\\\/\\\/www.corredormato.com\\\/fr\\\/#organization\"},\"alternateName\":\"Corredor Mat\u00f3\",\"potentialAction\":[{\"@type\":\"SearchAction\",\"target\":{\"@type\":\"EntryPoint\",\"urlTemplate\":\"https:\\\/\\\/www.corredormato.com\\\/resultats-de-cerca-lloguer\\\/?search_text={search_term_string}\"},\"query-input\":{\"@type\":\"PropertyValueSpecification\",\"valueRequired\":true,\"valueName\":\"search_term_string\"}}],\"inLanguage\":\"fr-FR\"},{\"@type\":\"Organization\",\"@id\":\"https:\\\/\\\/www.corredormato.com\\\/fr\\\/#organization\",\"name\":\"Corredor Mat\u00f3 | Real Estate & Property Management\",\"url\":\"https:\\\/\\\/www.corredormato.com\\\/fr\\\/\",\"logo\":{\"@type\":\"ImageObject\",\"inLanguage\":\"fr-FR\",\"@id\":\"https:\\\/\\\/www.corredormato.com\\\/fr\\\/#\\\/schema\\\/logo\\\/image\\\/\",\"url\":\"https:\\\/\\\/www.corredormato.com\\\/wp-content\\\/uploads\\\/2021\\\/04\\\/logo.png\",\"contentUrl\":\"https:\\\/\\\/www.corredormato.com\\\/wp-content\\\/uploads\\\/2021\\\/04\\\/logo.png\",\"width\":970,\"height\":225,\"caption\":\"Corredor Mat\u00f3 | Real Estate & Property Management\"},\"image\":{\"@id\":\"https:\\\/\\\/www.corredormato.com\\\/fr\\\/#\\\/schema\\\/logo\\\/image\\\/\"}}]}<\/script>\n<!-- \/ Yoast SEO plugin. -->","yoast_head_json":{"title":"Corredor Mat\u00f3 Immobilier \u00b7 Terrain \u00e0 vendre \u00b7 Begur","description":"Si vous souhaitez trouver le terrain id\u00e9al pour construire votre future maison, contactez Corredor Mat\u00f3 et nous r\u00e9aliserons vos r\u00eaves.","robots":{"index":"index","follow":"follow","max-snippet":"max-snippet:-1","max-image-preview":"max-image-preview:large","max-video-preview":"max-video-preview:-1"},"canonical":"https:\/\/www.corredormato.com\/fr\/vente-costa-brava\/begur\/terrain\/","og_locale":"fr_FR","og_type":"article","og_title":"Corredor Mat\u00f3 Immobilier \u00b7 Terrain \u00e0 vendre \u00b7 Begur","og_description":"Si vous souhaitez trouver le terrain id\u00e9al pour construire votre future maison, contactez Corredor Mat\u00f3 et nous r\u00e9aliserons vos r\u00eaves.","og_url":"https:\/\/www.corredormato.com\/fr\/vente-costa-brava\/begur\/terrain\/","og_site_name":"Corredor Mat\u00f3 Real Estate &amp; Property Management","article_modified_time":"2023-11-02T09:06:01+00:00","og_image":[{"width":1280,"height":887,"url":"https:\/\/www.corredormato.com\/wp-content\/uploads\/2023\/10\/begur-1.jpg","type":"image\/jpeg"}],"twitter_card":"summary_large_image","twitter_misc":{"Dur\u00e9e de lecture estim\u00e9e":"1 minute"},"schema":{"@context":"https:\/\/schema.org","@graph":[{"@type":"WebPage","@id":"https:\/\/www.corredormato.com\/fr\/vente-costa-brava\/begur\/terrain\/","url":"https:\/\/www.corredormato.com\/fr\/vente-costa-brava\/begur\/terrain\/","name":"Corredor Mat\u00f3 Immobilier \u00b7 Terrain \u00e0 vendre \u00b7 Begur","isPartOf":{"@id":"https:\/\/www.corredormato.com\/fr\/#website"},"primaryImageOfPage":{"@id":"https:\/\/www.corredormato.com\/fr\/vente-costa-brava\/begur\/terrain\/#primaryimage"},"image":{"@id":"https:\/\/www.corredormato.com\/fr\/vente-costa-brava\/begur\/terrain\/#primaryimage"},"thumbnailUrl":"https:\/\/www.corredormato.com\/wp-content\/uploads\/2023\/10\/begur-1.jpg","datePublished":"2023-10-11T12:06:05+00:00","dateModified":"2023-11-02T09:06:01+00:00","description":"Si vous souhaitez trouver le terrain id\u00e9al pour construire votre future maison, contactez Corredor Mat\u00f3 et nous r\u00e9aliserons vos r\u00eaves.","breadcrumb":{"@id":"https:\/\/www.corredormato.com\/fr\/vente-costa-brava\/begur\/terrain\/#breadcrumb"},"inLanguage":"fr-FR","potentialAction":[{"@type":"ReadAction","target":["https:\/\/www.corredormato.com\/fr\/vente-costa-brava\/begur\/terrain\/"]}]},{"@type":"BreadcrumbList","@id":"https:\/\/www.corredormato.com\/fr\/vente-costa-brava\/begur\/terrain\/#breadcrumb","itemListElement":[{"@type":"ListItem","position":1,"name":"Home","item":"https:\/\/www.corredormato.com\/fr\/"},{"@type":"ListItem","position":2,"name":"Vente Costa Brava","item":"https:\/\/www.corredormato.com\/fr\/venda-costa-brava\/"},{"@type":"ListItem","position":3,"name":"Propri\u00e9t\u00e9s \u00e0 vendre \u00e0 B\u00e9gur","item":"https:\/\/www.corredormato.com\/fr\/venda-costa-brava\/begur\/"},{"@type":"ListItem","position":4,"name":"Terrain \u00e0 vendre \u00e0 B\u00e9gur"}]},{"@type":"WebSite","@id":"https:\/\/www.corredormato.com\/fr\/#website","url":"https:\/\/www.corredormato.com\/fr\/","name":"Corredor Mat\u00f3 Real Estate &amp; Property Management","description":"Real Estate &amp; Property Management","publisher":{"@id":"https:\/\/www.corredormato.com\/fr\/#organization"},"alternateName":"Corredor Mat\u00f3","potentialAction":[{"@type":"SearchAction","target":{"@type":"EntryPoint","urlTemplate":"https:\/\/www.corredormato.com\/resultats-de-cerca-lloguer\/?search_text={search_term_string}"},"query-input":{"@type":"PropertyValueSpecification","valueRequired":true,"valueName":"search_term_string"}}],"inLanguage":"fr-FR"},{"@type":"Organization","@id":"https:\/\/www.corredormato.com\/fr\/#organization","name":"Corredor Mat\u00f3 | Real Estate & Property Management","url":"https:\/\/www.corredormato.com\/fr\/","logo":{"@type":"ImageObject","inLanguage":"fr-FR","@id":"https:\/\/www.corredormato.com\/fr\/#\/schema\/logo\/image\/","url":"https:\/\/www.corredormato.com\/wp-content\/uploads\/2021\/04\/logo.png","contentUrl":"https:\/\/www.corredormato.com\/wp-content\/uploads\/2021\/04\/logo.png","width":970,"height":225,"caption":"Corredor Mat\u00f3 | Real Estate & Property Management"},"image":{"@id":"https:\/\/www.corredormato.com\/fr\/#\/schema\/logo\/image\/"}}]}},"_links":{"self":[{"href":"https:\/\/www.corredormato.com\/fr\/wp-json\/wp\/v2\/pages\/8618","targetHints":{"allow":["GET"]}}],"collection":[{"href":"https:\/\/www.corredormato.com\/fr\/wp-json\/wp\/v2\/pages"}],"about":[{"href":"https:\/\/www.corredormato.com\/fr\/wp-json\/wp\/v2\/types\/page"}],"author":[{"embeddable":true,"href":"https:\/\/www.corredormato.com\/fr\/wp-json\/wp\/v2\/users\/4"}],"replies":[{"embeddable":true,"href":"https:\/\/www.corredormato.com\/fr\/wp-json\/wp\/v2\/comments?post=8618"}],"version-history":[{"count":0,"href":"https:\/\/www.corredormato.com\/fr\/wp-json\/wp\/v2\/pages\/8618\/revisions"}],"up":[{"embeddable":true,"href":"https:\/\/www.corredormato.com\/fr\/wp-json\/wp\/v2\/pages\/4479"}],"wp:featuredmedia":[{"embeddable":true,"href":"https:\/\/www.corredormato.com\/fr\/wp-json\/wp\/v2\/media\/8613"}],"wp:attachment":[{"href":"https:\/\/www.corredormato.com\/fr\/wp-json\/wp\/v2\/media?parent=8618"}],"curies":[{"name":"wp","href":"https:\/\/api.w.org\/{rel}","templated":true}]}}